{"id":11479,"date":"2025-02-18T20:55:59","date_gmt":"2025-02-18T20:55:59","guid":{"rendered":"https:\/\/www.dr-mfo.com\/?page_id=11479"},"modified":"2026-04-25T12:33:44","modified_gmt":"2026-04-25T11:33:44","slug":"genioplastik","status":"publish","type":"page","link":"https:\/\/www.dr-mfo.com\/de\/genioplasty-surgery\/","title":{"rendered":"Genioplastik-Chirurgie"},"content":{"rendered":"<div data-elementor-type=\"wp-page\" data-elementor-id=\"11479\" class=\"elementor elementor-11479\">\n\t\t\t\t\t\t<section class=\"elementor-section elementor-top-section elementor-element elementor-element-1287b03d elementor-section-boxed elementor-section-height-default elementor-section-height-default\" data-id=\"1287b03d\" data-element_type=\"section\" data-e-type=\"section\">\n\t\t\t\t\t\t<div class=\"elementor-container elementor-column-gap-default\">\n\t\t\t\t\t<div class=\"elementor-column elementor-col-100 elementor-top-column elementor-element elementor-element-36d3520c\" data-id=\"36d3520c\" data-element_type=\"column\" data-e-type=\"column\">\n\t\t\t<div class=\"elementor-widget-wrap elementor-element-populated\">\n\t\t\t\t\t\t<div class=\"elementor-element elementor-element-14cd5977 elementor-widget elementor-widget-text-editor\" data-id=\"14cd5977\" data-element_type=\"widget\" data-e-type=\"widget\" data-widget_type=\"text-editor.default\">\n\t\t\t\t\t\t\t\t\t\n<p>Genioplastik, auch bekannt als <a href=\"https:\/\/www.dr-mfo.com\/de\/kinnverkleinerung\/\" data-type=\"page\" data-id=\"6412\">kinn <\/a>Eine Genioplastik ist ein spezieller chirurgischer Eingriff, der das Kinn neu formt oder positioniert. Ob zur \u00e4sthetischen Verbesserung oder zur Korrektur struktureller Anomalien, die Genioplastik spielt eine entscheidende Rolle f\u00fcr die Harmonie und Balance des Gesichts. In diesem Artikel werden wir die medizinischen und chirurgischen Aspekte der Genioplastik, ihre Vorteile, den Genesungsprozess und die Gr\u00fcnde daf\u00fcr untersuchen, warum sie f\u00fcr Sie die richtige Wahl sein k\u00f6nnte.<\/p>\n\n<h2 class=\"wp-block-heading\"><strong>Genioplastik verstehen: Die Grundlagen<\/strong><\/h2>\n\n<p>Bei der Genioplastik handelt es sich um einen chirurgischen Eingriff, bei dem die Gr\u00f6\u00dfe, Form oder Projektion des Kinns ver\u00e4ndert wird. Im Gegensatz zu nicht-chirurgischen Optionen wie Hautf\u00fcllern erzielt die Genioplastik dauerhafte Ergebnisse, indem sie die darunterliegende Knochenstruktur behandelt. Dieses Verfahren wird h\u00e4ufig f\u00fcr Personen empfohlen, die Folgendes erleben:<\/p>\n\n<ul class=\"wp-block-list\">\n<li><strong>Fliehendes Kinn:<\/strong> Ein schwaches oder unterentwickeltes Kinn kann die Gesichtsproportionen aus dem Gleichgewicht bringen.<\/li>\n\n<li><strong>Vorspringendes Kinn:<\/strong> Ein zu ausgepr\u00e4gtes Kinn kann die Gesichtssymmetrie beeintr\u00e4chtigen.<\/li>\n\n<li><strong>Asymmetrie:<\/strong> Ungleichm\u00e4\u00dfigkeit des Kinns aufgrund angeborener Erkrankungen oder eines Traumas.<\/li>\n\n<li><strong>Funktionale Probleme:<\/strong> Atembeschwerden oder Kieferfehlstellung aufgrund einer falschen Kinnposition.<\/li>\n<\/ul>\n<div class=\"wp-block-image\">\n<figure class=\"aligncenter size-full\"><img fetchpriority=\"high\" decoding=\"async\" width=\"1920\" height=\"813\" class=\"wp-image-11481\" src=\"https:\/\/www.dr-mfo.com\/wp-content\/uploads\/2025\/02\/image.png\" alt=\"Genioplastik-Chirurgie\" srcset=\"https:\/\/www.dr-mfo.com\/wp-content\/uploads\/2025\/02\/image.png 1920w, https:\/\/www.dr-mfo.com\/wp-content\/uploads\/2025\/02\/image-300x127.png 300w, https:\/\/www.dr-mfo.com\/wp-content\/uploads\/2025\/02\/image-1024x434.png 1024w, https:\/\/www.dr-mfo.com\/wp-content\/uploads\/2025\/02\/image-768x325.png 768w, https:\/\/www.dr-mfo.com\/wp-content\/uploads\/2025\/02\/image-1536x650.png 1536w, https:\/\/www.dr-mfo.com\/wp-content\/uploads\/2025\/02\/image-18x8.png 18w\" sizes=\"(max-width: 1920px) 100vw, 1920px\" \/><\/figure>\n<\/div>\n<h2 class=\"wp-block-heading\"><strong>Medizinische Vorteile der Genioplastik<\/strong> Operation<\/h2>\n\n<p>Aus medizinischer Sicht geht es bei einer Genioplastik nicht nur um \u00c4sthetik; sie kann die Lebensqualit\u00e4t erheblich verbessern. Hier sind einige wichtige Vorteile:<\/p>\n\n<ol class=\"wp-block-list\">\n<li><strong>Verbesserte Jaw-Funktionalit\u00e4t:<\/strong> Durch die Korrektur von Fehlstellungen kann eine Genioplastik Probleme wie Kiefergelenksbeschwerden und Kauschwierigkeiten lindern.<\/li>\n\n<li><strong>Verbesserte Atmung:<\/strong> Strukturelle Korrekturen k\u00f6nnen die Atemwege \u00f6ffnen, die Symptome der Schlafapnoe verringern und die allgemeine Gesundheit der Atemwege verbessern.<\/li>\n\n<li><strong>Korrekturchirurgie bei Traumata:<\/strong> Patienten mit Gesichtsverletzungen k\u00f6nnen von einer Genioplastik profitieren, um ihr nat\u00fcrliches Aussehen und ihre Funktionalit\u00e4t wiederherzustellen.<\/li>\n\n<li><strong>Korrektur angeborener Erkrankungen:<\/strong> Zust\u00e4nde wie Mikrogenie (kleines Kinn) oder Makrogenie (gro\u00dfes Kinn) k\u00f6nnen durch diesen Eingriff wirksam behandelt werden.<\/li>\n<\/ol>\n\n<h2 class=\"wp-block-heading\"><strong>Chirurgische Techniken bei der Genioplastik<\/strong> Operation<\/h2>\n\n<p>Der Erfolg einer Kinnkorrektur h\u00e4ngt ma\u00dfgeblich von der auf die individuellen Bed\u00fcrfnisse des Patienten abgestimmten Operationsmethode ab. Im Folgenden werden die g\u00e4ngigsten Techniken aufgef\u00fchrt, die von erfahrenen Chirurgen angewendet werden:<\/p>\n\n<h4 class=\"wp-block-heading\">1. <strong>Gleitende Genioplastik<\/strong><\/h4>\n\n<ul class=\"wp-block-list\">\n<li>Dies ist die am h\u00e4ufigsten angewandte Technik, bei der die <a href=\"https:\/\/www.dr-mfo.com\/de\/\">der Chirurg<\/a> macht einen Einschnitt im Mund, um an den Kinnknochen zu gelangen. Der Knochen wird dann durchtrennt und je nach gew\u00fcnschtem Ergebnis entweder nach vorne, hinten, oben oder unten neu positioniert.<\/li>\n\n<li><strong>Vorteile:<\/strong> Minimale Narbenbildung, pr\u00e4zise Anpassungen und langanhaltende Ergebnisse.<\/li>\n<\/ul>\n\n<h4 class=\"wp-block-heading\">2. <strong>Platzierung des Kinnimplantats<\/strong><\/h4>\n\n<ul class=\"wp-block-list\">\n<li>Bei Patienten, die eine Augmentation ohne umfangreiche Knochenmanipulation w\u00fcnschen, k\u00f6nnen Silikon- oder biokompatible Implantate eingesetzt werden, um die Kinnprojektion zu verbessern.<\/li>\n\n<li><strong>Vorteile:<\/strong> K\u00fcrzere Operationszeit und schnellere Genesung im Vergleich zur gleitenden Genioplastik.<\/li>\n<\/ul>\n\n<h4 class=\"wp-block-heading\">3. <strong>Reduktionsgenioplastik<\/strong><\/h4>\n\n<ul class=\"wp-block-list\">\n<li>Bei einem zu gro\u00dfen oder vorstehenden Kinn wird \u00fcbersch\u00fcssiger Knochen vorsichtig entfernt, um ein ausgewogeneres Profil zu erreichen.<\/li>\n\n<li><strong>Vorteile:<\/strong> Stellt die Gesichtsharmonie wieder her und steigert das Selbstvertrauen.<\/li>\n<\/ul>\n\n<h4 class=\"wp-block-heading\">4. <strong>Kombinationsverfahren<\/strong><\/h4>\n\n<ul class=\"wp-block-list\">\n<li>Die Genioplastik wird oft mit anderen Gesichtsoperationen kombiniert, wie zum Beispiel <a href=\"https:\/\/www.dr-mfo.com\/de\/nose-job-rhinoplasty\/\">Nasenkorrektur<\/a> (Nasenkorrektur) oder Kieferchirurgie (Kieferkorrektur), um eine umfassende Gesichtsverj\u00fcngung zu erreichen.<\/li>\n<\/ul>\n\n<h2 class=\"wp-block-heading\"><strong>Wer ist ein guter Kandidat f\u00fcr eine Genioplastik?<\/strong><\/h2>\n\n<p>Nicht jeder ist ein idealer Kandidat f\u00fcr eine Kinnoperation. Um in Frage zu kommen, sollten die Personen die folgenden Kriterien erf\u00fcllen:<\/p>\n\n<ul class=\"wp-block-list\">\n<li>Seien Sie in einem guten allgemeinen Gesundheitszustand und haben Sie keine unkontrollierten Erkrankungen.<\/li>\n\n<li>Haben Sie realistische Erwartungen hinsichtlich der Ergebnisse der Operation.<\/li>\n\n<li>Leiden Sie unter funktionellen oder \u00e4sthetischen Problemen mit dem Kinn?<\/li>\n\n<li>Sie m\u00fcssen Nichtraucher sein oder bereit sein, vor und nach dem Eingriff mit dem Rauchen aufzuh\u00f6ren.<\/li>\n<\/ul>\n\n<p>Eine gr\u00fcndliche Beratung durch einen staatlich gepr\u00fcften plastischen Chirurgen oder Mund-, Kiefer- und Gesichtschirurgen ist unerl\u00e4sslich, um die Eignung der Behandlung festzustellen und individuelle Behandlungspl\u00e4ne zu besprechen.<\/p>\n\n<h2 class=\"wp-block-heading\"><strong>Das Genioplastik-Verfahren: Was Sie erwartet<\/strong><\/h2>\n\n<h4 class=\"wp-block-heading\"><strong>Vorbereitung vor der Operation<\/strong><\/h4>\n\n<p>Vor der Kinnkorrektur werden die Patienten einer Reihe von Untersuchungen unterzogen, darunter R\u00f6ntgenaufnahmen, CT-Scans und 3D-Bildgebung, um die Anatomie des Kinns zu beurteilen. Ihr Chirurg wird Ihnen detaillierte Anweisungen zu Medikamenten, Fastenanforderungen und pr\u00e4operativer Pflege geben.<\/p>\n\n<h4 class=\"wp-block-heading\"><strong>W\u00e4hrend der Operation<\/strong><\/h4>\n\n<p>Eine Genioplastik wird normalerweise unter Vollnarkose durchgef\u00fchrt und dauert je nach Komplexit\u00e4t des Falles etwa 1-3 Stunden. Der Chirurg formt oder positioniert den Kinnknochen sorgf\u00e4ltig neu und sorgt dabei f\u00fcr minimale Auswirkungen auf das umliegende Gewebe.<\/p>\n\n<h4 class=\"wp-block-heading\"><strong>Erholung nach der Operation<\/strong><\/h4>\n\n<p>Die Genesung nach einer Genioplastik ist unterschiedlich, umfasst aber im Allgemeinen:<\/p>\n\n<ul class=\"wp-block-list\">\n<li>Schwellungen und Bluterg\u00fcsse im Kinn- und unteren Gesichtsbereich, die innerhalb von 1\u20132 Wochen abklingen.<\/li>\n\n<li>Vor\u00fcbergehende Ern\u00e4hrungseinschr\u00e4nkungen, um eine ordnungsgem\u00e4\u00dfe Heilung zu erm\u00f6glichen.<\/li>\n\n<li>Nachsorgetermine zur \u00dcberwachung des Fortschritts und ggf. Entfernung der N\u00e4hte.<\/li>\n\n<li>Vollst\u00e4ndige Genesung und endg\u00fcltige Ergebnisse innerhalb von 3\u20136 Monaten sichtbar.<\/li>\n<\/ul>\n\n<h2 class=\"wp-block-heading\"><strong>Risiken und \u00dcberlegungen<\/strong><\/h2>\n\n<p>Wie bei jedem chirurgischen Eingriff sind auch bei der Genioplastik Risiken wie Infektionen, Blutungen, Nervensch\u00e4den oder Unzufriedenheit mit dem kosmetischen Ergebnis m\u00f6glich. Diese Komplikationen sind jedoch selten, wenn die Operation von einem erfahrenen und qualifizierten Fachmann durchgef\u00fchrt wird.<\/p>\n\n<h2 class=\"wp-block-heading\"><strong>Warum sollte man eine Genioplastik nicht-chirurgischen Optionen vorziehen?<\/strong><\/h2>\n\n<p>W\u00e4hrend injizierbare F\u00fcllstoffe eine vor\u00fcbergehende L\u00f6sung f\u00fcr eine Kinnvergr\u00f6\u00dferung darstellen, fehlt ihnen die Dauerhaftigkeit und Pr\u00e4zision einer chirurgischen Kinnplastik. F\u00fcr Personen, die transformierende und dauerhafte Ergebnisse suchen, bleibt die Kinnplastik der Goldstandard.<\/p>\n\n<h2 class=\"wp-block-heading\"><strong>Fazit: Gesichtsharmonie durch Genioplastik erreichen<\/strong><\/h2>\n\n<p>Eine Genioplastik ist mehr als nur ein kosmetischer Eingriff \u2013 sie ist eine lebensver\u00e4ndernde L\u00f6sung f\u00fcr Menschen, die mit Gesichtsungleichgewichten oder funktionellen Problemen zu k\u00e4mpfen haben. Durch die enge Zusammenarbeit mit einem vertrauensw\u00fcrdigen medizinischen Fachmann k\u00f6nnen Sie ein harmonisches Gesichtsprofil erreichen, das Ihr Selbstvertrauen st\u00e4rkt und Ihre Lebensqualit\u00e4t verbessert.<\/p>\n\n<p>Wenn Sie \u00fcberlegen <a href=\"https:\/\/en.wikipedia.org\/wiki\/Chin_augmentation\" data-type=\"link\" data-id=\"https:\/\/en.wikipedia.org\/wiki\/Chin_augmentation\" rel=\"nofollow noopener\" target=\"_blank\">Genioplastik<\/a>, Machen Sie noch heute den ersten Schritt und vereinbaren Sie einen Beratungstermin mit einem renommierten Chirurgen. Entdecken Sie, wie Ihnen diese fortschrittliche Operationstechnik helfen kann, Ihr volles Potenzial auszusch\u00f6pfen!<\/p>\n\n<p>\u00a0<\/p>\n\t\t\t\t\t\t\t\t<\/div>\n\t\t\t\t\t<\/div>\n\t\t<\/div>\n\t\t\t\t\t<\/div>\n\t\t<\/section>\n\t\t\t\t<\/div>","protected":false},"excerpt":{"rendered":"<p>Genioplasty surgery, also known as chin surgery, is a specialized surgical procedure designed to reshape or reposition the chin. Whether performed for aesthetic enhancement or to correct structural abnormalities, genioplasty plays a pivotal role in facial harmony and balance. In this article, we will explore the medical and surgical aspects of genioplasty, its benefits, recovery [&hellip;]<\/p>\n","protected":false},"author":2,"featured_media":10879,"parent":0,"menu_order":0,"comment_status":"closed","ping_status":"closed","template":"","meta":{"_acf_changed":false,"footnotes":""},"class_list":["post-11479","page","type-page","status-publish","has-post-thumbnail","hentry"],"acf":[],"_links":{"self":[{"href":"https:\/\/www.dr-mfo.com\/de\/wp-json\/wp\/v2\/pages\/11479","targetHints":{"allow":["GET"]}}],"collection":[{"href":"https:\/\/www.dr-mfo.com\/de\/wp-json\/wp\/v2\/pages"}],"about":[{"href":"https:\/\/www.dr-mfo.com\/de\/wp-json\/wp\/v2\/types\/page"}],"author":[{"embeddable":true,"href":"https:\/\/www.dr-mfo.com\/de\/wp-json\/wp\/v2\/users\/2"}],"replies":[{"embeddable":true,"href":"https:\/\/www.dr-mfo.com\/de\/wp-json\/wp\/v2\/comments?post=11479"}],"version-history":[{"count":1,"href":"https:\/\/www.dr-mfo.com\/de\/wp-json\/wp\/v2\/pages\/11479\/revisions"}],"predecessor-version":[{"id":27726,"href":"https:\/\/www.dr-mfo.com\/de\/wp-json\/wp\/v2\/pages\/11479\/revisions\/27726"}],"wp:featuredmedia":[{"embeddable":true,"href":"https:\/\/www.dr-mfo.com\/de\/wp-json\/wp\/v2\/media\/10879"}],"wp:attachment":[{"href":"https:\/\/www.dr-mfo.com\/de\/wp-json\/wp\/v2\/media?parent=11479"}],"curies":[{"name":"wp","href":"https:\/\/api.w.org\/{rel}","templated":true}]}}