{"id":2461,"date":"2022-04-05T01:43:22","date_gmt":"2022-04-05T00:43:22","guid":{"rendered":"https:\/\/www.dr-mfo.com\/?page_id=2461"},"modified":"2026-02-22T11:23:36","modified_gmt":"2026-02-22T11:23:36","slug":"nachbehandlung","status":"publish","type":"page","link":"https:\/\/www.dr-mfo.com\/de\/aftercare\/","title":{"rendered":"Nachbehandlung"},"content":{"rendered":"<div data-elementor-type=\"wp-page\" data-elementor-id=\"2461\" class=\"elementor elementor-2461\">\n\t\t\t\t\t\t<section class=\"elementor-section elementor-top-section elementor-element elementor-element-833c330 elementor-section-boxed elementor-section-height-default elementor-section-height-default\" data-id=\"833c330\" data-element_type=\"section\" data-e-type=\"section\">\n\t\t\t\t\t\t<div class=\"elementor-container elementor-column-gap-default\">\n\t\t\t\t\t<div class=\"elementor-column elementor-col-100 elementor-top-column elementor-element elementor-element-babe9f8\" data-id=\"babe9f8\" data-element_type=\"column\" data-e-type=\"column\">\n\t\t\t<div class=\"elementor-widget-wrap elementor-element-populated\">\n\t\t\t\t\t\t<div class=\"elementor-element elementor-element-669d42b elementor-widget-divider--view-line elementor-widget elementor-widget-divider\" data-id=\"669d42b\" data-element_type=\"widget\" data-e-type=\"widget\" data-widget_type=\"divider.default\">\n\t\t\t\t\t\t\t<div class=\"elementor-divider\">\n\t\t\t<span class=\"elementor-divider-separator\">\n\t\t\t\t\t\t<\/span>\n\t\t<\/div>\n\t\t\t\t\t\t<\/div>\n\t\t\t\t<div class=\"elementor-element elementor-element-690e1b6 elementor-widget-divider--view-line elementor-widget elementor-widget-divider\" data-id=\"690e1b6\" data-element_type=\"widget\" data-e-type=\"widget\" data-widget_type=\"divider.default\">\n\t\t\t\t\t\t\t<div class=\"elementor-divider\">\n\t\t\t<span class=\"elementor-divider-separator\">\n\t\t\t\t\t\t<\/span>\n\t\t<\/div>\n\t\t\t\t\t\t<\/div>\n\t\t\t\t<div class=\"elementor-element elementor-element-0ab6860 elementor-widget-divider--view-line elementor-widget elementor-widget-divider\" data-id=\"0ab6860\" data-element_type=\"widget\" data-e-type=\"widget\" data-widget_type=\"divider.default\">\n\t\t\t\t\t\t\t<div class=\"elementor-divider\">\n\t\t\t<span class=\"elementor-divider-separator\">\n\t\t\t\t\t\t<\/span>\n\t\t<\/div>\n\t\t\t\t\t\t<\/div>\n\t\t\t\t<div class=\"elementor-element elementor-element-ae50e39 elementor-widget-divider--view-line elementor-widget elementor-widget-divider\" data-id=\"ae50e39\" data-element_type=\"widget\" data-e-type=\"widget\" data-widget_type=\"divider.default\">\n\t\t\t\t\t\t\t<div class=\"elementor-divider\">\n\t\t\t<span class=\"elementor-divider-separator\">\n\t\t\t\t\t\t<\/span>\n\t\t<\/div>\n\t\t\t\t\t\t<\/div>\n\t\t\t\t<div class=\"elementor-element elementor-element-cf330ed elementor-widget elementor-widget-image\" data-id=\"cf330ed\" data-element_type=\"widget\" data-e-type=\"widget\" data-widget_type=\"image.default\">\n\t\t\t\t\t\t\t\t\t\t\t\t\t\t\t<img decoding=\"async\" src=\"https:\/\/www.dr-mfo.com\/wp-content\/uploads\/elementor\/thumbs\/instagram-bg-0.1-qd1ltdqop8xzrttyz2jaxyrebdnu9z0s1hvf03vpk6.jpg\" title=\"instagram-bg-0.1\" alt=\"Eine Frau liegt und l\u00e4sst sich an der Stirn einer kosmetischen oder dermatologischen Behandlung unterziehen, die von einer Fachkraft mit Handschuhen und unter Verwendung eines speziellen Handger\u00e4ts durchgef\u00fchrt wird.\" loading=\"lazy\" \/>\t\t\t\t\t\t\t\t\t\t\t\t\t\t\t<\/div>\n\t\t\t\t<div class=\"elementor-element elementor-element-bdeeb9b elementor-widget-divider--view-line elementor-widget elementor-widget-divider\" data-id=\"bdeeb9b\" data-element_type=\"widget\" data-e-type=\"widget\" data-widget_type=\"divider.default\">\n\t\t\t\t\t\t\t<div class=\"elementor-divider\">\n\t\t\t<span class=\"elementor-divider-separator\">\n\t\t\t\t\t\t<\/span>\n\t\t<\/div>\n\t\t\t\t\t\t<\/div>\n\t\t\t\t<div class=\"elementor-element elementor-element-abb40fb elementor-widget elementor-widget-heading\" data-id=\"abb40fb\" data-element_type=\"widget\" data-e-type=\"widget\" data-widget_type=\"heading.default\">\n\t\t\t\t\t<h2 class=\"elementor-heading-title elementor-size-xl\">Nachbehandlung<\/h2>\t\t\t\t<\/div>\n\t\t\t\t<div class=\"elementor-element elementor-element-114dda0 elementor-widget elementor-widget-text-editor\" data-id=\"114dda0\" data-element_type=\"widget\" data-e-type=\"widget\" data-widget_type=\"text-editor.default\">\n\t\t\t\t\t\t\t\t\t<p><span style=\"color: #000000;\">Wir sind uns bewusst, dass die Geschichte jedes Patienten einzigartig ist und aus drei Kapiteln besteht.<\/span><\/p><ol><li><span style=\"color: #000000;\">Vorsorgephase, Vorbereitung auf die Operation.<\/span><\/li><li><span style=\"color: #000000;\">Nachsorgezeit, Betreuung nach Operationen.<\/span><\/li><li><span style=\"color: #000000;\">Nachsorgezeit, in der die Patienten beruhigt in ihren L\u00e4ndern ankamen.<\/span><\/li><\/ol>\t\t\t\t\t\t\t\t<\/div>\n\t\t\t\t<div class=\"elementor-element elementor-element-bab0e40 elementor-widget elementor-widget-heading\" data-id=\"bab0e40\" data-element_type=\"widget\" data-e-type=\"widget\" data-widget_type=\"heading.default\">\n\t\t\t\t\t<h2 class=\"elementor-heading-title elementor-size-large\">Die ersten 24 Stunden<\/h2>\t\t\t\t<\/div>\n\t\t\t\t<div class=\"elementor-element elementor-element-427af60 elementor-widget elementor-widget-text-editor\" data-id=\"427af60\" data-element_type=\"widget\" data-e-type=\"widget\" data-widget_type=\"text-editor.default\">\n\t\t\t\t\t\t\t\t\t<p><span style=\"color: #000000;\">Durch die Bereitstellung pers\u00f6nlicher Krankenschwestern w\u00e4hrend des Krankenhausaufenthalts des Patienten streben wir maximalen Komfort an und l\u00f6sen die Sprachbarriere mit dem \u00f6rtlichen Personal des Krankenhauses, wenn es am dringendsten ben\u00f6tigt wird. In ein paar Stunden k\u00f6nnten Sie anfangen zu f\u00fcttern, sich anzuziehen und zu gehen.<\/span><\/p><p><span style=\"color: #000000;\">Wir k\u00fcmmern uns pers\u00f6nlich um die ersten Schritte des Patienten. Als erfahrene Gesundheitsdienstleister erz\u00e4hlen wir den Patienten jeden Schritt, den sie erleben werden, einen nach dem anderen und beseitigen den Unsicherheitsfaktor. Menschen haben Angst vor Dingen, die sie nicht kennen.<\/span><\/p><p><span style=\"color: #000000;\">Eine Nacht Krankenhausaufenthalt kann meistens ausreichen, aber die kombinierten Operationen. In den meisten F\u00e4llen werden die Patienten nach dem OP-Tag aus dem Krankenhaus entlassen. Am Entlassungstag <a href=\"https:\/\/www.dr-mfo.com\/de\/who-is-drmfo\/\">Dr.MFO<\/a> Gespr\u00e4che mit dem Patienten, um zu sehen, ob der Patient gut genug ist, um entlassen zu werden. Wir bleiben mit dem Patienten in Kontakt, stellen den Patienten verschriebene Medikamente zur Verf\u00fcgung und warten auf den ersten Konsultationstag, der meistens der 3. Tag der Operation ist. Wir bieten die letzte Konsultation gem\u00e4\u00df den Flugdaten der Patienten an und schicken sie beruhigt in ihre L\u00e4nder.<\/span><\/p><p><span style=\"color: #000000;\">Vor der Externalisierung legen der Arzt und sein professionelles Team den ersten Verband an und tauschen Informationen \u00fcber die ersten Ergebnisse aus.<\/span><\/p><p><span style=\"color: #000000;\"><span style=\"word-spacing: 6.4px;\">Der Bodentransfer bringt Sie in Begleitung eines Begleitteams zu Ihrem Hotelzimmer.<\/span><\/span><\/p><p><span style=\"color: #000000;\"><span style=\"word-spacing: 6.4px;\">Weltber\u00fchmte Museumshotels oder aufregende Boutique-Hotels sollen Ihnen helfen, Ihr neues Ich kennenzulernen und Ihre lebensver\u00e4ndernde Operation mit exklusiver Ruhe zu entdecken.<\/span><\/span><\/p>\t\t\t\t\t\t\t\t<\/div>\n\t\t\t\t<div class=\"elementor-element elementor-element-aabed63 elementor-widget elementor-widget-heading\" data-id=\"aabed63\" data-element_type=\"widget\" data-e-type=\"widget\" data-widget_type=\"heading.default\">\n\t\t\t\t\t<h2 class=\"elementor-heading-title elementor-size-large\">Nachbehandlung<\/h2>\t\t\t\t<\/div>\n\t\t\t\t<div class=\"elementor-element elementor-element-3348cb3 elementor-widget elementor-widget-text-editor\" data-id=\"3348cb3\" data-element_type=\"widget\" data-e-type=\"widget\" data-widget_type=\"text-editor.default\">\n\t\t\t\t\t\t\t\t\t<p><span style=\"color: #000000;\">Nach den Operationen gibt es seelische und k\u00f6rperliche Seiten, die die Patienten wie erwartet durchmachen. Die meisten Patienten erleben diese Situation zum ersten Mal in ihrem Leben, aber wir nicht und wir wissen, was zu tun ist.<\/span><\/p><p><span style=\"color: #000000;\">Wenn die Patienten in ihren L\u00e4ndern ankommen, bieten wir regelm\u00e4\u00dfig Videokonferenzen an, um zu sehen, wie die Genesung verl\u00e4uft, und ihnen das Gef\u00fchl zu geben, dass sie auf ihrer Reise nicht allein sind. <\/span><span style=\"color: #000000;\">In diesem Schritt der Genesung sind die Patienten empfindlich gegen\u00fcber den Kommentaren der Menschen um sie herum. <\/span><\/p><p><span style=\"color: #000000;\">Bei manchen Eingriffen wie Fettabsaugung oder Bruststraffung\/Brustvergr\u00f6\u00dferung wird ein Korsett oder Sport-BH ben\u00f6tigt. Bitte tragen Sie diese nicht ab, bevor Sie die Meinung Ihres Arztes eingeholt haben. <\/span><\/p><p><span style=\"color: #000000;\">Der aktive oder passive Kontakt mit Zigaretten und \u00e4hnlichen Tabakprodukten vor und nach der Operation reduziert den Sauerstoffgehalt im Gewebe und ebnet den Weg f\u00fcr Infektionen. Aus diesem Grund ist eine durchschnittliche Abwesenheit von einem Monat vor und nach der Operation erforderlich.<\/span><\/p>\t\t\t\t\t\t\t\t<\/div>\n\t\t\t\t<div class=\"elementor-element elementor-element-4521adb elementor-widget elementor-widget-image\" data-id=\"4521adb\" data-element_type=\"widget\" data-e-type=\"widget\" data-widget_type=\"image.default\">\n\t\t\t\t\t\t\t\t\t\t\t\t\t\t\t<img fetchpriority=\"high\" decoding=\"async\" width=\"825\" height=\"510\" src=\"https:\/\/www.dr-mfo.com\/wp-content\/uploads\/2022\/04\/ldm.jpeg\" class=\"attachment-full size-full wp-image-2543\" alt=\"Eine Person liegt auf dem Bauch, die H\u00e4nde unter dem Kopf, und zeigt ihren nackten R\u00fccken.\" srcset=\"https:\/\/www.dr-mfo.com\/wp-content\/uploads\/2022\/04\/ldm.jpeg 825w, https:\/\/www.dr-mfo.com\/wp-content\/uploads\/2022\/04\/ldm-300x185.jpeg 300w, https:\/\/www.dr-mfo.com\/wp-content\/uploads\/2022\/04\/ldm-768x475.jpeg 768w\" sizes=\"(max-width: 825px) 100vw, 825px\" \/>\t\t\t\t\t\t\t\t\t\t\t\t\t\t\t<\/div>\n\t\t\t\t\t<\/div>\n\t\t<\/div>\n\t\t\t\t\t<\/div>\n\t\t<\/section>\n\t\t\t\t<\/div>","protected":false},"excerpt":{"rendered":"<p>Aftercare We are well aware that every patient&#8217;s story is unique and there are three chapters. Precare period, preparation for surgery. Postcare period, care after surgery. Aftercare period, when the patients arrived in their countries with minds at peace. First 24 hours By providing personal nurses during the patient&#8217;s hospitalizations we aim for maximum comfort [&hellip;]<\/p>\n","protected":false},"author":2,"featured_media":0,"parent":0,"menu_order":0,"comment_status":"closed","ping_status":"closed","template":"","meta":{"_acf_changed":false,"footnotes":""},"class_list":["post-2461","page","type-page","status-publish","hentry"],"acf":[],"_links":{"self":[{"href":"https:\/\/www.dr-mfo.com\/de\/wp-json\/wp\/v2\/pages\/2461","targetHints":{"allow":["GET"]}}],"collection":[{"href":"https:\/\/www.dr-mfo.com\/de\/wp-json\/wp\/v2\/pages"}],"about":[{"href":"https:\/\/www.dr-mfo.com\/de\/wp-json\/wp\/v2\/types\/page"}],"author":[{"embeddable":true,"href":"https:\/\/www.dr-mfo.com\/de\/wp-json\/wp\/v2\/users\/2"}],"replies":[{"embeddable":true,"href":"https:\/\/www.dr-mfo.com\/de\/wp-json\/wp\/v2\/comments?post=2461"}],"version-history":[{"count":0,"href":"https:\/\/www.dr-mfo.com\/de\/wp-json\/wp\/v2\/pages\/2461\/revisions"}],"wp:attachment":[{"href":"https:\/\/www.dr-mfo.com\/de\/wp-json\/wp\/v2\/media?parent=2461"}],"curies":[{"name":"wp","href":"https:\/\/api.w.org\/{rel}","templated":true}]}}