{"id":2462,"date":"2022-04-05T01:43:52","date_gmt":"2022-04-05T00:43:52","guid":{"rendered":"https:\/\/www.dr-mfo.com\/?page_id=2462"},"modified":"2026-02-22T11:22:36","modified_gmt":"2026-02-22T11:22:36","slug":"nanofett-injektion-fetttransplantation","status":"publish","type":"page","link":"https:\/\/www.dr-mfo.com\/de\/nanofat-injection-fat-grafting\/","title":{"rendered":"Nanofett-Injektion"},"content":{"rendered":"<div data-elementor-type=\"wp-page\" data-elementor-id=\"2462\" class=\"elementor elementor-2462\">\n\t\t\t\t\t\t<section class=\"elementor-section elementor-top-section elementor-element elementor-element-ee1e1dd elementor-section-boxed elementor-section-height-default elementor-section-height-default\" data-id=\"ee1e1dd\" data-element_type=\"section\" data-e-type=\"section\">\n\t\t\t\t\t\t<div class=\"elementor-container elementor-column-gap-default\">\n\t\t\t\t\t<div class=\"elementor-column elementor-col-100 elementor-top-column elementor-element elementor-element-910f865\" data-id=\"910f865\" data-element_type=\"column\" data-e-type=\"column\">\n\t\t\t<div class=\"elementor-widget-wrap elementor-element-populated\">\n\t\t\t\t\t\t<div class=\"elementor-element elementor-element-b696c0e elementor-widget-divider--view-line elementor-widget elementor-widget-divider\" data-id=\"b696c0e\" data-element_type=\"widget\" data-e-type=\"widget\" data-widget_type=\"divider.default\">\n\t\t\t\t\t\t\t<div class=\"elementor-divider\">\n\t\t\t<span class=\"elementor-divider-separator\">\n\t\t\t\t\t\t<\/span>\n\t\t<\/div>\n\t\t\t\t\t\t<\/div>\n\t\t\t\t<div class=\"elementor-element elementor-element-c2917bc elementor-widget-divider--view-line elementor-widget elementor-widget-divider\" data-id=\"c2917bc\" data-element_type=\"widget\" data-e-type=\"widget\" data-widget_type=\"divider.default\">\n\t\t\t\t\t\t\t<div class=\"elementor-divider\">\n\t\t\t<span class=\"elementor-divider-separator\">\n\t\t\t\t\t\t<\/span>\n\t\t<\/div>\n\t\t\t\t\t\t<\/div>\n\t\t\t\t<div class=\"elementor-element elementor-element-c8e6d37 elementor-widget-divider--view-line elementor-widget elementor-widget-divider\" data-id=\"c8e6d37\" data-element_type=\"widget\" data-e-type=\"widget\" data-widget_type=\"divider.default\">\n\t\t\t\t\t\t\t<div class=\"elementor-divider\">\n\t\t\t<span class=\"elementor-divider-separator\">\n\t\t\t\t\t\t<\/span>\n\t\t<\/div>\n\t\t\t\t\t\t<\/div>\n\t\t\t\t<div class=\"elementor-element elementor-element-dcc865a elementor-widget-divider--view-line elementor-widget elementor-widget-divider\" data-id=\"dcc865a\" data-element_type=\"widget\" data-e-type=\"widget\" data-widget_type=\"divider.default\">\n\t\t\t\t\t\t\t<div class=\"elementor-divider\">\n\t\t\t<span class=\"elementor-divider-separator\">\n\t\t\t\t\t\t<\/span>\n\t\t<\/div>\n\t\t\t\t\t\t<\/div>\n\t\t\t\t<div class=\"elementor-element elementor-element-9392570 elementor-widget elementor-widget-image\" data-id=\"9392570\" data-element_type=\"widget\" data-e-type=\"widget\" data-widget_type=\"image.default\">\n\t\t\t\t\t\t\t\t\t\t\t\t\t\t\t<img decoding=\"async\" src=\"https:\/\/www.dr-mfo.com\/wp-content\/uploads\/elementor\/thumbs\/model-qd1ltfmd2x0kf1r8o3ck2yabi5ekpd88pr6dynsx7q.png\" title=\"Facelifting\" alt=\"Gesichtsmodell\" loading=\"lazy\" \/>\t\t\t\t\t\t\t\t\t\t\t\t\t\t\t<\/div>\n\t\t\t\t<div class=\"elementor-element elementor-element-212436d elementor-widget-divider--view-line elementor-widget elementor-widget-divider\" data-id=\"212436d\" data-element_type=\"widget\" data-e-type=\"widget\" data-widget_type=\"divider.default\">\n\t\t\t\t\t\t\t<div class=\"elementor-divider\">\n\t\t\t<span class=\"elementor-divider-separator\">\n\t\t\t\t\t\t<\/span>\n\t\t<\/div>\n\t\t\t\t\t\t<\/div>\n\t\t\t\t<div class=\"elementor-element elementor-element-8354566 elementor-widget elementor-widget-heading\" data-id=\"8354566\" data-element_type=\"widget\" data-e-type=\"widget\" data-widget_type=\"heading.default\">\n\t\t\t\t\t<h2 class=\"elementor-heading-title elementor-size-xl\">Nanofett-Injektion (NFI)<\/h2>\t\t\t\t<\/div>\n\t\t\t\t<div class=\"elementor-element elementor-element-631d5f8 elementor-widget elementor-widget-text-editor\" data-id=\"631d5f8\" data-element_type=\"widget\" data-e-type=\"widget\" data-widget_type=\"text-editor.default\">\n\t\t\t\t\t\t\t\t\t<p><span style=\"color: #000000;\">Das Gebiet der regenerativen plastischen Chirurgie entwickelt sich von Tag zu Tag weiter. Der Begriff Stamm ist im Grunde der allgemeine Name der Vorl\u00e4ufer, die das Potenzial haben, einen Teil eines Gewebes oder den ganzen K\u00f6rper zu regenerieren. Seine Verwendung in der \u00e4sthetischen oder kosmetischen Chirurgie umfasst alle diese \u00dcbertragungen, die eine Regeneration des verwendeten Gewebes bewirken k\u00f6nnen.<\/span><\/p><p><span style=\"color: #000000;\">In den letzten Jahren haben sich Fettinjektionen, insbesondere durch die Entdeckung einer hohen Dichte an Vorl\u00e4uferzellen im Fettgewebe und die Entwicklung moderner Fettabsaugungstechniken, zu den h\u00e4ufigsten Eingriffen in der \u00e4sthetischen Chirurgie entwickelt, entweder allein oder in Kombination mit anderen kosmetischen Verfahren.<\/span><\/p><p><span style=\"color: #000000;\">Aufgrund der Verj\u00fcngungs- und Regenerationswirkung der Zellen ist es in Bereichen wie Hautverj\u00fcngung, Gesichts-Hals-Verj\u00fcngung, Behandlung von Narben\/Brandwunden\/Flecken, Haarwachstum, Behandlung von Striae und Hand\u00e4sthetik sehr gefragt.<\/span><\/p><p><span style=\"color: #000000;\">Die h\u00e4ufigste Anwendung sind aus Fettgewebe gewonnene Stammzellen (ADSCs), deren Wirksamkeit in den letzten Jahren besser verstanden wurde. Diese Zellen werden dem Patienten durch Fettabsaugung entnommen, mit verschiedenen Methoden gereinigt und auf die Bereiche aufgetragen, in denen eine Verj\u00fcngung und Versch\u00f6nerung gew\u00fcnscht ist.<\/span><\/p><p><span style=\"color: #000000;\">Nanofat ist heute die leistungsst\u00e4rkste Methode zur Gewinnung und Anwendung von ADSCs in Bezug auf die Kosteneffizienz. Daher hat es ein gro\u00dfes Anwendungsgebiet in der \u00e4sthetisch-plastischen Chirurgie. Die Wirksamkeit wird mit zunehmender Reinigung und der Anzahl der Sitzungen zunehmen. Eine Entlassung und R\u00fcckkehr ins gesellschaftliche Leben ist am selben Tag nach dem Eingriff m\u00f6glich. Dank regelm\u00e4\u00dfiger Schmerzmittel ist es ein schmerzloser Eingriff. Die deutliche Wirkung w\u00fcrde in zwischen 3-6 Monaten gesehen werden.<\/span><\/p>\t\t\t\t\t\t\t\t<\/div>\n\t\t\t\t<div class=\"elementor-element elementor-element-397ce5b elementor-widget elementor-widget-heading\" data-id=\"397ce5b\" data-element_type=\"widget\" data-e-type=\"widget\" data-widget_type=\"heading.default\">\n\t\t\t\t\t<h2 class=\"elementor-heading-title elementor-size-large\">Wann und wo?<\/h2>\t\t\t\t<\/div>\n\t\t\t\t<div class=\"elementor-element elementor-element-67ee7a7 elementor-widget elementor-widget-text-editor\" data-id=\"67ee7a7\" data-element_type=\"widget\" data-e-type=\"widget\" data-widget_type=\"text-editor.default\">\n\t\t\t\t\t\t\t\t\t<p><span style=\"color: #000000;\">Zellen werden verwendet, um die Auswirkungen von Sonnensch\u00e4den und Alterung, die sich im Laufe der Jahre entwickelt haben, insbesondere in sonnenexponierten Bereichen, umzukehren. Beliebte Anwendungsbereiche sind daher Hand- und Fu\u00dfr\u00fccken, Gesicht, Hals und Dekollet\u00e9.<\/span><\/p><ul><li><span style=\"color: #000000;\">Hautverj\u00fcngung<\/span><\/li><li><span style=\"color: #000000;\">Erh\u00f6hung der Hauthelligkeit<\/span><\/li><li><span style=\"color: #000000;\">Fleckenentfernung<\/span><\/li><li><span style=\"color: #000000;\">Farbausgleich<\/span><\/li><li><span style=\"color: #000000;\">Prellungen unter den Augen<\/span><\/li><li><span style=\"color: #000000;\">Korrektur von Konturdeformit\u00e4ten<\/span><\/li><li><span style=\"color: #000000;\">Haarverdickung und Follikelzahl steigend<\/span><\/li><li><span style=\"color: #000000;\">Narbenregeneration und -entfernung<\/span><\/li><li><span style=\"color: #000000;\">Hand\u00e4sthetik<\/span><\/li><\/ul>\t\t\t\t\t\t\t\t<\/div>\n\t\t\t\t<div class=\"elementor-element elementor-element-0234e8b elementor-widget elementor-widget-heading\" data-id=\"0234e8b\" data-element_type=\"widget\" data-e-type=\"widget\" data-widget_type=\"heading.default\">\n\t\t\t\t\t<h2 class=\"elementor-heading-title elementor-size-large\">Begleitende Verfahren<\/h2>\t\t\t\t<\/div>\n\t\t\t\t<div class=\"elementor-element elementor-element-47fc129 elementor-widget elementor-widget-text-editor\" data-id=\"47fc129\" data-element_type=\"widget\" data-e-type=\"widget\" data-widget_type=\"text-editor.default\">\n\t\t\t\t\t\t\t\t\t<p><span style=\"color: #000000;\">Das bei der Nanofett-Anwendung gewonnene Fettgewebe kann auch zum Auff\u00fcllen des gesamten Gesichtsbereichs, insbesondere der Wangen, Schl\u00e4fen und Lippen, sowie anderer ben\u00f6tigter K\u00f6rperteile wie des Ges\u00e4\u00dfes verwendet werden (<a href=\"https:\/\/www.dr-mfo.com\/de\/brazilian-butt-bbl\/\">BBL<\/a>) und Brust, um an Volumen zu gewinnen. Gleichzeitig kann das zu gewinnende Fettgewebe aus den Bereichen entnommen werden, die eine Fettabsaugung ben\u00f6tigen, wie z. B. Wange, Arm, Bein und Innenseite des Knies, Bauch, Taille und R\u00fccken, und in diesen Bereichen k\u00f6nnen die gew\u00fcnschten K\u00f6rperlinien erzielt werden.<\/span><\/p><p><span style=\"color: #000000;\">W\u00e4hrend Sie Ihr \u00fcbersch\u00fcssiges Fett loswerden, denken Sie daran, dass sie in Bereichen verwendet werden, die Volumen ben\u00f6tigen, wie Wangen, Lippen, Ges\u00e4\u00df, Br\u00fcste. Genau zwei Fliegen mit einer Klappe! Dank der Tatsache, dass das Fettgewebe sogar viermal mehr Zellen enth\u00e4lt als das Knochenmark, steht es zudem an der Spitze der am h\u00e4ufigsten bevorzugten Anwendungen im Bereich der Hautverj\u00fcngung. Die Anwendung von Nanofat f\u00fchrt zu einer erheblichen Verbesserung der Hautqualit\u00e4t und -helligkeit und kann ernsthafte Verbesserungen f\u00fcr Narben und Hautflecken bewirken.<\/span><\/p>\t\t\t\t\t\t\t\t<\/div>\n\t\t\t\t\t<\/div>\n\t\t<\/div>\n\t\t\t\t\t<\/div>\n\t\t<\/section>\n\t\t\t\t<\/div>","protected":false},"excerpt":{"rendered":"<p>Nanofat Injection (NFI) The field of regenerative plastic surgery is improving day by day. The concept of stem is basically the general name of the precursors that have the potential to regenerate a part of a tissue or the whole body. Its use in aesthetic or cosmetic surgery covers all of these transfers that may [&hellip;]<\/p>\n","protected":false},"author":2,"featured_media":0,"parent":0,"menu_order":0,"comment_status":"closed","ping_status":"closed","template":"","meta":{"_acf_changed":false,"footnotes":""},"class_list":["post-2462","page","type-page","status-publish","hentry"],"acf":[],"_links":{"self":[{"href":"https:\/\/www.dr-mfo.com\/de\/wp-json\/wp\/v2\/pages\/2462","targetHints":{"allow":["GET"]}}],"collection":[{"href":"https:\/\/www.dr-mfo.com\/de\/wp-json\/wp\/v2\/pages"}],"about":[{"href":"https:\/\/www.dr-mfo.com\/de\/wp-json\/wp\/v2\/types\/page"}],"author":[{"embeddable":true,"href":"https:\/\/www.dr-mfo.com\/de\/wp-json\/wp\/v2\/users\/2"}],"replies":[{"embeddable":true,"href":"https:\/\/www.dr-mfo.com\/de\/wp-json\/wp\/v2\/comments?post=2462"}],"version-history":[{"count":0,"href":"https:\/\/www.dr-mfo.com\/de\/wp-json\/wp\/v2\/pages\/2462\/revisions"}],"wp:attachment":[{"href":"https:\/\/www.dr-mfo.com\/de\/wp-json\/wp\/v2\/media?parent=2462"}],"curies":[{"name":"wp","href":"https:\/\/api.w.org\/{rel}","templated":true}]}}