{"id":2631,"date":"2022-04-10T18:07:41","date_gmt":"2022-04-10T17:07:41","guid":{"rendered":"https:\/\/www.dr-mfo.com\/?page_id=2631"},"modified":"2026-02-28T17:51:04","modified_gmt":"2026-02-28T17:51:04","slug":"was-wir-tun","status":"publish","type":"page","link":"https:\/\/www.dr-mfo.com\/de\/what-we-do\/","title":{"rendered":"Was wir tun?"},"content":{"rendered":"<div data-elementor-type=\"wp-page\" data-elementor-id=\"2631\" class=\"elementor elementor-2631\">\n\t\t\t\t\t\t<section class=\"elementor-section elementor-top-section elementor-element elementor-element-e4fc6b2 elementor-section-boxed elementor-section-height-default elementor-section-height-default\" data-id=\"e4fc6b2\" data-element_type=\"section\" data-e-type=\"section\">\n\t\t\t\t\t\t<div class=\"elementor-container elementor-column-gap-default\">\n\t\t\t\t\t<div class=\"elementor-column elementor-col-100 elementor-top-column elementor-element elementor-element-3992bf7\" data-id=\"3992bf7\" data-element_type=\"column\" data-e-type=\"column\">\n\t\t\t<div class=\"elementor-widget-wrap elementor-element-populated\">\n\t\t\t\t\t\t<div class=\"elementor-element elementor-element-3cd674c elementor-widget-divider--view-line elementor-widget elementor-widget-divider\" data-id=\"3cd674c\" data-element_type=\"widget\" data-e-type=\"widget\" data-widget_type=\"divider.default\">\n\t\t\t\t\t\t\t<div class=\"elementor-divider\">\n\t\t\t<span class=\"elementor-divider-separator\">\n\t\t\t\t\t\t<\/span>\n\t\t<\/div>\n\t\t\t\t\t\t<\/div>\n\t\t\t\t<div class=\"elementor-element elementor-element-ec2aed6 elementor-widget-divider--view-line elementor-widget elementor-widget-divider\" data-id=\"ec2aed6\" data-element_type=\"widget\" data-e-type=\"widget\" data-widget_type=\"divider.default\">\n\t\t\t\t\t\t\t<div class=\"elementor-divider\">\n\t\t\t<span class=\"elementor-divider-separator\">\n\t\t\t\t\t\t<\/span>\n\t\t<\/div>\n\t\t\t\t\t\t<\/div>\n\t\t\t\t<div class=\"elementor-element elementor-element-6023876 elementor-widget-divider--view-line elementor-widget elementor-widget-divider\" data-id=\"6023876\" data-element_type=\"widget\" data-e-type=\"widget\" data-widget_type=\"divider.default\">\n\t\t\t\t\t\t\t<div class=\"elementor-divider\">\n\t\t\t<span class=\"elementor-divider-separator\">\n\t\t\t\t\t\t<\/span>\n\t\t<\/div>\n\t\t\t\t\t\t<\/div>\n\t\t\t\t<div class=\"elementor-element elementor-element-e3cc304 elementor-widget elementor-widget-heading\" data-id=\"e3cc304\" data-element_type=\"widget\" data-e-type=\"widget\" data-widget_type=\"heading.default\">\n\t\t\t\t\t<h2 class=\"elementor-heading-title elementor-size-xl\">Was wir tun?<\/h2>\t\t\t\t<\/div>\n\t\t\t\t<div class=\"elementor-element elementor-element-9ef70a1 elementor-widget-divider--view-line elementor-widget elementor-widget-divider\" data-id=\"9ef70a1\" data-element_type=\"widget\" data-e-type=\"widget\" data-widget_type=\"divider.default\">\n\t\t\t\t\t\t\t<div class=\"elementor-divider\">\n\t\t\t<span class=\"elementor-divider-separator\">\n\t\t\t\t\t\t<\/span>\n\t\t<\/div>\n\t\t\t\t\t\t<\/div>\n\t\t\t\t\t<\/div>\n\t\t<\/div>\n\t\t\t\t\t<\/div>\n\t\t<\/section>\n\t\t\t\t<section class=\"elementor-section elementor-top-section elementor-element elementor-element-adbb50a elementor-section-boxed elementor-section-height-default elementor-section-height-default\" data-id=\"adbb50a\" data-element_type=\"section\" data-e-type=\"section\">\n\t\t\t\t\t\t<div class=\"elementor-container elementor-column-gap-default\">\n\t\t\t\t\t<div class=\"elementor-column elementor-col-50 elementor-top-column elementor-element elementor-element-cf03c7c\" data-id=\"cf03c7c\" data-element_type=\"column\" data-e-type=\"column\">\n\t\t\t<div class=\"elementor-widget-wrap elementor-element-populated\">\n\t\t\t\t\t\t<div class=\"elementor-element elementor-element-7fa2634 elementor-widget elementor-widget-heading\" data-id=\"7fa2634\" data-element_type=\"widget\" data-e-type=\"widget\" data-widget_type=\"heading.default\">\n\t\t\t\t\t<h2 class=\"elementor-heading-title elementor-size-large\">Dr. MFO-Klinik<\/h2>\t\t\t\t<\/div>\n\t\t\t\t<div class=\"elementor-element elementor-element-a07c5dd elementor-widget elementor-widget-text-editor\" data-id=\"a07c5dd\" data-element_type=\"widget\" data-e-type=\"widget\" data-widget_type=\"text-editor.default\">\n\t\t\t\t\t\t\t\t\t<p style=\"text-align: center;\"><span style=\"color: #000000;\">Unsere Klinik, gegr\u00fcndet von <a href=\"https:\/\/www.dr-mfo.com\/de\/who-is-drmfo\/\">Dr.MFO<\/a> und wurde vom Gesundheitsministerium der Republik zum Internationalen Zentrum f\u00fcr Gesundheitstourismus ernannt. <a href=\"https:\/\/www.dr-mfo.com\/de\/hidden-paradise-antalya-and-touristic-feautures\/\">T\u00fcrkei<\/a>, hei\u00dft G\u00e4ste aus aller Welt willkommen, insbesondere aus mittel- und nordeurop\u00e4ischen L\u00e4ndern.\u00a0<\/span><\/p><p style=\"text-align: center;\"><span style=\"color: #000000;\">W\u00e4hrend der 13-j\u00e4hrigen Berufserfahrung von Dr. MFO hatten wir die Gelegenheit, Patienten aus 70 verschiedenen L\u00e4ndern an verschiedenen Standorten wie Neuseeland, Kanada und Singapur zu begr\u00fc\u00dfen.<\/span><\/p>\t\t\t\t\t\t\t\t<\/div>\n\t\t\t\t<div class=\"elementor-element elementor-element-4c5fe16 elementor-widget-divider--view-line elementor-widget elementor-widget-divider\" data-id=\"4c5fe16\" data-element_type=\"widget\" data-e-type=\"widget\" data-widget_type=\"divider.default\">\n\t\t\t\t\t\t\t<div class=\"elementor-divider\">\n\t\t\t<span class=\"elementor-divider-separator\">\n\t\t\t\t\t\t<\/span>\n\t\t<\/div>\n\t\t\t\t\t\t<\/div>\n\t\t\t\t<div class=\"elementor-element elementor-element-fe41206 elementor-widget elementor-widget-image\" data-id=\"fe41206\" data-element_type=\"widget\" data-e-type=\"widget\" data-widget_type=\"image.default\">\n\t\t\t\t\t\t\t\t\t\t\t\t\t\t\t<img decoding=\"async\" src=\"https:\/\/www.dr-mfo.com\/wp-content\/uploads\/elementor\/thumbs\/new-clinic-1-rjtq8rj51bmixbd3ha9fsz20w8rh777qt6z2jdp6hy.jpeg\" title=\"neue Klinik (1)\" alt=\"Ein professionell und stilvoll eingerichteter B\u00fcroraum mit einem gro\u00dfen Holzschreibtisch, Ledersesseln, einer Untersuchungsliege, einem kunstvollen Kronleuchter und verschiedenen Dekorationsgegenst\u00e4nden an W\u00e4nden und Regalen.\" loading=\"lazy\" \/>\t\t\t\t\t\t\t\t\t\t\t\t\t\t\t<\/div>\n\t\t\t\t<div class=\"elementor-element elementor-element-a0ecdd9 elementor-widget-divider--view-line elementor-widget elementor-widget-divider\" data-id=\"a0ecdd9\" data-element_type=\"widget\" data-e-type=\"widget\" data-widget_type=\"divider.default\">\n\t\t\t\t\t\t\t<div class=\"elementor-divider\">\n\t\t\t<span class=\"elementor-divider-separator\">\n\t\t\t\t\t\t<\/span>\n\t\t<\/div>\n\t\t\t\t\t\t<\/div>\n\t\t\t\t\t<\/div>\n\t\t<\/div>\n\t\t\t\t<div class=\"elementor-column elementor-col-50 elementor-top-column elementor-element elementor-element-38f29b4\" data-id=\"38f29b4\" data-element_type=\"column\" data-e-type=\"column\">\n\t\t\t<div class=\"elementor-widget-wrap elementor-element-populated\">\n\t\t\t\t\t\t<div class=\"elementor-element elementor-element-ea3ffdb elementor-widget-divider--view-line elementor-widget elementor-widget-divider\" data-id=\"ea3ffdb\" data-element_type=\"widget\" data-e-type=\"widget\" data-widget_type=\"divider.default\">\n\t\t\t\t\t\t\t<div class=\"elementor-divider\">\n\t\t\t<span class=\"elementor-divider-separator\">\n\t\t\t\t\t\t<\/span>\n\t\t<\/div>\n\t\t\t\t\t\t<\/div>\n\t\t\t\t<div class=\"elementor-element elementor-element-f56dc8b elementor-widget elementor-widget-image\" data-id=\"f56dc8b\" data-element_type=\"widget\" data-e-type=\"widget\" data-widget_type=\"image.default\">\n\t\t\t\t\t\t\t\t\t\t\t\t\t\t\t<img decoding=\"async\" src=\"https:\/\/www.dr-mfo.com\/wp-content\/uploads\/elementor\/thumbs\/new-clinic-6-rjtq96kk2o7432r91grgwv9eeepcmcvg79eu7t2vqe.jpeg\" title=\"neue Klinik (6)\" alt=\"Ein modernes und gem\u00fctliches Wartezimmer in einer Klinik mit Chesterfield-Ledersofas, einem rustikalen Couchtisch aus Holz, einer roten Akzentwand und einem gro\u00dfen Fenster mit viel Tageslicht.\" loading=\"lazy\" \/>\t\t\t\t\t\t\t\t\t\t\t\t\t\t\t<\/div>\n\t\t\t\t<div class=\"elementor-element elementor-element-e2a22eb elementor-widget-divider--view-line elementor-widget elementor-widget-divider\" data-id=\"e2a22eb\" data-element_type=\"widget\" data-e-type=\"widget\" data-widget_type=\"divider.default\">\n\t\t\t\t\t\t\t<div class=\"elementor-divider\">\n\t\t\t<span class=\"elementor-divider-separator\">\n\t\t\t\t\t\t<\/span>\n\t\t<\/div>\n\t\t\t\t\t\t<\/div>\n\t\t\t\t<div class=\"elementor-element elementor-element-60df7b6 elementor-widget elementor-widget-text-editor\" data-id=\"60df7b6\" data-element_type=\"widget\" data-e-type=\"widget\" data-widget_type=\"text-editor.default\">\n\t\t\t\t\t\t\t\t\t<p style=\"text-align: center;\"><span style=\"color: #000000;\">Dank unserer wertvollen Patientinnen, die wir in unserer Klinik begr\u00fc\u00dfen durften, w\u00e4chst die MFO Angels Gesellschaft weltweit. Sie schenkt ihren G\u00e4sten weiterhin ein strahlendes L\u00e4cheln dank der geschickten H\u00e4nde unserer Chirurgen und der beeindruckenden Ergebnisse in den Bereichen Feminisierung, \u00e4sthetische Chirurgie und plastische Chirurgie.<\/span><\/p><p style=\"text-align: center;\"><span style=\"color: #000000;\">Unser klinisches Expertenteam, bestehend aus Krankenschwestern, Physiotherapeuten, Reiseleitern und Dolmetschern mit Erfahrung auf dem Gebiet der \u00e4sthetischen und plastischen Chirurgie, begleitete unsere Patienten sowohl im Gesundheits- als auch im Tourismusbereich. Wir sind begeistert, das Gl\u00fcck und die Freude zu sehen, die die Patienten mit der Stadt und der Gesundheit erleben.<\/span><\/p>\t\t\t\t\t\t\t\t<\/div>\n\t\t\t\t\t<\/div>\n\t\t<\/div>\n\t\t\t\t\t<\/div>\n\t\t<\/section>\n\t\t\t\t<section class=\"elementor-section elementor-top-section elementor-element elementor-element-722bcf5 elementor-section-boxed elementor-section-height-default elementor-section-height-default\" data-id=\"722bcf5\" data-element_type=\"section\" data-e-type=\"section\">\n\t\t\t\t\t\t<div class=\"elementor-container elementor-column-gap-default\">\n\t\t\t\t\t<div class=\"elementor-column elementor-col-100 elementor-top-column elementor-element elementor-element-2685c2c\" data-id=\"2685c2c\" data-element_type=\"column\" data-e-type=\"column\">\n\t\t\t<div class=\"elementor-widget-wrap elementor-element-populated\">\n\t\t\t\t\t\t<div class=\"elementor-element elementor-element-9b8e989 elementor-widget elementor-widget-image\" data-id=\"9b8e989\" data-element_type=\"widget\" data-e-type=\"widget\" data-widget_type=\"image.default\">\n\t\t\t\t\t\t\t\t\t\t\t\t\t\t\t<img decoding=\"async\" src=\"https:\/\/www.dr-mfo.com\/wp-content\/uploads\/elementor\/thumbs\/new-clinic-8-rjtq98g8gc9oqaoiqhkq1usbl6g31r2wvipt6d03dy.jpeg\" title=\"FFS\" alt=\"Gesichtsfeminisierungschirurgie\" loading=\"lazy\" \/>\t\t\t\t\t\t\t\t\t\t\t\t\t\t\t<\/div>\n\t\t\t\t<div class=\"elementor-element elementor-element-e34e1ae elementor-widget elementor-widget-heading\" data-id=\"e34e1ae\" data-element_type=\"widget\" data-e-type=\"widget\" data-widget_type=\"heading.default\">\n\t\t\t\t\t<h2 class=\"elementor-heading-title elementor-size-large\">Dr. MFO-Klinik<\/h2>\t\t\t\t<\/div>\n\t\t\t\t\t<\/div>\n\t\t<\/div>\n\t\t\t\t\t<\/div>\n\t\t<\/section>\n\t\t\t\t<section class=\"elementor-section elementor-top-section elementor-element elementor-element-c7a42fe elementor-section-boxed elementor-section-height-default elementor-section-height-default\" data-id=\"c7a42fe\" data-element_type=\"section\" data-e-type=\"section\">\n\t\t\t\t\t\t<div class=\"elementor-container elementor-column-gap-default\">\n\t\t\t\t\t<div class=\"elementor-column elementor-col-100 elementor-top-column elementor-element elementor-element-dbd1873\" data-id=\"dbd1873\" data-element_type=\"column\" data-e-type=\"column\">\n\t\t\t<div class=\"elementor-widget-wrap\">\n\t\t\t\t\t\t\t<\/div>\n\t\t<\/div>\n\t\t\t\t\t<\/div>\n\t\t<\/section>\n\t\t\t\t<\/div>","protected":false},"excerpt":{"rendered":"<p>What we do? Dr. MFO Clinic Our clinic, established by Dr. MFO and designated as the International Health Tourism Center by the Ministry of Health of the Republic of T\u00fcrkiye, welcomes guests from all over the world, especially from Central and Northern European countries.\u00a0 During Dr. MFO&#8217;s 13 years of experience, we had the chance [&hellip;]<\/p>\n","protected":false},"author":2,"featured_media":0,"parent":0,"menu_order":0,"comment_status":"closed","ping_status":"closed","template":"","meta":{"_acf_changed":false,"footnotes":""},"class_list":["post-2631","page","type-page","status-publish","hentry"],"acf":[],"_links":{"self":[{"href":"https:\/\/www.dr-mfo.com\/de\/wp-json\/wp\/v2\/pages\/2631","targetHints":{"allow":["GET"]}}],"collection":[{"href":"https:\/\/www.dr-mfo.com\/de\/wp-json\/wp\/v2\/pages"}],"about":[{"href":"https:\/\/www.dr-mfo.com\/de\/wp-json\/wp\/v2\/types\/page"}],"author":[{"embeddable":true,"href":"https:\/\/www.dr-mfo.com\/de\/wp-json\/wp\/v2\/users\/2"}],"replies":[{"embeddable":true,"href":"https:\/\/www.dr-mfo.com\/de\/wp-json\/wp\/v2\/comments?post=2631"}],"version-history":[{"count":15,"href":"https:\/\/www.dr-mfo.com\/de\/wp-json\/wp\/v2\/pages\/2631\/revisions"}],"predecessor-version":[{"id":25870,"href":"https:\/\/www.dr-mfo.com\/de\/wp-json\/wp\/v2\/pages\/2631\/revisions\/25870"}],"wp:attachment":[{"href":"https:\/\/www.dr-mfo.com\/de\/wp-json\/wp\/v2\/media?parent=2631"}],"curies":[{"name":"wp","href":"https:\/\/api.w.org\/{rel}","templated":true}]}}