{"id":2697,"date":"2022-04-15T00:11:53","date_gmt":"2022-04-14T23:11:53","guid":{"rendered":"https:\/\/www.dr-mfo.com\/?page_id=2697"},"modified":"2026-02-22T11:18:36","modified_gmt":"2026-02-22T11:18:36","slug":"abonnieren","status":"publish","type":"page","link":"https:\/\/www.dr-mfo.com\/de\/drmfo\/","title":{"rendered":"Dr.MFO"},"content":{"rendered":"<div data-elementor-type=\"wp-page\" data-elementor-id=\"2697\" class=\"elementor elementor-2697\">\n\t\t\t\t\t\t<section class=\"elementor-section elementor-top-section elementor-element elementor-element-a201216 elementor-section-boxed elementor-section-height-default elementor-section-height-default\" data-id=\"a201216\" data-element_type=\"section\" data-e-type=\"section\">\n\t\t\t\t\t\t<div class=\"elementor-container elementor-column-gap-default\">\n\t\t\t\t\t<div class=\"elementor-column elementor-col-100 elementor-top-column elementor-element elementor-element-f4aa950\" data-id=\"f4aa950\" data-element_type=\"column\" data-e-type=\"column\">\n\t\t\t<div class=\"elementor-widget-wrap elementor-element-populated\">\n\t\t\t\t\t\t<div class=\"elementor-element elementor-element-e99d5d7 elementor-widget-divider--view-line elementor-widget elementor-widget-divider\" data-id=\"e99d5d7\" data-element_type=\"widget\" data-e-type=\"widget\" data-widget_type=\"divider.default\">\n\t\t\t\t\t\t\t<div class=\"elementor-divider\">\n\t\t\t<span class=\"elementor-divider-separator\">\n\t\t\t\t\t\t<\/span>\n\t\t<\/div>\n\t\t\t\t\t\t<\/div>\n\t\t\t\t<div class=\"elementor-element elementor-element-8a0c812 elementor-widget-divider--view-line elementor-widget elementor-widget-divider\" data-id=\"8a0c812\" data-element_type=\"widget\" data-e-type=\"widget\" data-widget_type=\"divider.default\">\n\t\t\t\t\t\t\t<div class=\"elementor-divider\">\n\t\t\t<span class=\"elementor-divider-separator\">\n\t\t\t\t\t\t<\/span>\n\t\t<\/div>\n\t\t\t\t\t\t<\/div>\n\t\t\t\t<div class=\"elementor-element elementor-element-20f3968 elementor-widget-divider--view-line elementor-widget elementor-widget-divider\" data-id=\"20f3968\" data-element_type=\"widget\" data-e-type=\"widget\" data-widget_type=\"divider.default\">\n\t\t\t\t\t\t\t<div class=\"elementor-divider\">\n\t\t\t<span class=\"elementor-divider-separator\">\n\t\t\t\t\t\t<\/span>\n\t\t<\/div>\n\t\t\t\t\t\t<\/div>\n\t\t\t\t<div class=\"elementor-element elementor-element-2969bb0 elementor-widget elementor-widget-heading\" data-id=\"2969bb0\" data-element_type=\"widget\" data-e-type=\"widget\" data-widget_type=\"heading.default\">\n\t\t\t\t\t<h2 class=\"elementor-heading-title elementor-size-xl\">Dr.MFO<\/h2>\t\t\t\t<\/div>\n\t\t\t\t<div class=\"elementor-element elementor-element-bc160d6 elementor-widget-divider--view-line elementor-widget elementor-widget-divider\" data-id=\"bc160d6\" data-element_type=\"widget\" data-e-type=\"widget\" data-widget_type=\"divider.default\">\n\t\t\t\t\t\t\t<div class=\"elementor-divider\">\n\t\t\t<span class=\"elementor-divider-separator\">\n\t\t\t\t\t\t<\/span>\n\t\t<\/div>\n\t\t\t\t\t\t<\/div>\n\t\t\t\t\t<\/div>\n\t\t<\/div>\n\t\t\t\t\t<\/div>\n\t\t<\/section>\n\t\t\t\t<section class=\"elementor-section elementor-top-section elementor-element elementor-element-4827cd0 elementor-section-boxed elementor-section-height-default elementor-section-height-default\" data-id=\"4827cd0\" data-element_type=\"section\" data-e-type=\"section\">\n\t\t\t\t\t\t<div class=\"elementor-container elementor-column-gap-default\">\n\t\t\t\t\t<div class=\"elementor-column elementor-col-50 elementor-top-column elementor-element elementor-element-4625e73\" data-id=\"4625e73\" data-element_type=\"column\" data-e-type=\"column\">\n\t\t\t<div class=\"elementor-widget-wrap elementor-element-populated\">\n\t\t\t\t\t\t<div class=\"elementor-element elementor-element-333caa7 elementor-widget elementor-widget-image\" data-id=\"333caa7\" data-element_type=\"widget\" data-e-type=\"widget\" data-widget_type=\"image.default\">\n\t\t\t\t\t\t\t\t\t\t\t\t\t\t\t<img fetchpriority=\"high\" decoding=\"async\" width=\"1372\" height=\"1920\" src=\"https:\/\/www.dr-mfo.com\/wp-content\/uploads\/2021\/11\/MFO1.jpg\" class=\"attachment-full size-full wp-image-1052\" alt=\"Mehmet Fatih Okyay MD FEBOPRAS\" srcset=\"https:\/\/www.dr-mfo.com\/wp-content\/uploads\/2021\/11\/MFO1.jpg.avif 1372w, https:\/\/www.dr-mfo.com\/wp-content\/uploads\/2021\/11\/MFO1-214x300.jpg.avif 214w, https:\/\/www.dr-mfo.com\/wp-content\/uploads\/2021\/11\/MFO1-732x1024.jpg.avif 732w, https:\/\/www.dr-mfo.com\/wp-content\/uploads\/2021\/11\/MFO1-768x1075.jpg.avif 768w, https:\/\/www.dr-mfo.com\/wp-content\/uploads\/2021\/11\/MFO1-1097x1536.jpg.avif 1097w, https:\/\/www.dr-mfo.com\/wp-content\/uploads\/2021\/11\/MFO1-1463x2048.jpg.avif 1463w\" sizes=\"(max-width: 1372px) 100vw, 1372px\" \/>\t\t\t\t\t\t\t\t\t\t\t\t\t\t\t<\/div>\n\t\t\t\t<div class=\"elementor-element elementor-element-3725f28 elementor-widget elementor-widget-heading\" data-id=\"3725f28\" data-element_type=\"widget\" data-e-type=\"widget\" data-widget_type=\"heading.default\">\n\t\t\t\t\t<h2 class=\"elementor-heading-title elementor-size-medium\"><i><span style=\"font-size: 14pt;, serif\">Mehmet Fatih Okyay, MD<br>European &amp; Turkish Board-zertifiziert<\/span><\/i><br><i><span style=\"font-size: 14pt;, serif\">Facharzt f\u00fcr Plastische Chirurgie<\/span><\/i><\/h2>\t\t\t\t<\/div>\n\t\t\t\t\t<\/div>\n\t\t<\/div>\n\t\t\t\t<div class=\"elementor-column elementor-col-50 elementor-top-column elementor-element elementor-element-b0a5d96\" data-id=\"b0a5d96\" data-element_type=\"column\" data-e-type=\"column\">\n\t\t\t<div class=\"elementor-widget-wrap elementor-element-populated\">\n\t\t\t\t\t\t<div class=\"elementor-element elementor-element-5b9a95b elementor-widget elementor-widget-text-editor\" data-id=\"5b9a95b\" data-element_type=\"widget\" data-e-type=\"widget\" data-widget_type=\"text-editor.default\">\n\t\t\t\t\t\t\t\t\t<p><span style=\"color: #000000;\"><a href=\"https:\/\/www.dr-mfo.com\/de\/who-is-drmfo\/\">Mehmet Fatih Okyay<\/a>, MD, FEBOPRAS belegte in seiner Amtszeit den 8. Platz bei der t\u00fcrkischen medizinischen Spezialisierungspr\u00fcfung.<\/span><\/p><p><span style=\"color: #000000;\">Er absolvierte eine Facharztausbildung f\u00fcr Plastische, Rekonstruktive und \u00c4sthetische Chirurgie an der weltber\u00fchmten Medizinischen Fakult\u00e4t der Universit\u00e4t Istanbul, Cerrahpa\u015fa.<\/span><\/p><p><span style=\"color: #000000;\">Er wurde als Fellow of the European Board of Plastic, Reconstructive and Aesthetic Surgeons (FEBOPRAS) Award ausgezeichnet, verliehen von der European Association of Medical Specialists in Sachen Qualit\u00e4ts\u00e4quivalenz, 2018, Br\u00fcssel.<\/span><\/p><p><span style=\"color: #000000;\">Aufgrund dieser Auszeichnung wurde ihm im selben Jahr auch die Auszeichnung Fellow of the Turkish Board of Plastic, Reconstructive and Aesthetic Surgeons (Turkish Board) von der Turkish Plastic, Reconstructive and Aesthetic Surgery Association verliehen.<\/span><\/p><p><span style=\"color: #000000;\">Am 1. Juni 2021 gr\u00fcndete er die Dr. MFO Clinic als Eigent\u00fcmer.<\/span><span style=\"color: #000000;\"><br \/><\/span><\/p><p><span style=\"color: #000000;\">W\u00e4hrend seiner Karriere nahm er an vielen wissenschaftlichen Tagungen teil und war Mitglied der Organisationskomitees. Er hatte die Gelegenheit, in einigen von ihnen als Redner aufzutreten.<\/span><\/p><p><span style=\"color: #000000;\">Mit seiner 10-j\u00e4hrigen Erfahrung in der plastischen Chirurgie interessiert er sich intensiv f\u00fcr\u00a0<\/span><span style=\"color: #000000;\">\u00a0<\/span><span style=\"color: #000000;\"><a href=\"https:\/\/www.dr-mfo.com\/de\/facelift-surgery\/\">Facelifting<\/a>, Nasen\u00e4sthetik, <a href=\"https:\/\/www.dr-mfo.com\/de\/ffs-facial-feminization-surgery\/\">Gesichtsfeminisierung<\/a> Operationen in der Gesichts\u00e4sthetik, <\/span><span style=\"color: #000000;\"><a href=\"https:\/\/www.dr-mfo.com\/de\/tummy-tuck-abdominoplastia\/\">Bauchdeckenstraffung<\/a>, Fettabsaugung, K\u00f6rperformung in der \u00e4sthetischen Chirurgie und Brustvergr\u00f6\u00dferungen.<\/span><\/p><p><span style=\"color: #000000;\">Er ist st\u00e4ndiges Mitglied der International Society of Aesthetic Surgeons (ISAPS), der Turkish Plastic Surgery Association (TSPRAS) und der Turkish Aesthetic Plastic Surgery Association (TSAPS).<\/span><\/p><p><span style=\"color: #000000;\">Er spricht akademisches Englisch und flie\u00dfend Spanisch. Er spricht auch Franz\u00f6sisch auf mittlerem Niveau.<\/span><\/p><p><span style=\"color: #000000;\">Er ist Songwriter und Poet, spielt klassische Gitarre, Ney und E-Gitarre.<\/span><\/p><p><span style=\"color: #000000;\">Er ist verheiratet und hat zwei Kinder.<\/span><\/p>\t\t\t\t\t\t\t\t<\/div>\n\t\t\t\t\t<\/div>\n\t\t<\/div>\n\t\t\t\t\t<\/div>\n\t\t<\/section>\n\t\t\t\t<section class=\"elementor-section elementor-top-section elementor-element elementor-element-b122be9 elementor-section-boxed elementor-section-height-default elementor-section-height-default\" data-id=\"b122be9\" data-element_type=\"section\" data-e-type=\"section\">\n\t\t\t\t\t\t<div class=\"elementor-container elementor-column-gap-default\">\n\t\t\t\t\t<div class=\"elementor-column elementor-col-100 elementor-top-column elementor-element elementor-element-b44ef05\" data-id=\"b44ef05\" data-element_type=\"column\" data-e-type=\"column\">\n\t\t\t<div class=\"elementor-widget-wrap elementor-element-populated\">\n\t\t\t\t\t\t<div class=\"elementor-element elementor-element-cc29b59 elementor-widget elementor-widget-heading\" data-id=\"cc29b59\" data-element_type=\"widget\" data-e-type=\"widget\" data-widget_type=\"heading.default\">\n\t\t\t\t\t<h2 class=\"elementor-heading-title elementor-size-xl\">Auszeichnungen<\/h2>\t\t\t\t<\/div>\n\t\t\t\t<div class=\"elementor-element elementor-element-5791465 elementor-widget elementor-widget-text-editor\" data-id=\"5791465\" data-element_type=\"widget\" data-e-type=\"widget\" data-widget_type=\"text-editor.default\">\n\t\t\t\t\t\t\t\t\t<p style=\"margin: 0cm 0cm 0cm 18pt; font-size: 12pt; font-family: 'Courier New'; color: #000000; text-indent: -18pt;\"><span style=\"font-family: Verdana, sans-serif; font-size: 10.5pt; color: #000000;\">Fellow des European Board of Plastic, Reconstructive &amp; Aesthetic Surgery, April 2018, Br\u00fcssel.<\/span><\/p><p style=\"margin: 0cm; font-size: 12pt; font-family: 'Courier New'; color: #000000;\"><span style=\"font-size: 10.5pt; font-family: Verdana, sans-serif; color: #000000;\">Mitglied des T\u00fcrkischen Gremiums f\u00fcr Plastische, Rekonstruktive und \u00c4sthetische Chirurgie, April 2018, <a href=\"https:\/\/www.dr-mfo.com\/de\/hidden-paradise-antalya-and-touristic-feautures\/\">Antalya<\/a>.<\/span><\/p>\t\t\t\t\t\t\t\t<\/div>\n\t\t\t\t<div class=\"elementor-element elementor-element-4a7911a elementor-widget elementor-widget-heading\" data-id=\"4a7911a\" data-element_type=\"widget\" data-e-type=\"widget\" data-widget_type=\"heading.default\">\n\t\t\t\t\t<h2 class=\"elementor-heading-title elementor-size-xl\">Artikel<\/h2>\t\t\t\t<\/div>\n\t\t\t\t<div class=\"elementor-element elementor-element-cd44ada elementor-widget elementor-widget-text-editor\" data-id=\"cd44ada\" data-element_type=\"widget\" data-e-type=\"widget\" data-widget_type=\"text-editor.default\">\n\t\t\t\t\t\t\t\t\t<p><strong>Okay MF<\/strong>, H. K\u00f6m\u00fcrc\u00fc, S. Ba\u011fhaki, A. Demir\u00f6z, \u00d6. Ayd\u0131n, H. Arslan. Auswirkungen von Insulin, Metoprolol und Deferoxamin auf das \u00dcberleben von Fetttransplantaten. \u00c4sthetisch-plastische Chirurgie. 2019;43(3):845-852. DOI: 10.1007\/s00266-019-01363-z.<\/p><p><strong>Okay MF<\/strong>, Oztermeli A. Bewertung der Wirkung der Metoprolol-Dosierung auf das \u00dcberleben von Fetttransplantaten. \u00c4sthetische Plastische Chirurgie. 22. Februar 2023. doi: 10.1007\/s00266-023-03271-9. Epub vor dem Druck. PMID: 36811670.<\/p>\t\t\t\t\t\t\t\t<\/div>\n\t\t\t\t<div class=\"elementor-element elementor-element-ea76dad elementor-widget elementor-widget-heading\" data-id=\"ea76dad\" data-element_type=\"widget\" data-e-type=\"widget\" data-widget_type=\"heading.default\">\n\t\t\t\t\t<h2 class=\"elementor-heading-title elementor-size-xl\">Gesellschaftliche Mitgliedschaften<\/h2>\t\t\t\t<\/div>\n\t\t\t\t<div class=\"elementor-element elementor-element-0d97185 elementor-widget elementor-widget-text-editor\" data-id=\"0d97185\" data-element_type=\"widget\" data-e-type=\"widget\" data-widget_type=\"text-editor.default\">\n\t\t\t\t\t\t\t\t\t<p style=\"margin: 0cm 0cm 0cm 18pt; font-size: 12pt; font-family: 'Courier New'; color: #000000; text-indent: -18pt; text-align: left;\"><span style=\"font-family: Verdana, sans-serif; font-size: 10pt; text-indent: -18pt; color: #000000;\">T\u00fcrkische Gesellschaft f\u00fcr Plastische, Rekonstruktive und \u00c4sthetische Chirurgie, 2018<\/span><\/p><p style=\"margin: 0cm 0cm 0cm 18pt; font-size: 12pt; font-family: 'Courier New'; color: #000000; text-indent: -18pt; text-align: left;\"><span style=\"font-size: 10pt; font-family: Verdana, sans-serif; color: #000000;\">Internationale Gesellschaft f\u00fcr \u00e4sthetisch-plastische Chirurgie, 2018<\/span><\/p><p style=\"margin: 0cm 0cm 0cm 18pt; font-size: 12pt; font-family: 'Courier New'; color: #000000; text-indent: -18pt; text-align: left;\"><span style=\"font-size: 10pt; font-family: Verdana, sans-serif; color: #000000;\">T\u00fcrkische Gesellschaft f\u00fcr \u00e4sthetisch-plastische Chirurgie, 2019<\/span><\/p>\t\t\t\t\t\t\t\t<\/div>\n\t\t\t\t<div class=\"elementor-element elementor-element-acd8d49 elementor-widget elementor-widget-heading\" data-id=\"acd8d49\" data-element_type=\"widget\" data-e-type=\"widget\" data-widget_type=\"heading.default\">\n\t\t\t\t\t<h2 class=\"elementor-heading-title elementor-size-xl\">Teilnahme an wissenschaftlichen Tagungen<\/h2>\t\t\t\t<\/div>\n\t\t\t\t<div class=\"elementor-element elementor-element-84504c4 elementor-widget elementor-widget-text-editor\" data-id=\"84504c4\" data-element_type=\"widget\" data-e-type=\"widget\" data-widget_type=\"text-editor.default\">\n\t\t\t\t\t\t\t\t\t<p style=\"margin: 0cm; font-size: 12pt; font-family: 'Courier New'; color: #000000;\"><span style=\"font-size: 10.5pt; font-family: Verdana, sans-serif;\">Universit\u00e4t Istanbul, Medizinische Fakult\u00e4t Cerrahpa\u015fa, Plastische, Rekonstruktive und \u00c4sthetische Chirurgie, 10. Symposium der Tage der Plastischen Chirurgie, 2013, Istanbul, T\u00dcRK\u0130YE,\u00a0<span style=\"font-weight: bold;\">Organisationskomitee<\/span><\/span><\/p><p style=\"margin: 0cm; font-size: 12pt; font-family: 'Courier New'; color: #000000; text-align: left;\"><span style=\"font-size: 10.5pt; font-family: Verdana, sans-serif; color: #000000;\">Universit\u00e4t Istanbul, Medizinische Fakult\u00e4t Cerrahpa\u015fa, Plastische, Rekonstruktive und \u00c4sthetische Chirurgie, 11. Symposium der Tage der Plastischen Chirurgie, 2014, Istanbul, T\u00dcRK\u0130YE, <b>Organisationskomitee<\/b><\/span><\/p><p style=\"margin: 0cm; font-size: 12pt; font-family: 'Courier New'; color: #000000; text-align: left;\"><span style=\"font-size: 10pt; font-family: Verdana, sans-serif; color: #000000;\">T\u00fcrkische Gesellschaft f\u00fcr Plastische, Rekonstruktive und \u00c4sthetische Chirurgie, 36. Nationaler Kongress, 2014, Istanbul, T\u00dcRK\u0130YE, Baghaki S, Cevirme MF, Kucuksucu MA, <b>Okay MF<\/b>, Yildiz TF, Aydin Y, Posterior Intercostal Artery Based Perforator Propeller Flaps on Meningomyelosel Defekts.<\/span><\/p><p style=\"margin: 0cm; font-size: 12pt; font-family: 'Courier New'; color: #000000; text-align: left;\"><span style=\"font-size: 10pt; font-family: Verdana, sans-serif; color: #000000;\">T\u00fcrkische Gesellschaft f\u00fcr Plastische, Rekonstruktive und \u00c4sthetische Chirurgie, 36. Nationaler Kongress, 2014, Istanbul, T\u00dcRK\u0130YE, Sahin U, Cebi G, Cevirme MF, Kucuksucu MA, Ercan A, <b>Okay MF<\/b>, Khankishiyev R, Baghaki S. Perforatorlappen bei Defekten im parasakralen und glutealen Bereich.<\/span><\/p><p style=\"margin: 0cm; font-size: 12pt; font-family: 'Courier New'; color: #000000; text-align: left;\"><span style=\"font-size: 10.5pt; font-family: Verdana, sans-serif; color: #000000;\">Universit\u00e4t Istanbul, Medizinische Fakult\u00e4t Cerrahpa\u015fa, Plastische, Rekonstruktive und \u00c4sthetische Chirurgie, 12. Symposium der Tage der Plastischen Chirurgie, 2015, Istanbul, T\u00dcRK\u0130YE, <b>Organisationskomitee<\/b><\/span><\/p><p style=\"margin: 0cm; font-size: 12pt; font-family: 'Courier New'; color: #000000; text-align: left;\"><span style=\"font-size: 10.5pt; font-family: Verdana, sans-serif; color: #000000;\">Universit\u00e4t Istanbul, Medizinische Fakult\u00e4t Cerrahpa\u015fa, Plastische, Rekonstruktive und \u00c4sthetische Chirurgie, 13. Symposium der Tage der Plastischen Chirurgie, 2016, Istanbul, T\u00dcRK\u0130YE, <b>Organisationskomitee<\/b><\/span><\/p><p style=\"margin: 0cm; font-size: 12pt; font-family: 'Courier New'; color: #000000; text-align: left;\"><span style=\"color: #000000;\"><span style=\"font-size: 10pt; font-family: Verdana, sans-serif;\">Internationaler Kongress der European Federation of Societies for Microsurgery. 2016, Antalya, T\u00dcRK\u0130YE, Demiroz A, <b>Okyay MF (als Moderator),<\/b> Yalcin MA, Baghaki S, Arslan H, Turkmen A, Aydin Y. Unsere Erfahrung mit anterolateralen oberschenkelfreien Lappen.<\/span><b><\/b><\/span><\/p><p style=\"margin: 0cm; font-size: 12pt; font-family: 'Courier New'; color: #000000; text-align: left;\"><span style=\"font-size: 10pt; font-family: Verdana, sans-serif; color: #000000;\">T\u00fcrkische Gesellschaft f\u00fcr Plastische, Rekonstruktive und \u00c4sthetische Chirurgie, 38. Nationaler Kongress, 2016, Antalya, T\u00dcRK\u0130YE, K\u00f6m\u00fcrc\u00fc H, \u015eahin U, <b>Okay MF<\/b>, Suleymanov S, Ercan A, Ba\u011fhaki S. Unsere Erfahrungen mit der chirurgischen Behandlung des Kubitaltunnelsyndroms.<\/span><\/p><p style=\"margin: 0cm; font-size: 12pt; font-family: 'Courier New'; color: #000000; text-align: left;\"><span style=\"font-size: 10pt; font-family: Verdana, sans-serif; color: #000000;\">T\u00fcrkische Gesellschaft f\u00fcr \u00e4sthetisch-plastische Chirurgie, 20. Nationaler Kongress, 2016, Istanbul, T\u00dcRK\u0130YE. <b>Okay MF<\/b>, Demiroz A, Sahin U, Cetinkale O. \u0130nsidental \u0130n Situ Lob\u00fcler Karsinoma on Bilateral Breast Reduction Performed Patient: Case Report.<\/span><\/p><p style=\"margin: 0cm; font-size: 12pt; font-family: 'Courier New'; color: #000000; text-align: left;\"><span style=\"font-size: 10pt; font-family: Verdana, sans-serif; color: #000000;\">T\u00fcrkische Gesellschaft f\u00fcr Plastische, Rekonstruktive und \u00c4sthetische Chirurgie, 38. Nationaler Kongress, 2016, Antalya, T\u00dcRK\u0130YE, <b>Okyay MF (als Moderator),<\/b> K\u00fc\u00e7\u00fcksucu MA, Ba\u011fhaki S, Demir\u00f6z A, Khankishiyev R, \u015eahin U, K\u00f6m\u00fcrc\u00fc H, Suleymanov S, Y\u0131ld\u0131z TF, \u00d6ner MB, Da\u011fhan B. Pathological Diagnosis? Klinische Diagnose? Atypisch platziertes BCC bei Patienten mit alter Diagnostiziertem Chondroid-Syringom-Rezidiv.<\/span><\/p><p style=\"margin: 0cm; font-size: 12pt; font-family: 'Courier New'; color: #000000; text-align: left;\"><span style=\"font-size: 10.5pt; font-family: Verdana, sans-serif; color: #000000;\">Universit\u00e4t Istanbul, Medizinische Fakult\u00e4t Cerrahpa\u015fa, Plastische, Rekonstruktive und \u00c4sthetische Chirurgie, 14. Symposium der Tage der Plastischen Chirurgie, 2017, Istanbul, T\u00dcRK\u0130YE, <b>Organisation<\/b> <b>Ausschuss<\/b><\/span><\/p><p style=\"margin: 0cm; font-size: 12pt; font-family: 'Courier New'; color: #000000; text-align: left;\"><span style=\"font-size: 10.5pt; font-family: Verdana, sans-serif; color: #000000;\">Universit\u00e4t Istanbul, Medizinische Fakult\u00e4t Cerrahpa\u015fa, Plastische, Rekonstruktive und \u00c4sthetische Chirurgie, 15. Symposium der Tage der Plastischen Chirurgie, 2018, Istanbul, T\u00dcRK\u0130YE, <b>Organisation<\/b> <b>Ausschuss<\/b><\/span><\/p><p style=\"margin: 0cm; font-size: 12pt; font-family: 'Courier New'; color: #000000; text-align: left;\"><span style=\"color: #000000;\"><span style=\"font-size: 10pt; font-family: Verdana, sans-serif;\">T\u00fcrkische Gesellschaft f\u00fcr Plastische, Rekonstruktive und \u00c4sthetische Chirurgie, 40. Nationaler Kongress, 2018, Antalya, <\/span><span style=\"font-size: 10.5pt; font-family: Verdana, sans-serif;\">T\u00dcRK\u0130YE<\/span><span style=\"font-size: 10pt; font-family: Verdana, sans-serif;\">, <b>Okyay MF (als Moderator),<\/b> H. K\u00f6m\u00fcrc\u00fc, S. Ba\u011fhaki, A. Demiroz, A. Ovgu, H. Arslan. <\/span><span style=\"font-size: 10pt; font-family: Verdana, sans-serif;\">Auswirkungen von Insulin, Metoprolol und Deferoxamin auf das \u00dcberleben von Fetttransplantaten<\/span><span style=\"font-size: 10pt; font-family: Verdana, sans-serif;\">.<\/span><\/span><\/p><p style=\"margin: 0cm; font-size: 12pt; font-family: 'Courier New'; color: #000000; text-align: left;\"><span style=\"font-size: 10pt; font-family: Verdana, sans-serif; color: #000000;\">T\u00fcrkische Gesellschaft f\u00fcr Plastische, Rekonstruktive und \u00c4sthetische Chirurgie, 44. Nationaler Kongress, 2022, Antalya, T\u00dcRK\u0130YE, <b>Okyay MF (als Moderator),<\/b> 3D-Auswertung von Zygomaticomaxillar-Komplexfrakturen.<\/span><\/p>\t\t\t\t\t\t\t\t<\/div>\n\t\t\t\t<div class=\"elementor-element elementor-element-64b61e9 elementor-widget elementor-widget-heading\" data-id=\"64b61e9\" data-element_type=\"widget\" data-e-type=\"widget\" data-widget_type=\"heading.default\">\n\t\t\t\t\t<h2 class=\"elementor-heading-title elementor-size-xl\">Besuchte Kurse<\/h2>\t\t\t\t<\/div>\n\t\t\t\t<div class=\"elementor-element elementor-element-48dbcd5 elementor-widget elementor-widget-text-editor\" data-id=\"48dbcd5\" data-element_type=\"widget\" data-e-type=\"widget\" data-widget_type=\"text-editor.default\">\n\t\t\t\t\t\t\t\t\t<p style=\"margin: 0cm 0cm 0cm 18pt; font-size: 12pt; font-family: 'Courier New'; color: #000000; text-indent: -18pt; text-align: left;\"><span style=\"font-family: Verdana, sans-serif; font-size: 10pt; text-indent: -18pt; color: #000000;\">Zertifikat f\u00fcr experimentelle Tiernutzung, Universit\u00e4t Istanbul, 2015<\/span><\/p><p style=\"margin: 0cm 0cm 0cm 18pt; font-size: 12pt; font-family: 'Courier New'; color: #000000; text-indent: -18pt; text-align: left;\"><span style=\"font-size: 10.5pt; font-family: Verdana, sans-serif; color: #000000;\">ISAPS 8. Eurasischer Kurs, 2016, Istanbul, T\u00dcRK\u0130YE<\/span><\/p><p style=\"margin: 0cm; font-size: 12pt; font-family: 'Courier New'; color: #000000; text-align: left;\"><span style=\"font-size: 10.5pt; font-family: Verdana, sans-serif; color: #000000;\">27. Grundkurs Mikrochirurgie 2016, Istanbul, T\u00dcRK\u0130YE<\/span><\/p><p style=\"margin: 0cm; font-size: 12pt; font-family: 'Courier New'; color: #000000; text-align: left;\"><span style=\"color: #000000;\"><span style=\"font-size: 10pt; font-family: Verdana, sans-serif;\">T\u00fcrkische Gesellschaft f\u00fcr Plastische, Rekonstruktive und \u00c4sthetische Chirurgie,<\/span><span style=\"font-size: 10.5pt; font-family: Verdana, sans-serif;\"> 2. Gesichts\u00e4sthetikkurs, 2016, Ankara, T\u00dcRK\u0130YE<\/span><\/span><\/p><p style=\"margin: 0cm 0cm 0cm 18pt; font-size: 12pt; font-family: 'Courier New'; color: #000000; text-indent: -18pt; text-align: left;\"><span style=\"font-size: 10.5pt; font-family: Verdana, sans-serif; color: #000000;\">ISAPS 9. Eurasischer Kurs 2017, Istanbul, T\u00dcRK\u0130YE<\/span><\/p><p style=\"margin: 0cm 0cm 0cm 18pt; font-size: 12pt; font-family: 'Courier New'; color: #000000; text-indent: -18pt; text-align: left;\"><span style=\"font-size: 10.5pt; font-family: Verdana, sans-serif; color: #000000;\"><a href=\"https:\/\/www.dr-mfo.com\/de\/nose-job-rhinoplasty\/\">Nasenkorrektur<\/a> Society of Europe Live Surgery Course, 2017, Istanbul, T\u00dcRK\u0130YE<\/span><\/p><p style=\"margin: 0cm 0cm 0cm 18pt; font-size: 12pt; font-family: 'Courier New'; color: #000000; text-indent: -18pt; text-align: left;\"><span style=\"font-size: 10.5pt; font-family: Verdana, sans-serif; color: #000000;\">ISAPS 10. Eurasischer Kurs, 2018, Istanbul, T\u00dcRK\u0130YE<\/span><\/p><p style=\"margin: 0cm 0cm 0cm 18pt; font-size: 12pt; font-family: 'Courier New'; color: #000000; text-indent: -18pt; text-align: left;\"><span style=\"font-size: 10.5pt; font-family: Verdana, sans-serif; color: #000000;\">Offener Cerkes-Rhinoplastikkurs, 2018, Istanbul, T\u00dcRKEI<\/span><\/p><p style=\"margin: 0cm; font-size: 12pt; font-family: 'Courier New'; color: #000000; text-align: left;\"><span style=\"font-size: 10pt; font-family: Verdana, sans-serif; color: #000000;\">T\u00fcrkische Gesellschaft f\u00fcr Plastische, Rekonstruktive und \u00c4sthetische Chirurgie, 10. Facharztausbildung f\u00fcr Plastische Chirurgie, 2018, Antalya, T\u00dcRK\u0130YE<\/span><\/p>\t\t\t\t\t\t\t\t<\/div>\n\t\t\t\t\t<\/div>\n\t\t<\/div>\n\t\t\t\t\t<\/div>\n\t\t<\/section>\n\t\t\t\t<\/div>","protected":false},"excerpt":{"rendered":"<p>Dr. MFO Mehmet Fatih Okyay, MDEuropean &amp; Turkish Board CertifiedPlastic Surgery Specialist Mehmet Fatih Okyay, MD, FEBOPRAS ranked 8th in his term in the Turkish Medical Specialization Examination. He completed a Plastic, Reconstructive, and Aesthetic Surgery residency at the world-renowned Istanbul University, Cerrahpa\u015fa Faculty of Medicine. He was awarded as the Fellow of the European [&hellip;]<\/p>\n","protected":false},"author":2,"featured_media":0,"parent":0,"menu_order":0,"comment_status":"closed","ping_status":"closed","template":"","meta":{"_acf_changed":false,"footnotes":""},"class_list":["post-2697","page","type-page","status-publish","hentry"],"acf":[],"_links":{"self":[{"href":"https:\/\/www.dr-mfo.com\/de\/wp-json\/wp\/v2\/pages\/2697","targetHints":{"allow":["GET"]}}],"collection":[{"href":"https:\/\/www.dr-mfo.com\/de\/wp-json\/wp\/v2\/pages"}],"about":[{"href":"https:\/\/www.dr-mfo.com\/de\/wp-json\/wp\/v2\/types\/page"}],"author":[{"embeddable":true,"href":"https:\/\/www.dr-mfo.com\/de\/wp-json\/wp\/v2\/users\/2"}],"replies":[{"embeddable":true,"href":"https:\/\/www.dr-mfo.com\/de\/wp-json\/wp\/v2\/comments?post=2697"}],"version-history":[{"count":0,"href":"https:\/\/www.dr-mfo.com\/de\/wp-json\/wp\/v2\/pages\/2697\/revisions"}],"wp:attachment":[{"href":"https:\/\/www.dr-mfo.com\/de\/wp-json\/wp\/v2\/media?parent=2697"}],"curies":[{"name":"wp","href":"https:\/\/api.w.org\/{rel}","templated":true}]}}