{"id":2708,"date":"2022-04-15T00:48:00","date_gmt":"2022-04-14T23:48:00","guid":{"rendered":"https:\/\/www.dr-mfo.com\/?page_id=2708"},"modified":"2026-02-22T12:24:50","modified_gmt":"2026-02-22T12:24:50","slug":"drmfo-lieder","status":"publish","type":"page","link":"https:\/\/www.dr-mfo.com\/de\/drmfo-songs\/","title":{"rendered":"Dr. MFO-Songs"},"content":{"rendered":"<div data-elementor-type=\"wp-page\" data-elementor-id=\"2708\" class=\"elementor elementor-2708\">\n\t\t\t\t\t\t<section class=\"elementor-section elementor-top-section elementor-element elementor-element-aad5167 elementor-section-boxed elementor-section-height-default elementor-section-height-default\" data-id=\"aad5167\" data-element_type=\"section\" data-e-type=\"section\">\n\t\t\t\t\t\t<div class=\"elementor-container elementor-column-gap-default\">\n\t\t\t\t\t<div class=\"elementor-column elementor-col-100 elementor-top-column elementor-element elementor-element-45262d2\" data-id=\"45262d2\" data-element_type=\"column\" data-e-type=\"column\">\n\t\t\t<div class=\"elementor-widget-wrap elementor-element-populated\">\n\t\t\t\t\t\t<div class=\"elementor-element elementor-element-cb41704 elementor-widget-divider--view-line elementor-widget elementor-widget-divider\" data-id=\"cb41704\" data-element_type=\"widget\" data-e-type=\"widget\" data-widget_type=\"divider.default\">\n\t\t\t\t\t\t\t<div class=\"elementor-divider\">\n\t\t\t<span class=\"elementor-divider-separator\">\n\t\t\t\t\t\t<\/span>\n\t\t<\/div>\n\t\t\t\t\t\t<\/div>\n\t\t\t\t<div class=\"elementor-element elementor-element-c8789c6 elementor-widget-divider--view-line elementor-widget elementor-widget-divider\" data-id=\"c8789c6\" data-element_type=\"widget\" data-e-type=\"widget\" data-widget_type=\"divider.default\">\n\t\t\t\t\t\t\t<div class=\"elementor-divider\">\n\t\t\t<span class=\"elementor-divider-separator\">\n\t\t\t\t\t\t<\/span>\n\t\t<\/div>\n\t\t\t\t\t\t<\/div>\n\t\t\t\t<div class=\"elementor-element elementor-element-c67cbd9 elementor-widget-divider--view-line elementor-widget elementor-widget-divider\" data-id=\"c67cbd9\" data-element_type=\"widget\" data-e-type=\"widget\" data-widget_type=\"divider.default\">\n\t\t\t\t\t\t\t<div class=\"elementor-divider\">\n\t\t\t<span class=\"elementor-divider-separator\">\n\t\t\t\t\t\t<\/span>\n\t\t<\/div>\n\t\t\t\t\t\t<\/div>\n\t\t\t\t<div class=\"elementor-element elementor-element-ed9821d elementor-widget elementor-widget-heading\" data-id=\"ed9821d\" data-element_type=\"widget\" data-e-type=\"widget\" data-widget_type=\"heading.default\">\n\t\t\t\t\t<h2 class=\"elementor-heading-title elementor-size-xl\">Dr. MFO-Songs<\/h2>\t\t\t\t<\/div>\n\t\t\t\t<div class=\"elementor-element elementor-element-485ba55 elementor-widget-divider--view-line elementor-widget elementor-widget-divider\" data-id=\"485ba55\" data-element_type=\"widget\" data-e-type=\"widget\" data-widget_type=\"divider.default\">\n\t\t\t\t\t\t\t<div class=\"elementor-divider\">\n\t\t\t<span class=\"elementor-divider-separator\">\n\t\t\t\t\t\t<\/span>\n\t\t<\/div>\n\t\t\t\t\t\t<\/div>\n\t\t\t\t<div class=\"elementor-element elementor-element-cfbf62c elementor-widget elementor-widget-text-editor\" data-id=\"cfbf62c\" data-element_type=\"widget\" data-e-type=\"widget\" data-widget_type=\"text-editor.default\">\n\t\t\t\t\t\t\t\t\t<a href=\"https:\/\/www.dr-mfo.com\/de\/who-is-drmfo\/\">Dr.MFO<\/a> spielt klassische Gitarre, Elektrogitarre und t\u00fcrkische Sufi-Ney. Er hat mehr als 50 Lieder komponiert und 50 Gedichte geschrieben.\t\t\t\t\t\t\t\t<\/div>\n\t\t\t\t<div class=\"elementor-element elementor-element-8cffee0 elementor-widget-divider--view-line elementor-widget elementor-widget-divider\" data-id=\"8cffee0\" data-element_type=\"widget\" data-e-type=\"widget\" data-widget_type=\"divider.default\">\n\t\t\t\t\t\t\t<div class=\"elementor-divider\">\n\t\t\t<span class=\"elementor-divider-separator\">\n\t\t\t\t\t\t<\/span>\n\t\t<\/div>\n\t\t\t\t\t\t<\/div>\n\t\t\t\t<div class=\"elementor-element elementor-element-31ed24e elementor-widget-divider--view-line elementor-widget elementor-widget-divider\" data-id=\"31ed24e\" data-element_type=\"widget\" data-e-type=\"widget\" data-widget_type=\"divider.default\">\n\t\t\t\t\t\t\t<div class=\"elementor-divider\">\n\t\t\t<span class=\"elementor-divider-separator\">\n\t\t\t\t\t\t<\/span>\n\t\t<\/div>\n\t\t\t\t\t\t<\/div>\n\t\t\t\t\t<\/div>\n\t\t<\/div>\n\t\t\t\t\t<\/div>\n\t\t<\/section>\n\t\t\t\t<section class=\"elementor-section elementor-top-section elementor-element elementor-element-a75b437 elementor-section-boxed elementor-section-height-default elementor-section-height-default\" data-id=\"a75b437\" data-element_type=\"section\" data-e-type=\"section\">\n\t\t\t\t\t\t<div class=\"elementor-container elementor-column-gap-default\">\n\t\t\t\t\t<div class=\"elementor-column elementor-col-50 elementor-top-column elementor-element elementor-element-2e0a826\" data-id=\"2e0a826\" data-element_type=\"column\" data-e-type=\"column\">\n\t\t\t<div class=\"elementor-widget-wrap elementor-element-populated\">\n\t\t\t\t\t\t<div class=\"elementor-element elementor-element-293913c elementor-widget elementor-widget-video\" data-id=\"293913c\" data-element_type=\"widget\" data-e-type=\"widget\" data-settings=\"{&quot;youtube_url&quot;:&quot;https:\\\/\\\/www.youtube.com\\\/watch?v=Ag00v9VMN1Y&quot;,&quot;video_type&quot;:&quot;youtube&quot;,&quot;controls&quot;:&quot;yes&quot;}\" data-widget_type=\"video.default\">\n\t\t\t\t\t\t\t<div class=\"elementor-wrapper elementor-open-inline\">\n\t\t\t<div class=\"elementor-video\"><\/div>\t\t<\/div>\n\t\t\t\t\t\t<\/div>\n\t\t\t\t\t<\/div>\n\t\t<\/div>\n\t\t\t\t<div class=\"elementor-column elementor-col-50 elementor-top-column elementor-element elementor-element-3258a31\" data-id=\"3258a31\" data-element_type=\"column\" data-e-type=\"column\">\n\t\t\t<div class=\"elementor-widget-wrap elementor-element-populated\">\n\t\t\t\t\t\t<div class=\"elementor-element elementor-element-d399cf3 elementor-widget elementor-widget-video\" data-id=\"d399cf3\" data-element_type=\"widget\" data-e-type=\"widget\" data-settings=\"{&quot;youtube_url&quot;:&quot;https:\\\/\\\/www.youtube.com\\\/watch?v=SMccXaHV40o&quot;,&quot;video_type&quot;:&quot;youtube&quot;,&quot;controls&quot;:&quot;yes&quot;}\" data-widget_type=\"video.default\">\n\t\t\t\t\t\t\t<div class=\"elementor-wrapper elementor-open-inline\">\n\t\t\t<div class=\"elementor-video\"><\/div>\t\t<\/div>\n\t\t\t\t\t\t<\/div>\n\t\t\t\t\t<\/div>\n\t\t<\/div>\n\t\t\t\t\t<\/div>\n\t\t<\/section>\n\t\t\t\t<section class=\"elementor-section elementor-top-section elementor-element elementor-element-8caf111 elementor-section-boxed elementor-section-height-default elementor-section-height-default\" data-id=\"8caf111\" data-element_type=\"section\" data-e-type=\"section\">\n\t\t\t\t\t\t<div class=\"elementor-container elementor-column-gap-default\">\n\t\t\t\t\t<div class=\"elementor-column elementor-col-100 elementor-top-column elementor-element elementor-element-e37f242\" data-id=\"e37f242\" data-element_type=\"column\" data-e-type=\"column\">\n\t\t\t<div class=\"elementor-widget-wrap elementor-element-populated\">\n\t\t\t\t\t\t<div class=\"elementor-element elementor-element-04dd4e4 elementor-widget-divider--view-line elementor-widget elementor-widget-divider\" data-id=\"04dd4e4\" data-element_type=\"widget\" data-e-type=\"widget\" data-widget_type=\"divider.default\">\n\t\t\t\t\t\t\t<div class=\"elementor-divider\">\n\t\t\t<span class=\"elementor-divider-separator\">\n\t\t\t\t\t\t<\/span>\n\t\t<\/div>\n\t\t\t\t\t\t<\/div>\n\t\t\t\t<div class=\"elementor-element elementor-element-d099a97 elementor-widget elementor-widget-slide-compact-player\" data-id=\"d099a97\" data-element_type=\"widget\" data-e-type=\"widget\" data-widget_type=\"slide-compact-player.default\">\n\t\t\t\t<div class=\"elementor-widget-container\">\n\t\t\t\t\t\r\n\t\t<div class=\"swp_music_player compact-player\" id=\"mpfe_69d8c9dbbbf5b\" data-autoplay=\"no\" data-playmode=\"repeat\" data-stopplaylistend=\"no\" data-stopsongend=\"no\" data-repeatmode=\"unset\" data-pfs=\"no\">\r\n\t\t\t<div class=\"swp-compact-player\">\r\n\t\t\t\t<div class=\"swp-compact-cover\">\r\n\t\t\t\t\t<div class=\"swp-compact-cover-container\"><\/div>\r\n\t\t\t\t\t<div class=\"compact-cover-overlay album_left_overlay lc_swp_overlay\"><\/div>\r\n\t\t\t\t<\/div>\r\n\r\n\t\t\t\t<div class=\"swp-compact-player-info\">\r\n\t\t\t\t\t<div class=\"compact-info-overlay album_right_overlay lc_swp_overlay\"><\/div>\r\n\t\t\t\t\t<div class=\"compact-info-content\">\r\n\t\t\t\t\t\t<div class=\"compact-info-top mpfe_clearfix\">\r\n\t\t\t\t\t\t\t<div class=\"compact-song-details\">\r\n\t\t\t\t\t\t\t\t<div class=\"current_song_name compact-song-name\"><\/div>\r\n\t\t\t\t\t\t\t\t<div class=\"current_album_name compact-album-name\"><\/div>\r\n\t\t\t\t\t\t\t<\/div>\r\n\t\t\t\t\t\t\t<div class=\"compact-play-pause\">\r\n\t\t\t\t\t\t\t\t<span class=\"compact-play-container\">\r\n\t\t\t\t\t\t\t\t\t<i class=\"fas fa-play player_play compact_play compact-playpause\"><\/i>\r\n\t\t\t\t\t\t\t\t<\/span>\r\n\t\t\t\t\t\t\t\t<span class=\"compact-pause-container\">\r\n\t\t\t\t\t\t\t\t\t<i class=\"fas fa-pause player_pause compact_pause compact-playpause display_none\"><\/i>\r\n\t\t\t\t\t\t\t\t<\/span>\r\n\t\t\t\t\t\t\t<\/div>\r\n\t\t\t\t\t\t<\/div>\r\n\r\n\t\t\t\t\t\t<div class=\"smc_player_progress_bar compact-progress-bar\">\r\n\t\t\t\t\t\t\t<div class=\"player_time_slider_base compact-player-slider-base ltr_direction\"><\/div>\r\n\t\t\t\t\t\t\t<div class=\"player_time_slider compact-player-slider\"><\/div>\r\n\t\t\t\t\t\t<\/div>\r\n\r\n\t\t\t\t\t\t<div class=\"compact-info-bottom mpfe_clearfix\">\r\n\t\t\t\t\t\t\t<div class=\"compact-timeline\">\r\n\t\t\t\t\t\t\t\t<span class=\"song_current_progress compact_current_progress\">0:00<\/span>\r\n\t\t\t\t\t\t\t\t<span class=\"player_duration_sep compact_duration_sep\">&#47;<\/span>\r\n\t\t\t\t\t\t\t\t<span class=\"song_duration compact_song_duration\">0:00<\/span>\r\n\t\t\t\t\t\t\t<\/div>\r\n\r\n\t\t\t\t\t\t\t\r\n\t\t\t\t\t\t\t<div class=\"compact-controls\">\r\n\t\t\t\t\t\t\t\t\r\n\t\t\t\t\t\t\t\t\t\t\t\t\t\t\t\t\t\t\t\t\t\t\t\t<i class=\"fas fa-step-backward mpfe-compact-bottom-player-icon\"><\/i>\r\n\t\t\t\t\t\t\t\t<i class=\"fas fa-step-forward mpfe-compact-bottom-player-icon\"><\/i>\r\n\t\t\t\t\t\t\t\t\t\t\t\t\t\t\t\t\t\t\t\t\t\t\t\t\r\n\r\n\r\n\t\t\t\t\t\t\t\t\t\t\t\t\t\t\t\t<i class=\"fas fa-list-ul mpfe-compact-list\"><\/i>\r\n\t\t\t\t\t\t\t\t\t\t\t\t\t\t\t<\/div>\r\n\t\t\t\t\t\t<\/div>\r\n\t\t\t\t\t<\/div>\r\n\t\t\t\t<\/div>\r\n\t\t\t<\/div>\r\n\r\n\t\t\t\r\n\t\t\t<div class=\"swp-compact-playlist swp-playlist-popup\">\r\n\t\t\t\t\t\t\t\t<div class=\"compact-close-playlist-container\">\r\n\t\t\t\t<\/div>\r\n\t\t\t\t\t\t\t\t<div class=\"swp-compact-playlist-inner-container swp-playlist-popup-inner\">\r\n\t\t\t\t\t<div class=\"swp-compact-playlist-inner\">\r\n\t\t\t\t\t\t\t<div class=\"swp_music_player_entry compact-player-entry mpfe_clearfix\" data-mediafile=\"https:\/\/www.dr-mfo.com\/wp-content\/uploads\/2021\/04\/Bos-Sokak.mp3\">\r\n\t\t\t<span class=\"swp_song_details player_entry_left compact_player_entry_left\">\r\n\t\t\t\t<span class=\"play_icon compact_player_playlist_under_play\">\r\n\t\t\t\t\t<i class=\"fas fa-play before_song compact_bs compact_bs_play\"><\/i>\r\n\t\t\t\t\t<i class=\"fas fa-pause before_song compact_bs compact_bs_pause display_none\"><\/i>\r\n\t\t\t\t<\/span>\r\n\t\t\t\t<span class=\"player_song_name transition3\" data-albumname=\"Dr. MFO\">\r\n\t\t\t\t\tBo\u015f Sokak\t\t\t\t<\/span>\r\n\t\t\t\t\t\t\t<\/span>\r\n\r\n\t\t\t<span class=\"entry_duration mpfe_fix_lh\"><\/span>\t\t\r\n\r\n\t\t\t<span class=\"song_buy_icons compact_buy_icons transition3 mpfe_clearfix mobile_visibility_hide\">\r\n\t\t\t\t\t\t\t\t\t\t\t\t\t\t\t\t\t\t\t<\/span>\r\n\r\n\t\t\t\t\t<\/div>\r\n\r\n\t\t\t\t<div class=\"swp_music_player_entry compact-player-entry mpfe_clearfix\" data-mediafile=\"https:\/\/www.dr-mfo.com\/wp-content\/uploads\/2021\/04\/Yalniz-Kalmak.mp3\">\r\n\t\t\t<span class=\"swp_song_details player_entry_left compact_player_entry_left\">\r\n\t\t\t\t<span class=\"play_icon compact_player_playlist_under_play\">\r\n\t\t\t\t\t<i class=\"fas fa-play before_song compact_bs compact_bs_play\"><\/i>\r\n\t\t\t\t\t<i class=\"fas fa-pause before_song compact_bs compact_bs_pause display_none\"><\/i>\r\n\t\t\t\t<\/span>\r\n\t\t\t\t<span class=\"player_song_name transition3\" data-albumname=\"Dr. MFO\">\r\n\t\t\t\t\tYaln\u0131z Kalmak\t\t\t\t<\/span>\r\n\t\t\t\t\t\t\t<\/span>\r\n\r\n\t\t\t<span class=\"entry_duration mpfe_fix_lh\"><\/span>\t\t\r\n\r\n\t\t\t<span class=\"song_buy_icons compact_buy_icons transition3 mpfe_clearfix mobile_visibility_hide\">\r\n\t\t\t\t\t\t\t\t\t\t\t\t\t\t\t\t\t\t\t<\/span>\r\n\r\n\t\t\t\t\t<\/div>\r\n\r\n\t\t\t\t<div class=\"swp_music_player_entry compact-player-entry mpfe_clearfix\" data-mediafile=\"https:\/\/www.dr-mfo.com\/wp-content\/uploads\/2021\/04\/Hayallerimde-Gordum.mp3\">\r\n\t\t\t<span class=\"swp_song_details player_entry_left compact_player_entry_left\">\r\n\t\t\t\t<span class=\"play_icon compact_player_playlist_under_play\">\r\n\t\t\t\t\t<i class=\"fas fa-play before_song compact_bs compact_bs_play\"><\/i>\r\n\t\t\t\t\t<i class=\"fas fa-pause before_song compact_bs compact_bs_pause display_none\"><\/i>\r\n\t\t\t\t<\/span>\r\n\t\t\t\t<span class=\"player_song_name transition3\" data-albumname=\"Dr. MFO\">\r\n\t\t\t\t\tHayallerimde G\u00f6rd\u00fcm\t\t\t\t<\/span>\r\n\t\t\t\t\t\t\t<\/span>\r\n\r\n\t\t\t<span class=\"entry_duration mpfe_fix_lh\"><\/span>\t\t\r\n\r\n\t\t\t<span class=\"song_buy_icons compact_buy_icons transition3 mpfe_clearfix mobile_visibility_hide\">\r\n\t\t\t\t\t\t\t\t\t\t\t\t\t\t\t\t\t\t\t<\/span>\r\n\r\n\t\t\t\t\t<\/div>\r\n\r\n\t\t\t\t<div class=\"swp_music_player_entry compact-player-entry mpfe_clearfix\" data-mediafile=\"https:\/\/www.dr-mfo.com\/wp-content\/uploads\/2021\/04\/Seni-Bilmezler-Yar.mp3\">\r\n\t\t\t<span class=\"swp_song_details player_entry_left compact_player_entry_left\">\r\n\t\t\t\t<span class=\"play_icon compact_player_playlist_under_play\">\r\n\t\t\t\t\t<i class=\"fas fa-play before_song compact_bs compact_bs_play\"><\/i>\r\n\t\t\t\t\t<i class=\"fas fa-pause before_song compact_bs compact_bs_pause display_none\"><\/i>\r\n\t\t\t\t<\/span>\r\n\t\t\t\t<span class=\"player_song_name transition3\" data-albumname=\"Dr. MFO\">\r\n\t\t\t\t\tSeni Bilmezler Yar\t\t\t\t<\/span>\r\n\t\t\t\t\t\t\t<\/span>\r\n\r\n\t\t\t<span class=\"entry_duration mpfe_fix_lh\"><\/span>\t\t\r\n\r\n\t\t\t<span class=\"song_buy_icons compact_buy_icons transition3 mpfe_clearfix mobile_visibility_hide\">\r\n\t\t\t\t\t\t\t\t\t\t\t\t\t\t\t\t\t\t\t<\/span>\r\n\r\n\t\t\t\t\t<\/div>\r\n\r\n\t\t\t\t<div class=\"swp_music_player_entry compact-player-entry mpfe_clearfix\" data-mediafile=\"https:\/\/www.dr-mfo.com\/wp-content\/uploads\/2021\/04\/Guvercin-Kanadinda.mp3\">\r\n\t\t\t<span class=\"swp_song_details player_entry_left compact_player_entry_left\">\r\n\t\t\t\t<span class=\"play_icon compact_player_playlist_under_play\">\r\n\t\t\t\t\t<i class=\"fas fa-play before_song compact_bs compact_bs_play\"><\/i>\r\n\t\t\t\t\t<i class=\"fas fa-pause before_song compact_bs compact_bs_pause display_none\"><\/i>\r\n\t\t\t\t<\/span>\r\n\t\t\t\t<span class=\"player_song_name transition3\" data-albumname=\"Dr. MFO\">\r\n\t\t\t\t\tG\u00fcvercin Kanadina\t\t\t\t<\/span>\r\n\t\t\t\t\t\t\t<\/span>\r\n\r\n\t\t\t<span class=\"entry_duration mpfe_fix_lh\"><\/span>\t\t\r\n\r\n\t\t\t<span class=\"song_buy_icons compact_buy_icons transition3 mpfe_clearfix mobile_visibility_hide\">\r\n\t\t\t\t\t\t\t\t\t\t\t\t\t\t\t\t\t\t\t<\/span>\r\n\r\n\t\t\t\t\t<\/div>\r\n\r\n\t\t\t\t<div class=\"swp_music_player_entry compact-player-entry mpfe_clearfix\" data-mediafile=\"https:\/\/www.dr-mfo.com\/wp-content\/uploads\/2021\/04\/Kulelerdeyim.mp3\">\r\n\t\t\t<span class=\"swp_song_details player_entry_left compact_player_entry_left\">\r\n\t\t\t\t<span class=\"play_icon compact_player_playlist_under_play\">\r\n\t\t\t\t\t<i class=\"fas fa-play before_song compact_bs compact_bs_play\"><\/i>\r\n\t\t\t\t\t<i class=\"fas fa-pause before_song compact_bs compact_bs_pause display_none\"><\/i>\r\n\t\t\t\t<\/span>\r\n\t\t\t\t<span class=\"player_song_name transition3\" data-albumname=\"Dr. MFO\">\r\n\t\t\t\t\tKulelerdeyim\t\t\t\t<\/span>\r\n\t\t\t\t\t\t\t<\/span>\r\n\r\n\t\t\t<span class=\"entry_duration mpfe_fix_lh\"><\/span>\t\t\r\n\r\n\t\t\t<span class=\"song_buy_icons compact_buy_icons transition3 mpfe_clearfix mobile_visibility_hide\">\r\n\t\t\t\t\t\t\t\t\t\t\t\t\t\t\t\t\t\t\t<\/span>\r\n\r\n\t\t\t\t\t<\/div>\r\n\r\n\t\t\t\t<div class=\"swp_music_player_entry compact-player-entry mpfe_clearfix\" data-mediafile=\"https:\/\/www.dr-mfo.com\/wp-content\/uploads\/2021\/04\/Kurtar.mp3\">\r\n\t\t\t<span class=\"swp_song_details player_entry_left compact_player_entry_left\">\r\n\t\t\t\t<span class=\"play_icon compact_player_playlist_under_play\">\r\n\t\t\t\t\t<i class=\"fas fa-play before_song compact_bs compact_bs_play\"><\/i>\r\n\t\t\t\t\t<i class=\"fas fa-pause before_song compact_bs compact_bs_pause display_none\"><\/i>\r\n\t\t\t\t<\/span>\r\n\t\t\t\t<span class=\"player_song_name transition3\" data-albumname=\"Dr. MFO\">\r\n\t\t\t\t\tKurtar Baba\t\t\t\t<\/span>\r\n\t\t\t\t\t\t\t<\/span>\r\n\r\n\t\t\t<span class=\"entry_duration mpfe_fix_lh\"><\/span>\t\t\r\n\r\n\t\t\t<span class=\"song_buy_icons compact_buy_icons transition3 mpfe_clearfix mobile_visibility_hide\">\r\n\t\t\t\t\t\t\t\t\t\t\t\t\t\t\t\t\t\t\t<\/span>\r\n\r\n\t\t\t\t\t<\/div>\r\n\r\n\t\t\t\t\t\t\t<\/div>\r\n\t\t\t\t<\/div>\r\n\t\t\t<\/div>\r\n\t\t<\/div>\r\n\r\n\t\t\t\t\t\t<\/div>\n\t\t\t\t<\/div>\n\t\t\t\t\t<\/div>\n\t\t<\/div>\n\t\t\t\t\t<\/div>\n\t\t<\/section>\n\t\t\t\t<\/div>","protected":false},"excerpt":{"rendered":"<p>Dr. MFO Songs Dr. MFO spielt klassische Gitarre, Elektrogitarre und t\u00fcrkische Sufi Ney. Er hat mehr als 50 Lieder komponiert und 50 Gedichte geschrieben. https:\/\/www.youtube.com\/watch?v=Ag00v9VMN1Yhttps:\/\/www.youtube.com\/watch?v=SMccXaHV40o 0:00 \/ 0:00 Bo\u015f Sokak Yaln\u0131z Kalmak Hayallerimde G\u00f6rd\u00fcm Seni Bilmezler Yar G\u00fcvercin Kanad\u0131na Kulelerdeyim Kurtar Baba<\/p>","protected":false},"author":2,"featured_media":0,"parent":0,"menu_order":0,"comment_status":"closed","ping_status":"closed","template":"","meta":{"_acf_changed":false,"footnotes":""},"class_list":["post-2708","page","type-page","status-publish","hentry"],"acf":[],"_links":{"self":[{"href":"https:\/\/www.dr-mfo.com\/de\/wp-json\/wp\/v2\/pages\/2708","targetHints":{"allow":["GET"]}}],"collection":[{"href":"https:\/\/www.dr-mfo.com\/de\/wp-json\/wp\/v2\/pages"}],"about":[{"href":"https:\/\/www.dr-mfo.com\/de\/wp-json\/wp\/v2\/types\/page"}],"author":[{"embeddable":true,"href":"https:\/\/www.dr-mfo.com\/de\/wp-json\/wp\/v2\/users\/2"}],"replies":[{"embeddable":true,"href":"https:\/\/www.dr-mfo.com\/de\/wp-json\/wp\/v2\/comments?post=2708"}],"version-history":[{"count":0,"href":"https:\/\/www.dr-mfo.com\/de\/wp-json\/wp\/v2\/pages\/2708\/revisions"}],"wp:attachment":[{"href":"https:\/\/www.dr-mfo.com\/de\/wp-json\/wp\/v2\/media?parent=2708"}],"curies":[{"name":"wp","href":"https:\/\/api.w.org\/{rel}","templated":true}]}}