{"id":2838,"date":"2022-04-20T12:03:04","date_gmt":"2022-04-20T11:03:04","guid":{"rendered":"https:\/\/www.dr-mfo.com\/?page_id=2838"},"modified":"2026-02-22T11:14:36","modified_gmt":"2026-02-22T11:14:36","slug":"faqs-haufig-gestellte-fragen","status":"publish","type":"page","link":"https:\/\/www.dr-mfo.com\/de\/faqs-frequently-asked-questions\/","title":{"rendered":"H\u00e4ufig gestellte Fragen"},"content":{"rendered":"<div data-elementor-type=\"wp-page\" data-elementor-id=\"2838\" class=\"elementor elementor-2838\">\n\t\t\t\t\t\t<section class=\"elementor-section elementor-top-section elementor-element elementor-element-f7df023 elementor-section-full_width elementor-section-height-default elementor-section-height-default\" data-id=\"f7df023\" data-element_type=\"section\" data-e-type=\"section\">\n\t\t\t\t\t\t<div class=\"elementor-container elementor-column-gap-default\">\n\t\t\t\t\t<div class=\"elementor-column elementor-col-100 elementor-top-column elementor-element elementor-element-1645ad6\" data-id=\"1645ad6\" data-element_type=\"column\" data-e-type=\"column\">\n\t\t\t<div class=\"elementor-widget-wrap elementor-element-populated\">\n\t\t\t\t\t\t<div class=\"elementor-element elementor-element-173439c elementor-widget-divider--view-line elementor-widget elementor-widget-divider\" data-id=\"173439c\" data-element_type=\"widget\" data-e-type=\"widget\" data-widget_type=\"divider.default\">\n\t\t\t\t\t\t\t<div class=\"elementor-divider\">\n\t\t\t<span class=\"elementor-divider-separator\">\n\t\t\t\t\t\t<\/span>\n\t\t<\/div>\n\t\t\t\t\t\t<\/div>\n\t\t\t\t<div class=\"elementor-element elementor-element-be7ecb3 elementor-widget-divider--view-line elementor-widget elementor-widget-divider\" data-id=\"be7ecb3\" data-element_type=\"widget\" data-e-type=\"widget\" data-widget_type=\"divider.default\">\n\t\t\t\t\t\t\t<div class=\"elementor-divider\">\n\t\t\t<span class=\"elementor-divider-separator\">\n\t\t\t\t\t\t<\/span>\n\t\t<\/div>\n\t\t\t\t\t\t<\/div>\n\t\t\t\t<div class=\"elementor-element elementor-element-7c3fbf8 elementor-widget-divider--view-line elementor-widget elementor-widget-divider\" data-id=\"7c3fbf8\" data-element_type=\"widget\" data-e-type=\"widget\" data-widget_type=\"divider.default\">\n\t\t\t\t\t\t\t<div class=\"elementor-divider\">\n\t\t\t<span class=\"elementor-divider-separator\">\n\t\t\t\t\t\t<\/span>\n\t\t<\/div>\n\t\t\t\t\t\t<\/div>\n\t\t\t\t<div class=\"elementor-element elementor-element-c90a926 elementor-widget elementor-widget-heading\" data-id=\"c90a926\" data-element_type=\"widget\" data-e-type=\"widget\" data-widget_type=\"heading.default\">\n\t\t\t\t\t<h2 class=\"elementor-heading-title elementor-size-default\">H\u00e4ufig gestellte Fragen<\/h2>\t\t\t\t<\/div>\n\t\t\t\t<div class=\"elementor-element elementor-element-d8e3d33 elementor-widget-divider--view-line elementor-widget elementor-widget-divider\" data-id=\"d8e3d33\" data-element_type=\"widget\" data-e-type=\"widget\" data-widget_type=\"divider.default\">\n\t\t\t\t\t\t\t<div class=\"elementor-divider\">\n\t\t\t<span class=\"elementor-divider-separator\">\n\t\t\t\t\t\t<\/span>\n\t\t<\/div>\n\t\t\t\t\t\t<\/div>\n\t\t\t\t\t<\/div>\n\t\t<\/div>\n\t\t\t\t\t<\/div>\n\t\t<\/section>\n\t\t\t\t<section class=\"elementor-section elementor-top-section elementor-element elementor-element-de0805a elementor-section-full_width elementor-section-height-default elementor-section-height-default\" data-id=\"de0805a\" data-element_type=\"section\" data-e-type=\"section\">\n\t\t\t\t\t\t<div class=\"elementor-container elementor-column-gap-default\">\n\t\t\t\t\t<div class=\"elementor-column elementor-col-50 elementor-top-column elementor-element elementor-element-fe5e097\" data-id=\"fe5e097\" data-element_type=\"column\" data-e-type=\"column\">\n\t\t\t<div class=\"elementor-widget-wrap elementor-element-populated\">\n\t\t\t\t\t\t<div class=\"elementor-element elementor-element-b99534f elementor-widget elementor-widget-toggle\" data-id=\"b99534f\" data-element_type=\"widget\" data-e-type=\"widget\" data-widget_type=\"toggle.default\">\n\t\t\t\t\t\t\t<div class=\"elementor-toggle\">\n\t\t\t\t\t\t\t<div class=\"elementor-toggle-item\">\n\t\t\t\t\t<div id=\"elementor-tab-title-1941\" class=\"elementor-tab-title\" data-tab=\"1\" role=\"button\" aria-controls=\"elementor-tab-content-1941\" aria-expanded=\"false\">\n\t\t\t\t\t\t\t\t\t\t\t\t<span class=\"elementor-toggle-icon elementor-toggle-icon-left\" aria-hidden=\"true\">\n\t\t\t\t\t\t\t\t\t\t\t\t\t\t\t<span class=\"elementor-toggle-icon-closed\"><i class=\"fas fa-caret-right\"><\/i><\/span>\n\t\t\t\t\t\t\t\t<span class=\"elementor-toggle-icon-opened\"><i class=\"elementor-toggle-icon-opened fas fa-caret-up\"><\/i><\/span>\n\t\t\t\t\t\t\t\t\t\t\t\t\t<\/span>\n\t\t\t\t\t\t\t\t\t\t\t\t<a class=\"elementor-toggle-title\" tabindex=\"0\">Bei wem werden Verfahren der \u00c4sthetischen Chirurgie angewendet?<\/a>\n\t\t\t\t\t<\/div>\n\n\t\t\t\t\t<div id=\"elementor-tab-content-1941\" class=\"elementor-tab-content elementor-clearfix\" data-tab=\"1\" role=\"region\" aria-labelledby=\"elementor-tab-title-1941\"><p><span style=\"color: #000000;\">Jeder, der eine Versch\u00f6nerungs- oder Verj\u00fcngungserwartung hat, die er ohne K\u00f6rperbildst\u00f6rung an jeder Stelle seines K\u00f6rpers konkret beschreiben kann, ist ein geeigneter Kandidat f\u00fcr \u00c4sthetik<\/span><\/p><\/div>\n\t\t\t\t<\/div>\n\t\t\t\t\t\t\t<div class=\"elementor-toggle-item\">\n\t\t\t\t\t<div id=\"elementor-tab-title-1942\" class=\"elementor-tab-title\" data-tab=\"2\" role=\"button\" aria-controls=\"elementor-tab-content-1942\" aria-expanded=\"false\">\n\t\t\t\t\t\t\t\t\t\t\t\t<span class=\"elementor-toggle-icon elementor-toggle-icon-left\" aria-hidden=\"true\">\n\t\t\t\t\t\t\t\t\t\t\t\t\t\t\t<span class=\"elementor-toggle-icon-closed\"><i class=\"fas fa-caret-right\"><\/i><\/span>\n\t\t\t\t\t\t\t\t<span class=\"elementor-toggle-icon-opened\"><i class=\"elementor-toggle-icon-opened fas fa-caret-up\"><\/i><\/span>\n\t\t\t\t\t\t\t\t\t\t\t\t\t<\/span>\n\t\t\t\t\t\t\t\t\t\t\t\t<a class=\"elementor-toggle-title\" tabindex=\"0\">Wie lange dauert es, bis Sie nach einer \u00e4sthetischen Operation wieder ins normale Leben zur\u00fcckkehren?<\/a>\n\t\t\t\t\t<\/div>\n\n\t\t\t\t\t<div id=\"elementor-tab-content-1942\" class=\"elementor-tab-content elementor-clearfix\" data-tab=\"2\" role=\"region\" aria-labelledby=\"elementor-tab-title-1942\"><p><span style=\"color: #000000;\">Obwohl es je nach Gr\u00f6\u00dfe und Merkmalen des \u00e4sthetisch-chirurgischen Eingriffs unterschiedlich ist, ist es bei den meisten Eingriffen m\u00f6glich, am Tag nach dem Eingriff entlassen zu werden und drei Tage sp\u00e4ter wieder an die Arbeit zur\u00fcckzukehren. Allerdings kann die R\u00fcckkehr in den Beruf in Berufen, die intensive k\u00f6rperliche Aktivit\u00e4t erfordern, einige Tage bis einige Wochen dauern.<\/span><\/p><\/div>\n\t\t\t\t<\/div>\n\t\t\t\t\t\t\t<div class=\"elementor-toggle-item\">\n\t\t\t\t\t<div id=\"elementor-tab-title-1943\" class=\"elementor-tab-title\" data-tab=\"3\" role=\"button\" aria-controls=\"elementor-tab-content-1943\" aria-expanded=\"false\">\n\t\t\t\t\t\t\t\t\t\t\t\t<span class=\"elementor-toggle-icon elementor-toggle-icon-left\" aria-hidden=\"true\">\n\t\t\t\t\t\t\t\t\t\t\t\t\t\t\t<span class=\"elementor-toggle-icon-closed\"><i class=\"fas fa-caret-right\"><\/i><\/span>\n\t\t\t\t\t\t\t\t<span class=\"elementor-toggle-icon-opened\"><i class=\"elementor-toggle-icon-opened fas fa-caret-up\"><\/i><\/span>\n\t\t\t\t\t\t\t\t\t\t\t\t\t<\/span>\n\t\t\t\t\t\t\t\t\t\t\t\t<a class=\"elementor-toggle-title\" tabindex=\"0\">Was ist die beste Jahreszeit f\u00fcr \u00c4sthetische Chirurgie?<\/a>\n\t\t\t\t\t<\/div>\n\n\t\t\t\t\t<div id=\"elementor-tab-content-1943\" class=\"elementor-tab-content elementor-clearfix\" data-tab=\"3\" role=\"region\" aria-labelledby=\"elementor-tab-title-1943\"><p><span style=\"color: #000000;\">Alle Jahreszeiten sind f\u00fcr plastische Operationen geeignet, wenn die behandelten Bereiche richtig gepflegt werden. Ausnahmsweise k\u00f6nnen Peelings und Laseranwendungen die Pickelbildung verst\u00e4rken, daher werden sie meist in den Wintermonaten bevorzugt.<\/span><\/p><\/div>\n\t\t\t\t<\/div>\n\t\t\t\t\t\t\t<div class=\"elementor-toggle-item\">\n\t\t\t\t\t<div id=\"elementor-tab-title-1944\" class=\"elementor-tab-title\" data-tab=\"4\" role=\"button\" aria-controls=\"elementor-tab-content-1944\" aria-expanded=\"false\">\n\t\t\t\t\t\t\t\t\t\t\t\t<span class=\"elementor-toggle-icon elementor-toggle-icon-left\" aria-hidden=\"true\">\n\t\t\t\t\t\t\t\t\t\t\t\t\t\t\t<span class=\"elementor-toggle-icon-closed\"><i class=\"fas fa-caret-right\"><\/i><\/span>\n\t\t\t\t\t\t\t\t<span class=\"elementor-toggle-icon-opened\"><i class=\"elementor-toggle-icon-opened fas fa-caret-up\"><\/i><\/span>\n\t\t\t\t\t\t\t\t\t\t\t\t\t<\/span>\n\t\t\t\t\t\t\t\t\t\t\t\t<a class=\"elementor-toggle-title\" tabindex=\"0\">Wie lange dauert es, bis ich das Endergebnis sehe?<\/a>\n\t\t\t\t\t<\/div>\n\n\t\t\t\t\t<div id=\"elementor-tab-content-1944\" class=\"elementor-tab-content elementor-clearfix\" data-tab=\"4\" role=\"region\" aria-labelledby=\"elementor-tab-title-1944\"><p><span style=\"color: #000000;\">Alle Prozesse, die wir anwenden, sind Traumata, die als Ergebnis auf eine gew\u00fcnschte Ver\u00e4nderung zielen. Wunden aller Art finden nach klassischer Erkenntnis im Bereich von 6 Monaten bis 2 Jahren ihre endg\u00fcltige Form. Es ist jedoch m\u00f6glich, 90% des Nettoergebnisses zwischen 2 Wochen und 2 Monaten bei plastischen Eingriffen mit erfahrenen H\u00e4nden zu sehen.<\/span><\/p><\/div>\n\t\t\t\t<\/div>\n\t\t\t\t\t\t\t<div class=\"elementor-toggle-item\">\n\t\t\t\t\t<div id=\"elementor-tab-title-1945\" class=\"elementor-tab-title\" data-tab=\"5\" role=\"button\" aria-controls=\"elementor-tab-content-1945\" aria-expanded=\"false\">\n\t\t\t\t\t\t\t\t\t\t\t\t<span class=\"elementor-toggle-icon elementor-toggle-icon-left\" aria-hidden=\"true\">\n\t\t\t\t\t\t\t\t\t\t\t\t\t\t\t<span class=\"elementor-toggle-icon-closed\"><i class=\"fas fa-caret-right\"><\/i><\/span>\n\t\t\t\t\t\t\t\t<span class=\"elementor-toggle-icon-opened\"><i class=\"elementor-toggle-icon-opened fas fa-caret-up\"><\/i><\/span>\n\t\t\t\t\t\t\t\t\t\t\t\t\t<\/span>\n\t\t\t\t\t\t\t\t\t\t\t\t<a class=\"elementor-toggle-title\" tabindex=\"0\">K\u00f6nnen mehrere Eingriffe der \u00e4sthetischen Chirurgie gleichzeitig durchgef\u00fchrt werden?<\/a>\n\t\t\t\t\t<\/div>\n\n\t\t\t\t\t<div id=\"elementor-tab-content-1945\" class=\"elementor-tab-content elementor-clearfix\" data-tab=\"5\" role=\"region\" aria-labelledby=\"elementor-tab-title-1945\"><p><span style=\"color: #000000;\">Die Nachfrage und Anwendungsh\u00e4ufigkeit von kombinierten \u00e4sthetischen Verfahren, die die Kombination von mehr als einem \u00e4sthetisch-chirurgischen Verfahren ausdr\u00fccken, nimmt von Tag zu Tag zu.<\/span><\/p><\/div>\n\t\t\t\t<\/div>\n\t\t\t\t\t\t\t<div class=\"elementor-toggle-item\">\n\t\t\t\t\t<div id=\"elementor-tab-title-1946\" class=\"elementor-tab-title\" data-tab=\"6\" role=\"button\" aria-controls=\"elementor-tab-content-1946\" aria-expanded=\"false\">\n\t\t\t\t\t\t\t\t\t\t\t\t<span class=\"elementor-toggle-icon elementor-toggle-icon-left\" aria-hidden=\"true\">\n\t\t\t\t\t\t\t\t\t\t\t\t\t\t\t<span class=\"elementor-toggle-icon-closed\"><i class=\"fas fa-caret-right\"><\/i><\/span>\n\t\t\t\t\t\t\t\t<span class=\"elementor-toggle-icon-opened\"><i class=\"elementor-toggle-icon-opened fas fa-caret-up\"><\/i><\/span>\n\t\t\t\t\t\t\t\t\t\t\t\t\t<\/span>\n\t\t\t\t\t\t\t\t\t\t\t\t<a class=\"elementor-toggle-title\" tabindex=\"0\">Welche Risiken bergen Silikon-Brustprothesen?<\/a>\n\t\t\t\t\t<\/div>\n\n\t\t\t\t\t<div id=\"elementor-tab-content-1946\" class=\"elementor-tab-content elementor-clearfix\" data-tab=\"6\" role=\"region\" aria-labelledby=\"elementor-tab-title-1946\"><p><span style=\"color: #000000;\">Die Risiken aller Fremdmaterialien, die nicht aus dem eigenen Gewebe stammen, gelten auch f\u00fcr Silikon-Brustprothesen. Untersuchungen und unsere Erfahrung zeigen jedoch, dass diese Risiken mit Prothesen der neuesten Generation anerkannter Marken auf 3-5% reduziert werden. Also 95-97% erfolgreiches Ergebnis.<\/span><\/p><\/div>\n\t\t\t\t<\/div>\n\t\t\t\t\t\t\t\t<\/div>\n\t\t\t\t\t\t<\/div>\n\t\t\t\t\t<\/div>\n\t\t<\/div>\n\t\t\t\t<div class=\"elementor-column elementor-col-50 elementor-top-column elementor-element elementor-element-860994f\" data-id=\"860994f\" data-element_type=\"column\" data-e-type=\"column\">\n\t\t\t<div class=\"elementor-widget-wrap elementor-element-populated\">\n\t\t\t\t\t\t<div class=\"elementor-element elementor-element-9fe12e7 elementor-widget elementor-widget-toggle\" data-id=\"9fe12e7\" data-element_type=\"widget\" data-e-type=\"widget\" data-widget_type=\"toggle.default\">\n\t\t\t\t\t\t\t<div class=\"elementor-toggle\">\n\t\t\t\t\t\t\t<div class=\"elementor-toggle-item\">\n\t\t\t\t\t<div id=\"elementor-tab-title-1671\" class=\"elementor-tab-title\" data-tab=\"1\" role=\"button\" aria-controls=\"elementor-tab-content-1671\" aria-expanded=\"false\">\n\t\t\t\t\t\t\t\t\t\t\t\t<span class=\"elementor-toggle-icon elementor-toggle-icon-left\" aria-hidden=\"true\">\n\t\t\t\t\t\t\t\t\t\t\t\t\t\t\t<span class=\"elementor-toggle-icon-closed\"><i class=\"fas fa-caret-right\"><\/i><\/span>\n\t\t\t\t\t\t\t\t<span class=\"elementor-toggle-icon-opened\"><i class=\"elementor-toggle-icon-opened fas fa-caret-up\"><\/i><\/span>\n\t\t\t\t\t\t\t\t\t\t\t\t\t<\/span>\n\t\t\t\t\t\t\t\t\t\t\t\t<a class=\"elementor-toggle-title\" tabindex=\"0\">Wichtige Fragen, die Sie Ihrem Chirurgen stellen sollten:<\/a>\n\t\t\t\t\t<\/div>\n\n\t\t\t\t\t<div id=\"elementor-tab-content-1671\" class=\"elementor-tab-content elementor-clearfix\" data-tab=\"1\" role=\"region\" aria-labelledby=\"elementor-tab-title-1671\"><p><span style=\"color: #000000;\">Bin ich ein geeigneter Kandidat f\u00fcr das Verfahren, das mich interessiert? Wenn nein, was h\u00e4lt mich davon ab, Kandidat zu werden?<\/span><\/p><p><span style=\"color: #000000;\">Was sind die Vorteile?<\/span><\/p><p><span style=\"color: #000000;\">Was sind die Risiken?<\/span><\/p><p><span style=\"color: #000000;\">Welche Board-Zertifizierung(en) besitzen Sie?<\/span><\/p><p><span style=\"color: #000000;\">Welche Art von An\u00e4sthesie ist f\u00fcr diesen Eingriff erforderlich?<\/span><\/p><\/div>\n\t\t\t\t<\/div>\n\t\t\t\t\t\t\t<div class=\"elementor-toggle-item\">\n\t\t\t\t\t<div id=\"elementor-tab-title-1672\" class=\"elementor-tab-title\" data-tab=\"2\" role=\"button\" aria-controls=\"elementor-tab-content-1672\" aria-expanded=\"false\">\n\t\t\t\t\t\t\t\t\t\t\t\t<span class=\"elementor-toggle-icon elementor-toggle-icon-left\" aria-hidden=\"true\">\n\t\t\t\t\t\t\t\t\t\t\t\t\t\t\t<span class=\"elementor-toggle-icon-closed\"><i class=\"fas fa-caret-right\"><\/i><\/span>\n\t\t\t\t\t\t\t\t<span class=\"elementor-toggle-icon-opened\"><i class=\"elementor-toggle-icon-opened fas fa-caret-up\"><\/i><\/span>\n\t\t\t\t\t\t\t\t\t\t\t\t\t<\/span>\n\t\t\t\t\t\t\t\t\t\t\t\t<a class=\"elementor-toggle-title\" tabindex=\"0\">Muss ich eine Auszeit von der Arbeit nehmen?<\/a>\n\t\t\t\t\t<\/div>\n\n\t\t\t\t\t<div id=\"elementor-tab-content-1672\" class=\"elementor-tab-content elementor-clearfix\" data-tab=\"2\" role=\"region\" aria-labelledby=\"elementor-tab-title-1672\"><p><span style=\"color: #000000;\">Die Arbeitsbefreiung wird individuell auf die Art des chirurgischen Eingriffs und die auszuf\u00fchrenden Arbeiten abgestimmt. Der Genesungsprozess wird bei Ihrem Beratungsgespr\u00e4ch ausf\u00fchrlich besprochen. Die durchschnittliche Zeitspanne f\u00fcr einen freien Tag kann zwischen 3 und 7 Tagen liegen. Detaillierte und kombinierte Operationen wie Bauchdeckenstraffungen dauern in der Regel l\u00e4nger.<\/span><\/p><\/div>\n\t\t\t\t<\/div>\n\t\t\t\t\t\t\t<div class=\"elementor-toggle-item\">\n\t\t\t\t\t<div id=\"elementor-tab-title-1673\" class=\"elementor-tab-title\" data-tab=\"3\" role=\"button\" aria-controls=\"elementor-tab-content-1673\" aria-expanded=\"false\">\n\t\t\t\t\t\t\t\t\t\t\t\t<span class=\"elementor-toggle-icon elementor-toggle-icon-left\" aria-hidden=\"true\">\n\t\t\t\t\t\t\t\t\t\t\t\t\t\t\t<span class=\"elementor-toggle-icon-closed\"><i class=\"fas fa-caret-right\"><\/i><\/span>\n\t\t\t\t\t\t\t\t<span class=\"elementor-toggle-icon-opened\"><i class=\"elementor-toggle-icon-opened fas fa-caret-up\"><\/i><\/span>\n\t\t\t\t\t\t\t\t\t\t\t\t\t<\/span>\n\t\t\t\t\t\t\t\t\t\t\t\t<a class=\"elementor-toggle-title\" tabindex=\"0\">Bleiben nach der \u00e4sthetischen Chirurgie Narben zur\u00fcck?<\/a>\n\t\t\t\t\t<\/div>\n\n\t\t\t\t\t<div id=\"elementor-tab-content-1673\" class=\"elementor-tab-content elementor-clearfix\" data-tab=\"3\" role=\"region\" aria-labelledby=\"elementor-tab-title-1673\"><p><span style=\"color: #000000;\">Alle chirurgischen Eingriffe hinterlassen mehr oder weniger Narben. Grunds\u00e4tzlich h\u00e4ngt dieser Grad der Erlaubnis direkt mit Ihrer genetischen Struktur zusammen. Diese Narben an weniger sichtbaren Stellen zu verbergen und zwischen den Hautfalten verschwinden zu lassen, geh\u00f6rt zu den Grundprinzipien der \u00c4sthetischen Chirurgie.<\/span><\/p><\/div>\n\t\t\t\t<\/div>\n\t\t\t\t\t\t\t<div class=\"elementor-toggle-item\">\n\t\t\t\t\t<div id=\"elementor-tab-title-1674\" class=\"elementor-tab-title\" data-tab=\"4\" role=\"button\" aria-controls=\"elementor-tab-content-1674\" aria-expanded=\"false\">\n\t\t\t\t\t\t\t\t\t\t\t\t<span class=\"elementor-toggle-icon elementor-toggle-icon-left\" aria-hidden=\"true\">\n\t\t\t\t\t\t\t\t\t\t\t\t\t\t\t<span class=\"elementor-toggle-icon-closed\"><i class=\"fas fa-caret-right\"><\/i><\/span>\n\t\t\t\t\t\t\t\t<span class=\"elementor-toggle-icon-opened\"><i class=\"elementor-toggle-icon-opened fas fa-caret-up\"><\/i><\/span>\n\t\t\t\t\t\t\t\t\t\t\t\t\t<\/span>\n\t\t\t\t\t\t\t\t\t\t\t\t<a class=\"elementor-toggle-title\" tabindex=\"0\">Was bedeutet \u201eBoard-zertifiziert\u201c?<\/a>\n\t\t\t\t\t<\/div>\n\n\t\t\t\t\t<div id=\"elementor-tab-content-1674\" class=\"elementor-tab-content elementor-clearfix\" data-tab=\"4\" role=\"region\" aria-labelledby=\"elementor-tab-title-1674\"><p><span style=\"color: #000000;\">W\u00e4hrend viele Arten von \u00c4rzten Sch\u00f6nheitsoperationen durchf\u00fchren k\u00f6nnen, vertrauen Sie Ihr Aussehen und Ihr Leben dem Arzt Ihrer Wahl an. Jeder Eingriff in der Sch\u00f6nheitschirurgie ist mit Risiken und m\u00f6glichen Komplikationen verbunden. Wenn Sie sich entschieden haben, sich im Ausland einer Sch\u00f6nheitsoperation zu unterziehen, sollten Sie darauf vertrauen, dass dies der Fall ist <a href=\"https:\/\/www.dr-mfo.com\/de\/\">der Chirurg<\/a> Sie w\u00e4hlen, ist ordnungsgem\u00e4\u00df geschult und qualifiziert, um Ihr Verfahren durchzuf\u00fchren.<\/span><\/p><p><span style=\"color: #000000;\">\u00c4sthetisch-plastische Chirurgie erfordert einen hochqualifizierten und qualifizierten plastischen Chirurgen. Diejenigen, die vom Vorstand zertifiziert sind, erf\u00fcllen strenge Standards, haben einen Abschluss an einer akkreditierten medizinischen Fakult\u00e4t, bestehen umfassende Pr\u00fcfungen und praktizieren nach Abschluss der Ausbildung mindestens drei Jahre lang aktiv plastische Chirurgie.<\/span><\/p><p><span style=\"color: #000000;\">Die Suche nach einem gut ausgebildeten, erfahrenen plastischen Chirurgen ist einer der wichtigsten Schritte, um sicherzustellen, dass Sie die gew\u00fcnschten Ergebnisse erzielen.<\/span><\/p><\/div>\n\t\t\t\t<\/div>\n\t\t\t\t\t\t\t<div class=\"elementor-toggle-item\">\n\t\t\t\t\t<div id=\"elementor-tab-title-1675\" class=\"elementor-tab-title\" data-tab=\"5\" role=\"button\" aria-controls=\"elementor-tab-content-1675\" aria-expanded=\"false\">\n\t\t\t\t\t\t\t\t\t\t\t\t<span class=\"elementor-toggle-icon elementor-toggle-icon-left\" aria-hidden=\"true\">\n\t\t\t\t\t\t\t\t\t\t\t\t\t\t\t<span class=\"elementor-toggle-icon-closed\"><i class=\"fas fa-caret-right\"><\/i><\/span>\n\t\t\t\t\t\t\t\t<span class=\"elementor-toggle-icon-opened\"><i class=\"elementor-toggle-icon-opened fas fa-caret-up\"><\/i><\/span>\n\t\t\t\t\t\t\t\t\t\t\t\t\t<\/span>\n\t\t\t\t\t\t\t\t\t\t\t\t<a class=\"elementor-toggle-title\" tabindex=\"0\">Wie finde ich heraus, ob mein Arzt f\u00fcr kosmetische Chirurgie zugelassen ist?<\/a>\n\t\t\t\t\t<\/div>\n\n\t\t\t\t\t<div id=\"elementor-tab-content-1675\" class=\"elementor-tab-content elementor-clearfix\" data-tab=\"5\" role=\"region\" aria-labelledby=\"elementor-tab-title-1675\"><p><span style=\"color: #000000;\">Um die Facharztzertifizierung f\u00fcr plastische Chirurgie durch das EBOPRAS (European Board of Plastic, Reconstructive and Aesthetic Surgery) zu \u00fcberpr\u00fcfen, besuchen Sie bitte das Tool \u201eStipendiaten suchen\u201c. Geben Sie den vollst\u00e4ndigen Namen des Arztes ein (<a href=\"https:\/\/www.dr-mfo.com\/de\/who-is-drmfo\/\">Mehmet Fatih Okyay<\/a> ) Sie m\u00f6chten die EBOPRAS-Zertifizierung verifizieren.<\/span><\/p><p><span style=\"color: #000000;\">Um die ISAPS- und EBOPRAS-Mitgliedschaften anzuzeigen, k\u00f6nnen Sie die folgenden Links verwenden;<\/span><\/p><ul><li><span style=\"color: #000000;\">https:\/\/ebopras.eu\/ebopras-fellows<\/span><\/li><li><span style=\"color: #000000;\">https:\/\/www.isaps.org\/member-directory\/?contactid=1645A8F3-ABF8-49CE-1B2816AC6DCAB590<\/span><\/li><\/ul><p><span style=\"color: #000000;\">Die European Board Examination in Plastic Surgery wird vom EBOPRAS-Pr\u00fcfungsausschuss organisiert und soll sowohl als Qualit\u00e4tszeichen dienen als auch zur Harmonisierung von Standards in EU- und UEMS-Mitgliedsl\u00e4ndern beitragen.<\/span><\/p><p><span style=\"color: #000000;\">Diejenigen, die beide Teile der Pr\u00fcfung bestanden haben und Fach\u00e4rzte f\u00fcr Plastische Chirurgie sind und von der zust\u00e4ndigen nationalen Beh\u00f6rde registriert sind, sind berechtigt, ihr EBOPRAS-Zertifikat zu erhalten und sich \u201eFellow of EBOPRAS\u201c nennen zu d\u00fcrfen und die Abk\u00fcrzung FEBOPRAS hinter ihrem Namen zu verwenden .<\/span><\/p><p><span style=\"color: #000000;\">Als weltweit f\u00fchrende Berufsorganisation f\u00fcr staatlich gepr\u00fcfte \u00c4sthetisch-Plastische Chirurgen widmet sich die ISAPS (International Society of Aesthetic Plastic Surgeons) der F\u00f6rderung von Exzellenz auf dem Gebiet der \u00c4sthetisch-Plastischen Chirurgie. Wenn Sie sich f\u00fcr einen Chirurgen eines ISAPS-Mitglieds entscheiden, k\u00f6nnen Sie sicher sein, dass Ihr Chirurg:<\/span><\/p><ul><li><span style=\"color: #000000;\">Ist qualifiziert und erfahren<\/span><\/li><li><span style=\"color: #000000;\">Hat eine Aufzeichnung der Sicherheit<\/span><\/li><li><span style=\"color: #000000;\">Hat eine Verpflichtung zu ethischer Praxis gezeigt<\/span><\/li><li><span style=\"color: #000000;\">Ist in den sichersten, modernsten Techniken und Behandlungen geschult<\/span><\/li><\/ul><\/div>\n\t\t\t\t<\/div>\n\t\t\t\t\t\t\t\t<\/div>\n\t\t\t\t\t\t<\/div>\n\t\t\t\t\t<\/div>\n\t\t<\/div>\n\t\t\t\t\t<\/div>\n\t\t<\/section>\n\t\t\t\t<\/div>","protected":false},"excerpt":{"rendered":"<p>Frequently Asked Questions To whom are Aesthetic Surgery procedures applied? Anyone who has an expectation of beautification or rejuvenation that they can describe concretely in any part of their body without body image disorder is a suitable candidate for Aesthetic Surgery. How long does it take to return to normal life after Aesthetic Surgery? Although [&hellip;]<\/p>\n","protected":false},"author":2,"featured_media":0,"parent":0,"menu_order":0,"comment_status":"closed","ping_status":"closed","template":"","meta":{"_acf_changed":false,"footnotes":""},"class_list":["post-2838","page","type-page","status-publish","hentry"],"acf":[],"_links":{"self":[{"href":"https:\/\/www.dr-mfo.com\/de\/wp-json\/wp\/v2\/pages\/2838","targetHints":{"allow":["GET"]}}],"collection":[{"href":"https:\/\/www.dr-mfo.com\/de\/wp-json\/wp\/v2\/pages"}],"about":[{"href":"https:\/\/www.dr-mfo.com\/de\/wp-json\/wp\/v2\/types\/page"}],"author":[{"embeddable":true,"href":"https:\/\/www.dr-mfo.com\/de\/wp-json\/wp\/v2\/users\/2"}],"replies":[{"embeddable":true,"href":"https:\/\/www.dr-mfo.com\/de\/wp-json\/wp\/v2\/comments?post=2838"}],"version-history":[{"count":0,"href":"https:\/\/www.dr-mfo.com\/de\/wp-json\/wp\/v2\/pages\/2838\/revisions"}],"wp:attachment":[{"href":"https:\/\/www.dr-mfo.com\/de\/wp-json\/wp\/v2\/media?parent=2838"}],"curies":[{"name":"wp","href":"https:\/\/api.w.org\/{rel}","templated":true}]}}