{"id":2867,"date":"2022-04-24T13:33:50","date_gmt":"2022-04-24T10:33:50","guid":{"rendered":"https:\/\/www.dr-mfo.com\/?page_id=2867"},"modified":"2026-02-22T11:13:36","modified_gmt":"2026-02-22T11:13:36","slug":"schonheit","status":"publish","type":"page","link":"https:\/\/www.dr-mfo.com\/de\/beauty\/","title":{"rendered":"Sch\u00f6nheit"},"content":{"rendered":"<div data-elementor-type=\"wp-page\" data-elementor-id=\"2867\" class=\"elementor elementor-2867\">\n\t\t\t\t\t\t<section class=\"elementor-section elementor-top-section elementor-element elementor-element-ce2f74a elementor-section-boxed elementor-section-height-default elementor-section-height-default\" data-id=\"ce2f74a\" data-element_type=\"section\" data-e-type=\"section\">\n\t\t\t\t\t\t<div class=\"elementor-container elementor-column-gap-default\">\n\t\t\t\t\t<div class=\"elementor-column elementor-col-100 elementor-top-column elementor-element elementor-element-ea1c30a\" data-id=\"ea1c30a\" data-element_type=\"column\" data-e-type=\"column\">\n\t\t\t<div class=\"elementor-widget-wrap elementor-element-populated\">\n\t\t\t\t\t\t<div class=\"elementor-element elementor-element-a3e6d70 elementor-widget-divider--view-line elementor-widget elementor-widget-divider\" data-id=\"a3e6d70\" data-element_type=\"widget\" data-e-type=\"widget\" data-widget_type=\"divider.default\">\n\t\t\t\t\t\t\t<div class=\"elementor-divider\">\n\t\t\t<span class=\"elementor-divider-separator\">\n\t\t\t\t\t\t<\/span>\n\t\t<\/div>\n\t\t\t\t\t\t<\/div>\n\t\t\t\t<div class=\"elementor-element elementor-element-1613c2b elementor-widget-divider--view-line elementor-widget elementor-widget-divider\" data-id=\"1613c2b\" data-element_type=\"widget\" data-e-type=\"widget\" data-widget_type=\"divider.default\">\n\t\t\t\t\t\t\t<div class=\"elementor-divider\">\n\t\t\t<span class=\"elementor-divider-separator\">\n\t\t\t\t\t\t<\/span>\n\t\t<\/div>\n\t\t\t\t\t\t<\/div>\n\t\t\t\t<div class=\"elementor-element elementor-element-a2c4a42 elementor-widget-divider--view-line elementor-widget elementor-widget-divider\" data-id=\"a2c4a42\" data-element_type=\"widget\" data-e-type=\"widget\" data-widget_type=\"divider.default\">\n\t\t\t\t\t\t\t<div class=\"elementor-divider\">\n\t\t\t<span class=\"elementor-divider-separator\">\n\t\t\t\t\t\t<\/span>\n\t\t<\/div>\n\t\t\t\t\t\t<\/div>\n\t\t\t\t<div class=\"elementor-element elementor-element-1141a1e elementor-widget elementor-widget-heading\" data-id=\"1141a1e\" data-element_type=\"widget\" data-e-type=\"widget\" data-widget_type=\"heading.default\">\n\t\t\t\t\t<h2 class=\"elementor-heading-title elementor-size-xl\">\u00c4sthetik<\/h2>\t\t\t\t<\/div>\n\t\t\t\t<div class=\"elementor-element elementor-element-632daa8 elementor-widget-divider--view-line elementor-widget elementor-widget-divider\" data-id=\"632daa8\" data-element_type=\"widget\" data-e-type=\"widget\" data-widget_type=\"divider.default\">\n\t\t\t\t\t\t\t<div class=\"elementor-divider\">\n\t\t\t<span class=\"elementor-divider-separator\">\n\t\t\t\t\t\t<\/span>\n\t\t<\/div>\n\t\t\t\t\t\t<\/div>\n\t\t\t\t\t<\/div>\n\t\t<\/div>\n\t\t\t\t\t<\/div>\n\t\t<\/section>\n\t\t\t\t<section class=\"elementor-section elementor-top-section elementor-element elementor-element-943da8e elementor-section-boxed elementor-section-height-default elementor-section-height-default\" data-id=\"943da8e\" data-element_type=\"section\" data-e-type=\"section\">\n\t\t\t\t\t\t<div class=\"elementor-container elementor-column-gap-default\">\n\t\t\t\t\t<div class=\"elementor-column elementor-col-33 elementor-top-column elementor-element elementor-element-6dde7fe\" data-id=\"6dde7fe\" data-element_type=\"column\" data-e-type=\"column\">\n\t\t\t<div class=\"elementor-widget-wrap elementor-element-populated\">\n\t\t\t\t\t\t<div class=\"elementor-element elementor-element-10b18dd elementor-widget elementor-widget-image\" data-id=\"10b18dd\" data-element_type=\"widget\" data-e-type=\"widget\" data-widget_type=\"image.default\">\n\t\t\t\t\t\t\t\t\t\t\t\t\t\t\t\t<a href=\"https:\/\/www.dr-mfo.com\/de\/nanofat\/\">\n\t\t\t\t\t\t\t<img fetchpriority=\"high\" decoding=\"async\" width=\"848\" height=\"630\" src=\"https:\/\/www.dr-mfo.com\/wp-content\/uploads\/2021\/04\/model.png\" class=\"elementor-animation-grow attachment-full size-full wp-image-681\" alt=\"Gesichtsmodell\" srcset=\"https:\/\/www.dr-mfo.com\/wp-content\/uploads\/2021\/04\/model.png 848w, https:\/\/www.dr-mfo.com\/wp-content\/uploads\/2021\/04\/model-300x223.png 300w, https:\/\/www.dr-mfo.com\/wp-content\/uploads\/2021\/04\/model-768x571.png 768w\" sizes=\"(max-width: 848px) 100vw, 848px\" \/>\t\t\t\t\t\t\t\t<\/a>\n\t\t\t\t\t\t\t\t\t\t\t\t\t\t\t<\/div>\n\t\t\t\t\t<\/div>\n\t\t<\/div>\n\t\t\t\t<div class=\"elementor-column elementor-col-33 elementor-top-column elementor-element elementor-element-9b50f99\" data-id=\"9b50f99\" data-element_type=\"column\" data-e-type=\"column\">\n\t\t\t<div class=\"elementor-widget-wrap elementor-element-populated\">\n\t\t\t\t\t\t<div class=\"elementor-element elementor-element-f073091 elementor-widget elementor-widget-image\" data-id=\"f073091\" data-element_type=\"widget\" data-e-type=\"widget\" data-widget_type=\"image.default\">\n\t\t\t\t\t\t\t\t\t\t\t\t\t\t\t\t<a href=\"https:\/\/www.dr-mfo.com\/de\/hair-loss\/\">\n\t\t\t\t\t\t\t<img decoding=\"async\" width=\"512\" height=\"284\" src=\"https:\/\/www.dr-mfo.com\/wp-content\/uploads\/2021\/11\/sac-restorasyonu.jpg\" class=\"elementor-animation-grow attachment-full size-full wp-image-1114\" alt=\"Al\u0131n K\u00fc\u00e7\u00fcltme\" srcset=\"https:\/\/www.dr-mfo.com\/wp-content\/uploads\/2021\/11\/sac-restorasyonu.jpg 512w, https:\/\/www.dr-mfo.com\/wp-content\/uploads\/2021\/11\/sac-restorasyonu-300x166.jpg 300w\" sizes=\"(max-width: 512px) 100vw, 512px\" \/>\t\t\t\t\t\t\t\t<\/a>\n\t\t\t\t\t\t\t\t\t\t\t\t\t\t\t<\/div>\n\t\t\t\t\t<\/div>\n\t\t<\/div>\n\t\t\t\t<div class=\"elementor-column elementor-col-33 elementor-top-column elementor-element elementor-element-835e1db\" data-id=\"835e1db\" data-element_type=\"column\" data-e-type=\"column\">\n\t\t\t<div class=\"elementor-widget-wrap elementor-element-populated\">\n\t\t\t\t\t\t<div class=\"elementor-element elementor-element-49f3f89 elementor-widget elementor-widget-image\" data-id=\"49f3f89\" data-element_type=\"widget\" data-e-type=\"widget\" data-widget_type=\"image.default\">\n\t\t\t\t\t\t\t\t\t\t\t\t\t\t\t\t<a href=\"https:\/\/www.dr-mfo.com\/de\/leke-tedavisi\/\">\n\t\t\t\t\t\t\t<img decoding=\"async\" width=\"1280\" height=\"720\" src=\"https:\/\/www.dr-mfo.com\/wp-content\/uploads\/2021\/11\/blepharoplasty.jpg\" class=\"elementor-animation-grow attachment-full size-full wp-image-1094\" alt=\"y\u00fcz germe\" srcset=\"https:\/\/www.dr-mfo.com\/wp-content\/uploads\/2021\/11\/blepharoplasty.jpg 1280w, https:\/\/www.dr-mfo.com\/wp-content\/uploads\/2021\/11\/blepharoplasty-300x169.jpg 300w, https:\/\/www.dr-mfo.com\/wp-content\/uploads\/2021\/11\/blepharoplasty-1024x576.jpg 1024w, https:\/\/www.dr-mfo.com\/wp-content\/uploads\/2021\/11\/blepharoplasty-768x432.jpg 768w\" sizes=\"(max-width: 1280px) 100vw, 1280px\" \/>\t\t\t\t\t\t\t\t<\/a>\n\t\t\t\t\t\t\t\t\t\t\t\t\t\t\t<\/div>\n\t\t\t\t\t<\/div>\n\t\t<\/div>\n\t\t\t\t\t<\/div>\n\t\t<\/section>\n\t\t\t\t<\/div>","protected":false},"excerpt":{"rendered":"<p>\u00c4sthetik Nanofett Stammzellen Haarausfall Haarwiederherstellung Narbenbehandlung Narbenbehandlung<\/p>","protected":false},"author":2,"featured_media":0,"parent":0,"menu_order":0,"comment_status":"closed","ping_status":"closed","template":"","meta":{"_acf_changed":false,"footnotes":""},"class_list":["post-2867","page","type-page","status-publish","hentry"],"acf":[],"_links":{"self":[{"href":"https:\/\/www.dr-mfo.com\/de\/wp-json\/wp\/v2\/pages\/2867","targetHints":{"allow":["GET"]}}],"collection":[{"href":"https:\/\/www.dr-mfo.com\/de\/wp-json\/wp\/v2\/pages"}],"about":[{"href":"https:\/\/www.dr-mfo.com\/de\/wp-json\/wp\/v2\/types\/page"}],"author":[{"embeddable":true,"href":"https:\/\/www.dr-mfo.com\/de\/wp-json\/wp\/v2\/users\/2"}],"replies":[{"embeddable":true,"href":"https:\/\/www.dr-mfo.com\/de\/wp-json\/wp\/v2\/comments?post=2867"}],"version-history":[{"count":0,"href":"https:\/\/www.dr-mfo.com\/de\/wp-json\/wp\/v2\/pages\/2867\/revisions"}],"wp:attachment":[{"href":"https:\/\/www.dr-mfo.com\/de\/wp-json\/wp\/v2\/media?parent=2867"}],"curies":[{"name":"wp","href":"https:\/\/api.w.org\/{rel}","templated":true}]}}