{"id":2926,"date":"2022-05-02T12:21:01","date_gmt":"2022-05-02T11:21:01","guid":{"rendered":"https:\/\/www.dr-mfo.com\/?page_id=2926"},"modified":"2026-04-25T12:41:02","modified_gmt":"2026-04-25T11:41:02","slug":"katzenaugen-operation","status":"publish","type":"page","link":"https:\/\/www.dr-mfo.com\/de\/cat-eyes-surgery\/","title":{"rendered":"Katzenaugen"},"content":{"rendered":"<div data-elementor-type=\"wp-page\" data-elementor-id=\"2926\" class=\"elementor elementor-2926\">\n\t\t\t\t\t\t<section class=\"elementor-section elementor-top-section elementor-element elementor-element-9d726c2 elementor-section-boxed elementor-section-height-default elementor-section-height-default\" data-id=\"9d726c2\" data-element_type=\"section\" data-e-type=\"section\">\n\t\t\t\t\t\t<div class=\"elementor-container elementor-column-gap-default\">\n\t\t\t\t\t<div class=\"elementor-column elementor-col-100 elementor-top-column elementor-element elementor-element-b831747\" data-id=\"b831747\" data-element_type=\"column\" data-e-type=\"column\">\n\t\t\t<div class=\"elementor-widget-wrap elementor-element-populated\">\n\t\t\t\t\t\t<div class=\"elementor-element elementor-element-a7a13a0 elementor-widget-divider--view-line elementor-widget elementor-widget-divider\" data-id=\"a7a13a0\" data-element_type=\"widget\" data-e-type=\"widget\" data-widget_type=\"divider.default\">\n\t\t\t\t\t\t\t<div class=\"elementor-divider\">\n\t\t\t<span class=\"elementor-divider-separator\">\n\t\t\t\t\t\t<\/span>\n\t\t<\/div>\n\t\t\t\t\t\t<\/div>\n\t\t\t\t<div class=\"elementor-element elementor-element-aa9d076 elementor-widget-divider--view-line elementor-widget elementor-widget-divider\" data-id=\"aa9d076\" data-element_type=\"widget\" data-e-type=\"widget\" data-widget_type=\"divider.default\">\n\t\t\t\t\t\t\t<div class=\"elementor-divider\">\n\t\t\t<span class=\"elementor-divider-separator\">\n\t\t\t\t\t\t<\/span>\n\t\t<\/div>\n\t\t\t\t\t\t<\/div>\n\t\t\t\t<div class=\"elementor-element elementor-element-d0b5e7b elementor-widget-divider--view-line elementor-widget elementor-widget-divider\" data-id=\"d0b5e7b\" data-element_type=\"widget\" data-e-type=\"widget\" data-widget_type=\"divider.default\">\n\t\t\t\t\t\t\t<div class=\"elementor-divider\">\n\t\t\t<span class=\"elementor-divider-separator\">\n\t\t\t\t\t\t<\/span>\n\t\t<\/div>\n\t\t\t\t\t\t<\/div>\n\t\t\t\t<div class=\"elementor-element elementor-element-9bb1c7c elementor-widget-divider--view-line elementor-widget elementor-widget-divider\" data-id=\"9bb1c7c\" data-element_type=\"widget\" data-e-type=\"widget\" data-widget_type=\"divider.default\">\n\t\t\t\t\t\t\t<div class=\"elementor-divider\">\n\t\t\t<span class=\"elementor-divider-separator\">\n\t\t\t\t\t\t<\/span>\n\t\t<\/div>\n\t\t\t\t\t\t<\/div>\n\t\t\t\t<div class=\"elementor-element elementor-element-6d6f0c4 elementor-widget elementor-widget-image\" data-id=\"6d6f0c4\" data-element_type=\"widget\" data-e-type=\"widget\" data-widget_type=\"image.default\">\n\t\t\t\t\t\t\t\t\t\t\t\t\t\t\t<img decoding=\"async\" src=\"https:\/\/www.dr-mfo.com\/wp-content\/uploads\/elementor\/thumbs\/Cat-Eyes-qd1ludgjwyaw10e36hz4kpqww0rsegykuenv8meqzq.jpg\" title=\"Fuchsaugenchirurgie\" alt=\"Katzenaugenchirurgie\" loading=\"lazy\" \/>\t\t\t\t\t\t\t\t\t\t\t\t\t\t\t<\/div>\n\t\t\t\t<div class=\"elementor-element elementor-element-e223fc2 elementor-widget-divider--view-line elementor-widget elementor-widget-divider\" data-id=\"e223fc2\" data-element_type=\"widget\" data-e-type=\"widget\" data-widget_type=\"divider.default\">\n\t\t\t\t\t\t\t<div class=\"elementor-divider\">\n\t\t\t<span class=\"elementor-divider-separator\">\n\t\t\t\t\t\t<\/span>\n\t\t<\/div>\n\t\t\t\t\t\t<\/div>\n\t\t\t\t<div class=\"elementor-element elementor-element-6edff3c elementor-widget elementor-widget-heading\" data-id=\"6edff3c\" data-element_type=\"widget\" data-e-type=\"widget\" data-widget_type=\"heading.default\">\n\t\t\t\t\t<h2 class=\"elementor-heading-title elementor-size-xl\">Katzenaugen-Chirurgie<\/h2>\t\t\t\t<\/div>\n\t\t\t\t<div class=\"elementor-element elementor-element-ebeedcc elementor-widget elementor-widget-text-editor\" data-id=\"ebeedcc\" data-element_type=\"widget\" data-e-type=\"widget\" data-widget_type=\"text-editor.default\">\n\t\t\t\t\t\t\t\t\t<p><span style=\"color: #000000;\">Einer der wichtigsten Faktoren, die unsere Sch\u00f6nheit und \u00c4sthetik im Gesicht beeinflussen, ist <a href=\"https:\/\/www.dr-mfo.com\/de\/which-female-face-shape-is-most-attractive\/\">attraktiv<\/a> Aussehen. Die Suche nach leicht schr\u00e4gen und gro\u00dfen Augen, die mit der Mandelaugen\u00e4sthetik aufkam, wurde im Laufe der Zeit durch das Augenbrauenlifting, das Schl\u00e4fenlifting und das Mittelgesichtslifting erg\u00e4nzt und als Katzen- oder Fuchsauge bezeichnet.<\/span><\/p><p><span style=\"color: #000000;\">Katzenaugenoperationen erfreuen sich sowohl bei M\u00e4nnern als auch bei Frauen, die ein attraktives Aussehen w\u00fcnschen, zunehmender Nachfrage. Dank der Fuchs- oder Katzenaugenoperation kann eine Obergesichts- und Mittelgesichtsstraffung gleichzeitig durchgef\u00fchrt werden und gleichzeitig eine Verj\u00fcngung, Versch\u00f6nerung und ein attraktives Aussehen erreicht werden.<\/span><\/p><p><span style=\"color: #000000;\">Heutzutage wird die Operation am Katzen- oder Fuchsauge zum Goldstandard, um schlaffe Augenlider sowie ein schl\u00e4friges und m\u00fcdes Aussehen zu beseitigen und ein junges, dynamisches und attraktives Aussehen zu erzielen.<\/span><\/p>\t\t\t\t\t\t\t\t<\/div>\n\t\t\t\t<div class=\"elementor-element elementor-element-cb758c9 elementor-widget elementor-widget-heading\" data-id=\"cb758c9\" data-element_type=\"widget\" data-e-type=\"widget\" data-widget_type=\"heading.default\">\n\t\t\t\t\t<h2 class=\"elementor-heading-title elementor-size-large\">In welchen Situationen wird es angewendet?<\/h2>\t\t\t\t<\/div>\n\t\t\t\t<div class=\"elementor-element elementor-element-7cde0eb elementor-widget elementor-widget-text-editor\" data-id=\"7cde0eb\" data-element_type=\"widget\" data-e-type=\"widget\" data-widget_type=\"text-editor.default\">\n\t\t\t\t\t\t\t\t\t<ul><li><span style=\"color: #000000;\">H\u00e4ngendes Augenlid<\/span><\/li><li><span style=\"color: #000000;\">Verschlafener Blick<\/span><\/li><li><span style=\"color: #000000;\">M\u00fcde aussehende Augen<\/span><\/li><li><span style=\"color: #000000;\">Niedrige Augenbraue<\/span><\/li><li><span style=\"color: #000000;\">Mittelgesicht und niedrige Wangen<\/span><\/li><li><span style=\"color: #000000;\">Chirurgische Planung<\/span><\/li><\/ul><p><span style=\"color: #000000;\">Der Prozess der Katzenaugenoperation beginnt mit der Zeichnung, die w\u00e4hrend der \u00e4rztlichen Konsultation erstellt wird. Zur pr\u00e4operativen Operationsplanung wird eine Zeichnung angefertigt und die geplante Augenbrauenh\u00f6he, die Augenlider und die m\u00f6gliche Form des Auges, seine H\u00f6he und die voraussichtliche Platzierung am Ende der Operation bestimmt.<\/span><\/p><p><span style=\"color: #000000;\">Mit einer detaillierten Operationsplanung, einer soliden Operation und einer guten postoperativen Betreuung ist es m\u00f6glich, innerhalb weniger Wochen gro\u00dfe Ver\u00e4nderungen zu erzielen.<\/span><\/p><p><span style=\"color: #000000;\">Die Katzenaugen- oder Fuchsaugenoperation, die in den letzten Jahren zu den beliebtesten Eingriffen in der \u00e4sthetischen Chirurgie z\u00e4hlt, ist eine Anwendung mit einer hohen Zufriedenheitsrate. Es kann eine ideale L\u00f6sung f\u00fcr ein attraktives und kr\u00e4ftiges Aussehen f\u00fcr Menschen mit h\u00e4ngenden Augenbrauen, h\u00e4ngenden Augenlidern, schl\u00e4frigem und m\u00fcdem Aussehen und niedrigen Wangen sein und liefert zufriedenstellende Ergebnisse.<\/span><\/p>\t\t\t\t\t\t\t\t<\/div>\n\t\t\t\t<div class=\"elementor-element elementor-element-a3040c2 elementor-widget elementor-widget-heading\" data-id=\"a3040c2\" data-element_type=\"widget\" data-e-type=\"widget\" data-widget_type=\"heading.default\">\n\t\t\t\t\t<h2 class=\"elementor-heading-title elementor-size-large\">Vor der Operation<\/h2>\t\t\t\t<\/div>\n\t\t\t\t<div class=\"elementor-element elementor-element-9a63628 elementor-widget elementor-widget-text-editor\" data-id=\"9a63628\" data-element_type=\"widget\" data-e-type=\"widget\" data-widget_type=\"text-editor.default\">\n\t\t\t\t\t\t\t\t\t<p><span style=\"color: #000000;\">Es gibt einige Bedingungen, die vor einer Katzenaugenoperation ber\u00fccksichtigt werden sollten, die von einem Spezialisten f\u00fcr plastische Chirurgie durchgef\u00fchrt werden sollte <a href=\"https:\/\/www.dr-mfo.com\/de\/\">der Chirurg<\/a>. Im Arztgespr\u00e4ch sollte man seine Erwartungen und Vorlieben \u00e4u\u00dfern. Bei der Beratung werden Faktoren wie Augenbrauenh\u00f6he, Platzierung, Form, Ausdehnung bis zur Schl\u00e4fe, Augenbrauenasymmetrie, niedrige Wange und Augenlider ber\u00fccksichtigt. Detaillierte Informationen \u00fcber den Operationsablauf, technische Informationen und den Ablauf nach dem Eingriff werden den Patienten vermittelt. Die Augenbrauen, Augen und Wangenpartien, die symmetrisch und nat\u00fcrlich aussehen sollten, sollten mit den Gesichtsz\u00fcgen der Person harmonieren. <a href=\"https:\/\/www.dr-mfo.com\/de\/who-is-drmfo\/\">Dr.MFO<\/a> zeigt Ihnen einen spannenden Weg zu Ihren Tr\u00e4umen dar\u00fcber, was getan werden kann, indem Sie Ihre W\u00fcnsche entsprechend Ihrer Anatomie bewerten.<\/span><\/p><p><span style=\"color: #000000;\">Wie bei allen chirurgischen Eingriffen sollte der Konsum von Tabak und Tabakprodukten, insbesondere Zigaretten, die die Gewebeheilung beeintr\u00e4chtigen und das Infektionsrisiko erh\u00f6hen, indem sie den Sauerstoffgehalt im K\u00f6rper senken, vor einer Katzenaugenoperation eingestellt werden. Dieser Zeitraum umfasst 2-4 Wochen vor der Operation.<\/span><\/p><p><span style=\"color: #000000;\">Blutverd\u00fcnner sowie Vitamine und pflanzliche Arzneimittel sollten innerhalb von 7-10 Tagen vor der Operation nicht eingenommen werden. Wenn Ihnen weitere Krankheiten bekannt sind und Sie regelm\u00e4\u00dfig Medikamente einnehmen, sollten Sie diese Ihrem Chirurgen mitteilen. Wenn Sie kein besonderes gesundheitliches Problem haben, kann anhand der am Operationstag durchgef\u00fchrten Analyse entschieden werden, ob Sie f\u00fcr die Operation geeignet sind. Wenn alle diese Kriterien erf\u00fcllt sind, wird die Lieblingsoperation derjenigen erfolgreich angewendet, die auf ihr k\u00f6rperliches Erscheinungsbild achten und sich sowohl sozial als auch spirituell wohlf\u00fchlen m\u00f6chten.<\/span><\/p>\t\t\t\t\t\t\t\t<\/div>\n\t\t\t\t<div class=\"elementor-element elementor-element-e7b309b elementor-widget elementor-widget-heading\" data-id=\"e7b309b\" data-element_type=\"widget\" data-e-type=\"widget\" data-widget_type=\"heading.default\">\n\t\t\t\t\t<h2 class=\"elementor-heading-title elementor-size-large\">Dinge, die am Tag der Operation zu beachten sind<\/h2>\t\t\t\t<\/div>\n\t\t\t\t<div class=\"elementor-element elementor-element-dce5b94 elementor-widget elementor-widget-text-editor\" data-id=\"dce5b94\" data-element_type=\"widget\" data-e-type=\"widget\" data-widget_type=\"text-editor.default\">\n\t\t\t\t\t\t\t\t\t<p><span style=\"color: #000000;\">Es ist wichtig, bequeme Kleidung f\u00fcr die Zeit nach der Operation mitzubringen. Es wird auch empfohlen, am Tag vor der Operation eine warme Dusche mit einer antibakteriellen Seife zu nehmen.<\/span><\/p><p><span style=\"color: #000000;\">Wenn Sie Nahrungserg\u00e4nzungsmittel, pflanzliche Arzneimittel, Kr\u00e4utertees, bekannte zus\u00e4tzliche Krankheiten oder Medikamente haben, die Sie regelm\u00e4\u00dfig verwenden, sollten Sie diese mit Ihrem Chirurgen und seinem Team teilen. Wenn Sie kein besonderes gesundheitliches Problem haben, kann mit der Analyse am Tag der Operation entschieden werden, ob Sie f\u00fcr die Operation geeignet sind.<\/span><\/p>\t\t\t\t\t\t\t\t<\/div>\n\t\t\t\t<div class=\"elementor-element elementor-element-fcd1958 elementor-widget elementor-widget-heading\" data-id=\"fcd1958\" data-element_type=\"widget\" data-e-type=\"widget\" data-widget_type=\"heading.default\">\n\t\t\t\t\t<h2 class=\"elementor-heading-title elementor-size-large\">Nach der Operation<\/h2>\t\t\t\t<\/div>\n\t\t\t\t<div class=\"elementor-element elementor-element-21fee00 elementor-widget elementor-widget-text-editor\" data-id=\"21fee00\" data-element_type=\"widget\" data-e-type=\"widget\" data-widget_type=\"text-editor.default\">\n\t\t\t\t\t\t\t\t\t<p><span style=\"color: #000000;\">Bereits wenige Tage nach der Operation k\u00f6nnen Sie mit Ihrer t\u00e4glichen Arbeit beginnen. Ebenso ist die R\u00fcckkehr ins B\u00fcro bereits am ersten Tag m\u00f6glich, abh\u00e4ngig von der Schmerzgrenze der Menschen. Am zweiten Tag k\u00f6nnen Sie duschen, auch im Operationsbereich. Schwere Aktivit\u00e4ten sollten in der ersten Woche nach der Operation vermieden werden.<\/span><\/p><p><span style=\"color: #000000;\">Eine ausf\u00fchrliche Kontrolle durch Ihren Operateur, in der Regel am dritten Tag nach der Operation, informiert Sie ebenfalls \u00fcber das Ergebnis.<\/span><\/p><p><span style=\"color: #000000;\">Am Ende der ersten Woche k\u00f6nnen sportliche Aktivit\u00e4ten wie leichtes Gehen durchgef\u00fchrt werden. Ab der dritten Woche k\u00f6nnen Sie wieder voll und ganz Ihrem Sportleben nachgehen.<\/span><\/p>\t\t\t\t\t\t\t\t<\/div>\n\t\t\t\t<div class=\"elementor-element elementor-element-05ec7b8 elementor-widget elementor-widget-image\" data-id=\"05ec7b8\" data-element_type=\"widget\" data-e-type=\"widget\" data-widget_type=\"image.default\">\n\t\t\t\t\t\t\t\t\t\t\t\t\t\t\t<img fetchpriority=\"high\" decoding=\"async\" width=\"298\" height=\"300\" src=\"https:\/\/www.dr-mfo.com\/wp-content\/uploads\/2022\/04\/fore-head-first-298x300.jpg\" class=\"attachment-medium size-medium wp-image-2423\" alt=\"Eine Nahaufnahme des Gesichts einer Person, auf deren Stirn sanft eine Hand liegt. Dies stellt wahrscheinlich eine medizinische Untersuchung oder Behandlung dar.\" srcset=\"https:\/\/www.dr-mfo.com\/wp-content\/uploads\/2022\/04\/fore-head-first-298x300.jpg.avif 298w, https:\/\/www.dr-mfo.com\/wp-content\/uploads\/2022\/04\/fore-head-first-150x150.jpg.avif 150w, https:\/\/www.dr-mfo.com\/wp-content\/uploads\/2022\/04\/fore-head-first-768x773.jpg.avif 768w, https:\/\/www.dr-mfo.com\/wp-content\/uploads\/2022\/04\/fore-head-first.jpg.avif 974w\" sizes=\"(max-width: 298px) 100vw, 298px\" \/>\t\t\t\t\t\t\t\t\t\t\t\t\t\t\t<\/div>\n\t\t\t\t\t<\/div>\n\t\t<\/div>\n\t\t\t\t\t<\/div>\n\t\t<\/section>\n\t\t\t\t<\/div>","protected":false},"excerpt":{"rendered":"<p>Cat Eyes Surgery One of the most important factors affecting our facial beauty and aesthetic appearance is attractive looks. The search for slightly slanting and large eyes, which emerged with almond eye aesthetics, started to be called cat or fox eye with the addition of eyebrow lift, temple lift, and mid-face lift over time. Cat [&hellip;]<\/p>\n","protected":false},"author":2,"featured_media":0,"parent":0,"menu_order":0,"comment_status":"closed","ping_status":"closed","template":"","meta":{"_acf_changed":false,"footnotes":""},"class_list":["post-2926","page","type-page","status-publish","hentry"],"acf":[],"_links":{"self":[{"href":"https:\/\/www.dr-mfo.com\/de\/wp-json\/wp\/v2\/pages\/2926","targetHints":{"allow":["GET"]}}],"collection":[{"href":"https:\/\/www.dr-mfo.com\/de\/wp-json\/wp\/v2\/pages"}],"about":[{"href":"https:\/\/www.dr-mfo.com\/de\/wp-json\/wp\/v2\/types\/page"}],"author":[{"embeddable":true,"href":"https:\/\/www.dr-mfo.com\/de\/wp-json\/wp\/v2\/users\/2"}],"replies":[{"embeddable":true,"href":"https:\/\/www.dr-mfo.com\/de\/wp-json\/wp\/v2\/comments?post=2926"}],"version-history":[{"count":7,"href":"https:\/\/www.dr-mfo.com\/de\/wp-json\/wp\/v2\/pages\/2926\/revisions"}],"predecessor-version":[{"id":27735,"href":"https:\/\/www.dr-mfo.com\/de\/wp-json\/wp\/v2\/pages\/2926\/revisions\/27735"}],"wp:attachment":[{"href":"https:\/\/www.dr-mfo.com\/de\/wp-json\/wp\/v2\/media?parent=2926"}],"curies":[{"name":"wp","href":"https:\/\/api.w.org\/{rel}","templated":true}]}}