{"id":4006,"date":"2022-11-10T12:01:00","date_gmt":"2022-11-10T12:01:00","guid":{"rendered":"https:\/\/www.dr-mfo.com\/?page_id=4006"},"modified":"2026-02-22T06:59:38","modified_gmt":"2026-02-22T06:59:38","slug":"penisvergroserung-penoplastik","status":"publish","type":"page","link":"https:\/\/www.dr-mfo.com\/de\/penis-enlargement-penoplasty\/","title":{"rendered":"Penisvergr\u00f6\u00dferung"},"content":{"rendered":"<div data-elementor-type=\"wp-page\" data-elementor-id=\"4006\" class=\"elementor elementor-4006\">\n\t\t\t\t\t\t<section class=\"elementor-section elementor-top-section elementor-element elementor-element-0fe57ab elementor-section-boxed elementor-section-height-default elementor-section-height-default\" data-id=\"0fe57ab\" data-element_type=\"section\" data-e-type=\"section\">\n\t\t\t\t\t\t<div class=\"elementor-container elementor-column-gap-default\">\n\t\t\t\t\t<div class=\"elementor-column elementor-col-100 elementor-top-column elementor-element elementor-element-11fd2fa\" data-id=\"11fd2fa\" data-element_type=\"column\" data-e-type=\"column\">\n\t\t\t<div class=\"elementor-widget-wrap elementor-element-populated\">\n\t\t\t\t\t\t<div class=\"elementor-element elementor-element-54cdde9 elementor-widget-divider--view-line elementor-widget elementor-widget-divider\" data-id=\"54cdde9\" data-element_type=\"widget\" data-e-type=\"widget\" data-widget_type=\"divider.default\">\n\t\t\t\t\t\t\t<div class=\"elementor-divider\">\n\t\t\t<span class=\"elementor-divider-separator\">\n\t\t\t\t\t\t<\/span>\n\t\t<\/div>\n\t\t\t\t\t\t<\/div>\n\t\t\t\t<div class=\"elementor-element elementor-element-cc8cef1 elementor-widget-divider--view-line elementor-widget elementor-widget-divider\" data-id=\"cc8cef1\" data-element_type=\"widget\" data-e-type=\"widget\" data-widget_type=\"divider.default\">\n\t\t\t\t\t\t\t<div class=\"elementor-divider\">\n\t\t\t<span class=\"elementor-divider-separator\">\n\t\t\t\t\t\t<\/span>\n\t\t<\/div>\n\t\t\t\t\t\t<\/div>\n\t\t\t\t<div class=\"elementor-element elementor-element-1afa3d0 elementor-widget-divider--view-line elementor-widget elementor-widget-divider\" data-id=\"1afa3d0\" data-element_type=\"widget\" data-e-type=\"widget\" data-widget_type=\"divider.default\">\n\t\t\t\t\t\t\t<div class=\"elementor-divider\">\n\t\t\t<span class=\"elementor-divider-separator\">\n\t\t\t\t\t\t<\/span>\n\t\t<\/div>\n\t\t\t\t\t\t<\/div>\n\t\t\t\t<div class=\"elementor-element elementor-element-f492c84 elementor-widget elementor-widget-image\" data-id=\"f492c84\" data-element_type=\"widget\" data-e-type=\"widget\" data-widget_type=\"image.default\">\n\t\t\t\t\t\t\t\t\t\t\t\t\t\t\t\t<a href=\"https:\/\/instagram.com\/p\/CelDk-psxjn\/\" rel=\"nofollow noopener\" target=\"_blank\">\n\t\t\t\t\t\t\t<img decoding=\"async\" src=\"https:\/\/www.dr-mfo.com\/wp-content\/uploads\/elementor\/thumbs\/Mount-Everest-qd1ludgjwyaw10e36hz4kpqww0rsegykuenv8meqzq.webp\" title=\"Mount Everest\" alt=\"Penisvergr\u00f6\u00dferung\" loading=\"lazy\" \/>\t\t\t\t\t\t\t\t<\/a>\n\t\t\t\t\t\t\t\t\t\t\t\t\t\t\t<\/div>\n\t\t\t\t<div class=\"elementor-element elementor-element-8aa978c elementor-widget-divider--view-line elementor-widget elementor-widget-divider\" data-id=\"8aa978c\" data-element_type=\"widget\" data-e-type=\"widget\" data-widget_type=\"divider.default\">\n\t\t\t\t\t\t\t<div class=\"elementor-divider\">\n\t\t\t<span class=\"elementor-divider-separator\">\n\t\t\t\t\t\t<\/span>\n\t\t<\/div>\n\t\t\t\t\t\t<\/div>\n\t\t\t\t<div class=\"elementor-element elementor-element-b8dcc78 elementor-widget elementor-widget-heading\" data-id=\"b8dcc78\" data-element_type=\"widget\" data-e-type=\"widget\" data-widget_type=\"heading.default\">\n\t\t\t\t\t<h2 class=\"elementor-heading-title elementor-size-xl\">Penisvergr\u00f6\u00dferung (Penoplastik)<br><\/h2>\t\t\t\t<\/div>\n\t\t\t\t<div class=\"elementor-element elementor-element-288a583 elementor-widget elementor-widget-text-editor\" data-id=\"288a583\" data-element_type=\"widget\" data-e-type=\"widget\" data-widget_type=\"text-editor.default\">\n\t\t\t\t\t\t\t\t\t<p><span style=\"color: #000000;\">Sie machen sich Sorgen um die L\u00e4nge, den Umfang, die Form, die Achse oder sogar die Eichel Ihres Penis \u2026 Mit der modernen plastischen Chirurgie, der Penisplastik, k\u00f6nnen Sie dieses Gef\u00fchl der Unzul\u00e4nglichkeit loswerden und Ihr Selbstvertrauen wiedererlangen, w\u00e4hrend Sie gleichzeitig Ihre Sensibilit\u00e4t bewahren. Die W\u00fcnsche der M\u00e4nner nach einer Verbesserung ihres Sexuallebens und der Verbesserung des Aussehens ihres Penis sind realisierbar.<\/span><\/p><p><span style=\"color: #000000;\">Eine Penisvergr\u00f6\u00dferung (auch Penoplastik oder Phalloplastik genannt) umfasst neben der Verl\u00e4ngerung auch die Vergr\u00f6\u00dferung des Penisumfangs. Zur Penisvergr\u00f6\u00dferung z\u00e4hlen Eingriffe wie die Vergr\u00f6\u00dferung der Eichel, die Fettabsaugung im Schambereich, die Verlagerung und R\u00fcckverlagerung des Hodensacks. Eigenes Fettgewebe kann dabei eine effektive Methode zur Umfangsvergr\u00f6\u00dferung darstellen, w\u00e4hrend die Durchtrennung der B\u00e4nder als Goldstandard f\u00fcr die Verl\u00e4ngerung gilt.<\/span><\/p><p><span style=\"color: #000000;\">Die Penoplastik umfasst alle Arten von Peniseingriffen wie alle Penisvergr\u00f6\u00dferungsverfahren und Peniskontrakturl\u00f6sungen, Korrektur von Achsendeformit\u00e4ten, Penisschnurkorrekturen, Penisprothesen oder -implantate und sogar Beschneidung oder Minibeschneidung. Die Penoplastik k\u00f6nnte sowohl f\u00fcr \u00e4sthetische als auch f\u00fcr rekonstruktive Zwecke eine ideale L\u00f6sung f\u00fcr Mikropenis und Penisverkr\u00fcmmungen sein.<\/span><\/p><p><span style=\"color: #000000;\">Nach der Penoplastik dauert die R\u00fcckkehr zum normalen Leben und die Unterbringung meistens 5-7 Tage. Und das endg\u00fcltige Ergebnis w\u00fcrde in 1-2 Monaten erzielt werden.<\/span><\/p><p><span style=\"color: #000000;\">Eine Penisvergr\u00f6\u00dferungsoperation bietet Ihnen die M\u00f6glichkeit, die gew\u00fcnschte Penisl\u00e4nge und den gew\u00fcnschten Umfang zu erreichen! Weitere Informationen, Patientenberichte und die Kosten einer Penisoperation finden Sie unter <a href=\"https:\/\/www.dr-mfo.com\/de\/who-is-drmfo\/\">Dr.MFO<\/a>, klicken Sie oben auf der Site auf die Schaltfl\u00e4che \u201eKontakt\u201c!<\/span><span style=\"color: #000000;\"><br \/><\/span><\/p>\t\t\t\t\t\t\t\t<\/div>\n\t\t\t\t<div class=\"elementor-element elementor-element-dd6c8c9 elementor-widget elementor-widget-heading\" data-id=\"dd6c8c9\" data-element_type=\"widget\" data-e-type=\"widget\" data-widget_type=\"heading.default\">\n\t\t\t\t\t<h2 class=\"elementor-heading-title elementor-size-large\">Was sollte ich nach der Penisvergr\u00f6\u00dferung erwarten?<\/h2>\t\t\t\t<\/div>\n\t\t\t\t<div class=\"elementor-element elementor-element-ca44c07 elementor-widget elementor-widget-text-editor\" data-id=\"ca44c07\" data-element_type=\"widget\" data-e-type=\"widget\" data-widget_type=\"text-editor.default\">\n\t\t\t\t\t\t\t\t\t<p><span style=\"color: #000000;\"><span lang=\"EN-US\" style=\"font-size: 12pt; line-height: 107%; font-family: Abadi, sans-serif;\">Nach der Penoplastik kann die Schwellung bei einigen Prozent der Patienten einige Wochen dauern. In einigen F\u00e4llen gehen Bluterg\u00fcsse mit Schwellungen einher und verschwinden vor der Schwellung.\u00a0<br \/><\/span><span style=\"font-family: Abadi, sans-serif; font-size: 12pt;\">In den meisten F\u00e4llen dauert die Genesung etwa 2-3 Wochen. W\u00e4hrend des Besuchs des Patienten wird die Nachsorge vom Team von Dr. MFO organisiert. Und unsere Krankenschwestern werden Ihnen beibringen, wie Sie den Penis medizinisch, mit Medikamenten und Massagemethoden pflegen.<\/span><\/span><\/p>\t\t\t\t\t\t\t\t<\/div>\n\t\t\t\t<div class=\"elementor-element elementor-element-4aa5bab elementor-widget elementor-widget-heading\" data-id=\"4aa5bab\" data-element_type=\"widget\" data-e-type=\"widget\" data-widget_type=\"heading.default\">\n\t\t\t\t\t<h2 class=\"elementor-heading-title elementor-size-large\">Auswahl des Chirurgen<\/h2>\t\t\t\t<\/div>\n\t\t\t\t<div class=\"elementor-element elementor-element-432b378 elementor-widget elementor-widget-text-editor\" data-id=\"432b378\" data-element_type=\"widget\" data-e-type=\"widget\" data-widget_type=\"text-editor.default\">\n\t\t\t\t\t\t\t\t\t<p><span lang=\"EN-US\" style=\"font-size: 12pt; line-height: 107%; font-family: Abadi, sans-serif; color: #000000;\">Wenn Sie jemanden nach chirurgischen Kenntnissen \u00fcber Verfahren zur Penoplastik fragen w\u00fcrden, k\u00f6nnte es eine gro\u00dfe Anzahl verf\u00fcgbarer Operationen geben. Die Verf\u00fcgbarkeit aller Penisoperationen bei Bedarf kann jedoch den Erfolg Ihrer Operation beeintr\u00e4chtigen. Da auf dem Markt st\u00e4ndig erschwingliche Kosten erh\u00e4ltlich sind, sind Angebote und Bestpreise nur ein Teil dieses Deals. Die Wahrheit ist, dass es viele kleine Aspekte gibt, die vielleicht nicht direkt bemerkt werden, aber Ihre Operationsergebnisse dramatisch beeinflussen k\u00f6nnen.<\/span><\/p>\n<p><span lang=\"EN-US\" style=\"font-size: 12pt; line-height: 107%; font-family: Abadi, sans-serif; color: #000000;\">Patienten, die ihr k\u00f6rperliches Erscheinungsbild verbessern m\u00f6chten, brauchen jemanden, der jede Nuance des m\u00e4nnlichen Genitalbereichs und seiner Strukturen vollst\u00e4ndig versteht.<\/span><\/p>\n<p><span lang=\"EN-US\" style=\"font-size: 12pt; line-height: 107%; font-family: Abadi, sans-serif; color: #000000;\">Sprechen Sie mit Ihrem <a href=\"https:\/\/www.dr-mfo.com\/de\/\">der Chirurg<\/a> vor Ihrer Operation \u00fcber alle Einzelheiten, niemand braucht dringend eine Penisvergr\u00f6\u00dferung. Wenn Sie keine Zeit zum \u00dcberlegen haben, sollten Sie sich woanders umsehen.<\/span><\/p>\t\t\t\t\t\t\t\t<\/div>\n\t\t\t\t\t<\/div>\n\t\t<\/div>\n\t\t\t\t\t<\/div>\n\t\t<\/section>\n\t\t\t\t<\/div>","protected":false},"excerpt":{"rendered":"<p>Penis Enlargement (Penoplasty) Being anxious about your penis length, girth, shape, axis, even glans of penis&#8230; Modern plastic surgery procedure penoplasty offers you to get rid of this inadequacy feeling and regain your self-confidence while protecting sensitivity. Men&#8217;s wishes about improving sexual life and enhancing penis physical appearance are available. Penis enhancement or penile enlargement [&hellip;]<\/p>\n","protected":false},"author":2,"featured_media":0,"parent":0,"menu_order":0,"comment_status":"closed","ping_status":"closed","template":"","meta":{"_acf_changed":false,"footnotes":""},"class_list":["post-4006","page","type-page","status-publish","hentry"],"acf":[],"_links":{"self":[{"href":"https:\/\/www.dr-mfo.com\/de\/wp-json\/wp\/v2\/pages\/4006","targetHints":{"allow":["GET"]}}],"collection":[{"href":"https:\/\/www.dr-mfo.com\/de\/wp-json\/wp\/v2\/pages"}],"about":[{"href":"https:\/\/www.dr-mfo.com\/de\/wp-json\/wp\/v2\/types\/page"}],"author":[{"embeddable":true,"href":"https:\/\/www.dr-mfo.com\/de\/wp-json\/wp\/v2\/users\/2"}],"replies":[{"embeddable":true,"href":"https:\/\/www.dr-mfo.com\/de\/wp-json\/wp\/v2\/comments?post=4006"}],"version-history":[{"count":0,"href":"https:\/\/www.dr-mfo.com\/de\/wp-json\/wp\/v2\/pages\/4006\/revisions"}],"wp:attachment":[{"href":"https:\/\/www.dr-mfo.com\/de\/wp-json\/wp\/v2\/media?parent=4006"}],"curies":[{"name":"wp","href":"https:\/\/api.w.org\/{rel}","templated":true}]}}