{"id":825,"date":"2021-05-28T18:29:23","date_gmt":"2021-05-28T17:29:23","guid":{"rendered":"https:\/\/www.dr-mfo.com\/?page_id=825"},"modified":"2026-04-25T12:25:38","modified_gmt":"2026-04-25T11:25:38","slug":"brasilianischer-hintern-bbl","status":"publish","type":"page","link":"https:\/\/www.dr-mfo.com\/de\/brazilian-butt-bbl\/","title":{"rendered":"BBL \u2013 Brasilianischer Hintern"},"content":{"rendered":"<div data-elementor-type=\"wp-page\" data-elementor-id=\"825\" class=\"elementor elementor-825\">\n\t\t\t\t\t\t<section class=\"elementor-section elementor-top-section elementor-element elementor-element-b4521fd elementor-section-boxed elementor-section-height-default elementor-section-height-default\" data-id=\"b4521fd\" data-element_type=\"section\" data-e-type=\"section\">\n\t\t\t\t\t\t<div class=\"elementor-container elementor-column-gap-default\">\n\t\t\t\t\t<div class=\"elementor-column elementor-col-100 elementor-top-column elementor-element elementor-element-90fee95\" data-id=\"90fee95\" data-element_type=\"column\" data-e-type=\"column\">\n\t\t\t<div class=\"elementor-widget-wrap elementor-element-populated\">\n\t\t\t\t\t\t<div class=\"elementor-element elementor-element-c84b51f elementor-widget-divider--view-line elementor-widget elementor-widget-divider\" data-id=\"c84b51f\" data-element_type=\"widget\" data-e-type=\"widget\" data-widget_type=\"divider.default\">\n\t\t\t\t\t\t\t<div class=\"elementor-divider\">\n\t\t\t<span class=\"elementor-divider-separator\">\n\t\t\t\t\t\t<\/span>\n\t\t<\/div>\n\t\t\t\t\t\t<\/div>\n\t\t\t\t<div class=\"elementor-element elementor-element-fd2c6dc elementor-widget elementor-widget-image\" data-id=\"fd2c6dc\" data-element_type=\"widget\" data-e-type=\"widget\" data-widget_type=\"image.default\">\n\t\t\t\t\t\t\t\t\t\t\t\t\t\t\t<img decoding=\"async\" src=\"https:\/\/www.dr-mfo.com\/wp-content\/uploads\/elementor\/thumbs\/brezilya-poposu-scaled-qd1lufc8amdgo8bcvisdpp9u2siitv61inyu76byna.jpg\" title=\"brasilianischer hintern\" alt=\"Ges\u00e4\u00df\u00e4sthetik\" loading=\"lazy\" \/>\t\t\t\t\t\t\t\t\t\t\t\t\t\t\t<\/div>\n\t\t\t\t<div class=\"elementor-element elementor-element-cf3c7df elementor-widget-divider--view-line elementor-widget elementor-widget-divider\" data-id=\"cf3c7df\" data-element_type=\"widget\" data-e-type=\"widget\" data-widget_type=\"divider.default\">\n\t\t\t\t\t\t\t<div class=\"elementor-divider\">\n\t\t\t<span class=\"elementor-divider-separator\">\n\t\t\t\t\t\t<\/span>\n\t\t<\/div>\n\t\t\t\t\t\t<\/div>\n\t\t\t\t<div class=\"elementor-element elementor-element-44addce elementor-widget elementor-widget-heading\" data-id=\"44addce\" data-element_type=\"widget\" data-e-type=\"widget\" data-widget_type=\"heading.default\">\n\t\t\t\t\t<h2 class=\"elementor-heading-title elementor-size-xl\">Brasilianischer Hintern (BBL)<\/h2>\t\t\t\t<\/div>\n\t\t\t\t<div class=\"elementor-element elementor-element-531d142 elementor-widget elementor-widget-text-editor\" data-id=\"531d142\" data-element_type=\"widget\" data-e-type=\"widget\" data-widget_type=\"text-editor.default\">\n\t\t\t\t\t\t\t\t\t<p><span style=\"color: #000000;\">BBL (Brazilian Butt) wird meist unter Vollnarkose durchgef\u00fchrt. Die Betriebszeit betr\u00e4gt ca. 2-3 Stunden.<\/span><\/p><p><span style=\"color: #000000;\">wird durchgef\u00fchrt, um den Pobereich zu formen. \u00dcbersch\u00fcssiges Fett am Po, um die Taille und unter dem Po wird entfernt und die Po-Linien werden gekl\u00e4rt. Diese Fette, die je nach gew\u00fcnschtem S\u00e4ttigungsgrad entnommen werden, k\u00f6nnen bei Bedarf zusammen mit Fett aus anderen K\u00f6rperteilen verwendet werden, um dem Po Volumen zu verleihen.<\/span><\/p><p><span style=\"color: #000000;\">Werkzeuge zur Ges\u00e4\u00dfvergr\u00f6\u00dferung k\u00f6nnen auch verwendet werden, um Volumen hinzuzuf\u00fcgen, insbesondere in einigen F\u00e4llen, in denen das Fettgewebe nicht ausreicht.<\/span><\/p>\t\t\t\t\t\t\t\t<\/div>\n\t\t\t\t<div class=\"elementor-element elementor-element-0d99fc7 elementor-widget elementor-widget-heading\" data-id=\"0d99fc7\" data-element_type=\"widget\" data-e-type=\"widget\" data-widget_type=\"heading.default\">\n\t\t\t\t\t<h2 class=\"elementor-heading-title elementor-size-large\">Wer ist ein geeigneter Kandidat f\u00fcr BBL?<\/h2>\t\t\t\t<\/div>\n\t\t\t\t<div class=\"elementor-element elementor-element-c4f839d elementor-widget elementor-widget-text-editor\" data-id=\"c4f839d\" data-element_type=\"widget\" data-e-type=\"widget\" data-widget_type=\"text-editor.default\">\n\t\t\t\t\t\t\t\t\t<ul><li><span style=\"color: #000000;\">Wer mit der Po-Form nicht zufrieden ist, ist ein Kandidat f\u00fcr die Po-\u00c4sthetik.<\/span><\/li><li><span style=\"color: #000000;\">Es wird im Allgemeinen bei Menschen angewendet, die eine schlaffe, flache und breite Po-Struktur haben.<\/span><\/li><\/ul>\t\t\t\t\t\t\t\t<\/div>\n\t\t\t\t<div class=\"elementor-element elementor-element-bad474d elementor-widget elementor-widget-heading\" data-id=\"bad474d\" data-element_type=\"widget\" data-e-type=\"widget\" data-widget_type=\"heading.default\">\n\t\t\t\t\t<h2 class=\"elementor-heading-title elementor-size-large\">Vor der Operation<\/h2>\t\t\t\t<\/div>\n\t\t\t\t<div class=\"elementor-element elementor-element-dddad86 elementor-widget elementor-widget-text-editor\" data-id=\"dddad86\" data-element_type=\"widget\" data-e-type=\"widget\" data-widget_type=\"text-editor.default\">\n\t\t\t\t\t\t\t\t\t<p><span style=\"color: #000000;\">Wie bei allen chirurgischen Eingriffen sollte der Konsum von Tabak und Tabakerzeugnissen, insbesondere Zigaretten, die die Gewebeheilung beeintr\u00e4chtigen und das Infektionsrisiko durch Verringerung des Sauerstoffgehalts im K\u00f6rper erh\u00f6hen, vor der Operation eingestellt werden <a href=\"https:\/\/www.dr-mfo.com\/de\/forehead-reduction-hairline-advancement\/\">Stirnverkleinerung<\/a> Operation. Dieser Zeitraum umfasst 2-4 Wochen vor der Operation.<\/span><\/p><p><span style=\"color: #000000;\">Antikoagulanzien sowie Vitamine und pflanzliche Arzneimittel sollten innerhalb von 7-10 Tagen vor der Operation nicht verwendet werden. Wenn Sie weitere bekannte Krankheiten und Medikamente haben, die Sie regelm\u00e4\u00dfig einnehmen, sollten Sie diese mit Ihrem Arzt teilen <a href=\"https:\/\/www.dr-mfo.com\/de\/\">der Chirurg<\/a>. Ebenso m\u00fcssen Sie auf die von Ihrem Arzt empfohlene Ern\u00e4hrung achten. Wenn diese Vorkehrungen in der pr\u00e4operativen Phase getroffen werden, ist ein erfolgreiches Ergebnis der Po-\u00c4sthetik zu erwarten.<\/span><\/p><p><span style=\"color: #000000;\">Wenn Sie kein besonderes gesundheitliches Problem haben, kann mit der Analyse am Tag der Operation entschieden werden, ob Sie f\u00fcr die Operation geeignet sind. Nachdem all diese Kriterien erf\u00fcllt sind, wird die Lieblingsoperation derjenigen erfolgreich angewendet, die auf ihr k\u00f6rperliches Erscheinungsbild achten und sich sowohl sozial als auch spirituell wohlf\u00fchlen wollen.<\/span><\/p>\t\t\t\t\t\t\t\t<\/div>\n\t\t\t\t<div class=\"elementor-element elementor-element-811c343 elementor-widget elementor-widget-heading\" data-id=\"811c343\" data-element_type=\"widget\" data-e-type=\"widget\" data-widget_type=\"heading.default\">\n\t\t\t\t\t<h2 class=\"elementor-heading-title elementor-size-large\">Chirurgische Planung<\/h2>\t\t\t\t<\/div>\n\t\t\t\t<div class=\"elementor-element elementor-element-53b7668 elementor-widget elementor-widget-text-editor\" data-id=\"53b7668\" data-element_type=\"widget\" data-e-type=\"widget\" data-widget_type=\"text-editor.default\">\n\t\t\t\t\t\t\t\t\t<p><span style=\"color: #000000;\">Der Prozess der brasilianischen Ges\u00e4\u00dfoperation oder BBL-Operation beginnt mit der Zeichnung, die w\u00e4hrend der Arztkonsultation angefertigt wird. Vor der Operation wird eine Zeichnung zur Operationsplanung angefertigt und die Bereiche, in denen das f\u00fcr die BBL zu verwendende Fettgewebe entfernt wird, sowie die Fettabsaugungsbereiche um die Taille und das Ges\u00e4\u00df, die eine geformte Ges\u00e4\u00dffigur erzeugen, werden bestimmt. Um das angestrebte Volumen und die Form f\u00fcr die Ges\u00e4\u00df\u00e4sthetik bereitzustellen, werden die Bereiche markiert, in denen das Fettgewebe platziert wird.<\/span><\/p><p><span style=\"color: #000000;\">Mit einer detaillierten Operationsplanung, einer soliden Operation und einer guten postoperativen Betreuung ist es m\u00f6glich, innerhalb weniger Wochen gro\u00dfe Ver\u00e4nderungen zu erzielen.<\/span><\/p><p><span style=\"color: #000000;\">Die Brazilian Butt Plastic Surgery oder BBL, eines der beliebtesten Verfahren der \u00e4sthetischen Chirurgie der letzten Jahre, ist eine Anwendung mit hoher Zufriedenheitsrate. Es kann eine ideale L\u00f6sung bieten, um ideale K\u00f6rperkurven zu erhalten und einen volumin\u00f6sen brasilianischen Hintern zu schaffen, und liefert zufriedenstellende Ergebnisse.<\/span><\/p>\t\t\t\t\t\t\t\t<\/div>\n\t\t\t\t<div class=\"elementor-element elementor-element-db44f90 elementor-widget elementor-widget-heading\" data-id=\"db44f90\" data-element_type=\"widget\" data-e-type=\"widget\" data-widget_type=\"heading.default\">\n\t\t\t\t\t<h2 class=\"elementor-heading-title elementor-size-large\">Dinge, die am Tag der Operation zu beachten sind<\/h2>\t\t\t\t<\/div>\n\t\t\t\t<div class=\"elementor-element elementor-element-8937536 elementor-widget elementor-widget-text-editor\" data-id=\"8937536\" data-element_type=\"widget\" data-e-type=\"widget\" data-widget_type=\"text-editor.default\">\n\t\t\t\t\t\t\t\t\t<p><span style=\"color: #000000;\">Es ist wichtig, bequeme Kleidung f\u00fcr die Zeit nach der Operation mitzubringen. Es wird auch empfohlen, am Tag vor der Operation eine warme Dusche mit einer antibakteriellen Seife zu nehmen.<\/span><\/p><p style=\"margin-top: 0cm; text-align: justify; background-image: initial; background-position: initial; background-size: initial; background-repeat: initial; background-attachment: initial; background-origin: initial; background-clip: initial;\"><span style=\"color: #000000;\">Wenn Sie Nahrungserg\u00e4nzungsmittel, pflanzliche Arzneimittel, Kr\u00e4utertees, bekannte zus\u00e4tzliche Krankheiten oder Medikamente haben, die Sie regelm\u00e4\u00dfig verwenden, sollten Sie diese mit Ihrem Chirurgen und seinem Team teilen. Wenn Sie kein besonderes gesundheitliches Problem haben, kann mit der Analyse am Tag der Operation entschieden werden, ob Sie f\u00fcr die Operation geeignet sind.<\/span><\/p>\t\t\t\t\t\t\t\t<\/div>\n\t\t\t\t<div class=\"elementor-element elementor-element-e9c5e17 elementor-widget elementor-widget-heading\" data-id=\"e9c5e17\" data-element_type=\"widget\" data-e-type=\"widget\" data-widget_type=\"heading.default\">\n\t\t\t\t\t<h2 class=\"elementor-heading-title elementor-size-large\">Postoperativ<\/h2>\t\t\t\t<\/div>\n\t\t\t\t<div class=\"elementor-element elementor-element-bde40bb elementor-widget elementor-widget-text-editor\" data-id=\"bde40bb\" data-element_type=\"widget\" data-e-type=\"widget\" data-widget_type=\"text-editor.default\">\n\t\t\t\t\t\t\t\t\t<p><span style=\"color: #000000;\">Die Patienten bleiben in der Regel \u00fcber Nacht im Krankenhaus und werden am n\u00e4chsten Tag entlassen. Po-Korsetts k\u00f6nnen sowohl zur teilweisen Schmerzlinderung nach einer Fettabsaugung an anderen K\u00f6rperstellen als auch zur St\u00fctzung des Ges\u00e4\u00dfes eingesetzt werden.<\/span><\/p>\n<p><span style=\"color: #000000;\">Bereits wenige Tage nach der Operation k\u00f6nnen Sie mit Ihrer t\u00e4glichen Arbeit beginnen. Am zweiten Tag k\u00f6nnen Sie auch im OP-Bereich duschen. Nach etwa einer Woche k\u00f6nnen Sie dank des BBL-Kissens wieder ins B\u00fcro gehen.<\/span><\/p>\n<p><span style=\"color: #000000;\">Eine ausf\u00fchrliche Kontrolle durch Ihren Operateur, in der Regel am dritten Tag nach der Operation, informiert Sie ebenfalls \u00fcber das Ergebnis.<\/span><\/p>\n<p><span style=\"color: #000000;\">Korsetts werden in der Regel 3-6 Wochen nach der Operation getragen. Wie bei allen Fettinjektionen ist zu beachten, dass bei Fettinjektionen am Ges\u00e4\u00df die H\u00e4lfte des injizierten Fettes zur\u00fcckbleibt. Auch der Verzicht auf Gewichtheben nach erfolgreicher Operation und das Verzichten auf schnelle Bewegungen in der Anfangszeit tragen sehr positiv zum Heilungsprozess bei. Schwere Aktivit\u00e4ten sollten in den ersten 4-6 Wochen nach der Operation vermieden werden.<\/span><\/p>\n<p><span style=\"color: #000000;\">Am Ende der ersten Woche k\u00f6nnen sportliche Aktivit\u00e4ten wie leichtes Gehen durchgef\u00fchrt werden. Ab der dritten Woche k\u00f6nnen Sie wieder voll und ganz Ihrem Sportleben nachgehen.<\/span><\/p>\t\t\t\t\t\t\t\t<\/div>\n\t\t\t\t<div class=\"elementor-element elementor-element-3efc56d elementor-widget elementor-widget-image\" data-id=\"3efc56d\" data-element_type=\"widget\" data-e-type=\"widget\" data-widget_type=\"image.default\">\n\t\t\t\t\t\t\t\t\t\t\t\t\t\t\t<img fetchpriority=\"high\" decoding=\"async\" width=\"300\" height=\"200\" src=\"https:\/\/www.dr-mfo.com\/wp-content\/uploads\/2022\/04\/bbl-2-300x200.jpg\" class=\"attachment-medium size-medium wp-image-2440\" alt=\"bbl\" srcset=\"https:\/\/www.dr-mfo.com\/wp-content\/uploads\/2022\/04\/bbl-2-300x200.jpg.avif 300w, https:\/\/www.dr-mfo.com\/wp-content\/uploads\/2022\/04\/bbl-2-768x512.jpg.avif 768w, https:\/\/www.dr-mfo.com\/wp-content\/uploads\/2022\/04\/bbl-2.jpg.avif 900w\" sizes=\"(max-width: 300px) 100vw, 300px\" \/>\t\t\t\t\t\t\t\t\t\t\t\t\t\t\t<\/div>\n\t\t\t\t\t<\/div>\n\t\t<\/div>\n\t\t\t\t\t<\/div>\n\t\t<\/section>\n\t\t\t\t<\/div>","protected":false},"excerpt":{"rendered":"<p>Brazilian Butt (BBL) BBL (Brazilian Butt) is mostly performed under general anesthesia. The operation time is about 2-3 hours. First of all, liposuction is performed to shape the butt area. Excess fat on the butt, around the waist, and under the buttocks is removed and the butt lines are clarified. These fats, which are taken [&hellip;]<\/p>\n","protected":false},"author":2,"featured_media":0,"parent":0,"menu_order":0,"comment_status":"closed","ping_status":"closed","template":"","meta":{"_acf_changed":false,"footnotes":""},"class_list":["post-825","page","type-page","status-publish","hentry"],"acf":[],"_links":{"self":[{"href":"https:\/\/www.dr-mfo.com\/de\/wp-json\/wp\/v2\/pages\/825","targetHints":{"allow":["GET"]}}],"collection":[{"href":"https:\/\/www.dr-mfo.com\/de\/wp-json\/wp\/v2\/pages"}],"about":[{"href":"https:\/\/www.dr-mfo.com\/de\/wp-json\/wp\/v2\/types\/page"}],"author":[{"embeddable":true,"href":"https:\/\/www.dr-mfo.com\/de\/wp-json\/wp\/v2\/users\/2"}],"replies":[{"embeddable":true,"href":"https:\/\/www.dr-mfo.com\/de\/wp-json\/wp\/v2\/comments?post=825"}],"version-history":[{"count":8,"href":"https:\/\/www.dr-mfo.com\/de\/wp-json\/wp\/v2\/pages\/825\/revisions"}],"predecessor-version":[{"id":27718,"href":"https:\/\/www.dr-mfo.com\/de\/wp-json\/wp\/v2\/pages\/825\/revisions\/27718"}],"wp:attachment":[{"href":"https:\/\/www.dr-mfo.com\/de\/wp-json\/wp\/v2\/media?parent=825"}],"curies":[{"name":"wp","href":"https:\/\/api.w.org\/{rel}","templated":true}]}}