{"id":15807,"date":"2025-12-12T12:11:07","date_gmt":"2025-12-12T12:11:07","guid":{"rendered":"https:\/\/www.dr-mfo.com\/?page_id=15807"},"modified":"2026-02-22T06:33:35","modified_gmt":"2026-02-22T06:33:35","slug":"dr-mfo-en-los-medios","status":"publish","type":"page","link":"https:\/\/www.dr-mfo.com\/es\/dr-mfo-in-media\/","title":{"rendered":"Dr. MFO en el punto de mira: Nuestro reconocimiento en los medios."},"content":{"rendered":"<div data-elementor-type=\"wp-page\" data-elementor-id=\"15807\" class=\"elementor elementor-15807\">\n\t\t\t\t\t\t<section class=\"elementor-section elementor-top-section elementor-element elementor-element-658e29a0 elementor-section-boxed elementor-section-height-default elementor-section-height-default\" data-id=\"658e29a0\" data-element_type=\"section\" data-e-type=\"section\">\n\t\t\t\t\t\t<div class=\"elementor-container elementor-column-gap-default\">\n\t\t\t\t\t<div class=\"elementor-column elementor-col-100 elementor-top-column elementor-element elementor-element-6dc1a7d1\" data-id=\"6dc1a7d1\" data-element_type=\"column\" data-e-type=\"column\">\n\t\t\t<div class=\"elementor-widget-wrap elementor-element-populated\">\n\t\t\t\t\t\t<div class=\"elementor-element elementor-element-bb57216 elementor-widget elementor-widget-heading\" data-id=\"bb57216\" data-element_type=\"widget\" data-e-type=\"widget\" data-widget_type=\"heading.default\">\n\t\t\t\t\t<h1 class=\"elementor-heading-title elementor-size-default\">Con la confianza de los medios<\/h1>\t\t\t\t<\/div>\n\t\t\t\t<div class=\"elementor-element elementor-element-2273e691 elementor-widget elementor-widget-text-editor\" data-id=\"2273e691\" data-element_type=\"widget\" data-e-type=\"widget\" data-widget_type=\"text-editor.default\">\n\t\t\t\t\t\t\t\t\t<p><\/p>\n<p class=\"is-layout-flow wp-block-quote-is-layout-flow\">La seguridad, la precisi\u00f3n y la satisfacci\u00f3n del paciente son los pilares de la <a href=\"https:\/\/www.dr-mfo.com\/es\/who-is-drmfo\/\">Dr. OFM<\/a> Cl\u00ednica. Esta p\u00e1gina destaca nuestra amplia cobertura medi\u00e1tica, lo que refuerza nuestra reputaci\u00f3n como referente en cirug\u00eda est\u00e9tica y pl\u00e1stica de reafirmaci\u00f3n de g\u00e9nero. Descubra por qu\u00e9 los medios internacionales recurren al Dr. MFO para obtener informaci\u00f3n experta sobre procedimientos est\u00e9ticos seguros y exitosos.<\/p>\n<p><\/p>\t\t\t\t\t\t\t\t<\/div>\n\t\t\t\t\t<\/div>\n\t\t<\/div>\n\t\t\t\t\t<\/div>\n\t\t<\/section>\n\t\t\t\t<section class=\"elementor-section elementor-top-section elementor-element elementor-element-3b524c3 elementor-section-boxed elementor-section-height-default elementor-section-height-default\" data-id=\"3b524c3\" data-element_type=\"section\" data-e-type=\"section\">\n\t\t\t\t\t\t<div class=\"elementor-container elementor-column-gap-default\">\n\t\t\t\t\t<div class=\"elementor-column elementor-col-50 elementor-top-column elementor-element elementor-element-b24d275\" data-id=\"b24d275\" data-element_type=\"column\" data-e-type=\"column\">\n\t\t\t<div class=\"elementor-widget-wrap elementor-element-populated\">\n\t\t\t\t\t\t<div class=\"elementor-element elementor-element-3fae3c1 elementor-widget elementor-widget-image\" data-id=\"3fae3c1\" data-element_type=\"widget\" data-e-type=\"widget\" data-widget_type=\"image.default\">\n\t\t\t\t\t\t\t\t\t\t\t\t\t\t\t\t<a href=\"https:\/\/goodmorningus.com\/dr-mfo-a-global-leader-in-gender-affirming-surgery-with-compassionate-care\/\" rel=\"nofollow noopener\" target=\"_blank\">\n\t\t\t\t\t\t\t<img fetchpriority=\"high\" decoding=\"async\" width=\"1024\" height=\"807\" src=\"https:\/\/www.dr-mfo.com\/wp-content\/uploads\/2026\/02\/Ekran-goruntusu-2026-02-12-223949-1024x807.png\" class=\"attachment-large size-large wp-image-23374\" alt=\"Captura de pantalla de un art\u00edculo de noticias en l\u00ednea de Good Morning US titulado &#039;Dr. MFO: L\u00edder mundial en cirug\u00eda de afirmaci\u00f3n de g\u00e9nero con atenci\u00f3n compasiva&#039;. La imagen muestra a un m\u00e9dico con gafas y barba, vestido con un uniforme azul oscuro, haciendo un gesto hacia adelante en una cl\u00ednica m\u00e9dica.\" srcset=\"https:\/\/www.dr-mfo.com\/wp-content\/uploads\/2026\/02\/Ekran-goruntusu-2026-02-12-223949-1024x807.png.avif 1024w, https:\/\/www.dr-mfo.com\/wp-content\/uploads\/2026\/02\/Ekran-goruntusu-2026-02-12-223949-300x236.png.avif 300w, https:\/\/www.dr-mfo.com\/wp-content\/uploads\/2026\/02\/Ekran-goruntusu-2026-02-12-223949-768x605.png.avif 768w, https:\/\/www.dr-mfo.com\/wp-content\/uploads\/2026\/02\/Ekran-goruntusu-2026-02-12-223949-15x12.png.avif 15w, https:\/\/www.dr-mfo.com\/wp-content\/uploads\/2026\/02\/Ekran-goruntusu-2026-02-12-223949.png.avif 1179w\" sizes=\"(max-width: 1024px) 100vw, 1024px\" \/>\t\t\t\t\t\t\t\t<\/a>\n\t\t\t\t\t\t\t\t\t\t\t\t\t\t\t<\/div>\n\t\t\t\t<div class=\"elementor-element elementor-element-e2a5d31 elementor-widget elementor-widget-image\" data-id=\"e2a5d31\" data-element_type=\"widget\" data-e-type=\"widget\" data-widget_type=\"image.default\">\n\t\t\t\t\t\t\t\t\t\t\t\t\t\t\t<img decoding=\"async\" src=\"https:\/\/www.dr-mfo.com\/wp-content\/plugins\/elementor\/assets\/images\/placeholder.png\" title=\"\" alt=\"\" loading=\"lazy\" \/>\t\t\t\t\t\t\t\t\t\t\t\t\t\t\t<\/div>\n\t\t\t\t\t<\/div>\n\t\t<\/div>\n\t\t\t\t<div class=\"elementor-column elementor-col-50 elementor-top-column elementor-element elementor-element-90a6c4f\" data-id=\"90a6c4f\" data-element_type=\"column\" data-e-type=\"column\">\n\t\t\t<div class=\"elementor-widget-wrap elementor-element-populated\">\n\t\t\t\t\t\t<div class=\"elementor-element elementor-element-5c5aa2a elementor-widget elementor-widget-image\" data-id=\"5c5aa2a\" data-element_type=\"widget\" data-e-type=\"widget\" data-widget_type=\"image.default\">\n\t\t\t\t\t\t\t\t\t\t\t\t\t\t\t\t<a href=\"https:\/\/todayus.com\/dr-mfo-leading-the-way-in-gender-affirming-surgery-with-care-and-expertise\/\" rel=\"nofollow noopener\" target=\"_blank\">\n\t\t\t\t\t\t\t<img decoding=\"async\" width=\"1024\" height=\"939\" src=\"https:\/\/www.dr-mfo.com\/wp-content\/uploads\/2026\/02\/Ekran-goruntusu-2026-02-11-194352-1024x939.png\" class=\"attachment-large size-large wp-image-20605\" alt=\"El Dr. Mehmet Fatih Okyay, tambi\u00e9n conocido como Dr. MFO, cirujano especializado en cirug\u00edas de afirmaci\u00f3n de g\u00e9nero, de pie al aire libre en Antalya.\" srcset=\"https:\/\/www.dr-mfo.com\/wp-content\/uploads\/2026\/02\/Ekran-goruntusu-2026-02-11-194352-1024x939.png.avif 1024w, https:\/\/www.dr-mfo.com\/wp-content\/uploads\/2026\/02\/Ekran-goruntusu-2026-02-11-194352-300x275.png.avif 300w, https:\/\/www.dr-mfo.com\/wp-content\/uploads\/2026\/02\/Ekran-goruntusu-2026-02-11-194352-768x704.png.avif 768w, https:\/\/www.dr-mfo.com\/wp-content\/uploads\/2026\/02\/Ekran-goruntusu-2026-02-11-194352-13x12.png.avif 13w, https:\/\/www.dr-mfo.com\/wp-content\/uploads\/2026\/02\/Ekran-goruntusu-2026-02-11-194352.png.avif 1227w\" sizes=\"(max-width: 1024px) 100vw, 1024px\" \/>\t\t\t\t\t\t\t\t<\/a>\n\t\t\t\t\t\t\t\t\t\t\t\t\t\t\t<\/div>\n\t\t\t\t<div class=\"elementor-element elementor-element-33b9bbe elementor-widget elementor-widget-image\" data-id=\"33b9bbe\" data-element_type=\"widget\" data-e-type=\"widget\" data-widget_type=\"image.default\">\n\t\t\t\t\t\t\t\t\t\t\t\t\t\t\t\t<a href=\"https:\/\/womensinsider.com\/dr-mfo-revolutionizing-gender-affirming-surgery-with-precision-and-compassion\/\" rel=\"nofollow noopener\" target=\"_blank\">\n\t\t\t\t\t\t\t<img decoding=\"async\" width=\"1024\" height=\"937\" src=\"https:\/\/www.dr-mfo.com\/wp-content\/uploads\/2026\/02\/Ekran-goruntusu-2026-02-11-201907-1024x937.png\" class=\"attachment-large size-large wp-image-20606\" alt=\"El Dr. MFO, vestido con atuendo quir\u00fargico, realiza una cirug\u00eda de afirmaci\u00f3n de g\u00e9nero con expresi\u00f3n concentrada en un entorno cl\u00ednico.\" srcset=\"https:\/\/www.dr-mfo.com\/wp-content\/uploads\/2026\/02\/Ekran-goruntusu-2026-02-11-201907-1024x937.png.avif 1024w, https:\/\/www.dr-mfo.com\/wp-content\/uploads\/2026\/02\/Ekran-goruntusu-2026-02-11-201907-300x275.png.avif 300w, https:\/\/www.dr-mfo.com\/wp-content\/uploads\/2026\/02\/Ekran-goruntusu-2026-02-11-201907-768x703.png.avif 768w, https:\/\/www.dr-mfo.com\/wp-content\/uploads\/2026\/02\/Ekran-goruntusu-2026-02-11-201907-13x12.png.avif 13w, https:\/\/www.dr-mfo.com\/wp-content\/uploads\/2026\/02\/Ekran-goruntusu-2026-02-11-201907.png.avif 1212w\" sizes=\"(max-width: 1024px) 100vw, 1024px\" \/>\t\t\t\t\t\t\t\t<\/a>\n\t\t\t\t\t\t\t\t\t\t\t\t\t\t\t<\/div>\n\t\t\t\t\t<\/div>\n\t\t<\/div>\n\t\t\t\t\t<\/div>\n\t\t<\/section>\n\t\t\t\t<section class=\"elementor-section elementor-top-section elementor-element elementor-element-9f6db28 elementor-section-boxed elementor-section-height-default elementor-section-height-default\" data-id=\"9f6db28\" data-element_type=\"section\" data-e-type=\"section\">\n\t\t\t\t\t\t<div class=\"elementor-container elementor-column-gap-default\">\n\t\t\t\t\t<div class=\"elementor-column elementor-col-100 elementor-top-column elementor-element elementor-element-9324d42\" data-id=\"9324d42\" data-element_type=\"column\" data-e-type=\"column\">\n\t\t\t<div class=\"elementor-widget-wrap elementor-element-populated\">\n\t\t\t\t\t\t<div class=\"elementor-element elementor-element-a9de040 elementor-widget elementor-widget-image-gallery\" data-id=\"a9de040\" data-element_type=\"widget\" data-e-type=\"widget\" data-widget_type=\"image-gallery.default\">\n\t\t\t\t\t\t\t<div class=\"elementor-image-gallery\">\n\t\t\t<div class=\"row gallery galleryid-15807 gallery-columns-2 gallery-size-full\" data-uk-grid-margin=\"\"><figure class=\"gallery-item\"><div class=\"gallery-icon portrait\"><a data-elementor-open-lightbox=\"yes\" data-elementor-lightbox-slideshow=\"a9de040\" data-elementor-lightbox-title=\"usanews2\" data-e-action-hash=\"#elementor-action%3Aaction%3Dlightbox%26settings%3DeyJpZCI6MTU4MDgsInVybCI6Imh0dHBzOlwvXC93d3cuZHItbWZvLmNvbVwvd3AtY29udGVudFwvdXBsb2Fkc1wvMjAyNVwvMTJcL3VzYW5ld3MyLXNjYWxlZC5wbmciLCJzbGlkZXNob3ciOiJhOWRlMDQwIn0%3D\" href=\"https:\/\/www.dr-mfo.com\/wp-content\/uploads\/2025\/12\/usanews2-scaled.png\"><img loading=\"lazy\" decoding=\"async\" width=\"593\" height=\"2560\" src=\"https:\/\/www.dr-mfo.com\/wp-content\/uploads\/2025\/12\/usanews2-scaled.png\" class=\"attachment-full size-full\" alt=\"Una descripci\u00f3n de la imagen\" srcset=\"https:\/\/www.dr-mfo.com\/wp-content\/uploads\/2025\/12\/usanews2-scaled.png.avif 593w, https:\/\/www.dr-mfo.com\/wp-content\/uploads\/2025\/12\/usanews2-237x1024.png.avif 237w, https:\/\/www.dr-mfo.com\/wp-content\/uploads\/2025\/12\/usanews2-768x3315.png.avif 768w, https:\/\/www.dr-mfo.com\/wp-content\/uploads\/2025\/12\/usanews2-356x1536.png.avif 356w, https:\/\/www.dr-mfo.com\/wp-content\/uploads\/2025\/12\/usanews2-3x12.png.avif 3w\" sizes=\"(max-width: 593px) 100vw, 593px\" \/><\/a><\/div><\/figure><figure class=\"gallery-item\"><div class=\"gallery-icon portrait\"><a data-elementor-open-lightbox=\"yes\" data-elementor-lightbox-slideshow=\"a9de040\" data-elementor-lightbox-title=\"todayus\" data-e-action-hash=\"#elementor-action%3Aaction%3Dlightbox%26settings%3DeyJpZCI6MTU4MDksInVybCI6Imh0dHBzOlwvXC93d3cuZHItbWZvLmNvbVwvd3AtY29udGVudFwvdXBsb2Fkc1wvMjAyNVwvMTJcL3RvZGF5dXMtc2NhbGVkLnBuZyIsInNsaWRlc2hvdyI6ImE5ZGUwNDAifQ%3D%3D\" href=\"https:\/\/www.dr-mfo.com\/wp-content\/uploads\/2025\/12\/todayus-scaled.png\"><img loading=\"lazy\" decoding=\"async\" width=\"731\" height=\"2560\" src=\"https:\/\/www.dr-mfo.com\/wp-content\/uploads\/2025\/12\/todayus-scaled.png\" class=\"attachment-full size-full\" alt=\"Una imagen del sitio web TodayUs que presenta al Dr. MFO, probablemente mostrando un contexto profesional o m\u00e9dico relacionado con la cirug\u00eda de afirmaci\u00f3n de g\u00e9nero con autom\u00f3viles y experiencia.\" srcset=\"https:\/\/www.dr-mfo.com\/wp-content\/uploads\/2025\/12\/todayus-scaled.png.avif 731w, https:\/\/www.dr-mfo.com\/wp-content\/uploads\/2025\/12\/todayus-86x300.png.avif 86w, https:\/\/www.dr-mfo.com\/wp-content\/uploads\/2025\/12\/todayus-292x1024.png.avif 292w, https:\/\/www.dr-mfo.com\/wp-content\/uploads\/2025\/12\/todayus-768x2689.png.avif 768w, https:\/\/www.dr-mfo.com\/wp-content\/uploads\/2025\/12\/todayus-439x1536.png.avif 439w, https:\/\/www.dr-mfo.com\/wp-content\/uploads\/2025\/12\/todayus-585x2048.png.avif 585w, https:\/\/www.dr-mfo.com\/wp-content\/uploads\/2025\/12\/todayus-3x12.png.avif 3w\" sizes=\"(max-width: 731px) 100vw, 731px\" \/><\/a><\/div><\/figure><figure class=\"gallery-item\"><div class=\"gallery-icon portrait\"><a data-elementor-open-lightbox=\"yes\" data-elementor-lightbox-slideshow=\"a9de040\" data-elementor-lightbox-title=\"goodmorningus\" data-e-action-hash=\"#elementor-action%3Aaction%3Dlightbox%26settings%3DeyJpZCI6MTU4MTAsInVybCI6Imh0dHBzOlwvXC93d3cuZHItbWZvLmNvbVwvd3AtY29udGVudFwvdXBsb2Fkc1wvMjAyNVwvMTJcL2dvb2Rtb3JuaW5ndXMtc2NhbGVkLnBuZyIsInNsaWRlc2hvdyI6ImE5ZGUwNDAifQ%3D%3D\" href=\"https:\/\/www.dr-mfo.com\/wp-content\/uploads\/2025\/12\/goodmorningus-scaled.png\"><img loading=\"lazy\" decoding=\"async\" width=\"808\" height=\"2560\" src=\"https:\/\/www.dr-mfo.com\/wp-content\/uploads\/2025\/12\/goodmorningus-scaled.png\" class=\"attachment-full size-full\" alt=\"Un m\u00e9dico de la cl\u00ednica Dr. MFO sostiene un tel\u00e9fono inteligente y muestra una gu\u00eda sobre cirug\u00eda de afirmaci\u00f3n de g\u00e9nero con un comportamiento seguro y profesional.\" srcset=\"https:\/\/www.dr-mfo.com\/wp-content\/uploads\/2025\/12\/goodmorningus-scaled.png.avif 808w, https:\/\/www.dr-mfo.com\/wp-content\/uploads\/2025\/12\/goodmorningus-95x300.png.avif 95w, https:\/\/www.dr-mfo.com\/wp-content\/uploads\/2025\/12\/goodmorningus-323x1024.png.avif 323w, https:\/\/www.dr-mfo.com\/wp-content\/uploads\/2025\/12\/goodmorningus-768x2432.png.avif 768w, https:\/\/www.dr-mfo.com\/wp-content\/uploads\/2025\/12\/goodmorningus-485x1536.png.avif 485w, https:\/\/www.dr-mfo.com\/wp-content\/uploads\/2025\/12\/goodmorningus-4x12.png.avif 4w\" sizes=\"(max-width: 808px) 100vw, 808px\" \/><\/a><\/div><\/figure><figure class=\"gallery-item\"><div class=\"gallery-icon portrait\"><a data-elementor-open-lightbox=\"yes\" data-elementor-lightbox-slideshow=\"a9de040\" data-elementor-lightbox-title=\"womensinsider\" data-e-action-hash=\"#elementor-action%3Aaction%3Dlightbox%26settings%3DeyJpZCI6MTU4MTEsInVybCI6Imh0dHBzOlwvXC93d3cuZHItbWZvLmNvbVwvd3AtY29udGVudFwvdXBsb2Fkc1wvMjAyNVwvMTJcL3dvbWVuc2luc2lkZXItc2NhbGVkLnBuZyIsInNsaWRlc2hvdyI6ImE5ZGUwNDAifQ%3D%3D\" href=\"https:\/\/www.dr-mfo.com\/wp-content\/uploads\/2025\/12\/womensinsider-scaled.png\"><img loading=\"lazy\" decoding=\"async\" width=\"675\" height=\"2560\" src=\"https:\/\/www.dr-mfo.com\/wp-content\/uploads\/2025\/12\/womensinsider-scaled.png\" class=\"attachment-full size-full\" alt=\"Una descripci\u00f3n del contenido de la imagen.\" srcset=\"https:\/\/www.dr-mfo.com\/wp-content\/uploads\/2025\/12\/womensinsider-scaled.png.avif 675w, https:\/\/www.dr-mfo.com\/wp-content\/uploads\/2025\/12\/womensinsider-79x300.png.avif 79w, https:\/\/www.dr-mfo.com\/wp-content\/uploads\/2025\/12\/womensinsider-270x1024.png.avif 270w, https:\/\/www.dr-mfo.com\/wp-content\/uploads\/2025\/12\/womensinsider-405x1536.png.avif 405w, https:\/\/www.dr-mfo.com\/wp-content\/uploads\/2025\/12\/womensinsider-540x2048.png.avif 540w, https:\/\/www.dr-mfo.com\/wp-content\/uploads\/2025\/12\/womensinsider-3x12.png.avif 3w\" sizes=\"(max-width: 675px) 100vw, 675px\" \/><\/a><\/div><\/figure><figure class=\"gallery-item\"><div class=\"gallery-icon portrait\"><a data-elementor-open-lightbox=\"yes\" data-elementor-lightbox-slideshow=\"a9de040\" data-elementor-lightbox-title=\"medium\" data-e-action-hash=\"#elementor-action%3Aaction%3Dlightbox%26settings%3DeyJpZCI6MTU4MTIsInVybCI6Imh0dHBzOlwvXC93d3cuZHItbWZvLmNvbVwvd3AtY29udGVudFwvdXBsb2Fkc1wvMjAyNVwvMTJcL21lZGl1bS1zY2FsZWQucG5nIiwic2xpZGVzaG93IjoiYTlkZTA0MCJ9\" href=\"https:\/\/www.dr-mfo.com\/wp-content\/uploads\/2025\/12\/medium-scaled.png\"><img loading=\"lazy\" decoding=\"async\" width=\"462\" height=\"2560\" src=\"https:\/\/www.dr-mfo.com\/wp-content\/uploads\/2025\/12\/medium-scaled.png\" class=\"attachment-full size-full\" alt=\"Una persona sostiene un cartel con el texto &quot;Dr. MF\u00d6&quot; y &quot;Ankara&quot;, promocionando el Festival del Orgullo Transg\u00e9nero de Ankara 2023. La persona est\u00e1 de pie frente a un edificio con un cartel que dice &quot;Dr. MF\u00d6&quot;.\" srcset=\"https:\/\/www.dr-mfo.com\/wp-content\/uploads\/2025\/12\/medium-scaled.png.avif 462w, https:\/\/www.dr-mfo.com\/wp-content\/uploads\/2025\/12\/medium-54x300.png.avif 54w, https:\/\/www.dr-mfo.com\/wp-content\/uploads\/2025\/12\/medium-185x1024.png.avif 185w, https:\/\/www.dr-mfo.com\/wp-content\/uploads\/2025\/12\/medium-768x4257.png.avif 768w, https:\/\/www.dr-mfo.com\/wp-content\/uploads\/2025\/12\/medium-277x1536.png.avif 277w, https:\/\/www.dr-mfo.com\/wp-content\/uploads\/2025\/12\/medium-2x12.png.avif 2w\" sizes=\"(max-width: 462px) 100vw, 462px\" \/><\/a><\/div><\/figure><figure class=\"gallery-item\"><div class=\"gallery-icon portrait\"><a data-elementor-open-lightbox=\"yes\" data-elementor-lightbox-slideshow=\"a9de040\" data-elementor-lightbox-title=\"usanews1\" data-e-action-hash=\"#elementor-action%3Aaction%3Dlightbox%26settings%3DeyJpZCI6MTU4MTMsInVybCI6Imh0dHBzOlwvXC93d3cuZHItbWZvLmNvbVwvd3AtY29udGVudFwvdXBsb2Fkc1wvMjAyNVwvMTJcL3VzYW5ld3MxLXNjYWxlZC5wbmciLCJzbGlkZXNob3ciOiJhOWRlMDQwIn0%3D\" href=\"https:\/\/www.dr-mfo.com\/wp-content\/uploads\/2025\/12\/usanews1-scaled.png\"><img loading=\"lazy\" decoding=\"async\" width=\"651\" height=\"2560\" src=\"https:\/\/www.dr-mfo.com\/wp-content\/uploads\/2025\/12\/usanews1-scaled.png\" class=\"attachment-full size-full\" alt=\"Un hombre con traje habla en un podio durante una conferencia o evento, probablemente discutiendo un tema relacionado con la atenci\u00f3n m\u00e9dica o los derechos de las personas transg\u00e9nero, como lo indica el texto circundante.\" srcset=\"https:\/\/www.dr-mfo.com\/wp-content\/uploads\/2025\/12\/usanews1-scaled.png.avif 651w, https:\/\/www.dr-mfo.com\/wp-content\/uploads\/2025\/12\/usanews1-76x300.png.avif 76w, https:\/\/www.dr-mfo.com\/wp-content\/uploads\/2025\/12\/usanews1-521x2048.png.avif 521w, https:\/\/www.dr-mfo.com\/wp-content\/uploads\/2025\/12\/usanews1-3x12.png.avif 3w\" sizes=\"(max-width: 651px) 100vw, 651px\" \/><\/a><\/div><\/figure><\/div>\t\t<\/div>\n\t\t\t\t\t\t<\/div>\n\t\t\t\t\t<\/div>\n\t\t<\/div>\n\t\t\t\t\t<\/div>\n\t\t<\/section>\n\t\t\t\t<\/div>","protected":false},"excerpt":{"rendered":"<p>La seguridad, la precisi\u00f3n y la satisfacci\u00f3n del paciente son los pilares de la Cl\u00ednica Dr. MFO. Esta p\u00e1gina destaca nuestra amplia cobertura medi\u00e1tica, lo que refuerza nuestra reputaci\u00f3n como autoridad en cirug\u00eda est\u00e9tica y pl\u00e1stica de reafirmaci\u00f3n de g\u00e9nero. Descubra por qu\u00e9 los medios internacionales recurren al Dr. MFO para obtener informaci\u00f3n experta sobre procedimientos est\u00e9ticos seguros y exitosos.<\/p>","protected":false},"author":2,"featured_media":0,"parent":0,"menu_order":0,"comment_status":"closed","ping_status":"closed","template":"","meta":{"_acf_changed":false,"footnotes":""},"class_list":["post-15807","page","type-page","status-publish","hentry"],"acf":[],"_links":{"self":[{"href":"https:\/\/www.dr-mfo.com\/es\/wp-json\/wp\/v2\/pages\/15807","targetHints":{"allow":["GET"]}}],"collection":[{"href":"https:\/\/www.dr-mfo.com\/es\/wp-json\/wp\/v2\/pages"}],"about":[{"href":"https:\/\/www.dr-mfo.com\/es\/wp-json\/wp\/v2\/types\/page"}],"author":[{"embeddable":true,"href":"https:\/\/www.dr-mfo.com\/es\/wp-json\/wp\/v2\/users\/2"}],"replies":[{"embeddable":true,"href":"https:\/\/www.dr-mfo.com\/es\/wp-json\/wp\/v2\/comments?post=15807"}],"version-history":[{"count":0,"href":"https:\/\/www.dr-mfo.com\/es\/wp-json\/wp\/v2\/pages\/15807\/revisions"}],"wp:attachment":[{"href":"https:\/\/www.dr-mfo.com\/es\/wp-json\/wp\/v2\/media?parent=15807"}],"curies":[{"name":"Gracias","href":"https:\/\/api.w.org\/{rel}","templated":true}]}}