{"id":2185,"date":"2022-03-24T23:18:19","date_gmt":"2022-03-24T23:18:19","guid":{"rendered":"https:\/\/www.dr-mfo.com\/?page_id=2185"},"modified":"2026-02-22T11:27:36","modified_gmt":"2026-02-22T11:27:36","slug":"ginecomastia","status":"publish","type":"page","link":"https:\/\/www.dr-mfo.com\/es\/gynecomastia\/","title":{"rendered":"ginecomastia"},"content":{"rendered":"<div data-elementor-type=\"wp-page\" data-elementor-id=\"2185\" class=\"elementor elementor-2185\">\n\t\t\t\t\t\t<section class=\"elementor-section elementor-top-section elementor-element elementor-element-24a0943 elementor-section-boxed elementor-section-height-default elementor-section-height-default\" data-id=\"24a0943\" data-element_type=\"section\" data-e-type=\"section\">\n\t\t\t\t\t\t<div class=\"elementor-container elementor-column-gap-default\">\n\t\t\t\t\t<div class=\"elementor-column elementor-col-100 elementor-top-column elementor-element elementor-element-1c9067b\" data-id=\"1c9067b\" data-element_type=\"column\" data-e-type=\"column\">\n\t\t\t<div class=\"elementor-widget-wrap elementor-element-populated\">\n\t\t\t\t\t\t<div class=\"elementor-element elementor-element-8424a3e elementor-widget-divider--view-line elementor-widget elementor-widget-divider\" data-id=\"8424a3e\" data-element_type=\"widget\" data-e-type=\"widget\" data-widget_type=\"divider.default\">\n\t\t\t\t\t\t\t<div class=\"elementor-divider\">\n\t\t\t<span class=\"elementor-divider-separator\">\n\t\t\t\t\t\t<\/span>\n\t\t<\/div>\n\t\t\t\t\t\t<\/div>\n\t\t\t\t<div class=\"elementor-element elementor-element-04236dd elementor-widget-divider--view-line elementor-widget elementor-widget-divider\" data-id=\"04236dd\" data-element_type=\"widget\" data-e-type=\"widget\" data-widget_type=\"divider.default\">\n\t\t\t\t\t\t\t<div class=\"elementor-divider\">\n\t\t\t<span class=\"elementor-divider-separator\">\n\t\t\t\t\t\t<\/span>\n\t\t<\/div>\n\t\t\t\t\t\t<\/div>\n\t\t\t\t<div class=\"elementor-element elementor-element-3180696 elementor-widget-divider--view-line elementor-widget elementor-widget-divider\" data-id=\"3180696\" data-element_type=\"widget\" data-e-type=\"widget\" data-widget_type=\"divider.default\">\n\t\t\t\t\t\t\t<div class=\"elementor-divider\">\n\t\t\t<span class=\"elementor-divider-separator\">\n\t\t\t\t\t\t<\/span>\n\t\t<\/div>\n\t\t\t\t\t\t<\/div>\n\t\t\t\t<div class=\"elementor-element elementor-element-38e5a1c elementor-widget-divider--view-line elementor-widget elementor-widget-divider\" data-id=\"38e5a1c\" data-element_type=\"widget\" data-e-type=\"widget\" data-widget_type=\"divider.default\">\n\t\t\t\t\t\t\t<div class=\"elementor-divider\">\n\t\t\t<span class=\"elementor-divider-separator\">\n\t\t\t\t\t\t<\/span>\n\t\t<\/div>\n\t\t\t\t\t\t<\/div>\n\t\t\t\t<div class=\"elementor-element elementor-element-76222e8 elementor-widget elementor-widget-image\" data-id=\"76222e8\" data-element_type=\"widget\" data-e-type=\"widget\" data-widget_type=\"image.default\">\n\t\t\t\t\t\t\t\t\t\t\t\t\t\t\t<img decoding=\"async\" src=\"https:\/\/www.dr-mfo.com\/wp-content\/uploads\/elementor\/thumbs\/jinokomasti-qd1ltfmd2x0kf1r8o3ck2yabi5ekpd88pr6dynsx7q.jpg\" title=\"ginecomastia\" alt=\"ginecomastia\" loading=\"lazy\" \/>\t\t\t\t\t\t\t\t\t\t\t\t\t\t\t<\/div>\n\t\t\t\t<div class=\"elementor-element elementor-element-73d47c6 elementor-widget-divider--view-line elementor-widget elementor-widget-divider\" data-id=\"73d47c6\" data-element_type=\"widget\" data-e-type=\"widget\" data-widget_type=\"divider.default\">\n\t\t\t\t\t\t\t<div class=\"elementor-divider\">\n\t\t\t<span class=\"elementor-divider-separator\">\n\t\t\t\t\t\t<\/span>\n\t\t<\/div>\n\t\t\t\t\t\t<\/div>\n\t\t\t\t<div class=\"elementor-element elementor-element-97cd352 elementor-widget elementor-widget-heading\" data-id=\"97cd352\" data-element_type=\"widget\" data-e-type=\"widget\" data-widget_type=\"heading.default\">\n\t\t\t\t\t<h2 class=\"elementor-heading-title elementor-size-xl\">ginecomastia<\/h2>\t\t\t\t<\/div>\n\t\t\t\t<div class=\"elementor-element elementor-element-0c2bb9d elementor-widget elementor-widget-text-editor\" data-id=\"0c2bb9d\" data-element_type=\"widget\" data-e-type=\"widget\" data-widget_type=\"text-editor.default\">\n\t\t\t\t\t\t\t\t\t<p><span style=\"color: #000000;\">La ginecomastia es el agrandamiento de los senos femeninos en los hombres. El agrandamiento de los senos ocurre como resultado de un aumento de grasa, tejido mamario o ambos. Varios desequilibrios hormonales, medicamentos y algunas enfermedades endocrinol\u00f3gicas pueden causar ginecomastia. Sin embargo, a menudo no se encuentra una causa subyacente. La ginecomastia puede ocurrir en los hombres en tres per\u00edodos de la vida. Estos per\u00edodos son la infancia, la adolescencia y la vejez, respectivamente. La ginecomastia, que se puede ver especialmente en la adolescencia, puede ser permanente. En casos como la joroba y la curvatura de la espalda, la ginecomastia puede manifestarse m\u00e1s. Es posible librarse de esta situaci\u00f3n gracias a la correcci\u00f3n de la ginecomastia<\/span><\/p><p><span style=\"color: #000000;\">Si est\u00e1s cansado de esconderte en las playas, sentir que te escondes detr\u00e1s de tu ropa y no poder usar una camiseta, el resto del art\u00edculo es para ti. No tienes que usar ropa holgada, sentirte desinflado en las playas y experimentar este problema todo el tiempo.<\/span><\/p><p><span style=\"color: #000000;\">La Cirug\u00eda Pl\u00e1stica Est\u00e9tica ofrece opciones eficaces para solucionar todos estos problemas. La correcci\u00f3n de la ginecomastia es la opci\u00f3n ideal para senos femeninos incomodos, grandes y fl\u00e1cidos. Adem\u00e1s, es posible lograr l\u00edneas corporales masculinas m\u00e1s definidas y una apariencia muscular m\u00e1s firme, as\u00ed como eliminar asimetr\u00edas mediante liposucci\u00f3n y rellenos de grasa realizados con la propia grasa. La correcci\u00f3n de la ginecomastia es una aplicaci\u00f3n con un alto \u00edndice de satisfacci\u00f3n. Ofrece resultados satisfactorios en senos grandes, ca\u00eddos y asim\u00e9tricos.\u00a0<\/span><span style=\"color: #000000; font-size: 1rem;\">Ginecomastia o ginecomastia en <a href=\"https:\/\/www.dr-mfo.com\/es\/hidden-paradise-antalya-and-touristic-feautures\/\">Pavo<\/a> \u00a1Te ofrece recuperar la confianza en ti mismo frente al espejo! Para obtener m\u00e1s informaci\u00f3n antes y despu\u00e9s de los resultados a largo plazo, rese\u00f1as de pacientes y cu\u00e1nto cuesta la cirug\u00eda ginecol\u00f3gica por <a href=\"https:\/\/www.dr-mfo.com\/es\/who-is-drmfo\/\">Dr. OFM<\/a>, haga clic en el bot\u00f3n &#039;Cont\u00e1ctenos&#039; en la parte superior del sitio.<\/span><\/p>\t\t\t\t\t\t\t\t<\/div>\n\t\t\t\t<div class=\"elementor-element elementor-element-181a6cf elementor-widget elementor-widget-heading\" data-id=\"181a6cf\" data-element_type=\"widget\" data-e-type=\"widget\" data-widget_type=\"heading.default\">\n\t\t\t\t\t<h2 class=\"elementor-heading-title elementor-size-large\">Cirug\u00eda<\/h2>\t\t\t\t<\/div>\n\t\t\t\t<div class=\"elementor-element elementor-element-056cace elementor-widget elementor-widget-text-editor\" data-id=\"056cace\" data-element_type=\"widget\" data-e-type=\"widget\" data-widget_type=\"text-editor.default\">\n\t\t\t\t\t\t\t\t\t<p><span style=\"color: #000000;\">La cirug\u00eda generalmente se realiza bajo anestesia general. La t\u00e9cnica de liposucci\u00f3n se utiliza generalmente para el tejido adiposo que provoca el agrandamiento de los senos. Se ingresa con incisiones de 0,5 cm realizadas en 1-2 puntos y el tejido adiposo se extrae rompi\u00e9ndolo con la ayuda de c\u00e1nulas especiales. Las gl\u00e1ndulas mamarias que acompa\u00f1an al tejido adiposo tambi\u00e9n se extraen ingresando a trav\u00e9s de las \u00e1reas de incisi\u00f3n mencionadas. No se hacen incisiones en el pez\u00f3n o sus alrededores para evitar la forma y decoloraci\u00f3n o deformidades en los pezones. Las cicatrices de las incisiones suelen volverse p\u00e1lidas y casi invisibles despu\u00e9s de 3 a 6 meses.<\/span><\/p>\t\t\t\t\t\t\t\t<\/div>\n\t\t\t\t<div class=\"elementor-element elementor-element-2650e09 elementor-widget elementor-widget-heading\" data-id=\"2650e09\" data-element_type=\"widget\" data-e-type=\"widget\" data-widget_type=\"heading.default\">\n\t\t\t\t\t<h2 class=\"elementor-heading-title elementor-size-large\">Antes de la cirug\u00eda<\/h2>\t\t\t\t<\/div>\n\t\t\t\t<div class=\"elementor-element elementor-element-2b21751 elementor-widget elementor-widget-text-editor\" data-id=\"2b21751\" data-element_type=\"widget\" data-e-type=\"widget\" data-widget_type=\"text-editor.default\">\n\t\t\t\t\t\t\t\t\t<p style=\"word-spacing: 6.4px;\"><span style=\"color: #000000;\">Como antes de todas las cirug\u00edas, el uso de productos de tabaco y tabaco debe suspenderse al menos dos semanas antes de la cirug\u00eda de ginecomastia. Durante la consulta m\u00e9dica previa a la cirug\u00eda, el paciente debe informar al m\u00e9dico sobre los medicamentos que utiliza, los complementos alimenticios y tisanas que consume regularmente, las enfermedades actuales y pasadas si las hubiere y las alergias. En particular, es posible que sea necesario suspender o reorganizar los anticoagulantes.<\/span><\/p>\t\t\t\t\t\t\t\t<\/div>\n\t\t\t\t<div class=\"elementor-element elementor-element-3104334 elementor-widget elementor-widget-heading\" data-id=\"3104334\" data-element_type=\"widget\" data-e-type=\"widget\" data-widget_type=\"heading.default\">\n\t\t\t\t\t<h2 class=\"elementor-heading-title elementor-size-large\">Aspectos a tener en cuenta el d\u00eda de la cirug\u00eda<\/h2>\t\t\t\t<\/div>\n\t\t\t\t<div class=\"elementor-element elementor-element-a0ead1c elementor-widget elementor-widget-text-editor\" data-id=\"a0ead1c\" data-element_type=\"widget\" data-e-type=\"widget\" data-widget_type=\"text-editor.default\">\n\t\t\t\t\t\t\t\t\t<p><span style=\"color: #000000;\">Es importante llevar ropa c\u00f3moda para el postoperatorio. La ropa ancha, larga y abotonada ser\u00e1 ideal. Tambi\u00e9n se recomienda tomar una ducha tibia con un jab\u00f3n antibacterial el d\u00eda anterior a la operaci\u00f3n.<\/span><\/p><p><span style=\"color: #000000;\">Si tiene suplementos alimenticios, medicamentos a base de hierbas, infusiones, enfermedades adicionales conocidas o medicamentos que usa regularmente, debe compartirlos con su <a href=\"https:\/\/www.dr-mfo.com\/es\/\">cirujano<\/a> y su equipo Si no tiene un problema de salud especial, se puede decidir si es apto para la operaci\u00f3n con el an\u00e1lisis realizado el d\u00eda de la operaci\u00f3n.<\/span><\/p>\t\t\t\t\t\t\t\t<\/div>\n\t\t\t\t<div class=\"elementor-element elementor-element-775a3b2 elementor-widget elementor-widget-heading\" data-id=\"775a3b2\" data-element_type=\"widget\" data-e-type=\"widget\" data-widget_type=\"heading.default\">\n\t\t\t\t\t<h2 class=\"elementor-heading-title elementor-size-large\">Despu\u00e9s de cirug\u00eda<\/h2>\t\t\t\t<\/div>\n\t\t\t\t<div class=\"elementor-element elementor-element-dba5874 elementor-widget elementor-widget-text-editor\" data-id=\"dba5874\" data-element_type=\"widget\" data-e-type=\"widget\" data-widget_type=\"text-editor.default\">\n\t\t\t\t\t\t\t\t\t<p><span style=\"color: #000000;\">Los pacientes suelen ser dados de alta el d\u00eda de la cirug\u00eda o al d\u00eda siguiente. Se usa un cors\u00e9 de apoyo inmediatamente despu\u00e9s de la operaci\u00f3n y este cors\u00e9 se usa durante 3-4 semanas. Despu\u00e9s del segundo d\u00eda, el paciente puede ba\u00f1arse. Habitualmente, a partir del 2\u00ba d\u00eda, la paciente puede reincorporarse a la vida laboral y social con cors\u00e9. La hinchaz\u00f3n generalmente retrocede en 2 semanas.<\/span><\/p><p><span style=\"color: #000000;\">Un control detallado por parte de su cirujano, normalmente al tercer d\u00eda despu\u00e9s de la operaci\u00f3n, tambi\u00e9n le informar\u00e1 sobre los resultados.<\/span><\/p><p style=\"word-spacing: 6.4px;\"><span style=\"color: #000000;\">Las actividades deportivas, como caminar a paso ligero, se pueden realizar hasta que se completen las tres primeras semanas. A partir de la cuarta semana, podr\u00e1 volver plenamente a su vida deportiva. Se recomienda esperar las primeras seis semanas para actividades deportivas profesionales intensas (levantamiento de pesas, boxeo, etc.)<\/span><\/p>\t\t\t\t\t\t\t\t<\/div>\n\t\t\t\t\t<\/div>\n\t\t<\/div>\n\t\t\t\t\t<\/div>\n\t\t<\/section>\n\t\t\t\t<section class=\"elementor-section elementor-top-section elementor-element elementor-element-0bb05d3 elementor-section-boxed elementor-section-height-default elementor-section-height-default\" data-id=\"0bb05d3\" data-element_type=\"section\" data-e-type=\"section\">\n\t\t\t\t\t\t<div class=\"elementor-container elementor-column-gap-default\">\n\t\t\t\t\t<div class=\"elementor-column elementor-col-50 elementor-top-column elementor-element elementor-element-59f81ae\" data-id=\"59f81ae\" data-element_type=\"column\" data-e-type=\"column\">\n\t\t\t<div class=\"elementor-widget-wrap elementor-element-populated\">\n\t\t\t\t\t\t<div class=\"elementor-element elementor-element-1a96609 elementor-widget elementor-widget-html\" data-id=\"1a96609\" data-element_type=\"widget\" data-e-type=\"widget\" data-widget_type=\"html.default\">\n\t\t\t\t\t<blockquote class=\"instagram-media\" data-instgrm-captioned data-instgrm-permalink=\"https:\/\/www.instagram.com\/p\/CjqBas6oqye\/?utm_source=ig_embed&amp;utm_campaign=loading\" data-instgrm-version=\"14\" style=\" background:#FFF; border:0; border-radius:3px; box-shadow:0 0 1px 0 rgba(0,0,0,0.5),0 1px 10px 0 rgba(0,0,0,0.15); margin: 1px; max-width:540px; min-width:326px; padding:0; width:99.375%; width:-webkit-calc(100% - 2px); width:calc(100% - 2px);\"><div style=\"padding:16px;\"> <a href=\"https:\/\/www.instagram.com\/p\/CjqBas6oqye\/?utm_source=ig_embed&amp;utm_campaign=loading\" style=\" background:#FFFFFF; line-height:0; padding:0 0; text-align:center; text-decoration:none; width:100%;\" target=\"_blank\" rel=\"nofollow noopener\"> <div style=\" display: flex; flex-direction: row; align-items: center;\"> <div style=\"background-color: #F4F4F4; border-radius: 50%; flex-grow: 0; height: 40px; margin-right: 14px; width: 40px;\"><\/div> <div style=\"display: flex; flex-direction: column; flex-grow: 1; justify-content: center;\"> <div style=\" background-color: #F4F4F4; border-radius: 4px; flex-grow: 0; height: 14px; margin-bottom: 6px; width: 100px;\"><\/div> <div style=\" background-color: #F4F4F4; border-radius: 4px; flex-grow: 0; height: 14px; width: 60px;\"><\/div><\/div><\/div><div style=\"padding: 19% 0;\"><\/div> <div style=\"display:block; height:50px; margin:0 auto 12px; width:50px;\"><svg width=\"50px\" height=\"50px\" viewbox=\"0 0 60 60\" version=\"1.1\" xmlns=\"https:\/\/www.w3.org\/2000\/svg\" xmlns:xlink=\"https:\/\/www.w3.org\/1999\/xlink\"><g stroke=\"none\" stroke-width=\"1\" fill=\"none\" fill-rule=\"evenodd\"><g transform=\"translate(-511.000000, -20.000000)\" fill=\"#000000\"><g><path d=\"M556.869,30.41 C554.814,30.41 553.148,32.076 553.148,34.131 C553.148,36.186 554.814,37.852 556.869,37.852 C558.924,37.852 560.59,36.186 560.59,34.131 C560.59,32.076 558.924,30.41 556.869,30.41 M541,60.657 C535.114,60.657 530.342,55.887 530.342,50 C530.342,44.114 535.114,39.342 541,39.342 C546.887,39.342 551.658,44.114 551.658,50 C551.658,55.887 546.887,60.657 541,60.657 M541,33.886 C532.1,33.886 524.886,41.1 524.886,50 C524.886,58.899 532.1,66.113 541,66.113 C549.9,66.113 557.115,58.899 557.115,50 C557.115,41.1 549.9,33.886 541,33.886 M565.378,62.101 C565.244,65.022 564.756,66.606 564.346,67.663 C563.803,69.06 563.154,70.057 562.106,71.106 C561.058,72.155 560.06,72.803 558.662,73.347 C557.607,73.757 556.021,74.244 553.102,74.378 C549.944,74.521 548.997,74.552 541,74.552 C533.003,74.552 532.056,74.521 528.898,74.378 C525.979,74.244 524.393,73.757 523.338,73.347 C521.94,72.803 520.942,72.155 519.894,71.106 C518.846,70.057 518.197,69.06 517.654,67.663 C517.244,66.606 516.755,65.022 516.623,62.101 C516.479,58.943 516.448,57.996 516.448,50 C516.448,42.003 516.479,41.056 516.623,37.899 C516.755,34.978 517.244,33.391 517.654,32.338 C518.197,30.938 518.846,29.942 519.894,28.894 C520.942,27.846 521.94,27.196 523.338,26.654 C524.393,26.244 525.979,25.756 528.898,25.623 C532.057,25.479 533.004,25.448 541,25.448 C548.997,25.448 549.943,25.479 553.102,25.623 C556.021,25.756 557.607,26.244 558.662,26.654 C560.06,27.196 561.058,27.846 562.106,28.894 C563.154,29.942 563.803,30.938 564.346,32.338 C564.756,33.391 565.244,34.978 565.378,37.899 C565.522,41.056 565.552,42.003 565.552,50 C565.552,57.996 565.522,58.943 565.378,62.101 M570.82,37.631 C570.674,34.438 570.167,32.258 569.425,30.349 C568.659,28.377 567.633,26.702 565.965,25.035 C564.297,23.368 562.623,22.342 560.652,21.575 C558.743,20.834 556.562,20.326 553.369,20.18 C550.169,20.033 549.148,20 541,20 C532.853,20 531.831,20.033 528.631,20.18 C525.438,20.326 523.257,20.834 521.349,21.575 C519.376,22.342 517.703,23.368 516.035,25.035 C514.368,26.702 513.342,28.377 512.574,30.349 C511.834,32.258 511.326,34.438 511.181,37.631 C511.035,40.831 511,41.851 511,50 C511,58.147 511.035,59.17 511.181,62.369 C511.326,65.562 511.834,67.743 512.574,69.651 C513.342,71.625 514.368,73.296 516.035,74.965 C517.703,76.634 519.376,77.658 521.349,78.425 C523.257,79.167 525.438,79.673 528.631,79.82 C531.831,79.965 532.853,80.001 541,80.001 C549.148,80.001 550.169,79.965 553.369,79.82 C556.562,79.673 558.743,79.167 560.652,78.425 C562.623,77.658 564.297,76.634 565.965,74.965 C567.633,73.296 568.659,71.625 569.425,69.651 C570.167,67.743 570.674,65.562 570.82,62.369 C570.966,59.17 571,58.147 571,50 C571,41.851 570.966,40.831 570.82,37.631\"><\/path><\/g><\/g><\/g><\/svg><\/div><div style=\"padding-top: 8px;\"> <div style=\" color:#3897f0; font-family:Arial,sans-serif; font-size:14px; font-style:normal; font-weight:550; line-height:18px;\">Ver esta publicaci\u00f3n en Instagram<\/div><\/div><div style=\"padding: 12.5% 0;\"><\/div> <div style=\"display: flex; flex-direction: row; margin-bottom: 14px; align-items: center;\"><div> <div style=\"background-color: #F4F4F4; border-radius: 50%; height: 12.5px; width: 12.5px; transform: translateX(0px) translateY(7px);\"><\/div> <div style=\"background-color: #F4F4F4; height: 12.5px; transform: rotate(-45deg) translateX(3px) translateY(1px); width: 12.5px; flex-grow: 0; margin-right: 14px; margin-left: 2px;\"><\/div> <div style=\"background-color: #F4F4F4; border-radius: 50%; height: 12.5px; width: 12.5px; transform: translateX(9px) translateY(-18px);\"><\/div><\/div><div style=\"margin-left: 8px;\"> <div style=\" background-color: #F4F4F4; border-radius: 50%; flex-grow: 0; height: 20px; width: 20px;\"><\/div> <div style=\" width: 0; height: 0; border-top: 2px solid transparent; border-left: 6px solid #f4f4f4; border-bottom: 2px solid transparent; transform: translateX(16px) translateY(-4px) rotate(30deg)\"><\/div><\/div><div style=\"margin-left: auto;\"> <div style=\" width: 0px; border-top: 8px solid #F4F4F4; border-right: 8px solid transparent; transform: translateY(16px);\"><\/div> <div style=\" background-color: #F4F4F4; flex-grow: 0; height: 12px; width: 16px; transform: translateY(-4px);\"><\/div> <div style=\" width: 0; height: 0; border-top: 8px solid #F4F4F4; border-left: 8px solid transparent; transform: translateY(-4px) translateX(8px);\"><\/div><\/div><\/div> <div style=\"display: flex; flex-direction: column; flex-grow: 1; justify-content: center; margin-bottom: 24px;\"> <div style=\" background-color: #F4F4F4; border-radius: 4px; flex-grow: 0; height: 14px; margin-bottom: 6px; width: 224px;\"><\/div> <div style=\" background-color: #F4F4F4; border-radius: 4px; flex-grow: 0; height: 14px; width: 144px;\"><\/div><\/div><\/a><p style=\" color:#c9c8cd; font-family:Arial,sans-serif; font-size:14px; line-height:17px; margin-bottom:0; margin-top:8px; overflow:hidden; padding:8px 0 7px; text-align:center; text-overflow:ellipsis; white-space:nowrap;\"><a href=\"https:\/\/www.instagram.com\/p\/CjqBas6oqye\/?utm_source=ig_embed&amp;utm_campaign=loading\" style=\" color:#c9c8cd; font-family:Arial,sans-serif; font-size:14px; font-style:normal; font-weight:normal; line-height:17px; text-decoration:none;\" target=\"_blank\" rel=\"nofollow noopener\">Una publicaci\u00f3n compartida por Mehmet Fatih Okyay, MD, FEBOPRAS (@dr_mfo)<\/a><\/p><\/div><\/blockquote> <script async src=\"\/\/www.instagram.com\/embed.js\"><\/script>\t\t\t\t<\/div>\n\t\t\t\t\t<\/div>\n\t\t<\/div>\n\t\t\t\t<div class=\"elementor-column elementor-col-50 elementor-top-column elementor-element elementor-element-e71c974\" data-id=\"e71c974\" data-element_type=\"column\" data-e-type=\"column\">\n\t\t\t<div class=\"elementor-widget-wrap\">\n\t\t\t\t\t\t\t<\/div>\n\t\t<\/div>\n\t\t\t\t\t<\/div>\n\t\t<\/section>\n\t\t\t\t<\/div>","protected":false},"excerpt":{"rendered":"<p>Gynecomastia Gynecomastia is feminine breast enlargement in men. Enlargement of the breasts occurs as a result of an increase in fat, breast tissue, or both. Various hormonal imbalances, drugs, and some endocrinological diseases can cause gynecomastia. However, an underlying cause is often not found. Gynecomastia can occur in men in three periods of life. These [&hellip;]<\/p>\n","protected":false},"author":2,"featured_media":0,"parent":0,"menu_order":0,"comment_status":"closed","ping_status":"closed","template":"","meta":{"_acf_changed":false,"footnotes":""},"class_list":["post-2185","page","type-page","status-publish","hentry"],"acf":[],"_links":{"self":[{"href":"https:\/\/www.dr-mfo.com\/es\/wp-json\/wp\/v2\/pages\/2185","targetHints":{"allow":["GET"]}}],"collection":[{"href":"https:\/\/www.dr-mfo.com\/es\/wp-json\/wp\/v2\/pages"}],"about":[{"href":"https:\/\/www.dr-mfo.com\/es\/wp-json\/wp\/v2\/types\/page"}],"author":[{"embeddable":true,"href":"https:\/\/www.dr-mfo.com\/es\/wp-json\/wp\/v2\/users\/2"}],"replies":[{"embeddable":true,"href":"https:\/\/www.dr-mfo.com\/es\/wp-json\/wp\/v2\/comments?post=2185"}],"version-history":[{"count":0,"href":"https:\/\/www.dr-mfo.com\/es\/wp-json\/wp\/v2\/pages\/2185\/revisions"}],"wp:attachment":[{"href":"https:\/\/www.dr-mfo.com\/es\/wp-json\/wp\/v2\/media?parent=2185"}],"curies":[{"name":"Gracias","href":"https:\/\/api.w.org\/{rel}","templated":true}]}}