{"id":2461,"date":"2022-04-05T01:43:22","date_gmt":"2022-04-05T00:43:22","guid":{"rendered":"https:\/\/www.dr-mfo.com\/?page_id=2461"},"modified":"2026-02-22T11:23:36","modified_gmt":"2026-02-22T11:23:36","slug":"cuidado-por-los-convalecientes","status":"publish","type":"page","link":"https:\/\/www.dr-mfo.com\/es\/aftercare\/","title":{"rendered":"Cuidado por los convalecientes"},"content":{"rendered":"<div data-elementor-type=\"wp-page\" data-elementor-id=\"2461\" class=\"elementor elementor-2461\">\n\t\t\t\t\t\t<section class=\"elementor-section elementor-top-section elementor-element elementor-element-833c330 elementor-section-boxed elementor-section-height-default elementor-section-height-default\" data-id=\"833c330\" data-element_type=\"section\" data-e-type=\"section\">\n\t\t\t\t\t\t<div class=\"elementor-container elementor-column-gap-default\">\n\t\t\t\t\t<div class=\"elementor-column elementor-col-100 elementor-top-column elementor-element elementor-element-babe9f8\" data-id=\"babe9f8\" data-element_type=\"column\" data-e-type=\"column\">\n\t\t\t<div class=\"elementor-widget-wrap elementor-element-populated\">\n\t\t\t\t\t\t<div class=\"elementor-element elementor-element-669d42b elementor-widget-divider--view-line elementor-widget elementor-widget-divider\" data-id=\"669d42b\" data-element_type=\"widget\" data-e-type=\"widget\" data-widget_type=\"divider.default\">\n\t\t\t\t\t\t\t<div class=\"elementor-divider\">\n\t\t\t<span class=\"elementor-divider-separator\">\n\t\t\t\t\t\t<\/span>\n\t\t<\/div>\n\t\t\t\t\t\t<\/div>\n\t\t\t\t<div class=\"elementor-element elementor-element-690e1b6 elementor-widget-divider--view-line elementor-widget elementor-widget-divider\" data-id=\"690e1b6\" data-element_type=\"widget\" data-e-type=\"widget\" data-widget_type=\"divider.default\">\n\t\t\t\t\t\t\t<div class=\"elementor-divider\">\n\t\t\t<span class=\"elementor-divider-separator\">\n\t\t\t\t\t\t<\/span>\n\t\t<\/div>\n\t\t\t\t\t\t<\/div>\n\t\t\t\t<div class=\"elementor-element elementor-element-0ab6860 elementor-widget-divider--view-line elementor-widget elementor-widget-divider\" data-id=\"0ab6860\" data-element_type=\"widget\" data-e-type=\"widget\" data-widget_type=\"divider.default\">\n\t\t\t\t\t\t\t<div class=\"elementor-divider\">\n\t\t\t<span class=\"elementor-divider-separator\">\n\t\t\t\t\t\t<\/span>\n\t\t<\/div>\n\t\t\t\t\t\t<\/div>\n\t\t\t\t<div class=\"elementor-element elementor-element-ae50e39 elementor-widget-divider--view-line elementor-widget elementor-widget-divider\" data-id=\"ae50e39\" data-element_type=\"widget\" data-e-type=\"widget\" data-widget_type=\"divider.default\">\n\t\t\t\t\t\t\t<div class=\"elementor-divider\">\n\t\t\t<span class=\"elementor-divider-separator\">\n\t\t\t\t\t\t<\/span>\n\t\t<\/div>\n\t\t\t\t\t\t<\/div>\n\t\t\t\t<div class=\"elementor-element elementor-element-cf330ed elementor-widget elementor-widget-image\" data-id=\"cf330ed\" data-element_type=\"widget\" data-e-type=\"widget\" data-widget_type=\"image.default\">\n\t\t\t\t\t\t\t\t\t\t\t\t\t\t\t<img decoding=\"async\" src=\"https:\/\/www.dr-mfo.com\/wp-content\/uploads\/elementor\/thumbs\/instagram-bg-0.1-qd1ltdqop8xzrttyz2jaxyrebdnu9z0s1hvf03vpk6.jpg\" title=\"instagram-bg-0.1\" alt=\"Una mujer tumbada recibiendo un procedimiento cosm\u00e9tico o dermatol\u00f3gico en la frente, realizado por un profesional que lleva guantes y utiliza un dispositivo manual especializado.\" loading=\"lazy\" \/>\t\t\t\t\t\t\t\t\t\t\t\t\t\t\t<\/div>\n\t\t\t\t<div class=\"elementor-element elementor-element-bdeeb9b elementor-widget-divider--view-line elementor-widget elementor-widget-divider\" data-id=\"bdeeb9b\" data-element_type=\"widget\" data-e-type=\"widget\" data-widget_type=\"divider.default\">\n\t\t\t\t\t\t\t<div class=\"elementor-divider\">\n\t\t\t<span class=\"elementor-divider-separator\">\n\t\t\t\t\t\t<\/span>\n\t\t<\/div>\n\t\t\t\t\t\t<\/div>\n\t\t\t\t<div class=\"elementor-element elementor-element-abb40fb elementor-widget elementor-widget-heading\" data-id=\"abb40fb\" data-element_type=\"widget\" data-e-type=\"widget\" data-widget_type=\"heading.default\">\n\t\t\t\t\t<h2 class=\"elementor-heading-title elementor-size-xl\">Cuidado por los convalecientes<\/h2>\t\t\t\t<\/div>\n\t\t\t\t<div class=\"elementor-element elementor-element-114dda0 elementor-widget elementor-widget-text-editor\" data-id=\"114dda0\" data-element_type=\"widget\" data-e-type=\"widget\" data-widget_type=\"text-editor.default\">\n\t\t\t\t\t\t\t\t\t<p><span style=\"color: #000000;\">Somos muy conscientes de que la historia de cada paciente es \u00fanica y hay tres cap\u00edtulos.<\/span><\/p><ol><li><span style=\"color: #000000;\">Per\u00edodo de precuidado, preparaci\u00f3n para la cirug\u00eda.<\/span><\/li><li><span style=\"color: #000000;\">Per\u00edodo poscuidado, cuidados despu\u00e9s de la cirug\u00eda.<\/span><\/li><li><span style=\"color: #000000;\">Per\u00edodo de postratamiento, cuando los pacientes llegaban a sus pa\u00edses con la mente en paz.<\/span><\/li><\/ol>\t\t\t\t\t\t\t\t<\/div>\n\t\t\t\t<div class=\"elementor-element elementor-element-bab0e40 elementor-widget elementor-widget-heading\" data-id=\"bab0e40\" data-element_type=\"widget\" data-e-type=\"widget\" data-widget_type=\"heading.default\">\n\t\t\t\t\t<h2 class=\"elementor-heading-title elementor-size-large\">primeras 24 horas<\/h2>\t\t\t\t<\/div>\n\t\t\t\t<div class=\"elementor-element elementor-element-427af60 elementor-widget elementor-widget-text-editor\" data-id=\"427af60\" data-element_type=\"widget\" data-e-type=\"widget\" data-widget_type=\"text-editor.default\">\n\t\t\t\t\t\t\t\t\t<p><span style=\"color: #000000;\">Al proporcionar enfermeras personales durante las hospitalizaciones del paciente, buscamos la m\u00e1xima comodidad y resolvemos la barrera del idioma con el personal local del hospital cuando m\u00e1s lo necesitan. En unas pocas horas, puede comenzar a alimentarse, vestirse y caminar.<\/span><\/p><p><span style=\"color: #000000;\">Nos preocupamos personalmente por los primeros pasos del paciente. Como proveedores de atenci\u00f3n m\u00e9dica experimentados, informamos a los pacientes sobre cada paso que van a experimentar uno por uno y eliminando el factor de incertidumbre. La gente se asusta por las cosas que no sabe.<\/span><\/p><p><span style=\"color: #000000;\">Una noche de hospitalizaci\u00f3n puede ser suficiente en su mayor\u00eda pero las cirug\u00edas combinadas. En la mayor\u00eda de los casos, los pacientes son dados de alta del hospital despu\u00e9s del d\u00eda de la cirug\u00eda. El d\u00eda del alta, <a href=\"https:\/\/www.dr-mfo.com\/es\/who-is-drmfo\/\">Dr. OFM<\/a> habla con el paciente para ver si est\u00e1 lo suficientemente bien como para ser dado de alta. Nos mantenemos en contacto con el paciente, proporcionamos medicamentos recetados a los pacientes y esperamos el primer d\u00eda de consulta, que es principalmente el tercer d\u00eda de la operaci\u00f3n. Brindamos la \u00faltima consulta seg\u00fan las fechas de vuelo de los pacientes y los enviamos a sus pa\u00edses con la mente en paz.<\/span><\/p><p><span style=\"color: #000000;\">Antes de la externalizaci\u00f3n, el m\u00e9dico y su equipo profesional realizan el primer vendaje y comparten informaci\u00f3n sobre los primeros resultados.<\/span><\/p><p><span style=\"color: #000000;\"><span style=\"word-spacing: 6.4px;\">El traslado terrestre lo lleva a su habitaci\u00f3n de hotel acompa\u00f1ado por un equipo de asistentes.<\/span><\/span><\/p><p><span style=\"color: #000000;\"><span style=\"word-spacing: 6.4px;\">Los hoteles museo famosos del mundo o los emocionantes hoteles boutique deber\u00edan ayudarlo a conocer su nuevo yo y descubrir su cirug\u00eda que le cambiar\u00e1 la vida con un descanso exclusivo.<\/span><\/span><\/p>\t\t\t\t\t\t\t\t<\/div>\n\t\t\t\t<div class=\"elementor-element elementor-element-aabed63 elementor-widget elementor-widget-heading\" data-id=\"aabed63\" data-element_type=\"widget\" data-e-type=\"widget\" data-widget_type=\"heading.default\">\n\t\t\t\t\t<h2 class=\"elementor-heading-title elementor-size-large\">Cuidado por los convalecientes<\/h2>\t\t\t\t<\/div>\n\t\t\t\t<div class=\"elementor-element elementor-element-3348cb3 elementor-widget elementor-widget-text-editor\" data-id=\"3348cb3\" data-element_type=\"widget\" data-e-type=\"widget\" data-widget_type=\"text-editor.default\">\n\t\t\t\t\t\t\t\t\t<p><span style=\"color: #000000;\">Despu\u00e9s de las operaciones, hay aspectos mentales y f\u00edsicos por los que los pacientes pasan como es de esperar. La mayor\u00eda de los pacientes experimentan esta situaci\u00f3n por primera vez en su vida pero nosotros no y sabemos qu\u00e9 hacer.<\/span><\/p><p><span style=\"color: #000000;\">Cuando los pacientes llegan a sus pa\u00edses, brindamos videoconferencias peri\u00f3dicamente para ver c\u00f3mo va la recuperaci\u00f3n y hacerles sentir que no est\u00e1n solos en su viaje. <\/span><span style=\"color: #000000;\">En este paso de la recuperaci\u00f3n, los pacientes se muestran delicados frente a los comentarios de las personas de su entorno. <\/span><\/p><p><span style=\"color: #000000;\">En algunas operaciones, como la liposucci\u00f3n o el levantamiento\/aumento de senos, se utilizar\u00e1 un cors\u00e9 o un sujetador deportivo. No deje de usarlos sin consultar con su m\u00e9dico. <\/span><\/p><p><span style=\"color: #000000;\">La exposici\u00f3n activa o pasiva a cigarrillos y productos de tabaco similares antes y despu\u00e9s de la cirug\u00eda reduce el ox\u00edgeno tisular y allana el camino para la infecci\u00f3n. Por esta raz\u00f3n, es necesario alejarse un promedio de un mes antes y despu\u00e9s de la cirug\u00eda.<\/span><\/p>\t\t\t\t\t\t\t\t<\/div>\n\t\t\t\t<div class=\"elementor-element elementor-element-4521adb elementor-widget elementor-widget-image\" data-id=\"4521adb\" data-element_type=\"widget\" data-e-type=\"widget\" data-widget_type=\"image.default\">\n\t\t\t\t\t\t\t\t\t\t\t\t\t\t\t<img fetchpriority=\"high\" decoding=\"async\" width=\"825\" height=\"510\" src=\"https:\/\/www.dr-mfo.com\/wp-content\/uploads\/2022\/04\/ldm.jpeg\" class=\"attachment-full size-full wp-image-2543\" alt=\"Una persona acostada boca abajo con las manos debajo de la cabeza, mostrando su espalda desnuda.\" srcset=\"https:\/\/www.dr-mfo.com\/wp-content\/uploads\/2022\/04\/ldm.jpeg.avif 825w, https:\/\/www.dr-mfo.com\/wp-content\/uploads\/2022\/04\/ldm-300x185.jpeg.avif 300w, https:\/\/www.dr-mfo.com\/wp-content\/uploads\/2022\/04\/ldm-768x475.jpeg.avif 768w\" sizes=\"(max-width: 825px) 100vw, 825px\" \/>\t\t\t\t\t\t\t\t\t\t\t\t\t\t\t<\/div>\n\t\t\t\t\t<\/div>\n\t\t<\/div>\n\t\t\t\t\t<\/div>\n\t\t<\/section>\n\t\t\t\t<\/div>","protected":false},"excerpt":{"rendered":"<p>Aftercare We are well aware that every patient&#8217;s story is unique and there are three chapters. Precare period, preparation for surgery. Postcare period, care after surgery. Aftercare period, when the patients arrived in their countries with minds at peace. First 24 hours By providing personal nurses during the patient&#8217;s hospitalizations we aim for maximum comfort [&hellip;]<\/p>\n","protected":false},"author":2,"featured_media":0,"parent":0,"menu_order":0,"comment_status":"closed","ping_status":"closed","template":"","meta":{"_acf_changed":false,"footnotes":""},"class_list":["post-2461","page","type-page","status-publish","hentry"],"acf":[],"_links":{"self":[{"href":"https:\/\/www.dr-mfo.com\/es\/wp-json\/wp\/v2\/pages\/2461","targetHints":{"allow":["GET"]}}],"collection":[{"href":"https:\/\/www.dr-mfo.com\/es\/wp-json\/wp\/v2\/pages"}],"about":[{"href":"https:\/\/www.dr-mfo.com\/es\/wp-json\/wp\/v2\/types\/page"}],"author":[{"embeddable":true,"href":"https:\/\/www.dr-mfo.com\/es\/wp-json\/wp\/v2\/users\/2"}],"replies":[{"embeddable":true,"href":"https:\/\/www.dr-mfo.com\/es\/wp-json\/wp\/v2\/comments?post=2461"}],"version-history":[{"count":0,"href":"https:\/\/www.dr-mfo.com\/es\/wp-json\/wp\/v2\/pages\/2461\/revisions"}],"wp:attachment":[{"href":"https:\/\/www.dr-mfo.com\/es\/wp-json\/wp\/v2\/media?parent=2461"}],"curies":[{"name":"Gracias","href":"https:\/\/api.w.org\/{rel}","templated":true}]}}