{"id":2631,"date":"2022-04-10T18:07:41","date_gmt":"2022-04-10T17:07:41","guid":{"rendered":"https:\/\/www.dr-mfo.com\/?page_id=2631"},"modified":"2026-02-28T17:51:04","modified_gmt":"2026-02-28T17:51:04","slug":"lo-que-hacemos","status":"publish","type":"page","link":"https:\/\/www.dr-mfo.com\/es\/what-we-do\/","title":{"rendered":"\u00bfQu\u00e9 hacemos?"},"content":{"rendered":"<div data-elementor-type=\"wp-page\" data-elementor-id=\"2631\" class=\"elementor elementor-2631\">\n\t\t\t\t\t\t<section class=\"elementor-section elementor-top-section elementor-element elementor-element-e4fc6b2 elementor-section-boxed elementor-section-height-default elementor-section-height-default\" data-id=\"e4fc6b2\" data-element_type=\"section\" data-e-type=\"section\">\n\t\t\t\t\t\t<div class=\"elementor-container elementor-column-gap-default\">\n\t\t\t\t\t<div class=\"elementor-column elementor-col-100 elementor-top-column elementor-element elementor-element-3992bf7\" data-id=\"3992bf7\" data-element_type=\"column\" data-e-type=\"column\">\n\t\t\t<div class=\"elementor-widget-wrap elementor-element-populated\">\n\t\t\t\t\t\t<div class=\"elementor-element elementor-element-3cd674c elementor-widget-divider--view-line elementor-widget elementor-widget-divider\" data-id=\"3cd674c\" data-element_type=\"widget\" data-e-type=\"widget\" data-widget_type=\"divider.default\">\n\t\t\t\t\t\t\t<div class=\"elementor-divider\">\n\t\t\t<span class=\"elementor-divider-separator\">\n\t\t\t\t\t\t<\/span>\n\t\t<\/div>\n\t\t\t\t\t\t<\/div>\n\t\t\t\t<div class=\"elementor-element elementor-element-ec2aed6 elementor-widget-divider--view-line elementor-widget elementor-widget-divider\" data-id=\"ec2aed6\" data-element_type=\"widget\" data-e-type=\"widget\" data-widget_type=\"divider.default\">\n\t\t\t\t\t\t\t<div class=\"elementor-divider\">\n\t\t\t<span class=\"elementor-divider-separator\">\n\t\t\t\t\t\t<\/span>\n\t\t<\/div>\n\t\t\t\t\t\t<\/div>\n\t\t\t\t<div class=\"elementor-element elementor-element-6023876 elementor-widget-divider--view-line elementor-widget elementor-widget-divider\" data-id=\"6023876\" data-element_type=\"widget\" data-e-type=\"widget\" data-widget_type=\"divider.default\">\n\t\t\t\t\t\t\t<div class=\"elementor-divider\">\n\t\t\t<span class=\"elementor-divider-separator\">\n\t\t\t\t\t\t<\/span>\n\t\t<\/div>\n\t\t\t\t\t\t<\/div>\n\t\t\t\t<div class=\"elementor-element elementor-element-e3cc304 elementor-widget elementor-widget-heading\" data-id=\"e3cc304\" data-element_type=\"widget\" data-e-type=\"widget\" data-widget_type=\"heading.default\">\n\t\t\t\t\t<h2 class=\"elementor-heading-title elementor-size-xl\">\u00bfQu\u00e9 hacemos?<\/h2>\t\t\t\t<\/div>\n\t\t\t\t<div class=\"elementor-element elementor-element-9ef70a1 elementor-widget-divider--view-line elementor-widget elementor-widget-divider\" data-id=\"9ef70a1\" data-element_type=\"widget\" data-e-type=\"widget\" data-widget_type=\"divider.default\">\n\t\t\t\t\t\t\t<div class=\"elementor-divider\">\n\t\t\t<span class=\"elementor-divider-separator\">\n\t\t\t\t\t\t<\/span>\n\t\t<\/div>\n\t\t\t\t\t\t<\/div>\n\t\t\t\t\t<\/div>\n\t\t<\/div>\n\t\t\t\t\t<\/div>\n\t\t<\/section>\n\t\t\t\t<section class=\"elementor-section elementor-top-section elementor-element elementor-element-adbb50a elementor-section-boxed elementor-section-height-default elementor-section-height-default\" data-id=\"adbb50a\" data-element_type=\"section\" data-e-type=\"section\">\n\t\t\t\t\t\t<div class=\"elementor-container elementor-column-gap-default\">\n\t\t\t\t\t<div class=\"elementor-column elementor-col-50 elementor-top-column elementor-element elementor-element-cf03c7c\" data-id=\"cf03c7c\" data-element_type=\"column\" data-e-type=\"column\">\n\t\t\t<div class=\"elementor-widget-wrap elementor-element-populated\">\n\t\t\t\t\t\t<div class=\"elementor-element elementor-element-7fa2634 elementor-widget elementor-widget-heading\" data-id=\"7fa2634\" data-element_type=\"widget\" data-e-type=\"widget\" data-widget_type=\"heading.default\">\n\t\t\t\t\t<h2 class=\"elementor-heading-title elementor-size-large\">Cl\u00ednica Dr. MFO<\/h2>\t\t\t\t<\/div>\n\t\t\t\t<div class=\"elementor-element elementor-element-a07c5dd elementor-widget elementor-widget-text-editor\" data-id=\"a07c5dd\" data-element_type=\"widget\" data-e-type=\"widget\" data-widget_type=\"text-editor.default\">\n\t\t\t\t\t\t\t\t\t<p style=\"text-align: center;\"><span style=\"color: #000000;\">Nuestra cl\u00ednica, fundada por <a href=\"https:\/\/www.dr-mfo.com\/es\/who-is-drmfo\/\">Dr. OFM<\/a> y designado como Centro Internacional de Turismo de Salud por el Ministerio de Salud de la Rep\u00fablica de <a href=\"https:\/\/www.dr-mfo.com\/es\/hidden-paradise-antalya-and-touristic-feautures\/\">Turqu\u00eda<\/a>, recibe a hu\u00e9spedes de todo el mundo, especialmente de pa\u00edses de Europa Central y del Norte.\u00a0<\/span><\/p><p style=\"text-align: center;\"><span style=\"color: #000000;\">Durante los 13 a\u00f1os de experiencia del Dr. MFO, tuvimos la oportunidad de recibir pacientes de 70 pa\u00edses diferentes en una variedad de lugares como Nueva Zelanda, Canad\u00e1 y Singapur.<\/span><\/p>\t\t\t\t\t\t\t\t<\/div>\n\t\t\t\t<div class=\"elementor-element elementor-element-4c5fe16 elementor-widget-divider--view-line elementor-widget elementor-widget-divider\" data-id=\"4c5fe16\" data-element_type=\"widget\" data-e-type=\"widget\" data-widget_type=\"divider.default\">\n\t\t\t\t\t\t\t<div class=\"elementor-divider\">\n\t\t\t<span class=\"elementor-divider-separator\">\n\t\t\t\t\t\t<\/span>\n\t\t<\/div>\n\t\t\t\t\t\t<\/div>\n\t\t\t\t<div class=\"elementor-element elementor-element-fe41206 elementor-widget elementor-widget-image\" data-id=\"fe41206\" data-element_type=\"widget\" data-e-type=\"widget\" data-widget_type=\"image.default\">\n\t\t\t\t\t\t\t\t\t\t\t\t\t\t\t<img decoding=\"async\" src=\"https:\/\/www.dr-mfo.com\/wp-content\/uploads\/elementor\/thumbs\/new-clinic-1-rjtq8rj51bmixbd3ha9fsz20w8rh777qt6z2jdp6hy.jpeg\" title=\"nueva cl\u00ednica (1)\" alt=\"Un espacio de oficina profesional y decorado con estilo, que cuenta con un gran escritorio de madera, sillones de cuero, una camilla de exploraci\u00f3n, una l\u00e1mpara de ara\u00f1a ornamentada y diversos objetos decorativos en las paredes y estanter\u00edas.\" loading=\"lazy\" \/>\t\t\t\t\t\t\t\t\t\t\t\t\t\t\t<\/div>\n\t\t\t\t<div class=\"elementor-element elementor-element-a0ecdd9 elementor-widget-divider--view-line elementor-widget elementor-widget-divider\" data-id=\"a0ecdd9\" data-element_type=\"widget\" data-e-type=\"widget\" data-widget_type=\"divider.default\">\n\t\t\t\t\t\t\t<div class=\"elementor-divider\">\n\t\t\t<span class=\"elementor-divider-separator\">\n\t\t\t\t\t\t<\/span>\n\t\t<\/div>\n\t\t\t\t\t\t<\/div>\n\t\t\t\t\t<\/div>\n\t\t<\/div>\n\t\t\t\t<div class=\"elementor-column elementor-col-50 elementor-top-column elementor-element elementor-element-38f29b4\" data-id=\"38f29b4\" data-element_type=\"column\" data-e-type=\"column\">\n\t\t\t<div class=\"elementor-widget-wrap elementor-element-populated\">\n\t\t\t\t\t\t<div class=\"elementor-element elementor-element-ea3ffdb elementor-widget-divider--view-line elementor-widget elementor-widget-divider\" data-id=\"ea3ffdb\" data-element_type=\"widget\" data-e-type=\"widget\" data-widget_type=\"divider.default\">\n\t\t\t\t\t\t\t<div class=\"elementor-divider\">\n\t\t\t<span class=\"elementor-divider-separator\">\n\t\t\t\t\t\t<\/span>\n\t\t<\/div>\n\t\t\t\t\t\t<\/div>\n\t\t\t\t<div class=\"elementor-element elementor-element-f56dc8b elementor-widget elementor-widget-image\" data-id=\"f56dc8b\" data-element_type=\"widget\" data-e-type=\"widget\" data-widget_type=\"image.default\">\n\t\t\t\t\t\t\t\t\t\t\t\t\t\t\t<img decoding=\"async\" src=\"https:\/\/www.dr-mfo.com\/wp-content\/uploads\/elementor\/thumbs\/new-clinic-6-rjtq96kk2o7432r91grgwv9eeepcmcvg79eu7t2vqe.jpeg\" title=\"nueva cl\u00ednica (6)\" alt=\"Una sala de espera de cl\u00ednica moderna y acogedora, con sof\u00e1s Chesterfield de cuero, una mesa de centro r\u00fastica de madera, una pared decorativa roja y una gran ventana con luz natural.\" loading=\"lazy\" \/>\t\t\t\t\t\t\t\t\t\t\t\t\t\t\t<\/div>\n\t\t\t\t<div class=\"elementor-element elementor-element-e2a22eb elementor-widget-divider--view-line elementor-widget elementor-widget-divider\" data-id=\"e2a22eb\" data-element_type=\"widget\" data-e-type=\"widget\" data-widget_type=\"divider.default\">\n\t\t\t\t\t\t\t<div class=\"elementor-divider\">\n\t\t\t<span class=\"elementor-divider-separator\">\n\t\t\t\t\t\t<\/span>\n\t\t<\/div>\n\t\t\t\t\t\t<\/div>\n\t\t\t\t<div class=\"elementor-element elementor-element-60df7b6 elementor-widget elementor-widget-text-editor\" data-id=\"60df7b6\" data-element_type=\"widget\" data-e-type=\"widget\" data-widget_type=\"text-editor.default\">\n\t\t\t\t\t\t\t\t\t<p style=\"text-align: center;\"><span style=\"color: #000000;\">Gracias a nuestros valiosos pacientes, a quienes tuvimos la oportunidad de recibir en nuestra cl\u00ednica, la sociedad MFO Angels est\u00e1 creciendo a nivel mundial. Contin\u00faa brindando a sus pacientes hermosas sonrisas gracias a las h\u00e1biles manos de los cirujanos y a sus magn\u00edficas transformaciones de feminizaci\u00f3n, est\u00e9tica y cirug\u00eda pl\u00e1stica.<\/span><\/p><p style=\"text-align: center;\"><span style=\"color: #000000;\">Nuestro equipo cl\u00ednico experto, formado por enfermeras, fisios, gu\u00edas tur\u00edsticos e int\u00e9rpretes, con experiencia en el campo de la Cirug\u00eda Pl\u00e1stica y Est\u00e9tica, acompa\u00f1\u00f3 a nuestros pacientes tanto en salud como en turismo. Estamos encantados de ver la felicidad y la alegr\u00eda que experimenta el paciente con la ciudad y la salud.<\/span><\/p>\t\t\t\t\t\t\t\t<\/div>\n\t\t\t\t\t<\/div>\n\t\t<\/div>\n\t\t\t\t\t<\/div>\n\t\t<\/section>\n\t\t\t\t<section class=\"elementor-section elementor-top-section elementor-element elementor-element-722bcf5 elementor-section-boxed elementor-section-height-default elementor-section-height-default\" data-id=\"722bcf5\" data-element_type=\"section\" data-e-type=\"section\">\n\t\t\t\t\t\t<div class=\"elementor-container elementor-column-gap-default\">\n\t\t\t\t\t<div class=\"elementor-column elementor-col-100 elementor-top-column elementor-element elementor-element-2685c2c\" data-id=\"2685c2c\" data-element_type=\"column\" data-e-type=\"column\">\n\t\t\t<div class=\"elementor-widget-wrap elementor-element-populated\">\n\t\t\t\t\t\t<div class=\"elementor-element elementor-element-9b8e989 elementor-widget elementor-widget-image\" data-id=\"9b8e989\" data-element_type=\"widget\" data-e-type=\"widget\" data-widget_type=\"image.default\">\n\t\t\t\t\t\t\t\t\t\t\t\t\t\t\t<img decoding=\"async\" src=\"https:\/\/www.dr-mfo.com\/wp-content\/uploads\/elementor\/thumbs\/new-clinic-8-rjtq98g8gc9oqaoiqhkq1usbl6g31r2wvipt6d03dy.jpeg\" title=\"FFS\" alt=\"Cirug\u00eda de Feminizaci\u00f3n Facial\" loading=\"lazy\" \/>\t\t\t\t\t\t\t\t\t\t\t\t\t\t\t<\/div>\n\t\t\t\t<div class=\"elementor-element elementor-element-e34e1ae elementor-widget elementor-widget-heading\" data-id=\"e34e1ae\" data-element_type=\"widget\" data-e-type=\"widget\" data-widget_type=\"heading.default\">\n\t\t\t\t\t<h2 class=\"elementor-heading-title elementor-size-large\">Cl\u00ednica Dr. MFO<\/h2>\t\t\t\t<\/div>\n\t\t\t\t\t<\/div>\n\t\t<\/div>\n\t\t\t\t\t<\/div>\n\t\t<\/section>\n\t\t\t\t<section class=\"elementor-section elementor-top-section elementor-element elementor-element-c7a42fe elementor-section-boxed elementor-section-height-default elementor-section-height-default\" data-id=\"c7a42fe\" data-element_type=\"section\" data-e-type=\"section\">\n\t\t\t\t\t\t<div class=\"elementor-container elementor-column-gap-default\">\n\t\t\t\t\t<div class=\"elementor-column elementor-col-100 elementor-top-column elementor-element elementor-element-dbd1873\" data-id=\"dbd1873\" data-element_type=\"column\" data-e-type=\"column\">\n\t\t\t<div class=\"elementor-widget-wrap\">\n\t\t\t\t\t\t\t<\/div>\n\t\t<\/div>\n\t\t\t\t\t<\/div>\n\t\t<\/section>\n\t\t\t\t<\/div>","protected":false},"excerpt":{"rendered":"<p>What we do? Dr. MFO Clinic Our clinic, established by Dr. MFO and designated as the International Health Tourism Center by the Ministry of Health of the Republic of T\u00fcrkiye, welcomes guests from all over the world, especially from Central and Northern European countries.\u00a0 During Dr. MFO&#8217;s 13 years of experience, we had the chance [&hellip;]<\/p>\n","protected":false},"author":2,"featured_media":0,"parent":0,"menu_order":0,"comment_status":"closed","ping_status":"closed","template":"","meta":{"_acf_changed":false,"footnotes":""},"class_list":["post-2631","page","type-page","status-publish","hentry"],"acf":[],"_links":{"self":[{"href":"https:\/\/www.dr-mfo.com\/es\/wp-json\/wp\/v2\/pages\/2631","targetHints":{"allow":["GET"]}}],"collection":[{"href":"https:\/\/www.dr-mfo.com\/es\/wp-json\/wp\/v2\/pages"}],"about":[{"href":"https:\/\/www.dr-mfo.com\/es\/wp-json\/wp\/v2\/types\/page"}],"author":[{"embeddable":true,"href":"https:\/\/www.dr-mfo.com\/es\/wp-json\/wp\/v2\/users\/2"}],"replies":[{"embeddable":true,"href":"https:\/\/www.dr-mfo.com\/es\/wp-json\/wp\/v2\/comments?post=2631"}],"version-history":[{"count":15,"href":"https:\/\/www.dr-mfo.com\/es\/wp-json\/wp\/v2\/pages\/2631\/revisions"}],"predecessor-version":[{"id":25870,"href":"https:\/\/www.dr-mfo.com\/es\/wp-json\/wp\/v2\/pages\/2631\/revisions\/25870"}],"wp:attachment":[{"href":"https:\/\/www.dr-mfo.com\/es\/wp-json\/wp\/v2\/media?parent=2631"}],"curies":[{"name":"Gracias","href":"https:\/\/api.w.org\/{rel}","templated":true}]}}