{"id":2697,"date":"2022-04-15T00:11:53","date_gmt":"2022-04-14T23:11:53","guid":{"rendered":"https:\/\/www.dr-mfo.com\/?page_id=2697"},"modified":"2026-02-22T11:18:36","modified_gmt":"2026-02-22T11:18:36","slug":"drmfo","status":"publish","type":"page","link":"https:\/\/www.dr-mfo.com\/es\/drmfo\/","title":{"rendered":"Dr. OFM"},"content":{"rendered":"<div data-elementor-type=\"wp-page\" data-elementor-id=\"2697\" class=\"elementor elementor-2697\">\n\t\t\t\t\t\t<section class=\"elementor-section elementor-top-section elementor-element elementor-element-a201216 elementor-section-boxed elementor-section-height-default elementor-section-height-default\" data-id=\"a201216\" data-element_type=\"section\" data-e-type=\"section\">\n\t\t\t\t\t\t<div class=\"elementor-container elementor-column-gap-default\">\n\t\t\t\t\t<div class=\"elementor-column elementor-col-100 elementor-top-column elementor-element elementor-element-f4aa950\" data-id=\"f4aa950\" data-element_type=\"column\" data-e-type=\"column\">\n\t\t\t<div class=\"elementor-widget-wrap elementor-element-populated\">\n\t\t\t\t\t\t<div class=\"elementor-element elementor-element-e99d5d7 elementor-widget-divider--view-line elementor-widget elementor-widget-divider\" data-id=\"e99d5d7\" data-element_type=\"widget\" data-e-type=\"widget\" data-widget_type=\"divider.default\">\n\t\t\t\t\t\t\t<div class=\"elementor-divider\">\n\t\t\t<span class=\"elementor-divider-separator\">\n\t\t\t\t\t\t<\/span>\n\t\t<\/div>\n\t\t\t\t\t\t<\/div>\n\t\t\t\t<div class=\"elementor-element elementor-element-8a0c812 elementor-widget-divider--view-line elementor-widget elementor-widget-divider\" data-id=\"8a0c812\" data-element_type=\"widget\" data-e-type=\"widget\" data-widget_type=\"divider.default\">\n\t\t\t\t\t\t\t<div class=\"elementor-divider\">\n\t\t\t<span class=\"elementor-divider-separator\">\n\t\t\t\t\t\t<\/span>\n\t\t<\/div>\n\t\t\t\t\t\t<\/div>\n\t\t\t\t<div class=\"elementor-element elementor-element-20f3968 elementor-widget-divider--view-line elementor-widget elementor-widget-divider\" data-id=\"20f3968\" data-element_type=\"widget\" data-e-type=\"widget\" data-widget_type=\"divider.default\">\n\t\t\t\t\t\t\t<div class=\"elementor-divider\">\n\t\t\t<span class=\"elementor-divider-separator\">\n\t\t\t\t\t\t<\/span>\n\t\t<\/div>\n\t\t\t\t\t\t<\/div>\n\t\t\t\t<div class=\"elementor-element elementor-element-2969bb0 elementor-widget elementor-widget-heading\" data-id=\"2969bb0\" data-element_type=\"widget\" data-e-type=\"widget\" data-widget_type=\"heading.default\">\n\t\t\t\t\t<h2 class=\"elementor-heading-title elementor-size-xl\">Dr. OFM<\/h2>\t\t\t\t<\/div>\n\t\t\t\t<div class=\"elementor-element elementor-element-bc160d6 elementor-widget-divider--view-line elementor-widget elementor-widget-divider\" data-id=\"bc160d6\" data-element_type=\"widget\" data-e-type=\"widget\" data-widget_type=\"divider.default\">\n\t\t\t\t\t\t\t<div class=\"elementor-divider\">\n\t\t\t<span class=\"elementor-divider-separator\">\n\t\t\t\t\t\t<\/span>\n\t\t<\/div>\n\t\t\t\t\t\t<\/div>\n\t\t\t\t\t<\/div>\n\t\t<\/div>\n\t\t\t\t\t<\/div>\n\t\t<\/section>\n\t\t\t\t<section class=\"elementor-section elementor-top-section elementor-element elementor-element-4827cd0 elementor-section-boxed elementor-section-height-default elementor-section-height-default\" data-id=\"4827cd0\" data-element_type=\"section\" data-e-type=\"section\">\n\t\t\t\t\t\t<div class=\"elementor-container elementor-column-gap-default\">\n\t\t\t\t\t<div class=\"elementor-column elementor-col-50 elementor-top-column elementor-element elementor-element-4625e73\" data-id=\"4625e73\" data-element_type=\"column\" data-e-type=\"column\">\n\t\t\t<div class=\"elementor-widget-wrap elementor-element-populated\">\n\t\t\t\t\t\t<div class=\"elementor-element elementor-element-333caa7 elementor-widget elementor-widget-image\" data-id=\"333caa7\" data-element_type=\"widget\" data-e-type=\"widget\" data-widget_type=\"image.default\">\n\t\t\t\t\t\t\t\t\t\t\t\t\t\t\t<img fetchpriority=\"high\" decoding=\"async\" width=\"1372\" height=\"1920\" src=\"https:\/\/www.dr-mfo.com\/wp-content\/uploads\/2021\/11\/MFO1.jpg\" class=\"attachment-full size-full wp-image-1052\" alt=\"Mehmet Fatih Okyay MD FEBOPRAS\" srcset=\"https:\/\/www.dr-mfo.com\/wp-content\/uploads\/2021\/11\/MFO1.jpg.avif 1372w, https:\/\/www.dr-mfo.com\/wp-content\/uploads\/2021\/11\/MFO1-214x300.jpg.avif 214w, https:\/\/www.dr-mfo.com\/wp-content\/uploads\/2021\/11\/MFO1-732x1024.jpg.avif 732w, https:\/\/www.dr-mfo.com\/wp-content\/uploads\/2021\/11\/MFO1-768x1075.jpg.avif 768w, https:\/\/www.dr-mfo.com\/wp-content\/uploads\/2021\/11\/MFO1-1097x1536.jpg.avif 1097w, https:\/\/www.dr-mfo.com\/wp-content\/uploads\/2021\/11\/MFO1-1463x2048.jpg.avif 1463w\" sizes=\"(max-width: 1372px) 100vw, 1372px\" \/>\t\t\t\t\t\t\t\t\t\t\t\t\t\t\t<\/div>\n\t\t\t\t<div class=\"elementor-element elementor-element-3725f28 elementor-widget elementor-widget-heading\" data-id=\"3725f28\" data-element_type=\"widget\" data-e-type=\"widget\" data-widget_type=\"heading.default\">\n\t\t\t\t\t<h2 class=\"elementor-heading-title elementor-size-medium\"><i><span style=\"font-size: 14pt;, serif\">Dr. Mehmet Fatih Okyay<br>Certificado por la junta europea y turca<\/span><\/i><br><i><span style=\"font-size: 14pt;, serif\">Especialista en Cirug\u00eda Pl\u00e1stica<\/span><\/i><\/h2>\t\t\t\t<\/div>\n\t\t\t\t\t<\/div>\n\t\t<\/div>\n\t\t\t\t<div class=\"elementor-column elementor-col-50 elementor-top-column elementor-element elementor-element-b0a5d96\" data-id=\"b0a5d96\" data-element_type=\"column\" data-e-type=\"column\">\n\t\t\t<div class=\"elementor-widget-wrap elementor-element-populated\">\n\t\t\t\t\t\t<div class=\"elementor-element elementor-element-5b9a95b elementor-widget elementor-widget-text-editor\" data-id=\"5b9a95b\" data-element_type=\"widget\" data-e-type=\"widget\" data-widget_type=\"text-editor.default\">\n\t\t\t\t\t\t\t\t\t<p><span style=\"color: #000000;\"><a href=\"https:\/\/www.dr-mfo.com\/es\/who-is-drmfo\/\">Mehmet Fatih Okyay<\/a>, MD, FEBOPRAS ocup\u00f3 el octavo lugar durante su mandato en el Examen de Especializaci\u00f3n M\u00e9dica de Turqu\u00eda.<\/span><\/p><p><span style=\"color: #000000;\">Complet\u00f3 una residencia en Cirug\u00eda Pl\u00e1stica, Reconstructiva y Est\u00e9tica en la mundialmente famosa Universidad de Estambul, Facultad de Medicina de Cerrahpa\u015fa.<\/span><\/p><p><span style=\"color: #000000;\">Fue galardonado con el premio Fellow of the European Board of Plastic, Reconstructive and Aesthetic Surgeons (FEBOPRAS), otorgado por la Asociaci\u00f3n Europea de Especialistas M\u00e9dicos en t\u00e9rminos de equivalencia de calidad, 2018, Bruselas.<\/span><\/p><p><span style=\"color: #000000;\">Debido a este premio, tambi\u00e9n recibi\u00f3 el premio Fellow of the Turkish Board of Plastic, Reconstructive and Aesthetic Surgeons (Junta turca) de la Asociaci\u00f3n de Cirug\u00eda Pl\u00e1stica, Reconstructiva y Est\u00e9tica de Turqu\u00eda en el mismo a\u00f1o.<\/span><\/p><p><span style=\"color: #000000;\">Fund\u00f3 la Cl\u00ednica Dr. MFO como propietario el 1 de junio de 2021.<\/span><span style=\"color: #000000;\"><br \/><\/span><\/p><p><span style=\"color: #000000;\">Durante su carrera, particip\u00f3 en muchas reuniones cient\u00edficas y form\u00f3 parte de los comit\u00e9s organizadores. Tuvo la oportunidad de ser ponente en algunos de ellos.<\/span><\/p><p><span style=\"color: #000000;\">Con sus 10 a\u00f1os de experiencia en cirug\u00eda pl\u00e1stica, est\u00e1 muy interesado en\u00a0<\/span><span style=\"color: #000000;\">\u00a0<\/span><span style=\"color: #000000;\"><a href=\"https:\/\/www.dr-mfo.com\/es\/facelift-surgery\/\">estiramiento facial<\/a>, est\u00e9tica de la nariz, <a href=\"https:\/\/www.dr-mfo.com\/es\/ffs-facial-feminization-surgery\/\">feminizaci\u00f3n facial<\/a> cirug\u00edas en est\u00e9tica facial, <\/span><span style=\"color: #000000;\"><a href=\"https:\/\/www.dr-mfo.com\/es\/tummy-tuck-abdominoplastia\/\">abdominoplastia<\/a>, liposucci\u00f3n, remodelaci\u00f3n corporal en cirug\u00eda est\u00e9tica y cirug\u00edas est\u00e9ticas de mama.<\/span><\/p><p><span style=\"color: #000000;\">Es miembro permanente de la Sociedad Internacional de Cirujanos Est\u00e9ticos (ISAPS), la Asociaci\u00f3n Turca de Cirug\u00eda Pl\u00e1stica (TSPRAS) y la Asociaci\u00f3n Turca de Cirug\u00eda Pl\u00e1stica Est\u00e9tica (TSAPS).<\/span><\/p><p><span style=\"color: #000000;\">Habla ingl\u00e9s de grado acad\u00e9mico y espa\u00f1ol de nivel fluido. Tambi\u00e9n habla franc\u00e9s de nivel intermedio.<\/span><\/p><p><span style=\"color: #000000;\">Es compositor y poeta, toca guitarra cl\u00e1sica, ney y guitarra el\u00e9ctrica.<\/span><\/p><p><span style=\"color: #000000;\">El esta casado y tiene dos hijos.<\/span><\/p>\t\t\t\t\t\t\t\t<\/div>\n\t\t\t\t\t<\/div>\n\t\t<\/div>\n\t\t\t\t\t<\/div>\n\t\t<\/section>\n\t\t\t\t<section class=\"elementor-section elementor-top-section elementor-element elementor-element-b122be9 elementor-section-boxed elementor-section-height-default elementor-section-height-default\" data-id=\"b122be9\" data-element_type=\"section\" data-e-type=\"section\">\n\t\t\t\t\t\t<div class=\"elementor-container elementor-column-gap-default\">\n\t\t\t\t\t<div class=\"elementor-column elementor-col-100 elementor-top-column elementor-element elementor-element-b44ef05\" data-id=\"b44ef05\" data-element_type=\"column\" data-e-type=\"column\">\n\t\t\t<div class=\"elementor-widget-wrap elementor-element-populated\">\n\t\t\t\t\t\t<div class=\"elementor-element elementor-element-cc29b59 elementor-widget elementor-widget-heading\" data-id=\"cc29b59\" data-element_type=\"widget\" data-e-type=\"widget\" data-widget_type=\"heading.default\">\n\t\t\t\t\t<h2 class=\"elementor-heading-title elementor-size-xl\">Premios<\/h2>\t\t\t\t<\/div>\n\t\t\t\t<div class=\"elementor-element elementor-element-5791465 elementor-widget elementor-widget-text-editor\" data-id=\"5791465\" data-element_type=\"widget\" data-e-type=\"widget\" data-widget_type=\"text-editor.default\">\n\t\t\t\t\t\t\t\t\t<p style=\"margin: 0cm 0cm 0cm 18pt; font-size: 12pt; font-family: 'Courier New'; color: #000000; text-indent: -18pt;\"><span style=\"font-family: Verdana, sans-serif; font-size: 10.5pt; color: #000000;\">Miembro de la Junta Europea de Cirug\u00eda Pl\u00e1stica, Reconstructiva y Est\u00e9tica, abril de 2018, Bruselas.<\/span><\/p><p style=\"margin: 0cm; font-size: 12pt; font-family: 'Courier New'; color: #000000;\"><span style=\"font-size: 10.5pt; font-family: Verdana, sans-serif; color: #000000;\">Miembro de la Junta Turca de Cirug\u00eda Pl\u00e1stica, Reconstructiva y Est\u00e9tica, abril de 2018, <a href=\"https:\/\/www.dr-mfo.com\/es\/hidden-paradise-antalya-and-touristic-feautures\/\">Antalya<\/a>.<\/span><\/p>\t\t\t\t\t\t\t\t<\/div>\n\t\t\t\t<div class=\"elementor-element elementor-element-4a7911a elementor-widget elementor-widget-heading\" data-id=\"4a7911a\" data-element_type=\"widget\" data-e-type=\"widget\" data-widget_type=\"heading.default\">\n\t\t\t\t\t<h2 class=\"elementor-heading-title elementor-size-xl\">Art\u00edculos<\/h2>\t\t\t\t<\/div>\n\t\t\t\t<div class=\"elementor-element elementor-element-cd44ada elementor-widget elementor-widget-text-editor\" data-id=\"cd44ada\" data-element_type=\"widget\" data-e-type=\"widget\" data-widget_type=\"text-editor.default\">\n\t\t\t\t\t\t\t\t\t<p><strong>Bien, MF<\/strong>, K\u00f6m\u00fcrc\u00fc H, Ba\u011fhaki S, Demir\u00f6z A, Ayd\u0131n \u00d6, Arslan H. Effects of Insulin, Metoprolol and Deferoxamine on Fat Graft Survival. Cirug\u00eda Pl\u00e1stica Est\u00e9tica. 2019;43(3):845-852. DOI: 10.1007\/s00266-019-01363-z.<\/p><p><strong>Bien, MF<\/strong>, Oztermeli A. Evaluaci\u00f3n del efecto de la dosis de metoprolol en la supervivencia del injerto de grasa. Cirug\u00eda Est\u00e9tica Pl\u00e1stica. 22 de febrero de 2023. doi: 10.1007\/s00266-023-03271-9. Epub antes de la impresi\u00f3n. PMID: 36811670.<\/p>\t\t\t\t\t\t\t\t<\/div>\n\t\t\t\t<div class=\"elementor-element elementor-element-ea76dad elementor-widget elementor-widget-heading\" data-id=\"ea76dad\" data-element_type=\"widget\" data-e-type=\"widget\" data-widget_type=\"heading.default\">\n\t\t\t\t\t<h2 class=\"elementor-heading-title elementor-size-xl\">Membres\u00edas de la sociedad<\/h2>\t\t\t\t<\/div>\n\t\t\t\t<div class=\"elementor-element elementor-element-0d97185 elementor-widget elementor-widget-text-editor\" data-id=\"0d97185\" data-element_type=\"widget\" data-e-type=\"widget\" data-widget_type=\"text-editor.default\">\n\t\t\t\t\t\t\t\t\t<p style=\"margin: 0cm 0cm 0cm 18pt; font-size: 12pt; font-family: 'Courier New'; color: #000000; text-indent: -18pt; text-align: left;\"><span style=\"font-family: Verdana, sans-serif; font-size: 10pt; text-indent: -18pt; color: #000000;\">Sociedad Turca de Cirug\u00eda Pl\u00e1stica, Reconstructiva y Est\u00e9tica, 2018<\/span><\/p><p style=\"margin: 0cm 0cm 0cm 18pt; font-size: 12pt; font-family: 'Courier New'; color: #000000; text-indent: -18pt; text-align: left;\"><span style=\"font-size: 10pt; font-family: Verdana, sans-serif; color: #000000;\">Sociedad Internacional de Cirug\u00eda Pl\u00e1stica Est\u00e9tica, 2018<\/span><\/p><p style=\"margin: 0cm 0cm 0cm 18pt; font-size: 12pt; font-family: 'Courier New'; color: #000000; text-indent: -18pt; text-align: left;\"><span style=\"font-size: 10pt; font-family: Verdana, sans-serif; color: #000000;\">Sociedad Turca de Cirug\u00eda Pl\u00e1stica Est\u00e9tica, 2019<\/span><\/p>\t\t\t\t\t\t\t\t<\/div>\n\t\t\t\t<div class=\"elementor-element elementor-element-acd8d49 elementor-widget elementor-widget-heading\" data-id=\"acd8d49\" data-element_type=\"widget\" data-e-type=\"widget\" data-widget_type=\"heading.default\">\n\t\t\t\t\t<h2 class=\"elementor-heading-title elementor-size-xl\">Reuniones cient\u00edficas a las que asisti\u00f3<\/h2>\t\t\t\t<\/div>\n\t\t\t\t<div class=\"elementor-element elementor-element-84504c4 elementor-widget elementor-widget-text-editor\" data-id=\"84504c4\" data-element_type=\"widget\" data-e-type=\"widget\" data-widget_type=\"text-editor.default\">\n\t\t\t\t\t\t\t\t\t<p style=\"margin: 0cm; font-size: 12pt; font-family: 'Courier New'; color: #000000;\"><span style=\"font-size: 10.5pt; font-family: Verdana, sans-serif;\">Universidad de Estambul, Facultad de Medicina de Cerrahpa\u015fa, Cirug\u00eda Pl\u00e1stica, Reconstructiva y Est\u00e9tica, 10\u00ba Simposio de D\u00edas de Cirug\u00eda Pl\u00e1stica, 2013, Estambul, T\u00dcRK\u0130YE,\u00a0<span style=\"font-weight: bold;\">Comit\u00e9 de Organizacion<\/span><\/span><\/p><p style=\"margin: 0cm; font-size: 12pt; font-family: 'Courier New'; color: #000000; text-align: left;\"><span style=\"font-size: 10.5pt; font-family: Verdana, sans-serif; color: #000000;\">Universidad de Estambul, Facultad de Medicina de Cerrahpa\u015fa, Cirug\u00eda Pl\u00e1stica, Reconstructiva y Est\u00e9tica, 11\u00ba Simposio de D\u00edas de Cirug\u00eda Pl\u00e1stica, 2014, Estambul, T\u00dcRK\u0130YE, <b>Comit\u00e9 de Organizacion<\/b><\/span><\/p><p style=\"margin: 0cm; font-size: 12pt; font-family: 'Courier New'; color: #000000; text-align: left;\"><span style=\"font-size: 10pt; font-family: Verdana, sans-serif; color: #000000;\">Sociedad Turca de Cirug\u00eda Pl\u00e1stica, Reconstructiva y Est\u00e9tica, 36\u00ba Congreso Nacional, 2014, Estambul, T\u00dcRK\u0130YE, Baghaki S, Cevirme MF, Kucuksucu MA, <b>Bien, MF<\/b>, Yildiz TF, Aydin Y, Colgajos de h\u00e9lice perforantes basados en la arteria intercostal posterior en defectos de meningomielosel.<\/span><\/p><p style=\"margin: 0cm; font-size: 12pt; font-family: 'Courier New'; color: #000000; text-align: left;\"><span style=\"font-size: 10pt; font-family: Verdana, sans-serif; color: #000000;\">Sociedad Turca de Cirug\u00eda Pl\u00e1stica, Reconstructiva y Est\u00e9tica, 36\u00ba Congreso Nacional, 2014, Estambul, T\u00dcRK\u0130YE, Sahin U, Cebi G, Cevirme MF, Kucuksucu MA, Ercan A, <b>Bien, MF<\/b>, Khankishiyev R, Baghaki S. Colgajos perforantes en defectos del \u00e1rea parasacra y gl\u00fatea.<\/span><\/p><p style=\"margin: 0cm; font-size: 12pt; font-family: 'Courier New'; color: #000000; text-align: left;\"><span style=\"font-size: 10.5pt; font-family: Verdana, sans-serif; color: #000000;\">Universidad de Estambul, Facultad de Medicina de Cerrahpa\u015fa, Cirug\u00eda Pl\u00e1stica, Reconstructiva y Est\u00e9tica, 12\u00ba Simposio de D\u00edas de Cirug\u00eda Pl\u00e1stica, 2015, Estambul, T\u00dcRK\u0130YE, <b>Comit\u00e9 de Organizacion<\/b><\/span><\/p><p style=\"margin: 0cm; font-size: 12pt; font-family: 'Courier New'; color: #000000; text-align: left;\"><span style=\"font-size: 10.5pt; font-family: Verdana, sans-serif; color: #000000;\">Universidad de Estambul, Facultad de Medicina de Cerrahpa\u015fa, Cirug\u00eda Pl\u00e1stica, Reconstructiva y Est\u00e9tica, 13\u00ba Simposio de D\u00edas de Cirug\u00eda Pl\u00e1stica, 2016, Estambul, T\u00dcRK\u0130YE, <b>Comit\u00e9 de Organizacion<\/b><\/span><\/p><p style=\"margin: 0cm; font-size: 12pt; font-family: 'Courier New'; color: #000000; text-align: left;\"><span style=\"color: #000000;\"><span style=\"font-size: 10pt; font-family: Verdana, sans-serif;\">Congreso Internacional de la Federaci\u00f3n Europea de Sociedades de Microcirug\u00eda. 2016, Antalya, T\u00dcRK\u0130YE, Demiroz A, <b>Okyay MF (como presentador),<\/b> Yalcin MA, Baghaki S, Arslan H, Turkmen A, Aydin Y. Nuestra experiencia con colgajos libres anterolaterales de muslo.<\/span><b><\/b><\/span><\/p><p style=\"margin: 0cm; font-size: 12pt; font-family: 'Courier New'; color: #000000; text-align: left;\"><span style=\"font-size: 10pt; font-family: Verdana, sans-serif; color: #000000;\">Sociedad Turca de Cirug\u00eda Pl\u00e1stica, Reconstructiva y Est\u00e9tica, 38\u00ba Congreso Nacional, 2016, Antalya, T\u00dcRK\u0130YE, K\u00f6m\u00fcrc\u00fc H, \u015eahin U, <b>Bien, MF<\/b>, Suleymanov S, Ercan A, Ba\u011fhaki S. Nuestras experiencias en el tratamiento quir\u00fargico del s\u00edndrome del t\u00fanel cubital.<\/span><\/p><p style=\"margin: 0cm; font-size: 12pt; font-family: 'Courier New'; color: #000000; text-align: left;\"><span style=\"font-size: 10pt; font-family: Verdana, sans-serif; color: #000000;\">Sociedad Turca de Cirug\u00eda Pl\u00e1stica Est\u00e9tica, 20\u00ba Congreso Nacional, 2016, Estambul, T\u00dcRK\u0130YE. <b>Bien, MF<\/b>, Demiroz A, Sahin U, Cetinkale O. \u0130nsidental \u0130n Situ Lob\u00fcler Karsinoma en una paciente realizada con reducci\u00f3n mamaria bilateral: Informe de caso.<\/span><\/p><p style=\"margin: 0cm; font-size: 12pt; font-family: 'Courier New'; color: #000000; text-align: left;\"><span style=\"font-size: 10pt; font-family: Verdana, sans-serif; color: #000000;\">Sociedad Turca de Cirug\u00eda Pl\u00e1stica, Reconstructiva y Est\u00e9tica, 38\u00ba Congreso Nacional, 2016, Antalya, T\u00dcRK\u0130YE, <b>Okyay MF (como presentador),<\/b> K\u00fc\u00e7\u00fcksucu MA, Ba\u011fhaki S, Demir\u00f6z A, Khankishiyev R, \u015eahin U, K\u00f6m\u00fcrc\u00fc H, Suleymanov S, Y\u0131ld\u0131z TF, \u00d6ner MB, Da\u011fhan B. \u00bfDiagn\u00f3stico patol\u00f3gico? \u00bfDiagnostico clinico? BCC colocado at\u00edpicamente en la recurrencia de un paciente diagnosticado de siringoma condroide.<\/span><\/p><p style=\"margin: 0cm; font-size: 12pt; font-family: 'Courier New'; color: #000000; text-align: left;\"><span style=\"font-size: 10.5pt; font-family: Verdana, sans-serif; color: #000000;\">Universidad de Estambul, Facultad de Medicina de Cerrahpa\u015fa, Cirug\u00eda Pl\u00e1stica, Reconstructiva y Est\u00e9tica, 14\u00ba Simposio de D\u00edas de Cirug\u00eda Pl\u00e1stica, 2017, Estambul, T\u00dcRK\u0130YE, <b>Organizaci\u00f3n<\/b> <b>Comit\u00e9<\/b><\/span><\/p><p style=\"margin: 0cm; font-size: 12pt; font-family: 'Courier New'; color: #000000; text-align: left;\"><span style=\"font-size: 10.5pt; font-family: Verdana, sans-serif; color: #000000;\">Universidad de Estambul, Facultad de Medicina de Cerrahpa\u015fa, Cirug\u00eda Pl\u00e1stica, Reconstructiva y Est\u00e9tica, 15\u00ba Simposio de D\u00edas de Cirug\u00eda Pl\u00e1stica, 2018, Estambul, T\u00dcRK\u0130YE, <b>Organizaci\u00f3n<\/b> <b>Comit\u00e9<\/b><\/span><\/p><p style=\"margin: 0cm; font-size: 12pt; font-family: 'Courier New'; color: #000000; text-align: left;\"><span style=\"color: #000000;\"><span style=\"font-size: 10pt; font-family: Verdana, sans-serif;\">Sociedad Turca de Cirug\u00eda Pl\u00e1stica, Reconstructiva y Est\u00e9tica, 40\u00ba Congreso Nacional, 2018, Antalya, <\/span><span style=\"font-size: 10.5pt; font-family: Verdana, sans-serif;\">TURQU\u00cdA<\/span><span style=\"font-size: 10pt; font-family: Verdana, sans-serif;\">, <b>Okyay MF (como presentador),<\/b> K\u00f6m\u00fcrc\u00fc H, Ba\u011fhaki S, Demiroz A, Ovgu A, Arslan H. <\/span><span style=\"font-size: 10pt; font-family: Verdana, sans-serif;\">Efectos de la Insulina, Metoprolol y Deferoxamina en la Supervivencia del Injerto de Grasa<\/span><span style=\"font-size: 10pt; font-family: Verdana, sans-serif;\">.<\/span><\/span><\/p><p style=\"margin: 0cm; font-size: 12pt; font-family: 'Courier New'; color: #000000; text-align: left;\"><span style=\"font-size: 10pt; font-family: Verdana, sans-serif; color: #000000;\">Sociedad Turca de Cirug\u00eda Pl\u00e1stica, Reconstructiva y Est\u00e9tica, 44\u00ba Congreso Nacional, 2022, Antalya, T\u00dcRK\u0130YE, <b>Okyay MF (como presentador),<\/b> Evaluaci\u00f3n 3D de Fracturas del Complejo Zygomaticomaxilar.<\/span><\/p>\t\t\t\t\t\t\t\t<\/div>\n\t\t\t\t<div class=\"elementor-element elementor-element-64b61e9 elementor-widget elementor-widget-heading\" data-id=\"64b61e9\" data-element_type=\"widget\" data-e-type=\"widget\" data-widget_type=\"heading.default\">\n\t\t\t\t\t<h2 class=\"elementor-heading-title elementor-size-xl\">Cursos realizados<\/h2>\t\t\t\t<\/div>\n\t\t\t\t<div class=\"elementor-element elementor-element-48dbcd5 elementor-widget elementor-widget-text-editor\" data-id=\"48dbcd5\" data-element_type=\"widget\" data-e-type=\"widget\" data-widget_type=\"text-editor.default\">\n\t\t\t\t\t\t\t\t\t<p style=\"margin: 0cm 0cm 0cm 18pt; font-size: 12pt; font-family: 'Courier New'; color: #000000; text-indent: -18pt; text-align: left;\"><span style=\"font-family: Verdana, sans-serif; font-size: 10pt; text-indent: -18pt; color: #000000;\">Certificado de uso de animales de experimentaci\u00f3n, Universidad de Estambul, 2015<\/span><\/p><p style=\"margin: 0cm 0cm 0cm 18pt; font-size: 12pt; font-family: 'Courier New'; color: #000000; text-indent: -18pt; text-align: left;\"><span style=\"font-size: 10.5pt; font-family: Verdana, sans-serif; color: #000000;\">ISAPS 8.\u00ba Curso Euroasi\u00e1tico, 2016, Estambul, T\u00dcRK\u0130YE<\/span><\/p><p style=\"margin: 0cm; font-size: 12pt; font-family: 'Courier New'; color: #000000; text-align: left;\"><span style=\"font-size: 10.5pt; font-family: Verdana, sans-serif; color: #000000;\">27.\u00ba Curso de Microcirug\u00eda B\u00e1sica 2016, Estambul, T\u00dcRK\u0130YE<\/span><\/p><p style=\"margin: 0cm; font-size: 12pt; font-family: 'Courier New'; color: #000000; text-align: left;\"><span style=\"color: #000000;\"><span style=\"font-size: 10pt; font-family: Verdana, sans-serif;\">Sociedad Turca de Cirug\u00eda Pl\u00e1stica, Reconstructiva y Est\u00e9tica,<\/span><span style=\"font-size: 10.5pt; font-family: Verdana, sans-serif;\"> 2do Curso de Est\u00e9tica Facial, 2016, Ankara, T\u00dcRK\u0130YE<\/span><\/span><\/p><p style=\"margin: 0cm 0cm 0cm 18pt; font-size: 12pt; font-family: 'Courier New'; color: #000000; text-indent: -18pt; text-align: left;\"><span style=\"font-size: 10.5pt; font-family: Verdana, sans-serif; color: #000000;\">ISAPS 9\u00ba Curso Euroasi\u00e1tico 2017, Estambul, T\u00dcRK\u0130YE<\/span><\/p><p style=\"margin: 0cm 0cm 0cm 18pt; font-size: 12pt; font-family: 'Courier New'; color: #000000; text-indent: -18pt; text-align: left;\"><span style=\"font-size: 10.5pt; font-family: Verdana, sans-serif; color: #000000;\"><a href=\"https:\/\/www.dr-mfo.com\/es\/nose-job-rhinoplasty\/\">rinoplastia<\/a> Curso de Cirug\u00eda en Vivo de la Sociedad de Europa, 2017, Estambul, T\u00dcRK\u0130YE<\/span><\/p><p style=\"margin: 0cm 0cm 0cm 18pt; font-size: 12pt; font-family: 'Courier New'; color: #000000; text-indent: -18pt; text-align: left;\"><span style=\"font-size: 10.5pt; font-family: Verdana, sans-serif; color: #000000;\">ISAPS 10\u00ba Curso Euroasi\u00e1tico, 2018, Estambul, T\u00dcRK\u0130YE<\/span><\/p><p style=\"margin: 0cm 0cm 0cm 18pt; font-size: 12pt; font-family: 'Courier New'; color: #000000; text-indent: -18pt; text-align: left;\"><span style=\"font-size: 10.5pt; font-family: Verdana, sans-serif; color: #000000;\">Curso abierto de rinoplastia de Cerkes, 2018, Estambul, T\u00dcRK\u0130YE<\/span><\/p><p style=\"margin: 0cm; font-size: 12pt; font-family: 'Courier New'; color: #000000; text-align: left;\"><span style=\"font-size: 10pt; font-family: Verdana, sans-serif; color: #000000;\">Sociedad Turca de Cirug\u00eda Pl\u00e1stica, Reconstructiva y Est\u00e9tica, 10\u00ba Curso de Residencia en Cirug\u00eda Pl\u00e1stica, 2018, Antalya, T\u00dcRK\u0130YE<\/span><\/p>\t\t\t\t\t\t\t\t<\/div>\n\t\t\t\t\t<\/div>\n\t\t<\/div>\n\t\t\t\t\t<\/div>\n\t\t<\/section>\n\t\t\t\t<\/div>","protected":false},"excerpt":{"rendered":"<p>Dr. MFO Mehmet Fatih Okyay, MDEuropean &amp; Turkish Board CertifiedPlastic Surgery Specialist Mehmet Fatih Okyay, MD, FEBOPRAS ranked 8th in his term in the Turkish Medical Specialization Examination. He completed a Plastic, Reconstructive, and Aesthetic Surgery residency at the world-renowned Istanbul University, Cerrahpa\u015fa Faculty of Medicine. He was awarded as the Fellow of the European [&hellip;]<\/p>\n","protected":false},"author":2,"featured_media":0,"parent":0,"menu_order":0,"comment_status":"closed","ping_status":"closed","template":"","meta":{"_acf_changed":false,"footnotes":""},"class_list":["post-2697","page","type-page","status-publish","hentry"],"acf":[],"_links":{"self":[{"href":"https:\/\/www.dr-mfo.com\/es\/wp-json\/wp\/v2\/pages\/2697","targetHints":{"allow":["GET"]}}],"collection":[{"href":"https:\/\/www.dr-mfo.com\/es\/wp-json\/wp\/v2\/pages"}],"about":[{"href":"https:\/\/www.dr-mfo.com\/es\/wp-json\/wp\/v2\/types\/page"}],"author":[{"embeddable":true,"href":"https:\/\/www.dr-mfo.com\/es\/wp-json\/wp\/v2\/users\/2"}],"replies":[{"embeddable":true,"href":"https:\/\/www.dr-mfo.com\/es\/wp-json\/wp\/v2\/comments?post=2697"}],"version-history":[{"count":0,"href":"https:\/\/www.dr-mfo.com\/es\/wp-json\/wp\/v2\/pages\/2697\/revisions"}],"wp:attachment":[{"href":"https:\/\/www.dr-mfo.com\/es\/wp-json\/wp\/v2\/media?parent=2697"}],"curies":[{"name":"Gracias","href":"https:\/\/api.w.org\/{rel}","templated":true}]}}