{"id":2754,"date":"2022-04-17T13:55:26","date_gmt":"2022-04-17T12:55:26","guid":{"rendered":"https:\/\/www.dr-mfo.com\/?page_id=2754"},"modified":"2026-02-22T11:16:36","modified_gmt":"2026-02-22T11:16:36","slug":"tratamiento-de-cicatrices","status":"publish","type":"page","link":"https:\/\/www.dr-mfo.com\/es\/scar-treatment\/","title":{"rendered":"Tratamiento de cicatrices y manchas"},"content":{"rendered":"<div data-elementor-type=\"wp-page\" data-elementor-id=\"2754\" class=\"elementor elementor-2754\">\n\t\t\t\t\t\t<section class=\"elementor-section elementor-top-section elementor-element elementor-element-273f244 elementor-section-boxed elementor-section-height-default elementor-section-height-default\" data-id=\"273f244\" data-element_type=\"section\" data-e-type=\"section\">\n\t\t\t\t\t\t<div class=\"elementor-container elementor-column-gap-default\">\n\t\t\t\t\t<div class=\"elementor-column elementor-col-100 elementor-top-column elementor-element elementor-element-c45f80c\" data-id=\"c45f80c\" data-element_type=\"column\" data-e-type=\"column\">\n\t\t\t<div class=\"elementor-widget-wrap elementor-element-populated\">\n\t\t\t\t\t\t<div class=\"elementor-element elementor-element-43ba320 elementor-widget-divider--view-line elementor-widget elementor-widget-divider\" data-id=\"43ba320\" data-element_type=\"widget\" data-e-type=\"widget\" data-widget_type=\"divider.default\">\n\t\t\t\t\t\t\t<div class=\"elementor-divider\">\n\t\t\t<span class=\"elementor-divider-separator\">\n\t\t\t\t\t\t<\/span>\n\t\t<\/div>\n\t\t\t\t\t\t<\/div>\n\t\t\t\t<div class=\"elementor-element elementor-element-a4361a4 elementor-widget-divider--view-line elementor-widget elementor-widget-divider\" data-id=\"a4361a4\" data-element_type=\"widget\" data-e-type=\"widget\" data-widget_type=\"divider.default\">\n\t\t\t\t\t\t\t<div class=\"elementor-divider\">\n\t\t\t<span class=\"elementor-divider-separator\">\n\t\t\t\t\t\t<\/span>\n\t\t<\/div>\n\t\t\t\t\t\t<\/div>\n\t\t\t\t<div class=\"elementor-element elementor-element-2cd0739 elementor-widget-divider--view-line elementor-widget elementor-widget-divider\" data-id=\"2cd0739\" data-element_type=\"widget\" data-e-type=\"widget\" data-widget_type=\"divider.default\">\n\t\t\t\t\t\t\t<div class=\"elementor-divider\">\n\t\t\t<span class=\"elementor-divider-separator\">\n\t\t\t\t\t\t<\/span>\n\t\t<\/div>\n\t\t\t\t\t\t<\/div>\n\t\t\t\t<div class=\"elementor-element elementor-element-ead1cac elementor-widget-divider--view-line elementor-widget elementor-widget-divider\" data-id=\"ead1cac\" data-element_type=\"widget\" data-e-type=\"widget\" data-widget_type=\"divider.default\">\n\t\t\t\t\t\t\t<div class=\"elementor-divider\">\n\t\t\t<span class=\"elementor-divider-separator\">\n\t\t\t\t\t\t<\/span>\n\t\t<\/div>\n\t\t\t\t\t\t<\/div>\n\t\t\t\t<div class=\"elementor-element elementor-element-e744b64 elementor-widget elementor-widget-image\" data-id=\"e744b64\" data-element_type=\"widget\" data-e-type=\"widget\" data-widget_type=\"image.default\">\n\t\t\t\t\t\t\t\t\t\t\t\t\t\t\t<img decoding=\"async\" src=\"https:\/\/www.dr-mfo.com\/wp-content\/uploads\/elementor\/thumbs\/iz-tedavisi-qd1ltfmd2x0kf1r8o3ck2yabi5ekpd88pr6dynsx7q.jpg\" title=\"iz tedavisi\" alt=\"leke tedavisi\" loading=\"lazy\" \/>\t\t\t\t\t\t\t\t\t\t\t\t\t\t\t<\/div>\n\t\t\t\t<div class=\"elementor-element elementor-element-41f23a9 elementor-widget-divider--view-line elementor-widget elementor-widget-divider\" data-id=\"41f23a9\" data-element_type=\"widget\" data-e-type=\"widget\" data-widget_type=\"divider.default\">\n\t\t\t\t\t\t\t<div class=\"elementor-divider\">\n\t\t\t<span class=\"elementor-divider-separator\">\n\t\t\t\t\t\t<\/span>\n\t\t<\/div>\n\t\t\t\t\t\t<\/div>\n\t\t\t\t<div class=\"elementor-element elementor-element-8ed3905 elementor-widget elementor-widget-heading\" data-id=\"8ed3905\" data-element_type=\"widget\" data-e-type=\"widget\" data-widget_type=\"heading.default\">\n\t\t\t\t\t<h2 class=\"elementor-heading-title elementor-size-xl\">Tratamiento de cicatrices y manchas<\/h2>\t\t\t\t<\/div>\n\t\t\t\t<div class=\"elementor-element elementor-element-8b23ae8 elementor-widget elementor-widget-text-editor\" data-id=\"8b23ae8\" data-element_type=\"widget\" data-e-type=\"widget\" data-widget_type=\"text-editor.default\">\n\t\t\t\t\t\t\t\t\t<p><span style=\"color: #000000;\">Tener una piel tersa, luminosa, sin manchas, homog\u00e9nea y tersa ya no es un sue\u00f1o gracias a muchos m\u00e9todos aplicados con admiraci\u00f3n en la actualidad.<\/span><\/p>\n<p><span style=\"color: #000000;\">Los tratamientos de cicatrices y manchas incluyen aplicaciones con contenido de c\u00e9lulas madre, como nanograsa aplicada para eliminar cirug\u00edas, traumatismos, cicatrices de quemaduras antiguas, marcas de tatuajes y manchas en cualquier parte del cuerpo, determinaci\u00f3n de aplicaciones adecuadas o combinaciones de muchos tipos de aplicaciones, como part\u00edculas de ADN. , mesoterapia, PRP y radiofrecuencia.&nbsp;<\/span><\/p>\n<p><span style=\"color: #000000;\">En particular, las cicatrices de incisiones y quemaduras de lesiones antiguas pueden corregirse en gran medida con el desarrollo de t\u00e9cnicas modernas. Generalmente, aproximadamente 70-80% de las cicatrices y manchas en la piel se pueden eliminar en dos sesiones. La mayor\u00eda de las veces, es posible volver a la vida social el mismo d\u00eda.<\/span><\/p>\n<p><span style=\"color: #000000;\">Consulte a su m\u00e9dico para obtener informaci\u00f3n detallada sobre todos los m\u00e9todos y para determinar la t\u00e9cnica m\u00e1s adecuada para usted.<\/span><\/p>\t\t\t\t\t\t\t\t<\/div>\n\t\t\t\t<div class=\"elementor-element elementor-element-b60de56 elementor-widget elementor-widget-heading\" data-id=\"b60de56\" data-element_type=\"widget\" data-e-type=\"widget\" data-widget_type=\"heading.default\">\n\t\t\t\t\t<h2 class=\"elementor-heading-title elementor-size-large\">\u00bfEn qu\u00e9 situaciones se aplica?<\/h2>\t\t\t\t<\/div>\n\t\t\t\t<div class=\"elementor-element elementor-element-2076863 elementor-widget elementor-widget-text-editor\" data-id=\"2076863\" data-element_type=\"widget\" data-e-type=\"widget\" data-widget_type=\"text-editor.default\">\n\t\t\t\t\t\t\t\t\t<ul><li><span style=\"color: #000000;\">Quemaduras, incisiones, acn\u00e9, cirug\u00eda, navaja, etc. cicatrices<\/span><\/li><li><span style=\"color: #000000;\">manchas en la piel<\/span><\/li><li><span style=\"color: #000000;\">Rastros de viejos traumas<\/span><\/li><li><span style=\"color: #000000;\">Flacidez leve de la piel<\/span><\/li><li><span style=\"color: #000000;\">moretones debajo de los ojos<\/span><\/li><li><span style=\"color: #000000;\">Deformidades de contorno y picaduras en la piel<\/span><\/li><li><span style=\"color: #000000;\">Arrugas alrededor de los ojos, frente y nariz.<\/span><\/li><li><span style=\"color: #000000;\">Arrugas alrededor del cuello y la boca.<\/span><\/li><\/ul>\t\t\t\t\t\t\t\t<\/div>\n\t\t\t\t\t<\/div>\n\t\t<\/div>\n\t\t\t\t\t<\/div>\n\t\t<\/section>\n\t\t\t\t<\/div>","protected":false},"excerpt":{"rendered":"<p>Scar and Spot Treatment Having a smooth, glowing, spotless, homogeneous and plump skin is no longer a dream thanks to many methods applied with admiration today. Scar and stain treatments include applications with stem cell content such as nanofat applied to remove existing surgery, trauma, old burn scars, tattoo marks and stains in any part [&hellip;]<\/p>\n","protected":false},"author":2,"featured_media":0,"parent":0,"menu_order":0,"comment_status":"closed","ping_status":"closed","template":"","meta":{"_acf_changed":false,"footnotes":""},"class_list":["post-2754","page","type-page","status-publish","hentry"],"acf":[],"_links":{"self":[{"href":"https:\/\/www.dr-mfo.com\/es\/wp-json\/wp\/v2\/pages\/2754","targetHints":{"allow":["GET"]}}],"collection":[{"href":"https:\/\/www.dr-mfo.com\/es\/wp-json\/wp\/v2\/pages"}],"about":[{"href":"https:\/\/www.dr-mfo.com\/es\/wp-json\/wp\/v2\/types\/page"}],"author":[{"embeddable":true,"href":"https:\/\/www.dr-mfo.com\/es\/wp-json\/wp\/v2\/users\/2"}],"replies":[{"embeddable":true,"href":"https:\/\/www.dr-mfo.com\/es\/wp-json\/wp\/v2\/comments?post=2754"}],"version-history":[{"count":0,"href":"https:\/\/www.dr-mfo.com\/es\/wp-json\/wp\/v2\/pages\/2754\/revisions"}],"wp:attachment":[{"href":"https:\/\/www.dr-mfo.com\/es\/wp-json\/wp\/v2\/media?parent=2754"}],"curies":[{"name":"Gracias","href":"https:\/\/api.w.org\/{rel}","templated":true}]}}