{"id":2838,"date":"2022-04-20T12:03:04","date_gmt":"2022-04-20T11:03:04","guid":{"rendered":"https:\/\/www.dr-mfo.com\/?page_id=2838"},"modified":"2026-02-22T11:14:36","modified_gmt":"2026-02-22T11:14:36","slug":"preguntas-frecuentes-preguntas-frecuentes","status":"publish","type":"page","link":"https:\/\/www.dr-mfo.com\/es\/faqs-frequently-asked-questions\/","title":{"rendered":"preguntas frecuentes"},"content":{"rendered":"<div data-elementor-type=\"wp-page\" data-elementor-id=\"2838\" class=\"elementor elementor-2838\">\n\t\t\t\t\t\t<section class=\"elementor-section elementor-top-section elementor-element elementor-element-f7df023 elementor-section-full_width elementor-section-height-default elementor-section-height-default\" data-id=\"f7df023\" data-element_type=\"section\" data-e-type=\"section\">\n\t\t\t\t\t\t<div class=\"elementor-container elementor-column-gap-default\">\n\t\t\t\t\t<div class=\"elementor-column elementor-col-100 elementor-top-column elementor-element elementor-element-1645ad6\" data-id=\"1645ad6\" data-element_type=\"column\" data-e-type=\"column\">\n\t\t\t<div class=\"elementor-widget-wrap elementor-element-populated\">\n\t\t\t\t\t\t<div class=\"elementor-element elementor-element-173439c elementor-widget-divider--view-line elementor-widget elementor-widget-divider\" data-id=\"173439c\" data-element_type=\"widget\" data-e-type=\"widget\" data-widget_type=\"divider.default\">\n\t\t\t\t\t\t\t<div class=\"elementor-divider\">\n\t\t\t<span class=\"elementor-divider-separator\">\n\t\t\t\t\t\t<\/span>\n\t\t<\/div>\n\t\t\t\t\t\t<\/div>\n\t\t\t\t<div class=\"elementor-element elementor-element-be7ecb3 elementor-widget-divider--view-line elementor-widget elementor-widget-divider\" data-id=\"be7ecb3\" data-element_type=\"widget\" data-e-type=\"widget\" data-widget_type=\"divider.default\">\n\t\t\t\t\t\t\t<div class=\"elementor-divider\">\n\t\t\t<span class=\"elementor-divider-separator\">\n\t\t\t\t\t\t<\/span>\n\t\t<\/div>\n\t\t\t\t\t\t<\/div>\n\t\t\t\t<div class=\"elementor-element elementor-element-7c3fbf8 elementor-widget-divider--view-line elementor-widget elementor-widget-divider\" data-id=\"7c3fbf8\" data-element_type=\"widget\" data-e-type=\"widget\" data-widget_type=\"divider.default\">\n\t\t\t\t\t\t\t<div class=\"elementor-divider\">\n\t\t\t<span class=\"elementor-divider-separator\">\n\t\t\t\t\t\t<\/span>\n\t\t<\/div>\n\t\t\t\t\t\t<\/div>\n\t\t\t\t<div class=\"elementor-element elementor-element-c90a926 elementor-widget elementor-widget-heading\" data-id=\"c90a926\" data-element_type=\"widget\" data-e-type=\"widget\" data-widget_type=\"heading.default\">\n\t\t\t\t\t<h2 class=\"elementor-heading-title elementor-size-default\">Preguntas frecuentes<\/h2>\t\t\t\t<\/div>\n\t\t\t\t<div class=\"elementor-element elementor-element-d8e3d33 elementor-widget-divider--view-line elementor-widget elementor-widget-divider\" data-id=\"d8e3d33\" data-element_type=\"widget\" data-e-type=\"widget\" data-widget_type=\"divider.default\">\n\t\t\t\t\t\t\t<div class=\"elementor-divider\">\n\t\t\t<span class=\"elementor-divider-separator\">\n\t\t\t\t\t\t<\/span>\n\t\t<\/div>\n\t\t\t\t\t\t<\/div>\n\t\t\t\t\t<\/div>\n\t\t<\/div>\n\t\t\t\t\t<\/div>\n\t\t<\/section>\n\t\t\t\t<section class=\"elementor-section elementor-top-section elementor-element elementor-element-de0805a elementor-section-full_width elementor-section-height-default elementor-section-height-default\" data-id=\"de0805a\" data-element_type=\"section\" data-e-type=\"section\">\n\t\t\t\t\t\t<div class=\"elementor-container elementor-column-gap-default\">\n\t\t\t\t\t<div class=\"elementor-column elementor-col-50 elementor-top-column elementor-element elementor-element-fe5e097\" data-id=\"fe5e097\" data-element_type=\"column\" data-e-type=\"column\">\n\t\t\t<div class=\"elementor-widget-wrap elementor-element-populated\">\n\t\t\t\t\t\t<div class=\"elementor-element elementor-element-b99534f elementor-widget elementor-widget-toggle\" data-id=\"b99534f\" data-element_type=\"widget\" data-e-type=\"widget\" data-widget_type=\"toggle.default\">\n\t\t\t\t\t\t\t<div class=\"elementor-toggle\">\n\t\t\t\t\t\t\t<div class=\"elementor-toggle-item\">\n\t\t\t\t\t<div id=\"elementor-tab-title-1941\" class=\"elementor-tab-title\" data-tab=\"1\" role=\"button\" aria-controls=\"elementor-tab-content-1941\" aria-expanded=\"false\">\n\t\t\t\t\t\t\t\t\t\t\t\t<span class=\"elementor-toggle-icon elementor-toggle-icon-left\" aria-hidden=\"true\">\n\t\t\t\t\t\t\t\t\t\t\t\t\t\t\t<span class=\"elementor-toggle-icon-closed\"><i class=\"fas fa-caret-right\"><\/i><\/span>\n\t\t\t\t\t\t\t\t<span class=\"elementor-toggle-icon-opened\"><i class=\"elementor-toggle-icon-opened fas fa-caret-up\"><\/i><\/span>\n\t\t\t\t\t\t\t\t\t\t\t\t\t<\/span>\n\t\t\t\t\t\t\t\t\t\t\t\t<a class=\"elementor-toggle-title\" tabindex=\"0\">\u00bfA qui\u00e9n se aplican los procedimientos de Cirug\u00eda Est\u00e9tica?<\/a>\n\t\t\t\t\t<\/div>\n\n\t\t\t\t\t<div id=\"elementor-tab-content-1941\" class=\"elementor-tab-content elementor-clearfix\" data-tab=\"1\" role=\"region\" aria-labelledby=\"elementor-tab-title-1941\"><p><span style=\"color: #000000;\">Cualquiera que tenga una expectativa de embellecimiento o rejuvenecimiento que pueda describir concretamente en cualquier parte de su cuerpo sin que se altere la imagen corporal es un candidato adecuado para Est\u00e9tica<\/span><\/p><\/div>\n\t\t\t\t<\/div>\n\t\t\t\t\t\t\t<div class=\"elementor-toggle-item\">\n\t\t\t\t\t<div id=\"elementor-tab-title-1942\" class=\"elementor-tab-title\" data-tab=\"2\" role=\"button\" aria-controls=\"elementor-tab-content-1942\" aria-expanded=\"false\">\n\t\t\t\t\t\t\t\t\t\t\t\t<span class=\"elementor-toggle-icon elementor-toggle-icon-left\" aria-hidden=\"true\">\n\t\t\t\t\t\t\t\t\t\t\t\t\t\t\t<span class=\"elementor-toggle-icon-closed\"><i class=\"fas fa-caret-right\"><\/i><\/span>\n\t\t\t\t\t\t\t\t<span class=\"elementor-toggle-icon-opened\"><i class=\"elementor-toggle-icon-opened fas fa-caret-up\"><\/i><\/span>\n\t\t\t\t\t\t\t\t\t\t\t\t\t<\/span>\n\t\t\t\t\t\t\t\t\t\t\t\t<a class=\"elementor-toggle-title\" tabindex=\"0\">\u00bfCu\u00e1nto tiempo se tarda en volver a la vida normal despu\u00e9s de la Cirug\u00eda Est\u00e9tica?<\/a>\n\t\t\t\t\t<\/div>\n\n\t\t\t\t\t<div id=\"elementor-tab-content-1942\" class=\"elementor-tab-content elementor-clearfix\" data-tab=\"2\" role=\"region\" aria-labelledby=\"elementor-tab-title-1942\"><p><span style=\"color: #000000;\">Aunque var\u00eda seg\u00fan el tama\u00f1o y las caracter\u00edsticas del procedimiento de cirug\u00eda est\u00e9tica, en la mayor\u00eda de los procedimientos es posible recibir el alta al d\u00eda siguiente del procedimiento y reincorporarse al trabajo a los tres d\u00edas. Sin embargo, volver al trabajo en ocupaciones que requieren actividad f\u00edsica intensa puede llevar de unos d\u00edas a unas pocas semanas.<\/span><\/p><\/div>\n\t\t\t\t<\/div>\n\t\t\t\t\t\t\t<div class=\"elementor-toggle-item\">\n\t\t\t\t\t<div id=\"elementor-tab-title-1943\" class=\"elementor-tab-title\" data-tab=\"3\" role=\"button\" aria-controls=\"elementor-tab-content-1943\" aria-expanded=\"false\">\n\t\t\t\t\t\t\t\t\t\t\t\t<span class=\"elementor-toggle-icon elementor-toggle-icon-left\" aria-hidden=\"true\">\n\t\t\t\t\t\t\t\t\t\t\t\t\t\t\t<span class=\"elementor-toggle-icon-closed\"><i class=\"fas fa-caret-right\"><\/i><\/span>\n\t\t\t\t\t\t\t\t<span class=\"elementor-toggle-icon-opened\"><i class=\"elementor-toggle-icon-opened fas fa-caret-up\"><\/i><\/span>\n\t\t\t\t\t\t\t\t\t\t\t\t\t<\/span>\n\t\t\t\t\t\t\t\t\t\t\t\t<a class=\"elementor-toggle-title\" tabindex=\"0\">\u00bfCu\u00e1l es la mejor temporada para la Cirug\u00eda Est\u00e9tica?<\/a>\n\t\t\t\t\t<\/div>\n\n\t\t\t\t\t<div id=\"elementor-tab-content-1943\" class=\"elementor-tab-content elementor-clearfix\" data-tab=\"3\" role=\"region\" aria-labelledby=\"elementor-tab-title-1943\"><p><span style=\"color: #000000;\">Todas las estaciones del a\u00f1o son aptas para la cirug\u00eda pl\u00e1stica cuando se cuidan adecuadamente las zonas tratadas. Como excepci\u00f3n, las aplicaciones de peeling y l\u00e1ser pueden aumentar la formaci\u00f3n de manchas, por lo que se prefieren principalmente en los meses de invierno.<\/span><\/p><\/div>\n\t\t\t\t<\/div>\n\t\t\t\t\t\t\t<div class=\"elementor-toggle-item\">\n\t\t\t\t\t<div id=\"elementor-tab-title-1944\" class=\"elementor-tab-title\" data-tab=\"4\" role=\"button\" aria-controls=\"elementor-tab-content-1944\" aria-expanded=\"false\">\n\t\t\t\t\t\t\t\t\t\t\t\t<span class=\"elementor-toggle-icon elementor-toggle-icon-left\" aria-hidden=\"true\">\n\t\t\t\t\t\t\t\t\t\t\t\t\t\t\t<span class=\"elementor-toggle-icon-closed\"><i class=\"fas fa-caret-right\"><\/i><\/span>\n\t\t\t\t\t\t\t\t<span class=\"elementor-toggle-icon-opened\"><i class=\"elementor-toggle-icon-opened fas fa-caret-up\"><\/i><\/span>\n\t\t\t\t\t\t\t\t\t\t\t\t\t<\/span>\n\t\t\t\t\t\t\t\t\t\t\t\t<a class=\"elementor-toggle-title\" tabindex=\"0\">\u00bfCu\u00e1nto tiempo se tarda en ver el resultado final?<\/a>\n\t\t\t\t\t<\/div>\n\n\t\t\t\t\t<div id=\"elementor-tab-content-1944\" class=\"elementor-tab-content elementor-clearfix\" data-tab=\"4\" role=\"region\" aria-labelledby=\"elementor-tab-title-1944\"><p><span style=\"color: #000000;\">Todos los procesos que aplicamos son traumas que apuntan a un cambio deseado como resultado. Las heridas causadas por todos los traumatismos encuentran su forma definitiva en el rango de 6 meses a 2 a\u00f1os como conocimiento cl\u00e1sico. Sin embargo, es posible ver 90% del resultado neto entre 2 semanas y 2 meses en procedimientos de cirug\u00eda pl\u00e1stica con manos expertas.<\/span><\/p><\/div>\n\t\t\t\t<\/div>\n\t\t\t\t\t\t\t<div class=\"elementor-toggle-item\">\n\t\t\t\t\t<div id=\"elementor-tab-title-1945\" class=\"elementor-tab-title\" data-tab=\"5\" role=\"button\" aria-controls=\"elementor-tab-content-1945\" aria-expanded=\"false\">\n\t\t\t\t\t\t\t\t\t\t\t\t<span class=\"elementor-toggle-icon elementor-toggle-icon-left\" aria-hidden=\"true\">\n\t\t\t\t\t\t\t\t\t\t\t\t\t\t\t<span class=\"elementor-toggle-icon-closed\"><i class=\"fas fa-caret-right\"><\/i><\/span>\n\t\t\t\t\t\t\t\t<span class=\"elementor-toggle-icon-opened\"><i class=\"elementor-toggle-icon-opened fas fa-caret-up\"><\/i><\/span>\n\t\t\t\t\t\t\t\t\t\t\t\t\t<\/span>\n\t\t\t\t\t\t\t\t\t\t\t\t<a class=\"elementor-toggle-title\" tabindex=\"0\">\u00bfSe pueden realizar m\u00faltiples procedimientos de Cirug\u00eda Est\u00e9tica al mismo tiempo?<\/a>\n\t\t\t\t\t<\/div>\n\n\t\t\t\t\t<div id=\"elementor-tab-content-1945\" class=\"elementor-tab-content elementor-clearfix\" data-tab=\"5\" role=\"region\" aria-labelledby=\"elementor-tab-title-1945\"><p><span style=\"color: #000000;\">La demanda y frecuencia de aplicaci\u00f3n de procedimientos est\u00e9ticos combinados, que expresan la combinaci\u00f3n de m\u00e1s de un procedimiento quir\u00fargico est\u00e9tico, va en aumento d\u00eda a d\u00eda.<\/span><\/p><\/div>\n\t\t\t\t<\/div>\n\t\t\t\t\t\t\t<div class=\"elementor-toggle-item\">\n\t\t\t\t\t<div id=\"elementor-tab-title-1946\" class=\"elementor-tab-title\" data-tab=\"6\" role=\"button\" aria-controls=\"elementor-tab-content-1946\" aria-expanded=\"false\">\n\t\t\t\t\t\t\t\t\t\t\t\t<span class=\"elementor-toggle-icon elementor-toggle-icon-left\" aria-hidden=\"true\">\n\t\t\t\t\t\t\t\t\t\t\t\t\t\t\t<span class=\"elementor-toggle-icon-closed\"><i class=\"fas fa-caret-right\"><\/i><\/span>\n\t\t\t\t\t\t\t\t<span class=\"elementor-toggle-icon-opened\"><i class=\"elementor-toggle-icon-opened fas fa-caret-up\"><\/i><\/span>\n\t\t\t\t\t\t\t\t\t\t\t\t\t<\/span>\n\t\t\t\t\t\t\t\t\t\t\t\t<a class=\"elementor-toggle-title\" tabindex=\"0\">\u00bfCu\u00e1les son los riesgos de las pr\u00f3tesis mamarias de silicona?<\/a>\n\t\t\t\t\t<\/div>\n\n\t\t\t\t\t<div id=\"elementor-tab-content-1946\" class=\"elementor-tab-content elementor-clearfix\" data-tab=\"6\" role=\"region\" aria-labelledby=\"elementor-tab-title-1946\"><p><span style=\"color: #000000;\">Los riesgos de todos los materiales extra\u00f1os que no sean de su propio tejido tambi\u00e9n son v\u00e1lidos para las pr\u00f3tesis mamarias de silicona. Sin embargo, las investigaciones y nuestra experiencia demuestran que estos riesgos se reducen a 3-5% con pr\u00f3tesis de \u00faltima generaci\u00f3n de marcas reconocidas. Entonces 95-97% resultado exitoso.<\/span><\/p><\/div>\n\t\t\t\t<\/div>\n\t\t\t\t\t\t\t\t<\/div>\n\t\t\t\t\t\t<\/div>\n\t\t\t\t\t<\/div>\n\t\t<\/div>\n\t\t\t\t<div class=\"elementor-column elementor-col-50 elementor-top-column elementor-element elementor-element-860994f\" data-id=\"860994f\" data-element_type=\"column\" data-e-type=\"column\">\n\t\t\t<div class=\"elementor-widget-wrap elementor-element-populated\">\n\t\t\t\t\t\t<div class=\"elementor-element elementor-element-9fe12e7 elementor-widget elementor-widget-toggle\" data-id=\"9fe12e7\" data-element_type=\"widget\" data-e-type=\"widget\" data-widget_type=\"toggle.default\">\n\t\t\t\t\t\t\t<div class=\"elementor-toggle\">\n\t\t\t\t\t\t\t<div class=\"elementor-toggle-item\">\n\t\t\t\t\t<div id=\"elementor-tab-title-1671\" class=\"elementor-tab-title\" data-tab=\"1\" role=\"button\" aria-controls=\"elementor-tab-content-1671\" aria-expanded=\"false\">\n\t\t\t\t\t\t\t\t\t\t\t\t<span class=\"elementor-toggle-icon elementor-toggle-icon-left\" aria-hidden=\"true\">\n\t\t\t\t\t\t\t\t\t\t\t\t\t\t\t<span class=\"elementor-toggle-icon-closed\"><i class=\"fas fa-caret-right\"><\/i><\/span>\n\t\t\t\t\t\t\t\t<span class=\"elementor-toggle-icon-opened\"><i class=\"elementor-toggle-icon-opened fas fa-caret-up\"><\/i><\/span>\n\t\t\t\t\t\t\t\t\t\t\t\t\t<\/span>\n\t\t\t\t\t\t\t\t\t\t\t\t<a class=\"elementor-toggle-title\" tabindex=\"0\">Preguntas importantes para hacerle a su cirujano:<\/a>\n\t\t\t\t\t<\/div>\n\n\t\t\t\t\t<div id=\"elementor-tab-content-1671\" class=\"elementor-tab-content elementor-clearfix\" data-tab=\"1\" role=\"region\" aria-labelledby=\"elementor-tab-title-1671\"><p><span style=\"color: #000000;\">\u00bfSoy un buen candidato para mi procedimiento de inter\u00e9s? Si no, \u00bfqu\u00e9 me impide ser candidato?<\/span><\/p><p><span style=\"color: #000000;\">\u00bfCuales son los beneficios?<\/span><\/p><p><span style=\"color: #000000;\">\u00bfCu\u00e1les son los riesgos?<\/span><\/p><p><span style=\"color: #000000;\">\u00bfQu\u00e9 certificaci\u00f3n(es) de la junta posee?<\/span><\/p><p><span style=\"color: #000000;\">\u00bfQu\u00e9 tipo de anestesia se requiere para este procedimiento?<\/span><\/p><\/div>\n\t\t\t\t<\/div>\n\t\t\t\t\t\t\t<div class=\"elementor-toggle-item\">\n\t\t\t\t\t<div id=\"elementor-tab-title-1672\" class=\"elementor-tab-title\" data-tab=\"2\" role=\"button\" aria-controls=\"elementor-tab-content-1672\" aria-expanded=\"false\">\n\t\t\t\t\t\t\t\t\t\t\t\t<span class=\"elementor-toggle-icon elementor-toggle-icon-left\" aria-hidden=\"true\">\n\t\t\t\t\t\t\t\t\t\t\t\t\t\t\t<span class=\"elementor-toggle-icon-closed\"><i class=\"fas fa-caret-right\"><\/i><\/span>\n\t\t\t\t\t\t\t\t<span class=\"elementor-toggle-icon-opened\"><i class=\"elementor-toggle-icon-opened fas fa-caret-up\"><\/i><\/span>\n\t\t\t\t\t\t\t\t\t\t\t\t\t<\/span>\n\t\t\t\t\t\t\t\t\t\t\t\t<a class=\"elementor-toggle-title\" tabindex=\"0\">\u00bfTendr\u00e9 que tomar tiempo libre del trabajo?<\/a>\n\t\t\t\t\t<\/div>\n\n\t\t\t\t\t<div id=\"elementor-tab-content-1672\" class=\"elementor-tab-content elementor-clearfix\" data-tab=\"2\" role=\"region\" aria-labelledby=\"elementor-tab-title-1672\"><p><span style=\"color: #000000;\">El tiempo libre en el trabajo se individualiza seg\u00fan el tipo de procedimiento quir\u00fargico y el trabajo que se realiza. El proceso de recuperaci\u00f3n se discutir\u00e1 en detalle en su consulta. El rango promedio para un d\u00eda libre puede durar de 3 a 7 d\u00edas. Las operaciones detalladas y combinadas, como la abdominaplastia, suelen llevar m\u00e1s tiempo.<\/span><\/p><\/div>\n\t\t\t\t<\/div>\n\t\t\t\t\t\t\t<div class=\"elementor-toggle-item\">\n\t\t\t\t\t<div id=\"elementor-tab-title-1673\" class=\"elementor-tab-title\" data-tab=\"3\" role=\"button\" aria-controls=\"elementor-tab-content-1673\" aria-expanded=\"false\">\n\t\t\t\t\t\t\t\t\t\t\t\t<span class=\"elementor-toggle-icon elementor-toggle-icon-left\" aria-hidden=\"true\">\n\t\t\t\t\t\t\t\t\t\t\t\t\t\t\t<span class=\"elementor-toggle-icon-closed\"><i class=\"fas fa-caret-right\"><\/i><\/span>\n\t\t\t\t\t\t\t\t<span class=\"elementor-toggle-icon-opened\"><i class=\"elementor-toggle-icon-opened fas fa-caret-up\"><\/i><\/span>\n\t\t\t\t\t\t\t\t\t\t\t\t\t<\/span>\n\t\t\t\t\t\t\t\t\t\t\t\t<a class=\"elementor-toggle-title\" tabindex=\"0\">\u00bfQuedar\u00e1n cicatrices despu\u00e9s de la Cirug\u00eda Est\u00e9tica?<\/a>\n\t\t\t\t\t<\/div>\n\n\t\t\t\t\t<div id=\"elementor-tab-content-1673\" class=\"elementor-tab-content elementor-clearfix\" data-tab=\"3\" role=\"region\" aria-labelledby=\"elementor-tab-title-1673\"><p><span style=\"color: #000000;\">Todos los procedimientos quir\u00fargicos dejan m\u00e1s o menos cicatrices. B\u00e1sicamente, este grado de permiso est\u00e1 directamente relacionado con tu estructura gen\u00e9tica. Ocultar estas cicatrices en zonas menos visibles y hacerlas desaparecer entre los pliegues de la piel son unos de los principios b\u00e1sicos de la Cirug\u00eda Est\u00e9tica.<\/span><\/p><\/div>\n\t\t\t\t<\/div>\n\t\t\t\t\t\t\t<div class=\"elementor-toggle-item\">\n\t\t\t\t\t<div id=\"elementor-tab-title-1674\" class=\"elementor-tab-title\" data-tab=\"4\" role=\"button\" aria-controls=\"elementor-tab-content-1674\" aria-expanded=\"false\">\n\t\t\t\t\t\t\t\t\t\t\t\t<span class=\"elementor-toggle-icon elementor-toggle-icon-left\" aria-hidden=\"true\">\n\t\t\t\t\t\t\t\t\t\t\t\t\t\t\t<span class=\"elementor-toggle-icon-closed\"><i class=\"fas fa-caret-right\"><\/i><\/span>\n\t\t\t\t\t\t\t\t<span class=\"elementor-toggle-icon-opened\"><i class=\"elementor-toggle-icon-opened fas fa-caret-up\"><\/i><\/span>\n\t\t\t\t\t\t\t\t\t\t\t\t\t<\/span>\n\t\t\t\t\t\t\t\t\t\t\t\t<a class=\"elementor-toggle-title\" tabindex=\"0\">\u00bfQu\u00e9 significa &quot;certificado por la junta&quot;?<\/a>\n\t\t\t\t\t<\/div>\n\n\t\t\t\t\t<div id=\"elementor-tab-content-1674\" class=\"elementor-tab-content elementor-clearfix\" data-tab=\"4\" role=\"region\" aria-labelledby=\"elementor-tab-title-1674\"><p><span style=\"color: #000000;\">Si bien muchos tipos de m\u00e9dicos pueden realizar una cirug\u00eda est\u00e9tica, usted conf\u00eda su apariencia y su vida al m\u00e9dico que elija. Todo procedimiento de cirug\u00eda est\u00e9tica implica riesgos y posibles complicaciones. Si ha decidido someterse a una cirug\u00eda est\u00e9tica en el extranjero, debe estar seguro de que la <a href=\"https:\/\/www.dr-mfo.com\/es\/\">cirujano<\/a> que elija est\u00e9 debidamente capacitado y calificado para realizar su procedimiento.<\/span><\/p><p><span style=\"color: #000000;\">La cirug\u00eda pl\u00e1stica est\u00e9tica requiere un cirujano pl\u00e1stico altamente capacitado y calificado. Aquellos que est\u00e1n certificados por la junta cumplen con est\u00e1ndares rigurosos, se grad\u00faan de una escuela de medicina acreditada, aprueban ex\u00e1menes integrales y practican activamente la cirug\u00eda pl\u00e1stica durante al menos tres a\u00f1os despu\u00e9s de toda la capacitaci\u00f3n.<\/span><\/p><p><span style=\"color: #000000;\">Encontrar un cirujano pl\u00e1stico experimentado y bien capacitado es uno de los pasos m\u00e1s importantes para garantizar que logre los resultados que desea.<\/span><\/p><\/div>\n\t\t\t\t<\/div>\n\t\t\t\t\t\t\t<div class=\"elementor-toggle-item\">\n\t\t\t\t\t<div id=\"elementor-tab-title-1675\" class=\"elementor-tab-title\" data-tab=\"5\" role=\"button\" aria-controls=\"elementor-tab-content-1675\" aria-expanded=\"false\">\n\t\t\t\t\t\t\t\t\t\t\t\t<span class=\"elementor-toggle-icon elementor-toggle-icon-left\" aria-hidden=\"true\">\n\t\t\t\t\t\t\t\t\t\t\t\t\t\t\t<span class=\"elementor-toggle-icon-closed\"><i class=\"fas fa-caret-right\"><\/i><\/span>\n\t\t\t\t\t\t\t\t<span class=\"elementor-toggle-icon-opened\"><i class=\"elementor-toggle-icon-opened fas fa-caret-up\"><\/i><\/span>\n\t\t\t\t\t\t\t\t\t\t\t\t\t<\/span>\n\t\t\t\t\t\t\t\t\t\t\t\t<a class=\"elementor-toggle-title\" tabindex=\"0\">\u00bfC\u00f3mo puedo saber si mi m\u00e9dico est\u00e1 certificado por la junta en cirug\u00eda est\u00e9tica?<\/a>\n\t\t\t\t\t<\/div>\n\n\t\t\t\t\t<div id=\"elementor-tab-content-1675\" class=\"elementor-tab-content elementor-clearfix\" data-tab=\"5\" role=\"region\" aria-labelledby=\"elementor-tab-title-1675\"><p><span style=\"color: #000000;\">Para verificar la certificaci\u00f3n de la junta en cirug\u00eda pl\u00e1stica por parte de EBOPRAS (Junta Europea de Cirug\u00eda Pl\u00e1stica, Reconstructiva y Est\u00e9tica), visite la herramienta de b\u00fasqueda de becarios. Introduzca el nombre completo del m\u00e9dico (<a href=\"https:\/\/www.dr-mfo.com\/es\/who-is-drmfo\/\">Mehmet Fatih Okyay<\/a> ) desea verificar la certificaci\u00f3n EBOPRAS.<\/span><\/p><p><span style=\"color: #000000;\">Para ver las membres\u00edas de ISAPS y EBOPRAS puede usar los enlaces a continuaci\u00f3n;<\/span><\/p><ul><li><span style=\"color: #000000;\">https:\/\/ebopras.eu\/ebopras-fellows<\/span><\/li><li><span style=\"color: #000000;\">https:\/\/www.isaps.org\/member-directory\/?contactid=1645A8F3-ABF8-49CE-1B2816AC6DCAB590<\/span><\/li><\/ul><p><span style=\"color: #000000;\">El examen de la Junta Europea en Cirug\u00eda Pl\u00e1stica est\u00e1 organizado por el comit\u00e9 de examen de EBOPRAS y pretende ser una marca de calidad y ayudar en la armonizaci\u00f3n de los est\u00e1ndares en los pa\u00edses miembros de la UE y la UEMS.<\/span><\/p><p><span style=\"color: #000000;\">Quienes hayan aprobado ambas partes del examen y sean especialistas en Cirug\u00eda Pl\u00e1stica y registrados por la autoridad nacional correspondiente tienen derecho a recibir su certificado EBOPRAS, y poder llamarse \u201cFellow of EBOPRAS\u201d, y usar la abreviatura FEBOPRAS detr\u00e1s de su nombre. .<\/span><\/p><p><span style=\"color: #000000;\">Como la organizaci\u00f3n profesional l\u00edder mundial de cirujanos pl\u00e1sticos est\u00e9ticos certificados por la junta, ISAPS (Sociedad Internacional de Cirujanos Pl\u00e1sticos Est\u00e9ticos) se dedica a promover la excelencia en el campo de la cirug\u00eda pl\u00e1stica est\u00e9tica. Cuando elige un cirujano miembro de ISAPS, puede estar seguro de que su cirujano:<\/span><\/p><ul><li><span style=\"color: #000000;\">Es calificado y experimentado<\/span><\/li><li><span style=\"color: #000000;\">Tiene un historial de seguridad.<\/span><\/li><li><span style=\"color: #000000;\">Ha demostrado un compromiso con la pr\u00e1ctica \u00e9tica.<\/span><\/li><li><span style=\"color: #000000;\">Est\u00e1 capacitado en las t\u00e9cnicas y tratamientos m\u00e1s seguros y actualizados.<\/span><\/li><\/ul><\/div>\n\t\t\t\t<\/div>\n\t\t\t\t\t\t\t\t<\/div>\n\t\t\t\t\t\t<\/div>\n\t\t\t\t\t<\/div>\n\t\t<\/div>\n\t\t\t\t\t<\/div>\n\t\t<\/section>\n\t\t\t\t<\/div>","protected":false},"excerpt":{"rendered":"<p>Frequently Asked Questions To whom are Aesthetic Surgery procedures applied? Anyone who has an expectation of beautification or rejuvenation that they can describe concretely in any part of their body without body image disorder is a suitable candidate for Aesthetic Surgery. How long does it take to return to normal life after Aesthetic Surgery? Although [&hellip;]<\/p>\n","protected":false},"author":2,"featured_media":0,"parent":0,"menu_order":0,"comment_status":"closed","ping_status":"closed","template":"","meta":{"_acf_changed":false,"footnotes":""},"class_list":["post-2838","page","type-page","status-publish","hentry"],"acf":[],"_links":{"self":[{"href":"https:\/\/www.dr-mfo.com\/es\/wp-json\/wp\/v2\/pages\/2838","targetHints":{"allow":["GET"]}}],"collection":[{"href":"https:\/\/www.dr-mfo.com\/es\/wp-json\/wp\/v2\/pages"}],"about":[{"href":"https:\/\/www.dr-mfo.com\/es\/wp-json\/wp\/v2\/types\/page"}],"author":[{"embeddable":true,"href":"https:\/\/www.dr-mfo.com\/es\/wp-json\/wp\/v2\/users\/2"}],"replies":[{"embeddable":true,"href":"https:\/\/www.dr-mfo.com\/es\/wp-json\/wp\/v2\/comments?post=2838"}],"version-history":[{"count":0,"href":"https:\/\/www.dr-mfo.com\/es\/wp-json\/wp\/v2\/pages\/2838\/revisions"}],"wp:attachment":[{"href":"https:\/\/www.dr-mfo.com\/es\/wp-json\/wp\/v2\/media?parent=2838"}],"curies":[{"name":"Gracias","href":"https:\/\/api.w.org\/{rel}","templated":true}]}}