{"id":2926,"date":"2022-05-02T12:21:01","date_gmt":"2022-05-02T11:21:01","guid":{"rendered":"https:\/\/www.dr-mfo.com\/?page_id=2926"},"modified":"2026-02-22T11:12:36","modified_gmt":"2026-02-22T11:12:36","slug":"cirugia-de-ojos-de-gato","status":"publish","type":"page","link":"https:\/\/www.dr-mfo.com\/es\/cat-eyes-surgery\/","title":{"rendered":"Ojos de gato"},"content":{"rendered":"<div data-elementor-type=\"wp-page\" data-elementor-id=\"2926\" class=\"elementor elementor-2926\">\n\t\t\t\t\t\t<section class=\"elementor-section elementor-top-section elementor-element elementor-element-9d726c2 elementor-section-boxed elementor-section-height-default elementor-section-height-default\" data-id=\"9d726c2\" data-element_type=\"section\" data-e-type=\"section\">\n\t\t\t\t\t\t<div class=\"elementor-container elementor-column-gap-default\">\n\t\t\t\t\t<div class=\"elementor-column elementor-col-100 elementor-top-column elementor-element elementor-element-b831747\" data-id=\"b831747\" data-element_type=\"column\" data-e-type=\"column\">\n\t\t\t<div class=\"elementor-widget-wrap elementor-element-populated\">\n\t\t\t\t\t\t<div class=\"elementor-element elementor-element-a7a13a0 elementor-widget-divider--view-line elementor-widget elementor-widget-divider\" data-id=\"a7a13a0\" data-element_type=\"widget\" data-e-type=\"widget\" data-widget_type=\"divider.default\">\n\t\t\t\t\t\t\t<div class=\"elementor-divider\">\n\t\t\t<span class=\"elementor-divider-separator\">\n\t\t\t\t\t\t<\/span>\n\t\t<\/div>\n\t\t\t\t\t\t<\/div>\n\t\t\t\t<div class=\"elementor-element elementor-element-aa9d076 elementor-widget-divider--view-line elementor-widget elementor-widget-divider\" data-id=\"aa9d076\" data-element_type=\"widget\" data-e-type=\"widget\" data-widget_type=\"divider.default\">\n\t\t\t\t\t\t\t<div class=\"elementor-divider\">\n\t\t\t<span class=\"elementor-divider-separator\">\n\t\t\t\t\t\t<\/span>\n\t\t<\/div>\n\t\t\t\t\t\t<\/div>\n\t\t\t\t<div class=\"elementor-element elementor-element-d0b5e7b elementor-widget-divider--view-line elementor-widget elementor-widget-divider\" data-id=\"d0b5e7b\" data-element_type=\"widget\" data-e-type=\"widget\" data-widget_type=\"divider.default\">\n\t\t\t\t\t\t\t<div class=\"elementor-divider\">\n\t\t\t<span class=\"elementor-divider-separator\">\n\t\t\t\t\t\t<\/span>\n\t\t<\/div>\n\t\t\t\t\t\t<\/div>\n\t\t\t\t<div class=\"elementor-element elementor-element-9bb1c7c elementor-widget-divider--view-line elementor-widget elementor-widget-divider\" data-id=\"9bb1c7c\" data-element_type=\"widget\" data-e-type=\"widget\" data-widget_type=\"divider.default\">\n\t\t\t\t\t\t\t<div class=\"elementor-divider\">\n\t\t\t<span class=\"elementor-divider-separator\">\n\t\t\t\t\t\t<\/span>\n\t\t<\/div>\n\t\t\t\t\t\t<\/div>\n\t\t\t\t<div class=\"elementor-element elementor-element-6d6f0c4 elementor-widget elementor-widget-image\" data-id=\"6d6f0c4\" data-element_type=\"widget\" data-e-type=\"widget\" data-widget_type=\"image.default\">\n\t\t\t\t\t\t\t\t\t\t\t\t\t\t\t<img decoding=\"async\" src=\"https:\/\/www.dr-mfo.com\/wp-content\/uploads\/elementor\/thumbs\/Cat-Eyes-qd1ludgjwyaw10e36hz4kpqww0rsegykuenv8meqzq.jpg\" title=\"Cirug\u00eda del ojo de zorro\" alt=\"Cirug\u00eda de ojos de gato\" loading=\"lazy\" \/>\t\t\t\t\t\t\t\t\t\t\t\t\t\t\t<\/div>\n\t\t\t\t<div class=\"elementor-element elementor-element-e223fc2 elementor-widget-divider--view-line elementor-widget elementor-widget-divider\" data-id=\"e223fc2\" data-element_type=\"widget\" data-e-type=\"widget\" data-widget_type=\"divider.default\">\n\t\t\t\t\t\t\t<div class=\"elementor-divider\">\n\t\t\t<span class=\"elementor-divider-separator\">\n\t\t\t\t\t\t<\/span>\n\t\t<\/div>\n\t\t\t\t\t\t<\/div>\n\t\t\t\t<div class=\"elementor-element elementor-element-6edff3c elementor-widget elementor-widget-heading\" data-id=\"6edff3c\" data-element_type=\"widget\" data-e-type=\"widget\" data-widget_type=\"heading.default\">\n\t\t\t\t\t<h2 class=\"elementor-heading-title elementor-size-xl\">Cirug\u00eda de ojos de gato<\/h2>\t\t\t\t<\/div>\n\t\t\t\t<div class=\"elementor-element elementor-element-ebeedcc elementor-widget elementor-widget-text-editor\" data-id=\"ebeedcc\" data-element_type=\"widget\" data-e-type=\"widget\" data-widget_type=\"text-editor.default\">\n\t\t\t\t\t\t\t\t\t<p><span style=\"color: #000000;\">Uno de los factores m\u00e1s importantes que afectan a nuestra belleza facial y apariencia est\u00e9tica es <a href=\"https:\/\/www.dr-mfo.com\/es\/which-female-face-shape-is-most-attractive\/\">atractivo<\/a> mirada. La b\u00fasqueda de ojos ligeramente rasgados y grandes, que surgi\u00f3 con la est\u00e9tica de ojos almendrados, empez\u00f3 a denominarse ojos de gato o de zorro con la incorporaci\u00f3n, con el tiempo, del lifting de cejas, el lifting de sienes y el lifting de la parte media del rostro.<\/span><\/p><p><span style=\"color: #000000;\">La cirug\u00eda de ojo de gato es cada vez m\u00e1s demandada por hombres y mujeres que desean tener una apariencia atractiva. Gracias a la cirug\u00eda de ojo de zorro o de gato, se puede realizar simult\u00e1neamente un estiramiento de la parte superior y media de la cara, y se puede lograr el rejuvenecimiento, el embellecimiento y una apariencia atractiva al mismo tiempo.<\/span><\/p><p><span style=\"color: #000000;\">Hoy en d\u00eda, la cirug\u00eda de ojos de gato o de zorro se est\u00e1 convirtiendo en el est\u00e1ndar de oro para eliminar los p\u00e1rpados ca\u00eddos, la apariencia somnolienta y cansada y lograr una apariencia joven, din\u00e1mica y atractiva.<\/span><\/p>\t\t\t\t\t\t\t\t<\/div>\n\t\t\t\t<div class=\"elementor-element elementor-element-cb758c9 elementor-widget elementor-widget-heading\" data-id=\"cb758c9\" data-element_type=\"widget\" data-e-type=\"widget\" data-widget_type=\"heading.default\">\n\t\t\t\t\t<h2 class=\"elementor-heading-title elementor-size-large\">\u00bfEn qu\u00e9 situaciones se aplica?<\/h2>\t\t\t\t<\/div>\n\t\t\t\t<div class=\"elementor-element elementor-element-7cde0eb elementor-widget elementor-widget-text-editor\" data-id=\"7cde0eb\" data-element_type=\"widget\" data-e-type=\"widget\" data-widget_type=\"text-editor.default\">\n\t\t\t\t\t\t\t\t\t<ul><li><span style=\"color: #000000;\">p\u00e1rpado ca\u00eddo<\/span><\/li><li><span style=\"color: #000000;\">Mirada so\u00f1olienta<\/span><\/li><li><span style=\"color: #000000;\">Ojos cansados<\/span><\/li><li><span style=\"color: #000000;\">ceja baja<\/span><\/li><li><span style=\"color: #000000;\">Cara media y mejillas bajas<\/span><\/li><li><span style=\"color: #000000;\">Planificaci\u00f3n quir\u00fargica<\/span><\/li><\/ul><p><span style=\"color: #000000;\">El proceso de cirug\u00eda de ojo de gato comienza con el dibujo realizado durante la consulta del m\u00e9dico. Para la planificaci\u00f3n quir\u00fargica preoperatoria se realiza un dibujo y se determina el nivel planificado de ceja, p\u00e1rpados y posible forma del ojo, su nivel y ubicaci\u00f3n esperada al final de la cirug\u00eda.<\/span><\/p><p><span style=\"color: #000000;\">Con una planificaci\u00f3n quir\u00fargica detallada, una cirug\u00eda s\u00f3lida y una buena atenci\u00f3n posoperatoria, es posible lograr grandes cambios en cuesti\u00f3n de semanas.<\/span><\/p><p><span style=\"color: #000000;\">La cirug\u00eda de ojo de gato u ojo de zorro, que es uno de los procedimientos de cirug\u00eda est\u00e9tica m\u00e1s demandados en los \u00faltimos a\u00f1os, es una aplicaci\u00f3n con un alto \u00edndice de satisfacci\u00f3n. Puede proporcionar una soluci\u00f3n ideal para miradas atractivas y vigorosas para personas con cejas ca\u00eddas, p\u00e1rpados ca\u00eddos, apariencia somnolienta y cansada y mejillas bajas, y da resultados satisfactorios.<\/span><\/p>\t\t\t\t\t\t\t\t<\/div>\n\t\t\t\t<div class=\"elementor-element elementor-element-a3040c2 elementor-widget elementor-widget-heading\" data-id=\"a3040c2\" data-element_type=\"widget\" data-e-type=\"widget\" data-widget_type=\"heading.default\">\n\t\t\t\t\t<h2 class=\"elementor-heading-title elementor-size-large\">Antes de la cirug\u00eda<\/h2>\t\t\t\t<\/div>\n\t\t\t\t<div class=\"elementor-element elementor-element-9a63628 elementor-widget elementor-widget-text-editor\" data-id=\"9a63628\" data-element_type=\"widget\" data-e-type=\"widget\" data-widget_type=\"text-editor.default\">\n\t\t\t\t\t\t\t\t\t<p><span style=\"color: #000000;\">Existen algunas condiciones que deben ser consideradas antes de la cirug\u00eda de ojo de gato, la cual debe ser realizada por un especialista pl\u00e1stico <a href=\"https:\/\/www.dr-mfo.com\/es\/\">cirujano<\/a>. Las personas deben expresar sus expectativas y gustos durante la consulta del m\u00e9dico. Durante la consulta, se tienen en cuenta factores como la altura de las cejas, la ubicaci\u00f3n, la forma, la extensi\u00f3n al \u00e1rea de las sienes, la asimetr\u00eda de las cejas, las mejillas bajas y los p\u00e1rpados. Se transmite a los pacientes informaci\u00f3n detallada sobre el proceso de operaci\u00f3n, informaci\u00f3n t\u00e9cnica y el proceso posterior al procedimiento. Las cejas, los ojos y las mejillas, que deben verse sim\u00e9tricas y naturales, deben estar en armon\u00eda con los rasgos faciales de la persona. <a href=\"https:\/\/www.dr-mfo.com\/es\/who-is-drmfo\/\">Dr. OFM<\/a> le mostrar\u00e1 un camino emocionante hacia sus sue\u00f1os sobre lo que se puede hacer al evaluar sus solicitudes de acuerdo con su anatom\u00eda.<\/span><\/p><p><span style=\"color: #000000;\">Como en todas las operaciones quir\u00fargicas, el consumo de tabaco y productos del tabaco, especialmente cigarrillos, que da\u00f1an la cicatrizaci\u00f3n de los tejidos y aumentan el riesgo de infecci\u00f3n al disminuir el nivel de ox\u00edgeno en el cuerpo, debe suspenderse antes de la cirug\u00eda del ojo de gato. Este per\u00edodo cubre de 2 a 4 semanas antes de la cirug\u00eda.<\/span><\/p><p><span style=\"color: #000000;\">Los anticoagulantes, as\u00ed como las vitaminas y los medicamentos a base de hierbas, no deben usarse dentro de los 7 a 10 d\u00edas antes de la operaci\u00f3n. Si tiene enfermedades adicionales conocidas y medicamentos que usa regularmente, debe compartirlos con su cirujano. Si no tiene un problema de salud especial, se puede decidir si es apto para la operaci\u00f3n con el an\u00e1lisis realizado el d\u00eda de la operaci\u00f3n. Una vez cumplidos todos estos criterios, se aplica con \u00e9xito la operaci\u00f3n favorita de quienes prestan atenci\u00f3n a su apariencia f\u00edsica y quieren sentirse bien tanto social como espiritualmente.<\/span><\/p>\t\t\t\t\t\t\t\t<\/div>\n\t\t\t\t<div class=\"elementor-element elementor-element-e7b309b elementor-widget elementor-widget-heading\" data-id=\"e7b309b\" data-element_type=\"widget\" data-e-type=\"widget\" data-widget_type=\"heading.default\">\n\t\t\t\t\t<h2 class=\"elementor-heading-title elementor-size-large\">Aspectos a tener en cuenta el d\u00eda de la cirug\u00eda<\/h2>\t\t\t\t<\/div>\n\t\t\t\t<div class=\"elementor-element elementor-element-dce5b94 elementor-widget elementor-widget-text-editor\" data-id=\"dce5b94\" data-element_type=\"widget\" data-e-type=\"widget\" data-widget_type=\"text-editor.default\">\n\t\t\t\t\t\t\t\t\t<p><span style=\"color: #000000;\">Es importante llevar ropa c\u00f3moda para el postoperatorio. Tambi\u00e9n se recomienda tomar una ducha tibia con un jab\u00f3n antibacterial el d\u00eda anterior a la operaci\u00f3n.<\/span><\/p><p><span style=\"color: #000000;\">Si tiene suplementos alimenticios, medicamentos a base de hierbas, infusiones, enfermedades adicionales conocidas o medicamentos que usa regularmente, debe compartirlos con su cirujano y su equipo. Si no tiene un problema de salud especial, se puede decidir si es apto para la operaci\u00f3n con el an\u00e1lisis realizado el d\u00eda de la operaci\u00f3n.<\/span><\/p>\t\t\t\t\t\t\t\t<\/div>\n\t\t\t\t<div class=\"elementor-element elementor-element-fcd1958 elementor-widget elementor-widget-heading\" data-id=\"fcd1958\" data-element_type=\"widget\" data-e-type=\"widget\" data-widget_type=\"heading.default\">\n\t\t\t\t\t<h2 class=\"elementor-heading-title elementor-size-large\">Despu\u00e9s de cirug\u00eda<\/h2>\t\t\t\t<\/div>\n\t\t\t\t<div class=\"elementor-element elementor-element-21fee00 elementor-widget elementor-widget-text-editor\" data-id=\"21fee00\" data-element_type=\"widget\" data-e-type=\"widget\" data-widget_type=\"text-editor.default\">\n\t\t\t\t\t\t\t\t\t<p><span style=\"color: #000000;\">Puede comenzar a hacer su trabajo diario unos d\u00edas despu\u00e9s de la cirug\u00eda. Del mismo modo, se puede volver al trabajo de oficina incluso el primer d\u00eda, dependiendo del umbral de dolor de las personas. El segundo d\u00eda, puede tomar una ducha, incluida la zona de operaci\u00f3n. Las actividades pesadas deben evitarse en la primera semana despu\u00e9s de la operaci\u00f3n.<\/span><\/p><p><span style=\"color: #000000;\">Un control detallado por parte de su cirujano, normalmente al tercer d\u00eda despu\u00e9s de la operaci\u00f3n, tambi\u00e9n le informar\u00e1 sobre los resultados.<\/span><\/p><p><span style=\"color: #000000;\">Al final de la primera semana se pueden realizar actividades deportivas como caminar a paso ligero. A partir de la tercera semana, podr\u00e1 volver plenamente a su vida deportiva.<\/span><\/p>\t\t\t\t\t\t\t\t<\/div>\n\t\t\t\t<div class=\"elementor-element elementor-element-05ec7b8 elementor-widget elementor-widget-image\" data-id=\"05ec7b8\" data-element_type=\"widget\" data-e-type=\"widget\" data-widget_type=\"image.default\">\n\t\t\t\t\t\t\t\t\t\t\t\t\t\t\t<img fetchpriority=\"high\" decoding=\"async\" width=\"298\" height=\"300\" src=\"https:\/\/www.dr-mfo.com\/wp-content\/uploads\/2022\/04\/fore-head-first-298x300.jpg\" class=\"attachment-medium size-medium wp-image-2423\" alt=\"Una imagen de primer plano del rostro de una persona con una mano colocada suavemente sobre su frente, probablemente demostrando un examen o tratamiento m\u00e9dico.\" srcset=\"https:\/\/www.dr-mfo.com\/wp-content\/uploads\/2022\/04\/fore-head-first-298x300.jpg 298w, https:\/\/www.dr-mfo.com\/wp-content\/uploads\/2022\/04\/fore-head-first-150x150.jpg 150w, https:\/\/www.dr-mfo.com\/wp-content\/uploads\/2022\/04\/fore-head-first-768x773.jpg 768w, https:\/\/www.dr-mfo.com\/wp-content\/uploads\/2022\/04\/fore-head-first.jpg 974w\" sizes=\"(max-width: 298px) 100vw, 298px\" title=\"\">\t\t\t\t\t\t\t\t\t\t\t\t\t\t\t<\/div>\n\t\t\t\t\t<\/div>\n\t\t<\/div>\n\t\t\t\t\t<\/div>\n\t\t<\/section>\n\t\t\t\t<\/div>","protected":false},"excerpt":{"rendered":"<p>Cat Eyes Surgery One of the most important factors affecting our facial beauty and aesthetic appearance is attractive looks. The search for slightly slanting and large eyes, which emerged with almond eye aesthetics, started to be called cat or fox eye with the addition of eyebrow lift, temple lift, and mid-face lift over time. Cat [&hellip;]<\/p>\n","protected":false},"author":2,"featured_media":0,"parent":0,"menu_order":0,"comment_status":"closed","ping_status":"closed","template":"","meta":{"_acf_changed":false,"footnotes":""},"class_list":["post-2926","page","type-page","status-publish","hentry"],"acf":[],"_links":{"self":[{"href":"https:\/\/www.dr-mfo.com\/es\/wp-json\/wp\/v2\/pages\/2926","targetHints":{"allow":["GET"]}}],"collection":[{"href":"https:\/\/www.dr-mfo.com\/es\/wp-json\/wp\/v2\/pages"}],"about":[{"href":"https:\/\/www.dr-mfo.com\/es\/wp-json\/wp\/v2\/types\/page"}],"author":[{"embeddable":true,"href":"https:\/\/www.dr-mfo.com\/es\/wp-json\/wp\/v2\/users\/2"}],"replies":[{"embeddable":true,"href":"https:\/\/www.dr-mfo.com\/es\/wp-json\/wp\/v2\/comments?post=2926"}],"version-history":[{"count":0,"href":"https:\/\/www.dr-mfo.com\/es\/wp-json\/wp\/v2\/pages\/2926\/revisions"}],"wp:attachment":[{"href":"https:\/\/www.dr-mfo.com\/es\/wp-json\/wp\/v2\/media?parent=2926"}],"curies":[{"name":"Gracias","href":"https:\/\/api.w.org\/{rel}","templated":true}]}}