{"id":6435,"date":"2023-06-02T17:14:46","date_gmt":"2023-06-02T16:14:46","guid":{"rendered":"https:\/\/www.dr-mfo.com\/?page_id=6435"},"modified":"2026-02-22T06:51:38","modified_gmt":"2026-02-22T06:51:38","slug":"implante-de-menton","status":"publish","type":"page","link":"https:\/\/www.dr-mfo.com\/es\/chin-implant\/","title":{"rendered":"Implante de ment\u00f3n: mejora de la armon\u00eda facial"},"content":{"rendered":"<div data-elementor-type=\"wp-page\" data-elementor-id=\"6435\" class=\"elementor elementor-6435\">\n\t\t\t\t\t\t<section class=\"elementor-section elementor-top-section elementor-element elementor-element-5fef2d8 elementor-section-boxed elementor-section-height-default elementor-section-height-default\" data-id=\"5fef2d8\" data-element_type=\"section\" data-e-type=\"section\">\n\t\t\t\t\t\t<div class=\"elementor-container elementor-column-gap-default\">\n\t\t\t\t\t<div class=\"elementor-column elementor-col-100 elementor-top-column elementor-element elementor-element-165b926a\" data-id=\"165b926a\" data-element_type=\"column\" data-e-type=\"column\">\n\t\t\t<div class=\"elementor-widget-wrap elementor-element-populated\">\n\t\t\t\t\t\t<div class=\"elementor-element elementor-element-70c93254 elementor-widget__width-initial elementor-widget elementor-widget-text-editor\" data-id=\"70c93254\" data-element_type=\"widget\" data-e-type=\"widget\" data-widget_type=\"text-editor.default\">\n\t\t\t\t\t\t\t\t\t<p>Bienvenido a nuestra gu\u00eda completa sobre implantes de ment\u00f3n, un procedimiento cosm\u00e9tico popular que puede mejorar la armon\u00eda facial y redefinir su perfil. Ya sea que est\u00e9 buscando equilibrar sus rasgos faciales, mejorar la l\u00ednea de la mand\u00edbula o lograr un ment\u00f3n m\u00e1s definido, este art\u00edculo le brindar\u00e1 toda la informaci\u00f3n que necesita para tomar una decisi\u00f3n informada.<\/p><h2>Comprender los implantes de ment\u00f3n<\/h2><h3>\u00bfQu\u00e9 son los implantes de ment\u00f3n?<\/h3><p>Los implantes de ment\u00f3n, tambi\u00e9n conocidos como aumento de ment\u00f3n o mentoplastia, son procedimientos quir\u00fargicos dise\u00f1ados para remodelar y mejorar el \u00e1rea del ment\u00f3n. El procedimiento consiste en colocar un implante en la regi\u00f3n del ment\u00f3n para mejorar su proyecci\u00f3n, simetr\u00eda y contorno general. Esto puede ayudar a equilibrar los rasgos faciales y crear una apariencia m\u00e1s proporcionada.<\/p><h3><img fetchpriority=\"high\" decoding=\"async\" class=\"alignnone size-large wp-image-6439\" src=\"https:\/\/www.dr-mfo.com\/wp-content\/uploads\/2023\/06\/4588720-1024x683.jpg\" alt=\"implante de ment\u00f3n\" width=\"1024\" height=\"683\" srcset=\"https:\/\/www.dr-mfo.com\/wp-content\/uploads\/2023\/06\/4588720-1024x683.jpg 1024w, https:\/\/www.dr-mfo.com\/wp-content\/uploads\/2023\/06\/4588720-300x200.jpg 300w, https:\/\/www.dr-mfo.com\/wp-content\/uploads\/2023\/06\/4588720-768x512.jpg 768w, https:\/\/www.dr-mfo.com\/wp-content\/uploads\/2023\/06\/4588720-1536x1024.jpg 1536w, https:\/\/www.dr-mfo.com\/wp-content\/uploads\/2023\/06\/4588720-18x12.jpg 18w, https:\/\/www.dr-mfo.com\/wp-content\/uploads\/2023\/06\/4588720.jpg 1600w\" sizes=\"(max-width: 1024px) 100vw, 1024px\" \/><\/h3><h3>\u00bfQui\u00e9n puede beneficiarse de los implantes de ment\u00f3n?<\/h3><p>Los implantes de ment\u00f3n pueden beneficiar a las personas que tienen un ment\u00f3n d\u00e9bil o hundido, una mand\u00edbula mal definida o una estructura facial desproporcionada. Este procedimiento puede aportar equilibrio y armon\u00eda al rostro, mejorando la est\u00e9tica general y aumentando la confianza en uno mismo.<\/p><h2>El procedimiento de implante de ment\u00f3n<\/h2><h3>Consulta y Planificaci\u00f3n<\/h3><p>Antes de someterse a un procedimiento de implante de ment\u00f3n, es crucial programar una consulta con un pl\u00e1stico calificado. <a href=\"https:\/\/www.dr-mfo.com\/es\/\">cirujano<\/a>. Durante esta consulta, el cirujano evaluar\u00e1 su estructura facial, analizar\u00e1 sus objetivos y expectativas y determinar\u00e1 el tama\u00f1o y la forma de implante m\u00e1s adecuados para usted. Este enfoque personalizado asegura que el resultado final complementar\u00e1 sus caracter\u00edsticas faciales \u00fanicas.<\/p><p><img decoding=\"async\" class=\"alignnone size-large wp-image-6440\" src=\"https:\/\/www.dr-mfo.com\/wp-content\/uploads\/2023\/06\/euskjc5govk-1024x683.jpg\" alt=\"cirug\u00eda de implante de ment\u00f3n\" width=\"1024\" height=\"683\" srcset=\"https:\/\/www.dr-mfo.com\/wp-content\/uploads\/2023\/06\/euskjc5govk-1024x683.jpg 1024w, https:\/\/www.dr-mfo.com\/wp-content\/uploads\/2023\/06\/euskjc5govk-300x200.jpg 300w, https:\/\/www.dr-mfo.com\/wp-content\/uploads\/2023\/06\/euskjc5govk-768x512.jpg 768w, https:\/\/www.dr-mfo.com\/wp-content\/uploads\/2023\/06\/euskjc5govk-1536x1024.jpg 1536w, https:\/\/www.dr-mfo.com\/wp-content\/uploads\/2023\/06\/euskjc5govk-18x12.jpg 18w, https:\/\/www.dr-mfo.com\/wp-content\/uploads\/2023\/06\/euskjc5govk.jpg 1600w\" sizes=\"(max-width: 1024px) 100vw, 1024px\" \/><\/p><h3>Anestesia y colocaci\u00f3n de la incisi\u00f3n<\/h3><p>El procedimiento de implante de ment\u00f3n generalmente se realiza bajo anestesia local con sedaci\u00f3n o anestesia general. Una vez que est\u00e9 c\u00f3modamente adormecido, el cirujano har\u00e1 una incisi\u00f3n dentro de la boca (intraoral) o debajo de la barbilla (submentoniana). La elecci\u00f3n de la ubicaci\u00f3n de la incisi\u00f3n depende de varios factores, incluida su anatom\u00eda y la preferencia del cirujano.<\/p><p><img decoding=\"async\" class=\"alignnone size-large wp-image-6447\" src=\"https:\/\/www.dr-mfo.com\/wp-content\/uploads\/2023\/06\/6502033-1024x683.jpg\" alt=\"implante de ment\u00f3n en turqu\u00eda\" width=\"1024\" height=\"683\" srcset=\"https:\/\/www.dr-mfo.com\/wp-content\/uploads\/2023\/06\/6502033-1024x683.jpg 1024w, https:\/\/www.dr-mfo.com\/wp-content\/uploads\/2023\/06\/6502033-300x200.jpg 300w, https:\/\/www.dr-mfo.com\/wp-content\/uploads\/2023\/06\/6502033-768x512.jpg 768w, https:\/\/www.dr-mfo.com\/wp-content\/uploads\/2023\/06\/6502033-1536x1024.jpg 1536w, https:\/\/www.dr-mfo.com\/wp-content\/uploads\/2023\/06\/6502033-18x12.jpg 18w, https:\/\/www.dr-mfo.com\/wp-content\/uploads\/2023\/06\/6502033.jpg 1600w\" sizes=\"(max-width: 1024px) 100vw, 1024px\" \/><\/p><h3>Colocaci\u00f3n y contorneado de implantes<\/h3><p>Despu\u00e9s de crear la incisi\u00f3n, el cirujano crear\u00e1 cuidadosamente un bolsillo en el \u00e1rea de la barbilla para acomodar el implante. Luego se inserta el implante y se asegura en su lugar. El cirujano contornear\u00e1 meticulosamente el implante para lograr la forma y proyecci\u00f3n deseadas, asegurando un resultado de apariencia natural.<\/p><h3>Cierre y recuperaci\u00f3n de la incisi\u00f3n<\/h3><p>Una vez que el implante est\u00e1 colocado correctamente, la incisi\u00f3n se cierra con suturas. Si la incisi\u00f3n se realiz\u00f3 dentro de la boca, a menudo se utilizan suturas solubles. Sin embargo, si la incisi\u00f3n se realiz\u00f3 debajo del ment\u00f3n, es posible que sea necesario retirar las suturas despu\u00e9s de una semana. Despu\u00e9s del procedimiento, se le proporcionar\u00e1n instrucciones detalladas de cuidados posteriores para promover una curaci\u00f3n \u00f3ptima y minimizar las molestias.<\/p><h2>Beneficios y riesgos<\/h2><h3>Beneficios de los implantes de ment\u00f3n<\/h3><ul><li>Equilibrio y armon\u00eda facial mejorados<\/li><li>Definici\u00f3n mejorada de la l\u00ednea de la mand\u00edbula.<\/li><li>Aumento de la confianza en s\u00ed mismo y la autoestima.<\/li><li>Resultados duraderos<\/li><li>cicatrizaci\u00f3n m\u00ednima<\/li><\/ul><h3>Riesgos y consideraciones<\/h3><p>Si bien la cirug\u00eda de implante de ment\u00f3n es generalmente segura, es importante ser consciente de los posibles riesgos y complicaciones. Estos pueden incluir:<\/p><ul><li>Infecci\u00f3n<\/li><li>Sangrado<\/li><li>Entumecimiento o sensaci\u00f3n alterada<\/li><li>Desplazamiento del implante<\/li><li>Resultado est\u00e9tico insatisfactorio<\/li><\/ul><h2>Recuperaci\u00f3n y cuidado posterior<\/h2><h3>Qu\u00e9 esperar durante la recuperaci\u00f3n<\/h3><p>Despu\u00e9s del procedimiento de implante de ment\u00f3n, es normal experimentar algo de hinchaz\u00f3n, hematomas y molestias. Su cirujano puede recetarle analg\u00e9sicos y recomendarle compresas fr\u00edas para ayudar a controlar estos s\u00edntomas. Es esencial seguir las instrucciones de su cirujano con respecto al cuidado posoperatorio, incluidas las restricciones diet\u00e9ticas, las pr\u00e1cticas de higiene bucal y las limitaciones de actividad.<\/p><h3>Resultados esperados y longevidad<\/h3><p>Si bien los resultados individuales pueden variar, la mayor\u00eda de los pacientes comienzan a notar mejoras en el contorno de la barbilla y la apariencia facial general a medida que disminuye la hinchaz\u00f3n. Es importante tener en cuenta que los resultados finales pueden tardar varios meses en manifestarse por completo. Con el cuidado y el mantenimiento adecuados, los implantes de ment\u00f3n pueden brindar resultados duraderos, lo que le permite disfrutar de los beneficios en los a\u00f1os venideros.<\/p><h2>Preguntas frecuentes (FAQ)<\/h2><h3>1. \u00bfPuedo combinar un implante de ment\u00f3n con otros procedimientos est\u00e9ticos?<\/h3><p>S\u00ed, los implantes de ment\u00f3n se pueden combinar con otros procedimientos cosm\u00e9ticos como <a href=\"https:\/\/www.dr-mfo.com\/es\/nose-job-rhinoplasty\/\">rinoplastia<\/a> (remodelaci\u00f3n de la nariz) o <a href=\"https:\/\/www.dr-mfo.com\/es\/facelift-surgery\/\">estiramiento facial<\/a> cirug\u00eda para conseguir un rejuvenecimiento facial integral. Su cirujano pl\u00e1stico puede analizar la idoneidad de combinar procedimientos en funci\u00f3n de sus necesidades y objetivos individuales.<\/p><h3>2. \u00bfCu\u00e1nto dura el procedimiento de implante de ment\u00f3n?<\/h3><p>La duraci\u00f3n del procedimiento depende de varios factores, incluida la complejidad del caso y si se est\u00e1n realizando procedimientos adicionales. En promedio, la cirug\u00eda puede durar de una a dos horas.<\/p><h3>3. \u00bfSe sentir\u00e1 natural el implante?<\/h3><p>Los implantes de ment\u00f3n est\u00e1n dise\u00f1ados para que se sientan como una parte natural de su ment\u00f3n una vez que est\u00e9n completamente curados. El material del implante se elige cuidadosamente para imitar la textura natural y la densidad del hueso del ment\u00f3n, lo que garantiza una apariencia y sensaci\u00f3n realistas.<\/p><h3>4. \u00bfExisten restricciones de edad para la cirug\u00eda de implante de ment\u00f3n?<\/h3><p>Los implantes de ment\u00f3n se pueden realizar en adultos de cualquier edad, siempre que gocen de buena salud general y tengan expectativas realistas. Es importante consultar con un cirujano pl\u00e1stico calificado para determinar si usted es un candidato adecuado para el procedimiento.<\/p><h3>5. \u00bfLos implantes de ment\u00f3n son reversibles?<\/h3><p>Si bien los implantes de ment\u00f3n est\u00e1n destinados a brindar resultados a largo plazo, se pueden quitar o reemplazar si se desea. Sin embargo, es esencial considerar cuidadosamente su decisi\u00f3n, ya que la extracci\u00f3n puede ocasionar la p\u00e9rdida de los beneficios est\u00e9ticos logrados mediante el procedimiento inicial.<\/p><h2>Conclusi\u00f3n<\/h2><p>Los implantes de ment\u00f3n ofrecen una forma segura y efectiva de mejorar la armon\u00eda facial y lograr un perfil m\u00e1s equilibrado. Al seleccionar cuidadosamente el tama\u00f1o y la forma de implante apropiados, un cirujano pl\u00e1stico calificado puede ayudarlo a lograr resultados de aspecto natural que complementen sus caracter\u00edsticas faciales \u00fanicas. Si est\u00e1 considerando un aumento de ment\u00f3n, le recomendamos programar una consulta con un cirujano pl\u00e1stico calificado para explorar sus opciones y embarcarse en un viaje transformador hacia una persona m\u00e1s segura de s\u00ed misma.<\/p><p>Visita el\u00a0<a href=\"https:\/\/www.instagram.com\/dr_mfo\/\" target=\"_blank\" rel=\"nofollow noopener\">Perfil de Instagram del Dr. MFO<\/a> para ejemplos de \u00e9xito <a href=\"https:\/\/www.dr-mfo.com\/es\/chin-implant-enhancing-profile\/\">implante de ment\u00f3n<\/a><\/p>\t\t\t\t\t\t\t\t<\/div>\n\t\t\t\t\t<\/div>\n\t\t<\/div>\n\t\t\t\t\t<\/div>\n\t\t<\/section>\n\t\t\t\t<\/div>","protected":false},"excerpt":{"rendered":"<p>Welcome to our comprehensive guide on chin implants, a popular cosmetic procedure that can enhance facial harmony and redefine your profile. Whether you&#8217;re looking to balance your facial features, improve your jawline, or achieve a more defined chin, this article will provide you with all the information you need to make an informed decision. Understanding [&hellip;]<\/p>\n","protected":false},"author":2,"featured_media":6438,"parent":0,"menu_order":0,"comment_status":"closed","ping_status":"closed","template":"","meta":{"_acf_changed":false,"footnotes":""},"class_list":["post-6435","page","type-page","status-publish","has-post-thumbnail","hentry"],"acf":[],"_links":{"self":[{"href":"https:\/\/www.dr-mfo.com\/es\/wp-json\/wp\/v2\/pages\/6435","targetHints":{"allow":["GET"]}}],"collection":[{"href":"https:\/\/www.dr-mfo.com\/es\/wp-json\/wp\/v2\/pages"}],"about":[{"href":"https:\/\/www.dr-mfo.com\/es\/wp-json\/wp\/v2\/types\/page"}],"author":[{"embeddable":true,"href":"https:\/\/www.dr-mfo.com\/es\/wp-json\/wp\/v2\/users\/2"}],"replies":[{"embeddable":true,"href":"https:\/\/www.dr-mfo.com\/es\/wp-json\/wp\/v2\/comments?post=6435"}],"version-history":[{"count":0,"href":"https:\/\/www.dr-mfo.com\/es\/wp-json\/wp\/v2\/pages\/6435\/revisions"}],"wp:featuredmedia":[{"embeddable":true,"href":"https:\/\/www.dr-mfo.com\/es\/wp-json\/wp\/v2\/media\/6438"}],"wp:attachment":[{"href":"https:\/\/www.dr-mfo.com\/es\/wp-json\/wp\/v2\/media?parent=6435"}],"curies":[{"name":"Gracias","href":"https:\/\/api.w.org\/{rel}","templated":true}]}}