{"id":814,"date":"2021-05-28T18:34:11","date_gmt":"2021-05-28T17:34:11","guid":{"rendered":"https:\/\/www.dr-mfo.com\/?page_id=814"},"modified":"2026-02-22T11:31:36","modified_gmt":"2026-02-22T11:31:36","slug":"estetica-de-piernas","status":"publish","type":"page","link":"https:\/\/www.dr-mfo.com\/es\/leg-aesthetics\/","title":{"rendered":"Est\u00e9tica de piernas"},"content":{"rendered":"<div data-elementor-type=\"wp-page\" data-elementor-id=\"814\" class=\"elementor elementor-814\">\n\t\t\t\t\t\t<section class=\"elementor-section elementor-top-section elementor-element elementor-element-1a7480c elementor-section-boxed elementor-section-height-default elementor-section-height-default\" data-id=\"1a7480c\" data-element_type=\"section\" data-e-type=\"section\">\n\t\t\t\t\t\t<div class=\"elementor-container elementor-column-gap-default\">\n\t\t\t\t\t<div class=\"elementor-column elementor-col-100 elementor-top-column elementor-element elementor-element-a5f800f\" data-id=\"a5f800f\" data-element_type=\"column\" data-e-type=\"column\">\n\t\t\t<div class=\"elementor-widget-wrap elementor-element-populated\">\n\t\t\t\t\t\t<div class=\"elementor-element elementor-element-a325b54 elementor-widget-divider--view-line elementor-widget elementor-widget-divider\" data-id=\"a325b54\" data-element_type=\"widget\" data-e-type=\"widget\" data-widget_type=\"divider.default\">\n\t\t\t\t\t\t\t<div class=\"elementor-divider\">\n\t\t\t<span class=\"elementor-divider-separator\">\n\t\t\t\t\t\t<\/span>\n\t\t<\/div>\n\t\t\t\t\t\t<\/div>\n\t\t\t\t<div class=\"elementor-element elementor-element-e2f9340 elementor-widget-divider--view-line elementor-widget elementor-widget-divider\" data-id=\"e2f9340\" data-element_type=\"widget\" data-e-type=\"widget\" data-widget_type=\"divider.default\">\n\t\t\t\t\t\t\t<div class=\"elementor-divider\">\n\t\t\t<span class=\"elementor-divider-separator\">\n\t\t\t\t\t\t<\/span>\n\t\t<\/div>\n\t\t\t\t\t\t<\/div>\n\t\t\t\t<div class=\"elementor-element elementor-element-87068d1 elementor-widget-divider--view-line elementor-widget elementor-widget-divider\" data-id=\"87068d1\" data-element_type=\"widget\" data-e-type=\"widget\" data-widget_type=\"divider.default\">\n\t\t\t\t\t\t\t<div class=\"elementor-divider\">\n\t\t\t<span class=\"elementor-divider-separator\">\n\t\t\t\t\t\t<\/span>\n\t\t<\/div>\n\t\t\t\t\t\t<\/div>\n\t\t\t\t<div class=\"elementor-element elementor-element-e57b97f elementor-widget-divider--view-line elementor-widget elementor-widget-divider\" data-id=\"e57b97f\" data-element_type=\"widget\" data-e-type=\"widget\" data-widget_type=\"divider.default\">\n\t\t\t\t\t\t\t<div class=\"elementor-divider\">\n\t\t\t<span class=\"elementor-divider-separator\">\n\t\t\t\t\t\t<\/span>\n\t\t<\/div>\n\t\t\t\t\t\t<\/div>\n\t\t\t\t<div class=\"elementor-element elementor-element-77d5870 elementor-widget elementor-widget-image\" data-id=\"77d5870\" data-element_type=\"widget\" data-e-type=\"widget\" data-widget_type=\"image.default\">\n\t\t\t\t\t\t\t\t\t\t\t\t\t\t\t<img fetchpriority=\"high\" decoding=\"async\" width=\"768\" height=\"432\" src=\"https:\/\/www.dr-mfo.com\/wp-content\/uploads\/2022\/03\/Bacak-Estetig\u0306i-768x432.jpg\" class=\"attachment-medium_large size-medium_large wp-image-1917\" alt=\"Est\u00e9tica de piernas\" srcset=\"https:\/\/www.dr-mfo.com\/wp-content\/uploads\/2022\/03\/Bacak-Estetig\u0306i-768x432.jpg 768w, https:\/\/www.dr-mfo.com\/wp-content\/uploads\/2022\/03\/Bacak-Estetig\u0306i-300x169.jpg 300w, https:\/\/www.dr-mfo.com\/wp-content\/uploads\/2022\/03\/Bacak-Estetig\u0306i-1024x576.jpg 1024w, https:\/\/www.dr-mfo.com\/wp-content\/uploads\/2022\/03\/Bacak-Estetig\u0306i-1536x864.jpg 1536w, https:\/\/www.dr-mfo.com\/wp-content\/uploads\/2022\/03\/Bacak-Estetig\u0306i.jpg 1920w\" sizes=\"(max-width: 768px) 100vw, 768px\" \/>\t\t\t\t\t\t\t\t\t\t\t\t\t\t\t<\/div>\n\t\t\t\t<div class=\"elementor-element elementor-element-08b3033 elementor-widget-divider--view-line elementor-widget elementor-widget-divider\" data-id=\"08b3033\" data-element_type=\"widget\" data-e-type=\"widget\" data-widget_type=\"divider.default\">\n\t\t\t\t\t\t\t<div class=\"elementor-divider\">\n\t\t\t<span class=\"elementor-divider-separator\">\n\t\t\t\t\t\t<\/span>\n\t\t<\/div>\n\t\t\t\t\t\t<\/div>\n\t\t\t\t<div class=\"elementor-element elementor-element-d494b4b elementor-widget elementor-widget-heading\" data-id=\"d494b4b\" data-element_type=\"widget\" data-e-type=\"widget\" data-widget_type=\"heading.default\">\n\t\t\t\t\t<h2 class=\"elementor-heading-title elementor-size-xl\">Est\u00e9tica de piernas<\/h2>\t\t\t\t<\/div>\n\t\t\t\t<div class=\"elementor-element elementor-element-8a72a6e elementor-widget elementor-widget-text-editor\" data-id=\"8a72a6e\" data-element_type=\"widget\" data-e-type=\"widget\" data-widget_type=\"text-editor.default\">\n\t\t\t\t\t\t\t\t\t<p><span style=\"color: #000000;\">Est\u00e9tica de piernas es el nombre general de un grupo quir\u00fargico que tiene como objetivo eliminar todas las deformidades de las regiones de la pantorrilla, la cadera, la rodilla y el muslo a partir del tobillo. Gracias a estas cirug\u00edas se pueden eliminar las deformidades en las piernas.\u00a0<\/span><\/p><p><span style=\"color: #000000;\">Se puede eliminar la grasa de los tobillos, piernas, pantorrillas, caderas, rodillas y parte superior de las piernas. Se puede eliminar el exceso de piel causado por la p\u00e9rdida de peso y el envejecimiento. Se pueden crear l\u00edneas corporales ideales femeninas o masculinas de acuerdo con la estructura corporal y las expectativas de la persona.<\/span><\/p>\t\t\t\t\t\t\t\t<\/div>\n\t\t\t\t<div class=\"elementor-element elementor-element-05c461f elementor-widget elementor-widget-heading\" data-id=\"05c461f\" data-element_type=\"widget\" data-e-type=\"widget\" data-widget_type=\"heading.default\">\n\t\t\t\t\t<h2 class=\"elementor-heading-title elementor-size-large\">\u00bfA qui\u00e9n se aplica?<\/h2>\t\t\t\t<\/div>\n\t\t\t\t<div class=\"elementor-element elementor-element-f3bc4f2 elementor-widget elementor-widget-text-editor\" data-id=\"f3bc4f2\" data-element_type=\"widget\" data-e-type=\"widget\" data-widget_type=\"text-editor.default\">\n\t\t\t\t\t\t\t\t\t<ul><li><span style=\"color: #000000;\">Personas que tienen problemas de lipodistrofia o lipedema en los tobillos, piernas, pantorrillas, caderas, rodillas y parte superior de las piernas.<\/span><\/li><li><span style=\"color: #000000;\">Aquellos que se quejan de falta de volumen, delgadez o colapso en una o m\u00e1s \u00e1reas de la pierna y la parte superior de la pierna.<\/span><\/li><li><span style=\"color: #000000;\">Personas con deformidades en las piernas en X, en O y en arco<\/span><\/li><li><span style=\"color: #000000;\">Pacientes con aglomeraci\u00f3n y exceso de piel por p\u00e9rdida de peso o envejecimiento<\/span><\/li><li><span style=\"color: #000000;\">Aquellos que buscan l\u00edneas femeninas o masculinas ideales debajo de la cintura.<\/span><\/li><li><span style=\"color: #000000;\">Pacientes con lipedema<\/span><\/li><\/ul>\t\t\t\t\t\t\t\t<\/div>\n\t\t\t\t<div class=\"elementor-element elementor-element-6f60704 elementor-widget elementor-widget-heading\" data-id=\"6f60704\" data-element_type=\"widget\" data-e-type=\"widget\" data-widget_type=\"heading.default\">\n\t\t\t\t\t<h2 class=\"elementor-heading-title elementor-size-large\">Antes de la cirug\u00eda<\/h2>\t\t\t\t<\/div>\n\t\t\t\t<div class=\"elementor-element elementor-element-1454cb2 elementor-widget elementor-widget-text-editor\" data-id=\"1454cb2\" data-element_type=\"widget\" data-e-type=\"widget\" data-widget_type=\"text-editor.default\">\n\t\t\t\t\t\t\t\t\t<p><span style=\"color: #000000;\">Para mantener el resultado durante mucho tiempo, debe tener cuidado de estar en el peso ideal. Como en todas las cirug\u00edas, es necesario evitar la exposici\u00f3n y el uso de todos los productos de tabaco activos y pasivos, especialmente los cigarrillos, por lo menos dos idealmente cuatro semanas antes de las cirug\u00edas est\u00e9ticas de piernas.<\/span><\/p><p><span style=\"color: #000000;\">Es muy importante que informe al equipo de salud, especialmente a su m\u00e9dico, sobre los medicamentos y suplementos alimenticios que utiliza regularmente, las enfermedades conocidas, las cirug\u00edas previas y las quejas persistentes, ya que esto puede prevenir muchos riesgos relacionados con la operaci\u00f3n. En particular, es posible que sea necesario suspender o reorganizar los anticoagulantes y los alimentos antes de la cirug\u00eda.<\/span><\/p>\t\t\t\t\t\t\t\t<\/div>\n\t\t\t\t<div class=\"elementor-element elementor-element-dfcda6f elementor-widget elementor-widget-heading\" data-id=\"dfcda6f\" data-element_type=\"widget\" data-e-type=\"widget\" data-widget_type=\"heading.default\">\n\t\t\t\t\t<h2 class=\"elementor-heading-title elementor-size-large\">Acerca de la cirug\u00eda<\/h2>\t\t\t\t<\/div>\n\t\t\t\t<div class=\"elementor-element elementor-element-737c314 elementor-widget elementor-widget-text-editor\" data-id=\"737c314\" data-element_type=\"widget\" data-e-type=\"widget\" data-widget_type=\"text-editor.default\">\n\t\t\t\t\t\t\t\t\t<p><span style=\"color: #000000;\">Estas cirug\u00edas se realizan en su mayor\u00eda bajo anestesia general. Las inyecciones de grasa se pueden hacer usando grasa extra\u00edda de otras partes del cuerpo en casos de delgadez, deformidad y apariencia de piernas arqueadas en el \u00e1rea de la pantorrilla. Con el mismo prop\u00f3sito, tambi\u00e9n se pueden colocar pr\u00f3tesis especiales de silicona preparadas para la pierna con la ayuda de cortas incisiones hechas debajo de la rodilla.<\/span><\/p><p><span style=\"color: #000000;\">se puede moldear para la lipodistrofia irregular y regional alrededor de los muslos y las rodillas. La cirug\u00eda de levantamiento de muslos se puede realizar para la flacidez de la piel en el muslo. Sin embargo, se debe saber que en esta cirug\u00eda quedar\u00e1n cicatrices permanentes en el \u00e1rea de la ingle o comenzando desde la ingle y extendi\u00e9ndose hasta el \u00e1rea interna de la pierna. Aunque estas cicatrices suelen empezar a desvanecerse a partir del tercer mes, nunca se borran por completo.<\/span><\/p>\t\t\t\t\t\t\t\t<\/div>\n\t\t\t\t<div class=\"elementor-element elementor-element-dc578f8 elementor-widget elementor-widget-heading\" data-id=\"dc578f8\" data-element_type=\"widget\" data-e-type=\"widget\" data-widget_type=\"heading.default\">\n\t\t\t\t\t<h2 class=\"elementor-heading-title elementor-size-large\">Despu\u00e9s de cirug\u00eda<\/h2>\t\t\t\t<\/div>\n\t\t\t\t<div class=\"elementor-element elementor-element-f04f99d elementor-widget elementor-widget-text-editor\" data-id=\"f04f99d\" data-element_type=\"widget\" data-e-type=\"widget\" data-widget_type=\"text-editor.default\">\n\t\t\t\t\t\t\t\t\t<p><span style=\"color: #000000;\">Una noche de hospitalizaci\u00f3n despu\u00e9s de la operaci\u00f3n es suficiente y en ocasiones los pacientes pueden ser dados de alta el mismo d\u00eda. Si se ha aplicado liposucci\u00f3n, se utilizan cors\u00e9s que sostienen estas \u00e1reas. Se recomienda utilizar estos cors\u00e9s durante una media de 2 a 4 semanas. Como en toda cirug\u00eda, se producen hematomas, hinchaz\u00f3n y edema en diversos grados. Estos hematomas e hinchazones empiezan a desaparecer al cabo de una semana.<\/span><\/p>\t\t\t\t\t\t\t\t<\/div>\n\t\t\t\t\t<\/div>\n\t\t<\/div>\n\t\t\t\t\t<\/div>\n\t\t<\/section>\n\t\t\t\t<\/div>","protected":false},"excerpt":{"rendered":"<p>Leg Aesthetics Leg aesthetics is the general name of a surgical group that aims to remove all deformities of the calf, hip, knee circumference, and thigh regions starting from the ankle. Thanks to these surgeries, deformities in the legs can be eliminated.\u00a0 The fat in the ankles, legs, calves, hips, knees and upper legs can [&hellip;]<\/p>\n","protected":false},"author":2,"featured_media":0,"parent":0,"menu_order":0,"comment_status":"closed","ping_status":"closed","template":"","meta":{"_acf_changed":false,"footnotes":""},"class_list":["post-814","page","type-page","status-publish","hentry"],"acf":[],"_links":{"self":[{"href":"https:\/\/www.dr-mfo.com\/es\/wp-json\/wp\/v2\/pages\/814","targetHints":{"allow":["GET"]}}],"collection":[{"href":"https:\/\/www.dr-mfo.com\/es\/wp-json\/wp\/v2\/pages"}],"about":[{"href":"https:\/\/www.dr-mfo.com\/es\/wp-json\/wp\/v2\/types\/page"}],"author":[{"embeddable":true,"href":"https:\/\/www.dr-mfo.com\/es\/wp-json\/wp\/v2\/users\/2"}],"replies":[{"embeddable":true,"href":"https:\/\/www.dr-mfo.com\/es\/wp-json\/wp\/v2\/comments?post=814"}],"version-history":[{"count":0,"href":"https:\/\/www.dr-mfo.com\/es\/wp-json\/wp\/v2\/pages\/814\/revisions"}],"wp:attachment":[{"href":"https:\/\/www.dr-mfo.com\/es\/wp-json\/wp\/v2\/media?parent=814"}],"curies":[{"name":"Gracias","href":"https:\/\/api.w.org\/{rel}","templated":true}]}}