{"id":825,"date":"2021-05-28T18:29:23","date_gmt":"2021-05-28T17:29:23","guid":{"rendered":"https:\/\/www.dr-mfo.com\/?page_id=825"},"modified":"2026-04-25T12:25:38","modified_gmt":"2026-04-25T11:25:38","slug":"culo-brasileno-bbl","status":"publish","type":"page","link":"https:\/\/www.dr-mfo.com\/es\/brazilian-butt-bbl\/","title":{"rendered":"BBL - trasero brasile\u00f1o"},"content":{"rendered":"<div data-elementor-type=\"wp-page\" data-elementor-id=\"825\" class=\"elementor elementor-825\">\n\t\t\t\t\t\t<section class=\"elementor-section elementor-top-section elementor-element elementor-element-b4521fd elementor-section-boxed elementor-section-height-default elementor-section-height-default\" data-id=\"b4521fd\" data-element_type=\"section\" data-e-type=\"section\">\n\t\t\t\t\t\t<div class=\"elementor-container elementor-column-gap-default\">\n\t\t\t\t\t<div class=\"elementor-column elementor-col-100 elementor-top-column elementor-element elementor-element-90fee95\" data-id=\"90fee95\" data-element_type=\"column\" data-e-type=\"column\">\n\t\t\t<div class=\"elementor-widget-wrap elementor-element-populated\">\n\t\t\t\t\t\t<div class=\"elementor-element elementor-element-c84b51f elementor-widget-divider--view-line elementor-widget elementor-widget-divider\" data-id=\"c84b51f\" data-element_type=\"widget\" data-e-type=\"widget\" data-widget_type=\"divider.default\">\n\t\t\t\t\t\t\t<div class=\"elementor-divider\">\n\t\t\t<span class=\"elementor-divider-separator\">\n\t\t\t\t\t\t<\/span>\n\t\t<\/div>\n\t\t\t\t\t\t<\/div>\n\t\t\t\t<div class=\"elementor-element elementor-element-fd2c6dc elementor-widget elementor-widget-image\" data-id=\"fd2c6dc\" data-element_type=\"widget\" data-e-type=\"widget\" data-widget_type=\"image.default\">\n\t\t\t\t\t\t\t\t\t\t\t\t\t\t\t<img decoding=\"async\" src=\"https:\/\/www.dr-mfo.com\/wp-content\/uploads\/elementor\/thumbs\/brezilya-poposu-scaled-qd1lufc8amdgo8bcvisdpp9u2siitv61inyu76byna.jpg\" title=\"trasero brasile\u00f1o\" alt=\"est\u00e9tica de gl\u00fateos\" loading=\"lazy\" \/>\t\t\t\t\t\t\t\t\t\t\t\t\t\t\t<\/div>\n\t\t\t\t<div class=\"elementor-element elementor-element-cf3c7df elementor-widget-divider--view-line elementor-widget elementor-widget-divider\" data-id=\"cf3c7df\" data-element_type=\"widget\" data-e-type=\"widget\" data-widget_type=\"divider.default\">\n\t\t\t\t\t\t\t<div class=\"elementor-divider\">\n\t\t\t<span class=\"elementor-divider-separator\">\n\t\t\t\t\t\t<\/span>\n\t\t<\/div>\n\t\t\t\t\t\t<\/div>\n\t\t\t\t<div class=\"elementor-element elementor-element-44addce elementor-widget elementor-widget-heading\" data-id=\"44addce\" data-element_type=\"widget\" data-e-type=\"widget\" data-widget_type=\"heading.default\">\n\t\t\t\t\t<h2 class=\"elementor-heading-title elementor-size-xl\">Trasero Brasile\u00f1o (BBL)<\/h2>\t\t\t\t<\/div>\n\t\t\t\t<div class=\"elementor-element elementor-element-531d142 elementor-widget elementor-widget-text-editor\" data-id=\"531d142\" data-element_type=\"widget\" data-e-type=\"widget\" data-widget_type=\"text-editor.default\">\n\t\t\t\t\t\t\t\t\t<p><span style=\"color: #000000;\">BBL (Brazilian Butt) se realiza principalmente bajo anestesia general. El tiempo de operaci\u00f3n es de aproximadamente 2-3 horas.<\/span><\/p><p><span style=\"color: #000000;\">se realiza para dar forma a la zona de los gl\u00fateos. Se elimina el exceso de grasa en los gl\u00fateos, alrededor de la cintura y debajo de los gl\u00fateos y se aclaran las l\u00edneas de los gl\u00fateos. Estas grasas, que se toman seg\u00fan el grado de plenitud que se desee obtener, pueden utilizarse para dar volumen a los gl\u00fateos, si es necesario, junto con grasas extra\u00eddas de otras partes del cuerpo.<\/span><\/p><p><span style=\"color: #000000;\">Las herramientas de aumento de gl\u00fateos tambi\u00e9n podr\u00edan usarse para agregar volumen, especialmente en algunos casos donde el tejido adiposo es insuficiente.<\/span><\/p>\t\t\t\t\t\t\t\t<\/div>\n\t\t\t\t<div class=\"elementor-element elementor-element-0d99fc7 elementor-widget elementor-widget-heading\" data-id=\"0d99fc7\" data-element_type=\"widget\" data-e-type=\"widget\" data-widget_type=\"heading.default\">\n\t\t\t\t\t<h2 class=\"elementor-heading-title elementor-size-large\">\u00bfQui\u00e9n es un candidato adecuado para BBL?<\/h2>\t\t\t\t<\/div>\n\t\t\t\t<div class=\"elementor-element elementor-element-c4f839d elementor-widget elementor-widget-text-editor\" data-id=\"c4f839d\" data-element_type=\"widget\" data-e-type=\"widget\" data-widget_type=\"text-editor.default\">\n\t\t\t\t\t\t\t\t\t<ul><li><span style=\"color: #000000;\">Cualquiera que no est\u00e9 satisfecho con la forma del trasero es un candidato para la est\u00e9tica del trasero.<\/span><\/li><li><span style=\"color: #000000;\">Generalmente se aplica a personas que tienen una estructura de gl\u00fateos ca\u00eddos, planos y anchos.<\/span><\/li><\/ul>\t\t\t\t\t\t\t\t<\/div>\n\t\t\t\t<div class=\"elementor-element elementor-element-bad474d elementor-widget elementor-widget-heading\" data-id=\"bad474d\" data-element_type=\"widget\" data-e-type=\"widget\" data-widget_type=\"heading.default\">\n\t\t\t\t\t<h2 class=\"elementor-heading-title elementor-size-large\">Antes de la cirug\u00eda<\/h2>\t\t\t\t<\/div>\n\t\t\t\t<div class=\"elementor-element elementor-element-dddad86 elementor-widget elementor-widget-text-editor\" data-id=\"dddad86\" data-element_type=\"widget\" data-e-type=\"widget\" data-widget_type=\"text-editor.default\">\n\t\t\t\t\t\t\t\t\t<p><span style=\"color: #000000;\">Como en todas las operaciones quir\u00fargicas, el consumo de tabaco y productos del tabaco, especialmente cigarrillos, que perjudican la cicatrizaci\u00f3n de los tejidos y aumentan el riesgo de infecci\u00f3n al reducir el nivel de ox\u00edgeno en el cuerpo, debe suspenderse antes de la <a href=\"https:\/\/www.dr-mfo.com\/es\/forehead-reduction-hairline-advancement\/\">reducci\u00f3n de la frente<\/a> cirug\u00eda. Este per\u00edodo cubre de 2 a 4 semanas antes de la cirug\u00eda.<\/span><\/p><p><span style=\"color: #000000;\">Los anticoagulantes, as\u00ed como las vitaminas y los medicamentos a base de hierbas, no deben usarse dentro de los 7 a 10 d\u00edas antes de la operaci\u00f3n. Si tiene enfermedades adicionales conocidas y medicamentos que usa regularmente, debe compartirlos con su <a href=\"https:\/\/www.dr-mfo.com\/es\/\">cirujano<\/a>. Asimismo, deber\u00e1 prestar atenci\u00f3n a la nutrici\u00f3n recomendada por su m\u00e9dico. Si se toman estas precauciones en el per\u00edodo preoperatorio, se espera un resultado est\u00e9tico a tope exitoso.<\/span><\/p><p><span style=\"color: #000000;\">Si no tiene un problema de salud especial, se puede decidir si es apto para la operaci\u00f3n con el an\u00e1lisis realizado el d\u00eda de la operaci\u00f3n. Una vez cumplidos todos estos criterios, se aplica con \u00e9xito la operaci\u00f3n favorita de quienes prestan atenci\u00f3n a su apariencia f\u00edsica y quieren sentirse bien tanto social como espiritualmente.<\/span><\/p>\t\t\t\t\t\t\t\t<\/div>\n\t\t\t\t<div class=\"elementor-element elementor-element-811c343 elementor-widget elementor-widget-heading\" data-id=\"811c343\" data-element_type=\"widget\" data-e-type=\"widget\" data-widget_type=\"heading.default\">\n\t\t\t\t\t<h2 class=\"elementor-heading-title elementor-size-large\">Planificaci\u00f3n quir\u00fargica<\/h2>\t\t\t\t<\/div>\n\t\t\t\t<div class=\"elementor-element elementor-element-53b7668 elementor-widget elementor-widget-text-editor\" data-id=\"53b7668\" data-element_type=\"widget\" data-e-type=\"widget\" data-widget_type=\"text-editor.default\">\n\t\t\t\t\t\t\t\t\t<p><span style=\"color: #000000;\">El proceso de cirug\u00eda de gl\u00fateos brasile\u00f1os o BBL comienza con el dibujo realizado durante la consulta con el m\u00e9dico. Antes de la cirug\u00eda, se realiza un dibujo para la planificaci\u00f3n quir\u00fargica y se determinan las \u00e1reas donde se eliminar\u00e1 el tejido graso que se utilizar\u00e1 para BBL, y se determinan las \u00e1reas de liposucci\u00f3n alrededor de la cintura y los gl\u00fateos que crear\u00e1n una figura de gl\u00fateos con forma. Para proporcionar el volumen y la forma deseados para la est\u00e9tica de los gl\u00fateos, se marcan las \u00e1reas donde se colocar\u00e1 el tejido graso.<\/span><\/p><p><span style=\"color: #000000;\">Con una planificaci\u00f3n quir\u00fargica detallada, una cirug\u00eda s\u00f3lida y una buena atenci\u00f3n posoperatoria, es posible lograr grandes cambios en cuesti\u00f3n de semanas.<\/span><\/p><p><span style=\"color: #000000;\">La cirug\u00eda pl\u00e1stica de gl\u00fateos brasile\u00f1os o BBL, que es uno de los procedimientos de cirug\u00eda est\u00e9tica m\u00e1s populares de los \u00faltimos a\u00f1os, es una aplicaci\u00f3n con un alto \u00edndice de satisfacci\u00f3n. Puede ofrecer una soluci\u00f3n ideal para obtener curvas corporales ideales y crear un trasero brasile\u00f1o voluminoso y da resultados satisfactorios.<\/span><\/p>\t\t\t\t\t\t\t\t<\/div>\n\t\t\t\t<div class=\"elementor-element elementor-element-db44f90 elementor-widget elementor-widget-heading\" data-id=\"db44f90\" data-element_type=\"widget\" data-e-type=\"widget\" data-widget_type=\"heading.default\">\n\t\t\t\t\t<h2 class=\"elementor-heading-title elementor-size-large\">Aspectos a tener en cuenta el d\u00eda de la cirug\u00eda<\/h2>\t\t\t\t<\/div>\n\t\t\t\t<div class=\"elementor-element elementor-element-8937536 elementor-widget elementor-widget-text-editor\" data-id=\"8937536\" data-element_type=\"widget\" data-e-type=\"widget\" data-widget_type=\"text-editor.default\">\n\t\t\t\t\t\t\t\t\t<p><span style=\"color: #000000;\">Es importante llevar ropa c\u00f3moda para el postoperatorio. Tambi\u00e9n se recomienda tomar una ducha tibia con un jab\u00f3n antibacterial el d\u00eda anterior a la operaci\u00f3n.<\/span><\/p><p style=\"margin-top: 0cm; text-align: justify; background-image: initial; background-position: initial; background-size: initial; background-repeat: initial; background-attachment: initial; background-origin: initial; background-clip: initial;\"><span style=\"color: #000000;\">Si tiene suplementos alimenticios, medicamentos a base de hierbas, infusiones, enfermedades adicionales conocidas o medicamentos que usa regularmente, debe compartirlos con su cirujano y su equipo. Si no tiene un problema de salud especial, se puede decidir si es apto para la operaci\u00f3n con el an\u00e1lisis realizado el d\u00eda de la operaci\u00f3n.<\/span><\/p>\t\t\t\t\t\t\t\t<\/div>\n\t\t\t\t<div class=\"elementor-element elementor-element-e9c5e17 elementor-widget elementor-widget-heading\" data-id=\"e9c5e17\" data-element_type=\"widget\" data-e-type=\"widget\" data-widget_type=\"heading.default\">\n\t\t\t\t\t<h2 class=\"elementor-heading-title elementor-size-large\">Postoperatorio<\/h2>\t\t\t\t<\/div>\n\t\t\t\t<div class=\"elementor-element elementor-element-bde40bb elementor-widget elementor-widget-text-editor\" data-id=\"bde40bb\" data-element_type=\"widget\" data-e-type=\"widget\" data-widget_type=\"text-editor.default\">\n\t\t\t\t\t\t\t\t\t<p><span style=\"color: #000000;\">Los pacientes suelen pasar la noche en el hospital y son dados de alta al d\u00eda siguiente. Los cors\u00e9s de gl\u00fateos se pueden usar tanto para aliviar parcialmente el dolor despu\u00e9s de la liposucci\u00f3n en otras partes del cuerpo como para sostener los gl\u00fateos.<\/span><\/p>\n<p><span style=\"color: #000000;\">Puede comenzar a hacer su trabajo diario unos d\u00edas despu\u00e9s de la cirug\u00eda. El segundo d\u00eda, puede tomar una ducha, incluida la zona de operaci\u00f3n. Despu\u00e9s de aproximadamente una semana, puede volver al trabajo de oficina gracias a la almohada BBL.<\/span><\/p>\n<p><span style=\"color: #000000;\">Un control detallado por parte de su cirujano, normalmente al tercer d\u00eda despu\u00e9s de la operaci\u00f3n, tambi\u00e9n le informar\u00e1 sobre los resultados.<\/span><\/p>\n<p><span style=\"color: #000000;\">Los cors\u00e9s generalmente se usan durante 3 a 6 semanas despu\u00e9s de la cirug\u00eda. Al igual que con todas las inyecciones de grasa, se debe tener en cuenta que la mitad de la grasa inyectada permanecer\u00e1 en las inyecciones de grasa en los gl\u00fateos. No levantar pesas despu\u00e9s de una operaci\u00f3n exitosa y no hacer movimientos r\u00e1pidos en el per\u00edodo inicial tambi\u00e9n contribuyen muy positivamente al proceso de curaci\u00f3n. Se deben evitar las actividades pesadas durante las primeras 4 a 6 semanas despu\u00e9s de la operaci\u00f3n.<\/span><\/p>\n<p><span style=\"color: #000000;\">Al final de la primera semana se pueden realizar actividades deportivas como caminar a paso ligero. A partir de la tercera semana, podr\u00e1 volver plenamente a su vida deportiva.<\/span><\/p>\t\t\t\t\t\t\t\t<\/div>\n\t\t\t\t<div class=\"elementor-element elementor-element-3efc56d elementor-widget elementor-widget-image\" data-id=\"3efc56d\" data-element_type=\"widget\" data-e-type=\"widget\" data-widget_type=\"image.default\">\n\t\t\t\t\t\t\t\t\t\t\t\t\t\t\t<img fetchpriority=\"high\" decoding=\"async\" width=\"300\" height=\"200\" src=\"https:\/\/www.dr-mfo.com\/wp-content\/uploads\/2022\/04\/bbl-2-300x200.jpg\" class=\"attachment-medium size-medium wp-image-2440\" alt=\"barril\" srcset=\"https:\/\/www.dr-mfo.com\/wp-content\/uploads\/2022\/04\/bbl-2-300x200.jpg.avif 300w, https:\/\/www.dr-mfo.com\/wp-content\/uploads\/2022\/04\/bbl-2-768x512.jpg.avif 768w, https:\/\/www.dr-mfo.com\/wp-content\/uploads\/2022\/04\/bbl-2.jpg.avif 900w\" sizes=\"(max-width: 300px) 100vw, 300px\" \/>\t\t\t\t\t\t\t\t\t\t\t\t\t\t\t<\/div>\n\t\t\t\t\t<\/div>\n\t\t<\/div>\n\t\t\t\t\t<\/div>\n\t\t<\/section>\n\t\t\t\t<\/div>","protected":false},"excerpt":{"rendered":"<p>Brazilian Butt (BBL) BBL (Brazilian Butt) is mostly performed under general anesthesia. The operation time is about 2-3 hours. First of all, liposuction is performed to shape the butt area. Excess fat on the butt, around the waist, and under the buttocks is removed and the butt lines are clarified. These fats, which are taken [&hellip;]<\/p>\n","protected":false},"author":2,"featured_media":0,"parent":0,"menu_order":0,"comment_status":"closed","ping_status":"closed","template":"","meta":{"_acf_changed":false,"footnotes":""},"class_list":["post-825","page","type-page","status-publish","hentry"],"acf":[],"_links":{"self":[{"href":"https:\/\/www.dr-mfo.com\/es\/wp-json\/wp\/v2\/pages\/825","targetHints":{"allow":["GET"]}}],"collection":[{"href":"https:\/\/www.dr-mfo.com\/es\/wp-json\/wp\/v2\/pages"}],"about":[{"href":"https:\/\/www.dr-mfo.com\/es\/wp-json\/wp\/v2\/types\/page"}],"author":[{"embeddable":true,"href":"https:\/\/www.dr-mfo.com\/es\/wp-json\/wp\/v2\/users\/2"}],"replies":[{"embeddable":true,"href":"https:\/\/www.dr-mfo.com\/es\/wp-json\/wp\/v2\/comments?post=825"}],"version-history":[{"count":8,"href":"https:\/\/www.dr-mfo.com\/es\/wp-json\/wp\/v2\/pages\/825\/revisions"}],"predecessor-version":[{"id":27718,"href":"https:\/\/www.dr-mfo.com\/es\/wp-json\/wp\/v2\/pages\/825\/revisions\/27718"}],"wp:attachment":[{"href":"https:\/\/www.dr-mfo.com\/es\/wp-json\/wp\/v2\/media?parent=825"}],"curies":[{"name":"Gracias","href":"https:\/\/api.w.org\/{rel}","templated":true}]}}