{"id":11479,"date":"2025-02-18T20:55:59","date_gmt":"2025-02-18T20:55:59","guid":{"rendered":"https:\/\/www.dr-mfo.com\/?page_id=11479"},"modified":"2026-04-25T12:33:44","modified_gmt":"2026-04-25T11:33:44","slug":"chirurgie-de-genioplastie","status":"publish","type":"page","link":"https:\/\/www.dr-mfo.com\/fr\/genioplasty-surgery\/","title":{"rendered":"Chirurgie de g\u00e9nioplastie"},"content":{"rendered":"<div data-elementor-type=\"wp-page\" data-elementor-id=\"11479\" class=\"elementor elementor-11479\">\n\t\t\t\t\t\t<section class=\"elementor-section elementor-top-section elementor-element elementor-element-1287b03d elementor-section-boxed elementor-section-height-default elementor-section-height-default\" data-id=\"1287b03d\" data-element_type=\"section\" data-e-type=\"section\">\n\t\t\t\t\t\t<div class=\"elementor-container elementor-column-gap-default\">\n\t\t\t\t\t<div class=\"elementor-column elementor-col-100 elementor-top-column elementor-element elementor-element-36d3520c\" data-id=\"36d3520c\" data-element_type=\"column\" data-e-type=\"column\">\n\t\t\t<div class=\"elementor-widget-wrap elementor-element-populated\">\n\t\t\t\t\t\t<div class=\"elementor-element elementor-element-14cd5977 elementor-widget elementor-widget-text-editor\" data-id=\"14cd5977\" data-element_type=\"widget\" data-e-type=\"widget\" data-widget_type=\"text-editor.default\">\n\t\t\t\t\t\t\t\t\t\n<p>Chirurgie de g\u00e9nioplastie, \u00e9galement connue sous le nom de <a href=\"https:\/\/www.dr-mfo.com\/fr\/reduction-du-menton\/\" data-type=\"page\" data-id=\"6412\">menton <\/a>La chirurgie est une intervention chirurgicale sp\u00e9cialis\u00e9e destin\u00e9e \u00e0 remodeler ou \u00e0 repositionner le menton. Qu&#039;elle soit pratiqu\u00e9e \u00e0 des fins esth\u00e9tiques ou pour corriger des anomalies structurelles, la g\u00e9nioplastie joue un r\u00f4le essentiel dans l&#039;harmonie et l&#039;\u00e9quilibre du visage. Dans cet article, nous explorerons les aspects m\u00e9dicaux et chirurgicaux de la g\u00e9nioplastie, ses avantages, son processus de r\u00e9cup\u00e9ration et pourquoi elle peut \u00eatre le bon choix pour vous.<\/p>\n\n<h2 class=\"wp-block-heading\"><strong>Comprendre la chirurgie de g\u00e9nioplastie : les bases<\/strong><\/h2>\n\n<p>La g\u00e9nioplastie est une intervention chirurgicale qui vise \u00e0 modifier la taille, la forme ou la projection du menton. Contrairement aux options non chirurgicales comme les produits de comblement dermique, la g\u00e9nioplastie fournit des r\u00e9sultats permanents en s&#039;attaquant \u00e0 la structure osseuse sous-jacente. Cette proc\u00e9dure est souvent recommand\u00e9e aux personnes qui pr\u00e9sentent :<\/p>\n\n<ul class=\"wp-block-list\">\n<li><strong>Menton fuyant :<\/strong> Un menton faible ou sous-d\u00e9velopp\u00e9 peut cr\u00e9er un d\u00e9s\u00e9quilibre dans les proportions du visage.<\/li>\n\n<li><strong>Menton pro\u00e9minent :<\/strong> Un menton trop pro\u00e9minent peut affecter la sym\u00e9trie du visage.<\/li>\n\n<li><strong>Asym\u00e9trie:<\/strong> In\u00e9galit\u00e9 du menton due \u00e0 des conditions cong\u00e9nitales ou \u00e0 un traumatisme.<\/li>\n\n<li><strong>Probl\u00e8mes fonctionnels\u00a0:<\/strong> Difficult\u00e9s respiratoires ou d\u00e9salignement de la m\u00e2choire caus\u00e9s par un mauvais positionnement du menton.<\/li>\n<\/ul>\n<div class=\"wp-block-image\">\n<figure class=\"aligncenter size-full\"><img fetchpriority=\"high\" decoding=\"async\" width=\"1920\" height=\"813\" class=\"wp-image-11481\" src=\"https:\/\/www.dr-mfo.com\/wp-content\/uploads\/2025\/02\/image.png\" alt=\"Chirurgie de g\u00e9nioplastie\" srcset=\"https:\/\/www.dr-mfo.com\/wp-content\/uploads\/2025\/02\/image.png 1920w, https:\/\/www.dr-mfo.com\/wp-content\/uploads\/2025\/02\/image-300x127.png 300w, https:\/\/www.dr-mfo.com\/wp-content\/uploads\/2025\/02\/image-1024x434.png 1024w, https:\/\/www.dr-mfo.com\/wp-content\/uploads\/2025\/02\/image-768x325.png 768w, https:\/\/www.dr-mfo.com\/wp-content\/uploads\/2025\/02\/image-1536x650.png 1536w, https:\/\/www.dr-mfo.com\/wp-content\/uploads\/2025\/02\/image-18x8.png 18w\" sizes=\"(max-width: 1920px) 100vw, 1920px\" \/><\/figure>\n<\/div>\n<h2 class=\"wp-block-heading\"><strong>Avantages m\u00e9dicaux de la g\u00e9nioplastie<\/strong> Chirurgie<\/h2>\n\n<p>D&#039;un point de vue m\u00e9dical, la g\u00e9nioplastie n&#039;est pas seulement une question d&#039;esth\u00e9tique ; elle peut am\u00e9liorer consid\u00e9rablement la qualit\u00e9 de vie. Voici quelques avantages cl\u00e9s :<\/p>\n\n<ol class=\"wp-block-list\">\n<li><strong>Fonctionnalit\u00e9 am\u00e9lior\u00e9e de la m\u00e2choire\u00a0:<\/strong> En corrigeant le mauvais alignement, la g\u00e9nioplastie peut att\u00e9nuer des probl\u00e8mes tels que les troubles de l\u2019articulation temporo-mandibulaire (ATM) et les difficult\u00e9s de mastication.<\/li>\n\n<li><strong>Respiration am\u00e9lior\u00e9e\u00a0:<\/strong> Les corrections structurelles peuvent ouvrir les voies respiratoires, r\u00e9duire les sympt\u00f4mes de l\u2019apn\u00e9e du sommeil et am\u00e9liorer la sant\u00e9 respiratoire globale.<\/li>\n\n<li><strong>Chirurgie correctrice des traumatismes :<\/strong> Les patients souffrant de blessures au visage peuvent b\u00e9n\u00e9ficier d\u2019une g\u00e9nioplastie pour restaurer leur apparence naturelle et leur fonctionnalit\u00e9.<\/li>\n\n<li><strong>Correction des maladies cong\u00e9nitales :<\/strong> Des affections telles que la microg\u00e9nie (petit menton) ou la macrog\u00e9nie (grand menton) peuvent \u00eatre trait\u00e9es efficacement gr\u00e2ce \u00e0 cette proc\u00e9dure.<\/li>\n<\/ol>\n\n<h2 class=\"wp-block-heading\"><strong>Techniques chirurgicales en g\u00e9nioplastie<\/strong> Chirurgie<\/h2>\n\n<p>Le succ\u00e8s d&#039;une g\u00e9nioplastie d\u00e9pend en grande partie de l&#039;approche chirurgicale adapt\u00e9e aux besoins sp\u00e9cifiques de chaque patient. Voici les techniques les plus couramment utilis\u00e9es par les chirurgiens exp\u00e9riment\u00e9s\u00a0:<\/p>\n\n<h4 class=\"wp-block-heading\">1. <strong>G\u00e9nioplastie coulissante<\/strong><\/h4>\n\n<ul class=\"wp-block-list\">\n<li>Il s\u2019agit de la technique la plus largement pratiqu\u00e9e o\u00f9 le <a href=\"https:\/\/www.dr-mfo.com\/fr\/\">chirurgien<\/a> Il pratique une incision \u00e0 l&#039;int\u00e9rieur de la bouche pour acc\u00e9der \u00e0 l&#039;os du menton. L&#039;os est ensuite coup\u00e9 et repositionn\u00e9 vers l&#039;avant, vers l&#039;arri\u00e8re, vers le haut ou vers le bas, selon le r\u00e9sultat souhait\u00e9.<\/li>\n\n<li><strong>Avantages :<\/strong> Cicatrices minimales, ajustements pr\u00e9cis et r\u00e9sultats durables.<\/li>\n<\/ul>\n\n<h4 class=\"wp-block-heading\">2. <strong>Pose d&#039;implants au menton<\/strong><\/h4>\n\n<ul class=\"wp-block-list\">\n<li>Pour les patients recherchant une augmentation sans manipulation osseuse importante, des implants en silicone ou biocompatibles peuvent \u00eatre ins\u00e9r\u00e9s pour am\u00e9liorer la projection du menton.<\/li>\n\n<li><strong>Avantages :<\/strong> Dur\u00e9e de l\u2019intervention plus courte et r\u00e9cup\u00e9ration plus rapide par rapport \u00e0 la g\u00e9nioplastie coulissante.<\/li>\n<\/ul>\n\n<h4 class=\"wp-block-heading\">3. <strong>G\u00e9nioplastie de r\u00e9duction<\/strong><\/h4>\n\n<ul class=\"wp-block-list\">\n<li>Dans les cas de menton trop large ou pro\u00e9minent, l\u2019exc\u00e8s d\u2019os est soigneusement retir\u00e9 pour obtenir un profil plus \u00e9quilibr\u00e9.<\/li>\n\n<li><strong>Avantages :<\/strong> Restaure l&#039;harmonie du visage et am\u00e9liore la confiance en soi.<\/li>\n<\/ul>\n\n<h4 class=\"wp-block-heading\">4. <strong>Proc\u00e9dures combin\u00e9es<\/strong><\/h4>\n\n<ul class=\"wp-block-list\">\n<li>La g\u00e9nioplastie est souvent associ\u00e9e \u00e0 d\u2019autres chirurgies du visage telles que <a href=\"https:\/\/www.dr-mfo.com\/fr\/nose-job-rhinoplasty\/\">rhinoplastie<\/a> (rhinoplastie) ou chirurgie orthognatique (r\u00e9alignement de la m\u00e2choire) pour obtenir un rajeunissement complet du visage.<\/li>\n<\/ul>\n\n<h2 class=\"wp-block-heading\"><strong>Qui est un bon candidat pour la g\u00e9nioplastie ?<\/strong><\/h2>\n\n<p>Tout le monde n\u2019est pas un candidat id\u00e9al pour une chirurgie du menton. Pour \u00eatre \u00e9ligible, les personnes doivent r\u00e9pondre aux crit\u00e8res suivants :<\/p>\n\n<ul class=\"wp-block-list\">\n<li>\u00catre en bonne sant\u00e9 g\u00e9n\u00e9rale et ne pas avoir de probl\u00e8mes de sant\u00e9 non contr\u00f4l\u00e9s.<\/li>\n\n<li>Ayez des attentes r\u00e9alistes quant aux r\u00e9sultats de la chirurgie.<\/li>\n\n<li>Vous rencontrez des probl\u00e8mes fonctionnels ou esth\u00e9tiques li\u00e9s au menton.<\/li>\n\n<li>\u00catre non-fumeur ou pr\u00eat \u00e0 arr\u00eater de fumer avant et apr\u00e8s l\u2019intervention.<\/li>\n<\/ul>\n\n<p>Une consultation approfondie avec un chirurgien plasticien certifi\u00e9 ou un chirurgien buccal et maxillo-facial est essentielle pour d\u00e9terminer la candidature et discuter des plans de traitement personnalis\u00e9s.<\/p>\n\n<h2 class=\"wp-block-heading\"><strong>La proc\u00e9dure de g\u00e9nioplastie : \u00e0 quoi s&#039;attendre<\/strong><\/h2>\n\n<h4 class=\"wp-block-heading\"><strong>Pr\u00e9paration pr\u00e9op\u00e9ratoire<\/strong><\/h4>\n\n<p>Avant de subir une g\u00e9nioplastie, les patients subiront une s\u00e9rie d&#039;\u00e9valuations, notamment des radiographies, des tomodensitom\u00e9tries et une imagerie 3D, pour \u00e9valuer l&#039;anatomie du menton. Votre chirurgien vous fournira des instructions d\u00e9taill\u00e9es concernant les m\u00e9dicaments, les exigences de je\u00fbne et les soins pr\u00e9op\u00e9ratoires.<\/p>\n\n<h4 class=\"wp-block-heading\"><strong>Pendant l&#039;op\u00e9ration<\/strong><\/h4>\n\n<p>La g\u00e9nioplastie est g\u00e9n\u00e9ralement r\u00e9alis\u00e9e sous anesth\u00e9sie g\u00e9n\u00e9rale et dure environ 1 \u00e0 3 heures, selon la complexit\u00e9 du cas. Le chirurgien remod\u00e8le ou repositionne m\u00e9ticuleusement l&#039;os du menton tout en garantissant un impact minimal sur les tissus environnants.<\/p>\n\n<h4 class=\"wp-block-heading\"><strong>R\u00e9cup\u00e9ration post-op\u00e9ratoire<\/strong><\/h4>\n\n<p>La r\u00e9cup\u00e9ration apr\u00e8s une g\u00e9nioplastie varie mais implique g\u00e9n\u00e9ralement :<\/p>\n\n<ul class=\"wp-block-list\">\n<li>Gonflement et ecchymoses autour du menton et du bas du visage, qui disparaissent en 1 \u00e0 2 semaines.<\/li>\n\n<li>Restrictions alimentaires temporaires pour permettre une bonne gu\u00e9rison.<\/li>\n\n<li>Rendez-vous de suivi pour surveiller l\u2019\u00e9volution et retirer les sutures si n\u00e9cessaire.<\/li>\n\n<li>R\u00e9cup\u00e9ration compl\u00e8te et r\u00e9sultats d\u00e9finitifs visibles dans un d\u00e9lai de 3 \u00e0 6 mois.<\/li>\n<\/ul>\n\n<h2 class=\"wp-block-heading\"><strong>Risques et consid\u00e9rations<\/strong><\/h2>\n\n<p>Comme toute intervention chirurgicale, la g\u00e9nioplastie comporte des risques potentiels, notamment une infection, un saignement, des l\u00e9sions nerveuses ou une insatisfaction quant aux r\u00e9sultats esth\u00e9tiques. Cependant, ces complications sont rares lorsque l&#039;intervention est r\u00e9alis\u00e9e par un professionnel exp\u00e9riment\u00e9 et qualifi\u00e9.<\/p>\n\n<h2 class=\"wp-block-heading\"><strong>Pourquoi choisir la g\u00e9nioplastie plut\u00f4t que les options non chirurgicales ?<\/strong><\/h2>\n\n<p>Bien que les injections de comblement offrent des solutions temporaires pour l&#039;augmentation du menton, elles n&#039;offrent pas la permanence et la pr\u00e9cision de la g\u00e9nioplastie chirurgicale. Pour les personnes \u00e0 la recherche de r\u00e9sultats transformateurs et durables, la g\u00e9nioplastie reste la r\u00e9f\u00e9rence absolue.<\/p>\n\n<h2 class=\"wp-block-heading\"><strong>Conclusion : obtenir une harmonie faciale gr\u00e2ce \u00e0 la g\u00e9nioplastie<\/strong><\/h2>\n\n<p>La g\u00e9nioplastie est bien plus qu&#039;une simple intervention esth\u00e9tique : c&#039;est une solution qui change la vie des personnes aux prises avec des d\u00e9s\u00e9quilibres faciaux ou des probl\u00e8mes fonctionnels. En travaillant en \u00e9troite collaboration avec un professionnel de la sant\u00e9 de confiance, vous pouvez obtenir un profil facial harmonieux qui renforce votre confiance et am\u00e9liore votre qualit\u00e9 de vie.<\/p>\n\n<p>Si vous envisagez <a href=\"https:\/\/en.wikipedia.org\/wiki\/Chin_augmentation\" data-type=\"link\" data-id=\"https:\/\/en.wikipedia.org\/wiki\/Chin_augmentation\" rel=\"nofollow noopener\" target=\"_blank\">g\u00e9nioplastie<\/a>, Faites le premier pas d\u00e8s aujourd&#039;hui en prenant rendez-vous pour une consultation avec un chirurgien r\u00e9put\u00e9. D\u00e9couvrez comment cette technique chirurgicale de pointe peut vous aider \u00e0 r\u00e9v\u00e9ler votre plein potentiel\u00a0!<\/p>\n\n<p>\u00a0<\/p>\n\t\t\t\t\t\t\t\t<\/div>\n\t\t\t\t\t<\/div>\n\t\t<\/div>\n\t\t\t\t\t<\/div>\n\t\t<\/section>\n\t\t\t\t<\/div>","protected":false},"excerpt":{"rendered":"<p>Genioplasty surgery, also known as chin surgery, is a specialized surgical procedure designed to reshape or reposition the chin. Whether performed for aesthetic enhancement or to correct structural abnormalities, genioplasty plays a pivotal role in facial harmony and balance. In this article, we will explore the medical and surgical aspects of genioplasty, its benefits, recovery [&hellip;]<\/p>\n","protected":false},"author":2,"featured_media":10879,"parent":0,"menu_order":0,"comment_status":"closed","ping_status":"closed","template":"","meta":{"_acf_changed":false,"footnotes":""},"class_list":["post-11479","page","type-page","status-publish","has-post-thumbnail","hentry"],"acf":[],"_links":{"self":[{"href":"https:\/\/www.dr-mfo.com\/fr\/wp-json\/wp\/v2\/pages\/11479","targetHints":{"allow":["GET"]}}],"collection":[{"href":"https:\/\/www.dr-mfo.com\/fr\/wp-json\/wp\/v2\/pages"}],"about":[{"href":"https:\/\/www.dr-mfo.com\/fr\/wp-json\/wp\/v2\/types\/page"}],"author":[{"embeddable":true,"href":"https:\/\/www.dr-mfo.com\/fr\/wp-json\/wp\/v2\/users\/2"}],"replies":[{"embeddable":true,"href":"https:\/\/www.dr-mfo.com\/fr\/wp-json\/wp\/v2\/comments?post=11479"}],"version-history":[{"count":1,"href":"https:\/\/www.dr-mfo.com\/fr\/wp-json\/wp\/v2\/pages\/11479\/revisions"}],"predecessor-version":[{"id":27726,"href":"https:\/\/www.dr-mfo.com\/fr\/wp-json\/wp\/v2\/pages\/11479\/revisions\/27726"}],"wp:featuredmedia":[{"embeddable":true,"href":"https:\/\/www.dr-mfo.com\/fr\/wp-json\/wp\/v2\/media\/10879"}],"wp:attachment":[{"href":"https:\/\/www.dr-mfo.com\/fr\/wp-json\/wp\/v2\/media?parent=11479"}],"curies":[{"name":"wp","href":"https:\/\/api.w.org\/{rel}","templated":true}]}}