{"id":138,"date":"2020-05-16T07:18:37","date_gmt":"2020-05-16T04:18:37","guid":{"rendered":"https:\/\/jupiterx.artbees.net\/cosmetic-surgery\/?page_id=138"},"modified":"2026-02-22T11:37:36","modified_gmt":"2026-02-22T11:37:36","slug":"chirurgie","status":"publish","type":"page","link":"https:\/\/www.dr-mfo.com\/fr\/surgery\/","title":{"rendered":"Chirurgie"},"content":{"rendered":"<div data-elementor-type=\"wp-page\" data-elementor-id=\"138\" class=\"elementor elementor-138\">\n\t\t\t\t\t\t<section class=\"elementor-section elementor-top-section elementor-element elementor-element-b094366 elementor-section-boxed elementor-section-height-default elementor-section-height-default\" data-id=\"b094366\" data-element_type=\"section\" data-e-type=\"section\">\n\t\t\t\t\t\t<div class=\"elementor-container elementor-column-gap-default\">\n\t\t\t\t\t<div class=\"elementor-column elementor-col-100 elementor-top-column elementor-element elementor-element-cbb11c1\" data-id=\"cbb11c1\" data-element_type=\"column\" data-e-type=\"column\">\n\t\t\t<div class=\"elementor-widget-wrap elementor-element-populated\">\n\t\t\t\t\t\t<div class=\"elementor-element elementor-element-eb75823 elementor-widget-divider--view-line elementor-widget elementor-widget-divider\" data-id=\"eb75823\" data-element_type=\"widget\" data-e-type=\"widget\" data-widget_type=\"divider.default\">\n\t\t\t\t\t\t\t<div class=\"elementor-divider\">\n\t\t\t<span class=\"elementor-divider-separator\">\n\t\t\t\t\t\t<\/span>\n\t\t<\/div>\n\t\t\t\t\t\t<\/div>\n\t\t\t\t<div class=\"elementor-element elementor-element-a60d5a6 elementor-widget-divider--view-line elementor-widget elementor-widget-divider\" data-id=\"a60d5a6\" data-element_type=\"widget\" data-e-type=\"widget\" data-widget_type=\"divider.default\">\n\t\t\t\t\t\t\t<div class=\"elementor-divider\">\n\t\t\t<span class=\"elementor-divider-separator\">\n\t\t\t\t\t\t<\/span>\n\t\t<\/div>\n\t\t\t\t\t\t<\/div>\n\t\t\t\t<div class=\"elementor-element elementor-element-8728a0d elementor-widget-divider--view-line elementor-widget elementor-widget-divider\" data-id=\"8728a0d\" data-element_type=\"widget\" data-e-type=\"widget\" data-widget_type=\"divider.default\">\n\t\t\t\t\t\t\t<div class=\"elementor-divider\">\n\t\t\t<span class=\"elementor-divider-separator\">\n\t\t\t\t\t\t<\/span>\n\t\t<\/div>\n\t\t\t\t\t\t<\/div>\n\t\t\t\t<div class=\"elementor-element elementor-element-4da70e6 elementor-widget-divider--view-line elementor-widget elementor-widget-divider\" data-id=\"4da70e6\" data-element_type=\"widget\" data-e-type=\"widget\" data-widget_type=\"divider.default\">\n\t\t\t\t\t\t\t<div class=\"elementor-divider\">\n\t\t\t<span class=\"elementor-divider-separator\">\n\t\t\t\t\t\t<\/span>\n\t\t<\/div>\n\t\t\t\t\t\t<\/div>\n\t\t\t\t<div class=\"elementor-element elementor-element-3beffd2 elementor-widget elementor-widget-heading\" data-id=\"3beffd2\" data-element_type=\"widget\" data-e-type=\"widget\" data-widget_type=\"heading.default\">\n\t\t\t\t\t<h2 class=\"elementor-heading-title elementor-size-xl\">Chirurgie Esth\u00e9tique<\/h2>\t\t\t\t<\/div>\n\t\t\t\t<div class=\"elementor-element elementor-element-057f669 elementor-widget-divider--view-line elementor-widget elementor-widget-divider\" data-id=\"057f669\" data-element_type=\"widget\" data-e-type=\"widget\" data-widget_type=\"divider.default\">\n\t\t\t\t\t\t\t<div class=\"elementor-divider\">\n\t\t\t<span class=\"elementor-divider-separator\">\n\t\t\t\t\t\t<\/span>\n\t\t<\/div>\n\t\t\t\t\t\t<\/div>\n\t\t\t\t\t<\/div>\n\t\t<\/div>\n\t\t\t\t\t<\/div>\n\t\t<\/section>\n\t\t\t\t<section class=\"elementor-section elementor-top-section elementor-element elementor-element-70cbdb6 elementor-section-boxed elementor-section-height-default elementor-section-height-default\" data-id=\"70cbdb6\" data-element_type=\"section\" data-e-type=\"section\">\n\t\t\t\t\t\t<div class=\"elementor-container elementor-column-gap-default\">\n\t\t\t\t\t<div class=\"elementor-column elementor-col-25 elementor-top-column elementor-element elementor-element-00e5782\" data-id=\"00e5782\" data-element_type=\"column\" data-e-type=\"column\">\n\t\t\t<div class=\"elementor-widget-wrap elementor-element-populated\">\n\t\t\t\t\t\t<div class=\"elementor-element elementor-element-709a4bf elementor-widget elementor-widget-image\" data-id=\"709a4bf\" data-element_type=\"widget\" data-e-type=\"widget\" data-widget_type=\"image.default\">\n\t\t\t\t\t\t\t\t\t\t\t\t\t\t\t\t<a href=\"https:\/\/www.dr-mfo.com\/fr\/reduction-du-front-avancement-de-la-ligne-des-cheveux\/\">\n\t\t\t\t\t\t\t<img fetchpriority=\"high\" decoding=\"async\" width=\"1920\" height=\"1277\" src=\"https:\/\/www.dr-mfo.com\/wp-content\/uploads\/2022\/04\/botoks-scaled.jpg\" class=\"elementor-animation-grow attachment-full size-full wp-image-2412\" alt=\"R\u00e9duction du front\" srcset=\"https:\/\/www.dr-mfo.com\/wp-content\/uploads\/2022\/04\/botoks-scaled.jpg 1920w, https:\/\/www.dr-mfo.com\/wp-content\/uploads\/2022\/04\/botoks-300x200.jpg 300w, https:\/\/www.dr-mfo.com\/wp-content\/uploads\/2022\/04\/botoks-1024x681.jpg 1024w, https:\/\/www.dr-mfo.com\/wp-content\/uploads\/2022\/04\/botoks-768x511.jpg 768w, https:\/\/www.dr-mfo.com\/wp-content\/uploads\/2022\/04\/botoks-1536x1022.jpg 1536w, https:\/\/www.dr-mfo.com\/wp-content\/uploads\/2022\/04\/botoks-2048x1362.jpg 2048w\" sizes=\"(max-width: 1920px) 100vw, 1920px\" \/>\t\t\t\t\t\t\t\t<\/a>\n\t\t\t\t\t\t\t\t\t\t\t\t\t\t\t<\/div>\n\t\t\t\t\t<\/div>\n\t\t<\/div>\n\t\t\t\t<div class=\"elementor-column elementor-col-25 elementor-top-column elementor-element elementor-element-0201fc5\" data-id=\"0201fc5\" data-element_type=\"column\" data-e-type=\"column\">\n\t\t\t<div class=\"elementor-widget-wrap elementor-element-populated\">\n\t\t\t\t\t\t<div class=\"elementor-element elementor-element-b5c7d02 elementor-widget elementor-widget-image\" data-id=\"b5c7d02\" data-element_type=\"widget\" data-e-type=\"widget\" data-widget_type=\"image.default\">\n\t\t\t\t\t\t\t\t\t\t\t\t\t\t\t\t<a href=\"https:\/\/www.dr-mfo.com\/fr\/rhinoplastie-du-nez\/\">\n\t\t\t\t\t\t\t<img decoding=\"async\" width=\"646\" height=\"646\" src=\"https:\/\/www.dr-mfo.com\/wp-content\/uploads\/2021\/06\/girl-face-png-91-images-in-collection-page-1-girl-face-png-1822_1438.png\" class=\"elementor-animation-grow attachment-full size-full wp-image-919\" alt=\"burun esteti\u011fi\" srcset=\"https:\/\/www.dr-mfo.com\/wp-content\/uploads\/2021\/06\/girl-face-png-91-images-in-collection-page-1-girl-face-png-1822_1438.png 646w, https:\/\/www.dr-mfo.com\/wp-content\/uploads\/2021\/06\/girl-face-png-91-images-in-collection-page-1-girl-face-png-1822_1438-300x300.png 300w, https:\/\/www.dr-mfo.com\/wp-content\/uploads\/2021\/06\/girl-face-png-91-images-in-collection-page-1-girl-face-png-1822_1438-150x150.png 150w, https:\/\/www.dr-mfo.com\/wp-content\/uploads\/2021\/06\/girl-face-png-91-images-in-collection-page-1-girl-face-png-1822_1438-500x500.png 500w\" sizes=\"(max-width: 646px) 100vw, 646px\" \/>\t\t\t\t\t\t\t\t<\/a>\n\t\t\t\t\t\t\t\t\t\t\t\t\t\t\t<\/div>\n\t\t\t\t\t<\/div>\n\t\t<\/div>\n\t\t\t\t<div class=\"elementor-column elementor-col-25 elementor-top-column elementor-element elementor-element-787135a\" data-id=\"787135a\" data-element_type=\"column\" data-e-type=\"column\">\n\t\t\t<div class=\"elementor-widget-wrap elementor-element-populated\">\n\t\t\t\t\t\t<div class=\"elementor-element elementor-element-39316e8 elementor-widget elementor-widget-image\" data-id=\"39316e8\" data-element_type=\"widget\" data-e-type=\"widget\" data-widget_type=\"image.default\">\n\t\t\t\t\t\t\t\t\t\t\t\t\t\t\t\t<a href=\"https:\/\/www.dr-mfo.com\/fr\/facial-feminization-surgery-ffs\/\">\n\t\t\t\t\t\t\t<img decoding=\"async\" width=\"1408\" height=\"768\" src=\"https:\/\/www.dr-mfo.com\/wp-content\/uploads\/2025\/07\/image-14.png\" class=\"elementor-animation-grow attachment-full size-full wp-image-12855\" alt=\"Portrait en gros plan d&#039;une femme \u00e0 l&#039;expression s\u00e9rieuse, regardant directement la cam\u00e9ra, avec une peau lisse et un maquillage subtil.\" srcset=\"https:\/\/www.dr-mfo.com\/wp-content\/uploads\/2025\/07\/image-14.png 1408w, https:\/\/www.dr-mfo.com\/wp-content\/uploads\/2025\/07\/image-14-300x164.png 300w\" sizes=\"(max-width: 1408px) 100vw, 1408px\" \/>\t\t\t\t\t\t\t\t<\/a>\n\t\t\t\t\t\t\t\t\t\t\t\t\t\t\t<\/div>\n\t\t\t\t\t<\/div>\n\t\t<\/div>\n\t\t\t\t<div class=\"elementor-column elementor-col-25 elementor-top-column elementor-element elementor-element-086ede3\" data-id=\"086ede3\" data-element_type=\"column\" data-e-type=\"column\">\n\t\t\t<div class=\"elementor-widget-wrap elementor-element-populated\">\n\t\t\t\t\t\t<div class=\"elementor-element elementor-element-09bd34b elementor-widget elementor-widget-image\" data-id=\"09bd34b\" data-element_type=\"widget\" data-e-type=\"widget\" data-widget_type=\"image.default\">\n\t\t\t\t\t\t\t\t\t\t\t\t\t\t\t\t<a href=\"https:\/\/www.dr-mfo.com\/fr\/lifting-des-seins-mastopexie\/\">\n\t\t\t\t\t\t\t<img loading=\"lazy\" decoding=\"async\" width=\"613\" height=\"466\" src=\"https:\/\/www.dr-mfo.com\/wp-content\/uploads\/2021\/06\/liposuction-breast-lift-11.png\" class=\"elementor-animation-grow attachment-full size-full wp-image-914\" alt=\"lifting des seins\" srcset=\"https:\/\/www.dr-mfo.com\/wp-content\/uploads\/2021\/06\/liposuction-breast-lift-11.png 613w, https:\/\/www.dr-mfo.com\/wp-content\/uploads\/2021\/06\/liposuction-breast-lift-11-300x228.png 300w\" sizes=\"(max-width: 613px) 100vw, 613px\" \/>\t\t\t\t\t\t\t\t<\/a>\n\t\t\t\t\t\t\t\t\t\t\t\t\t\t\t<\/div>\n\t\t\t\t\t<\/div>\n\t\t<\/div>\n\t\t\t\t\t<\/div>\n\t\t<\/section>\n\t\t\t\t<section class=\"elementor-section elementor-top-section elementor-element elementor-element-2f65945 elementor-section-boxed elementor-section-height-default elementor-section-height-default\" data-id=\"2f65945\" data-element_type=\"section\" data-e-type=\"section\">\n\t\t\t\t\t\t<div class=\"elementor-container elementor-column-gap-default\">\n\t\t\t\t\t<div class=\"elementor-column elementor-col-25 elementor-top-column elementor-element elementor-element-e754711\" data-id=\"e754711\" data-element_type=\"column\" data-e-type=\"column\">\n\t\t\t<div class=\"elementor-widget-wrap elementor-element-populated\">\n\t\t\t\t\t\t<div class=\"elementor-element elementor-element-d603f36 elementor-widget elementor-widget-image\" data-id=\"d603f36\" data-element_type=\"widget\" data-e-type=\"widget\" data-widget_type=\"image.default\">\n\t\t\t\t\t\t\t\t\t\t\t\t\t\t\t\t<a href=\"https:\/\/www.dr-mfo.com\/fr\/lifting\/\">\n\t\t\t\t\t\t\t<img loading=\"lazy\" decoding=\"async\" width=\"1170\" height=\"780\" src=\"https:\/\/www.dr-mfo.com\/wp-content\/uploads\/2022\/03\/saten-yuz-germe.jpg\" class=\"elementor-animation-grow attachment-full size-full wp-image-2169\" alt=\"Lifting du visage\" srcset=\"https:\/\/www.dr-mfo.com\/wp-content\/uploads\/2022\/03\/saten-yuz-germe.jpg 1170w, https:\/\/www.dr-mfo.com\/wp-content\/uploads\/2022\/03\/saten-yuz-germe-300x200.jpg 300w, https:\/\/www.dr-mfo.com\/wp-content\/uploads\/2022\/03\/saten-yuz-germe-1024x683.jpg 1024w, https:\/\/www.dr-mfo.com\/wp-content\/uploads\/2022\/03\/saten-yuz-germe-768x512.jpg 768w\" sizes=\"(max-width: 1170px) 100vw, 1170px\" \/>\t\t\t\t\t\t\t\t<\/a>\n\t\t\t\t\t\t\t\t\t\t\t\t\t\t\t<\/div>\n\t\t\t\t\t<\/div>\n\t\t<\/div>\n\t\t\t\t<div class=\"elementor-column elementor-col-25 elementor-top-column elementor-element elementor-element-5cc77b0\" data-id=\"5cc77b0\" data-element_type=\"column\" data-e-type=\"column\">\n\t\t\t<div class=\"elementor-widget-wrap elementor-element-populated\">\n\t\t\t\t\t\t<div class=\"elementor-element elementor-element-263272c elementor-widget elementor-widget-image\" data-id=\"263272c\" data-element_type=\"widget\" data-e-type=\"widget\" data-widget_type=\"image.default\">\n\t\t\t\t\t\t\t\t\t\t\t\t\t\t\t\t<a href=\"https:\/\/www.dr-mfo.com\/fr\/abdominoplastie\/\">\n\t\t\t\t\t\t\t<img loading=\"lazy\" decoding=\"async\" width=\"1500\" height=\"1000\" src=\"https:\/\/www.dr-mfo.com\/wp-content\/uploads\/2021\/11\/abdominoplasty.jpg\" class=\"elementor-animation-grow attachment-full size-full wp-image-1108\" alt=\"abdominoplastie\" srcset=\"https:\/\/www.dr-mfo.com\/wp-content\/uploads\/2021\/11\/abdominoplasty.jpg 1500w, https:\/\/www.dr-mfo.com\/wp-content\/uploads\/2021\/11\/abdominoplasty-300x200.jpg 300w, https:\/\/www.dr-mfo.com\/wp-content\/uploads\/2021\/11\/abdominoplasty-1024x683.jpg 1024w, https:\/\/www.dr-mfo.com\/wp-content\/uploads\/2021\/11\/abdominoplasty-768x512.jpg 768w\" sizes=\"(max-width: 1500px) 100vw, 1500px\" \/>\t\t\t\t\t\t\t\t<\/a>\n\t\t\t\t\t\t\t\t\t\t\t\t\t\t\t<\/div>\n\t\t\t\t\t<\/div>\n\t\t<\/div>\n\t\t\t\t<div class=\"elementor-column elementor-col-25 elementor-top-column elementor-element elementor-element-b7c3e97\" data-id=\"b7c3e97\" data-element_type=\"column\" data-e-type=\"column\">\n\t\t\t<div class=\"elementor-widget-wrap elementor-element-populated\">\n\t\t\t\t\t\t<div class=\"elementor-element elementor-element-7c93329 elementor-widget elementor-widget-image\" data-id=\"7c93329\" data-element_type=\"widget\" data-e-type=\"widget\" data-widget_type=\"image.default\">\n\t\t\t\t\t\t\t\t\t\t\t\t\t\t\t\t<a href=\"https:\/\/www.dr-mfo.com\/fr\/gynecomastie\/\">\n\t\t\t\t\t\t\t<img loading=\"lazy\" decoding=\"async\" width=\"720\" height=\"420\" src=\"https:\/\/www.dr-mfo.com\/wp-content\/uploads\/2021\/11\/jinokomasti.jpg\" class=\"elementor-animation-grow attachment-full size-full wp-image-1111\" alt=\"Gyn\u00e9comastie\" srcset=\"https:\/\/www.dr-mfo.com\/wp-content\/uploads\/2021\/11\/jinokomasti.jpg 720w, https:\/\/www.dr-mfo.com\/wp-content\/uploads\/2021\/11\/jinokomasti-300x175.jpg 300w\" sizes=\"(max-width: 720px) 100vw, 720px\" \/>\t\t\t\t\t\t\t\t<\/a>\n\t\t\t\t\t\t\t\t\t\t\t\t\t\t\t<\/div>\n\t\t\t\t\t<\/div>\n\t\t<\/div>\n\t\t\t\t<div class=\"elementor-column elementor-col-25 elementor-top-column elementor-element elementor-element-5c87e0d\" data-id=\"5c87e0d\" data-element_type=\"column\" data-e-type=\"column\">\n\t\t\t<div class=\"elementor-widget-wrap elementor-element-populated\">\n\t\t\t\t\t\t<div class=\"elementor-element elementor-element-c079330 elementor-widget elementor-widget-image\" data-id=\"c079330\" data-element_type=\"widget\" data-e-type=\"widget\" data-widget_type=\"image.default\">\n\t\t\t\t\t\t\t\t\t\t\t\t\t\t\t\t<a href=\"https:\/\/www.dr-mfo.com\/fr\/penile-enlargement-penoplasty\/\">\n\t\t\t\t\t\t\t<img loading=\"lazy\" decoding=\"async\" width=\"1364\" height=\"767\" src=\"https:\/\/www.dr-mfo.com\/wp-content\/uploads\/2022\/11\/Mount-Everest.webp\" class=\"elementor-animation-grow attachment-full size-full wp-image-4010\" alt=\"Agrandissement du p\u00e9nis\" srcset=\"https:\/\/www.dr-mfo.com\/wp-content\/uploads\/2022\/11\/Mount-Everest.webp 1364w, https:\/\/www.dr-mfo.com\/wp-content\/uploads\/2022\/11\/Mount-Everest-300x169.webp 300w, https:\/\/www.dr-mfo.com\/wp-content\/uploads\/2022\/11\/Mount-Everest-1024x576.webp 1024w, https:\/\/www.dr-mfo.com\/wp-content\/uploads\/2022\/11\/Mount-Everest-768x432.webp 768w\" sizes=\"(max-width: 1364px) 100vw, 1364px\" \/>\t\t\t\t\t\t\t\t<\/a>\n\t\t\t\t\t\t\t\t\t\t\t\t\t\t\t<\/div>\n\t\t\t\t\t<\/div>\n\t\t<\/div>\n\t\t\t\t\t<\/div>\n\t\t<\/section>\n\t\t\t\t<section class=\"elementor-section elementor-top-section elementor-element elementor-element-47a679a elementor-section-boxed elementor-section-height-default elementor-section-height-default\" data-id=\"47a679a\" data-element_type=\"section\" data-e-type=\"section\">\n\t\t\t\t\t\t<div class=\"elementor-container elementor-column-gap-default\">\n\t\t\t\t\t<div class=\"elementor-column elementor-col-25 elementor-top-column elementor-element elementor-element-883662f\" data-id=\"883662f\" data-element_type=\"column\" data-e-type=\"column\">\n\t\t\t<div class=\"elementor-widget-wrap elementor-element-populated\">\n\t\t\t\t\t\t<div class=\"elementor-element elementor-element-273f043 elementor-widget elementor-widget-image\" data-id=\"273f043\" data-element_type=\"widget\" data-e-type=\"widget\" data-widget_type=\"image.default\">\n\t\t\t\t\t\t\t\t\t\t\t\t\t\t\t\t<a href=\"https:\/\/www.dr-mfo.com\/fr\/liposuccion-2\/\">\n\t\t\t\t\t\t\t<img loading=\"lazy\" decoding=\"async\" width=\"1000\" height=\"550\" src=\"https:\/\/www.dr-mfo.com\/wp-content\/uploads\/2021\/11\/liposuction.png\" class=\"elementor-animation-grow attachment-full size-full wp-image-1097\" alt=\"Ya\u011f Alma\" srcset=\"https:\/\/www.dr-mfo.com\/wp-content\/uploads\/2021\/11\/liposuction.png 1000w, https:\/\/www.dr-mfo.com\/wp-content\/uploads\/2021\/11\/liposuction-300x165.png 300w, https:\/\/www.dr-mfo.com\/wp-content\/uploads\/2021\/11\/liposuction-768x422.png 768w\" sizes=\"(max-width: 1000px) 100vw, 1000px\" \/>\t\t\t\t\t\t\t\t<\/a>\n\t\t\t\t\t\t\t\t\t\t\t\t\t\t\t<\/div>\n\t\t\t\t\t<\/div>\n\t\t<\/div>\n\t\t\t\t<div class=\"elementor-column elementor-col-25 elementor-top-column elementor-element elementor-element-9a02597\" data-id=\"9a02597\" data-element_type=\"column\" data-e-type=\"column\">\n\t\t\t<div class=\"elementor-widget-wrap elementor-element-populated\">\n\t\t\t\t\t\t<div class=\"elementor-element elementor-element-6856228 elementor-widget elementor-widget-image\" data-id=\"6856228\" data-element_type=\"widget\" data-e-type=\"widget\" data-widget_type=\"image.default\">\n\t\t\t\t\t\t\t\t\t\t\t\t\t\t\t\t<a href=\"https:\/\/www.dr-mfo.com\/fr\/augmentation-mammaire\/\">\n\t\t\t\t\t\t\t<img loading=\"lazy\" decoding=\"async\" width=\"596\" height=\"410\" src=\"https:\/\/www.dr-mfo.com\/wp-content\/uploads\/2021\/11\/meme-buyutme.jpg\" class=\"elementor-animation-grow attachment-full size-full wp-image-1128\" alt=\"augmentation mammaire\" srcset=\"https:\/\/www.dr-mfo.com\/wp-content\/uploads\/2021\/11\/meme-buyutme.jpg 596w, https:\/\/www.dr-mfo.com\/wp-content\/uploads\/2021\/11\/meme-buyutme-300x206.jpg 300w\" sizes=\"(max-width: 596px) 100vw, 596px\" \/>\t\t\t\t\t\t\t\t<\/a>\n\t\t\t\t\t\t\t\t\t\t\t\t\t\t\t<\/div>\n\t\t\t\t\t<\/div>\n\t\t<\/div>\n\t\t\t\t<div class=\"elementor-column elementor-col-25 elementor-top-column elementor-element elementor-element-18d6f79\" data-id=\"18d6f79\" data-element_type=\"column\" data-e-type=\"column\">\n\t\t\t<div class=\"elementor-widget-wrap elementor-element-populated\">\n\t\t\t\t\t\t<div class=\"elementor-element elementor-element-6d0222f elementor-widget elementor-widget-image\" data-id=\"6d0222f\" data-element_type=\"widget\" data-e-type=\"widget\" data-widget_type=\"image.default\">\n\t\t\t\t\t\t\t\t\t\t\t\t\t\t\t\t<a href=\"https:\/\/www.dr-mfo.com\/fr\/cul-bresilien-bbl\/\">\n\t\t\t\t\t\t\t<img loading=\"lazy\" decoding=\"async\" width=\"1920\" height=\"1080\" src=\"https:\/\/www.dr-mfo.com\/wp-content\/uploads\/2022\/04\/brezilya-poposu-scaled.jpg\" class=\"elementor-animation-grow attachment-full size-full wp-image-2437\" alt=\"esth\u00e9tique des fesses\" srcset=\"https:\/\/www.dr-mfo.com\/wp-content\/uploads\/2022\/04\/brezilya-poposu-scaled.jpg 1920w, https:\/\/www.dr-mfo.com\/wp-content\/uploads\/2022\/04\/brezilya-poposu-300x169.jpg 300w, https:\/\/www.dr-mfo.com\/wp-content\/uploads\/2022\/04\/brezilya-poposu-1024x576.jpg 1024w, https:\/\/www.dr-mfo.com\/wp-content\/uploads\/2022\/04\/brezilya-poposu-768x432.jpg 768w, https:\/\/www.dr-mfo.com\/wp-content\/uploads\/2022\/04\/brezilya-poposu-1536x864.jpg 1536w, https:\/\/www.dr-mfo.com\/wp-content\/uploads\/2022\/04\/brezilya-poposu-2048x1152.jpg 2048w\" sizes=\"(max-width: 1920px) 100vw, 1920px\" \/>\t\t\t\t\t\t\t\t<\/a>\n\t\t\t\t\t\t\t\t\t\t\t\t\t\t\t<\/div>\n\t\t\t\t\t<\/div>\n\t\t<\/div>\n\t\t\t\t<div class=\"elementor-column elementor-col-25 elementor-top-column elementor-element elementor-element-020fe54\" data-id=\"020fe54\" data-element_type=\"column\" data-e-type=\"column\">\n\t\t\t<div class=\"elementor-widget-wrap elementor-element-populated\">\n\t\t\t\t\t\t<div class=\"elementor-element elementor-element-37f6c0d elementor-widget elementor-widget-image\" data-id=\"37f6c0d\" data-element_type=\"widget\" data-e-type=\"widget\" data-widget_type=\"image.default\">\n\t\t\t\t\t\t\t\t\t\t\t\t\t\t\t\t<a href=\"https:\/\/www.dr-mfo.com\/fr\/esthetique-des-jambes\/\">\n\t\t\t\t\t\t\t<img loading=\"lazy\" decoding=\"async\" width=\"1920\" height=\"1080\" src=\"https:\/\/www.dr-mfo.com\/wp-content\/uploads\/2022\/03\/Bacak-Esteti\u011fi.jpg\" class=\"elementor-animation-grow attachment-full size-full wp-image-1917\" alt=\"Esth\u00e9tique des jambes\" srcset=\"https:\/\/www.dr-mfo.com\/wp-content\/uploads\/2022\/03\/Bacak-Estetigi.jpg 960w, https:\/\/www.dr-mfo.com\/wp-content\/uploads\/2022\/03\/Bacak-Estetigi-300x200.jpg 300w, https:\/\/www.dr-mfo.com\/wp-content\/uploads\/2022\/03\/Bacak-Estetigi-768x513.jpg 768w\" sizes=\"(max-width: 1920px) 100vw, 1920px\" \/>\t\t\t\t\t\t\t\t<\/a>\n\t\t\t\t\t\t\t\t\t\t\t\t\t\t\t<\/div>\n\t\t\t\t\t<\/div>\n\t\t<\/div>\n\t\t\t\t\t<\/div>\n\t\t<\/section>\n\t\t\t\t<\/div>","protected":false},"excerpt":{"rendered":"<p>Chirurgie esth\u00e9tique R\u00e9duction du front Avancement de la ligne des cheveux Rhinoplastie Nez Job F\u00e9minisation du visage FFS Lifting des seins Mastopexie Lifting du visage Rajeunissement du visage Abdominoplastie Gyn\u00e9comastie Sein masculin \u00c9largissement du p\u00e9nis P\u00e9noplastie Liposuccion Mise en forme du corps Augmentation mammaire Augmentation mammaire BBL Br\u00e9silien Esth\u00e9tique des jambes Esth\u00e9tique des jambes<\/p>","protected":false},"author":2,"featured_media":0,"parent":0,"menu_order":0,"comment_status":"closed","ping_status":"closed","template":"full-width.php","meta":{"_acf_changed":false,"footnotes":""},"class_list":["post-138","page","type-page","status-publish","hentry"],"acf":[],"_links":{"self":[{"href":"https:\/\/www.dr-mfo.com\/fr\/wp-json\/wp\/v2\/pages\/138","targetHints":{"allow":["GET"]}}],"collection":[{"href":"https:\/\/www.dr-mfo.com\/fr\/wp-json\/wp\/v2\/pages"}],"about":[{"href":"https:\/\/www.dr-mfo.com\/fr\/wp-json\/wp\/v2\/types\/page"}],"author":[{"embeddable":true,"href":"https:\/\/www.dr-mfo.com\/fr\/wp-json\/wp\/v2\/users\/2"}],"replies":[{"embeddable":true,"href":"https:\/\/www.dr-mfo.com\/fr\/wp-json\/wp\/v2\/comments?post=138"}],"version-history":[{"count":0,"href":"https:\/\/www.dr-mfo.com\/fr\/wp-json\/wp\/v2\/pages\/138\/revisions"}],"wp:attachment":[{"href":"https:\/\/www.dr-mfo.com\/fr\/wp-json\/wp\/v2\/media?parent=138"}],"curies":[{"name":"wp","href":"https:\/\/api.w.org\/{rel}","templated":true}]}}