{"id":2185,"date":"2022-03-24T23:18:19","date_gmt":"2022-03-24T23:18:19","guid":{"rendered":"https:\/\/www.dr-mfo.com\/?page_id=2185"},"modified":"2026-02-22T11:27:36","modified_gmt":"2026-02-22T11:27:36","slug":"gynecomastie","status":"publish","type":"page","link":"https:\/\/www.dr-mfo.com\/fr\/gynecomastia\/","title":{"rendered":"Gyn\u00e9comastie"},"content":{"rendered":"<div data-elementor-type=\"wp-page\" data-elementor-id=\"2185\" class=\"elementor elementor-2185\">\n\t\t\t\t\t\t<section class=\"elementor-section elementor-top-section elementor-element elementor-element-24a0943 elementor-section-boxed elementor-section-height-default elementor-section-height-default\" data-id=\"24a0943\" data-element_type=\"section\" data-e-type=\"section\">\n\t\t\t\t\t\t<div class=\"elementor-container elementor-column-gap-default\">\n\t\t\t\t\t<div class=\"elementor-column elementor-col-100 elementor-top-column elementor-element elementor-element-1c9067b\" data-id=\"1c9067b\" data-element_type=\"column\" data-e-type=\"column\">\n\t\t\t<div class=\"elementor-widget-wrap elementor-element-populated\">\n\t\t\t\t\t\t<div class=\"elementor-element elementor-element-8424a3e elementor-widget-divider--view-line elementor-widget elementor-widget-divider\" data-id=\"8424a3e\" data-element_type=\"widget\" data-e-type=\"widget\" data-widget_type=\"divider.default\">\n\t\t\t\t\t\t\t<div class=\"elementor-divider\">\n\t\t\t<span class=\"elementor-divider-separator\">\n\t\t\t\t\t\t<\/span>\n\t\t<\/div>\n\t\t\t\t\t\t<\/div>\n\t\t\t\t<div class=\"elementor-element elementor-element-04236dd elementor-widget-divider--view-line elementor-widget elementor-widget-divider\" data-id=\"04236dd\" data-element_type=\"widget\" data-e-type=\"widget\" data-widget_type=\"divider.default\">\n\t\t\t\t\t\t\t<div class=\"elementor-divider\">\n\t\t\t<span class=\"elementor-divider-separator\">\n\t\t\t\t\t\t<\/span>\n\t\t<\/div>\n\t\t\t\t\t\t<\/div>\n\t\t\t\t<div class=\"elementor-element elementor-element-3180696 elementor-widget-divider--view-line elementor-widget elementor-widget-divider\" data-id=\"3180696\" data-element_type=\"widget\" data-e-type=\"widget\" data-widget_type=\"divider.default\">\n\t\t\t\t\t\t\t<div class=\"elementor-divider\">\n\t\t\t<span class=\"elementor-divider-separator\">\n\t\t\t\t\t\t<\/span>\n\t\t<\/div>\n\t\t\t\t\t\t<\/div>\n\t\t\t\t<div class=\"elementor-element elementor-element-38e5a1c elementor-widget-divider--view-line elementor-widget elementor-widget-divider\" data-id=\"38e5a1c\" data-element_type=\"widget\" data-e-type=\"widget\" data-widget_type=\"divider.default\">\n\t\t\t\t\t\t\t<div class=\"elementor-divider\">\n\t\t\t<span class=\"elementor-divider-separator\">\n\t\t\t\t\t\t<\/span>\n\t\t<\/div>\n\t\t\t\t\t\t<\/div>\n\t\t\t\t<div class=\"elementor-element elementor-element-76222e8 elementor-widget elementor-widget-image\" data-id=\"76222e8\" data-element_type=\"widget\" data-e-type=\"widget\" data-widget_type=\"image.default\">\n\t\t\t\t\t\t\t\t\t\t\t\t\t\t\t<img decoding=\"async\" src=\"https:\/\/www.dr-mfo.com\/wp-content\/uploads\/elementor\/thumbs\/jinokomasti-qd1ltfmd2x0kf1r8o3ck2yabi5ekpd88pr6dynsx7q.jpg\" title=\"gyn\u00e9comastie\" alt=\"Gyn\u00e9comastie\" loading=\"lazy\" \/>\t\t\t\t\t\t\t\t\t\t\t\t\t\t\t<\/div>\n\t\t\t\t<div class=\"elementor-element elementor-element-73d47c6 elementor-widget-divider--view-line elementor-widget elementor-widget-divider\" data-id=\"73d47c6\" data-element_type=\"widget\" data-e-type=\"widget\" data-widget_type=\"divider.default\">\n\t\t\t\t\t\t\t<div class=\"elementor-divider\">\n\t\t\t<span class=\"elementor-divider-separator\">\n\t\t\t\t\t\t<\/span>\n\t\t<\/div>\n\t\t\t\t\t\t<\/div>\n\t\t\t\t<div class=\"elementor-element elementor-element-97cd352 elementor-widget elementor-widget-heading\" data-id=\"97cd352\" data-element_type=\"widget\" data-e-type=\"widget\" data-widget_type=\"heading.default\">\n\t\t\t\t\t<h2 class=\"elementor-heading-title elementor-size-xl\">Gyn\u00e9comastie<\/h2>\t\t\t\t<\/div>\n\t\t\t\t<div class=\"elementor-element elementor-element-0c2bb9d elementor-widget elementor-widget-text-editor\" data-id=\"0c2bb9d\" data-element_type=\"widget\" data-e-type=\"widget\" data-widget_type=\"text-editor.default\">\n\t\t\t\t\t\t\t\t\t<p><span style=\"color: #000000;\">La gyn\u00e9comastie est une hypertrophie mammaire f\u00e9minine chez les hommes. L&#039;\u00e9largissement des seins se produit \u00e0 la suite d&#039;une augmentation de la graisse, du tissu mammaire ou des deux. Divers d\u00e9s\u00e9quilibres hormonaux, m\u00e9dicaments et certaines maladies endocrinologiques peuvent provoquer une gyn\u00e9comastie. Cependant, une cause sous-jacente est souvent introuvable. La gyn\u00e9comastie peut survenir chez les hommes au cours de trois p\u00e9riodes de la vie. Ces p\u00e9riodes sont respectivement la petite enfance, l&#039;adolescence et la vieillesse. La gyn\u00e9comastie, qui s&#039;observe surtout \u00e0 l&#039;adolescence, peut \u00eatre permanente. Dans des cas tels que le bossu et la courbure du dos, la gyn\u00e9comastie peut se manifester davantage. Il est possible de se d\u00e9barrasser de cette situation gr\u00e2ce \u00e0 la correction de la gyn\u00e9comastie<\/span><\/p><p><span style=\"color: #000000;\">Si vous en avez marre de vous cacher sur les plages, d&#039;avoir l&#039;impression de vous cacher derri\u00e8re vos v\u00eatements, et de ne pas pouvoir porter de T-shirt, la suite de l&#039;article est pour vous. Vous n&#039;\u00eates pas oblig\u00e9 de porter des v\u00eatements amples, de vous sentir d\u00e9gonfl\u00e9 sur les plages et de rencontrer ce probl\u00e8me tout le temps.<\/span><\/p><p><span style=\"color: #000000;\">La Chirurgie Plastique Esth\u00e9tique offre des options puissantes pour r\u00e9soudre tous ces probl\u00e8mes. La correction de la gyn\u00e9comastie est l&#039;option id\u00e9ale pour les seins de type f\u00e9minin inconfortables, gros et affaiss\u00e9s. De plus, il est possible d&#039;obtenir des lignes corporelles masculines et une apparence musculaire plus fortes et d&#039;\u00e9liminer les asym\u00e9tries avec <a href=\"https:\/\/www.dr-mfo.com\/fr\/liposuction\/\">liposuccion<\/a> et des garnitures grasses \u00e0 fabriquer \u00e0 partir de vos propres graisses. La correction de la gyn\u00e9comastie est une application avec un taux de satisfaction \u00e9lev\u00e9. Il donne des r\u00e9sultats satisfaisants sur les seins volumineux, tombants et asym\u00e9triques.\u00a0<\/span><span style=\"color: #000000; font-size: 1rem;\">Gyn\u00e9comastie ou chirurgie gyn\u00e9cologique <a href=\"https:\/\/www.dr-mfo.com\/fr\/hidden-paradise-antalya-and-touristic-feautures\/\">Turquie<\/a> vous propose de reprendre confiance en vous devant le miroir ! Pour en savoir plus avant et apr\u00e8s les r\u00e9sultats \u00e0 long terme, les avis des patients et combien co\u00fbte la chirurgie gyn\u00e9cologique en <a href=\"https:\/\/www.dr-mfo.com\/fr\/who-is-drmfo\/\">Dr MFO<\/a>, cliquez sur le bouton \u00ab\u00a0Contactez-nous\u00a0\u00bb en haut du site\u00a0!<\/span><\/p>\t\t\t\t\t\t\t\t<\/div>\n\t\t\t\t<div class=\"elementor-element elementor-element-181a6cf elementor-widget elementor-widget-heading\" data-id=\"181a6cf\" data-element_type=\"widget\" data-e-type=\"widget\" data-widget_type=\"heading.default\">\n\t\t\t\t\t<h2 class=\"elementor-heading-title elementor-size-large\">Chirurgie<\/h2>\t\t\t\t<\/div>\n\t\t\t\t<div class=\"elementor-element elementor-element-056cace elementor-widget elementor-widget-text-editor\" data-id=\"056cace\" data-element_type=\"widget\" data-e-type=\"widget\" data-widget_type=\"text-editor.default\">\n\t\t\t\t\t\t\t\t\t<p><span style=\"color: #000000;\">L\u2019intervention chirurgicale est g\u00e9n\u00e9ralement r\u00e9alis\u00e9e sous anesth\u00e9sie g\u00e9n\u00e9rale. La technique de liposuccion est g\u00e9n\u00e9ralement utilis\u00e9e pour le tissu adipeux qui provoque une augmentation mammaire. On y p\u00e9n\u00e8tre avec des incisions de 0,5 cm pratiqu\u00e9es en 1 \u00e0 2 points et le tissu adipeux est retir\u00e9 en le fragmentant \u00e0 l&#039;aide de canules sp\u00e9ciales. Les glandes mammaires accompagnant le tissu adipeux sont \u00e9galement retir\u00e9es en p\u00e9n\u00e9trant par les zones d&#039;incision mentionn\u00e9es. Aucune incision n&#039;est pratiqu\u00e9e sur le mamelon ou ses environs pour \u00e9viter la forme, la d\u00e9coloration ou les d\u00e9formations des mamelons. Les cicatrices d\u2019incision deviennent g\u00e9n\u00e9ralement p\u00e2les et presque invisibles apr\u00e8s 3 \u00e0 6 mois.<\/span><\/p>\t\t\t\t\t\t\t\t<\/div>\n\t\t\t\t<div class=\"elementor-element elementor-element-2650e09 elementor-widget elementor-widget-heading\" data-id=\"2650e09\" data-element_type=\"widget\" data-e-type=\"widget\" data-widget_type=\"heading.default\">\n\t\t\t\t\t<h2 class=\"elementor-heading-title elementor-size-large\">Avant la chirurgie<\/h2>\t\t\t\t<\/div>\n\t\t\t\t<div class=\"elementor-element elementor-element-2b21751 elementor-widget elementor-widget-text-editor\" data-id=\"2b21751\" data-element_type=\"widget\" data-e-type=\"widget\" data-widget_type=\"text-editor.default\">\n\t\t\t\t\t\t\t\t\t<p style=\"word-spacing: 6.4px;\"><span style=\"color: #000000;\">Comme avant toutes les chirurgies, l&#039;usage du tabac et des produits du tabac doit \u00eatre arr\u00eat\u00e9 au moins deux semaines avant la chirurgie de la gyn\u00e9comastie. Lors de la consultation m\u00e9dicale avant l&#039;intervention, le patient doit informer le m\u00e9decin des m\u00e9dicaments qu&#039;il utilise, des compl\u00e9ments alimentaires et des tisanes qu&#039;il consomme r\u00e9guli\u00e8rement, des maladies actuelles et pass\u00e9es le cas \u00e9ch\u00e9ant et des allergies. En particulier, les anticoagulants peuvent devoir \u00eatre interrompus ou r\u00e9organis\u00e9s.<\/span><\/p>\t\t\t\t\t\t\t\t<\/div>\n\t\t\t\t<div class=\"elementor-element elementor-element-3104334 elementor-widget elementor-widget-heading\" data-id=\"3104334\" data-element_type=\"widget\" data-e-type=\"widget\" data-widget_type=\"heading.default\">\n\t\t\t\t\t<h2 class=\"elementor-heading-title elementor-size-large\">Points \u00e0 consid\u00e9rer le jour de la chirurgie<\/h2>\t\t\t\t<\/div>\n\t\t\t\t<div class=\"elementor-element elementor-element-a0ead1c elementor-widget elementor-widget-text-editor\" data-id=\"a0ead1c\" data-element_type=\"widget\" data-e-type=\"widget\" data-widget_type=\"text-editor.default\">\n\t\t\t\t\t\t\t\t\t<p><span style=\"color: #000000;\">Il est important d&#039;apporter des v\u00eatements confortables pour la p\u00e9riode postop\u00e9ratoire. Des v\u00eatements larges, longs et boutonn\u00e9s seront id\u00e9aux. Il est \u00e9galement recommand\u00e9 de prendre une douche chaude avec un savon antibact\u00e9rien la veille de l&#039;op\u00e9ration.<\/span><\/p><p><span style=\"color: #000000;\">Si vous avez des compl\u00e9ments alimentaires, des m\u00e9dicaments \u00e0 base de plantes, des tisanes, des maladies suppl\u00e9mentaires connues ou des m\u00e9dicaments que vous utilisez r\u00e9guli\u00e8rement, vous devez les partager avec votre <a href=\"https:\/\/www.dr-mfo.com\/fr\/\">chirurgien<\/a> et son \u00e9quipe. Si vous n&#039;avez pas de probl\u00e8me de sant\u00e9 particulier, il peut \u00eatre d\u00e9cid\u00e9 si vous \u00eates apte \u00e0 l&#039;op\u00e9ration avec l&#039;analyse effectu\u00e9e le jour de l&#039;op\u00e9ration.<\/span><\/p>\t\t\t\t\t\t\t\t<\/div>\n\t\t\t\t<div class=\"elementor-element elementor-element-775a3b2 elementor-widget elementor-widget-heading\" data-id=\"775a3b2\" data-element_type=\"widget\" data-e-type=\"widget\" data-widget_type=\"heading.default\">\n\t\t\t\t\t<h2 class=\"elementor-heading-title elementor-size-large\">Apr\u00e8s l&#039;op\u00e9ration<\/h2>\t\t\t\t<\/div>\n\t\t\t\t<div class=\"elementor-element elementor-element-dba5874 elementor-widget elementor-widget-text-editor\" data-id=\"dba5874\" data-element_type=\"widget\" data-e-type=\"widget\" data-widget_type=\"text-editor.default\">\n\t\t\t\t\t\t\t\t\t<p><span style=\"color: #000000;\">Les patients sortent g\u00e9n\u00e9ralement le jour de l&#039;intervention ou le lendemain. Un corset de soutien est port\u00e9 imm\u00e9diatement apr\u00e8s l&#039;op\u00e9ration et ce corset est utilis\u00e9 pendant 3 \u00e0 4 semaines. Apr\u00e8s le 2\u00e8me jour, le patient peut prendre un bain. Habituellement, \u00e0 partir du 2\u00e8me jour, le patient peut retourner au travail et \u00e0 la vie sociale avec un corset. Le gonflement r\u00e9gresse g\u00e9n\u00e9ralement en 2 semaines.<\/span><\/p><p><span style=\"color: #000000;\">Un contr\u00f4le d\u00e9taill\u00e9 par votre chirurgien, g\u00e9n\u00e9ralement le troisi\u00e8me jour apr\u00e8s l&#039;op\u00e9ration, vous informera \u00e9galement des r\u00e9sultats.<\/span><\/p><p style=\"word-spacing: 6.4px;\"><span style=\"color: #000000;\">Les activit\u00e9s sportives telles que la marche \u00e0 un rythme l\u00e9ger peuvent \u00eatre pratiqu\u00e9es jusqu&#039;\u00e0 la fin des trois premi\u00e8res semaines. D\u00e8s la quatri\u00e8me semaine, vous pouvez reprendre pleinement votre vie sportive. Il est recommand\u00e9 d&#039;attendre les six premi\u00e8res semaines pour les activit\u00e9s sportives professionnelles lourdes (halt\u00e9rophilie, boxe, etc.)<\/span><\/p>\t\t\t\t\t\t\t\t<\/div>\n\t\t\t\t\t<\/div>\n\t\t<\/div>\n\t\t\t\t\t<\/div>\n\t\t<\/section>\n\t\t\t\t<section class=\"elementor-section elementor-top-section elementor-element elementor-element-0bb05d3 elementor-section-boxed elementor-section-height-default elementor-section-height-default\" data-id=\"0bb05d3\" data-element_type=\"section\" data-e-type=\"section\">\n\t\t\t\t\t\t<div class=\"elementor-container elementor-column-gap-default\">\n\t\t\t\t\t<div class=\"elementor-column elementor-col-50 elementor-top-column elementor-element elementor-element-59f81ae\" data-id=\"59f81ae\" data-element_type=\"column\" data-e-type=\"column\">\n\t\t\t<div class=\"elementor-widget-wrap elementor-element-populated\">\n\t\t\t\t\t\t<div class=\"elementor-element elementor-element-1a96609 elementor-widget elementor-widget-html\" data-id=\"1a96609\" data-element_type=\"widget\" data-e-type=\"widget\" data-widget_type=\"html.default\">\n\t\t\t\t\t<blockquote class=\"instagram-media\" data-instgrm-captioned data-instgrm-permalink=\"https:\/\/www.instagram.com\/p\/CjqBas6oqye\/?utm_source=ig_embed&amp;utm_campaign=loading\" data-instgrm-version=\"14\" style=\" background:#FFF; border:0; border-radius:3px; box-shadow:0 0 1px 0 rgba(0,0,0,0.5),0 1px 10px 0 rgba(0,0,0,0.15); margin: 1px; max-width:540px; min-width:326px; padding:0; width:99.375%; width:-webkit-calc(100% - 2px); width:calc(100% - 2px);\"><div style=\"padding:16px;\"> <a href=\"https:\/\/www.instagram.com\/p\/CjqBas6oqye\/?utm_source=ig_embed&amp;utm_campaign=loading\" style=\" background:#FFFFFF; line-height:0; padding:0 0; text-align:center; text-decoration:none; width:100%;\" target=\"_blank\" rel=\"nofollow noopener\"> <div style=\" display: flex; flex-direction: row; align-items: center;\"> <div style=\"background-color: #F4F4F4; border-radius: 50%; flex-grow: 0; height: 40px; margin-right: 14px; width: 40px;\"><\/div> <div style=\"display: flex; flex-direction: column; flex-grow: 1; justify-content: center;\"> <div style=\" background-color: #F4F4F4; border-radius: 4px; flex-grow: 0; height: 14px; margin-bottom: 6px; width: 100px;\"><\/div> <div style=\" background-color: #F4F4F4; border-radius: 4px; flex-grow: 0; height: 14px; width: 60px;\"><\/div><\/div><\/div><div style=\"padding: 19% 0;\"><\/div> <div style=\"display:block; height:50px; margin:0 auto 12px; width:50px;\"><svg width=\"50px\" height=\"50px\" viewbox=\"0 0 60 60\" version=\"1.1\" xmlns=\"https:\/\/www.w3.org\/2000\/svg\" xmlns:xlink=\"https:\/\/www.w3.org\/1999\/xlink\"><g stroke=\"none\" stroke-width=\"1\" fill=\"none\" fill-rule=\"evenodd\"><g transform=\"translate(-511.000000, -20.000000)\" fill=\"#000000\"><g><path d=\"M556.869,30.41 C554.814,30.41 553.148,32.076 553.148,34.131 C553.148,36.186 554.814,37.852 556.869,37.852 C558.924,37.852 560.59,36.186 560.59,34.131 C560.59,32.076 558.924,30.41 556.869,30.41 M541,60.657 C535.114,60.657 530.342,55.887 530.342,50 C530.342,44.114 535.114,39.342 541,39.342 C546.887,39.342 551.658,44.114 551.658,50 C551.658,55.887 546.887,60.657 541,60.657 M541,33.886 C532.1,33.886 524.886,41.1 524.886,50 C524.886,58.899 532.1,66.113 541,66.113 C549.9,66.113 557.115,58.899 557.115,50 C557.115,41.1 549.9,33.886 541,33.886 M565.378,62.101 C565.244,65.022 564.756,66.606 564.346,67.663 C563.803,69.06 563.154,70.057 562.106,71.106 C561.058,72.155 560.06,72.803 558.662,73.347 C557.607,73.757 556.021,74.244 553.102,74.378 C549.944,74.521 548.997,74.552 541,74.552 C533.003,74.552 532.056,74.521 528.898,74.378 C525.979,74.244 524.393,73.757 523.338,73.347 C521.94,72.803 520.942,72.155 519.894,71.106 C518.846,70.057 518.197,69.06 517.654,67.663 C517.244,66.606 516.755,65.022 516.623,62.101 C516.479,58.943 516.448,57.996 516.448,50 C516.448,42.003 516.479,41.056 516.623,37.899 C516.755,34.978 517.244,33.391 517.654,32.338 C518.197,30.938 518.846,29.942 519.894,28.894 C520.942,27.846 521.94,27.196 523.338,26.654 C524.393,26.244 525.979,25.756 528.898,25.623 C532.057,25.479 533.004,25.448 541,25.448 C548.997,25.448 549.943,25.479 553.102,25.623 C556.021,25.756 557.607,26.244 558.662,26.654 C560.06,27.196 561.058,27.846 562.106,28.894 C563.154,29.942 563.803,30.938 564.346,32.338 C564.756,33.391 565.244,34.978 565.378,37.899 C565.522,41.056 565.552,42.003 565.552,50 C565.552,57.996 565.522,58.943 565.378,62.101 M570.82,37.631 C570.674,34.438 570.167,32.258 569.425,30.349 C568.659,28.377 567.633,26.702 565.965,25.035 C564.297,23.368 562.623,22.342 560.652,21.575 C558.743,20.834 556.562,20.326 553.369,20.18 C550.169,20.033 549.148,20 541,20 C532.853,20 531.831,20.033 528.631,20.18 C525.438,20.326 523.257,20.834 521.349,21.575 C519.376,22.342 517.703,23.368 516.035,25.035 C514.368,26.702 513.342,28.377 512.574,30.349 C511.834,32.258 511.326,34.438 511.181,37.631 C511.035,40.831 511,41.851 511,50 C511,58.147 511.035,59.17 511.181,62.369 C511.326,65.562 511.834,67.743 512.574,69.651 C513.342,71.625 514.368,73.296 516.035,74.965 C517.703,76.634 519.376,77.658 521.349,78.425 C523.257,79.167 525.438,79.673 528.631,79.82 C531.831,79.965 532.853,80.001 541,80.001 C549.148,80.001 550.169,79.965 553.369,79.82 C556.562,79.673 558.743,79.167 560.652,78.425 C562.623,77.658 564.297,76.634 565.965,74.965 C567.633,73.296 568.659,71.625 569.425,69.651 C570.167,67.743 570.674,65.562 570.82,62.369 C570.966,59.17 571,58.147 571,50 C571,41.851 570.966,40.831 570.82,37.631\"><\/path><\/g><\/g><\/g><\/svg><\/div><div style=\"padding-top: 8px;\"> <div style=\" color:#3897f0; font-family:Arial,sans-serif; font-size:14px; font-style:normal; font-weight:550; line-height:18px;\">Ver esta publicaci\u00f3n in Instagram<\/div><\/div><div style=\"padding: 12.5% 0;\"><\/div> <div style=\"display: flex; flex-direction: row; margin-bottom: 14px; align-items: center;\"><div> <div style=\"background-color: #F4F4F4; border-radius: 50%; height: 12.5px; width: 12.5px; transform: translateX(0px) translateY(7px);\"><\/div> <div style=\"background-color: #F4F4F4; height: 12.5px; transform: rotate(-45deg) translateX(3px) translateY(1px); width: 12.5px; flex-grow: 0; margin-right: 14px; margin-left: 2px;\"><\/div> <div style=\"background-color: #F4F4F4; border-radius: 50%; height: 12.5px; width: 12.5px; transform: translateX(9px) translateY(-18px);\"><\/div><\/div><div style=\"margin-left: 8px;\"> <div style=\" background-color: #F4F4F4; border-radius: 50%; flex-grow: 0; height: 20px; width: 20px;\"><\/div> <div style=\" width: 0; height: 0; border-top: 2px solid transparent; border-left: 6px solid #f4f4f4; border-bottom: 2px solid transparent; transform: translateX(16px) translateY(-4px) rotate(30deg)\"><\/div><\/div><div style=\"margin-left: auto;\"> <div style=\" width: 0px; border-top: 8px solid #F4F4F4; border-right: 8px solid transparent; transform: translateY(16px);\"><\/div> <div style=\" background-color: #F4F4F4; flex-grow: 0; height: 12px; width: 16px; transform: translateY(-4px);\"><\/div> <div style=\" width: 0; height: 0; border-top: 8px solid #F4F4F4; border-left: 8px solid transparent; transform: translateY(-4px) translateX(8px);\"><\/div><\/div><\/div> <div style=\"display: flex; flex-direction: column; flex-grow: 1; justify-content: center; margin-bottom: 24px;\"> <div style=\" background-color: #F4F4F4; border-radius: 4px; flex-grow: 0; height: 14px; margin-bottom: 6px; width: 224px;\"><\/div> <div style=\" background-color: #F4F4F4; border-radius: 4px; flex-grow: 0; height: 14px; width: 144px;\"><\/div><\/div><\/a><p style=\" color:#c9c8cd; font-family:Arial,sans-serif; font-size:14px; line-height:17px; margin-bottom:0; margin-top:8px; overflow:hidden; padding:8px 0 7px; text-align:center; text-overflow:ellipsis; white-space:nowrap;\"><a href=\"https:\/\/www.instagram.com\/p\/CjqBas6oqye\/?utm_source=ig_embed&amp;utm_campaign=loading\" style=\" color:#c9c8cd; font-family:Arial,sans-serif; font-size:14px; font-style:normal; font-weight:normal; line-height:17px; text-decoration:none;\" target=\"_blank\" rel=\"nofollow noopener\">Une publication compar\u00e9e par Mehmet Fatih Okyay, MD, FEBOPRAS (@dr_mfo)<\/a><\/p><\/div><\/blockquote> <script async src=\"\/\/www.instagram.com\/embed.js\"><\/script>\t\t\t\t<\/div>\n\t\t\t\t\t<\/div>\n\t\t<\/div>\n\t\t\t\t<div class=\"elementor-column elementor-col-50 elementor-top-column elementor-element elementor-element-e71c974\" data-id=\"e71c974\" data-element_type=\"column\" data-e-type=\"column\">\n\t\t\t<div class=\"elementor-widget-wrap\">\n\t\t\t\t\t\t\t<\/div>\n\t\t<\/div>\n\t\t\t\t\t<\/div>\n\t\t<\/section>\n\t\t\t\t<\/div>","protected":false},"excerpt":{"rendered":"<p>Gynecomastia Gynecomastia is feminine breast enlargement in men. Enlargement of the breasts occurs as a result of an increase in fat, breast tissue, or both. Various hormonal imbalances, drugs, and some endocrinological diseases can cause gynecomastia. However, an underlying cause is often not found. Gynecomastia can occur in men in three periods of life. These [&hellip;]<\/p>\n","protected":false},"author":2,"featured_media":0,"parent":0,"menu_order":0,"comment_status":"closed","ping_status":"closed","template":"","meta":{"_acf_changed":false,"footnotes":""},"class_list":["post-2185","page","type-page","status-publish","hentry"],"acf":[],"_links":{"self":[{"href":"https:\/\/www.dr-mfo.com\/fr\/wp-json\/wp\/v2\/pages\/2185","targetHints":{"allow":["GET"]}}],"collection":[{"href":"https:\/\/www.dr-mfo.com\/fr\/wp-json\/wp\/v2\/pages"}],"about":[{"href":"https:\/\/www.dr-mfo.com\/fr\/wp-json\/wp\/v2\/types\/page"}],"author":[{"embeddable":true,"href":"https:\/\/www.dr-mfo.com\/fr\/wp-json\/wp\/v2\/users\/2"}],"replies":[{"embeddable":true,"href":"https:\/\/www.dr-mfo.com\/fr\/wp-json\/wp\/v2\/comments?post=2185"}],"version-history":[{"count":0,"href":"https:\/\/www.dr-mfo.com\/fr\/wp-json\/wp\/v2\/pages\/2185\/revisions"}],"wp:attachment":[{"href":"https:\/\/www.dr-mfo.com\/fr\/wp-json\/wp\/v2\/media?parent=2185"}],"curies":[{"name":"wp","href":"https:\/\/api.w.org\/{rel}","templated":true}]}}