{"id":2265,"date":"2022-03-27T02:53:37","date_gmt":"2022-03-27T02:53:37","guid":{"rendered":"https:\/\/www.dr-mfo.com\/?page_id=2265"},"modified":"2026-02-22T11:26:36","modified_gmt":"2026-02-22T11:26:36","slug":"augmentation-des-joues","status":"publish","type":"page","link":"https:\/\/www.dr-mfo.com\/fr\/cheek-augmentation\/","title":{"rendered":"Augmentation des joues"},"content":{"rendered":"<div data-elementor-type=\"wp-page\" data-elementor-id=\"2265\" class=\"elementor elementor-2265\">\n\t\t\t\t\t\t<section class=\"elementor-section elementor-top-section elementor-element elementor-element-4143b29 elementor-section-boxed elementor-section-height-default elementor-section-height-default\" data-id=\"4143b29\" data-element_type=\"section\" data-e-type=\"section\">\n\t\t\t\t\t\t<div class=\"elementor-container elementor-column-gap-default\">\n\t\t\t\t\t<div class=\"elementor-column elementor-col-100 elementor-top-column elementor-element elementor-element-fc33665\" data-id=\"fc33665\" data-element_type=\"column\" data-e-type=\"column\">\n\t\t\t<div class=\"elementor-widget-wrap elementor-element-populated\">\n\t\t\t\t\t\t<div class=\"elementor-element elementor-element-a0fafd8 elementor-widget-divider--view-line elementor-widget elementor-widget-divider\" data-id=\"a0fafd8\" data-element_type=\"widget\" data-e-type=\"widget\" data-widget_type=\"divider.default\">\n\t\t\t\t\t\t\t<div class=\"elementor-divider\">\n\t\t\t<span class=\"elementor-divider-separator\">\n\t\t\t\t\t\t<\/span>\n\t\t<\/div>\n\t\t\t\t\t\t<\/div>\n\t\t\t\t<div class=\"elementor-element elementor-element-4aca2a2 elementor-widget-divider--view-line elementor-widget elementor-widget-divider\" data-id=\"4aca2a2\" data-element_type=\"widget\" data-e-type=\"widget\" data-widget_type=\"divider.default\">\n\t\t\t\t\t\t\t<div class=\"elementor-divider\">\n\t\t\t<span class=\"elementor-divider-separator\">\n\t\t\t\t\t\t<\/span>\n\t\t<\/div>\n\t\t\t\t\t\t<\/div>\n\t\t\t\t<div class=\"elementor-element elementor-element-fbc12e2 elementor-widget-divider--view-line elementor-widget elementor-widget-divider\" data-id=\"fbc12e2\" data-element_type=\"widget\" data-e-type=\"widget\" data-widget_type=\"divider.default\">\n\t\t\t\t\t\t\t<div class=\"elementor-divider\">\n\t\t\t<span class=\"elementor-divider-separator\">\n\t\t\t\t\t\t<\/span>\n\t\t<\/div>\n\t\t\t\t\t\t<\/div>\n\t\t\t\t<div class=\"elementor-element elementor-element-01c0076 elementor-widget-divider--view-line elementor-widget elementor-widget-divider\" data-id=\"01c0076\" data-element_type=\"widget\" data-e-type=\"widget\" data-widget_type=\"divider.default\">\n\t\t\t\t\t\t\t<div class=\"elementor-divider\">\n\t\t\t<span class=\"elementor-divider-separator\">\n\t\t\t\t\t\t<\/span>\n\t\t<\/div>\n\t\t\t\t\t\t<\/div>\n\t\t\t\t<div class=\"elementor-element elementor-element-69101bf elementor-widget elementor-widget-image\" data-id=\"69101bf\" data-element_type=\"widget\" data-e-type=\"widget\" data-widget_type=\"image.default\">\n\t\t\t\t\t\t\t\t\t\t\t\t\t\t\t\t<a href=\"https:\/\/instagram.com\/p\/CelDk-psxjn\/\" rel=\"nofollow noopener\" target=\"_blank\">\n\t\t\t\t\t\t\t<img decoding=\"async\" src=\"https:\/\/www.dr-mfo.com\/wp-content\/uploads\/elementor\/thumbs\/cheek-qd1lu9p75m5qqkjjsgcmaqp2ihabjojnhw1xbikbom.jpg\" title=\"implant de joue\" alt=\"Oeil de chat\" loading=\"lazy\" \/>\t\t\t\t\t\t\t\t<\/a>\n\t\t\t\t\t\t\t\t\t\t\t\t\t\t\t<\/div>\n\t\t\t\t<div class=\"elementor-element elementor-element-3522b4c elementor-widget-divider--view-line elementor-widget elementor-widget-divider\" data-id=\"3522b4c\" data-element_type=\"widget\" data-e-type=\"widget\" data-widget_type=\"divider.default\">\n\t\t\t\t\t\t\t<div class=\"elementor-divider\">\n\t\t\t<span class=\"elementor-divider-separator\">\n\t\t\t\t\t\t<\/span>\n\t\t<\/div>\n\t\t\t\t\t\t<\/div>\n\t\t\t\t<div class=\"elementor-element elementor-element-db16bfa elementor-widget elementor-widget-heading\" data-id=\"db16bfa\" data-element_type=\"widget\" data-e-type=\"widget\" data-widget_type=\"heading.default\">\n\t\t\t\t\t<h2 class=\"elementor-heading-title elementor-size-xl\">Augmentation des joues<\/h2>\t\t\t\t<\/div>\n\t\t\t\t<div class=\"elementor-element elementor-element-700dc61 elementor-widget elementor-widget-text-editor\" data-id=\"700dc61\" data-element_type=\"widget\" data-e-type=\"widget\" data-widget_type=\"text-editor.default\">\n\t\t\t\t\t\t\t\t\t<p><span style=\"color: #000000;\"><a href=\"https:\/\/www.dr-mfo.com\/fr\/cheek-implants-costs-in-turkey\/\">Augmentation des joues<\/a> l&#039;application est appliqu\u00e9e afin d&#039;am\u00e9liorer la perte de volume de la pommette et des tissus mous qui s&#039;y trouvent, l&#039;affaissement des joues, l&#039;empilement de la joue sur le nez et la l\u00e8vre, et l&#039;\u00e9l\u00e9vation correspondante des sillons nasog\u00e9niens, des d\u00e9formations qui se produisent pour de nombreuses raisons telles que le vieillissement, les facteurs environnementaux, l&#039;\u00e9tat h\u00e9r\u00e9ditaire.<\/span><\/p><p><span style=\"color: #000000;\">Gr\u00e2ce \u00e0 l&#039;augmentation des pommettes, la zone des joues est plus pro\u00e9minente et les gens ont une meilleure apparence. L&#039;augmentation des joues est pr\u00e9f\u00e9r\u00e9e aux jeunes \u00e2ges pour rendre les traits du visage plus pro\u00e9minents et proportionn\u00e9s et pour mettre davantage l&#039;accent sur les pommettes dans l&#039;harmonie du visage.<\/span><\/p><p><span style=\"color: #000000;\">Gr\u00e2ce \u00e0 la chirurgie d&#039;augmentation des joues, les pommettes et la zone des joues au-dessus sont \u00e9limin\u00e9es de l&#039;apparence fatigu\u00e9e des personnes cong\u00e9nitalement ou structurellement faibles, la zone des joues est lift\u00e9e de la m\u00eame mani\u00e8re qu&#039;un lifting m\u00e9dian et le visage re\u00e7oit du volume. En donnant \u00e0 la personne une apparence vive et jeune, on obtient une pl\u00e9nitude permanente et significative avec un changement s\u00e9rieux.<\/span><\/p><p><span style=\"color: #000000;\">Aux \u00e2ges avanc\u00e9s, la perte de volume des joues est remplac\u00e9e par l&#039;augmentation des joues. Avec l&#039;augmentation des joues, les pommettes sont clarifi\u00e9es. De plus, il peut \u00eatre combin\u00e9 avec d&#039;autres m\u00e9thodes telles que les liftings, permettant aux gens d&#039;avoir une apparence plus jeune et plus vivante.<\/span><\/p>\t\t\t\t\t\t\t\t<\/div>\n\t\t\t\t<div class=\"elementor-element elementor-element-02d77a7 elementor-widget elementor-widget-heading\" data-id=\"02d77a7\" data-element_type=\"widget\" data-e-type=\"widget\" data-widget_type=\"heading.default\">\n\t\t\t\t\t<h2 class=\"elementor-heading-title elementor-size-large\">Dans quelles situations s&#039;applique-t-il ?<\/h2>\t\t\t\t<\/div>\n\t\t\t\t<div class=\"elementor-element elementor-element-3589cc0 elementor-widget elementor-widget-text-editor\" data-id=\"3589cc0\" data-element_type=\"widget\" data-e-type=\"widget\" data-widget_type=\"text-editor.default\">\n\t\t\t\t\t\t\t\t\t<ul><li><span style=\"color: #000000;\">Joues affaiss\u00e9es et perte de volume<\/span><\/li><li><span style=\"color: #000000;\">Volume de joue structurellement insuffisant<\/span><\/li><li><span style=\"color: #000000;\">Regard fatigu\u00e9 au niveau des joues<\/span><\/li><\/ul>\t\t\t\t\t\t\t\t<\/div>\n\t\t\t\t<div class=\"elementor-element elementor-element-6a4fe3c elementor-widget elementor-widget-heading\" data-id=\"6a4fe3c\" data-element_type=\"widget\" data-e-type=\"widget\" data-widget_type=\"heading.default\">\n\t\t\t\t\t<h2 class=\"elementor-heading-title elementor-size-large\">L&#039;implant de joue est permanent<\/h2>\t\t\t\t<\/div>\n\t\t\t\t<div class=\"elementor-element elementor-element-b0eb1bd elementor-widget elementor-widget-text-editor\" data-id=\"b0eb1bd\" data-element_type=\"widget\" data-e-type=\"widget\" data-widget_type=\"text-editor.default\">\n\t\t\t\t\t\t\t\t\t<p><span style=\"color: #000000;\">Puisqu&#039;il s&#039;agit d&#039;une m\u00e9thode simple et saine, l&#039;augmentation des joues est une m\u00e9thode permanente, tr\u00e8s appr\u00e9ci\u00e9e aujourd&#039;hui. Le temps de r\u00e9cup\u00e9ration diff\u00e8re d&#039;une personne \u00e0 l&#039;autre. Apr\u00e8s l&#039;augmentation de la joue, l&#039;effet de la proc\u00e9dure est imm\u00e9diatement visible. Il montre le r\u00e9sultat de la proc\u00e9dure lorsque l&#039;\u00e9tat g\u00e9n\u00e9ral d&#039;\u0153d\u00e8me passe apr\u00e8s une moyenne d&#039;une semaine.<\/span><\/p><p><span style=\"color: #000000;\">L&#039;augmentation des joues \u00e9tant r\u00e9alis\u00e9e par une incision \u00e0 l&#039;int\u00e9rieur de la paupi\u00e8re inf\u00e9rieure ou par la bouche, il n&#039;y a pas de cicatrice visible. La pose d&#039;implants doit \u00eatre r\u00e9alis\u00e9e sous anesth\u00e9sie g\u00e9n\u00e9rale par un sp\u00e9cialiste et un plasticien professionnel. <a href=\"https:\/\/www.dr-mfo.com\/fr\/\">chirurgien<\/a> dans l&#039;environnement de la salle d&#039;op\u00e9ration. Apr\u00e8s la proc\u00e9dure, les personnes peuvent g\u00e9n\u00e9ralement \u00eatre lib\u00e9r\u00e9es le m\u00eame jour.<\/span><\/p><p><span style=\"color: #000000;\">L&#039;enflure, la rougeur et les ecchymoses sur le visage commenceront \u00e0 dispara\u00eetre dans les 2-3 jours. L&#039;op\u00e9ration d&#039;augmentation des joues, qui dure environ une heure, peut \u00eatre appliqu\u00e9e dans la m\u00eame s\u00e9ance avec d&#039;autres op\u00e9rations esth\u00e9tiques.<\/span><\/p><p><span style=\"color: #000000;\">Les rougeurs et les bleus qui apparaissent disparaissent d&#039;eux-m\u00eames apr\u00e8s un certain temps. Le r\u00e9tablissement complet apr\u00e8s une augmentation des joues prend en moyenne 6 \u00e0 12 mois.<\/span><\/p>\t\t\t\t\t\t\t\t<\/div>\n\t\t\t\t<div class=\"elementor-element elementor-element-11e9c06 elementor-widget elementor-widget-heading\" data-id=\"11e9c06\" data-element_type=\"widget\" data-e-type=\"widget\" data-widget_type=\"heading.default\">\n\t\t\t\t\t<h2 class=\"elementor-heading-title elementor-size-large\">Est-ce s\u00fbr?<\/h2>\t\t\t\t<\/div>\n\t\t\t\t<div class=\"elementor-element elementor-element-aea81cd elementor-widget elementor-widget-text-editor\" data-id=\"aea81cd\" data-element_type=\"widget\" data-e-type=\"widget\" data-widget_type=\"text-editor.default\">\n\t\t\t\t\t\t\t\t\t<p><span style=\"color: #000000;\">Les outils d&#039;augmentation des joues fabriqu\u00e9s \u00e0 partir de mat\u00e9riaux compatibles avec des tissus biologiques sp\u00e9ciaux qui s&#039;ossifient int\u00e9gr\u00e9s dans la pommette, comportent certains risques chirurgicaux comme tous les corps \u00e9trangers. Cependant, gr\u00e2ce \u00e0 sa fonction d&#039;ossification, les risques de la chirurgie sont aujourd&#039;hui minimis\u00e9s.<\/span><\/p><p><span style=\"color: #000000;\">Il est utilis\u00e9 en t\u00eate de liste pour donner forme et volume \u00e0 la zone des joues. Il ne pose aucun probl\u00e8me dans le diagnostic, le traitement et le suivi des maladies de la r\u00e9gion des joues.<\/span><\/p>\t\t\t\t\t\t\t\t<\/div>\n\t\t\t\t<div class=\"elementor-element elementor-element-be2b975 elementor-widget elementor-widget-heading\" data-id=\"be2b975\" data-element_type=\"widget\" data-e-type=\"widget\" data-widget_type=\"heading.default\">\n\t\t\t\t\t<h2 class=\"elementor-heading-title elementor-size-large\">Choses \u00e0 consid\u00e9rer avant et apr\u00e8s la chirurgie<\/h2>\t\t\t\t<\/div>\n\t\t\t\t<div class=\"elementor-element elementor-element-09c1e46 elementor-widget elementor-widget-text-editor\" data-id=\"09c1e46\" data-element_type=\"widget\" data-e-type=\"widget\" data-widget_type=\"text-editor.default\">\n\t\t\t\t\t\t\t\t\t<p><span style=\"color: #000000;\">Avant et apr\u00e8s la proc\u00e9dure, les personnes doivent \u00e9viter les habitudes nocives telles que l&#039;alcool et le tabagisme. De plus, les anticoagulants ne doivent pas \u00eatre utilis\u00e9s pendant un certain temps avant et apr\u00e8s la chirurgie.<\/span><\/p><p><span style=\"color: #000000;\">Les personnes atteintes d&#039;une maladie chronique doivent d&#039;abord consulter le m\u00e9decin sp\u00e9cialiste au sujet de la proc\u00e9dure et d\u00e9terminer si leur maladie convient au traitement d&#039;augmentation des joues. Apr\u00e8s l&#039;augmentation des joues, un engourdissement peut \u00eatre observ\u00e9 dans les l\u00e8vres et le menton. Cela peut prendre entre 3 jours et 3 semaines pour \u00eatre r\u00e9solu, la plupart du temps.<\/span><\/p>\t\t\t\t\t\t\t\t<\/div>\n\t\t\t\t\t<\/div>\n\t\t<\/div>\n\t\t\t\t\t<\/div>\n\t\t<\/section>\n\t\t\t\t<section class=\"elementor-section elementor-top-section elementor-element elementor-element-698488e elementor-section-boxed elementor-section-height-default elementor-section-height-default\" data-id=\"698488e\" data-element_type=\"section\" data-e-type=\"section\">\n\t\t\t\t\t\t<div class=\"elementor-container elementor-column-gap-default\">\n\t\t\t\t\t<div class=\"elementor-column elementor-col-50 elementor-top-column elementor-element elementor-element-18cfaeb\" data-id=\"18cfaeb\" data-element_type=\"column\" data-e-type=\"column\">\n\t\t\t<div class=\"elementor-widget-wrap elementor-element-populated\">\n\t\t\t\t\t\t<div class=\"elementor-element elementor-element-d77ce14 elementor-widget elementor-widget-html\" data-id=\"d77ce14\" data-element_type=\"widget\" data-e-type=\"widget\" data-widget_type=\"html.default\">\n\t\t\t\t\t<blockquote class=\"instagram-media\" data-instgrm-captioned data-instgrm-permalink=\"https:\/\/www.instagram.com\/p\/CelDk-psxjn\/?utm_source=ig_embed&amp;utm_campaign=loading\" data-instgrm-version=\"14\" style=\" background:#FFF; border:0; border-radius:3px; box-shadow:0 0 1px 0 rgba(0,0,0,0.5),0 1px 10px 0 rgba(0,0,0,0.15); margin: 1px; max-width:540px; min-width:326px; padding:0; width:99.375%; width:-webkit-calc(100% - 2px); width:calc(100% - 2px);\"><div style=\"padding:16px;\"> <a href=\"https:\/\/www.instagram.com\/p\/CelDk-psxjn\/?utm_source=ig_embed&amp;utm_campaign=loading\" style=\" background:#FFFFFF; line-height:0; padding:0 0; text-align:center; text-decoration:none; width:100%;\" target=\"_blank\" rel=\"nofollow noopener\"> <div style=\" display: flex; flex-direction: row; align-items: center;\"> <div style=\"background-color: #F4F4F4; border-radius: 50%; flex-grow: 0; height: 40px; margin-right: 14px; width: 40px;\"><\/div> <div style=\"display: flex; flex-direction: column; flex-grow: 1; justify-content: center;\"> <div style=\" background-color: #F4F4F4; border-radius: 4px; flex-grow: 0; height: 14px; margin-bottom: 6px; width: 100px;\"><\/div> <div style=\" background-color: #F4F4F4; border-radius: 4px; flex-grow: 0; height: 14px; width: 60px;\"><\/div><\/div><\/div><div style=\"padding: 19% 0;\"><\/div> <div style=\"display:block; height:50px; margin:0 auto 12px; width:50px;\"><svg width=\"50px\" height=\"50px\" viewbox=\"0 0 60 60\" version=\"1.1\" xmlns=\"https:\/\/www.w3.org\/2000\/svg\" xmlns:xlink=\"https:\/\/www.w3.org\/1999\/xlink\"><g stroke=\"none\" stroke-width=\"1\" fill=\"none\" fill-rule=\"evenodd\"><g transform=\"translate(-511.000000, -20.000000)\" fill=\"#000000\"><g><path d=\"M556.869,30.41 C554.814,30.41 553.148,32.076 553.148,34.131 C553.148,36.186 554.814,37.852 556.869,37.852 C558.924,37.852 560.59,36.186 560.59,34.131 C560.59,32.076 558.924,30.41 556.869,30.41 M541,60.657 C535.114,60.657 530.342,55.887 530.342,50 C530.342,44.114 535.114,39.342 541,39.342 C546.887,39.342 551.658,44.114 551.658,50 C551.658,55.887 546.887,60.657 541,60.657 M541,33.886 C532.1,33.886 524.886,41.1 524.886,50 C524.886,58.899 532.1,66.113 541,66.113 C549.9,66.113 557.115,58.899 557.115,50 C557.115,41.1 549.9,33.886 541,33.886 M565.378,62.101 C565.244,65.022 564.756,66.606 564.346,67.663 C563.803,69.06 563.154,70.057 562.106,71.106 C561.058,72.155 560.06,72.803 558.662,73.347 C557.607,73.757 556.021,74.244 553.102,74.378 C549.944,74.521 548.997,74.552 541,74.552 C533.003,74.552 532.056,74.521 528.898,74.378 C525.979,74.244 524.393,73.757 523.338,73.347 C521.94,72.803 520.942,72.155 519.894,71.106 C518.846,70.057 518.197,69.06 517.654,67.663 C517.244,66.606 516.755,65.022 516.623,62.101 C516.479,58.943 516.448,57.996 516.448,50 C516.448,42.003 516.479,41.056 516.623,37.899 C516.755,34.978 517.244,33.391 517.654,32.338 C518.197,30.938 518.846,29.942 519.894,28.894 C520.942,27.846 521.94,27.196 523.338,26.654 C524.393,26.244 525.979,25.756 528.898,25.623 C532.057,25.479 533.004,25.448 541,25.448 C548.997,25.448 549.943,25.479 553.102,25.623 C556.021,25.756 557.607,26.244 558.662,26.654 C560.06,27.196 561.058,27.846 562.106,28.894 C563.154,29.942 563.803,30.938 564.346,32.338 C564.756,33.391 565.244,34.978 565.378,37.899 C565.522,41.056 565.552,42.003 565.552,50 C565.552,57.996 565.522,58.943 565.378,62.101 M570.82,37.631 C570.674,34.438 570.167,32.258 569.425,30.349 C568.659,28.377 567.633,26.702 565.965,25.035 C564.297,23.368 562.623,22.342 560.652,21.575 C558.743,20.834 556.562,20.326 553.369,20.18 C550.169,20.033 549.148,20 541,20 C532.853,20 531.831,20.033 528.631,20.18 C525.438,20.326 523.257,20.834 521.349,21.575 C519.376,22.342 517.703,23.368 516.035,25.035 C514.368,26.702 513.342,28.377 512.574,30.349 C511.834,32.258 511.326,34.438 511.181,37.631 C511.035,40.831 511,41.851 511,50 C511,58.147 511.035,59.17 511.181,62.369 C511.326,65.562 511.834,67.743 512.574,69.651 C513.342,71.625 514.368,73.296 516.035,74.965 C517.703,76.634 519.376,77.658 521.349,78.425 C523.257,79.167 525.438,79.673 528.631,79.82 C531.831,79.965 532.853,80.001 541,80.001 C549.148,80.001 550.169,79.965 553.369,79.82 C556.562,79.673 558.743,79.167 560.652,78.425 C562.623,77.658 564.297,76.634 565.965,74.965 C567.633,73.296 568.659,71.625 569.425,69.651 C570.167,67.743 570.674,65.562 570.82,62.369 C570.966,59.17 571,58.147 571,50 C571,41.851 570.966,40.831 570.82,37.631\"><\/path><\/g><\/g><\/g><\/svg><\/div><div style=\"padding-top: 8px;\"> <div style=\" color:#3897f0; font-family:Arial,sans-serif; font-size:14px; font-style:normal; font-weight:550; line-height:18px;\">Ver esta publicaci\u00f3n in Instagram<\/div><\/div><div style=\"padding: 12.5% 0;\"><\/div> <div style=\"display: flex; flex-direction: row; margin-bottom: 14px; align-items: center;\"><div> <div style=\"background-color: #F4F4F4; border-radius: 50%; height: 12.5px; width: 12.5px; transform: translateX(0px) translateY(7px);\"><\/div> <div style=\"background-color: #F4F4F4; height: 12.5px; transform: rotate(-45deg) translateX(3px) translateY(1px); width: 12.5px; flex-grow: 0; margin-right: 14px; margin-left: 2px;\"><\/div> <div style=\"background-color: #F4F4F4; border-radius: 50%; height: 12.5px; width: 12.5px; transform: translateX(9px) translateY(-18px);\"><\/div><\/div><div style=\"margin-left: 8px;\"> <div style=\" background-color: #F4F4F4; border-radius: 50%; flex-grow: 0; height: 20px; width: 20px;\"><\/div> <div style=\" width: 0; height: 0; border-top: 2px solid transparent; border-left: 6px solid #f4f4f4; border-bottom: 2px solid transparent; transform: translateX(16px) translateY(-4px) rotate(30deg)\"><\/div><\/div><div style=\"margin-left: auto;\"> <div style=\" width: 0px; border-top: 8px solid #F4F4F4; border-right: 8px solid transparent; transform: translateY(16px);\"><\/div> <div style=\" background-color: #F4F4F4; flex-grow: 0; height: 12px; width: 16px; transform: translateY(-4px);\"><\/div> <div style=\" width: 0; height: 0; border-top: 8px solid #F4F4F4; border-left: 8px solid transparent; transform: translateY(-4px) translateX(8px);\"><\/div><\/div><\/div> <div style=\"display: flex; flex-direction: column; flex-grow: 1; justify-content: center; margin-bottom: 24px;\"> <div style=\" background-color: #F4F4F4; border-radius: 4px; flex-grow: 0; height: 14px; margin-bottom: 6px; width: 224px;\"><\/div> <div style=\" background-color: #F4F4F4; border-radius: 4px; flex-grow: 0; height: 14px; width: 144px;\"><\/div><\/div><\/a><p style=\" color:#c9c8cd; font-family:Arial,sans-serif; font-size:14px; line-height:17px; margin-bottom:0; margin-top:8px; overflow:hidden; padding:8px 0 7px; text-align:center; text-overflow:ellipsis; white-space:nowrap;\"><a href=\"https:\/\/www.instagram.com\/p\/CelDk-psxjn\/?utm_source=ig_embed&amp;utm_campaign=loading\" style=\" color:#c9c8cd; font-family:Arial,sans-serif; font-size:14px; font-style:normal; font-weight:normal; line-height:17px; text-decoration:none;\" target=\"_blank\" rel=\"nofollow noopener\">Une publication compar\u00e9e par Mehmet Fatih Okyay, MD, FEBOPRAS (@dr_mfo)<\/a><\/p><\/div><\/blockquote> <script async src=\"\/\/www.instagram.com\/embed.js\"><\/script>\t\t\t\t<\/div>\n\t\t\t\t\t<\/div>\n\t\t<\/div>\n\t\t\t\t<div class=\"elementor-column elementor-col-50 elementor-top-column elementor-element elementor-element-d5aef83\" data-id=\"d5aef83\" data-element_type=\"column\" data-e-type=\"column\">\n\t\t\t<div class=\"elementor-widget-wrap\">\n\t\t\t\t\t\t\t<\/div>\n\t\t<\/div>\n\t\t\t\t\t<\/div>\n\t\t<\/section>\n\t\t\t\t<\/div>","protected":false},"excerpt":{"rendered":"<p>Cheek Augmentation Cheek augmentation application is applied in order to improve the volume loss of the cheekbone and soft tissue on it, cheek sagging, piling of the cheek on the nose and lip, and correspondingly rising nasolabial grooves, deformations that occur due to many reasons such as aging, environmental factors, hereditary condition. Thanks to the [&hellip;]<\/p>\n","protected":false},"author":2,"featured_media":0,"parent":0,"menu_order":0,"comment_status":"closed","ping_status":"closed","template":"","meta":{"_acf_changed":false,"footnotes":""},"class_list":["post-2265","page","type-page","status-publish","hentry"],"acf":[],"_links":{"self":[{"href":"https:\/\/www.dr-mfo.com\/fr\/wp-json\/wp\/v2\/pages\/2265","targetHints":{"allow":["GET"]}}],"collection":[{"href":"https:\/\/www.dr-mfo.com\/fr\/wp-json\/wp\/v2\/pages"}],"about":[{"href":"https:\/\/www.dr-mfo.com\/fr\/wp-json\/wp\/v2\/types\/page"}],"author":[{"embeddable":true,"href":"https:\/\/www.dr-mfo.com\/fr\/wp-json\/wp\/v2\/users\/2"}],"replies":[{"embeddable":true,"href":"https:\/\/www.dr-mfo.com\/fr\/wp-json\/wp\/v2\/comments?post=2265"}],"version-history":[{"count":0,"href":"https:\/\/www.dr-mfo.com\/fr\/wp-json\/wp\/v2\/pages\/2265\/revisions"}],"wp:attachment":[{"href":"https:\/\/www.dr-mfo.com\/fr\/wp-json\/wp\/v2\/media?parent=2265"}],"curies":[{"name":"wp","href":"https:\/\/api.w.org\/{rel}","templated":true}]}}