{"id":2461,"date":"2022-04-05T01:43:22","date_gmt":"2022-04-05T00:43:22","guid":{"rendered":"https:\/\/www.dr-mfo.com\/?page_id=2461"},"modified":"2026-02-22T11:23:36","modified_gmt":"2026-02-22T11:23:36","slug":"suivi","status":"publish","type":"page","link":"https:\/\/www.dr-mfo.com\/fr\/aftercare\/","title":{"rendered":"Suivi"},"content":{"rendered":"<div data-elementor-type=\"wp-page\" data-elementor-id=\"2461\" class=\"elementor elementor-2461\">\n\t\t\t\t\t\t<section class=\"elementor-section elementor-top-section elementor-element elementor-element-833c330 elementor-section-boxed elementor-section-height-default elementor-section-height-default\" data-id=\"833c330\" data-element_type=\"section\" data-e-type=\"section\">\n\t\t\t\t\t\t<div class=\"elementor-container elementor-column-gap-default\">\n\t\t\t\t\t<div class=\"elementor-column elementor-col-100 elementor-top-column elementor-element elementor-element-babe9f8\" data-id=\"babe9f8\" data-element_type=\"column\" data-e-type=\"column\">\n\t\t\t<div class=\"elementor-widget-wrap elementor-element-populated\">\n\t\t\t\t\t\t<div class=\"elementor-element elementor-element-669d42b elementor-widget-divider--view-line elementor-widget elementor-widget-divider\" data-id=\"669d42b\" data-element_type=\"widget\" data-e-type=\"widget\" data-widget_type=\"divider.default\">\n\t\t\t\t\t\t\t<div class=\"elementor-divider\">\n\t\t\t<span class=\"elementor-divider-separator\">\n\t\t\t\t\t\t<\/span>\n\t\t<\/div>\n\t\t\t\t\t\t<\/div>\n\t\t\t\t<div class=\"elementor-element elementor-element-690e1b6 elementor-widget-divider--view-line elementor-widget elementor-widget-divider\" data-id=\"690e1b6\" data-element_type=\"widget\" data-e-type=\"widget\" data-widget_type=\"divider.default\">\n\t\t\t\t\t\t\t<div class=\"elementor-divider\">\n\t\t\t<span class=\"elementor-divider-separator\">\n\t\t\t\t\t\t<\/span>\n\t\t<\/div>\n\t\t\t\t\t\t<\/div>\n\t\t\t\t<div class=\"elementor-element elementor-element-0ab6860 elementor-widget-divider--view-line elementor-widget elementor-widget-divider\" data-id=\"0ab6860\" data-element_type=\"widget\" data-e-type=\"widget\" data-widget_type=\"divider.default\">\n\t\t\t\t\t\t\t<div class=\"elementor-divider\">\n\t\t\t<span class=\"elementor-divider-separator\">\n\t\t\t\t\t\t<\/span>\n\t\t<\/div>\n\t\t\t\t\t\t<\/div>\n\t\t\t\t<div class=\"elementor-element elementor-element-ae50e39 elementor-widget-divider--view-line elementor-widget elementor-widget-divider\" data-id=\"ae50e39\" data-element_type=\"widget\" data-e-type=\"widget\" data-widget_type=\"divider.default\">\n\t\t\t\t\t\t\t<div class=\"elementor-divider\">\n\t\t\t<span class=\"elementor-divider-separator\">\n\t\t\t\t\t\t<\/span>\n\t\t<\/div>\n\t\t\t\t\t\t<\/div>\n\t\t\t\t<div class=\"elementor-element elementor-element-cf330ed elementor-widget elementor-widget-image\" data-id=\"cf330ed\" data-element_type=\"widget\" data-e-type=\"widget\" data-widget_type=\"image.default\">\n\t\t\t\t\t\t\t\t\t\t\t\t\t\t\t<img decoding=\"async\" src=\"https:\/\/www.dr-mfo.com\/wp-content\/uploads\/elementor\/thumbs\/instagram-bg-0.1-qd1ltdqop8xzrttyz2jaxyrebdnu9z0s1hvf03vpk6.jpg\" title=\"instagram-bg-0.1\" alt=\"Une femme allong\u00e9e subit une intervention esth\u00e9tique ou dermatologique au niveau du front, r\u00e9alis\u00e9e par un professionnel portant des gants et utilisant un appareil portatif sp\u00e9cialis\u00e9.\" loading=\"lazy\" \/>\t\t\t\t\t\t\t\t\t\t\t\t\t\t\t<\/div>\n\t\t\t\t<div class=\"elementor-element elementor-element-bdeeb9b elementor-widget-divider--view-line elementor-widget elementor-widget-divider\" data-id=\"bdeeb9b\" data-element_type=\"widget\" data-e-type=\"widget\" data-widget_type=\"divider.default\">\n\t\t\t\t\t\t\t<div class=\"elementor-divider\">\n\t\t\t<span class=\"elementor-divider-separator\">\n\t\t\t\t\t\t<\/span>\n\t\t<\/div>\n\t\t\t\t\t\t<\/div>\n\t\t\t\t<div class=\"elementor-element elementor-element-abb40fb elementor-widget elementor-widget-heading\" data-id=\"abb40fb\" data-element_type=\"widget\" data-e-type=\"widget\" data-widget_type=\"heading.default\">\n\t\t\t\t\t<h2 class=\"elementor-heading-title elementor-size-xl\">Suivi<\/h2>\t\t\t\t<\/div>\n\t\t\t\t<div class=\"elementor-element elementor-element-114dda0 elementor-widget elementor-widget-text-editor\" data-id=\"114dda0\" data-element_type=\"widget\" data-e-type=\"widget\" data-widget_type=\"text-editor.default\">\n\t\t\t\t\t\t\t\t\t<p><span style=\"color: #000000;\">Nous sommes bien conscients que l&#039;histoire de chaque patient est unique et qu&#039;il y a trois chapitres.<\/span><\/p><ol><li><span style=\"color: #000000;\">P\u00e9riode de pr\u00e9-soins, pr\u00e9paration \u00e0 la chirurgie.<\/span><\/li><li><span style=\"color: #000000;\">P\u00e9riode de post-cure, soins apr\u00e8s chirurgie.<\/span><\/li><li><span style=\"color: #000000;\">P\u00e9riode de postcure, lorsque les patients arrivent dans leur pays l&#039;esprit serein.<\/span><\/li><\/ol>\t\t\t\t\t\t\t\t<\/div>\n\t\t\t\t<div class=\"elementor-element elementor-element-bab0e40 elementor-widget elementor-widget-heading\" data-id=\"bab0e40\" data-element_type=\"widget\" data-e-type=\"widget\" data-widget_type=\"heading.default\">\n\t\t\t\t\t<h2 class=\"elementor-heading-title elementor-size-large\">Premi\u00e8res 24 heures<\/h2>\t\t\t\t<\/div>\n\t\t\t\t<div class=\"elementor-element elementor-element-427af60 elementor-widget elementor-widget-text-editor\" data-id=\"427af60\" data-element_type=\"widget\" data-e-type=\"widget\" data-widget_type=\"text-editor.default\">\n\t\t\t\t\t\t\t\t\t<p><span style=\"color: #000000;\">En fournissant des infirmi\u00e8res personnelles pendant les hospitalisations du patient, nous visons un maximum de confort et r\u00e9solvons la barri\u00e8re de la langue avec le personnel local de l&#039;h\u00f4pital lorsqu&#039;il en a le plus besoin. Dans quelques heures, vous pourriez commencer \u00e0 vous nourrir, \u00e0 vous habiller et \u00e0 marcher.<\/span><\/p><p><span style=\"color: #000000;\">Nous nous soucions personnellement des premiers pas du patient. En tant que prestataires de soins de sant\u00e9 exp\u00e9riment\u00e9s, nous racontons aux patients chaque \u00e9tape qu&#039;ils vont vivre une par une et en \u00e9liminant le facteur d&#039;incertitude. Les gens ont peur des choses qu&#039;ils ne connaissent pas.<\/span><\/p><p><span style=\"color: #000000;\">Une nuit d&#039;hospitalisation peut suffire la plupart du temps mais les chirurgies combin\u00e9es. Dans la plupart des cas, les patients quittent l&#039;h\u00f4pital apr\u00e8s le jour de la chirurgie. Le jour de la sortie, <a href=\"https:\/\/www.dr-mfo.com\/fr\/who-is-drmfo\/\">Dr MFO<\/a> parle avec le patient pour voir si le patient est assez bon pour \u00eatre lib\u00e9r\u00e9. Nous restons en contact avec le patient, fournissons les m\u00e9dicaments prescrits aux patients et attendons le premier jour de consultation qui est g\u00e9n\u00e9ralement le 3\u00e8me jour de l&#039;op\u00e9ration. Nous fournissons la derni\u00e8re consultation en fonction des dates de vol des patients et les envoyons dans leur pays l&#039;esprit en paix.<\/span><\/p><p><span style=\"color: #000000;\">Avant l&#039;externalisation, le m\u00e9decin et son \u00e9quipe professionnelle font le premier pansement et partagent les informations sur les premiers r\u00e9sultats.<\/span><\/p><p><span style=\"color: #000000;\"><span style=\"word-spacing: 6.4px;\">Le transfert terrestre vous emm\u00e8ne dans votre chambre d&#039;h\u00f4tel accompagn\u00e9 d&#039;une \u00e9quipe de pr\u00e9pos\u00e9s.<\/span><\/span><\/p><p><span style=\"color: #000000;\"><span style=\"word-spacing: 6.4px;\">Les h\u00f4tels-mus\u00e9es de renomm\u00e9e mondiale ou les h\u00f4tels-boutiques passionnants devraient vous aider \u00e0 rencontrer le nouveau vous et \u00e0 d\u00e9couvrir votre chirurgie qui change la vie avec un repos exclusif.<\/span><\/span><\/p>\t\t\t\t\t\t\t\t<\/div>\n\t\t\t\t<div class=\"elementor-element elementor-element-aabed63 elementor-widget elementor-widget-heading\" data-id=\"aabed63\" data-element_type=\"widget\" data-e-type=\"widget\" data-widget_type=\"heading.default\">\n\t\t\t\t\t<h2 class=\"elementor-heading-title elementor-size-large\">Suivi<\/h2>\t\t\t\t<\/div>\n\t\t\t\t<div class=\"elementor-element elementor-element-3348cb3 elementor-widget elementor-widget-text-editor\" data-id=\"3348cb3\" data-element_type=\"widget\" data-e-type=\"widget\" data-widget_type=\"text-editor.default\">\n\t\t\t\t\t\t\t\t\t<p><span style=\"color: #000000;\">Apr\u00e8s les op\u00e9rations, il y a des aspects mentaux et physiques que les patients traversent comme pr\u00e9vu. La plupart des patients vivent cette situation pour la premi\u00e8re fois de leur vie, mais nous ne le faisons pas et nous savons quoi faire.<\/span><\/p><p><span style=\"color: #000000;\">Lorsque les patients arrivent dans leur pays, nous organisons p\u00e9riodiquement des vid\u00e9oconf\u00e9rences pour voir comment se d\u00e9roule la gu\u00e9rison et leur faire sentir qu&#039;ils ne sont pas seuls dans leur voyage. <\/span><span style=\"color: #000000;\">Dans cette \u00e9tape de r\u00e9tablissement, les patients sont d\u00e9licats face aux commentaires des personnes qui les entourent. <\/span><\/p><p><span style=\"color: #000000;\">Dans certaines op\u00e9rations telles que <a href=\"https:\/\/www.dr-mfo.com\/fr\/liposuction\/\">liposuccion<\/a> \/augmentation, il y aura un corset ou un soutien-gorge de sport avec vous. Veuillez ne pas cesser de les utiliser avant d&#039;avoir pris l&#039;avis de votre m\u00e9decin. <\/span><\/p><p><span style=\"color: #000000;\">L&#039;exposition active ou passive aux cigarettes et aux produits du tabac similaires avant et apr\u00e8s la chirurgie r\u00e9duit l&#039;oxyg\u00e8ne des tissus et ouvre la voie \u00e0 l&#039;infection. Pour cette raison, il est n\u00e9cessaire de s&#039;absenter en moyenne un mois avant et apr\u00e8s l&#039;intervention.<\/span><\/p>\t\t\t\t\t\t\t\t<\/div>\n\t\t\t\t<div class=\"elementor-element elementor-element-4521adb elementor-widget elementor-widget-image\" data-id=\"4521adb\" data-element_type=\"widget\" data-e-type=\"widget\" data-widget_type=\"image.default\">\n\t\t\t\t\t\t\t\t\t\t\t\t\t\t\t<img fetchpriority=\"high\" decoding=\"async\" width=\"825\" height=\"510\" src=\"https:\/\/www.dr-mfo.com\/wp-content\/uploads\/2022\/04\/ldm.jpeg\" class=\"attachment-full size-full wp-image-2543\" alt=\"Une personne allong\u00e9e sur le ventre, les mains sous la t\u00eate, montrant son dos nu.\" srcset=\"https:\/\/www.dr-mfo.com\/wp-content\/uploads\/2022\/04\/ldm.jpeg 825w, https:\/\/www.dr-mfo.com\/wp-content\/uploads\/2022\/04\/ldm-300x185.jpeg 300w, https:\/\/www.dr-mfo.com\/wp-content\/uploads\/2022\/04\/ldm-768x475.jpeg 768w\" sizes=\"(max-width: 825px) 100vw, 825px\" \/>\t\t\t\t\t\t\t\t\t\t\t\t\t\t\t<\/div>\n\t\t\t\t\t<\/div>\n\t\t<\/div>\n\t\t\t\t\t<\/div>\n\t\t<\/section>\n\t\t\t\t<\/div>","protected":false},"excerpt":{"rendered":"<p>Aftercare We are well aware that every patient&#8217;s story is unique and there are three chapters. Precare period, preparation for surgery. Postcare period, care after surgery. Aftercare period, when the patients arrived in their countries with minds at peace. First 24 hours By providing personal nurses during the patient&#8217;s hospitalizations we aim for maximum comfort [&hellip;]<\/p>\n","protected":false},"author":2,"featured_media":0,"parent":0,"menu_order":0,"comment_status":"closed","ping_status":"closed","template":"","meta":{"_acf_changed":false,"footnotes":""},"class_list":["post-2461","page","type-page","status-publish","hentry"],"acf":[],"_links":{"self":[{"href":"https:\/\/www.dr-mfo.com\/fr\/wp-json\/wp\/v2\/pages\/2461","targetHints":{"allow":["GET"]}}],"collection":[{"href":"https:\/\/www.dr-mfo.com\/fr\/wp-json\/wp\/v2\/pages"}],"about":[{"href":"https:\/\/www.dr-mfo.com\/fr\/wp-json\/wp\/v2\/types\/page"}],"author":[{"embeddable":true,"href":"https:\/\/www.dr-mfo.com\/fr\/wp-json\/wp\/v2\/users\/2"}],"replies":[{"embeddable":true,"href":"https:\/\/www.dr-mfo.com\/fr\/wp-json\/wp\/v2\/comments?post=2461"}],"version-history":[{"count":0,"href":"https:\/\/www.dr-mfo.com\/fr\/wp-json\/wp\/v2\/pages\/2461\/revisions"}],"wp:attachment":[{"href":"https:\/\/www.dr-mfo.com\/fr\/wp-json\/wp\/v2\/media?parent=2461"}],"curies":[{"name":"wp","href":"https:\/\/api.w.org\/{rel}","templated":true}]}}