{"id":2462,"date":"2022-04-05T01:43:52","date_gmt":"2022-04-05T00:43:52","guid":{"rendered":"https:\/\/www.dr-mfo.com\/?page_id=2462"},"modified":"2026-02-22T11:22:36","modified_gmt":"2026-02-22T11:22:36","slug":"injection-de-nanofat-greffe-de-graisse","status":"publish","type":"page","link":"https:\/\/www.dr-mfo.com\/fr\/nanofat-injection-fat-grafting\/","title":{"rendered":"Injection de nanograisse"},"content":{"rendered":"<div data-elementor-type=\"wp-page\" data-elementor-id=\"2462\" class=\"elementor elementor-2462\">\n\t\t\t\t\t\t<section class=\"elementor-section elementor-top-section elementor-element elementor-element-ee1e1dd elementor-section-boxed elementor-section-height-default elementor-section-height-default\" data-id=\"ee1e1dd\" data-element_type=\"section\" data-e-type=\"section\">\n\t\t\t\t\t\t<div class=\"elementor-container elementor-column-gap-default\">\n\t\t\t\t\t<div class=\"elementor-column elementor-col-100 elementor-top-column elementor-element elementor-element-910f865\" data-id=\"910f865\" data-element_type=\"column\" data-e-type=\"column\">\n\t\t\t<div class=\"elementor-widget-wrap elementor-element-populated\">\n\t\t\t\t\t\t<div class=\"elementor-element elementor-element-b696c0e elementor-widget-divider--view-line elementor-widget elementor-widget-divider\" data-id=\"b696c0e\" data-element_type=\"widget\" data-e-type=\"widget\" data-widget_type=\"divider.default\">\n\t\t\t\t\t\t\t<div class=\"elementor-divider\">\n\t\t\t<span class=\"elementor-divider-separator\">\n\t\t\t\t\t\t<\/span>\n\t\t<\/div>\n\t\t\t\t\t\t<\/div>\n\t\t\t\t<div class=\"elementor-element elementor-element-c2917bc elementor-widget-divider--view-line elementor-widget elementor-widget-divider\" data-id=\"c2917bc\" data-element_type=\"widget\" data-e-type=\"widget\" data-widget_type=\"divider.default\">\n\t\t\t\t\t\t\t<div class=\"elementor-divider\">\n\t\t\t<span class=\"elementor-divider-separator\">\n\t\t\t\t\t\t<\/span>\n\t\t<\/div>\n\t\t\t\t\t\t<\/div>\n\t\t\t\t<div class=\"elementor-element elementor-element-c8e6d37 elementor-widget-divider--view-line elementor-widget elementor-widget-divider\" data-id=\"c8e6d37\" data-element_type=\"widget\" data-e-type=\"widget\" data-widget_type=\"divider.default\">\n\t\t\t\t\t\t\t<div class=\"elementor-divider\">\n\t\t\t<span class=\"elementor-divider-separator\">\n\t\t\t\t\t\t<\/span>\n\t\t<\/div>\n\t\t\t\t\t\t<\/div>\n\t\t\t\t<div class=\"elementor-element elementor-element-dcc865a elementor-widget-divider--view-line elementor-widget elementor-widget-divider\" data-id=\"dcc865a\" data-element_type=\"widget\" data-e-type=\"widget\" data-widget_type=\"divider.default\">\n\t\t\t\t\t\t\t<div class=\"elementor-divider\">\n\t\t\t<span class=\"elementor-divider-separator\">\n\t\t\t\t\t\t<\/span>\n\t\t<\/div>\n\t\t\t\t\t\t<\/div>\n\t\t\t\t<div class=\"elementor-element elementor-element-9392570 elementor-widget elementor-widget-image\" data-id=\"9392570\" data-element_type=\"widget\" data-e-type=\"widget\" data-widget_type=\"image.default\">\n\t\t\t\t\t\t\t\t\t\t\t\t\t\t\t<img decoding=\"async\" src=\"https:\/\/www.dr-mfo.com\/wp-content\/uploads\/elementor\/thumbs\/model-qd1ltfmd2x0kf1r8o3ck2yabi5ekpd88pr6dynsx7q.png\" title=\"Lifting du visage\" alt=\"Mod\u00e8le de visage\" loading=\"lazy\" \/>\t\t\t\t\t\t\t\t\t\t\t\t\t\t\t<\/div>\n\t\t\t\t<div class=\"elementor-element elementor-element-212436d elementor-widget-divider--view-line elementor-widget elementor-widget-divider\" data-id=\"212436d\" data-element_type=\"widget\" data-e-type=\"widget\" data-widget_type=\"divider.default\">\n\t\t\t\t\t\t\t<div class=\"elementor-divider\">\n\t\t\t<span class=\"elementor-divider-separator\">\n\t\t\t\t\t\t<\/span>\n\t\t<\/div>\n\t\t\t\t\t\t<\/div>\n\t\t\t\t<div class=\"elementor-element elementor-element-8354566 elementor-widget elementor-widget-heading\" data-id=\"8354566\" data-element_type=\"widget\" data-e-type=\"widget\" data-widget_type=\"heading.default\">\n\t\t\t\t\t<h2 class=\"elementor-heading-title elementor-size-xl\">Injection de nanograisses (NFI)<\/h2>\t\t\t\t<\/div>\n\t\t\t\t<div class=\"elementor-element elementor-element-631d5f8 elementor-widget elementor-widget-text-editor\" data-id=\"631d5f8\" data-element_type=\"widget\" data-e-type=\"widget\" data-widget_type=\"text-editor.default\">\n\t\t\t\t\t\t\t\t\t<p><span style=\"color: #000000;\">Le domaine de la chirurgie plastique r\u00e9g\u00e9n\u00e9rative s\u2019am\u00e9liore de jour en jour. La notion de tige est essentiellement le nom g\u00e9n\u00e9ral des pr\u00e9curseurs qui ont le potentiel de r\u00e9g\u00e9n\u00e9rer une partie d&#039;un tissu ou l&#039;organisme tout entier. Son utilisation en chirurgie esth\u00e9tique ou esth\u00e9tique couvre l&#039;ensemble de ces transferts pouvant provoquer une r\u00e9g\u00e9n\u00e9ration du tissu appliqu\u00e9.<\/span><\/p><p><span style=\"color: #000000;\">Ces derni\u00e8res ann\u00e9es, avec la d\u00e9couverte de la pr\u00e9sence de haute densit\u00e9 de pr\u00e9curseurs dans le contenu du tissu adipeux et le d\u00e9veloppement de <a href=\"https:\/\/www.dr-mfo.com\/fr\/liposuction\/\">liposuccion<\/a> techniques, les proc\u00e9dures d&#039;injection de graisse sont parmi les interventions les plus courantes en chirurgie esth\u00e9tique, seules ou en combinaison avec d&#039;autres proc\u00e9dures esth\u00e9tiques.<\/span><\/p><p><span style=\"color: #000000;\">En raison des effets de rajeunissement et de r\u00e9g\u00e9n\u00e9ration des cellules, il est tr\u00e8s demand\u00e9 dans des domaines tels que le rajeunissement de la peau, le rajeunissement du visage et du cou, le traitement des cicatrices\/br\u00fblures\/taches, la croissance des cheveux, le traitement des vergetures et l&#039;esth\u00e9tique des mains.<\/span><\/p><p><span style=\"color: #000000;\">L\u2019application la plus courante concerne les cellules souches d\u00e9riv\u00e9es du tissu adipeux (ADSC), dont l\u2019efficacit\u00e9 a \u00e9t\u00e9 mieux comprise ces derni\u00e8res ann\u00e9es. Ces cellules sont pr\u00e9lev\u00e9es sur la personne par liposuccion, purifi\u00e9es par diff\u00e9rentes m\u00e9thodes et appliqu\u00e9es sur les zones o\u00f9 le rajeunissement et l&#039;embellissement sont souhait\u00e9s.<\/span><\/p><p><span style=\"color: #000000;\">Nanofat est aujourd&#039;hui la m\u00e9thode la plus puissante pour obtenir et appliquer des ADSC en termes de rentabilit\u00e9. Par cons\u00e9quent, il a un large champ d&#039;utilisation en chirurgie plastique esth\u00e9tique. L&#039;efficacit\u00e9 augmentera au fur et \u00e0 mesure que la purification et le nombre de s\u00e9ances augmenteront. Il est possible d&#039;\u00eatre d\u00e9charg\u00e9 et de retourner \u00e0 la vie sociale le m\u00eame jour apr\u00e8s la proc\u00e9dure. C&#039;est une proc\u00e9dure indolore gr\u00e2ce \u00e0 des analg\u00e9siques r\u00e9guliers. L&#039;effet clair serait vu entre 3 et 6 mois.<\/span><\/p>\t\t\t\t\t\t\t\t<\/div>\n\t\t\t\t<div class=\"elementor-element elementor-element-397ce5b elementor-widget elementor-widget-heading\" data-id=\"397ce5b\" data-element_type=\"widget\" data-e-type=\"widget\" data-widget_type=\"heading.default\">\n\t\t\t\t\t<h2 class=\"elementor-heading-title elementor-size-large\">Quand et o\u00f9?<\/h2>\t\t\t\t<\/div>\n\t\t\t\t<div class=\"elementor-element elementor-element-67ee7a7 elementor-widget elementor-widget-text-editor\" data-id=\"67ee7a7\" data-element_type=\"widget\" data-e-type=\"widget\" data-widget_type=\"text-editor.default\">\n\t\t\t\t\t\t\t\t\t<p><span style=\"color: #000000;\">Les cellules sont utilis\u00e9es pour inverser les effets des dommages caus\u00e9s par le soleil et du vieillissement qui se sont d\u00e9velopp\u00e9s au fil des ans, en particulier dans les zones expos\u00e9es au soleil. Pour cette raison, les zones d&#039;application populaires sont le dos des mains et des pieds, le visage, le cou et le d\u00e9collet\u00e9.<\/span><\/p><ul><li><span style=\"color: #000000;\">Rajeunissement de la peau<\/span><\/li><li><span style=\"color: #000000;\">Augmenter la luminosit\u00e9 de la peau<\/span><\/li><li><span style=\"color: #000000;\">D\u00e9tachage<\/span><\/li><li><span style=\"color: #000000;\">\u00c9galisation des couleurs<\/span><\/li><li><span style=\"color: #000000;\">Ecchymoses sous les yeux<\/span><\/li><li><span style=\"color: #000000;\">Correction des d\u00e9formations de contour<\/span><\/li><li><span style=\"color: #000000;\">\u00c9paississement des cheveux et augmentation du nombre de follicules<\/span><\/li><li><span style=\"color: #000000;\">R\u00e9g\u00e9n\u00e9ration et \u00e9limination des cicatrices<\/span><\/li><li><span style=\"color: #000000;\">Esth\u00e9tique de la main<\/span><\/li><\/ul>\t\t\t\t\t\t\t\t<\/div>\n\t\t\t\t<div class=\"elementor-element elementor-element-0234e8b elementor-widget elementor-widget-heading\" data-id=\"0234e8b\" data-element_type=\"widget\" data-e-type=\"widget\" data-widget_type=\"heading.default\">\n\t\t\t\t\t<h2 class=\"elementor-heading-title elementor-size-large\">Proc\u00e9dures concomitantes<\/h2>\t\t\t\t<\/div>\n\t\t\t\t<div class=\"elementor-element elementor-element-47fc129 elementor-widget elementor-widget-text-editor\" data-id=\"47fc129\" data-element_type=\"widget\" data-e-type=\"widget\" data-widget_type=\"text-editor.default\">\n\t\t\t\t\t\t\t\t\t<p><span style=\"color: #000000;\">Les tissus adipeux obtenus lors de l&#039;application des nanograisses peuvent \u00e9galement \u00eatre utilis\u00e9s pour combler toute la zone du visage, notamment les joues, les tempes et les l\u00e8vres, ainsi que d&#039;autres parties du corps n\u00e9cessaires, comme les fesses (<a href=\"https:\/\/www.dr-mfo.com\/fr\/brazilian-butt-bbl\/\">BBL<\/a>) et du sein, afin de gagner du volume. Dans le m\u00eame temps, le tissu adipeux \u00e0 obtenir peut \u00eatre pr\u00e9lev\u00e9 dans les zones n\u00e9cessitant une liposuccion, telles que la bajoue, le bras, la jambe et l&#039;int\u00e9rieur du genou, l&#039;abdomen, la taille et le dos, et les lignes corporelles souhait\u00e9es peuvent \u00eatre obtenues dans ces zones.<\/span><\/p><p><span style=\"color: #000000;\">Tout en vous d\u00e9barrassant de votre exc\u00e8s de graisse, <a href=\"https:\/\/www.dr-mfo.com\/fr\/turkey-ffs-surgery-advantages\/\">consid\u00e9rer<\/a> Tout en vous d\u00e9barrassant de votre exc\u00e8s de graisse, consid\u00e9rez qu&#039;ils sont utilis\u00e9s dans les zones qui ont besoin de volume comme les joues, les l\u00e8vres, les fesses, les seins. Exactement deux oiseaux avec une pierre! De plus, gr\u00e2ce au fait que le tissu adipeux contient m\u00eame quatre fois plus de cellules que la moelle osseuse, il se place en t\u00eate des applications les plus fr\u00e9quemment pr\u00e9f\u00e9r\u00e9es dans le domaine du rajeunissement cutan\u00e9. L&#039;application de Nanofat provoque une augmentation s\u00e9rieuse de la qualit\u00e9 et de la luminosit\u00e9 de la peau et peut apporter de s\u00e9rieuses am\u00e9liorations pour les cicatrices et les taches de la peau.<\/span><\/p>\t\t\t\t\t\t\t\t<\/div>\n\t\t\t\t\t<\/div>\n\t\t<\/div>\n\t\t\t\t\t<\/div>\n\t\t<\/section>\n\t\t\t\t<\/div>","protected":false},"excerpt":{"rendered":"<p>Nanofat Injection (NFI) The field of regenerative plastic surgery is improving day by day. The concept of stem is basically the general name of the precursors that have the potential to regenerate a part of a tissue or the whole body. Its use in aesthetic or cosmetic surgery covers all of these transfers that may [&hellip;]<\/p>\n","protected":false},"author":2,"featured_media":0,"parent":0,"menu_order":0,"comment_status":"closed","ping_status":"closed","template":"","meta":{"_acf_changed":false,"footnotes":""},"class_list":["post-2462","page","type-page","status-publish","hentry"],"acf":[],"_links":{"self":[{"href":"https:\/\/www.dr-mfo.com\/fr\/wp-json\/wp\/v2\/pages\/2462","targetHints":{"allow":["GET"]}}],"collection":[{"href":"https:\/\/www.dr-mfo.com\/fr\/wp-json\/wp\/v2\/pages"}],"about":[{"href":"https:\/\/www.dr-mfo.com\/fr\/wp-json\/wp\/v2\/types\/page"}],"author":[{"embeddable":true,"href":"https:\/\/www.dr-mfo.com\/fr\/wp-json\/wp\/v2\/users\/2"}],"replies":[{"embeddable":true,"href":"https:\/\/www.dr-mfo.com\/fr\/wp-json\/wp\/v2\/comments?post=2462"}],"version-history":[{"count":0,"href":"https:\/\/www.dr-mfo.com\/fr\/wp-json\/wp\/v2\/pages\/2462\/revisions"}],"wp:attachment":[{"href":"https:\/\/www.dr-mfo.com\/fr\/wp-json\/wp\/v2\/media?parent=2462"}],"curies":[{"name":"wp","href":"https:\/\/api.w.org\/{rel}","templated":true}]}}