{"id":2697,"date":"2022-04-15T00:11:53","date_gmt":"2022-04-14T23:11:53","guid":{"rendered":"https:\/\/www.dr-mfo.com\/?page_id=2697"},"modified":"2026-02-22T11:18:36","modified_gmt":"2026-02-22T11:18:36","slug":"drmfo","status":"publish","type":"page","link":"https:\/\/www.dr-mfo.com\/fr\/drmfo\/","title":{"rendered":"Dr MFO"},"content":{"rendered":"<div data-elementor-type=\"wp-page\" data-elementor-id=\"2697\" class=\"elementor elementor-2697\">\n\t\t\t\t\t\t<section class=\"elementor-section elementor-top-section elementor-element elementor-element-a201216 elementor-section-boxed elementor-section-height-default elementor-section-height-default\" data-id=\"a201216\" data-element_type=\"section\" data-e-type=\"section\">\n\t\t\t\t\t\t<div class=\"elementor-container elementor-column-gap-default\">\n\t\t\t\t\t<div class=\"elementor-column elementor-col-100 elementor-top-column elementor-element elementor-element-f4aa950\" data-id=\"f4aa950\" data-element_type=\"column\" data-e-type=\"column\">\n\t\t\t<div class=\"elementor-widget-wrap elementor-element-populated\">\n\t\t\t\t\t\t<div class=\"elementor-element elementor-element-e99d5d7 elementor-widget-divider--view-line elementor-widget elementor-widget-divider\" data-id=\"e99d5d7\" data-element_type=\"widget\" data-e-type=\"widget\" data-widget_type=\"divider.default\">\n\t\t\t\t\t\t\t<div class=\"elementor-divider\">\n\t\t\t<span class=\"elementor-divider-separator\">\n\t\t\t\t\t\t<\/span>\n\t\t<\/div>\n\t\t\t\t\t\t<\/div>\n\t\t\t\t<div class=\"elementor-element elementor-element-8a0c812 elementor-widget-divider--view-line elementor-widget elementor-widget-divider\" data-id=\"8a0c812\" data-element_type=\"widget\" data-e-type=\"widget\" data-widget_type=\"divider.default\">\n\t\t\t\t\t\t\t<div class=\"elementor-divider\">\n\t\t\t<span class=\"elementor-divider-separator\">\n\t\t\t\t\t\t<\/span>\n\t\t<\/div>\n\t\t\t\t\t\t<\/div>\n\t\t\t\t<div class=\"elementor-element elementor-element-20f3968 elementor-widget-divider--view-line elementor-widget elementor-widget-divider\" data-id=\"20f3968\" data-element_type=\"widget\" data-e-type=\"widget\" data-widget_type=\"divider.default\">\n\t\t\t\t\t\t\t<div class=\"elementor-divider\">\n\t\t\t<span class=\"elementor-divider-separator\">\n\t\t\t\t\t\t<\/span>\n\t\t<\/div>\n\t\t\t\t\t\t<\/div>\n\t\t\t\t<div class=\"elementor-element elementor-element-2969bb0 elementor-widget elementor-widget-heading\" data-id=\"2969bb0\" data-element_type=\"widget\" data-e-type=\"widget\" data-widget_type=\"heading.default\">\n\t\t\t\t\t<h2 class=\"elementor-heading-title elementor-size-xl\">Dr MFO<\/h2>\t\t\t\t<\/div>\n\t\t\t\t<div class=\"elementor-element elementor-element-bc160d6 elementor-widget-divider--view-line elementor-widget elementor-widget-divider\" data-id=\"bc160d6\" data-element_type=\"widget\" data-e-type=\"widget\" data-widget_type=\"divider.default\">\n\t\t\t\t\t\t\t<div class=\"elementor-divider\">\n\t\t\t<span class=\"elementor-divider-separator\">\n\t\t\t\t\t\t<\/span>\n\t\t<\/div>\n\t\t\t\t\t\t<\/div>\n\t\t\t\t\t<\/div>\n\t\t<\/div>\n\t\t\t\t\t<\/div>\n\t\t<\/section>\n\t\t\t\t<section class=\"elementor-section elementor-top-section elementor-element elementor-element-4827cd0 elementor-section-boxed elementor-section-height-default elementor-section-height-default\" data-id=\"4827cd0\" data-element_type=\"section\" data-e-type=\"section\">\n\t\t\t\t\t\t<div class=\"elementor-container elementor-column-gap-default\">\n\t\t\t\t\t<div class=\"elementor-column elementor-col-50 elementor-top-column elementor-element elementor-element-4625e73\" data-id=\"4625e73\" data-element_type=\"column\" data-e-type=\"column\">\n\t\t\t<div class=\"elementor-widget-wrap elementor-element-populated\">\n\t\t\t\t\t\t<div class=\"elementor-element elementor-element-333caa7 elementor-widget elementor-widget-image\" data-id=\"333caa7\" data-element_type=\"widget\" data-e-type=\"widget\" data-widget_type=\"image.default\">\n\t\t\t\t\t\t\t\t\t\t\t\t\t\t\t<img fetchpriority=\"high\" decoding=\"async\" width=\"1372\" height=\"1920\" src=\"https:\/\/www.dr-mfo.com\/wp-content\/uploads\/2021\/11\/MFO1.jpg\" class=\"attachment-full size-full wp-image-1052\" alt=\"Mehmet Fatih Okyay MD FEBOPRAS\" srcset=\"https:\/\/www.dr-mfo.com\/wp-content\/uploads\/2021\/11\/MFO1.jpg 1372w, https:\/\/www.dr-mfo.com\/wp-content\/uploads\/2021\/11\/MFO1-214x300.jpg 214w, https:\/\/www.dr-mfo.com\/wp-content\/uploads\/2021\/11\/MFO1-732x1024.jpg 732w, https:\/\/www.dr-mfo.com\/wp-content\/uploads\/2021\/11\/MFO1-768x1075.jpg 768w, https:\/\/www.dr-mfo.com\/wp-content\/uploads\/2021\/11\/MFO1-1097x1536.jpg 1097w, https:\/\/www.dr-mfo.com\/wp-content\/uploads\/2021\/11\/MFO1-1463x2048.jpg 1463w\" sizes=\"(max-width: 1372px) 100vw, 1372px\" title=\"\">\t\t\t\t\t\t\t\t\t\t\t\t\t\t\t<\/div>\n\t\t\t\t<div class=\"elementor-element elementor-element-3725f28 elementor-widget elementor-widget-heading\" data-id=\"3725f28\" data-element_type=\"widget\" data-e-type=\"widget\" data-widget_type=\"heading.default\">\n\t\t\t\t\t<h2 class=\"elementor-heading-title elementor-size-medium\"><i><span style=\"font-size: 14pt;, serif\">Mehmet Fatih Okyay, M.D.<br>Certifi\u00e9 europ\u00e9en et turc<\/span><\/i><br><i><span style=\"font-size: 14pt;, serif\">Sp\u00e9cialiste en Chirurgie Plastique<\/span><\/i><\/h2>\t\t\t\t<\/div>\n\t\t\t\t\t<\/div>\n\t\t<\/div>\n\t\t\t\t<div class=\"elementor-column elementor-col-50 elementor-top-column elementor-element elementor-element-b0a5d96\" data-id=\"b0a5d96\" data-element_type=\"column\" data-e-type=\"column\">\n\t\t\t<div class=\"elementor-widget-wrap elementor-element-populated\">\n\t\t\t\t\t\t<div class=\"elementor-element elementor-element-5b9a95b elementor-widget elementor-widget-text-editor\" data-id=\"5b9a95b\" data-element_type=\"widget\" data-e-type=\"widget\" data-widget_type=\"text-editor.default\">\n\t\t\t\t\t\t\t\t\t<p><span style=\"color: #000000;\"><a href=\"https:\/\/www.dr-mfo.com\/fr\/who-is-drmfo\/\">Mehmet Fatih Okay<\/a>, MD, FEBOPRAS s&#039;est class\u00e9 8\u00e8me au cours de son mandat \u00e0 l&#039;examen turc de sp\u00e9cialisation m\u00e9dicale.<\/span><\/p><p><span style=\"color: #000000;\">Il a effectu\u00e9 une r\u00e9sidence en chirurgie plastique, reconstructive et esth\u00e9tique \u00e0 la facult\u00e9 de m\u00e9decine Cerrahpa\u015fa de l&#039;universit\u00e9 d&#039;Istanbul de renomm\u00e9e mondiale.<\/span><\/p><p><span style=\"color: #000000;\">Il a re\u00e7u le prix Fellow of the European Board of Plastic, Reconstructive and Aesthetic Surgeons (FEBOPRAS), d\u00e9cern\u00e9 par l&#039;Association europ\u00e9enne des m\u00e9decins sp\u00e9cialistes en termes d&#039;\u00e9quivalence de qualit\u00e9, 2018, Bruxelles.<\/span><\/p><p><span style=\"color: #000000;\">Gr\u00e2ce \u00e0 ce prix, il a \u00e9galement re\u00e7u le prix Fellow of the Turkish Board of Plastic, Reconstructive and Aesthetic Surgeons (Turkish Board) d\u00e9cern\u00e9 par l&#039;Association turque de chirurgie plastique, reconstructive et esth\u00e9tique la m\u00eame ann\u00e9e.<\/span><\/p><p><span style=\"color: #000000;\">Il a fond\u00e9 Dr. MFO Clinic en tant que propri\u00e9taire le 1er juin 2021.<\/span><span style=\"color: #000000;\"><br \/><\/span><\/p><p><span style=\"color: #000000;\">Au cours de sa carri\u00e8re, il a particip\u00e9 \u00e0 de nombreuses r\u00e9unions scientifiques et pris part aux comit\u00e9s d&#039;organisation. Il a eu l&#039;occasion d&#039;\u00eatre conf\u00e9rencier dans certaines d&#039;entre elles.<\/span><\/p><p><span style=\"color: #000000;\">Avec ses 10 ans d&#039;exp\u00e9rience en chirurgie plastique, il s&#039;int\u00e9resse intens\u00e9ment \u00e0\u00a0<\/span><span style=\"color: #000000;\">\u00a0<\/span><span style=\"color: #000000;\"><a href=\"https:\/\/www.dr-mfo.com\/fr\/face-lift\/\">lifting<\/a>, l&#039;esth\u00e9tique du nez, <a href=\"https:\/\/www.dr-mfo.com\/fr\/facial-feminization-surgery\/\">f\u00e9minisation faciale<\/a> chirurgies en esth\u00e9tique du visage, <\/span><span style=\"color: #000000;\"><a href=\"https:\/\/www.dr-mfo.com\/fr\/tummy-tuck-abdominoplastia\/\">abdominoplastie<\/a>, <a href=\"https:\/\/www.dr-mfo.com\/fr\/liposuction\/\">liposuccion<\/a>, la mise en forme du corps dans la chirurgie esth\u00e9tique du corps et les chirurgies esth\u00e9tiques du sein.<\/span><\/p><p><span style=\"color: #000000;\">Il est membre permanent de la Soci\u00e9t\u00e9 internationale des chirurgiens esth\u00e9tiques (ISAPS), de l&#039;Association turque de chirurgie plastique (TSPRAS) et de l&#039;Association turque de chirurgie plastique esth\u00e9tique (TSAPS).<\/span><\/p><p><span style=\"color: #000000;\">Il parle un niveau acad\u00e9mique d&#039;anglais et un niveau d&#039;espagnol courant. Il parle \u00e9galement un fran\u00e7ais de niveau interm\u00e9diaire.<\/span><\/p><p><span style=\"color: #000000;\">Il est auteur-compositeur et po\u00e8te, joue de la guitare classique, du ney et de la guitare \u00e9lectrique.<\/span><\/p><p><span style=\"color: #000000;\">Il est mari\u00e9 et a deux enfants.<\/span><\/p>\t\t\t\t\t\t\t\t<\/div>\n\t\t\t\t\t<\/div>\n\t\t<\/div>\n\t\t\t\t\t<\/div>\n\t\t<\/section>\n\t\t\t\t<section class=\"elementor-section elementor-top-section elementor-element elementor-element-b122be9 elementor-section-boxed elementor-section-height-default elementor-section-height-default\" data-id=\"b122be9\" data-element_type=\"section\" data-e-type=\"section\">\n\t\t\t\t\t\t<div class=\"elementor-container elementor-column-gap-default\">\n\t\t\t\t\t<div class=\"elementor-column elementor-col-100 elementor-top-column elementor-element elementor-element-b44ef05\" data-id=\"b44ef05\" data-element_type=\"column\" data-e-type=\"column\">\n\t\t\t<div class=\"elementor-widget-wrap elementor-element-populated\">\n\t\t\t\t\t\t<div class=\"elementor-element elementor-element-cc29b59 elementor-widget elementor-widget-heading\" data-id=\"cc29b59\" data-element_type=\"widget\" data-e-type=\"widget\" data-widget_type=\"heading.default\">\n\t\t\t\t\t<h2 class=\"elementor-heading-title elementor-size-xl\">Prix<\/h2>\t\t\t\t<\/div>\n\t\t\t\t<div class=\"elementor-element elementor-element-5791465 elementor-widget elementor-widget-text-editor\" data-id=\"5791465\" data-element_type=\"widget\" data-e-type=\"widget\" data-widget_type=\"text-editor.default\">\n\t\t\t\t\t\t\t\t\t<p style=\"margin: 0cm 0cm 0cm 18pt; font-size: 12pt; font-family: 'Courier New'; color: #000000; text-indent: -18pt;\"><span style=\"font-family: Verdana, sans-serif; font-size: 10.5pt; color: #000000;\">Fellow du European Board of Plastic, Reconstructive &amp; Aesthetic Surgery, avril 2018, Bruxelles.<\/span><\/p><p style=\"margin: 0cm; font-size: 12pt; font-family: 'Courier New'; color: #000000;\"><span style=\"font-size: 10.5pt; font-family: Verdana, sans-serif; color: #000000;\">Membre du Conseil turc de chirurgie plastique, reconstructive et esth\u00e9tique, avril 2018, <a href=\"https:\/\/www.dr-mfo.com\/fr\/hidden-paradise-antalya-and-touristic-feautures\/\">Antalya<\/a>.<\/span><\/p>\t\t\t\t\t\t\t\t<\/div>\n\t\t\t\t<div class=\"elementor-element elementor-element-4a7911a elementor-widget elementor-widget-heading\" data-id=\"4a7911a\" data-element_type=\"widget\" data-e-type=\"widget\" data-widget_type=\"heading.default\">\n\t\t\t\t\t<h2 class=\"elementor-heading-title elementor-size-xl\">Des articles<\/h2>\t\t\t\t<\/div>\n\t\t\t\t<div class=\"elementor-element elementor-element-cd44ada elementor-widget elementor-widget-text-editor\" data-id=\"cd44ada\" data-element_type=\"widget\" data-e-type=\"widget\" data-widget_type=\"text-editor.default\">\n\t\t\t\t\t\t\t\t\t<p><strong>D&#039;accord MF<\/strong>, K\u00f6m\u00fcrc\u00fc H, Ba\u011fhaki S, Demir\u00f6z A, Ayd\u0131n \u00d6, Arslan H. Effets de l&#039;insuline, du m\u00e9toprolol et de la d\u00e9f\u00e9roxamine sur la survie de la greffe de graisse. Chirurgie Plastique Esth\u00e9tique. 2019;43(3):845-852. DOI\u00a0: 10.1007\/s00266-019-01363-z.<\/p><p><strong>D&#039;accord MF<\/strong>, Oztermeli A. \u00c9valuation de l&#039;effet du dosage du m\u00e9toprolol sur la survie de la greffe de graisse. Esth\u00e9tique Plasturgie. 22 f\u00e9vrier 2023. doi\u00a0: 10.1007\/s00266-023-03271-9. Epub avant impression. PMID : 36811670.<\/p>\t\t\t\t\t\t\t\t<\/div>\n\t\t\t\t<div class=\"elementor-element elementor-element-ea76dad elementor-widget elementor-widget-heading\" data-id=\"ea76dad\" data-element_type=\"widget\" data-e-type=\"widget\" data-widget_type=\"heading.default\">\n\t\t\t\t\t<h2 class=\"elementor-heading-title elementor-size-xl\">Adh\u00e9sions \u00e0 la soci\u00e9t\u00e9<\/h2>\t\t\t\t<\/div>\n\t\t\t\t<div class=\"elementor-element elementor-element-0d97185 elementor-widget elementor-widget-text-editor\" data-id=\"0d97185\" data-element_type=\"widget\" data-e-type=\"widget\" data-widget_type=\"text-editor.default\">\n\t\t\t\t\t\t\t\t\t<p style=\"margin: 0cm 0cm 0cm 18pt; font-size: 12pt; font-family: 'Courier New'; color: #000000; text-indent: -18pt; text-align: left;\"><span style=\"font-family: Verdana, sans-serif; font-size: 10pt; text-indent: -18pt; color: #000000;\">Soci\u00e9t\u00e9 turque de chirurgie plastique, reconstructive et esth\u00e9tique, 2018<\/span><\/p><p style=\"margin: 0cm 0cm 0cm 18pt; font-size: 12pt; font-family: 'Courier New'; color: #000000; text-indent: -18pt; text-align: left;\"><span style=\"font-size: 10pt; font-family: Verdana, sans-serif; color: #000000;\">Soci\u00e9t\u00e9 Internationale de Chirurgie Plastique Esth\u00e9tique, 2018<\/span><\/p><p style=\"margin: 0cm 0cm 0cm 18pt; font-size: 12pt; font-family: 'Courier New'; color: #000000; text-indent: -18pt; text-align: left;\"><span style=\"font-size: 10pt; font-family: Verdana, sans-serif; color: #000000;\">Soci\u00e9t\u00e9 turque de chirurgie plastique esth\u00e9tique, 2019<\/span><\/p>\t\t\t\t\t\t\t\t<\/div>\n\t\t\t\t<div class=\"elementor-element elementor-element-acd8d49 elementor-widget elementor-widget-heading\" data-id=\"acd8d49\" data-element_type=\"widget\" data-e-type=\"widget\" data-widget_type=\"heading.default\">\n\t\t\t\t\t<h2 class=\"elementor-heading-title elementor-size-xl\">Participation aux r\u00e9unions scientifiques<\/h2>\t\t\t\t<\/div>\n\t\t\t\t<div class=\"elementor-element elementor-element-84504c4 elementor-widget elementor-widget-text-editor\" data-id=\"84504c4\" data-element_type=\"widget\" data-e-type=\"widget\" data-widget_type=\"text-editor.default\">\n\t\t\t\t\t\t\t\t\t<p style=\"margin: 0cm; font-size: 12pt; font-family: 'Courier New'; color: #000000;\"><span style=\"font-size: 10.5pt; font-family: Verdana, sans-serif;\">Universit\u00e9 d&#039;Istanbul, Facult\u00e9 de M\u00e9decine Cerrahpa\u015fa, Chirurgie Plastique, Reconstructrice et Esth\u00e9tique, 10e Symposium des Journ\u00e9es de Chirurgie Plastique, 2013, Istanbul, T\u00dcRK\u0130YE,\u00a0<span style=\"font-weight: bold;\">Comit\u00e9 d&#039;organisation<\/span><\/span><\/p><p style=\"margin: 0cm; font-size: 12pt; font-family: 'Courier New'; color: #000000; text-align: left;\"><span style=\"font-size: 10.5pt; font-family: Verdana, sans-serif; color: #000000;\">Universit\u00e9 d&#039;Istanbul, Facult\u00e9 de m\u00e9decine Cerrahpa\u015fa, Chirurgie plastique, reconstructive et esth\u00e9tique, 11\u00e8me Symposium des Journ\u00e9es de Chirurgie Plastique, 2014, Istanbul, T\u00dcRK\u0130YE, <b>Comit\u00e9 d&#039;organisation<\/b><\/span><\/p><p style=\"margin: 0cm; font-size: 12pt; font-family: 'Courier New'; color: #000000; text-align: left;\"><span style=\"font-size: 10pt; font-family: Verdana, sans-serif; color: #000000;\">Soci\u00e9t\u00e9 turque de chirurgie plastique, reconstructive et esth\u00e9tique, 36e Congr\u00e8s national, 2014, Istanbul, T\u00dcRK\u0130YE, Baghaki S, Cevirme MF, Kucuksucu MA, <b>D&#039;accord MF<\/b>, Yildiz TF, Aydin Y, Flaps d&#039;h\u00e9lice perforante bas\u00e9s sur l&#039;art\u00e8re intercostale post\u00e9rieure sur les d\u00e9fauts de m\u00e9ningomy\u00e9lose.<\/span><\/p><p style=\"margin: 0cm; font-size: 12pt; font-family: 'Courier New'; color: #000000; text-align: left;\"><span style=\"font-size: 10pt; font-family: Verdana, sans-serif; color: #000000;\">Soci\u00e9t\u00e9 turque de chirurgie plastique, reconstructive et esth\u00e9tique, 36e Congr\u00e8s national, 2014, Istanbul, T\u00dcRK\u0130YE, Sahin U, Cebi G, Cevirme MF, Kucuksucu MA, Ercan A, <b>D&#039;accord MF<\/b>, Khankishiyev R, Baghaki S. Perforator Flaps in Parasacral and Gluteal Area Defects.<\/span><\/p><p style=\"margin: 0cm; font-size: 12pt; font-family: 'Courier New'; color: #000000; text-align: left;\"><span style=\"font-size: 10.5pt; font-family: Verdana, sans-serif; color: #000000;\">Universit\u00e9 d&#039;Istanbul, Facult\u00e9 de M\u00e9decine Cerrahpa\u015fa, Chirurgie Plastique, Reconstructrice et Esth\u00e9tique, 12\u00e8me Symposium des Journ\u00e9es de Chirurgie Plastique, 2015, Istanbul, T\u00dcRK\u0130YE, <b>Comit\u00e9 d&#039;organisation<\/b><\/span><\/p><p style=\"margin: 0cm; font-size: 12pt; font-family: 'Courier New'; color: #000000; text-align: left;\"><span style=\"font-size: 10.5pt; font-family: Verdana, sans-serif; color: #000000;\">Universit\u00e9 d&#039;Istanbul, Facult\u00e9 de m\u00e9decine Cerrahpa\u015fa, Chirurgie plastique, reconstructive et esth\u00e9tique, 13e Symposium des Journ\u00e9es de chirurgie plastique, 2016, Istanbul, T\u00dcRK\u0130YE, <b>Comit\u00e9 d&#039;organisation<\/b><\/span><\/p><p style=\"margin: 0cm; font-size: 12pt; font-family: 'Courier New'; color: #000000; text-align: left;\"><span style=\"color: #000000;\"><span style=\"font-size: 10pt; font-family: Verdana, sans-serif;\">Congr\u00e8s international de la F\u00e9d\u00e9ration europ\u00e9enne des soci\u00e9t\u00e9s de microchirurgie. 2016, Antalya, TURQUIE, Demiroz A, <b>Okyay MF (en tant que pr\u00e9sentateur),<\/b> Yalcin MA, Baghaki S, Arslan H, Turkmen A, Aydin Y. Notre exp\u00e9rience avec les lambeaux libres de cuisse ant\u00e9rolat\u00e9rale.<\/span><b><\/b><\/span><\/p><p style=\"margin: 0cm; font-size: 12pt; font-family: 'Courier New'; color: #000000; text-align: left;\"><span style=\"font-size: 10pt; font-family: Verdana, sans-serif; color: #000000;\">Soci\u00e9t\u00e9 turque de chirurgie plastique, reconstructive et esth\u00e9tique, 38e Congr\u00e8s national, 2016, Antalya, T\u00dcRK\u0130YE, K\u00f6m\u00fcrc\u00fc H, \u015eahin U, <b>D&#039;accord MF<\/b>, Suleymanov S, Ercan A, Ba\u011fhaki S. Nos exp\u00e9riences sur le traitement chirurgical du syndrome du tunnel cubital.<\/span><\/p><p style=\"margin: 0cm; font-size: 12pt; font-family: 'Courier New'; color: #000000; text-align: left;\"><span style=\"font-size: 10pt; font-family: Verdana, sans-serif; color: #000000;\">Soci\u00e9t\u00e9 turque de chirurgie plastique esth\u00e9tique, 20e Congr\u00e8s national, 2016, Istanbul, T\u00dcRK\u0130YE. <b>D&#039;accord MF<\/b>, Demiroz A, Sahin U, Cetinkale O. \u0130nsidental \u0130n Situ Lob\u00fcler Karsinoma sur une patiente ayant subi une r\u00e9duction mammaire bilat\u00e9rale\u00a0: \u00e9tude de cas.<\/span><\/p><p style=\"margin: 0cm; font-size: 12pt; font-family: 'Courier New'; color: #000000; text-align: left;\"><span style=\"font-size: 10pt; font-family: Verdana, sans-serif; color: #000000;\">Soci\u00e9t\u00e9 turque de chirurgie plastique, reconstructive et esth\u00e9tique, 38e Congr\u00e8s national, 2016, Antalya, T\u00dcRK\u0130YE, <b>Okyay MF (en tant que pr\u00e9sentateur),<\/b> K\u00fc\u00e7\u00fcksucu MA, Ba\u011fhaki S, Demir\u00f6z A, Khankishiyev R, \u015eahin U, K\u00f6m\u00fcrc\u00fc H, Suleymanov S, Y\u0131ld\u0131z TF, \u00d6ner MB, Da\u011fhan B. Diagnostic pathologique\u00a0? Diagnostic clinique ? BCC plac\u00e9 de mani\u00e8re atypique sur la r\u00e9cidive d&#039;un ancien patient diagnostiqu\u00e9 avec un syringome chondro\u00efde.<\/span><\/p><p style=\"margin: 0cm; font-size: 12pt; font-family: 'Courier New'; color: #000000; text-align: left;\"><span style=\"font-size: 10.5pt; font-family: Verdana, sans-serif; color: #000000;\">Universit\u00e9 d&#039;Istanbul, Facult\u00e9 de m\u00e9decine Cerrahpa\u015fa, Chirurgie plastique, reconstructive et esth\u00e9tique, 14\u00e8me Symposium des Journ\u00e9es de Chirurgie Plastique, 2017, Istanbul, T\u00dcRK\u0130YE, <b>Organisation<\/b> <b>Comit\u00e9<\/b><\/span><\/p><p style=\"margin: 0cm; font-size: 12pt; font-family: 'Courier New'; color: #000000; text-align: left;\"><span style=\"font-size: 10.5pt; font-family: Verdana, sans-serif; color: #000000;\">Universit\u00e9 d&#039;Istanbul, Facult\u00e9 de m\u00e9decine Cerrahpa\u015fa, Chirurgie plastique, reconstructive et esth\u00e9tique, 15e Symposium des Journ\u00e9es de chirurgie plastique, 2018, Istanbul, T\u00dcRK\u0130YE, <b>Organisation<\/b> <b>Comit\u00e9<\/b><\/span><\/p><p style=\"margin: 0cm; font-size: 12pt; font-family: 'Courier New'; color: #000000; text-align: left;\"><span style=\"color: #000000;\"><span style=\"font-size: 10pt; font-family: Verdana, sans-serif;\">Soci\u00e9t\u00e9 turque de chirurgie plastique, reconstructive et esth\u00e9tique, 40e Congr\u00e8s national, 2018, Antalya, <\/span><span style=\"font-size: 10.5pt; font-family: Verdana, sans-serif;\">TURQUIE<\/span><span style=\"font-size: 10pt; font-family: Verdana, sans-serif;\">, <b>Okyay MF (en tant que pr\u00e9sentateur),<\/b> K\u00f6m\u00fcrc\u00fc H, Baghaki S, Demiroz A, Ovgu A, Arslan H. <\/span><span style=\"font-size: 10pt; font-family: Verdana, sans-serif;\">Effets de l&#039;insuline, du m\u00e9toprolol et de la d\u00e9f\u00e9roxamine sur la survie de la greffe de graisse<\/span><span style=\"font-size: 10pt; font-family: Verdana, sans-serif;\">.<\/span><\/span><\/p><p style=\"margin: 0cm; font-size: 12pt; font-family: 'Courier New'; color: #000000; text-align: left;\"><span style=\"font-size: 10pt; font-family: Verdana, sans-serif; color: #000000;\">Soci\u00e9t\u00e9 turque de chirurgie plastique, reconstructive et esth\u00e9tique, 44e Congr\u00e8s national, 2022, Antalya, T\u00dcRK\u0130YE, <b>Okyay MF (en tant que pr\u00e9sentateur),<\/b> \u00c9valuation 3D des fractures du complexe zygomatico-maxillaire.<\/span><\/p>\t\t\t\t\t\t\t\t<\/div>\n\t\t\t\t<div class=\"elementor-element elementor-element-64b61e9 elementor-widget elementor-widget-heading\" data-id=\"64b61e9\" data-element_type=\"widget\" data-e-type=\"widget\" data-widget_type=\"heading.default\">\n\t\t\t\t\t<h2 class=\"elementor-heading-title elementor-size-xl\">Cours suivis<\/h2>\t\t\t\t<\/div>\n\t\t\t\t<div class=\"elementor-element elementor-element-48dbcd5 elementor-widget elementor-widget-text-editor\" data-id=\"48dbcd5\" data-element_type=\"widget\" data-e-type=\"widget\" data-widget_type=\"text-editor.default\">\n\t\t\t\t\t\t\t\t\t<p style=\"margin: 0cm 0cm 0cm 18pt; font-size: 12pt; font-family: 'Courier New'; color: #000000; text-indent: -18pt; text-align: left;\"><span style=\"font-family: Verdana, sans-serif; font-size: 10pt; text-indent: -18pt; color: #000000;\">Certificat d&#039;utilisation exp\u00e9rimentale d&#039;animaux, Universit\u00e9 d&#039;Istanbul, 2015<\/span><\/p><p style=\"margin: 0cm 0cm 0cm 18pt; font-size: 12pt; font-family: 'Courier New'; color: #000000; text-indent: -18pt; text-align: left;\"><span style=\"font-size: 10.5pt; font-family: Verdana, sans-serif; color: #000000;\">ISAPS 8th Eurasian Course, 2016, Istanbul, TURQUIE<\/span><\/p><p style=\"margin: 0cm; font-size: 12pt; font-family: 'Courier New'; color: #000000; text-align: left;\"><span style=\"font-size: 10.5pt; font-family: Verdana, sans-serif; color: #000000;\">27\u00e8me cours de base de microchirurgie 2016, Istanbul, T\u00dcRK\u0130YE<\/span><\/p><p style=\"margin: 0cm; font-size: 12pt; font-family: 'Courier New'; color: #000000; text-align: left;\"><span style=\"color: #000000;\"><span style=\"font-size: 10pt; font-family: Verdana, sans-serif;\">Soci\u00e9t\u00e9 turque de chirurgie plastique, reconstructive et esth\u00e9tique,<\/span><span style=\"font-size: 10.5pt; font-family: Verdana, sans-serif;\"> 2\u00e8me cours d&#039;esth\u00e9tique faciale, 2016, Ankara, T\u00dcRK\u0130YE<\/span><\/span><\/p><p style=\"margin: 0cm 0cm 0cm 18pt; font-size: 12pt; font-family: 'Courier New'; color: #000000; text-indent: -18pt; text-align: left;\"><span style=\"font-size: 10.5pt; font-family: Verdana, sans-serif; color: #000000;\">ISAPS 9th Eurasian Course 2017, Istanbul, T\u00dcRK\u0130YE<\/span><\/p><p style=\"margin: 0cm 0cm 0cm 18pt; font-size: 12pt; font-family: 'Courier New'; color: #000000; text-indent: -18pt; text-align: left;\"><span style=\"font-size: 10.5pt; font-family: Verdana, sans-serif; color: #000000;\"><a href=\"https:\/\/www.dr-mfo.com\/fr\/nose-job-rhinoplasty\/\">Rhinoplastie<\/a> Cours de chirurgie en direct de la Soci\u00e9t\u00e9 europ\u00e9enne, 2017, Istanbul, T\u00dcRK\u0130YE<\/span><\/p><p style=\"margin: 0cm 0cm 0cm 18pt; font-size: 12pt; font-family: 'Courier New'; color: #000000; text-indent: -18pt; text-align: left;\"><span style=\"font-size: 10.5pt; font-family: Verdana, sans-serif; color: #000000;\">ISAPS 10th Eurasian Course, 2018, Istanbul, T\u00dcRK\u0130YE<\/span><\/p><p style=\"margin: 0cm 0cm 0cm 18pt; font-size: 12pt; font-family: 'Courier New'; color: #000000; text-indent: -18pt; text-align: left;\"><span style=\"font-size: 10.5pt; font-family: Verdana, sans-serif; color: #000000;\">Cours ouvert de rhinoplastie Cerkes, 2018, Istanbul, TURQUIE<\/span><\/p><p style=\"margin: 0cm; font-size: 12pt; font-family: 'Courier New'; color: #000000; text-align: left;\"><span style=\"font-size: 10pt; font-family: Verdana, sans-serif; color: #000000;\">Soci\u00e9t\u00e9 turque de chirurgie plastique, reconstructive et esth\u00e9tique, 10e cours de r\u00e9sidence en chirurgie plastique, 2018, Antalya, T\u00dcRK\u0130YE<\/span><\/p>\t\t\t\t\t\t\t\t<\/div>\n\t\t\t\t\t<\/div>\n\t\t<\/div>\n\t\t\t\t\t<\/div>\n\t\t<\/section>\n\t\t\t\t<\/div>","protected":false},"excerpt":{"rendered":"<p>Dr. MFO Mehmet Fatih Okyay, MDEuropean &amp; Turkish Board CertifiedPlastic Surgery Specialist Mehmet Fatih Okyay, MD, FEBOPRAS ranked 8th in his term in the Turkish Medical Specialization Examination. He completed a Plastic, Reconstructive, and Aesthetic Surgery residency at the world-renowned Istanbul University, Cerrahpa\u015fa Faculty of Medicine. He was awarded as the Fellow of the European [&hellip;]<\/p>\n","protected":false},"author":2,"featured_media":0,"parent":0,"menu_order":0,"comment_status":"closed","ping_status":"closed","template":"","meta":{"_acf_changed":false,"footnotes":""},"class_list":["post-2697","page","type-page","status-publish","hentry"],"acf":[],"_links":{"self":[{"href":"https:\/\/www.dr-mfo.com\/fr\/wp-json\/wp\/v2\/pages\/2697","targetHints":{"allow":["GET"]}}],"collection":[{"href":"https:\/\/www.dr-mfo.com\/fr\/wp-json\/wp\/v2\/pages"}],"about":[{"href":"https:\/\/www.dr-mfo.com\/fr\/wp-json\/wp\/v2\/types\/page"}],"author":[{"embeddable":true,"href":"https:\/\/www.dr-mfo.com\/fr\/wp-json\/wp\/v2\/users\/2"}],"replies":[{"embeddable":true,"href":"https:\/\/www.dr-mfo.com\/fr\/wp-json\/wp\/v2\/comments?post=2697"}],"version-history":[{"count":0,"href":"https:\/\/www.dr-mfo.com\/fr\/wp-json\/wp\/v2\/pages\/2697\/revisions"}],"wp:attachment":[{"href":"https:\/\/www.dr-mfo.com\/fr\/wp-json\/wp\/v2\/media?parent=2697"}],"curies":[{"name":"wp","href":"https:\/\/api.w.org\/{rel}","templated":true}]}}