{"id":2838,"date":"2022-04-20T12:03:04","date_gmt":"2022-04-20T11:03:04","guid":{"rendered":"https:\/\/www.dr-mfo.com\/?page_id=2838"},"modified":"2026-02-22T11:14:36","modified_gmt":"2026-02-22T11:14:36","slug":"faq-questions-frequemment-posees","status":"publish","type":"page","link":"https:\/\/www.dr-mfo.com\/fr\/faqs-frequently-asked-questions\/","title":{"rendered":"FAQ"},"content":{"rendered":"<div data-elementor-type=\"wp-page\" data-elementor-id=\"2838\" class=\"elementor elementor-2838\">\n\t\t\t\t\t\t<section class=\"elementor-section elementor-top-section elementor-element elementor-element-f7df023 elementor-section-full_width elementor-section-height-default elementor-section-height-default\" data-id=\"f7df023\" data-element_type=\"section\" data-e-type=\"section\">\n\t\t\t\t\t\t<div class=\"elementor-container elementor-column-gap-default\">\n\t\t\t\t\t<div class=\"elementor-column elementor-col-100 elementor-top-column elementor-element elementor-element-1645ad6\" data-id=\"1645ad6\" data-element_type=\"column\" data-e-type=\"column\">\n\t\t\t<div class=\"elementor-widget-wrap elementor-element-populated\">\n\t\t\t\t\t\t<div class=\"elementor-element elementor-element-173439c elementor-widget-divider--view-line elementor-widget elementor-widget-divider\" data-id=\"173439c\" data-element_type=\"widget\" data-e-type=\"widget\" data-widget_type=\"divider.default\">\n\t\t\t\t\t\t\t<div class=\"elementor-divider\">\n\t\t\t<span class=\"elementor-divider-separator\">\n\t\t\t\t\t\t<\/span>\n\t\t<\/div>\n\t\t\t\t\t\t<\/div>\n\t\t\t\t<div class=\"elementor-element elementor-element-be7ecb3 elementor-widget-divider--view-line elementor-widget elementor-widget-divider\" data-id=\"be7ecb3\" data-element_type=\"widget\" data-e-type=\"widget\" data-widget_type=\"divider.default\">\n\t\t\t\t\t\t\t<div class=\"elementor-divider\">\n\t\t\t<span class=\"elementor-divider-separator\">\n\t\t\t\t\t\t<\/span>\n\t\t<\/div>\n\t\t\t\t\t\t<\/div>\n\t\t\t\t<div class=\"elementor-element elementor-element-7c3fbf8 elementor-widget-divider--view-line elementor-widget elementor-widget-divider\" data-id=\"7c3fbf8\" data-element_type=\"widget\" data-e-type=\"widget\" data-widget_type=\"divider.default\">\n\t\t\t\t\t\t\t<div class=\"elementor-divider\">\n\t\t\t<span class=\"elementor-divider-separator\">\n\t\t\t\t\t\t<\/span>\n\t\t<\/div>\n\t\t\t\t\t\t<\/div>\n\t\t\t\t<div class=\"elementor-element elementor-element-c90a926 elementor-widget elementor-widget-heading\" data-id=\"c90a926\" data-element_type=\"widget\" data-e-type=\"widget\" data-widget_type=\"heading.default\">\n\t\t\t\t\t<h2 class=\"elementor-heading-title elementor-size-default\">Questions fr\u00e9quemment pos\u00e9es<\/h2>\t\t\t\t<\/div>\n\t\t\t\t<div class=\"elementor-element elementor-element-d8e3d33 elementor-widget-divider--view-line elementor-widget elementor-widget-divider\" data-id=\"d8e3d33\" data-element_type=\"widget\" data-e-type=\"widget\" data-widget_type=\"divider.default\">\n\t\t\t\t\t\t\t<div class=\"elementor-divider\">\n\t\t\t<span class=\"elementor-divider-separator\">\n\t\t\t\t\t\t<\/span>\n\t\t<\/div>\n\t\t\t\t\t\t<\/div>\n\t\t\t\t\t<\/div>\n\t\t<\/div>\n\t\t\t\t\t<\/div>\n\t\t<\/section>\n\t\t\t\t<section class=\"elementor-section elementor-top-section elementor-element elementor-element-de0805a elementor-section-full_width elementor-section-height-default elementor-section-height-default\" data-id=\"de0805a\" data-element_type=\"section\" data-e-type=\"section\">\n\t\t\t\t\t\t<div class=\"elementor-container elementor-column-gap-default\">\n\t\t\t\t\t<div class=\"elementor-column elementor-col-50 elementor-top-column elementor-element elementor-element-fe5e097\" data-id=\"fe5e097\" data-element_type=\"column\" data-e-type=\"column\">\n\t\t\t<div class=\"elementor-widget-wrap elementor-element-populated\">\n\t\t\t\t\t\t<div class=\"elementor-element elementor-element-b99534f elementor-widget elementor-widget-toggle\" data-id=\"b99534f\" data-element_type=\"widget\" data-e-type=\"widget\" data-widget_type=\"toggle.default\">\n\t\t\t\t\t\t\t<div class=\"elementor-toggle\">\n\t\t\t\t\t\t\t<div class=\"elementor-toggle-item\">\n\t\t\t\t\t<div id=\"elementor-tab-title-1941\" class=\"elementor-tab-title\" data-tab=\"1\" role=\"button\" aria-controls=\"elementor-tab-content-1941\" aria-expanded=\"false\">\n\t\t\t\t\t\t\t\t\t\t\t\t<span class=\"elementor-toggle-icon elementor-toggle-icon-left\" aria-hidden=\"true\">\n\t\t\t\t\t\t\t\t\t\t\t\t\t\t\t<span class=\"elementor-toggle-icon-closed\"><i class=\"fas fa-caret-right\"><\/i><\/span>\n\t\t\t\t\t\t\t\t<span class=\"elementor-toggle-icon-opened\"><i class=\"elementor-toggle-icon-opened fas fa-caret-up\"><\/i><\/span>\n\t\t\t\t\t\t\t\t\t\t\t\t\t<\/span>\n\t\t\t\t\t\t\t\t\t\t\t\t<a class=\"elementor-toggle-title\" tabindex=\"0\">A qui s&#039;appliquent les proc\u00e9dures de Chirurgie Esth\u00e9tique ?<\/a>\n\t\t\t\t\t<\/div>\n\n\t\t\t\t\t<div id=\"elementor-tab-content-1941\" class=\"elementor-tab-content elementor-clearfix\" data-tab=\"1\" role=\"region\" aria-labelledby=\"elementor-tab-title-1941\"><p><span style=\"color: #000000;\">Toute personne qui a une attente d&#039;embellissement ou de rajeunissement qu&#039;elle peut d\u00e9crire concr\u00e8tement dans n&#039;importe quelle partie de son corps sans trouble de l&#039;image corporelle est un candidat appropri\u00e9 pour l&#039;esth\u00e9tique.<\/span><\/p><\/div>\n\t\t\t\t<\/div>\n\t\t\t\t\t\t\t<div class=\"elementor-toggle-item\">\n\t\t\t\t\t<div id=\"elementor-tab-title-1942\" class=\"elementor-tab-title\" data-tab=\"2\" role=\"button\" aria-controls=\"elementor-tab-content-1942\" aria-expanded=\"false\">\n\t\t\t\t\t\t\t\t\t\t\t\t<span class=\"elementor-toggle-icon elementor-toggle-icon-left\" aria-hidden=\"true\">\n\t\t\t\t\t\t\t\t\t\t\t\t\t\t\t<span class=\"elementor-toggle-icon-closed\"><i class=\"fas fa-caret-right\"><\/i><\/span>\n\t\t\t\t\t\t\t\t<span class=\"elementor-toggle-icon-opened\"><i class=\"elementor-toggle-icon-opened fas fa-caret-up\"><\/i><\/span>\n\t\t\t\t\t\t\t\t\t\t\t\t\t<\/span>\n\t\t\t\t\t\t\t\t\t\t\t\t<a class=\"elementor-toggle-title\" tabindex=\"0\">Combien de temps faut-il pour reprendre une vie normale apr\u00e8s la Chirurgie Esth\u00e9tique ?<\/a>\n\t\t\t\t\t<\/div>\n\n\t\t\t\t\t<div id=\"elementor-tab-content-1942\" class=\"elementor-tab-content elementor-clearfix\" data-tab=\"2\" role=\"region\" aria-labelledby=\"elementor-tab-title-1942\"><p><span style=\"color: #000000;\">Bien que cela varie en fonction de la taille et des caract\u00e9ristiques de l&#039;intervention de chirurgie esth\u00e9tique, il est possible de sortir le lendemain de l&#039;intervention et de reprendre le travail trois jours plus tard dans la plupart des interventions. Cependant, le retour au travail dans les m\u00e9tiers qui demandent une activit\u00e9 physique intense peut prendre de quelques jours \u00e0 quelques semaines.<\/span><\/p><\/div>\n\t\t\t\t<\/div>\n\t\t\t\t\t\t\t<div class=\"elementor-toggle-item\">\n\t\t\t\t\t<div id=\"elementor-tab-title-1943\" class=\"elementor-tab-title\" data-tab=\"3\" role=\"button\" aria-controls=\"elementor-tab-content-1943\" aria-expanded=\"false\">\n\t\t\t\t\t\t\t\t\t\t\t\t<span class=\"elementor-toggle-icon elementor-toggle-icon-left\" aria-hidden=\"true\">\n\t\t\t\t\t\t\t\t\t\t\t\t\t\t\t<span class=\"elementor-toggle-icon-closed\"><i class=\"fas fa-caret-right\"><\/i><\/span>\n\t\t\t\t\t\t\t\t<span class=\"elementor-toggle-icon-opened\"><i class=\"elementor-toggle-icon-opened fas fa-caret-up\"><\/i><\/span>\n\t\t\t\t\t\t\t\t\t\t\t\t\t<\/span>\n\t\t\t\t\t\t\t\t\t\t\t\t<a class=\"elementor-toggle-title\" tabindex=\"0\">Quelle est la meilleure saison pour la Chirurgie Esth\u00e9tique ?<\/a>\n\t\t\t\t\t<\/div>\n\n\t\t\t\t\t<div id=\"elementor-tab-content-1943\" class=\"elementor-tab-content elementor-clearfix\" data-tab=\"3\" role=\"region\" aria-labelledby=\"elementor-tab-title-1943\"><p><span style=\"color: #000000;\">Toutes les saisons de l&#039;ann\u00e9e sont propices \u00e0 la chirurgie plastique lorsque les zones trait\u00e9es sont correctement entretenues. \u00c0 titre exceptionnel, les applications de peeling et de laser peuvent augmenter la formation de taches, elles sont donc principalement pr\u00e9f\u00e9r\u00e9es pendant les mois d&#039;hiver.<\/span><\/p><\/div>\n\t\t\t\t<\/div>\n\t\t\t\t\t\t\t<div class=\"elementor-toggle-item\">\n\t\t\t\t\t<div id=\"elementor-tab-title-1944\" class=\"elementor-tab-title\" data-tab=\"4\" role=\"button\" aria-controls=\"elementor-tab-content-1944\" aria-expanded=\"false\">\n\t\t\t\t\t\t\t\t\t\t\t\t<span class=\"elementor-toggle-icon elementor-toggle-icon-left\" aria-hidden=\"true\">\n\t\t\t\t\t\t\t\t\t\t\t\t\t\t\t<span class=\"elementor-toggle-icon-closed\"><i class=\"fas fa-caret-right\"><\/i><\/span>\n\t\t\t\t\t\t\t\t<span class=\"elementor-toggle-icon-opened\"><i class=\"elementor-toggle-icon-opened fas fa-caret-up\"><\/i><\/span>\n\t\t\t\t\t\t\t\t\t\t\t\t\t<\/span>\n\t\t\t\t\t\t\t\t\t\t\t\t<a class=\"elementor-toggle-title\" tabindex=\"0\">Combien de temps faut-il pour voir le r\u00e9sultat final ?<\/a>\n\t\t\t\t\t<\/div>\n\n\t\t\t\t\t<div id=\"elementor-tab-content-1944\" class=\"elementor-tab-content elementor-clearfix\" data-tab=\"4\" role=\"region\" aria-labelledby=\"elementor-tab-title-1944\"><p><span style=\"color: #000000;\">Tous les processus que nous appliquons sont des traumatismes qui visent un changement souhait\u00e9 en cons\u00e9quence. Les plaies caus\u00e9es par tous les traumatismes trouvent leur forme d\u00e9finitive dans l&#039;intervalle de 6 mois \u00e0 2 ans en tant que connaissance classique. Cependant, il est possible de voir 90% du r\u00e9sultat net entre 2 semaines et 2 mois dans les interventions de chirurgie plastique avec des mains expertes.<\/span><\/p><\/div>\n\t\t\t\t<\/div>\n\t\t\t\t\t\t\t<div class=\"elementor-toggle-item\">\n\t\t\t\t\t<div id=\"elementor-tab-title-1945\" class=\"elementor-tab-title\" data-tab=\"5\" role=\"button\" aria-controls=\"elementor-tab-content-1945\" aria-expanded=\"false\">\n\t\t\t\t\t\t\t\t\t\t\t\t<span class=\"elementor-toggle-icon elementor-toggle-icon-left\" aria-hidden=\"true\">\n\t\t\t\t\t\t\t\t\t\t\t\t\t\t\t<span class=\"elementor-toggle-icon-closed\"><i class=\"fas fa-caret-right\"><\/i><\/span>\n\t\t\t\t\t\t\t\t<span class=\"elementor-toggle-icon-opened\"><i class=\"elementor-toggle-icon-opened fas fa-caret-up\"><\/i><\/span>\n\t\t\t\t\t\t\t\t\t\t\t\t\t<\/span>\n\t\t\t\t\t\t\t\t\t\t\t\t<a class=\"elementor-toggle-title\" tabindex=\"0\">Plusieurs proc\u00e9dures de chirurgie esth\u00e9tique peuvent-elles \u00eatre effectu\u00e9es en m\u00eame temps ?<\/a>\n\t\t\t\t\t<\/div>\n\n\t\t\t\t\t<div id=\"elementor-tab-content-1945\" class=\"elementor-tab-content elementor-clearfix\" data-tab=\"5\" role=\"region\" aria-labelledby=\"elementor-tab-title-1945\"><p><span style=\"color: #000000;\">La demande et la fr\u00e9quence d&#039;application des proc\u00e9dures esth\u00e9tiques combin\u00e9es, qui expriment la combinaison de plusieurs proc\u00e9dures chirurgicales esth\u00e9tiques, augmentent de jour en jour.<\/span><\/p><\/div>\n\t\t\t\t<\/div>\n\t\t\t\t\t\t\t<div class=\"elementor-toggle-item\">\n\t\t\t\t\t<div id=\"elementor-tab-title-1946\" class=\"elementor-tab-title\" data-tab=\"6\" role=\"button\" aria-controls=\"elementor-tab-content-1946\" aria-expanded=\"false\">\n\t\t\t\t\t\t\t\t\t\t\t\t<span class=\"elementor-toggle-icon elementor-toggle-icon-left\" aria-hidden=\"true\">\n\t\t\t\t\t\t\t\t\t\t\t\t\t\t\t<span class=\"elementor-toggle-icon-closed\"><i class=\"fas fa-caret-right\"><\/i><\/span>\n\t\t\t\t\t\t\t\t<span class=\"elementor-toggle-icon-opened\"><i class=\"elementor-toggle-icon-opened fas fa-caret-up\"><\/i><\/span>\n\t\t\t\t\t\t\t\t\t\t\t\t\t<\/span>\n\t\t\t\t\t\t\t\t\t\t\t\t<a class=\"elementor-toggle-title\" tabindex=\"0\">Quels sont les risques des proth\u00e8ses mammaires en silicone ?<\/a>\n\t\t\t\t\t<\/div>\n\n\t\t\t\t\t<div id=\"elementor-tab-content-1946\" class=\"elementor-tab-content elementor-clearfix\" data-tab=\"6\" role=\"region\" aria-labelledby=\"elementor-tab-title-1946\"><p><span style=\"color: #000000;\">Les risques de tous les corps \u00e9trangers qui ne proviennent pas de vos propres tissus sont \u00e9galement valables pour les proth\u00e8ses mammaires en silicone. Cependant, les recherches et notre exp\u00e9rience montrent que ces risques sont r\u00e9duits au 3-5% avec les proth\u00e8ses de derni\u00e8re g\u00e9n\u00e9ration de marques reconnues. Donc 95-97% r\u00e9sultat r\u00e9ussi.<\/span><\/p><\/div>\n\t\t\t\t<\/div>\n\t\t\t\t\t\t\t\t<\/div>\n\t\t\t\t\t\t<\/div>\n\t\t\t\t\t<\/div>\n\t\t<\/div>\n\t\t\t\t<div class=\"elementor-column elementor-col-50 elementor-top-column elementor-element elementor-element-860994f\" data-id=\"860994f\" data-element_type=\"column\" data-e-type=\"column\">\n\t\t\t<div class=\"elementor-widget-wrap elementor-element-populated\">\n\t\t\t\t\t\t<div class=\"elementor-element elementor-element-9fe12e7 elementor-widget elementor-widget-toggle\" data-id=\"9fe12e7\" data-element_type=\"widget\" data-e-type=\"widget\" data-widget_type=\"toggle.default\">\n\t\t\t\t\t\t\t<div class=\"elementor-toggle\">\n\t\t\t\t\t\t\t<div class=\"elementor-toggle-item\">\n\t\t\t\t\t<div id=\"elementor-tab-title-1671\" class=\"elementor-tab-title\" data-tab=\"1\" role=\"button\" aria-controls=\"elementor-tab-content-1671\" aria-expanded=\"false\">\n\t\t\t\t\t\t\t\t\t\t\t\t<span class=\"elementor-toggle-icon elementor-toggle-icon-left\" aria-hidden=\"true\">\n\t\t\t\t\t\t\t\t\t\t\t\t\t\t\t<span class=\"elementor-toggle-icon-closed\"><i class=\"fas fa-caret-right\"><\/i><\/span>\n\t\t\t\t\t\t\t\t<span class=\"elementor-toggle-icon-opened\"><i class=\"elementor-toggle-icon-opened fas fa-caret-up\"><\/i><\/span>\n\t\t\t\t\t\t\t\t\t\t\t\t\t<\/span>\n\t\t\t\t\t\t\t\t\t\t\t\t<a class=\"elementor-toggle-title\" tabindex=\"0\">Questions importantes \u00e0 poser \u00e0 votre chirurgien :<\/a>\n\t\t\t\t\t<\/div>\n\n\t\t\t\t\t<div id=\"elementor-tab-content-1671\" class=\"elementor-tab-content elementor-clearfix\" data-tab=\"1\" role=\"region\" aria-labelledby=\"elementor-tab-title-1671\"><p><span style=\"color: #000000;\">Suis-je un bon candidat pour la proc\u00e9dure qui m&#039;int\u00e9resse\u00a0? Sinon, qu&#039;est-ce qui m&#039;emp\u00eache d&#039;\u00eatre candidat ?<\/span><\/p><p><span style=\"color: #000000;\">Quels sont les b\u00e9n\u00e9fices?<\/span><\/p><p><span style=\"color: #000000;\">Quels sont les risques ?<\/span><\/p><p><span style=\"color: #000000;\">Quelle(s) certification(s) d\u00e9tenez-vous\u00a0?<\/span><\/p><p><span style=\"color: #000000;\">Quel type d&#039;anesth\u00e9sie est n\u00e9cessaire pour cette proc\u00e9dure?<\/span><\/p><\/div>\n\t\t\t\t<\/div>\n\t\t\t\t\t\t\t<div class=\"elementor-toggle-item\">\n\t\t\t\t\t<div id=\"elementor-tab-title-1672\" class=\"elementor-tab-title\" data-tab=\"2\" role=\"button\" aria-controls=\"elementor-tab-content-1672\" aria-expanded=\"false\">\n\t\t\t\t\t\t\t\t\t\t\t\t<span class=\"elementor-toggle-icon elementor-toggle-icon-left\" aria-hidden=\"true\">\n\t\t\t\t\t\t\t\t\t\t\t\t\t\t\t<span class=\"elementor-toggle-icon-closed\"><i class=\"fas fa-caret-right\"><\/i><\/span>\n\t\t\t\t\t\t\t\t<span class=\"elementor-toggle-icon-opened\"><i class=\"elementor-toggle-icon-opened fas fa-caret-up\"><\/i><\/span>\n\t\t\t\t\t\t\t\t\t\t\t\t\t<\/span>\n\t\t\t\t\t\t\t\t\t\t\t\t<a class=\"elementor-toggle-title\" tabindex=\"0\">Aurai-je besoin de m&#039;absenter du travail?<\/a>\n\t\t\t\t\t<\/div>\n\n\t\t\t\t\t<div id=\"elementor-tab-content-1672\" class=\"elementor-tab-content elementor-clearfix\" data-tab=\"2\" role=\"region\" aria-labelledby=\"elementor-tab-title-1672\"><p><span style=\"color: #000000;\">Les arr\u00eats de travail sont individualis\u00e9s en fonction du type d&#039;intervention chirurgicale et du travail effectu\u00e9. Le processus de r\u00e9cup\u00e9ration sera discut\u00e9 en d\u00e9tail lors de votre consultation. La plage moyenne de jours de cong\u00e9 peut durer de 3 \u00e0 7 jours. Les op\u00e9rations d\u00e9taill\u00e9es et combin\u00e9es telles que la plastie abdominale prennent g\u00e9n\u00e9ralement plus de temps.<\/span><\/p><\/div>\n\t\t\t\t<\/div>\n\t\t\t\t\t\t\t<div class=\"elementor-toggle-item\">\n\t\t\t\t\t<div id=\"elementor-tab-title-1673\" class=\"elementor-tab-title\" data-tab=\"3\" role=\"button\" aria-controls=\"elementor-tab-content-1673\" aria-expanded=\"false\">\n\t\t\t\t\t\t\t\t\t\t\t\t<span class=\"elementor-toggle-icon elementor-toggle-icon-left\" aria-hidden=\"true\">\n\t\t\t\t\t\t\t\t\t\t\t\t\t\t\t<span class=\"elementor-toggle-icon-closed\"><i class=\"fas fa-caret-right\"><\/i><\/span>\n\t\t\t\t\t\t\t\t<span class=\"elementor-toggle-icon-opened\"><i class=\"elementor-toggle-icon-opened fas fa-caret-up\"><\/i><\/span>\n\t\t\t\t\t\t\t\t\t\t\t\t\t<\/span>\n\t\t\t\t\t\t\t\t\t\t\t\t<a class=\"elementor-toggle-title\" tabindex=\"0\">Y aura-t-il des cicatrices apr\u00e8s la chirurgie esth\u00e9tique ?<\/a>\n\t\t\t\t\t<\/div>\n\n\t\t\t\t\t<div id=\"elementor-tab-content-1673\" class=\"elementor-tab-content elementor-clearfix\" data-tab=\"3\" role=\"region\" aria-labelledby=\"elementor-tab-title-1673\"><p><span style=\"color: #000000;\">Toutes les interventions chirurgicales laissent plus ou moins de cicatrices. Fondamentalement, ce degr\u00e9 de permission est directement li\u00e9 \u00e0 votre structure g\u00e9n\u00e9tique. Cacher ces cicatrices dans des zones moins visibles et les faire dispara\u00eetre entre les plis cutan\u00e9s font partie des principes de base de la Chirurgie Esth\u00e9tique.<\/span><\/p><\/div>\n\t\t\t\t<\/div>\n\t\t\t\t\t\t\t<div class=\"elementor-toggle-item\">\n\t\t\t\t\t<div id=\"elementor-tab-title-1674\" class=\"elementor-tab-title\" data-tab=\"4\" role=\"button\" aria-controls=\"elementor-tab-content-1674\" aria-expanded=\"false\">\n\t\t\t\t\t\t\t\t\t\t\t\t<span class=\"elementor-toggle-icon elementor-toggle-icon-left\" aria-hidden=\"true\">\n\t\t\t\t\t\t\t\t\t\t\t\t\t\t\t<span class=\"elementor-toggle-icon-closed\"><i class=\"fas fa-caret-right\"><\/i><\/span>\n\t\t\t\t\t\t\t\t<span class=\"elementor-toggle-icon-opened\"><i class=\"elementor-toggle-icon-opened fas fa-caret-up\"><\/i><\/span>\n\t\t\t\t\t\t\t\t\t\t\t\t\t<\/span>\n\t\t\t\t\t\t\t\t\t\t\t\t<a class=\"elementor-toggle-title\" tabindex=\"0\">Que signifie \u00ab\u00a0certifi\u00e9 par le conseil d&#039;administration\u00a0\u00bb\u00a0?<\/a>\n\t\t\t\t\t<\/div>\n\n\t\t\t\t\t<div id=\"elementor-tab-content-1674\" class=\"elementor-tab-content elementor-clearfix\" data-tab=\"4\" role=\"region\" aria-labelledby=\"elementor-tab-title-1674\"><p><span style=\"color: #000000;\">Alors que de nombreux types de m\u00e9decins peuvent pratiquer la chirurgie esth\u00e9tique, vous confiez votre apparence et votre vie au m\u00e9decin de votre choix. Chaque intervention de chirurgie esth\u00e9tique comporte des risques et des complications potentielles. Si vous avez d\u00e9cid\u00e9 de subir une chirurgie esth\u00e9tique \u00e0 l&#039;\u00e9tranger, vous devez \u00eatre s\u00fbr que le <a href=\"https:\/\/www.dr-mfo.com\/fr\/\">chirurgien<\/a> que vous choisissez est correctement form\u00e9 et qualifi\u00e9 pour effectuer votre proc\u00e9dure.<\/span><\/p><p><span style=\"color: #000000;\">La chirurgie plastique esth\u00e9tique n\u00e9cessite un chirurgien plasticien hautement qualifi\u00e9 et qualifi\u00e9. Ceux qui sont certifi\u00e9s par le conseil r\u00e9pondent \u00e0 des normes rigoureuses, sont dipl\u00f4m\u00e9s d&#039;une \u00e9cole de m\u00e9decine accr\u00e9dit\u00e9e, r\u00e9ussissent des examens complets et pratiquent activement la chirurgie plastique pendant au moins trois ans apr\u00e8s toute formation.<\/span><\/p><p><span style=\"color: #000000;\">Trouver un chirurgien plasticien bien form\u00e9 et exp\u00e9riment\u00e9 est l&#039;une des \u00e9tapes les plus importantes pour vous assurer d&#039;obtenir les r\u00e9sultats que vous souhaitez.<\/span><\/p><\/div>\n\t\t\t\t<\/div>\n\t\t\t\t\t\t\t<div class=\"elementor-toggle-item\">\n\t\t\t\t\t<div id=\"elementor-tab-title-1675\" class=\"elementor-tab-title\" data-tab=\"5\" role=\"button\" aria-controls=\"elementor-tab-content-1675\" aria-expanded=\"false\">\n\t\t\t\t\t\t\t\t\t\t\t\t<span class=\"elementor-toggle-icon elementor-toggle-icon-left\" aria-hidden=\"true\">\n\t\t\t\t\t\t\t\t\t\t\t\t\t\t\t<span class=\"elementor-toggle-icon-closed\"><i class=\"fas fa-caret-right\"><\/i><\/span>\n\t\t\t\t\t\t\t\t<span class=\"elementor-toggle-icon-opened\"><i class=\"elementor-toggle-icon-opened fas fa-caret-up\"><\/i><\/span>\n\t\t\t\t\t\t\t\t\t\t\t\t\t<\/span>\n\t\t\t\t\t\t\t\t\t\t\t\t<a class=\"elementor-toggle-title\" tabindex=\"0\">Comment savoir si mon m\u00e9decin est certifi\u00e9 en chirurgie esth\u00e9tique ?<\/a>\n\t\t\t\t\t<\/div>\n\n\t\t\t\t\t<div id=\"elementor-tab-content-1675\" class=\"elementor-tab-content elementor-clearfix\" data-tab=\"5\" role=\"region\" aria-labelledby=\"elementor-tab-title-1675\"><p><span style=\"color: #000000;\">Pour v\u00e9rifier la certification du conseil en chirurgie plastique par l&#039;EBOPRAS (Conseil europ\u00e9en de chirurgie plastique, reconstructive et esth\u00e9tique), veuillez visiter l&#039;outil de recherche de boursiers. Entrez le nom complet du m\u00e9decin (<a href=\"https:\/\/www.dr-mfo.com\/fr\/who-is-drmfo\/\">Mehmet Fatih Okay<\/a> ) vous souhaitez v\u00e9rifier la certification EBOPRAS.<\/span><\/p><p><span style=\"color: #000000;\">Pour voir les adh\u00e9sions ISAPS et EBOPRAS, vous pouvez utiliser les liens ci-dessous;<\/span><\/p><ul><li><span style=\"color: #000000;\">https:\/\/ebopras.eu\/ebopras-fellows<\/span><\/li><li><span style=\"color: #000000;\">https:\/\/www.isaps.org\/member-directory\/?contactid=1645A8F3-ABF8-49CE-1B2816AC6DCAB590<\/span><\/li><\/ul><p><span style=\"color: #000000;\">L&#039;European Board Examination in Plastic Surgery est organis\u00e9 par le comit\u00e9 d&#039;examen EBOPRAS et vise \u00e0 la fois comme marque de qualit\u00e9 et pour aider \u00e0 l&#039;harmonisation des normes dans les pays membres de l&#039;UE et de l&#039;UEMS.<\/span><\/p><p><span style=\"color: #000000;\">Ceux qui ont r\u00e9ussi les deux parties de l&#039;examen et sont des sp\u00e9cialistes en chirurgie plastique et enregistr\u00e9s par l&#039;autorit\u00e9 nationale comp\u00e9tente ont le droit de recevoir leur certificat EBOPRAS, et peuvent se faire appeler &quot;Fellow of EBOPRAS&quot;, et utiliser l&#039;abr\u00e9viation FEBOPRAS derri\u00e8re leur nom .<\/span><\/p><p><span style=\"color: #000000;\">En tant que principale organisation professionnelle mondiale pour les chirurgiens plasticiens esth\u00e9tiques certifi\u00e9s, l&#039;ISAPS (International Society of Aesthetic Plastic Surgeons) se consacre \u00e0 la promotion de l&#039;excellence dans le domaine de la chirurgie plastique esth\u00e9tique. Lorsque vous choisissez un chirurgien membre de l&#039;ISAPS, vous pouvez \u00eatre s\u00fbr que votre chirurgien :<\/span><\/p><ul><li><span style=\"color: #000000;\">Est qualifi\u00e9 et exp\u00e9riment\u00e9<\/span><\/li><li><span style=\"color: #000000;\">A un dossier de s\u00e9curit\u00e9<\/span><\/li><li><span style=\"color: #000000;\">A d\u00e9montr\u00e9 un engagement envers une pratique \u00e9thique<\/span><\/li><li><span style=\"color: #000000;\">Est form\u00e9 aux techniques et aux traitements les plus s\u00fbrs et les plus r\u00e9cents<\/span><\/li><\/ul><\/div>\n\t\t\t\t<\/div>\n\t\t\t\t\t\t\t\t<\/div>\n\t\t\t\t\t\t<\/div>\n\t\t\t\t\t<\/div>\n\t\t<\/div>\n\t\t\t\t\t<\/div>\n\t\t<\/section>\n\t\t\t\t<\/div>","protected":false},"excerpt":{"rendered":"<p>Frequently Asked Questions To whom are Aesthetic Surgery procedures applied? Anyone who has an expectation of beautification or rejuvenation that they can describe concretely in any part of their body without body image disorder is a suitable candidate for Aesthetic Surgery. How long does it take to return to normal life after Aesthetic Surgery? Although [&hellip;]<\/p>\n","protected":false},"author":2,"featured_media":0,"parent":0,"menu_order":0,"comment_status":"closed","ping_status":"closed","template":"","meta":{"_acf_changed":false,"footnotes":""},"class_list":["post-2838","page","type-page","status-publish","hentry"],"acf":[],"_links":{"self":[{"href":"https:\/\/www.dr-mfo.com\/fr\/wp-json\/wp\/v2\/pages\/2838","targetHints":{"allow":["GET"]}}],"collection":[{"href":"https:\/\/www.dr-mfo.com\/fr\/wp-json\/wp\/v2\/pages"}],"about":[{"href":"https:\/\/www.dr-mfo.com\/fr\/wp-json\/wp\/v2\/types\/page"}],"author":[{"embeddable":true,"href":"https:\/\/www.dr-mfo.com\/fr\/wp-json\/wp\/v2\/users\/2"}],"replies":[{"embeddable":true,"href":"https:\/\/www.dr-mfo.com\/fr\/wp-json\/wp\/v2\/comments?post=2838"}],"version-history":[{"count":0,"href":"https:\/\/www.dr-mfo.com\/fr\/wp-json\/wp\/v2\/pages\/2838\/revisions"}],"wp:attachment":[{"href":"https:\/\/www.dr-mfo.com\/fr\/wp-json\/wp\/v2\/media?parent=2838"}],"curies":[{"name":"wp","href":"https:\/\/api.w.org\/{rel}","templated":true}]}}