{"id":2926,"date":"2022-05-02T12:21:01","date_gmt":"2022-05-02T11:21:01","guid":{"rendered":"https:\/\/www.dr-mfo.com\/?page_id=2926"},"modified":"2026-04-25T12:41:02","modified_gmt":"2026-04-25T11:41:02","slug":"chirurgie-des-yeux-de-chat","status":"publish","type":"page","link":"https:\/\/www.dr-mfo.com\/fr\/cat-eyes-surgery\/","title":{"rendered":"Yeux de chat"},"content":{"rendered":"<div data-elementor-type=\"wp-page\" data-elementor-id=\"2926\" class=\"elementor elementor-2926\">\n\t\t\t\t\t\t<section class=\"elementor-section elementor-top-section elementor-element elementor-element-9d726c2 elementor-section-boxed elementor-section-height-default elementor-section-height-default\" data-id=\"9d726c2\" data-element_type=\"section\" data-e-type=\"section\">\n\t\t\t\t\t\t<div class=\"elementor-container elementor-column-gap-default\">\n\t\t\t\t\t<div class=\"elementor-column elementor-col-100 elementor-top-column elementor-element elementor-element-b831747\" data-id=\"b831747\" data-element_type=\"column\" data-e-type=\"column\">\n\t\t\t<div class=\"elementor-widget-wrap elementor-element-populated\">\n\t\t\t\t\t\t<div class=\"elementor-element elementor-element-a7a13a0 elementor-widget-divider--view-line elementor-widget elementor-widget-divider\" data-id=\"a7a13a0\" data-element_type=\"widget\" data-e-type=\"widget\" data-widget_type=\"divider.default\">\n\t\t\t\t\t\t\t<div class=\"elementor-divider\">\n\t\t\t<span class=\"elementor-divider-separator\">\n\t\t\t\t\t\t<\/span>\n\t\t<\/div>\n\t\t\t\t\t\t<\/div>\n\t\t\t\t<div class=\"elementor-element elementor-element-aa9d076 elementor-widget-divider--view-line elementor-widget elementor-widget-divider\" data-id=\"aa9d076\" data-element_type=\"widget\" data-e-type=\"widget\" data-widget_type=\"divider.default\">\n\t\t\t\t\t\t\t<div class=\"elementor-divider\">\n\t\t\t<span class=\"elementor-divider-separator\">\n\t\t\t\t\t\t<\/span>\n\t\t<\/div>\n\t\t\t\t\t\t<\/div>\n\t\t\t\t<div class=\"elementor-element elementor-element-d0b5e7b elementor-widget-divider--view-line elementor-widget elementor-widget-divider\" data-id=\"d0b5e7b\" data-element_type=\"widget\" data-e-type=\"widget\" data-widget_type=\"divider.default\">\n\t\t\t\t\t\t\t<div class=\"elementor-divider\">\n\t\t\t<span class=\"elementor-divider-separator\">\n\t\t\t\t\t\t<\/span>\n\t\t<\/div>\n\t\t\t\t\t\t<\/div>\n\t\t\t\t<div class=\"elementor-element elementor-element-9bb1c7c elementor-widget-divider--view-line elementor-widget elementor-widget-divider\" data-id=\"9bb1c7c\" data-element_type=\"widget\" data-e-type=\"widget\" data-widget_type=\"divider.default\">\n\t\t\t\t\t\t\t<div class=\"elementor-divider\">\n\t\t\t<span class=\"elementor-divider-separator\">\n\t\t\t\t\t\t<\/span>\n\t\t<\/div>\n\t\t\t\t\t\t<\/div>\n\t\t\t\t<div class=\"elementor-element elementor-element-6d6f0c4 elementor-widget elementor-widget-image\" data-id=\"6d6f0c4\" data-element_type=\"widget\" data-e-type=\"widget\" data-widget_type=\"image.default\">\n\t\t\t\t\t\t\t\t\t\t\t\t\t\t\t<img decoding=\"async\" src=\"https:\/\/www.dr-mfo.com\/wp-content\/uploads\/elementor\/thumbs\/Cat-Eyes-qd1ludgjwyaw10e36hz4kpqww0rsegykuenv8meqzq.jpg\" title=\"Chirurgie des yeux de renard\" alt=\"Chirurgie des yeux de chat\" loading=\"lazy\" \/>\t\t\t\t\t\t\t\t\t\t\t\t\t\t\t<\/div>\n\t\t\t\t<div class=\"elementor-element elementor-element-e223fc2 elementor-widget-divider--view-line elementor-widget elementor-widget-divider\" data-id=\"e223fc2\" data-element_type=\"widget\" data-e-type=\"widget\" data-widget_type=\"divider.default\">\n\t\t\t\t\t\t\t<div class=\"elementor-divider\">\n\t\t\t<span class=\"elementor-divider-separator\">\n\t\t\t\t\t\t<\/span>\n\t\t<\/div>\n\t\t\t\t\t\t<\/div>\n\t\t\t\t<div class=\"elementor-element elementor-element-6edff3c elementor-widget elementor-widget-heading\" data-id=\"6edff3c\" data-element_type=\"widget\" data-e-type=\"widget\" data-widget_type=\"heading.default\">\n\t\t\t\t\t<h2 class=\"elementor-heading-title elementor-size-xl\">Chirurgie des yeux de chat<\/h2>\t\t\t\t<\/div>\n\t\t\t\t<div class=\"elementor-element elementor-element-ebeedcc elementor-widget elementor-widget-text-editor\" data-id=\"ebeedcc\" data-element_type=\"widget\" data-e-type=\"widget\" data-widget_type=\"text-editor.default\">\n\t\t\t\t\t\t\t\t\t<p><span style=\"color: #000000;\">L'un des facteurs les plus importants affectant la beaut\u00e9 et l'esth\u00e9tique de notre visage est le suivant <a href=\"https:\/\/www.dr-mfo.com\/fr\/which-female-face-shape-is-most-attractive\/\">attractif<\/a> l'apparence. La recherche de grands yeux l\u00e9g\u00e8rement inclin\u00e9s, qui est apparue avec l'esth\u00e9tique de l'\u0153il en amande, a commenc\u00e9 \u00e0 \u00eatre appel\u00e9e \u0153il de chat ou \u0153il de renard avec l'ajout, au fil du temps, du lifting des sourcils, du lifting des tempes et du lifting du milieu du visage.<\/span><\/p><p><span style=\"color: #000000;\">La chirurgie des yeux de chat est de plus en plus demand\u00e9e par les hommes et les femmes qui veulent avoir une apparence attrayante. Gr\u00e2ce \u00e0 la chirurgie des yeux de renard ou de chat, le lifting du haut et du milieu du visage peut \u00eatre effectu\u00e9 simultan\u00e9ment, et le rajeunissement, l&#039;embellissement et l&#039;apparence attrayante peuvent \u00eatre obtenus en m\u00eame temps.<\/span><\/p><p><span style=\"color: #000000;\">Aujourd&#039;hui, la chirurgie des yeux de chat ou de renard devient la r\u00e9f\u00e9rence pour se d\u00e9barrasser des paupi\u00e8res tombantes, de l&#039;apparence somnolente et fatigu\u00e9e, et pour obtenir un look jeune, dynamique et attrayant.<\/span><\/p>\t\t\t\t\t\t\t\t<\/div>\n\t\t\t\t<div class=\"elementor-element elementor-element-cb758c9 elementor-widget elementor-widget-heading\" data-id=\"cb758c9\" data-element_type=\"widget\" data-e-type=\"widget\" data-widget_type=\"heading.default\">\n\t\t\t\t\t<h2 class=\"elementor-heading-title elementor-size-large\">Dans quelles situations s&#039;applique-t-il ?<\/h2>\t\t\t\t<\/div>\n\t\t\t\t<div class=\"elementor-element elementor-element-7cde0eb elementor-widget elementor-widget-text-editor\" data-id=\"7cde0eb\" data-element_type=\"widget\" data-e-type=\"widget\" data-widget_type=\"text-editor.default\">\n\t\t\t\t\t\t\t\t\t<ul><li><span style=\"color: #000000;\">Paupi\u00e8re tombante<\/span><\/li><li><span style=\"color: #000000;\">Regard endormi<\/span><\/li><li><span style=\"color: #000000;\">Yeux fatigu\u00e9s<\/span><\/li><li><span style=\"color: #000000;\">sourcil bas<\/span><\/li><li><span style=\"color: #000000;\">Milieu du visage et joues basses<\/span><\/li><li><span style=\"color: #000000;\">Planification chirurgicale<\/span><\/li><\/ul><p><span style=\"color: #000000;\">Le processus de chirurgie des yeux de chat commence par le dessin r\u00e9alis\u00e9 lors de la consultation du m\u00e9decin. Pour la planification chirurgicale pr\u00e9op\u00e9ratoire, un dessin est r\u00e9alis\u00e9 et le niveau pr\u00e9vu des sourcils, des paupi\u00e8res et la forme possible de l&#039;\u0153il, son niveau et le placement pr\u00e9vu \u00e0 la fin de la chirurgie sont d\u00e9termin\u00e9s.<\/span><\/p><p><span style=\"color: #000000;\">Avec une planification chirurgicale d\u00e9taill\u00e9e, une chirurgie robuste et de bons soins postop\u00e9ratoires, il est possible d&#039;obtenir de grands changements en quelques semaines.<\/span><\/p><p><span style=\"color: #000000;\">La chirurgie des yeux de chat ou des yeux de renard, qui est l&#039;une des proc\u00e9dures de chirurgie esth\u00e9tique les plus populaires ces derni\u00e8res ann\u00e9es, est une application avec un taux de satisfaction \u00e9lev\u00e9. Il peut fournir une solution id\u00e9ale pour des looks attrayants et vigoureux pour les personnes ayant des sourcils tombants, des paupi\u00e8res tombantes, une apparence somnolente et fatigu\u00e9e et des joues basses, et donne des r\u00e9sultats satisfaisants.<\/span><\/p>\t\t\t\t\t\t\t\t<\/div>\n\t\t\t\t<div class=\"elementor-element elementor-element-a3040c2 elementor-widget elementor-widget-heading\" data-id=\"a3040c2\" data-element_type=\"widget\" data-e-type=\"widget\" data-widget_type=\"heading.default\">\n\t\t\t\t\t<h2 class=\"elementor-heading-title elementor-size-large\">Avant la chirurgie<\/h2>\t\t\t\t<\/div>\n\t\t\t\t<div class=\"elementor-element elementor-element-9a63628 elementor-widget elementor-widget-text-editor\" data-id=\"9a63628\" data-element_type=\"widget\" data-e-type=\"widget\" data-widget_type=\"text-editor.default\">\n\t\t\t\t\t\t\t\t\t<p><span style=\"color: #000000;\">Certaines conditions doivent \u00eatre prises en compte avant la chirurgie des yeux de chat, qui doivent \u00eatre effectu\u00e9es par un sp\u00e9cialiste en plastique. <a href=\"https:\/\/www.dr-mfo.com\/fr\/\">chirurgien<\/a>. Les gens doivent exprimer leurs attentes et leurs go\u00fbts lors de la consultation du m\u00e9decin. Lors de la consultation, des facteurs tels que la hauteur, le placement, la forme, l&#039;extension de la tempe, l&#039;asym\u00e9trie des sourcils, la joue basse et les paupi\u00e8res sont pris en compte. Des informations d\u00e9taill\u00e9es sur le processus op\u00e9ratoire, les informations techniques et le processus apr\u00e8s la proc\u00e9dure sont transmises aux patients. Les sourcils, les yeux et les joues, qui doivent \u00eatre sym\u00e9triques et naturels, doivent \u00eatre en harmonie avec les traits du visage de la personne. <a href=\"https:\/\/www.dr-mfo.com\/fr\/who-is-drmfo\/\">Dr MFO<\/a> vous montrera un chemin passionnant vers vos r\u00eaves sur ce qui peut \u00eatre fait en \u00e9valuant vos demandes en fonction de votre anatomie.<\/span><\/p><p><span style=\"color: #000000;\">Comme dans toutes les op\u00e9rations chirurgicales, la consommation de tabac et de produits du tabac, en particulier de cigarettes, qui nuisent \u00e0 la cicatrisation des tissus et augmentent le risque d&#039;infection en diminuant le taux d&#039;oxyg\u00e8ne dans le corps, doit \u00eatre arr\u00eat\u00e9e avant la chirurgie des yeux de chat. Cette p\u00e9riode couvre 2 \u00e0 4 semaines avant la chirurgie.<\/span><\/p><p><span style=\"color: #000000;\">Les anticoagulants ainsi que les vitamines et les plantes m\u00e9dicinales ne doivent pas \u00eatre utilis\u00e9s dans les 7 \u00e0 10 jours pr\u00e9c\u00e9dant l&#039;op\u00e9ration. Si vous avez d&#039;autres maladies connues et des m\u00e9dicaments que vous utilisez r\u00e9guli\u00e8rement, vous devez les partager avec votre chirurgien. Si vous n&#039;avez pas de probl\u00e8me de sant\u00e9 particulier, il peut \u00eatre d\u00e9cid\u00e9 si vous \u00eates apte \u00e0 l&#039;op\u00e9ration avec l&#039;analyse effectu\u00e9e le jour de l&#039;op\u00e9ration. Une fois tous ces crit\u00e8res remplis, l&#039;op\u00e9ration favorite de ceux qui font attention \u00e0 leur apparence physique et veulent se sentir bien socialement et spirituellement est appliqu\u00e9e avec succ\u00e8s.<\/span><\/p>\t\t\t\t\t\t\t\t<\/div>\n\t\t\t\t<div class=\"elementor-element elementor-element-e7b309b elementor-widget elementor-widget-heading\" data-id=\"e7b309b\" data-element_type=\"widget\" data-e-type=\"widget\" data-widget_type=\"heading.default\">\n\t\t\t\t\t<h2 class=\"elementor-heading-title elementor-size-large\">Points \u00e0 consid\u00e9rer le jour de la chirurgie<\/h2>\t\t\t\t<\/div>\n\t\t\t\t<div class=\"elementor-element elementor-element-dce5b94 elementor-widget elementor-widget-text-editor\" data-id=\"dce5b94\" data-element_type=\"widget\" data-e-type=\"widget\" data-widget_type=\"text-editor.default\">\n\t\t\t\t\t\t\t\t\t<p><span style=\"color: #000000;\">Il est important d&#039;apporter des v\u00eatements confortables pour la p\u00e9riode postop\u00e9ratoire. Il est \u00e9galement recommand\u00e9 de prendre une douche chaude avec un savon antibact\u00e9rien la veille de l&#039;op\u00e9ration.<\/span><\/p><p><span style=\"color: #000000;\">Si vous avez des compl\u00e9ments alimentaires, des m\u00e9dicaments \u00e0 base de plantes, des tisanes, des maladies suppl\u00e9mentaires connues ou des m\u00e9dicaments que vous utilisez r\u00e9guli\u00e8rement, vous devez les partager avec votre chirurgien et son \u00e9quipe. Si vous n&#039;avez pas de probl\u00e8me de sant\u00e9 particulier, il peut \u00eatre d\u00e9cid\u00e9 si vous \u00eates apte \u00e0 l&#039;op\u00e9ration avec l&#039;analyse effectu\u00e9e le jour de l&#039;op\u00e9ration.<\/span><\/p>\t\t\t\t\t\t\t\t<\/div>\n\t\t\t\t<div class=\"elementor-element elementor-element-fcd1958 elementor-widget elementor-widget-heading\" data-id=\"fcd1958\" data-element_type=\"widget\" data-e-type=\"widget\" data-widget_type=\"heading.default\">\n\t\t\t\t\t<h2 class=\"elementor-heading-title elementor-size-large\">Apr\u00e8s l&#039;op\u00e9ration<\/h2>\t\t\t\t<\/div>\n\t\t\t\t<div class=\"elementor-element elementor-element-21fee00 elementor-widget elementor-widget-text-editor\" data-id=\"21fee00\" data-element_type=\"widget\" data-e-type=\"widget\" data-widget_type=\"text-editor.default\">\n\t\t\t\t\t\t\t\t\t<p><span style=\"color: #000000;\">Vous pouvez commencer \u00e0 faire votre travail quotidien quelques jours apr\u00e8s la chirurgie. De la m\u00eame mani\u00e8re, vous pouvez retourner au travail de bureau m\u00eame le premier jour, en fonction du seuil de douleur des personnes. Le deuxi\u00e8me jour, vous pouvez prendre une douche, y compris la zone d&#039;op\u00e9ration. Les activit\u00e9s lourdes doivent \u00eatre \u00e9vit\u00e9es dans la premi\u00e8re semaine apr\u00e8s l&#039;op\u00e9ration.<\/span><\/p><p><span style=\"color: #000000;\">Un contr\u00f4le d\u00e9taill\u00e9 par votre chirurgien, g\u00e9n\u00e9ralement le troisi\u00e8me jour apr\u00e8s l&#039;op\u00e9ration, vous informera \u00e9galement des r\u00e9sultats.<\/span><\/p><p><span style=\"color: #000000;\">A la fin de la premi\u00e8re semaine, des activit\u00e9s sportives comme la marche l\u00e9g\u00e8re peuvent \u00eatre pratiqu\u00e9es. D\u00e8s la troisi\u00e8me semaine, vous pouvez reprendre pleinement votre vie sportive.<\/span><\/p>\t\t\t\t\t\t\t\t<\/div>\n\t\t\t\t<div class=\"elementor-element elementor-element-05ec7b8 elementor-widget elementor-widget-image\" data-id=\"05ec7b8\" data-element_type=\"widget\" data-e-type=\"widget\" data-widget_type=\"image.default\">\n\t\t\t\t\t\t\t\t\t\t\t\t\t\t\t<img fetchpriority=\"high\" decoding=\"async\" width=\"298\" height=\"300\" src=\"https:\/\/www.dr-mfo.com\/wp-content\/uploads\/2022\/04\/fore-head-first-298x300.jpg\" class=\"attachment-medium size-medium wp-image-2423\" alt=\"Une image en gros plan du visage d&#039;une personne avec une main doucement pos\u00e9e sur son front, d\u00e9montrant probablement un examen ou un traitement m\u00e9dical.\" srcset=\"https:\/\/www.dr-mfo.com\/wp-content\/uploads\/2022\/04\/fore-head-first-298x300.jpg.avif 298w, https:\/\/www.dr-mfo.com\/wp-content\/uploads\/2022\/04\/fore-head-first-150x150.jpg.avif 150w, https:\/\/www.dr-mfo.com\/wp-content\/uploads\/2022\/04\/fore-head-first-768x773.jpg.avif 768w, https:\/\/www.dr-mfo.com\/wp-content\/uploads\/2022\/04\/fore-head-first.jpg.avif 974w\" sizes=\"(max-width: 298px) 100vw, 298px\" \/>\t\t\t\t\t\t\t\t\t\t\t\t\t\t\t<\/div>\n\t\t\t\t\t<\/div>\n\t\t<\/div>\n\t\t\t\t\t<\/div>\n\t\t<\/section>\n\t\t\t\t<\/div>","protected":false},"excerpt":{"rendered":"<p>Cat Eyes Surgery One of the most important factors affecting our facial beauty and aesthetic appearance is attractive looks. The search for slightly slanting and large eyes, which emerged with almond eye aesthetics, started to be called cat or fox eye with the addition of eyebrow lift, temple lift, and mid-face lift over time. Cat [&hellip;]<\/p>\n","protected":false},"author":2,"featured_media":0,"parent":0,"menu_order":0,"comment_status":"closed","ping_status":"closed","template":"","meta":{"_acf_changed":false,"footnotes":""},"class_list":["post-2926","page","type-page","status-publish","hentry"],"acf":[],"_links":{"self":[{"href":"https:\/\/www.dr-mfo.com\/fr\/wp-json\/wp\/v2\/pages\/2926","targetHints":{"allow":["GET"]}}],"collection":[{"href":"https:\/\/www.dr-mfo.com\/fr\/wp-json\/wp\/v2\/pages"}],"about":[{"href":"https:\/\/www.dr-mfo.com\/fr\/wp-json\/wp\/v2\/types\/page"}],"author":[{"embeddable":true,"href":"https:\/\/www.dr-mfo.com\/fr\/wp-json\/wp\/v2\/users\/2"}],"replies":[{"embeddable":true,"href":"https:\/\/www.dr-mfo.com\/fr\/wp-json\/wp\/v2\/comments?post=2926"}],"version-history":[{"count":7,"href":"https:\/\/www.dr-mfo.com\/fr\/wp-json\/wp\/v2\/pages\/2926\/revisions"}],"predecessor-version":[{"id":27735,"href":"https:\/\/www.dr-mfo.com\/fr\/wp-json\/wp\/v2\/pages\/2926\/revisions\/27735"}],"wp:attachment":[{"href":"https:\/\/www.dr-mfo.com\/fr\/wp-json\/wp\/v2\/media?parent=2926"}],"curies":[{"name":"wp","href":"https:\/\/api.w.org\/{rel}","templated":true}]}}