{"id":4006,"date":"2022-11-10T12:01:00","date_gmt":"2022-11-10T12:01:00","guid":{"rendered":"https:\/\/www.dr-mfo.com\/?page_id=4006"},"modified":"2026-02-22T06:59:38","modified_gmt":"2026-02-22T06:59:38","slug":"agrandissement-du-penis-penoplastie","status":"publish","type":"page","link":"https:\/\/www.dr-mfo.com\/fr\/penis-enlargement-penoplasty\/","title":{"rendered":"Agrandissement du p\u00e9nis"},"content":{"rendered":"<div data-elementor-type=\"wp-page\" data-elementor-id=\"4006\" class=\"elementor elementor-4006\">\n\t\t\t\t\t\t<section class=\"elementor-section elementor-top-section elementor-element elementor-element-0fe57ab elementor-section-boxed elementor-section-height-default elementor-section-height-default\" data-id=\"0fe57ab\" data-element_type=\"section\" data-e-type=\"section\">\n\t\t\t\t\t\t<div class=\"elementor-container elementor-column-gap-default\">\n\t\t\t\t\t<div class=\"elementor-column elementor-col-100 elementor-top-column elementor-element elementor-element-11fd2fa\" data-id=\"11fd2fa\" data-element_type=\"column\" data-e-type=\"column\">\n\t\t\t<div class=\"elementor-widget-wrap elementor-element-populated\">\n\t\t\t\t\t\t<div class=\"elementor-element elementor-element-54cdde9 elementor-widget-divider--view-line elementor-widget elementor-widget-divider\" data-id=\"54cdde9\" data-element_type=\"widget\" data-e-type=\"widget\" data-widget_type=\"divider.default\">\n\t\t\t\t\t\t\t<div class=\"elementor-divider\">\n\t\t\t<span class=\"elementor-divider-separator\">\n\t\t\t\t\t\t<\/span>\n\t\t<\/div>\n\t\t\t\t\t\t<\/div>\n\t\t\t\t<div class=\"elementor-element elementor-element-cc8cef1 elementor-widget-divider--view-line elementor-widget elementor-widget-divider\" data-id=\"cc8cef1\" data-element_type=\"widget\" data-e-type=\"widget\" data-widget_type=\"divider.default\">\n\t\t\t\t\t\t\t<div class=\"elementor-divider\">\n\t\t\t<span class=\"elementor-divider-separator\">\n\t\t\t\t\t\t<\/span>\n\t\t<\/div>\n\t\t\t\t\t\t<\/div>\n\t\t\t\t<div class=\"elementor-element elementor-element-1afa3d0 elementor-widget-divider--view-line elementor-widget elementor-widget-divider\" data-id=\"1afa3d0\" data-element_type=\"widget\" data-e-type=\"widget\" data-widget_type=\"divider.default\">\n\t\t\t\t\t\t\t<div class=\"elementor-divider\">\n\t\t\t<span class=\"elementor-divider-separator\">\n\t\t\t\t\t\t<\/span>\n\t\t<\/div>\n\t\t\t\t\t\t<\/div>\n\t\t\t\t<div class=\"elementor-element elementor-element-f492c84 elementor-widget elementor-widget-image\" data-id=\"f492c84\" data-element_type=\"widget\" data-e-type=\"widget\" data-widget_type=\"image.default\">\n\t\t\t\t\t\t\t\t\t\t\t\t\t\t\t\t<a href=\"https:\/\/instagram.com\/p\/CelDk-psxjn\/\" rel=\"nofollow noopener\" target=\"_blank\">\n\t\t\t\t\t\t\t<img decoding=\"async\" src=\"https:\/\/www.dr-mfo.com\/wp-content\/uploads\/elementor\/thumbs\/Mount-Everest-qd1ludgjwyaw10e36hz4kpqww0rsegykuenv8meqzq.webp\" title=\"Mont Everest\" alt=\"Agrandissement du p\u00e9nis\" loading=\"lazy\" \/>\t\t\t\t\t\t\t\t<\/a>\n\t\t\t\t\t\t\t\t\t\t\t\t\t\t\t<\/div>\n\t\t\t\t<div class=\"elementor-element elementor-element-8aa978c elementor-widget-divider--view-line elementor-widget elementor-widget-divider\" data-id=\"8aa978c\" data-element_type=\"widget\" data-e-type=\"widget\" data-widget_type=\"divider.default\">\n\t\t\t\t\t\t\t<div class=\"elementor-divider\">\n\t\t\t<span class=\"elementor-divider-separator\">\n\t\t\t\t\t\t<\/span>\n\t\t<\/div>\n\t\t\t\t\t\t<\/div>\n\t\t\t\t<div class=\"elementor-element elementor-element-b8dcc78 elementor-widget elementor-widget-heading\" data-id=\"b8dcc78\" data-element_type=\"widget\" data-e-type=\"widget\" data-widget_type=\"heading.default\">\n\t\t\t\t\t<h2 class=\"elementor-heading-title elementor-size-xl\">Agrandissement du p\u00e9nis (P\u00e9noplastie)<br><\/h2>\t\t\t\t<\/div>\n\t\t\t\t<div class=\"elementor-element elementor-element-288a583 elementor-widget elementor-widget-text-editor\" data-id=\"288a583\" data-element_type=\"widget\" data-e-type=\"widget\" data-widget_type=\"text-editor.default\">\n\t\t\t\t\t\t\t\t\t<p><span style=\"color: #000000;\">S&#039;inqui\u00e9ter de la longueur, de la circonf\u00e9rence, de la forme, de l&#039;axe, voire du gland de votre p\u00e9nis\u2026 Proc\u00e9dure moderne de chirurgie plastique, la p\u00e9noplastie vous propose de vous d\u00e9barrasser de ce sentiment d&#039;inad\u00e9quation et de reprendre confiance en vous tout en pr\u00e9servant votre sensibilit\u00e9. Les souhaits des hommes concernant l&#039;am\u00e9lioration de la vie sexuelle et l&#039;am\u00e9lioration de l&#039;apparence physique du p\u00e9nis sont disponibles.<\/span><\/p><p><span style=\"color: #000000;\">L&#039;am\u00e9lioration du p\u00e9nis ou la chirurgie d&#039;agrandissement du p\u00e9nis (\u00e9galement connue sous le nom de p\u00e9noplastie ou phalloplastie) signifie non seulement l&#039;augmentation de la longueur du p\u00e9nis, mais \u00e9galement l&#039;am\u00e9lioration de la circonf\u00e9rence du p\u00e9nis. L&#039;agrandissement du p\u00e9nis comprend \u00e9galement certaines proc\u00e9dures telles que l&#039;am\u00e9lioration du gland, le pubis <a href=\"https:\/\/www.dr-mfo.com\/fr\/liposuction\/\">liposuccion<\/a>, repositionnement du sac scrotal et recul, etc. Le propre tissu adipeux d&#039;un patient pourrait \u00eatre la m\u00e9thode la plus utile d&#039;am\u00e9lioration de la circonf\u00e9rence et la lib\u00e9ration des ligaments pourrait \u00eatre l&#039;\u00e9talon-or pour l&#039;agrandissement de la longueur du p\u00e9nis.<\/span><\/p><p><span style=\"color: #000000;\">La p\u00e9noplastie comprend toutes sortes de proc\u00e9dures p\u00e9niennes comme toutes les proc\u00e9dures d&#039;agrandissement du p\u00e9nis et les lib\u00e9rations de contractures p\u00e9niennes, la correction des d\u00e9formations de l&#039;axe, les corrections du cordon p\u00e9nien, les proth\u00e8ses ou implants p\u00e9niens, et m\u00eame la circoncision ou la mini-circoncision. La p\u00e9noplastie pourrait \u00eatre une solution id\u00e9ale \u00e0 des fins esth\u00e9tiques et reconstructrices pour les microp\u00e9nis et les courbures p\u00e9niennes \u00e9galement.<\/span><\/p><p><span style=\"color: #000000;\">Apr\u00e8s les proc\u00e9dures de p\u00e9noplastie, le retour \u00e0 la vie normale et l&#039;h\u00e9bergement prennent 5 \u00e0 7 jours, la plupart du temps. Et le r\u00e9sultat final serait obtenu en 1-2 mois.<\/span><\/p><p><span style=\"color: #000000;\">La chirurgie d\u2019agrandissement du p\u00e9nis vous propose d\u2019obtenir la longueur et la circonf\u00e9rence du p\u00e9nis souhait\u00e9es\u00a0! Pour en savoir plus, les avis des patients et combien co\u00fbte la chirurgie du p\u00e9nis <a href=\"https:\/\/www.dr-mfo.com\/fr\/who-is-drmfo\/\">Dr MFO<\/a>, cliquez sur le bouton \u00ab\u00a0Contactez-nous\u00a0\u00bb en haut du site\u00a0!<\/span><span style=\"color: #000000;\"><br \/><\/span><\/p>\t\t\t\t\t\t\t\t<\/div>\n\t\t\t\t<div class=\"elementor-element elementor-element-dd6c8c9 elementor-widget elementor-widget-heading\" data-id=\"dd6c8c9\" data-element_type=\"widget\" data-e-type=\"widget\" data-widget_type=\"heading.default\">\n\t\t\t\t\t<h2 class=\"elementor-heading-title elementor-size-large\">\u00c0 quoi dois-je m&#039;attendre apr\u00e8s l&#039;agrandissement du p\u00e9nis ?<\/h2>\t\t\t\t<\/div>\n\t\t\t\t<div class=\"elementor-element elementor-element-ca44c07 elementor-widget elementor-widget-text-editor\" data-id=\"ca44c07\" data-element_type=\"widget\" data-e-type=\"widget\" data-widget_type=\"text-editor.default\">\n\t\t\t\t\t\t\t\t\t<p><span style=\"color: #000000;\"><span lang=\"EN-US\" style=\"font-size: 12pt; line-height: 107%; font-family: Abadi, sans-serif;\">Apr\u00e8s la p\u00e9noplastie, le gonflement peut prendre quelques semaines pour un certain pourcentage de patients. Certains cas d&#039;ecchymoses accompagnent l&#039;enflure et disparaissent avant l&#039;enflure.\u00a0<br \/><\/span><span style=\"font-family: Abadi, sans-serif; font-size: 12pt;\">Dans la plupart des cas, la r\u00e9cup\u00e9ration prend environ 2 \u00e0 3 semaines. Lors de la visite du patient, un suivi serait organis\u00e9 par l&#039;\u00e9quipe du Dr MFO. Et comment prendre soin du p\u00e9nis m\u00e9dicalement, avec des m\u00e9dicaments et des m\u00e9thodes de massage, serait form\u00e9 par nos infirmi\u00e8res.<\/span><\/span><\/p>\t\t\t\t\t\t\t\t<\/div>\n\t\t\t\t<div class=\"elementor-element elementor-element-4aa5bab elementor-widget elementor-widget-heading\" data-id=\"4aa5bab\" data-element_type=\"widget\" data-e-type=\"widget\" data-widget_type=\"heading.default\">\n\t\t\t\t\t<h2 class=\"elementor-heading-title elementor-size-large\">Choisir le chirurgien<\/h2>\t\t\t\t<\/div>\n\t\t\t\t<div class=\"elementor-element elementor-element-432b378 elementor-widget elementor-widget-text-editor\" data-id=\"432b378\" data-element_type=\"widget\" data-e-type=\"widget\" data-widget_type=\"text-editor.default\">\n\t\t\t\t\t\t\t\t\t<p><span lang=\"EN-US\" style=\"font-size: 12pt; line-height: 107%; font-family: Abadi, sans-serif; color: #000000;\">Si vous deviez demander \u00e0 quelqu&#039;un des connaissances chirurgicales sur les proc\u00e9dures de p\u00e9noplastie, il pourrait y avoir une grande \u00e9chelle d&#039;op\u00e9rations disponibles. Mais \u00eatre disponible pour effectuer toutes les proc\u00e9dures p\u00e9niennes en cas de besoin peut affecter le succ\u00e8s de votre chirurgie. \u00c9tant donn\u00e9 que des co\u00fbts abordables sont disponibles sur le march\u00e9 tout le temps, les offres et les meilleurs prix ne sont qu&#039;une partie de cette offre. La v\u00e9rit\u00e9 est qu&#039;il existe de nombreux petits aspects qui pourraient ne pas \u00eatre remarqu\u00e9s, mais qui peuvent affecter consid\u00e9rablement vos r\u00e9sultats chirurgicaux.<\/span><\/p>\n<p><span lang=\"EN-US\" style=\"font-size: 12pt; line-height: 107%; font-family: Abadi, sans-serif; color: #000000;\">Les patients qui souhaitent am\u00e9liorer leur apparence physique p\u00e9nienne ont besoin de quelqu&#039;un qui comprend parfaitement toutes les nuances de la r\u00e9gion g\u00e9nitale masculine et de ses structures.<\/span><\/p>\n<p><span lang=\"EN-US\" style=\"font-size: 12pt; line-height: 107%; font-family: Abadi, sans-serif; color: #000000;\">Tu devrais parler \u00e0 ton <a href=\"https:\/\/www.dr-mfo.com\/fr\/\">chirurgien<\/a> Avant l&#039;op\u00e9ration, il est important de conna\u00eetre tous les d\u00e9tails, car personne n&#039;a besoin d&#039;une augmentation p\u00e9nienne urgente. Si vous n&#039;avez pas le temps d&#039;y r\u00e9fl\u00e9chir, vous devriez chercher ailleurs.<\/span><\/p>\t\t\t\t\t\t\t\t<\/div>\n\t\t\t\t\t<\/div>\n\t\t<\/div>\n\t\t\t\t\t<\/div>\n\t\t<\/section>\n\t\t\t\t<\/div>","protected":false},"excerpt":{"rendered":"<p>Penis Enlargement (Penoplasty) Being anxious about your penis length, girth, shape, axis, even glans of penis&#8230; Modern plastic surgery procedure penoplasty offers you to get rid of this inadequacy feeling and regain your self-confidence while protecting sensitivity. Men&#8217;s wishes about improving sexual life and enhancing penis physical appearance are available. Penis enhancement or penile enlargement [&hellip;]<\/p>\n","protected":false},"author":2,"featured_media":0,"parent":0,"menu_order":0,"comment_status":"closed","ping_status":"closed","template":"","meta":{"_acf_changed":false,"footnotes":""},"class_list":["post-4006","page","type-page","status-publish","hentry"],"acf":[],"_links":{"self":[{"href":"https:\/\/www.dr-mfo.com\/fr\/wp-json\/wp\/v2\/pages\/4006","targetHints":{"allow":["GET"]}}],"collection":[{"href":"https:\/\/www.dr-mfo.com\/fr\/wp-json\/wp\/v2\/pages"}],"about":[{"href":"https:\/\/www.dr-mfo.com\/fr\/wp-json\/wp\/v2\/types\/page"}],"author":[{"embeddable":true,"href":"https:\/\/www.dr-mfo.com\/fr\/wp-json\/wp\/v2\/users\/2"}],"replies":[{"embeddable":true,"href":"https:\/\/www.dr-mfo.com\/fr\/wp-json\/wp\/v2\/comments?post=4006"}],"version-history":[{"count":0,"href":"https:\/\/www.dr-mfo.com\/fr\/wp-json\/wp\/v2\/pages\/4006\/revisions"}],"wp:attachment":[{"href":"https:\/\/www.dr-mfo.com\/fr\/wp-json\/wp\/v2\/media?parent=4006"}],"curies":[{"name":"wp","href":"https:\/\/api.w.org\/{rel}","templated":true}]}}