{"id":814,"date":"2021-05-28T18:34:11","date_gmt":"2021-05-28T17:34:11","guid":{"rendered":"https:\/\/www.dr-mfo.com\/?page_id=814"},"modified":"2026-02-22T11:31:36","modified_gmt":"2026-02-22T11:31:36","slug":"esthetique-des-jambes","status":"publish","type":"page","link":"https:\/\/www.dr-mfo.com\/fr\/leg-aesthetics\/","title":{"rendered":"Esth\u00e9tique des jambes"},"content":{"rendered":"<div data-elementor-type=\"wp-page\" data-elementor-id=\"814\" class=\"elementor elementor-814\">\n\t\t\t\t\t\t<section class=\"elementor-section elementor-top-section elementor-element elementor-element-1a7480c elementor-section-boxed elementor-section-height-default elementor-section-height-default\" data-id=\"1a7480c\" data-element_type=\"section\" data-e-type=\"section\">\n\t\t\t\t\t\t<div class=\"elementor-container elementor-column-gap-default\">\n\t\t\t\t\t<div class=\"elementor-column elementor-col-100 elementor-top-column elementor-element elementor-element-a5f800f\" data-id=\"a5f800f\" data-element_type=\"column\" data-e-type=\"column\">\n\t\t\t<div class=\"elementor-widget-wrap elementor-element-populated\">\n\t\t\t\t\t\t<div class=\"elementor-element elementor-element-a325b54 elementor-widget-divider--view-line elementor-widget elementor-widget-divider\" data-id=\"a325b54\" data-element_type=\"widget\" data-e-type=\"widget\" data-widget_type=\"divider.default\">\n\t\t\t\t\t\t\t<div class=\"elementor-divider\">\n\t\t\t<span class=\"elementor-divider-separator\">\n\t\t\t\t\t\t<\/span>\n\t\t<\/div>\n\t\t\t\t\t\t<\/div>\n\t\t\t\t<div class=\"elementor-element elementor-element-e2f9340 elementor-widget-divider--view-line elementor-widget elementor-widget-divider\" data-id=\"e2f9340\" data-element_type=\"widget\" data-e-type=\"widget\" data-widget_type=\"divider.default\">\n\t\t\t\t\t\t\t<div class=\"elementor-divider\">\n\t\t\t<span class=\"elementor-divider-separator\">\n\t\t\t\t\t\t<\/span>\n\t\t<\/div>\n\t\t\t\t\t\t<\/div>\n\t\t\t\t<div class=\"elementor-element elementor-element-87068d1 elementor-widget-divider--view-line elementor-widget elementor-widget-divider\" data-id=\"87068d1\" data-element_type=\"widget\" data-e-type=\"widget\" data-widget_type=\"divider.default\">\n\t\t\t\t\t\t\t<div class=\"elementor-divider\">\n\t\t\t<span class=\"elementor-divider-separator\">\n\t\t\t\t\t\t<\/span>\n\t\t<\/div>\n\t\t\t\t\t\t<\/div>\n\t\t\t\t<div class=\"elementor-element elementor-element-e57b97f elementor-widget-divider--view-line elementor-widget elementor-widget-divider\" data-id=\"e57b97f\" data-element_type=\"widget\" data-e-type=\"widget\" data-widget_type=\"divider.default\">\n\t\t\t\t\t\t\t<div class=\"elementor-divider\">\n\t\t\t<span class=\"elementor-divider-separator\">\n\t\t\t\t\t\t<\/span>\n\t\t<\/div>\n\t\t\t\t\t\t<\/div>\n\t\t\t\t<div class=\"elementor-element elementor-element-77d5870 elementor-widget elementor-widget-image\" data-id=\"77d5870\" data-element_type=\"widget\" data-e-type=\"widget\" data-widget_type=\"image.default\">\n\t\t\t\t\t\t\t\t\t\t\t\t\t\t\t<img fetchpriority=\"high\" decoding=\"async\" width=\"768\" height=\"432\" src=\"https:\/\/www.dr-mfo.com\/wp-content\/uploads\/2022\/03\/Bacak-Estetig\u0306i-768x432.jpg\" class=\"attachment-medium_large size-medium_large wp-image-1917\" alt=\"Esth\u00e9tique des jambes\" srcset=\"https:\/\/www.dr-mfo.com\/wp-content\/uploads\/2022\/03\/Bacak-Estetig\u0306i-768x432.jpg.avif 768w, https:\/\/www.dr-mfo.com\/wp-content\/uploads\/2022\/03\/Bacak-Estetig\u0306i-300x169.jpg.avif 300w, https:\/\/www.dr-mfo.com\/wp-content\/uploads\/2022\/03\/Bacak-Estetig\u0306i-1024x576.jpg.avif 1024w, https:\/\/www.dr-mfo.com\/wp-content\/uploads\/2022\/03\/Bacak-Estetig\u0306i-1536x864.jpg.avif 1536w, https:\/\/www.dr-mfo.com\/wp-content\/uploads\/2022\/03\/Bacak-Estetig\u0306i.jpg.avif 1920w\" sizes=\"(max-width: 768px) 100vw, 768px\" \/>\t\t\t\t\t\t\t\t\t\t\t\t\t\t\t<\/div>\n\t\t\t\t<div class=\"elementor-element elementor-element-08b3033 elementor-widget-divider--view-line elementor-widget elementor-widget-divider\" data-id=\"08b3033\" data-element_type=\"widget\" data-e-type=\"widget\" data-widget_type=\"divider.default\">\n\t\t\t\t\t\t\t<div class=\"elementor-divider\">\n\t\t\t<span class=\"elementor-divider-separator\">\n\t\t\t\t\t\t<\/span>\n\t\t<\/div>\n\t\t\t\t\t\t<\/div>\n\t\t\t\t<div class=\"elementor-element elementor-element-d494b4b elementor-widget elementor-widget-heading\" data-id=\"d494b4b\" data-element_type=\"widget\" data-e-type=\"widget\" data-widget_type=\"heading.default\">\n\t\t\t\t\t<h2 class=\"elementor-heading-title elementor-size-xl\">Esth\u00e9tique des jambes<\/h2>\t\t\t\t<\/div>\n\t\t\t\t<div class=\"elementor-element elementor-element-8a72a6e elementor-widget elementor-widget-text-editor\" data-id=\"8a72a6e\" data-element_type=\"widget\" data-e-type=\"widget\" data-widget_type=\"text-editor.default\">\n\t\t\t\t\t\t\t\t\t<p><span style=\"color: #000000;\">L&#039;esth\u00e9tique des jambes est le nom g\u00e9n\u00e9ral d&#039;un groupe chirurgical qui vise \u00e0 \u00e9liminer toutes les d\u00e9formations des r\u00e9gions du mollet, de la hanche, du tour du genou et de la cuisse \u00e0 partir de la cheville. Gr\u00e2ce \u00e0 ces chirurgies, les d\u00e9formations des jambes peuvent \u00eatre \u00e9limin\u00e9es.\u00a0<\/span><\/p><p><span style=\"color: #000000;\">La graisse des chevilles, des jambes, des mollets, des hanches, des genoux et des cuisses peut \u00eatre enlev\u00e9e. L&#039;exc\u00e8s de peau caus\u00e9 par la perte de poids et le vieillissement peut \u00eatre \u00e9limin\u00e9. Des lignes de corps id\u00e9ales f\u00e9minines ou masculines peuvent \u00eatre cr\u00e9\u00e9es en fonction de la structure corporelle et des attentes de la personne.<\/span><\/p>\t\t\t\t\t\t\t\t<\/div>\n\t\t\t\t<div class=\"elementor-element elementor-element-05c461f elementor-widget elementor-widget-heading\" data-id=\"05c461f\" data-element_type=\"widget\" data-e-type=\"widget\" data-widget_type=\"heading.default\">\n\t\t\t\t\t<h2 class=\"elementor-heading-title elementor-size-large\">A qui s&#039;applique-t-il ?<\/h2>\t\t\t\t<\/div>\n\t\t\t\t<div class=\"elementor-element elementor-element-f3bc4f2 elementor-widget elementor-widget-text-editor\" data-id=\"f3bc4f2\" data-element_type=\"widget\" data-e-type=\"widget\" data-widget_type=\"text-editor.default\">\n\t\t\t\t\t\t\t\t\t<ul><li><span style=\"color: #000000;\">Les personnes qui ont des probl\u00e8mes de lipodystrophie ou de lip\u0153d\u00e8me aux chevilles, aux jambes, aux mollets, aux hanches, aux genoux et au haut des jambes<\/span><\/li><li><span style=\"color: #000000;\">Ceux qui se plaignent d&#039;un manque de volume, d&#039;une minceur ou d&#039;un affaissement dans une ou plusieurs zones de la jambe et du haut de la jambe<\/span><\/li><li><span style=\"color: #000000;\">Personnes atteintes de d\u00e9formations de la jambe en X, de la jambe en O et de la jambe arqu\u00e9e<\/span><\/li><li><span style=\"color: #000000;\">Patients avec agglom\u00e9ration et exc\u00e8s de peau caus\u00e9s par la perte de poids ou le vieillissement<\/span><\/li><li><span style=\"color: #000000;\">Ceux qui recherchent des lignes f\u00e9minines ou masculines id\u00e9ales sous la taille<\/span><\/li><li><span style=\"color: #000000;\">Patients atteints de lip\u0153d\u00e8me<\/span><\/li><\/ul>\t\t\t\t\t\t\t\t<\/div>\n\t\t\t\t<div class=\"elementor-element elementor-element-6f60704 elementor-widget elementor-widget-heading\" data-id=\"6f60704\" data-element_type=\"widget\" data-e-type=\"widget\" data-widget_type=\"heading.default\">\n\t\t\t\t\t<h2 class=\"elementor-heading-title elementor-size-large\">Avant la chirurgie<\/h2>\t\t\t\t<\/div>\n\t\t\t\t<div class=\"elementor-element elementor-element-1454cb2 elementor-widget elementor-widget-text-editor\" data-id=\"1454cb2\" data-element_type=\"widget\" data-e-type=\"widget\" data-widget_type=\"text-editor.default\">\n\t\t\t\t\t\t\t\t\t<p><span style=\"color: #000000;\">Afin de maintenir le r\u00e9sultat pendant longtemps, vous devez veiller \u00e0 \u00eatre au poids id\u00e9al. Comme dans toutes les chirurgies, il est n\u00e9cessaire d&#039;\u00e9viter l&#039;exposition et l&#039;utilisation de tous les produits du tabac actifs et passifs, en particulier les cigarettes, au moins deux semaines id\u00e9ales avant les chirurgies esth\u00e9tiques des jambes.<\/span><\/p><p><span style=\"color: #000000;\">Il est tr\u00e8s important que vous informiez l&#039;\u00e9quipe soignante, en particulier votre m\u00e9decin, des m\u00e9dicaments et compl\u00e9ments alimentaires r\u00e9guli\u00e8rement utilis\u00e9s, des maladies connues, des interventions chirurgicales ant\u00e9rieures et des plaintes persistantes, car cela peut pr\u00e9venir de nombreux risques li\u00e9s \u00e0 l&#039;op\u00e9ration. En particulier, les anticoagulants et les aliments peuvent devoir \u00eatre interrompus ou r\u00e9arrang\u00e9s avant la chirurgie.<\/span><\/p>\t\t\t\t\t\t\t\t<\/div>\n\t\t\t\t<div class=\"elementor-element elementor-element-dfcda6f elementor-widget elementor-widget-heading\" data-id=\"dfcda6f\" data-element_type=\"widget\" data-e-type=\"widget\" data-widget_type=\"heading.default\">\n\t\t\t\t\t<h2 class=\"elementor-heading-title elementor-size-large\">\u00c0 propos de la chirurgie<\/h2>\t\t\t\t<\/div>\n\t\t\t\t<div class=\"elementor-element elementor-element-737c314 elementor-widget elementor-widget-text-editor\" data-id=\"737c314\" data-element_type=\"widget\" data-e-type=\"widget\" data-widget_type=\"text-editor.default\">\n\t\t\t\t\t\t\t\t\t<p><span style=\"color: #000000;\">Ces chirurgies sont le plus souvent pratiqu\u00e9es sous anesth\u00e9sie g\u00e9n\u00e9rale. Les injections de graisse peuvent \u00eatre faites en utilisant de la graisse pr\u00e9lev\u00e9e sur d&#039;autres parties du corps en cas de maigreur, de d\u00e9formation et d&#039;apparence de jambe arqu\u00e9e dans la r\u00e9gion du mollet. Dans le m\u00eame but, des proth\u00e8ses en silicone sp\u00e9ciales pr\u00e9par\u00e9es pour la jambe peuvent \u00e9galement \u00eatre plac\u00e9es \u00e0 l&#039;aide de courtes incisions pratiqu\u00e9es sous le genou.<\/span><\/p><p><span style=\"color: #000000;\">peut \u00eatre fa\u00e7onn\u00e9 pour la lipodystrophie irr\u00e9guli\u00e8re et r\u00e9gionale autour des cuisses et des genoux. La chirurgie de lifting des cuisses peut \u00eatre pratiqu\u00e9e pour le rel\u00e2chement cutan\u00e9 de la cuisse. Cependant, il faut savoir que dans cette chirurgie, il y aura des cicatrices permanentes dans la r\u00e9gion de l&#039;aine ou partant de l&#039;aine et s&#039;\u00e9tendant jusqu&#039;\u00e0 l&#039;int\u00e9rieur de la jambe. Bien que ces cicatrices commencent g\u00e9n\u00e9ralement \u00e0 s&#039;estomper apr\u00e8s le troisi\u00e8me mois, elles ne sont jamais compl\u00e8tement effac\u00e9es.<\/span><\/p>\t\t\t\t\t\t\t\t<\/div>\n\t\t\t\t<div class=\"elementor-element elementor-element-dc578f8 elementor-widget elementor-widget-heading\" data-id=\"dc578f8\" data-element_type=\"widget\" data-e-type=\"widget\" data-widget_type=\"heading.default\">\n\t\t\t\t\t<h2 class=\"elementor-heading-title elementor-size-large\">Apr\u00e8s l&#039;op\u00e9ration<\/h2>\t\t\t\t<\/div>\n\t\t\t\t<div class=\"elementor-element elementor-element-f04f99d elementor-widget elementor-widget-text-editor\" data-id=\"f04f99d\" data-element_type=\"widget\" data-e-type=\"widget\" data-widget_type=\"text-editor.default\">\n\t\t\t\t\t\t\t\t\t<p><span style=\"color: #000000;\">Une nuit d&#039;hospitalisation apr\u00e8s l&#039;op\u00e9ration est suffisante et parfois les patients peuvent sortir le jour m\u00eame. Si une liposuccion a \u00e9t\u00e9 appliqu\u00e9e, des corsets soutenant ces zones sont utilis\u00e9s. Il est recommand\u00e9 d&#039;utiliser ces corsets pendant 2 \u00e0 4 semaines en moyenne. Comme dans toutes les interventions chirurgicales, des ecchymoses, des gonflements et des \u0153d\u00e8mes surviennent \u00e0 des degr\u00e9s divers. Ces ecchymoses et gonflements commencent \u00e0 dispara\u00eetre au bout d\u2019une semaine.<\/span><\/p>\t\t\t\t\t\t\t\t<\/div>\n\t\t\t\t\t<\/div>\n\t\t<\/div>\n\t\t\t\t\t<\/div>\n\t\t<\/section>\n\t\t\t\t<\/div>","protected":false},"excerpt":{"rendered":"<p>Leg Aesthetics Leg aesthetics is the general name of a surgical group that aims to remove all deformities of the calf, hip, knee circumference, and thigh regions starting from the ankle. Thanks to these surgeries, deformities in the legs can be eliminated.\u00a0 The fat in the ankles, legs, calves, hips, knees and upper legs can [&hellip;]<\/p>\n","protected":false},"author":2,"featured_media":0,"parent":0,"menu_order":0,"comment_status":"closed","ping_status":"closed","template":"","meta":{"_acf_changed":false,"footnotes":""},"class_list":["post-814","page","type-page","status-publish","hentry"],"acf":[],"_links":{"self":[{"href":"https:\/\/www.dr-mfo.com\/fr\/wp-json\/wp\/v2\/pages\/814","targetHints":{"allow":["GET"]}}],"collection":[{"href":"https:\/\/www.dr-mfo.com\/fr\/wp-json\/wp\/v2\/pages"}],"about":[{"href":"https:\/\/www.dr-mfo.com\/fr\/wp-json\/wp\/v2\/types\/page"}],"author":[{"embeddable":true,"href":"https:\/\/www.dr-mfo.com\/fr\/wp-json\/wp\/v2\/users\/2"}],"replies":[{"embeddable":true,"href":"https:\/\/www.dr-mfo.com\/fr\/wp-json\/wp\/v2\/comments?post=814"}],"version-history":[{"count":0,"href":"https:\/\/www.dr-mfo.com\/fr\/wp-json\/wp\/v2\/pages\/814\/revisions"}],"wp:attachment":[{"href":"https:\/\/www.dr-mfo.com\/fr\/wp-json\/wp\/v2\/media?parent=814"}],"curies":[{"name":"wp","href":"https:\/\/api.w.org\/{rel}","templated":true}]}}