{"id":2462,"date":"2022-04-05T01:43:52","date_gmt":"2022-04-05T00:43:52","guid":{"rendered":"https:\/\/www.dr-mfo.com\/?page_id=2462"},"modified":"2026-02-22T11:22:36","modified_gmt":"2026-02-22T11:22:36","slug":"iniezione-di-nanofat-innesto-di-grasso","status":"publish","type":"page","link":"https:\/\/www.dr-mfo.com\/it\/nanofat-injection-fat-grafting\/","title":{"rendered":"Iniezione di nanograssi"},"content":{"rendered":"<div data-elementor-type=\"wp-page\" data-elementor-id=\"2462\" class=\"elementor elementor-2462\">\n\t\t\t\t\t\t<section class=\"elementor-section elementor-top-section elementor-element elementor-element-ee1e1dd elementor-section-boxed elementor-section-height-default elementor-section-height-default\" data-id=\"ee1e1dd\" data-element_type=\"section\" data-e-type=\"section\">\n\t\t\t\t\t\t<div class=\"elementor-container elementor-column-gap-default\">\n\t\t\t\t\t<div class=\"elementor-column elementor-col-100 elementor-top-column elementor-element elementor-element-910f865\" data-id=\"910f865\" data-element_type=\"column\" data-e-type=\"column\">\n\t\t\t<div class=\"elementor-widget-wrap elementor-element-populated\">\n\t\t\t\t\t\t<div class=\"elementor-element elementor-element-b696c0e elementor-widget-divider--view-line elementor-widget elementor-widget-divider\" data-id=\"b696c0e\" data-element_type=\"widget\" data-e-type=\"widget\" data-widget_type=\"divider.default\">\n\t\t\t\t\t\t\t<div class=\"elementor-divider\">\n\t\t\t<span class=\"elementor-divider-separator\">\n\t\t\t\t\t\t<\/span>\n\t\t<\/div>\n\t\t\t\t\t\t<\/div>\n\t\t\t\t<div class=\"elementor-element elementor-element-c2917bc elementor-widget-divider--view-line elementor-widget elementor-widget-divider\" data-id=\"c2917bc\" data-element_type=\"widget\" data-e-type=\"widget\" data-widget_type=\"divider.default\">\n\t\t\t\t\t\t\t<div class=\"elementor-divider\">\n\t\t\t<span class=\"elementor-divider-separator\">\n\t\t\t\t\t\t<\/span>\n\t\t<\/div>\n\t\t\t\t\t\t<\/div>\n\t\t\t\t<div class=\"elementor-element elementor-element-c8e6d37 elementor-widget-divider--view-line elementor-widget elementor-widget-divider\" data-id=\"c8e6d37\" data-element_type=\"widget\" data-e-type=\"widget\" data-widget_type=\"divider.default\">\n\t\t\t\t\t\t\t<div class=\"elementor-divider\">\n\t\t\t<span class=\"elementor-divider-separator\">\n\t\t\t\t\t\t<\/span>\n\t\t<\/div>\n\t\t\t\t\t\t<\/div>\n\t\t\t\t<div class=\"elementor-element elementor-element-dcc865a elementor-widget-divider--view-line elementor-widget elementor-widget-divider\" data-id=\"dcc865a\" data-element_type=\"widget\" data-e-type=\"widget\" data-widget_type=\"divider.default\">\n\t\t\t\t\t\t\t<div class=\"elementor-divider\">\n\t\t\t<span class=\"elementor-divider-separator\">\n\t\t\t\t\t\t<\/span>\n\t\t<\/div>\n\t\t\t\t\t\t<\/div>\n\t\t\t\t<div class=\"elementor-element elementor-element-9392570 elementor-widget elementor-widget-image\" data-id=\"9392570\" data-element_type=\"widget\" data-e-type=\"widget\" data-widget_type=\"image.default\">\n\t\t\t\t\t\t\t\t\t\t\t\t\t\t\t<img decoding=\"async\" src=\"https:\/\/www.dr-mfo.com\/wp-content\/uploads\/elementor\/thumbs\/model-qd1ltfmd2x0kf1r8o3ck2yabi5ekpd88pr6dynsx7q.png\" title=\"Lifting facciale\" alt=\"Modello del viso\" loading=\"lazy\" \/>\t\t\t\t\t\t\t\t\t\t\t\t\t\t\t<\/div>\n\t\t\t\t<div class=\"elementor-element elementor-element-212436d elementor-widget-divider--view-line elementor-widget elementor-widget-divider\" data-id=\"212436d\" data-element_type=\"widget\" data-e-type=\"widget\" data-widget_type=\"divider.default\">\n\t\t\t\t\t\t\t<div class=\"elementor-divider\">\n\t\t\t<span class=\"elementor-divider-separator\">\n\t\t\t\t\t\t<\/span>\n\t\t<\/div>\n\t\t\t\t\t\t<\/div>\n\t\t\t\t<div class=\"elementor-element elementor-element-8354566 elementor-widget elementor-widget-heading\" data-id=\"8354566\" data-element_type=\"widget\" data-e-type=\"widget\" data-widget_type=\"heading.default\">\n\t\t\t\t\t<h2 class=\"elementor-heading-title elementor-size-xl\">Iniezione di nanograssi (NFI)<\/h2>\t\t\t\t<\/div>\n\t\t\t\t<div class=\"elementor-element elementor-element-631d5f8 elementor-widget elementor-widget-text-editor\" data-id=\"631d5f8\" data-element_type=\"widget\" data-e-type=\"widget\" data-widget_type=\"text-editor.default\">\n\t\t\t\t\t\t\t\t\t<p><span style=\"color: #000000;\">Il campo della chirurgia plastica rigenerativa sta migliorando di giorno in giorno. Il concetto di stelo \u00e8 sostanzialmente il nome generale dei precursori che hanno il potenziale di rigenerare una parte di un tessuto o l&#039;intero organismo. Il suo utilizzo in chirurgia estetica o cosmetica copre tutti questi trasferimenti che possono provocare la rigenerazione del tessuto applicato.<\/span><\/p><p><span style=\"color: #000000;\">Negli ultimi anni, con la scoperta della presenza di un&#039;elevata densit\u00e0 di precursori nel tessuto adiposo e lo sviluppo di moderne tecniche di liposuzione, le procedure di iniezione di grasso sono tra gli interventi pi\u00f9 comuni in chirurgia estetica, da sole o in combinazione con altre procedure cosmetiche.<\/span><\/p><p><span style=\"color: #000000;\">A causa degli effetti di ringiovanimento e rigenerazione delle cellule, \u00e8 molto richiesto in aree come il ringiovanimento della pelle, il ringiovanimento del viso e del collo, il trattamento di cicatrici\/ustioni\/macchie, la crescita dei capelli, il trattamento delle strie e l&#039;estetica delle mani.<\/span><\/p><p><span style=\"color: #000000;\">L\u2019applicazione pi\u00f9 comune sono le cellule staminali derivate dal tessuto adiposo (ADSC), la cui efficacia \u00e8 stata meglio compresa negli ultimi anni. Queste cellule vengono prelevate dalla persona mediante liposuzione, purificate con diversi metodi e applicate sulle aree in cui si desidera ringiovanire e abbellire.<\/span><\/p><p><span style=\"color: #000000;\">Nanofat \u00e8 il metodo pi\u00f9 potente per ottenere e applicare ADSC in termini di efficacia dei costi, oggi. Pertanto, ha un ampio campo di utilizzo nella chirurgia plastica estetica. L&#039;efficacia aumenter\u00e0 con l&#039;aumentare della purificazione e del numero di sedute. \u00c8 possibile essere dimessi e tornare alla vita sociale lo stesso giorno dopo l&#039;intervento. \u00c8 una procedura indolore grazie ai normali antidolorifici. L&#039;effetto chiaro sarebbe visto tra 3-6 mesi.<\/span><\/p>\t\t\t\t\t\t\t\t<\/div>\n\t\t\t\t<div class=\"elementor-element elementor-element-397ce5b elementor-widget elementor-widget-heading\" data-id=\"397ce5b\" data-element_type=\"widget\" data-e-type=\"widget\" data-widget_type=\"heading.default\">\n\t\t\t\t\t<h2 class=\"elementor-heading-title elementor-size-large\">Quando e dove?<\/h2>\t\t\t\t<\/div>\n\t\t\t\t<div class=\"elementor-element elementor-element-67ee7a7 elementor-widget elementor-widget-text-editor\" data-id=\"67ee7a7\" data-element_type=\"widget\" data-e-type=\"widget\" data-widget_type=\"text-editor.default\">\n\t\t\t\t\t\t\t\t\t<p><span style=\"color: #000000;\">Le cellule vengono utilizzate per invertire gli effetti dei danni del sole e dell&#039;invecchiamento che si sono sviluppati nel corso degli anni, soprattutto nelle aree esposte al sole. Per questo motivo, le aree di applicazione pi\u00f9 popolari sono il dorso delle mani e dei piedi, il viso, il collo e l&#039;area del d\u00e9collet\u00e9.<\/span><\/p><ul><li><span style=\"color: #000000;\">Ringiovanimento della pelle<\/span><\/li><li><span style=\"color: #000000;\">Aumentare la luminosit\u00e0 della pelle<\/span><\/li><li><span style=\"color: #000000;\">Rimozione delle macchie<\/span><\/li><li><span style=\"color: #000000;\">Equalizzazione del colore<\/span><\/li><li><span style=\"color: #000000;\">Lividi sotto gli occhi<\/span><\/li><li><span style=\"color: #000000;\">Correzione delle deformit\u00e0 del contorno<\/span><\/li><li><span style=\"color: #000000;\">Ispessimento dei capelli e aumento del numero dei follicoli<\/span><\/li><li><span style=\"color: #000000;\">Rigenerazione e rimozione della cicatrice<\/span><\/li><li><span style=\"color: #000000;\">Estetica della mano<\/span><\/li><\/ul>\t\t\t\t\t\t\t\t<\/div>\n\t\t\t\t<div class=\"elementor-element elementor-element-0234e8b elementor-widget elementor-widget-heading\" data-id=\"0234e8b\" data-element_type=\"widget\" data-e-type=\"widget\" data-widget_type=\"heading.default\">\n\t\t\t\t\t<h2 class=\"elementor-heading-title elementor-size-large\">Procedure concomitanti<\/h2>\t\t\t\t<\/div>\n\t\t\t\t<div class=\"elementor-element elementor-element-47fc129 elementor-widget elementor-widget-text-editor\" data-id=\"47fc129\" data-element_type=\"widget\" data-e-type=\"widget\" data-widget_type=\"text-editor.default\">\n\t\t\t\t\t\t\t\t\t<p><span style=\"color: #000000;\">Il tessuto adiposo ottenuto durante l&#039;applicazione del nanofat pu\u00f2 essere utilizzato anche per riempire l&#039;intera area del viso, in particolare le guance, le tempie e le labbra, e altre parti del corpo necessarie, come il sedere (<a href=\"https:\/\/www.dr-mfo.com\/it\/brazilian-butt-bbl\/\">BBL<\/a>) e il seno, per aumentare il volume. Allo stesso tempo, il tessuto adiposo da ottenere pu\u00f2 essere prelevato dalle zone che necessitano di liposuzione come la guancia, il braccio, la gamba e l&#039;interno del ginocchio, l&#039;addome, la vita e la schiena e in queste zone si possono ottenere le linee del corpo desiderate.<\/span><\/p><p><span style=\"color: #000000;\">Mentre elimini il grasso in eccesso, considera che vengono utilizzati in aree che necessitano di volume come guance, labbra, glutei, seno. Esattamente due piccioni con una fava! Inoltre, grazie al fatto che il tessuto adiposo contiene anche quattro volte pi\u00f9 cellule del midollo osseo, \u00e8 ai vertici delle applicazioni pi\u00f9 frequentemente preferite nel campo del ringiovanimento cutaneo. L&#039;applicazione di Nanofat provoca un serio aumento della qualit\u00e0 e della luminosit\u00e0 della pelle e pu\u00f2 fornire seri miglioramenti per cicatrici e macchie della pelle.<\/span><\/p>\t\t\t\t\t\t\t\t<\/div>\n\t\t\t\t\t<\/div>\n\t\t<\/div>\n\t\t\t\t\t<\/div>\n\t\t<\/section>\n\t\t\t\t<\/div>","protected":false},"excerpt":{"rendered":"<p>Nanofat Injection (NFI) The field of regenerative plastic surgery is improving day by day. The concept of stem is basically the general name of the precursors that have the potential to regenerate a part of a tissue or the whole body. Its use in aesthetic or cosmetic surgery covers all of these transfers that may [&hellip;]<\/p>\n","protected":false},"author":2,"featured_media":0,"parent":0,"menu_order":0,"comment_status":"closed","ping_status":"closed","template":"","meta":{"_acf_changed":false,"footnotes":""},"class_list":["post-2462","page","type-page","status-publish","hentry"],"acf":[],"_links":{"self":[{"href":"https:\/\/www.dr-mfo.com\/it\/wp-json\/wp\/v2\/pages\/2462","targetHints":{"allow":["GET"]}}],"collection":[{"href":"https:\/\/www.dr-mfo.com\/it\/wp-json\/wp\/v2\/pages"}],"about":[{"href":"https:\/\/www.dr-mfo.com\/it\/wp-json\/wp\/v2\/types\/page"}],"author":[{"embeddable":true,"href":"https:\/\/www.dr-mfo.com\/it\/wp-json\/wp\/v2\/users\/2"}],"replies":[{"embeddable":true,"href":"https:\/\/www.dr-mfo.com\/it\/wp-json\/wp\/v2\/comments?post=2462"}],"version-history":[{"count":0,"href":"https:\/\/www.dr-mfo.com\/it\/wp-json\/wp\/v2\/pages\/2462\/revisions"}],"wp:attachment":[{"href":"https:\/\/www.dr-mfo.com\/it\/wp-json\/wp\/v2\/media?parent=2462"}],"curies":[{"name":"scrivere","href":"https:\/\/api.w.org\/{rel}","templated":true}]}}