{"id":2697,"date":"2022-04-15T00:11:53","date_gmt":"2022-04-14T23:11:53","guid":{"rendered":"https:\/\/www.dr-mfo.com\/?page_id=2697"},"modified":"2026-02-22T11:18:36","modified_gmt":"2026-02-22T11:18:36","slug":"drmfo","status":"publish","type":"page","link":"https:\/\/www.dr-mfo.com\/it\/drmfo\/","title":{"rendered":"Dott. MFO"},"content":{"rendered":"<div data-elementor-type=\"wp-page\" data-elementor-id=\"2697\" class=\"elementor elementor-2697\">\n\t\t\t\t\t\t<section class=\"elementor-section elementor-top-section elementor-element elementor-element-a201216 elementor-section-boxed elementor-section-height-default elementor-section-height-default\" data-id=\"a201216\" data-element_type=\"section\" data-e-type=\"section\">\n\t\t\t\t\t\t<div class=\"elementor-container elementor-column-gap-default\">\n\t\t\t\t\t<div class=\"elementor-column elementor-col-100 elementor-top-column elementor-element elementor-element-f4aa950\" data-id=\"f4aa950\" data-element_type=\"column\" data-e-type=\"column\">\n\t\t\t<div class=\"elementor-widget-wrap elementor-element-populated\">\n\t\t\t\t\t\t<div class=\"elementor-element elementor-element-e99d5d7 elementor-widget-divider--view-line elementor-widget elementor-widget-divider\" data-id=\"e99d5d7\" data-element_type=\"widget\" data-e-type=\"widget\" data-widget_type=\"divider.default\">\n\t\t\t\t\t\t\t<div class=\"elementor-divider\">\n\t\t\t<span class=\"elementor-divider-separator\">\n\t\t\t\t\t\t<\/span>\n\t\t<\/div>\n\t\t\t\t\t\t<\/div>\n\t\t\t\t<div class=\"elementor-element elementor-element-8a0c812 elementor-widget-divider--view-line elementor-widget elementor-widget-divider\" data-id=\"8a0c812\" data-element_type=\"widget\" data-e-type=\"widget\" data-widget_type=\"divider.default\">\n\t\t\t\t\t\t\t<div class=\"elementor-divider\">\n\t\t\t<span class=\"elementor-divider-separator\">\n\t\t\t\t\t\t<\/span>\n\t\t<\/div>\n\t\t\t\t\t\t<\/div>\n\t\t\t\t<div class=\"elementor-element elementor-element-20f3968 elementor-widget-divider--view-line elementor-widget elementor-widget-divider\" data-id=\"20f3968\" data-element_type=\"widget\" data-e-type=\"widget\" data-widget_type=\"divider.default\">\n\t\t\t\t\t\t\t<div class=\"elementor-divider\">\n\t\t\t<span class=\"elementor-divider-separator\">\n\t\t\t\t\t\t<\/span>\n\t\t<\/div>\n\t\t\t\t\t\t<\/div>\n\t\t\t\t<div class=\"elementor-element elementor-element-2969bb0 elementor-widget elementor-widget-heading\" data-id=\"2969bb0\" data-element_type=\"widget\" data-e-type=\"widget\" data-widget_type=\"heading.default\">\n\t\t\t\t\t<h2 class=\"elementor-heading-title elementor-size-xl\">Dott. MFO<\/h2>\t\t\t\t<\/div>\n\t\t\t\t<div class=\"elementor-element elementor-element-bc160d6 elementor-widget-divider--view-line elementor-widget elementor-widget-divider\" data-id=\"bc160d6\" data-element_type=\"widget\" data-e-type=\"widget\" data-widget_type=\"divider.default\">\n\t\t\t\t\t\t\t<div class=\"elementor-divider\">\n\t\t\t<span class=\"elementor-divider-separator\">\n\t\t\t\t\t\t<\/span>\n\t\t<\/div>\n\t\t\t\t\t\t<\/div>\n\t\t\t\t\t<\/div>\n\t\t<\/div>\n\t\t\t\t\t<\/div>\n\t\t<\/section>\n\t\t\t\t<section class=\"elementor-section elementor-top-section elementor-element elementor-element-4827cd0 elementor-section-boxed elementor-section-height-default elementor-section-height-default\" data-id=\"4827cd0\" data-element_type=\"section\" data-e-type=\"section\">\n\t\t\t\t\t\t<div class=\"elementor-container elementor-column-gap-default\">\n\t\t\t\t\t<div class=\"elementor-column elementor-col-50 elementor-top-column elementor-element elementor-element-4625e73\" data-id=\"4625e73\" data-element_type=\"column\" data-e-type=\"column\">\n\t\t\t<div class=\"elementor-widget-wrap elementor-element-populated\">\n\t\t\t\t\t\t<div class=\"elementor-element elementor-element-333caa7 elementor-widget elementor-widget-image\" data-id=\"333caa7\" data-element_type=\"widget\" data-e-type=\"widget\" data-widget_type=\"image.default\">\n\t\t\t\t\t\t\t\t\t\t\t\t\t\t\t<img fetchpriority=\"high\" decoding=\"async\" width=\"1372\" height=\"1920\" src=\"https:\/\/www.dr-mfo.com\/wp-content\/uploads\/2021\/11\/MFO1.jpg\" class=\"attachment-full size-full wp-image-1052\" alt=\"Mehmet Fatih Okyay MD FEBOPRAS\" srcset=\"https:\/\/www.dr-mfo.com\/wp-content\/uploads\/2021\/11\/MFO1.jpg.avif 1372w, https:\/\/www.dr-mfo.com\/wp-content\/uploads\/2021\/11\/MFO1-214x300.jpg.avif 214w, https:\/\/www.dr-mfo.com\/wp-content\/uploads\/2021\/11\/MFO1-732x1024.jpg.avif 732w, https:\/\/www.dr-mfo.com\/wp-content\/uploads\/2021\/11\/MFO1-768x1075.jpg.avif 768w, https:\/\/www.dr-mfo.com\/wp-content\/uploads\/2021\/11\/MFO1-1097x1536.jpg.avif 1097w, https:\/\/www.dr-mfo.com\/wp-content\/uploads\/2021\/11\/MFO1-1463x2048.jpg.avif 1463w\" sizes=\"(max-width: 1372px) 100vw, 1372px\" \/>\t\t\t\t\t\t\t\t\t\t\t\t\t\t\t<\/div>\n\t\t\t\t<div class=\"elementor-element elementor-element-3725f28 elementor-widget elementor-widget-heading\" data-id=\"3725f28\" data-element_type=\"widget\" data-e-type=\"widget\" data-widget_type=\"heading.default\">\n\t\t\t\t\t<h2 class=\"elementor-heading-title elementor-size-medium\"><i><span style=\"font-size: 14pt;, serif\">Mehmet Fatih Okyay, MD<br>Certificato dal consiglio europeo e turco<\/span><\/i><br><i><span style=\"font-size: 14pt;, serif\">Specialista in Chirurgia Plastica<\/span><\/i><\/h2>\t\t\t\t<\/div>\n\t\t\t\t\t<\/div>\n\t\t<\/div>\n\t\t\t\t<div class=\"elementor-column elementor-col-50 elementor-top-column elementor-element elementor-element-b0a5d96\" data-id=\"b0a5d96\" data-element_type=\"column\" data-e-type=\"column\">\n\t\t\t<div class=\"elementor-widget-wrap elementor-element-populated\">\n\t\t\t\t\t\t<div class=\"elementor-element elementor-element-5b9a95b elementor-widget elementor-widget-text-editor\" data-id=\"5b9a95b\" data-element_type=\"widget\" data-e-type=\"widget\" data-widget_type=\"text-editor.default\">\n\t\t\t\t\t\t\t\t\t<p><span style=\"color: #000000;\"><a href=\"https:\/\/www.dr-mfo.com\/it\/who-is-drmfo\/\">Mehmet Fatih Okyay<\/a>, MD, FEBOPRAS si \u00e8 classificato 8\u00b0 nel suo mandato nell&#039;esame di specializzazione medica turco.<\/span><\/p><p><span style=\"color: #000000;\">Ha completato una residenza in Chirurgia Plastica, Ricostruttiva ed Estetica presso l&#039;Universit\u00e0 di Istanbul, Facolt\u00e0 di Medicina di Cerrahpa\u015fa, famosa in tutto il mondo.<\/span><\/p><p><span style=\"color: #000000;\">\u00c8 stato insignito del premio Fellow of the European Board of Plastic, Reconstructive and Aesthetic Surgeons (FEBOPRAS), assegnato dalla European Association of Medical Specialists in termini di equivalenza di qualit\u00e0, 2018, Bruxelles.<\/span><\/p><p><span style=\"color: #000000;\">Grazie a questo premio, nello stesso anno \u00e8 stato anche insignito del premio Fellow of the Turkish Board of Plastic, Reconstructive and Aesthetic Surgeons (Turkish Board) dall&#039;Associazione turca di chirurgia plastica, ricostruttiva ed estetica.<\/span><\/p><p><span style=\"color: #000000;\">Ha fondato la Dr. MFO Clinic come proprietario il 1 giugno 2021.<\/span><span style=\"color: #000000;\"><br \/><\/span><\/p><p><span style=\"color: #000000;\">Durante la sua carriera ha partecipato a numerosi convegni scientifici e ha fatto parte dei comitati organizzatori. Ha avuto l&#039;opportunit\u00e0 di essere un oratore in alcuni di loro.<\/span><\/p><p><span style=\"color: #000000;\">Con i suoi 10 anni di esperienza in chirurgia plastica, \u00e8 molto interessato\u00a0<\/span><span style=\"color: #000000;\">\u00a0<\/span><span style=\"color: #000000;\"><a href=\"https:\/\/www.dr-mfo.com\/it\/face-lift\/\">lifting<\/a>, estetica del naso, <a href=\"https:\/\/www.dr-mfo.com\/it\/facial-feminization-surgery\/\">femminilizzazione facciale<\/a> interventi chirurgici di estetica del viso, <\/span><span style=\"color: #000000;\"><a href=\"https:\/\/www.dr-mfo.com\/it\/tummy-tuck-abdominoplastia\/\">addominoplastica<\/a>, <a href=\"https:\/\/www.dr-mfo.com\/it\/liposuction\/\">liposuzione<\/a>, modellamento del corpo nella chirurgia estetica del corpo e chirurgia estetica del seno.<\/span><\/p><p><span style=\"color: #000000;\">\u00c8 membro permanente della International Society of Aesthetic Surgeons (ISAPS), della Turkish Plastic Surgery Association (TSPRAS) e della Turkish Aesthetic Plastic Surgery Association (TSAPS).<\/span><\/p><p><span style=\"color: #000000;\">Parla un inglese di livello accademico e un livello fluente di spagnolo. Parla anche francese di livello intermedio.<\/span><\/p><p><span style=\"color: #000000;\">\u00c8 un cantautore e poeta, suona la chitarra classica, ney e la chitarra elettrica.<\/span><\/p><p><span style=\"color: #000000;\">\u00c8 sposato e ha due figli.<\/span><\/p>\t\t\t\t\t\t\t\t<\/div>\n\t\t\t\t\t<\/div>\n\t\t<\/div>\n\t\t\t\t\t<\/div>\n\t\t<\/section>\n\t\t\t\t<section class=\"elementor-section elementor-top-section elementor-element elementor-element-b122be9 elementor-section-boxed elementor-section-height-default elementor-section-height-default\" data-id=\"b122be9\" data-element_type=\"section\" data-e-type=\"section\">\n\t\t\t\t\t\t<div class=\"elementor-container elementor-column-gap-default\">\n\t\t\t\t\t<div class=\"elementor-column elementor-col-100 elementor-top-column elementor-element elementor-element-b44ef05\" data-id=\"b44ef05\" data-element_type=\"column\" data-e-type=\"column\">\n\t\t\t<div class=\"elementor-widget-wrap elementor-element-populated\">\n\t\t\t\t\t\t<div class=\"elementor-element elementor-element-cc29b59 elementor-widget elementor-widget-heading\" data-id=\"cc29b59\" data-element_type=\"widget\" data-e-type=\"widget\" data-widget_type=\"heading.default\">\n\t\t\t\t\t<h2 class=\"elementor-heading-title elementor-size-xl\">Premi<\/h2>\t\t\t\t<\/div>\n\t\t\t\t<div class=\"elementor-element elementor-element-5791465 elementor-widget elementor-widget-text-editor\" data-id=\"5791465\" data-element_type=\"widget\" data-e-type=\"widget\" data-widget_type=\"text-editor.default\">\n\t\t\t\t\t\t\t\t\t<p style=\"margin: 0cm 0cm 0cm 18pt; font-size: 12pt; font-family: 'Courier New'; color: #000000; text-indent: -18pt;\"><span style=\"font-family: Verdana, sans-serif; font-size: 10.5pt; color: #000000;\">Fellow dell&#039;European Board of Plastic, Reconstructive &amp; Aesthetic Surgery, aprile 2018, Bruxelles.<\/span><\/p><p style=\"margin: 0cm; font-size: 12pt; font-family: 'Courier New'; color: #000000;\"><span style=\"font-size: 10.5pt; font-family: Verdana, sans-serif; color: #000000;\">Membro del consiglio turco di chirurgia plastica, ricostruttiva ed estetica, aprile 2018, <a href=\"https:\/\/www.dr-mfo.com\/it\/hidden-paradise-antalya-and-touristic-feautures\/\">Adalia<\/a>.<\/span><\/p>\t\t\t\t\t\t\t\t<\/div>\n\t\t\t\t<div class=\"elementor-element elementor-element-4a7911a elementor-widget elementor-widget-heading\" data-id=\"4a7911a\" data-element_type=\"widget\" data-e-type=\"widget\" data-widget_type=\"heading.default\">\n\t\t\t\t\t<h2 class=\"elementor-heading-title elementor-size-xl\">Articoli<\/h2>\t\t\t\t<\/div>\n\t\t\t\t<div class=\"elementor-element elementor-element-cd44ada elementor-widget elementor-widget-text-editor\" data-id=\"cd44ada\" data-element_type=\"widget\" data-e-type=\"widget\" data-widget_type=\"text-editor.default\">\n\t\t\t\t\t\t\t\t\t<p><strong>Ok, MF<\/strong>, K\u00f6m\u00fcrc\u00fc H, Ba\u011fhaki S, Demir\u00f6z A, Ayd\u0131n \u00d6, Arslan H. Effetti dell&#039;insulina, del metoprololo e della deferoxamina sulla sopravvivenza del trapianto di grasso. Chirurgia Plastica Estetica. 2019;43(3):845-852. DOI: 10.1007\/s00266-019-01363-z.<\/p><p><strong>Ok, MF<\/strong>, Oztermeli A. Valutazione dell&#039;effetto del dosaggio di metoprololo sulla sopravvivenza del trapianto di grasso. Chirurgia plastica estetica 2023 febbraio 22 doi: 10.1007\/s00266-023-03271-9. Epub prima della stampa. PMID: 36811670.<\/p>\t\t\t\t\t\t\t\t<\/div>\n\t\t\t\t<div class=\"elementor-element elementor-element-ea76dad elementor-widget elementor-widget-heading\" data-id=\"ea76dad\" data-element_type=\"widget\" data-e-type=\"widget\" data-widget_type=\"heading.default\">\n\t\t\t\t\t<h2 class=\"elementor-heading-title elementor-size-xl\">Iscrizioni alla societ\u00e0<\/h2>\t\t\t\t<\/div>\n\t\t\t\t<div class=\"elementor-element elementor-element-0d97185 elementor-widget elementor-widget-text-editor\" data-id=\"0d97185\" data-element_type=\"widget\" data-e-type=\"widget\" data-widget_type=\"text-editor.default\">\n\t\t\t\t\t\t\t\t\t<p style=\"margin: 0cm 0cm 0cm 18pt; font-size: 12pt; font-family: 'Courier New'; color: #000000; text-indent: -18pt; text-align: left;\"><span style=\"font-family: Verdana, sans-serif; font-size: 10pt; text-indent: -18pt; color: #000000;\">Societ\u00e0 turca di chirurgia plastica, ricostruttiva ed estetica, 2018<\/span><\/p><p style=\"margin: 0cm 0cm 0cm 18pt; font-size: 12pt; font-family: 'Courier New'; color: #000000; text-indent: -18pt; text-align: left;\"><span style=\"font-size: 10pt; font-family: Verdana, sans-serif; color: #000000;\">Societ\u00e0 Internazionale di Chirurgia Plastica Estetica, 2018<\/span><\/p><p style=\"margin: 0cm 0cm 0cm 18pt; font-size: 12pt; font-family: 'Courier New'; color: #000000; text-indent: -18pt; text-align: left;\"><span style=\"font-size: 10pt; font-family: Verdana, sans-serif; color: #000000;\">Societ\u00e0 turca di chirurgia plastica estetica, 2019<\/span><\/p>\t\t\t\t\t\t\t\t<\/div>\n\t\t\t\t<div class=\"elementor-element elementor-element-acd8d49 elementor-widget elementor-widget-heading\" data-id=\"acd8d49\" data-element_type=\"widget\" data-e-type=\"widget\" data-widget_type=\"heading.default\">\n\t\t\t\t\t<h2 class=\"elementor-heading-title elementor-size-xl\">Riunioni Scientifiche Partecipate<\/h2>\t\t\t\t<\/div>\n\t\t\t\t<div class=\"elementor-element elementor-element-84504c4 elementor-widget elementor-widget-text-editor\" data-id=\"84504c4\" data-element_type=\"widget\" data-e-type=\"widget\" data-widget_type=\"text-editor.default\">\n\t\t\t\t\t\t\t\t\t<p style=\"margin: 0cm; font-size: 12pt; font-family: 'Courier New'; color: #000000;\"><span style=\"font-size: 10.5pt; font-family: Verdana, sans-serif;\">Universit\u00e0 di Istanbul, Facolt\u00e0 di Medicina Cerrahpa\u015fa, Chirurgia Plastica, Ricostruttiva ed Estetica, 10\u00b0 Simposio delle Giornate di Chirurgia Plastica, 2013, Istanbul, T\u00dcRK\u0130YE,\u00a0<span style=\"font-weight: bold;\">Comitato organizzatore<\/span><\/span><\/p><p style=\"margin: 0cm; font-size: 12pt; font-family: 'Courier New'; color: #000000; text-align: left;\"><span style=\"font-size: 10.5pt; font-family: Verdana, sans-serif; color: #000000;\">Universit\u00e0 di Istanbul, Facolt\u00e0 di Medicina Cerrahpa\u015fa, Chirurgia Plastica, Ricostruttiva ed Estetica, 11\u00b0 Simposio delle Giornate di Chirurgia Plastica, 2014, Istanbul, T\u00dcRK\u0130YE, <b>Comitato organizzatore<\/b><\/span><\/p><p style=\"margin: 0cm; font-size: 12pt; font-family: 'Courier New'; color: #000000; text-align: left;\"><span style=\"font-size: 10pt; font-family: Verdana, sans-serif; color: #000000;\">Societ\u00e0 Turca di Chirurgia Plastica, Ricostruttiva ed Estetica, 36\u00b0 Congresso Nazionale, 2014, Istanbul, T\u00dcRK\u0130YE, Baghaki S, Cevirme MF, Kucuksucu MA, <b>Ok, MF<\/b>, Yildiz TF, Aydin Y, Lembi dell&#039;elica del perforatore basato sull&#039;arteria intercostale posteriore sui difetti del meningomielosel.<\/span><\/p><p style=\"margin: 0cm; font-size: 12pt; font-family: 'Courier New'; color: #000000; text-align: left;\"><span style=\"font-size: 10pt; font-family: Verdana, sans-serif; color: #000000;\">Societ\u00e0 Turca di Chirurgia Plastica, Ricostruttiva ed Estetica, 36\u00b0 Congresso Nazionale, 2014, Istanbul, T\u00dcRK\u0130YE, Sahin U, Cebi G, Cevirme MF, Kucuksucu MA, Ercan A, <b>Ok, MF<\/b>, Khankishiyev R, Baghaki S. Perforator Flaps nei difetti dell&#039;area parasacrale e glutea.<\/span><\/p><p style=\"margin: 0cm; font-size: 12pt; font-family: 'Courier New'; color: #000000; text-align: left;\"><span style=\"font-size: 10.5pt; font-family: Verdana, sans-serif; color: #000000;\">Universit\u00e0 di Istanbul, Facolt\u00e0 di Medicina Cerrahpa\u015fa, Chirurgia Plastica, Ricostruttiva ed Estetica, 12\u00b0 Simposio delle Giornate di Chirurgia Plastica, 2015, Istanbul, T\u00dcRK\u0130YE, <b>Comitato organizzatore<\/b><\/span><\/p><p style=\"margin: 0cm; font-size: 12pt; font-family: 'Courier New'; color: #000000; text-align: left;\"><span style=\"font-size: 10.5pt; font-family: Verdana, sans-serif; color: #000000;\">Universit\u00e0 di Istanbul, Facolt\u00e0 di Medicina Cerrahpa\u015fa, Chirurgia Plastica, Ricostruttiva ed Estetica, 13\u00b0 Simposio delle Giornate di Chirurgia Plastica, 2016, Istanbul, T\u00dcRK\u0130YE, <b>Comitato organizzatore<\/b><\/span><\/p><p style=\"margin: 0cm; font-size: 12pt; font-family: 'Courier New'; color: #000000; text-align: left;\"><span style=\"color: #000000;\"><span style=\"font-size: 10pt; font-family: Verdana, sans-serif;\">Congresso Internazionale della Federazione Europea delle Societ\u00e0 di Microchirurgia. 2016, Antalya, TURCHIA, Demiroz A, <b>Okyay MF (come presentatore),<\/b> Yalcin MA, Baghaki S, Arslan H, Turkmen A, Aydin Y. La nostra esperienza con lembi liberi della coscia anterolaterale.<\/span><b><\/b><\/span><\/p><p style=\"margin: 0cm; font-size: 12pt; font-family: 'Courier New'; color: #000000; text-align: left;\"><span style=\"font-size: 10pt; font-family: Verdana, sans-serif; color: #000000;\">Societ\u00e0 Turca di Chirurgia Plastica, Ricostruttiva ed Estetica, 38\u00b0 Congresso Nazionale, 2016, Antalya, T\u00dcRK\u0130YE, K\u00f6m\u00fcrc\u00fc H, \u015eahin U, <b>Ok, MF<\/b>, Suleymanov S, Ercan A, Ba\u011fhaki S. Le nostre esperienze sul trattamento chirurgico della sindrome del tunnel cubitale.<\/span><\/p><p style=\"margin: 0cm; font-size: 12pt; font-family: 'Courier New'; color: #000000; text-align: left;\"><span style=\"font-size: 10pt; font-family: Verdana, sans-serif; color: #000000;\">Societ\u00e0 Turca di Chirurgia Plastica Estetica, 20\u00b0 Congresso Nazionale, 2016, Istanbul, T\u00dcRK\u0130YE. <b>Ok, MF<\/b>, Demiroz A, Sahin U, Cetinkale O. \u0130nsidental \u0130n Situ Lob\u00fcler Karsinoma sulla riduzione bilaterale del seno eseguita paziente: caso clinico.<\/span><\/p><p style=\"margin: 0cm; font-size: 12pt; font-family: 'Courier New'; color: #000000; text-align: left;\"><span style=\"font-size: 10pt; font-family: Verdana, sans-serif; color: #000000;\">Societ\u00e0 Turca di Chirurgia Plastica, Ricostruttiva ed Estetica, 38\u00b0 Congresso Nazionale, 2016, Antalya, T\u00dcRK\u0130YE, <b>Okyay MF (come presentatore),<\/b> K\u00fc\u00e7\u00fcksucu MA, Ba\u011fhaki S, Demir\u00f6z A, Khankishiyev R, \u015eahin U, K\u00f6m\u00fcrc\u00fc H, Suleymanov S, Y\u0131ld\u0131z TF, \u00d6ner MB, Da\u011fhan B. Diagnosi patologica? Diagnosi clinica? BCC posizionato in modo atipico su recidiva di un vecchio paziente con siringoma condroide.<\/span><\/p><p style=\"margin: 0cm; font-size: 12pt; font-family: 'Courier New'; color: #000000; text-align: left;\"><span style=\"font-size: 10.5pt; font-family: Verdana, sans-serif; color: #000000;\">Universit\u00e0 di Istanbul, Facolt\u00e0 di Medicina Cerrahpa\u015fa, Chirurgia Plastica, Ricostruttiva ed Estetica, 14\u00b0 Simposio delle Giornate di Chirurgia Plastica, 2017, Istanbul, T\u00dcRK\u0130YE, <b>Organizzazione<\/b> <b>Comitato<\/b><\/span><\/p><p style=\"margin: 0cm; font-size: 12pt; font-family: 'Courier New'; color: #000000; text-align: left;\"><span style=\"font-size: 10.5pt; font-family: Verdana, sans-serif; color: #000000;\">Universit\u00e0 di Istanbul, Facolt\u00e0 di Medicina Cerrahpa\u015fa, Chirurgia Plastica, Ricostruttiva ed Estetica, 15\u00b0 Simposio delle Giornate di Chirurgia Plastica, 2018, Istanbul, T\u00dcRK\u0130YE, <b>Organizzazione<\/b> <b>Comitato<\/b><\/span><\/p><p style=\"margin: 0cm; font-size: 12pt; font-family: 'Courier New'; color: #000000; text-align: left;\"><span style=\"color: #000000;\"><span style=\"font-size: 10pt; font-family: Verdana, sans-serif;\">Societ\u00e0 Turca di Chirurgia Plastica, Ricostruttiva ed Estetica, 40\u00b0 Congresso Nazionale, 2018, Antalya, <\/span><span style=\"font-size: 10.5pt; font-family: Verdana, sans-serif;\">T\u00dcRK\u0130YE<\/span><span style=\"font-size: 10pt; font-family: Verdana, sans-serif;\">, <b>Okyay MF (come presentatore),<\/b> K\u00f6m\u00fcrc\u00fc H, Ba\u011fhaki S, Demiroz A, Ovgu A, Arslan H. <\/span><span style=\"font-size: 10pt; font-family: Verdana, sans-serif;\">Effetti di insulina, metoprololo e deferoxamina sulla sopravvivenza del trapianto di grasso<\/span><span style=\"font-size: 10pt; font-family: Verdana, sans-serif;\">.<\/span><\/span><\/p><p style=\"margin: 0cm; font-size: 12pt; font-family: 'Courier New'; color: #000000; text-align: left;\"><span style=\"font-size: 10pt; font-family: Verdana, sans-serif; color: #000000;\">Societ\u00e0 Turca di Chirurgia Plastica, Ricostruttiva ed Estetica, 44\u00b0 Congresso Nazionale, 2022, Antalya, T\u00dcRK\u0130YE, <b>Okyay MF (come presentatore),<\/b> Valutazione 3D delle fratture complesse zigomaticomascellari.<\/span><\/p>\t\t\t\t\t\t\t\t<\/div>\n\t\t\t\t<div class=\"elementor-element elementor-element-64b61e9 elementor-widget elementor-widget-heading\" data-id=\"64b61e9\" data-element_type=\"widget\" data-e-type=\"widget\" data-widget_type=\"heading.default\">\n\t\t\t\t\t<h2 class=\"elementor-heading-title elementor-size-xl\">Corsi frequentati<\/h2>\t\t\t\t<\/div>\n\t\t\t\t<div class=\"elementor-element elementor-element-48dbcd5 elementor-widget elementor-widget-text-editor\" data-id=\"48dbcd5\" data-element_type=\"widget\" data-e-type=\"widget\" data-widget_type=\"text-editor.default\">\n\t\t\t\t\t\t\t\t\t<p style=\"margin: 0cm 0cm 0cm 18pt; font-size: 12pt; font-family: 'Courier New'; color: #000000; text-indent: -18pt; text-align: left;\"><span style=\"font-family: Verdana, sans-serif; font-size: 10pt; text-indent: -18pt; color: #000000;\">Certificato per uso sperimentale su animali, Universit\u00e0 di Istanbul, 2015<\/span><\/p><p style=\"margin: 0cm 0cm 0cm 18pt; font-size: 12pt; font-family: 'Courier New'; color: #000000; text-indent: -18pt; text-align: left;\"><span style=\"font-size: 10.5pt; font-family: Verdana, sans-serif; color: #000000;\">ISAPS 8th Eurasian Course, 2016, Istanbul, T\u00dcRK\u0130YE<\/span><\/p><p style=\"margin: 0cm; font-size: 12pt; font-family: 'Courier New'; color: #000000; text-align: left;\"><span style=\"font-size: 10.5pt; font-family: Verdana, sans-serif; color: #000000;\">27\u00b0 Corso Base di Microchirurgia 2016, Istanbul, T\u00dcRK\u0130YE<\/span><\/p><p style=\"margin: 0cm; font-size: 12pt; font-family: 'Courier New'; color: #000000; text-align: left;\"><span style=\"color: #000000;\"><span style=\"font-size: 10pt; font-family: Verdana, sans-serif;\">Societ\u00e0 turca di chirurgia plastica, ricostruttiva ed estetica,<\/span><span style=\"font-size: 10.5pt; font-family: Verdana, sans-serif;\"> 2\u00b0 corso di estetica facciale, 2016, Ankara, T\u00dcRK\u0130YE<\/span><\/span><\/p><p style=\"margin: 0cm 0cm 0cm 18pt; font-size: 12pt; font-family: 'Courier New'; color: #000000; text-indent: -18pt; text-align: left;\"><span style=\"font-size: 10.5pt; font-family: Verdana, sans-serif; color: #000000;\">ISAPS 9th Eurasian Course 2017, Istanbul, T\u00dcRK\u0130YE<\/span><\/p><p style=\"margin: 0cm 0cm 0cm 18pt; font-size: 12pt; font-family: 'Courier New'; color: #000000; text-indent: -18pt; text-align: left;\"><span style=\"font-size: 10.5pt; font-family: Verdana, sans-serif; color: #000000;\"><a href=\"https:\/\/www.dr-mfo.com\/it\/nose-job-rhinoplasty\/\">Rinoplastica<\/a> Corso di chirurgia dal vivo della Society of Europe, 2017, Istanbul, T\u00dcRK\u0130YE<\/span><\/p><p style=\"margin: 0cm 0cm 0cm 18pt; font-size: 12pt; font-family: 'Courier New'; color: #000000; text-indent: -18pt; text-align: left;\"><span style=\"font-size: 10.5pt; font-family: Verdana, sans-serif; color: #000000;\">ISAPS 10th Eurasian Course, 2018, Istanbul, T\u00dcRK\u0130YE<\/span><\/p><p style=\"margin: 0cm 0cm 0cm 18pt; font-size: 12pt; font-family: 'Courier New'; color: #000000; text-indent: -18pt; text-align: left;\"><span style=\"font-size: 10.5pt; font-family: Verdana, sans-serif; color: #000000;\">Corso Cerkes Open di rinoplastica, 2018, Istanbul, T\u00dcRK\u0130YE<\/span><\/p><p style=\"margin: 0cm; font-size: 12pt; font-family: 'Courier New'; color: #000000; text-align: left;\"><span style=\"font-size: 10pt; font-family: Verdana, sans-serif; color: #000000;\">Societ\u00e0 Turca di Chirurgia Plastica, Ricostruttiva ed Estetica, 10\u00b0 Corso di Specializzazione in Chirurgia Plastica, 2018, Antalya, T\u00dcRK\u0130YE<\/span><\/p>\t\t\t\t\t\t\t\t<\/div>\n\t\t\t\t\t<\/div>\n\t\t<\/div>\n\t\t\t\t\t<\/div>\n\t\t<\/section>\n\t\t\t\t<\/div>","protected":false},"excerpt":{"rendered":"<p>Dr. MFO Mehmet Fatih Okyay, MDEuropean &amp; Turkish Board CertifiedPlastic Surgery Specialist Mehmet Fatih Okyay, MD, FEBOPRAS ranked 8th in his term in the Turkish Medical Specialization Examination. He completed a Plastic, Reconstructive, and Aesthetic Surgery residency at the world-renowned Istanbul University, Cerrahpa\u015fa Faculty of Medicine. He was awarded as the Fellow of the European [&hellip;]<\/p>\n","protected":false},"author":2,"featured_media":0,"parent":0,"menu_order":0,"comment_status":"closed","ping_status":"closed","template":"","meta":{"_acf_changed":false,"footnotes":""},"class_list":["post-2697","page","type-page","status-publish","hentry"],"acf":[],"_links":{"self":[{"href":"https:\/\/www.dr-mfo.com\/it\/wp-json\/wp\/v2\/pages\/2697","targetHints":{"allow":["GET"]}}],"collection":[{"href":"https:\/\/www.dr-mfo.com\/it\/wp-json\/wp\/v2\/pages"}],"about":[{"href":"https:\/\/www.dr-mfo.com\/it\/wp-json\/wp\/v2\/types\/page"}],"author":[{"embeddable":true,"href":"https:\/\/www.dr-mfo.com\/it\/wp-json\/wp\/v2\/users\/2"}],"replies":[{"embeddable":true,"href":"https:\/\/www.dr-mfo.com\/it\/wp-json\/wp\/v2\/comments?post=2697"}],"version-history":[{"count":0,"href":"https:\/\/www.dr-mfo.com\/it\/wp-json\/wp\/v2\/pages\/2697\/revisions"}],"wp:attachment":[{"href":"https:\/\/www.dr-mfo.com\/it\/wp-json\/wp\/v2\/media?parent=2697"}],"curies":[{"name":"scrivere","href":"https:\/\/api.w.org\/{rel}","templated":true}]}}