{"id":2926,"date":"2022-05-02T12:21:01","date_gmt":"2022-05-02T11:21:01","guid":{"rendered":"https:\/\/www.dr-mfo.com\/?page_id=2926"},"modified":"2026-02-22T11:12:36","modified_gmt":"2026-02-22T11:12:36","slug":"intervento-chirurgico-agli-occhi-di-gatto","status":"publish","type":"page","link":"https:\/\/www.dr-mfo.com\/it\/cat-eyes-surgery\/","title":{"rendered":"Occhi di gatto"},"content":{"rendered":"<div data-elementor-type=\"wp-page\" data-elementor-id=\"2926\" class=\"elementor elementor-2926\">\n\t\t\t\t\t\t<section class=\"elementor-section elementor-top-section elementor-element elementor-element-9d726c2 elementor-section-boxed elementor-section-height-default elementor-section-height-default\" data-id=\"9d726c2\" data-element_type=\"section\" data-e-type=\"section\">\n\t\t\t\t\t\t<div class=\"elementor-container elementor-column-gap-default\">\n\t\t\t\t\t<div class=\"elementor-column elementor-col-100 elementor-top-column elementor-element elementor-element-b831747\" data-id=\"b831747\" data-element_type=\"column\" data-e-type=\"column\">\n\t\t\t<div class=\"elementor-widget-wrap elementor-element-populated\">\n\t\t\t\t\t\t<div class=\"elementor-element elementor-element-a7a13a0 elementor-widget-divider--view-line elementor-widget elementor-widget-divider\" data-id=\"a7a13a0\" data-element_type=\"widget\" data-e-type=\"widget\" data-widget_type=\"divider.default\">\n\t\t\t\t\t\t\t<div class=\"elementor-divider\">\n\t\t\t<span class=\"elementor-divider-separator\">\n\t\t\t\t\t\t<\/span>\n\t\t<\/div>\n\t\t\t\t\t\t<\/div>\n\t\t\t\t<div class=\"elementor-element elementor-element-aa9d076 elementor-widget-divider--view-line elementor-widget elementor-widget-divider\" data-id=\"aa9d076\" data-element_type=\"widget\" data-e-type=\"widget\" data-widget_type=\"divider.default\">\n\t\t\t\t\t\t\t<div class=\"elementor-divider\">\n\t\t\t<span class=\"elementor-divider-separator\">\n\t\t\t\t\t\t<\/span>\n\t\t<\/div>\n\t\t\t\t\t\t<\/div>\n\t\t\t\t<div class=\"elementor-element elementor-element-d0b5e7b elementor-widget-divider--view-line elementor-widget elementor-widget-divider\" data-id=\"d0b5e7b\" data-element_type=\"widget\" data-e-type=\"widget\" data-widget_type=\"divider.default\">\n\t\t\t\t\t\t\t<div class=\"elementor-divider\">\n\t\t\t<span class=\"elementor-divider-separator\">\n\t\t\t\t\t\t<\/span>\n\t\t<\/div>\n\t\t\t\t\t\t<\/div>\n\t\t\t\t<div class=\"elementor-element elementor-element-9bb1c7c elementor-widget-divider--view-line elementor-widget elementor-widget-divider\" data-id=\"9bb1c7c\" data-element_type=\"widget\" data-e-type=\"widget\" data-widget_type=\"divider.default\">\n\t\t\t\t\t\t\t<div class=\"elementor-divider\">\n\t\t\t<span class=\"elementor-divider-separator\">\n\t\t\t\t\t\t<\/span>\n\t\t<\/div>\n\t\t\t\t\t\t<\/div>\n\t\t\t\t<div class=\"elementor-element elementor-element-6d6f0c4 elementor-widget elementor-widget-image\" data-id=\"6d6f0c4\" data-element_type=\"widget\" data-e-type=\"widget\" data-widget_type=\"image.default\">\n\t\t\t\t\t\t\t\t\t\t\t\t\t\t\t<img decoding=\"async\" src=\"https:\/\/www.dr-mfo.com\/wp-content\/uploads\/elementor\/thumbs\/Cat-Eyes-qd1ludgjwyaw10e36hz4kpqww0rsegykuenv8meqzq.jpg\" title=\"Chirurgia dell&#039;occhio di volpe\" alt=\"Chirurgia dell&#039;occhio di gatto\" loading=\"lazy\" \/>\t\t\t\t\t\t\t\t\t\t\t\t\t\t\t<\/div>\n\t\t\t\t<div class=\"elementor-element elementor-element-e223fc2 elementor-widget-divider--view-line elementor-widget elementor-widget-divider\" data-id=\"e223fc2\" data-element_type=\"widget\" data-e-type=\"widget\" data-widget_type=\"divider.default\">\n\t\t\t\t\t\t\t<div class=\"elementor-divider\">\n\t\t\t<span class=\"elementor-divider-separator\">\n\t\t\t\t\t\t<\/span>\n\t\t<\/div>\n\t\t\t\t\t\t<\/div>\n\t\t\t\t<div class=\"elementor-element elementor-element-6edff3c elementor-widget elementor-widget-heading\" data-id=\"6edff3c\" data-element_type=\"widget\" data-e-type=\"widget\" data-widget_type=\"heading.default\">\n\t\t\t\t\t<h2 class=\"elementor-heading-title elementor-size-xl\">Chirurgia degli occhi di gatto<\/h2>\t\t\t\t<\/div>\n\t\t\t\t<div class=\"elementor-element elementor-element-ebeedcc elementor-widget elementor-widget-text-editor\" data-id=\"ebeedcc\" data-element_type=\"widget\" data-e-type=\"widget\" data-widget_type=\"text-editor.default\">\n\t\t\t\t\t\t\t\t\t<p><span style=\"color: #000000;\">Uno dei fattori pi\u00f9 importanti che incidono sulla bellezza e sull'aspetto estetico del nostro viso \u00e8 <a href=\"https:\/\/www.dr-mfo.com\/it\/which-female-face-shape-is-most-attractive\/\">attraente<\/a> sguardo. La ricerca di occhi leggermente inclinati e grandi, emersa con l'estetica degli occhi a mandorla, ha iniziato a essere chiamata occhio di gatto o di volpe con l'aggiunta, nel tempo, del lifting delle sopracciglia, delle tempie e della parte centrale del viso.<\/span><\/p><p><span style=\"color: #000000;\">La chirurgia dell&#039;occhio di gatto \u00e8 sempre pi\u00f9 richiesta da uomini e donne che vogliono avere un aspetto attraente. Grazie alla chirurgia dell&#039;occhio di volpe o di gatto, \u00e8 possibile eseguire simultaneamente il lifting della parte superiore e centrale del viso e ottenere contemporaneamente ringiovanimento, abbellimento e aspetto attraente.<\/span><\/p><p><span style=\"color: #000000;\">Oggi, la chirurgia dell&#039;occhio di gatto o di volpe sta diventando il gold standard per sbarazzarsi delle palpebre cadenti, dell&#039;aspetto assonnato e stanco e per ottenere un aspetto giovane, dinamico e attraente.<\/span><\/p>\t\t\t\t\t\t\t\t<\/div>\n\t\t\t\t<div class=\"elementor-element elementor-element-cb758c9 elementor-widget elementor-widget-heading\" data-id=\"cb758c9\" data-element_type=\"widget\" data-e-type=\"widget\" data-widget_type=\"heading.default\">\n\t\t\t\t\t<h2 class=\"elementor-heading-title elementor-size-large\">In quali situazioni si applica?<\/h2>\t\t\t\t<\/div>\n\t\t\t\t<div class=\"elementor-element elementor-element-7cde0eb elementor-widget elementor-widget-text-editor\" data-id=\"7cde0eb\" data-element_type=\"widget\" data-e-type=\"widget\" data-widget_type=\"text-editor.default\">\n\t\t\t\t\t\t\t\t\t<ul><li><span style=\"color: #000000;\">Palpebra cadente<\/span><\/li><li><span style=\"color: #000000;\">Sguardo assonnato<\/span><\/li><li><span style=\"color: #000000;\">Occhi stanchi<\/span><\/li><li><span style=\"color: #000000;\">Sopracciglio basso<\/span><\/li><li><span style=\"color: #000000;\">Viso medio e guance basse<\/span><\/li><li><span style=\"color: #000000;\">Pianificazione chirurgica<\/span><\/li><\/ul><p><span style=\"color: #000000;\">Il processo di chirurgia dell&#039;occhio di gatto inizia con il disegno realizzato durante la consultazione del medico. Per la pianificazione chirurgica preoperatoria, viene eseguito un disegno e vengono determinati il livello del sopracciglio pianificato, le palpebre e la possibile forma dell&#039;occhio, il suo livello e il posizionamento previsto alla fine dell&#039;intervento.<\/span><\/p><p><span style=\"color: #000000;\">Con una pianificazione chirurgica dettagliata, un intervento chirurgico robusto e una buona assistenza postoperatoria, \u00e8 possibile ottenere grandi cambiamenti in poche settimane.<\/span><\/p><p><span style=\"color: #000000;\">La chirurgia dell&#039;occhio di gatto o dell&#039;occhio di volpe, che \u00e8 una delle procedure di chirurgia estetica pi\u00f9 popolari degli ultimi anni, \u00e8 un&#039;applicazione con un alto tasso di soddisfazione. Pu\u00f2 fornire una soluzione ideale per look attraenti e vigorosi per persone con sopracciglia cadenti, palpebre cadenti, aspetto assonnato e stanco e guance basse e d\u00e0 risultati soddisfacenti.<\/span><\/p>\t\t\t\t\t\t\t\t<\/div>\n\t\t\t\t<div class=\"elementor-element elementor-element-a3040c2 elementor-widget elementor-widget-heading\" data-id=\"a3040c2\" data-element_type=\"widget\" data-e-type=\"widget\" data-widget_type=\"heading.default\">\n\t\t\t\t\t<h2 class=\"elementor-heading-title elementor-size-large\">Prima dell&#039;intervento chirurgico<\/h2>\t\t\t\t<\/div>\n\t\t\t\t<div class=\"elementor-element elementor-element-9a63628 elementor-widget elementor-widget-text-editor\" data-id=\"9a63628\" data-element_type=\"widget\" data-e-type=\"widget\" data-widget_type=\"text-editor.default\">\n\t\t\t\t\t\t\t\t\t<p><span style=\"color: #000000;\">Ci sono alcune condizioni che dovrebbero essere prese in considerazione prima della chirurgia dell&#039;occhio di gatto, che dovrebbe essere eseguita da uno specialista in plastica <a href=\"https:\/\/www.dr-mfo.com\/it\/\">chirurgo<\/a>. Le persone dovrebbero esprimere le loro aspettative e i loro gusti durante la consultazione del medico. Durante la consultazione vengono presi in considerazione fattori come l&#039;altezza delle sopracciglia, la posizione, la forma, l&#039;estensione dell&#039;area delle tempie, l&#039;asimmetria delle sopracciglia, la guancia bassa e le palpebre. Informazioni dettagliate sul processo operativo, informazioni tecniche e il processo dopo la procedura vengono trasmesse ai pazienti. Le aree delle sopracciglia, degli occhi e delle guance, che dovrebbero apparire simmetriche e naturali, dovrebbero essere in armonia con i lineamenti del viso della persona. <a href=\"https:\/\/www.dr-mfo.com\/it\/who-is-drmfo\/\">Dott. MFO<\/a> ti mostrer\u00e0 un percorso entusiasmante verso i tuoi sogni su cosa si pu\u00f2 fare valutando le tue richieste in base alla tua anatomia.<\/span><\/p><p><span style=\"color: #000000;\">Come in tutte le operazioni chirurgiche, il consumo di tabacco e prodotti a base di tabacco, in particolare le sigarette, che danneggiano la guarigione dei tessuti e aumentano il rischio di infezione diminuendo il livello di ossigeno nel corpo, devono essere interrotti prima dell&#039;intervento chirurgico agli occhi di gatto. Questo periodo copre 2-4 settimane prima dell&#039;intervento chirurgico.<\/span><\/p><p><span style=\"color: #000000;\">Fluidificanti del sangue, vitamine e medicinali a base di erbe non devono essere utilizzati nei 7-10 giorni precedenti l&#039;operazione. Se hai altre malattie note e farmaci che usi regolarmente, dovresti condividerli con il tuo chirurgo. Se non hai un particolare problema di salute, si pu\u00f2 decidere se sei idoneo per l&#039;operazione con l&#039;analisi eseguita il giorno dell&#039;operazione. Dopo che tutti questi criteri sono soddisfatti, l&#039;operazione preferita di coloro che prestano attenzione al proprio aspetto fisico e vogliono sentirsi bene sia socialmente che spiritualmente viene applicata con successo.<\/span><\/p>\t\t\t\t\t\t\t\t<\/div>\n\t\t\t\t<div class=\"elementor-element elementor-element-e7b309b elementor-widget elementor-widget-heading\" data-id=\"e7b309b\" data-element_type=\"widget\" data-e-type=\"widget\" data-widget_type=\"heading.default\">\n\t\t\t\t\t<h2 class=\"elementor-heading-title elementor-size-large\">Cose da considerare il giorno dell&#039;intervento<\/h2>\t\t\t\t<\/div>\n\t\t\t\t<div class=\"elementor-element elementor-element-dce5b94 elementor-widget elementor-widget-text-editor\" data-id=\"dce5b94\" data-element_type=\"widget\" data-e-type=\"widget\" data-widget_type=\"text-editor.default\">\n\t\t\t\t\t\t\t\t\t<p><span style=\"color: #000000;\">\u00c8 importante portare abiti comodi per il periodo postoperatorio. Si consiglia inoltre di fare una doccia calda con un sapone antibatterico il giorno prima dell&#039;operazione.<\/span><\/p><p><span style=\"color: #000000;\">Se hai integratori alimentari, medicinali a base di erbe, tisane, malattie aggiuntive note o medicinali che usi regolarmente, dovresti condividerli con il tuo chirurgo e il suo team. Se non hai un particolare problema di salute, si pu\u00f2 decidere se sei idoneo per l&#039;operazione con l&#039;analisi eseguita il giorno dell&#039;operazione.<\/span><\/p>\t\t\t\t\t\t\t\t<\/div>\n\t\t\t\t<div class=\"elementor-element elementor-element-fcd1958 elementor-widget elementor-widget-heading\" data-id=\"fcd1958\" data-element_type=\"widget\" data-e-type=\"widget\" data-widget_type=\"heading.default\">\n\t\t\t\t\t<h2 class=\"elementor-heading-title elementor-size-large\">Dopo l&#039;intervento chirurgico<\/h2>\t\t\t\t<\/div>\n\t\t\t\t<div class=\"elementor-element elementor-element-21fee00 elementor-widget elementor-widget-text-editor\" data-id=\"21fee00\" data-element_type=\"widget\" data-e-type=\"widget\" data-widget_type=\"text-editor.default\">\n\t\t\t\t\t\t\t\t\t<p><span style=\"color: #000000;\">Puoi iniziare a svolgere il tuo lavoro quotidiano entro pochi giorni dall&#039;intervento. Allo stesso modo si pu\u00f2 tornare al lavoro d&#039;ufficio anche il primo giorno, a seconda della soglia del dolore delle persone. Il secondo giorno puoi fare la doccia, compresa l&#039;area operativa. Le attivit\u00e0 pesanti dovrebbero essere evitate nella prima settimana dopo l&#039;operazione.<\/span><\/p><p><span style=\"color: #000000;\">Un controllo dettagliato da parte del tuo chirurgo, di solito il terzo giorno dopo l&#039;intervento, ti informer\u00e0 anche sui risultati.<\/span><\/p><p><span style=\"color: #000000;\">Alla fine della prima settimana si possono fare attivit\u00e0 sportive come la camminata leggera. A partire dalla terza settimana, puoi tornare completamente alla tua vita sportiva.<\/span><\/p>\t\t\t\t\t\t\t\t<\/div>\n\t\t\t\t<div class=\"elementor-element elementor-element-05ec7b8 elementor-widget elementor-widget-image\" data-id=\"05ec7b8\" data-element_type=\"widget\" data-e-type=\"widget\" data-widget_type=\"image.default\">\n\t\t\t\t\t\t\t\t\t\t\t\t\t\t\t<img fetchpriority=\"high\" decoding=\"async\" width=\"298\" height=\"300\" src=\"https:\/\/www.dr-mfo.com\/wp-content\/uploads\/2022\/04\/fore-head-first-298x300.jpg\" class=\"attachment-medium size-medium wp-image-2423\" alt=\"Immagine ravvicinata del volto di una persona con una mano delicatamente appoggiata sulla fronte, probabilmente a dimostrazione di un esame medico o di un trattamento.\" srcset=\"https:\/\/www.dr-mfo.com\/wp-content\/uploads\/2022\/04\/fore-head-first-298x300.jpg.avif 298w, https:\/\/www.dr-mfo.com\/wp-content\/uploads\/2022\/04\/fore-head-first-150x150.jpg.avif 150w, https:\/\/www.dr-mfo.com\/wp-content\/uploads\/2022\/04\/fore-head-first-768x773.jpg.avif 768w, https:\/\/www.dr-mfo.com\/wp-content\/uploads\/2022\/04\/fore-head-first.jpg.avif 974w\" sizes=\"(max-width: 298px) 100vw, 298px\" \/>\t\t\t\t\t\t\t\t\t\t\t\t\t\t\t<\/div>\n\t\t\t\t\t<\/div>\n\t\t<\/div>\n\t\t\t\t\t<\/div>\n\t\t<\/section>\n\t\t\t\t<\/div>","protected":false},"excerpt":{"rendered":"<p>Cat Eyes Surgery One of the most important factors affecting our facial beauty and aesthetic appearance is attractive looks. The search for slightly slanting and large eyes, which emerged with almond eye aesthetics, started to be called cat or fox eye with the addition of eyebrow lift, temple lift, and mid-face lift over time. Cat [&hellip;]<\/p>\n","protected":false},"author":2,"featured_media":0,"parent":0,"menu_order":0,"comment_status":"closed","ping_status":"closed","template":"","meta":{"_acf_changed":false,"footnotes":""},"class_list":["post-2926","page","type-page","status-publish","hentry"],"acf":[],"_links":{"self":[{"href":"https:\/\/www.dr-mfo.com\/it\/wp-json\/wp\/v2\/pages\/2926","targetHints":{"allow":["GET"]}}],"collection":[{"href":"https:\/\/www.dr-mfo.com\/it\/wp-json\/wp\/v2\/pages"}],"about":[{"href":"https:\/\/www.dr-mfo.com\/it\/wp-json\/wp\/v2\/types\/page"}],"author":[{"embeddable":true,"href":"https:\/\/www.dr-mfo.com\/it\/wp-json\/wp\/v2\/users\/2"}],"replies":[{"embeddable":true,"href":"https:\/\/www.dr-mfo.com\/it\/wp-json\/wp\/v2\/comments?post=2926"}],"version-history":[{"count":0,"href":"https:\/\/www.dr-mfo.com\/it\/wp-json\/wp\/v2\/pages\/2926\/revisions"}],"wp:attachment":[{"href":"https:\/\/www.dr-mfo.com\/it\/wp-json\/wp\/v2\/media?parent=2926"}],"curies":[{"name":"scrivere","href":"https:\/\/api.w.org\/{rel}","templated":true}]}}