{"id":825,"date":"2021-05-28T18:29:23","date_gmt":"2021-05-28T17:29:23","guid":{"rendered":"https:\/\/www.dr-mfo.com\/?page_id=825"},"modified":"2026-04-25T12:25:38","modified_gmt":"2026-04-25T11:25:38","slug":"culo-brasiliano-bbl","status":"publish","type":"page","link":"https:\/\/www.dr-mfo.com\/it\/brazilian-butt-bbl\/","title":{"rendered":"BBL \u2013 Sedere brasiliano"},"content":{"rendered":"<div data-elementor-type=\"wp-page\" data-elementor-id=\"825\" class=\"elementor elementor-825\">\n\t\t\t\t\t\t<section class=\"elementor-section elementor-top-section elementor-element elementor-element-b4521fd elementor-section-boxed elementor-section-height-default elementor-section-height-default\" data-id=\"b4521fd\" data-element_type=\"section\" data-e-type=\"section\">\n\t\t\t\t\t\t<div class=\"elementor-container elementor-column-gap-default\">\n\t\t\t\t\t<div class=\"elementor-column elementor-col-100 elementor-top-column elementor-element elementor-element-90fee95\" data-id=\"90fee95\" data-element_type=\"column\" data-e-type=\"column\">\n\t\t\t<div class=\"elementor-widget-wrap elementor-element-populated\">\n\t\t\t\t\t\t<div class=\"elementor-element elementor-element-c84b51f elementor-widget-divider--view-line elementor-widget elementor-widget-divider\" data-id=\"c84b51f\" data-element_type=\"widget\" data-e-type=\"widget\" data-widget_type=\"divider.default\">\n\t\t\t\t\t\t\t<div class=\"elementor-divider\">\n\t\t\t<span class=\"elementor-divider-separator\">\n\t\t\t\t\t\t<\/span>\n\t\t<\/div>\n\t\t\t\t\t\t<\/div>\n\t\t\t\t<div class=\"elementor-element elementor-element-fd2c6dc elementor-widget elementor-widget-image\" data-id=\"fd2c6dc\" data-element_type=\"widget\" data-e-type=\"widget\" data-widget_type=\"image.default\">\n\t\t\t\t\t\t\t\t\t\t\t\t\t\t\t<img decoding=\"async\" src=\"https:\/\/www.dr-mfo.com\/wp-content\/uploads\/elementor\/thumbs\/brezilya-poposu-scaled-qd1lufc8amdgo8bcvisdpp9u2siitv61inyu76byna.jpg\" title=\"culo brasiliano\" alt=\"estetica dei glutei\" loading=\"lazy\" \/>\t\t\t\t\t\t\t\t\t\t\t\t\t\t\t<\/div>\n\t\t\t\t<div class=\"elementor-element elementor-element-cf3c7df elementor-widget-divider--view-line elementor-widget elementor-widget-divider\" data-id=\"cf3c7df\" data-element_type=\"widget\" data-e-type=\"widget\" data-widget_type=\"divider.default\">\n\t\t\t\t\t\t\t<div class=\"elementor-divider\">\n\t\t\t<span class=\"elementor-divider-separator\">\n\t\t\t\t\t\t<\/span>\n\t\t<\/div>\n\t\t\t\t\t\t<\/div>\n\t\t\t\t<div class=\"elementor-element elementor-element-44addce elementor-widget elementor-widget-heading\" data-id=\"44addce\" data-element_type=\"widget\" data-e-type=\"widget\" data-widget_type=\"heading.default\">\n\t\t\t\t\t<h2 class=\"elementor-heading-title elementor-size-xl\">Culo brasiliano (BBL)<\/h2>\t\t\t\t<\/div>\n\t\t\t\t<div class=\"elementor-element elementor-element-531d142 elementor-widget elementor-widget-text-editor\" data-id=\"531d142\" data-element_type=\"widget\" data-e-type=\"widget\" data-widget_type=\"text-editor.default\">\n\t\t\t\t\t\t\t\t\t<p><span style=\"color: #000000;\">BBL (Brazilian Butt) viene eseguito principalmente in anestesia generale. Il tempo di funzionamento \u00e8 di circa 2-3 ore.<\/span><\/p><p><span style=\"color: #000000;\">viene eseguito per modellare l&#039;area del calcio. Il grasso in eccesso sul sedere, intorno alla vita e sotto i glutei viene rimosso e le linee del sedere vengono chiarite. Questi grassi, prelevati in base al grado di pienezza che si desidera ottenere, possono essere utilizzati per aggiungere volume al sedere, se necessario, unitamente a grasso prelevato da altre parti del corpo.<\/span><\/p><p><span style=\"color: #000000;\">Gli strumenti per l&#039;aumento dei glutei potrebbero anche essere usati per aggiungere volume, specialmente in alcuni casi in cui il tessuto adiposo \u00e8 insufficiente.<\/span><\/p>\t\t\t\t\t\t\t\t<\/div>\n\t\t\t\t<div class=\"elementor-element elementor-element-0d99fc7 elementor-widget elementor-widget-heading\" data-id=\"0d99fc7\" data-element_type=\"widget\" data-e-type=\"widget\" data-widget_type=\"heading.default\">\n\t\t\t\t\t<h2 class=\"elementor-heading-title elementor-size-large\">Chi \u00e8 un candidato adatto per BBL?<\/h2>\t\t\t\t<\/div>\n\t\t\t\t<div class=\"elementor-element elementor-element-c4f839d elementor-widget elementor-widget-text-editor\" data-id=\"c4f839d\" data-element_type=\"widget\" data-e-type=\"widget\" data-widget_type=\"text-editor.default\">\n\t\t\t\t\t\t\t\t\t<ul><li><span style=\"color: #000000;\">Chiunque non sia soddisfatto della forma del calcio \u00e8 un candidato per l&#039;estetica del calcio.<\/span><\/li><li><span style=\"color: #000000;\">Viene generalmente applicato a persone che hanno una struttura del sedere cadente, piatta e larga.<\/span><\/li><\/ul>\t\t\t\t\t\t\t\t<\/div>\n\t\t\t\t<div class=\"elementor-element elementor-element-bad474d elementor-widget elementor-widget-heading\" data-id=\"bad474d\" data-element_type=\"widget\" data-e-type=\"widget\" data-widget_type=\"heading.default\">\n\t\t\t\t\t<h2 class=\"elementor-heading-title elementor-size-large\">Prima dell&#039;intervento chirurgico<\/h2>\t\t\t\t<\/div>\n\t\t\t\t<div class=\"elementor-element elementor-element-dddad86 elementor-widget elementor-widget-text-editor\" data-id=\"dddad86\" data-element_type=\"widget\" data-e-type=\"widget\" data-widget_type=\"text-editor.default\">\n\t\t\t\t\t\t\t\t\t<p><span style=\"color: #000000;\">Come in tutte le operazioni chirurgiche, il consumo di tabacco e prodotti del tabacco, in particolare le sigarette, che danneggiano la guarigione dei tessuti e aumentano il rischio di infezione riducendo il livello di ossigeno nel corpo, dovrebbe essere interrotto prima del <a href=\"https:\/\/www.dr-mfo.com\/it\/forehead-reduction-hairline-advancement\/\">riduzione della fronte<\/a> chirurgia. Questo periodo copre 2-4 settimane prima dell&#039;intervento chirurgico.<\/span><\/p><p><span style=\"color: #000000;\">Anticoagulanti, vitamine e medicinali a base di erbe non devono essere utilizzati nei 7-10 giorni precedenti l&#039;operazione. Se hai altre malattie e farmaci noti che usi regolarmente, dovresti condividerli con il tuo <a href=\"https:\/\/www.dr-mfo.com\/it\/\">chirurgo<\/a>. Allo stesso modo, dovrai prestare attenzione alla nutrizione come raccomandato dal tuo medico. Se queste precauzioni vengono prese nel periodo preoperatorio, ci si aspetta un risultato estetico di successo.<\/span><\/p><p><span style=\"color: #000000;\">Se non hai un problema di salute particolare, si pu\u00f2 decidere se sei idoneo all&#039;operazione con l&#039;analisi eseguita il giorno dell&#039;operazione. Dopo che tutti questi criteri sono soddisfatti, l&#039;operazione preferita di coloro che prestano attenzione al proprio aspetto fisico e vogliono sentirsi bene sia socialmente che spiritualmente viene applicata con successo.<\/span><\/p>\t\t\t\t\t\t\t\t<\/div>\n\t\t\t\t<div class=\"elementor-element elementor-element-811c343 elementor-widget elementor-widget-heading\" data-id=\"811c343\" data-element_type=\"widget\" data-e-type=\"widget\" data-widget_type=\"heading.default\">\n\t\t\t\t\t<h2 class=\"elementor-heading-title elementor-size-large\">Pianificazione chirurgica<\/h2>\t\t\t\t<\/div>\n\t\t\t\t<div class=\"elementor-element elementor-element-53b7668 elementor-widget elementor-widget-text-editor\" data-id=\"53b7668\" data-element_type=\"widget\" data-e-type=\"widget\" data-widget_type=\"text-editor.default\">\n\t\t\t\t\t\t\t\t\t<p><span style=\"color: #000000;\">Il processo di chirurgia dei glutei brasiliani o BBL inizia con il disegno effettuato durante la consultazione del medico. Prima dell&#039;intervento viene realizzato un disegno per la pianificazione chirurgica e vengono determinate le aree in cui verr\u00e0 rimosso il tessuto adiposo da utilizzare per la BBL e vengono determinate le aree di liposuzione intorno alla vita e ai glutei che creeranno una figura sagomata dei glutei. Per fornire il volume e la forma desiderati per l&#039;estetica dei glutei, vengono contrassegnate le aree in cui verr\u00e0 posizionato il tessuto adiposo.<\/span><\/p><p><span style=\"color: #000000;\">Con una pianificazione chirurgica dettagliata, un intervento chirurgico robusto e una buona assistenza postoperatoria, \u00e8 possibile ottenere grandi cambiamenti in poche settimane.<\/span><\/p><p><span style=\"color: #000000;\">La chirurgia plastica brasiliana o BBL, che \u00e8 una delle procedure di chirurgia estetica pi\u00f9 popolari degli ultimi anni, \u00e8 un&#039;applicazione con un alto tasso di soddisfazione. Pu\u00f2 offrire una soluzione ideale per ottenere curve del corpo ideali e creare un voluminoso culo brasiliano e d\u00e0 risultati soddisfacenti.<\/span><\/p>\t\t\t\t\t\t\t\t<\/div>\n\t\t\t\t<div class=\"elementor-element elementor-element-db44f90 elementor-widget elementor-widget-heading\" data-id=\"db44f90\" data-element_type=\"widget\" data-e-type=\"widget\" data-widget_type=\"heading.default\">\n\t\t\t\t\t<h2 class=\"elementor-heading-title elementor-size-large\">Cose da considerare il giorno dell&#039;intervento<\/h2>\t\t\t\t<\/div>\n\t\t\t\t<div class=\"elementor-element elementor-element-8937536 elementor-widget elementor-widget-text-editor\" data-id=\"8937536\" data-element_type=\"widget\" data-e-type=\"widget\" data-widget_type=\"text-editor.default\">\n\t\t\t\t\t\t\t\t\t<p><span style=\"color: #000000;\">\u00c8 importante portare abiti comodi per il periodo postoperatorio. Si consiglia inoltre di fare una doccia calda con un sapone antibatterico il giorno prima dell&#039;operazione.<\/span><\/p><p style=\"margin-top: 0cm; text-align: justify; background-image: initial; background-position: initial; background-size: initial; background-repeat: initial; background-attachment: initial; background-origin: initial; background-clip: initial;\"><span style=\"color: #000000;\">Se hai integratori alimentari, medicinali a base di erbe, tisane, malattie aggiuntive note o medicinali che usi regolarmente, dovresti condividerli con il tuo chirurgo e il suo team. Se non hai un particolare problema di salute, si pu\u00f2 decidere se sei idoneo per l&#039;operazione con l&#039;analisi eseguita il giorno dell&#039;operazione.<\/span><\/p>\t\t\t\t\t\t\t\t<\/div>\n\t\t\t\t<div class=\"elementor-element elementor-element-e9c5e17 elementor-widget elementor-widget-heading\" data-id=\"e9c5e17\" data-element_type=\"widget\" data-e-type=\"widget\" data-widget_type=\"heading.default\">\n\t\t\t\t\t<h2 class=\"elementor-heading-title elementor-size-large\">Postoperatorio<\/h2>\t\t\t\t<\/div>\n\t\t\t\t<div class=\"elementor-element elementor-element-bde40bb elementor-widget elementor-widget-text-editor\" data-id=\"bde40bb\" data-element_type=\"widget\" data-e-type=\"widget\" data-widget_type=\"text-editor.default\">\n\t\t\t\t\t\t\t\t\t<p><span style=\"color: #000000;\">I pazienti di solito rimangono in ospedale durante la notte e vengono dimessi il giorno successivo. I corsetti per glutei possono essere utilizzati sia per alleviare parzialmente il dolore dopo la liposuzione in altre parti del corpo sia per sostenere il gluteo.<\/span><\/p>\n<p><span style=\"color: #000000;\">Puoi iniziare a svolgere il tuo lavoro quotidiano entro pochi giorni dall&#039;intervento. Il secondo giorno puoi fare la doccia, compresa l&#039;area operativa. Dopo circa una settimana, puoi tornare al lavoro d&#039;ufficio grazie al cuscino BBL.<\/span><\/p>\n<p><span style=\"color: #000000;\">Un controllo dettagliato da parte del tuo chirurgo, di solito il terzo giorno dopo l&#039;intervento, ti informer\u00e0 anche sui risultati.<\/span><\/p>\n<p><span style=\"color: #000000;\">I corsetti sono generalmente utilizzati per 3-6 settimane dopo l&#039;intervento chirurgico. Come con tutte le iniezioni di grasso, si dovrebbe tenere presente che met\u00e0 del grasso iniettato rimarr\u00e0 indietro nelle iniezioni di grasso nel gluteo. Anche non sollevare pesi dopo un&#039;operazione riuscita e non fare movimenti rapidi nel primo periodo contribuiscono molto positivamente al processo di guarigione. Le attivit\u00e0 pesanti dovrebbero essere evitate per le prime 4-6 settimane dopo l&#039;operazione.<\/span><\/p>\n<p><span style=\"color: #000000;\">Alla fine della prima settimana si possono fare attivit\u00e0 sportive come la camminata leggera. A partire dalla terza settimana, puoi tornare completamente alla tua vita sportiva.<\/span><\/p>\t\t\t\t\t\t\t\t<\/div>\n\t\t\t\t<div class=\"elementor-element elementor-element-3efc56d elementor-widget elementor-widget-image\" data-id=\"3efc56d\" data-element_type=\"widget\" data-e-type=\"widget\" data-widget_type=\"image.default\">\n\t\t\t\t\t\t\t\t\t\t\t\t\t\t\t<img fetchpriority=\"high\" decoding=\"async\" width=\"300\" height=\"200\" src=\"https:\/\/www.dr-mfo.com\/wp-content\/uploads\/2022\/04\/bbl-2-300x200.jpg\" class=\"attachment-medium size-medium wp-image-2440\" alt=\"bbl\" srcset=\"https:\/\/www.dr-mfo.com\/wp-content\/uploads\/2022\/04\/bbl-2-300x200.jpg.avif 300w, https:\/\/www.dr-mfo.com\/wp-content\/uploads\/2022\/04\/bbl-2-768x512.jpg.avif 768w, https:\/\/www.dr-mfo.com\/wp-content\/uploads\/2022\/04\/bbl-2.jpg.avif 900w\" sizes=\"(max-width: 300px) 100vw, 300px\" \/>\t\t\t\t\t\t\t\t\t\t\t\t\t\t\t<\/div>\n\t\t\t\t\t<\/div>\n\t\t<\/div>\n\t\t\t\t\t<\/div>\n\t\t<\/section>\n\t\t\t\t<\/div>","protected":false},"excerpt":{"rendered":"<p>Brazilian Butt (BBL) BBL (Brazilian Butt) is mostly performed under general anesthesia. The operation time is about 2-3 hours. First of all, liposuction is performed to shape the butt area. Excess fat on the butt, around the waist, and under the buttocks is removed and the butt lines are clarified. These fats, which are taken [&hellip;]<\/p>\n","protected":false},"author":2,"featured_media":0,"parent":0,"menu_order":0,"comment_status":"closed","ping_status":"closed","template":"","meta":{"_acf_changed":false,"footnotes":""},"class_list":["post-825","page","type-page","status-publish","hentry"],"acf":[],"_links":{"self":[{"href":"https:\/\/www.dr-mfo.com\/it\/wp-json\/wp\/v2\/pages\/825","targetHints":{"allow":["GET"]}}],"collection":[{"href":"https:\/\/www.dr-mfo.com\/it\/wp-json\/wp\/v2\/pages"}],"about":[{"href":"https:\/\/www.dr-mfo.com\/it\/wp-json\/wp\/v2\/types\/page"}],"author":[{"embeddable":true,"href":"https:\/\/www.dr-mfo.com\/it\/wp-json\/wp\/v2\/users\/2"}],"replies":[{"embeddable":true,"href":"https:\/\/www.dr-mfo.com\/it\/wp-json\/wp\/v2\/comments?post=825"}],"version-history":[{"count":8,"href":"https:\/\/www.dr-mfo.com\/it\/wp-json\/wp\/v2\/pages\/825\/revisions"}],"predecessor-version":[{"id":27718,"href":"https:\/\/www.dr-mfo.com\/it\/wp-json\/wp\/v2\/pages\/825\/revisions\/27718"}],"wp:attachment":[{"href":"https:\/\/www.dr-mfo.com\/it\/wp-json\/wp\/v2\/media?parent=825"}],"curies":[{"name":"scrivere","href":"https:\/\/api.w.org\/{rel}","templated":true}]}}