{"id":2461,"date":"2022-04-05T01:43:22","date_gmt":"2022-04-05T00:43:22","guid":{"rendered":"https:\/\/www.dr-mfo.com\/?page_id=2461"},"modified":"2026-02-22T11:23:36","modified_gmt":"2026-02-22T11:23:36","slug":"nazorg","status":"publish","type":"page","link":"https:\/\/www.dr-mfo.com\/nl\/aftercare\/","title":{"rendered":"Nazorg"},"content":{"rendered":"<div data-elementor-type=\"wp-page\" data-elementor-id=\"2461\" class=\"elementor elementor-2461\">\n\t\t\t\t\t\t<section class=\"elementor-section elementor-top-section elementor-element elementor-element-833c330 elementor-section-boxed elementor-section-height-default elementor-section-height-default\" data-id=\"833c330\" data-element_type=\"section\" data-e-type=\"section\">\n\t\t\t\t\t\t<div class=\"elementor-container elementor-column-gap-default\">\n\t\t\t\t\t<div class=\"elementor-column elementor-col-100 elementor-top-column elementor-element elementor-element-babe9f8\" data-id=\"babe9f8\" data-element_type=\"column\" data-e-type=\"column\">\n\t\t\t<div class=\"elementor-widget-wrap elementor-element-populated\">\n\t\t\t\t\t\t<div class=\"elementor-element elementor-element-669d42b elementor-widget-divider--view-line elementor-widget elementor-widget-divider\" data-id=\"669d42b\" data-element_type=\"widget\" data-e-type=\"widget\" data-widget_type=\"divider.default\">\n\t\t\t\t\t\t\t<div class=\"elementor-divider\">\n\t\t\t<span class=\"elementor-divider-separator\">\n\t\t\t\t\t\t<\/span>\n\t\t<\/div>\n\t\t\t\t\t\t<\/div>\n\t\t\t\t<div class=\"elementor-element elementor-element-690e1b6 elementor-widget-divider--view-line elementor-widget elementor-widget-divider\" data-id=\"690e1b6\" data-element_type=\"widget\" data-e-type=\"widget\" data-widget_type=\"divider.default\">\n\t\t\t\t\t\t\t<div class=\"elementor-divider\">\n\t\t\t<span class=\"elementor-divider-separator\">\n\t\t\t\t\t\t<\/span>\n\t\t<\/div>\n\t\t\t\t\t\t<\/div>\n\t\t\t\t<div class=\"elementor-element elementor-element-0ab6860 elementor-widget-divider--view-line elementor-widget elementor-widget-divider\" data-id=\"0ab6860\" data-element_type=\"widget\" data-e-type=\"widget\" data-widget_type=\"divider.default\">\n\t\t\t\t\t\t\t<div class=\"elementor-divider\">\n\t\t\t<span class=\"elementor-divider-separator\">\n\t\t\t\t\t\t<\/span>\n\t\t<\/div>\n\t\t\t\t\t\t<\/div>\n\t\t\t\t<div class=\"elementor-element elementor-element-ae50e39 elementor-widget-divider--view-line elementor-widget elementor-widget-divider\" data-id=\"ae50e39\" data-element_type=\"widget\" data-e-type=\"widget\" data-widget_type=\"divider.default\">\n\t\t\t\t\t\t\t<div class=\"elementor-divider\">\n\t\t\t<span class=\"elementor-divider-separator\">\n\t\t\t\t\t\t<\/span>\n\t\t<\/div>\n\t\t\t\t\t\t<\/div>\n\t\t\t\t<div class=\"elementor-element elementor-element-cf330ed elementor-widget elementor-widget-image\" data-id=\"cf330ed\" data-element_type=\"widget\" data-e-type=\"widget\" data-widget_type=\"image.default\">\n\t\t\t\t\t\t\t\t\t\t\t\t\t\t\t<img decoding=\"async\" src=\"https:\/\/www.dr-mfo.com\/wp-content\/uploads\/elementor\/thumbs\/instagram-bg-0.1-qd1ltdqop8xzrttyz2jaxyrebdnu9z0s1hvf03vpk6.jpg\" title=\"instagram-bg-0.1\" alt=\"Een vrouw ligt op haar rug en ondergaat een cosmetische of dermatologische ingreep aan haar voorhoofd, uitgevoerd door een professional die handschoenen draagt en een speciaal handapparaat gebruikt.\" loading=\"lazy\" \/>\t\t\t\t\t\t\t\t\t\t\t\t\t\t\t<\/div>\n\t\t\t\t<div class=\"elementor-element elementor-element-bdeeb9b elementor-widget-divider--view-line elementor-widget elementor-widget-divider\" data-id=\"bdeeb9b\" data-element_type=\"widget\" data-e-type=\"widget\" data-widget_type=\"divider.default\">\n\t\t\t\t\t\t\t<div class=\"elementor-divider\">\n\t\t\t<span class=\"elementor-divider-separator\">\n\t\t\t\t\t\t<\/span>\n\t\t<\/div>\n\t\t\t\t\t\t<\/div>\n\t\t\t\t<div class=\"elementor-element elementor-element-abb40fb elementor-widget elementor-widget-heading\" data-id=\"abb40fb\" data-element_type=\"widget\" data-e-type=\"widget\" data-widget_type=\"heading.default\">\n\t\t\t\t\t<h2 class=\"elementor-heading-title elementor-size-xl\">Nazorg<\/h2>\t\t\t\t<\/div>\n\t\t\t\t<div class=\"elementor-element elementor-element-114dda0 elementor-widget elementor-widget-text-editor\" data-id=\"114dda0\" data-element_type=\"widget\" data-e-type=\"widget\" data-widget_type=\"text-editor.default\">\n\t\t\t\t\t\t\t\t\t<p><span style=\"color: #000000;\">Wij zijn ons ervan bewust dat het verhaal van elke pati\u00ebnt uniek is en dat het verhaal uit drie hoofdstukken bestaat.<\/span><\/p><ol><li><span style=\"color: #000000;\">Precare-periode, voorbereiding op een operatie.<\/span><\/li><li><span style=\"color: #000000;\">Nazorgperiode, zorg na een operatie.<\/span><\/li><li><span style=\"color: #000000;\">Nazorgperiode, waarin de pati\u00ebnten met een gerust hart in hun land aankomen.<\/span><\/li><\/ol>\t\t\t\t\t\t\t\t<\/div>\n\t\t\t\t<div class=\"elementor-element elementor-element-bab0e40 elementor-widget elementor-widget-heading\" data-id=\"bab0e40\" data-element_type=\"widget\" data-e-type=\"widget\" data-widget_type=\"heading.default\">\n\t\t\t\t\t<h2 class=\"elementor-heading-title elementor-size-large\">Eerste 24 uur<\/h2>\t\t\t\t<\/div>\n\t\t\t\t<div class=\"elementor-element elementor-element-427af60 elementor-widget elementor-widget-text-editor\" data-id=\"427af60\" data-element_type=\"widget\" data-e-type=\"widget\" data-widget_type=\"text-editor.default\">\n\t\t\t\t\t\t\t\t\t<p><span style=\"color: #000000;\">Door persoonlijke verpleegkundigen te leveren tijdens de ziekenhuisopnames van de pati\u00ebnt streven we naar maximaal comfort en lossen we de taalbarri\u00e8re op met het lokale personeel van het ziekenhuis wanneer ze dat het hardst nodig hebben. Binnen een paar uur kunt u beginnen met eten, aankleden en lopen.<\/span><\/p><p><span style=\"color: #000000;\">Wij geven persoonlijk om de eerste stappen van de pati\u00ebnt. Als ervaren zorgverleners vertellen we pati\u00ebnten over elke stap die ze gaan ervaren, \u00e9\u00e9n voor \u00e9\u00e9n en met het wegnemen van de onzekerheidsfactor. Mensen schrikken van de dingen die ze niet weten.<\/span><\/p><p><span style=\"color: #000000;\">E\u00e9n nacht ziekenhuisopname kan meestal voldoende zijn, maar de gecombineerde operaties. In de meeste gevallen worden pati\u00ebnten na de operatiedag uit het ziekenhuis ontslagen. Op de dag van ontslag, <a href=\"https:\/\/www.dr-mfo.com\/nl\/who-is-drmfo\/\">Dokter MFO<\/a> praat met de pati\u00ebnt om te zien of de pati\u00ebnt goed genoeg is om ontslagen te worden. We houden contact met de pati\u00ebnt, verstrekken voorgeschreven medicijnen aan pati\u00ebnten en wachten op de eerste consultatiedag, wat meestal de 3e dag van de operatie is. We bieden de laatste consultatie aan op basis van de vluchtdata van de pati\u00ebnten en sturen ze met een gerust hart naar hun landen.<\/span><\/p><p><span style=\"color: #000000;\">V\u00f3\u00f3r de externalisatie brengen de arts en zijn professionele team het eerste verband aan en delen ze informatie over de eerste resultaten.<\/span><\/p><p><span style=\"color: #000000;\"><span style=\"word-spacing: 6.4px;\">De transfer brengt u onder begeleiding van een team naar uw hotelkamer.<\/span><\/span><\/p><p><span style=\"color: #000000;\"><span style=\"word-spacing: 6.4px;\">Wereldberoemde museumhotels of opwindende boetiekhotels helpen u de nieuwe versie van uzelf te ontmoeten en uw levensveranderende operatie te ontdekken met exclusieve rust.<\/span><\/span><\/p>\t\t\t\t\t\t\t\t<\/div>\n\t\t\t\t<div class=\"elementor-element elementor-element-aabed63 elementor-widget elementor-widget-heading\" data-id=\"aabed63\" data-element_type=\"widget\" data-e-type=\"widget\" data-widget_type=\"heading.default\">\n\t\t\t\t\t<h2 class=\"elementor-heading-title elementor-size-large\">Nazorg<\/h2>\t\t\t\t<\/div>\n\t\t\t\t<div class=\"elementor-element elementor-element-3348cb3 elementor-widget elementor-widget-text-editor\" data-id=\"3348cb3\" data-element_type=\"widget\" data-e-type=\"widget\" data-widget_type=\"text-editor.default\">\n\t\t\t\t\t\t\t\t\t<p><span style=\"color: #000000;\">Na de operaties zijn er mentale en fysieke kanten die de pati\u00ebnten doormaken zoals verwacht. De meeste pati\u00ebnten ervaren deze situatie voor het eerst in hun leven, maar wij niet en we weten wat we moeten doen.<\/span><\/p><p><span style=\"color: #000000;\">Wanneer de pati\u00ebnten in hun land aankomen, voeren we regelmatig videoconferenties uit om te horen hoe het herstel verloopt. Zo krijgen ze het gevoel dat ze niet alleen zijn in hun reis. <\/span><span style=\"color: #000000;\">In deze fase van herstel zijn pati\u00ebnten voorzichtig met de opmerkingen van mensen om hen heen. <\/span><\/p><p><span style=\"color: #000000;\">Bij sommige operaties zoals <a href=\"https:\/\/www.dr-mfo.com\/nl\/liposuction\/\">liposuctie<\/a> of borstlift\/vergroting, dan heb je een corset of sportbeha bij je. Stop er alsjeblieft niet mee voordat je het advies van je arts hebt ingewonnen. <\/span><\/p><p><span style=\"color: #000000;\">Actieve of passieve blootstelling aan sigaretten en vergelijkbare tabaksproducten voor en na een operatie vermindert de zuurstof in het weefsel en maakt de weg vrij voor infectie. Om deze reden is het noodzakelijk om gemiddeld een maand voor en na de operatie weg te blijven.<\/span><\/p>\t\t\t\t\t\t\t\t<\/div>\n\t\t\t\t<div class=\"elementor-element elementor-element-4521adb elementor-widget elementor-widget-image\" data-id=\"4521adb\" data-element_type=\"widget\" data-e-type=\"widget\" data-widget_type=\"image.default\">\n\t\t\t\t\t\t\t\t\t\t\t\t\t\t\t<img fetchpriority=\"high\" decoding=\"async\" width=\"825\" height=\"510\" src=\"https:\/\/www.dr-mfo.com\/wp-content\/uploads\/2022\/04\/ldm.jpeg\" class=\"attachment-full size-full wp-image-2543\" alt=\"Een persoon ligt op de buik, met de handen onder het hoofd en de blote rug zichtbaar.\" srcset=\"https:\/\/www.dr-mfo.com\/wp-content\/uploads\/2022\/04\/ldm.jpeg 825w, https:\/\/www.dr-mfo.com\/wp-content\/uploads\/2022\/04\/ldm-300x185.jpeg 300w, https:\/\/www.dr-mfo.com\/wp-content\/uploads\/2022\/04\/ldm-768x475.jpeg 768w\" sizes=\"(max-width: 825px) 100vw, 825px\" \/>\t\t\t\t\t\t\t\t\t\t\t\t\t\t\t<\/div>\n\t\t\t\t\t<\/div>\n\t\t<\/div>\n\t\t\t\t\t<\/div>\n\t\t<\/section>\n\t\t\t\t<\/div>","protected":false},"excerpt":{"rendered":"<p>Aftercare We are well aware that every patient&#8217;s story is unique and there are three chapters. Precare period, preparation for surgery. Postcare period, care after surgery. Aftercare period, when the patients arrived in their countries with minds at peace. First 24 hours By providing personal nurses during the patient&#8217;s hospitalizations we aim for maximum comfort [&hellip;]<\/p>\n","protected":false},"author":2,"featured_media":0,"parent":0,"menu_order":0,"comment_status":"closed","ping_status":"closed","template":"","meta":{"_acf_changed":false,"footnotes":""},"class_list":["post-2461","page","type-page","status-publish","hentry"],"acf":[],"_links":{"self":[{"href":"https:\/\/www.dr-mfo.com\/nl\/wp-json\/wp\/v2\/pages\/2461","targetHints":{"allow":["GET"]}}],"collection":[{"href":"https:\/\/www.dr-mfo.com\/nl\/wp-json\/wp\/v2\/pages"}],"about":[{"href":"https:\/\/www.dr-mfo.com\/nl\/wp-json\/wp\/v2\/types\/page"}],"author":[{"embeddable":true,"href":"https:\/\/www.dr-mfo.com\/nl\/wp-json\/wp\/v2\/users\/2"}],"replies":[{"embeddable":true,"href":"https:\/\/www.dr-mfo.com\/nl\/wp-json\/wp\/v2\/comments?post=2461"}],"version-history":[{"count":0,"href":"https:\/\/www.dr-mfo.com\/nl\/wp-json\/wp\/v2\/pages\/2461\/revisions"}],"wp:attachment":[{"href":"https:\/\/www.dr-mfo.com\/nl\/wp-json\/wp\/v2\/media?parent=2461"}],"curies":[{"name":"wp","href":"https:\/\/api.w.org\/{rel}","templated":true}]}}