{"id":2697,"date":"2022-04-15T00:11:53","date_gmt":"2022-04-14T23:11:53","guid":{"rendered":"https:\/\/www.dr-mfo.com\/?page_id=2697"},"modified":"2026-02-22T11:18:36","modified_gmt":"2026-02-22T11:18:36","slug":"drmfo","status":"publish","type":"page","link":"https:\/\/www.dr-mfo.com\/nl\/drmfo\/","title":{"rendered":"Dokter MFO"},"content":{"rendered":"<div data-elementor-type=\"wp-page\" data-elementor-id=\"2697\" class=\"elementor elementor-2697\">\n\t\t\t\t\t\t<section class=\"elementor-section elementor-top-section elementor-element elementor-element-a201216 elementor-section-boxed elementor-section-height-default elementor-section-height-default\" data-id=\"a201216\" data-element_type=\"section\" data-e-type=\"section\">\n\t\t\t\t\t\t<div class=\"elementor-container elementor-column-gap-default\">\n\t\t\t\t\t<div class=\"elementor-column elementor-col-100 elementor-top-column elementor-element elementor-element-f4aa950\" data-id=\"f4aa950\" data-element_type=\"column\" data-e-type=\"column\">\n\t\t\t<div class=\"elementor-widget-wrap elementor-element-populated\">\n\t\t\t\t\t\t<div class=\"elementor-element elementor-element-e99d5d7 elementor-widget-divider--view-line elementor-widget elementor-widget-divider\" data-id=\"e99d5d7\" data-element_type=\"widget\" data-e-type=\"widget\" data-widget_type=\"divider.default\">\n\t\t\t\t\t\t\t<div class=\"elementor-divider\">\n\t\t\t<span class=\"elementor-divider-separator\">\n\t\t\t\t\t\t<\/span>\n\t\t<\/div>\n\t\t\t\t\t\t<\/div>\n\t\t\t\t<div class=\"elementor-element elementor-element-8a0c812 elementor-widget-divider--view-line elementor-widget elementor-widget-divider\" data-id=\"8a0c812\" data-element_type=\"widget\" data-e-type=\"widget\" data-widget_type=\"divider.default\">\n\t\t\t\t\t\t\t<div class=\"elementor-divider\">\n\t\t\t<span class=\"elementor-divider-separator\">\n\t\t\t\t\t\t<\/span>\n\t\t<\/div>\n\t\t\t\t\t\t<\/div>\n\t\t\t\t<div class=\"elementor-element elementor-element-20f3968 elementor-widget-divider--view-line elementor-widget elementor-widget-divider\" data-id=\"20f3968\" data-element_type=\"widget\" data-e-type=\"widget\" data-widget_type=\"divider.default\">\n\t\t\t\t\t\t\t<div class=\"elementor-divider\">\n\t\t\t<span class=\"elementor-divider-separator\">\n\t\t\t\t\t\t<\/span>\n\t\t<\/div>\n\t\t\t\t\t\t<\/div>\n\t\t\t\t<div class=\"elementor-element elementor-element-2969bb0 elementor-widget elementor-widget-heading\" data-id=\"2969bb0\" data-element_type=\"widget\" data-e-type=\"widget\" data-widget_type=\"heading.default\">\n\t\t\t\t\t<h2 class=\"elementor-heading-title elementor-size-xl\">Dokter MFO<\/h2>\t\t\t\t<\/div>\n\t\t\t\t<div class=\"elementor-element elementor-element-bc160d6 elementor-widget-divider--view-line elementor-widget elementor-widget-divider\" data-id=\"bc160d6\" data-element_type=\"widget\" data-e-type=\"widget\" data-widget_type=\"divider.default\">\n\t\t\t\t\t\t\t<div class=\"elementor-divider\">\n\t\t\t<span class=\"elementor-divider-separator\">\n\t\t\t\t\t\t<\/span>\n\t\t<\/div>\n\t\t\t\t\t\t<\/div>\n\t\t\t\t\t<\/div>\n\t\t<\/div>\n\t\t\t\t\t<\/div>\n\t\t<\/section>\n\t\t\t\t<section class=\"elementor-section elementor-top-section elementor-element elementor-element-4827cd0 elementor-section-boxed elementor-section-height-default elementor-section-height-default\" data-id=\"4827cd0\" data-element_type=\"section\" data-e-type=\"section\">\n\t\t\t\t\t\t<div class=\"elementor-container elementor-column-gap-default\">\n\t\t\t\t\t<div class=\"elementor-column elementor-col-50 elementor-top-column elementor-element elementor-element-4625e73\" data-id=\"4625e73\" data-element_type=\"column\" data-e-type=\"column\">\n\t\t\t<div class=\"elementor-widget-wrap elementor-element-populated\">\n\t\t\t\t\t\t<div class=\"elementor-element elementor-element-333caa7 elementor-widget elementor-widget-image\" data-id=\"333caa7\" data-element_type=\"widget\" data-e-type=\"widget\" data-widget_type=\"image.default\">\n\t\t\t\t\t\t\t\t\t\t\t\t\t\t\t<img fetchpriority=\"high\" decoding=\"async\" width=\"1372\" height=\"1920\" src=\"https:\/\/www.dr-mfo.com\/wp-content\/uploads\/2021\/11\/MFO1.jpg\" class=\"attachment-full size-full wp-image-1052\" alt=\"Mehmet Fatih Okyay MD FEBOPRAS\" srcset=\"https:\/\/www.dr-mfo.com\/wp-content\/uploads\/2021\/11\/MFO1.jpg.avif 1372w, https:\/\/www.dr-mfo.com\/wp-content\/uploads\/2021\/11\/MFO1-214x300.jpg.avif 214w, https:\/\/www.dr-mfo.com\/wp-content\/uploads\/2021\/11\/MFO1-732x1024.jpg.avif 732w, https:\/\/www.dr-mfo.com\/wp-content\/uploads\/2021\/11\/MFO1-768x1075.jpg.avif 768w, https:\/\/www.dr-mfo.com\/wp-content\/uploads\/2021\/11\/MFO1-1097x1536.jpg.avif 1097w, https:\/\/www.dr-mfo.com\/wp-content\/uploads\/2021\/11\/MFO1-1463x2048.jpg.avif 1463w\" sizes=\"(max-width: 1372px) 100vw, 1372px\" \/>\t\t\t\t\t\t\t\t\t\t\t\t\t\t\t<\/div>\n\t\t\t\t<div class=\"elementor-element elementor-element-3725f28 elementor-widget elementor-widget-heading\" data-id=\"3725f28\" data-element_type=\"widget\" data-e-type=\"widget\" data-widget_type=\"heading.default\">\n\t\t\t\t\t<h2 class=\"elementor-heading-title elementor-size-medium\"><i><span style=\"font-size: 14pt;, serif\">Mehmet Fatih Okyay, MD<br>Europees en Turks gecertificeerd<\/span><\/i><br><i><span style=\"font-size: 14pt;, serif\">Specialist in plastische chirurgie<\/span><\/i><\/h2>\t\t\t\t<\/div>\n\t\t\t\t\t<\/div>\n\t\t<\/div>\n\t\t\t\t<div class=\"elementor-column elementor-col-50 elementor-top-column elementor-element elementor-element-b0a5d96\" data-id=\"b0a5d96\" data-element_type=\"column\" data-e-type=\"column\">\n\t\t\t<div class=\"elementor-widget-wrap elementor-element-populated\">\n\t\t\t\t\t\t<div class=\"elementor-element elementor-element-5b9a95b elementor-widget elementor-widget-text-editor\" data-id=\"5b9a95b\" data-element_type=\"widget\" data-e-type=\"widget\" data-widget_type=\"text-editor.default\">\n\t\t\t\t\t\t\t\t\t<p><span style=\"color: #000000;\"><a href=\"https:\/\/www.dr-mfo.com\/nl\/who-is-drmfo\/\">Mehmet Fatih Okyay<\/a>, MD, FEBOPRAS behaalde de 8e plaats in zijn termijn bij het Turkse medische specialisatie-examen.<\/span><\/p><p><span style=\"color: #000000;\">Hij voltooide een opleiding tot plastische, reconstructieve en esthetische chirurg aan de wereldberoemde medische faculteit Cerrahpa\u015fa van de Universiteit van Istanbul.<\/span><\/p><p><span style=\"color: #000000;\">Hij ontving de Fellowship of the European Board of Plastic, Reconstructive and Aesthetic Surgeons (FEBOPRAS)-prijs, uitgereikt door de European Association of Medical Specialists in termen van kwaliteitsequivalentie, 2018, Brussel.<\/span><\/p><p><span style=\"color: #000000;\">Dankzij deze prijs werd hem datzelfde jaar ook de Fellow of the Turkish Board of Plastic, Reconstructive and Aesthetic Surgeons (Turkse Raad)-prijs toegekend door de Turkse Vereniging voor Plastische, Reconstructieve en Esthetische Chirurgie.<\/span><\/p><p><span style=\"color: #000000;\">Op 1 juni 2021 richtte hij als eigenaar Dr. MFO Clinic op.<\/span><span style=\"color: #000000;\"><br \/><\/span><\/p><p><span style=\"color: #000000;\">Tijdens zijn carri\u00e8re nam hij deel aan veel wetenschappelijke bijeenkomsten en nam hij deel aan de organiserende commissies. Hij had de mogelijkheid om in sommige van hen spreker te zijn.<\/span><\/p><p><span style=\"color: #000000;\">Met zijn 10 jaar ervaring in plastische chirurgie is hij zeer ge\u00efnteresseerd in\u00a0<\/span><span style=\"color: #000000;\">\u00a0<\/span><span style=\"color: #000000;\"><a href=\"https:\/\/www.dr-mfo.com\/nl\/facelift-surgery\/\">facelift<\/a>, neusesthetiek, <a href=\"https:\/\/www.dr-mfo.com\/nl\/ffs-facial-feminization-surgery\/\">gezichtsfeminisering<\/a> operaties in de gezichtsesthetiek, <\/span><span style=\"color: #000000;\"><a href=\"https:\/\/www.dr-mfo.com\/nl\/tummy-tuck-abdominoplastia\/\">buikwandcorrectie<\/a>, Liposuctie, lichaamsvorming bij cosmetische chirurgie en cosmetische borstoperaties.<\/span><\/p><p><span style=\"color: #000000;\">Hij is permanent lid van de International Society of Aesthetic Surgeons (ISAPS), de Turkish Plastic Surgery Association (TSPRAS) en de Turkish Aesthetic Plastic Surgery Association (TSAPS).<\/span><\/p><p><span style=\"color: #000000;\">Hij spreekt academisch Engels en vloeiend Spaans. Hij spreekt ook Frans op gemiddeld niveau.<\/span><\/p><p><span style=\"color: #000000;\">Hij is een liedjesschrijver en dichter, en speelt klassieke gitaar, ney en elektrische gitaar.<\/span><\/p><p><span style=\"color: #000000;\">Hij is getrouwd en heeft twee kinderen.<\/span><\/p>\t\t\t\t\t\t\t\t<\/div>\n\t\t\t\t\t<\/div>\n\t\t<\/div>\n\t\t\t\t\t<\/div>\n\t\t<\/section>\n\t\t\t\t<section class=\"elementor-section elementor-top-section elementor-element elementor-element-b122be9 elementor-section-boxed elementor-section-height-default elementor-section-height-default\" data-id=\"b122be9\" data-element_type=\"section\" data-e-type=\"section\">\n\t\t\t\t\t\t<div class=\"elementor-container elementor-column-gap-default\">\n\t\t\t\t\t<div class=\"elementor-column elementor-col-100 elementor-top-column elementor-element elementor-element-b44ef05\" data-id=\"b44ef05\" data-element_type=\"column\" data-e-type=\"column\">\n\t\t\t<div class=\"elementor-widget-wrap elementor-element-populated\">\n\t\t\t\t\t\t<div class=\"elementor-element elementor-element-cc29b59 elementor-widget elementor-widget-heading\" data-id=\"cc29b59\" data-element_type=\"widget\" data-e-type=\"widget\" data-widget_type=\"heading.default\">\n\t\t\t\t\t<h2 class=\"elementor-heading-title elementor-size-xl\">Prijzen<\/h2>\t\t\t\t<\/div>\n\t\t\t\t<div class=\"elementor-element elementor-element-5791465 elementor-widget elementor-widget-text-editor\" data-id=\"5791465\" data-element_type=\"widget\" data-e-type=\"widget\" data-widget_type=\"text-editor.default\">\n\t\t\t\t\t\t\t\t\t<p style=\"margin: 0cm 0cm 0cm 18pt; font-size: 12pt; font-family: 'Courier New'; color: #000000; text-indent: -18pt;\"><span style=\"font-family: Verdana, sans-serif; font-size: 10.5pt; color: #000000;\">Fellow van de European Board of Plastic, Reconstructive &amp; Aesthetic Surgery, april 2018, Brussel.<\/span><\/p><p style=\"margin: 0cm; font-size: 12pt; font-family: 'Courier New'; color: #000000;\"><span style=\"font-size: 10.5pt; font-family: Verdana, sans-serif; color: #000000;\">Fellow van de Turkse Raad voor Plastische, Reconstructieve en Esthetische Chirurgie, april 2018 <a href=\"https:\/\/www.dr-mfo.com\/nl\/hidden-paradise-antalya-and-touristic-feautures\/\">Antalya<\/a>.<\/span><\/p>\t\t\t\t\t\t\t\t<\/div>\n\t\t\t\t<div class=\"elementor-element elementor-element-4a7911a elementor-widget elementor-widget-heading\" data-id=\"4a7911a\" data-element_type=\"widget\" data-e-type=\"widget\" data-widget_type=\"heading.default\">\n\t\t\t\t\t<h2 class=\"elementor-heading-title elementor-size-xl\">Artikelen<\/h2>\t\t\t\t<\/div>\n\t\t\t\t<div class=\"elementor-element elementor-element-cd44ada elementor-widget elementor-widget-text-editor\" data-id=\"cd44ada\" data-element_type=\"widget\" data-e-type=\"widget\" data-widget_type=\"text-editor.default\">\n\t\t\t\t\t\t\t\t\t<p><strong>Ok\u00e9 MF<\/strong>, K\u00f6m\u00fcrc\u00fc H, Ba\u011fhaki S, Demir\u00f6z A, Ayd\u0131n \u00d6, Arslan H. Effecten van insuline, metoprolol en deferoxamine op de overleving van vettransplantaten. Esthetische Plastische Chirurgie. 2019;43(3):845-852. DOI: 10.1007\/s00266-019-01363-z.<\/p><p><strong>Ok\u00e9 MF<\/strong>, Oztermeli A. Evaluatie van het effect van metoprololdosering op de overleving van vettransplantaten. Aesthetic Plast Surg. 22 feb. 2023. doi: 10.1007\/s00266-023-03271-9. Epub v\u00f3\u00f3r druk. PMID: 36811670.<\/p>\t\t\t\t\t\t\t\t<\/div>\n\t\t\t\t<div class=\"elementor-element elementor-element-ea76dad elementor-widget elementor-widget-heading\" data-id=\"ea76dad\" data-element_type=\"widget\" data-e-type=\"widget\" data-widget_type=\"heading.default\">\n\t\t\t\t\t<h2 class=\"elementor-heading-title elementor-size-xl\">Lidmaatschappen van de vereniging<\/h2>\t\t\t\t<\/div>\n\t\t\t\t<div class=\"elementor-element elementor-element-0d97185 elementor-widget elementor-widget-text-editor\" data-id=\"0d97185\" data-element_type=\"widget\" data-e-type=\"widget\" data-widget_type=\"text-editor.default\">\n\t\t\t\t\t\t\t\t\t<p style=\"margin: 0cm 0cm 0cm 18pt; font-size: 12pt; font-family: 'Courier New'; color: #000000; text-indent: -18pt; text-align: left;\"><span style=\"font-family: Verdana, sans-serif; font-size: 10pt; text-indent: -18pt; color: #000000;\">Turkse Vereniging voor Plastische, Reconstructieve en Esthetische Chirurgie, 2018<\/span><\/p><p style=\"margin: 0cm 0cm 0cm 18pt; font-size: 12pt; font-family: 'Courier New'; color: #000000; text-indent: -18pt; text-align: left;\"><span style=\"font-size: 10pt; font-family: Verdana, sans-serif; color: #000000;\">Internationale Vereniging voor Esthetische Plastische Chirurgie, 2018<\/span><\/p><p style=\"margin: 0cm 0cm 0cm 18pt; font-size: 12pt; font-family: 'Courier New'; color: #000000; text-indent: -18pt; text-align: left;\"><span style=\"font-size: 10pt; font-family: Verdana, sans-serif; color: #000000;\">Turkse Vereniging voor Esthetische Plastische Chirurgie, 2019<\/span><\/p>\t\t\t\t\t\t\t\t<\/div>\n\t\t\t\t<div class=\"elementor-element elementor-element-acd8d49 elementor-widget elementor-widget-heading\" data-id=\"acd8d49\" data-element_type=\"widget\" data-e-type=\"widget\" data-widget_type=\"heading.default\">\n\t\t\t\t\t<h2 class=\"elementor-heading-title elementor-size-xl\">Bijgewoonde wetenschappelijke bijeenkomsten<\/h2>\t\t\t\t<\/div>\n\t\t\t\t<div class=\"elementor-element elementor-element-84504c4 elementor-widget elementor-widget-text-editor\" data-id=\"84504c4\" data-element_type=\"widget\" data-e-type=\"widget\" data-widget_type=\"text-editor.default\">\n\t\t\t\t\t\t\t\t\t<p style=\"margin: 0cm; font-size: 12pt; font-family: 'Courier New'; color: #000000;\"><span style=\"font-size: 10.5pt; font-family: Verdana, sans-serif;\">Universiteit van Istanbul, Cerrahpa\u015fa Medische Faculteit, Plastische, Reconstructieve en Esthetische Chirurgie, 10e Plastische Chirurgie Dagen Symposium, 2013, Istanbul, TURKIJE\u00a0<span style=\"font-weight: bold;\">Organisatiecomit\u00e9<\/span><\/span><\/p><p style=\"margin: 0cm; font-size: 12pt; font-family: 'Courier New'; color: #000000; text-align: left;\"><span style=\"font-size: 10.5pt; font-family: Verdana, sans-serif; color: #000000;\">Universiteit van Istanbul, Cerrahpa\u015fa Medische Faculteit, Plastische, Reconstructieve en Esthetische Chirurgie, 11e Plastische Chirurgie Dagen Symposium, 2014, Istanbul, TURKIJE <b>Organisatiecomit\u00e9<\/b><\/span><\/p><p style=\"margin: 0cm; font-size: 12pt; font-family: 'Courier New'; color: #000000; text-align: left;\"><span style=\"font-size: 10pt; font-family: Verdana, sans-serif; color: #000000;\">Turkse Vereniging voor Plastische, Reconstructieve en Esthetische Chirurgie, 36e Nationaal Congres, 2014, Istanbul, T\u00dcRK\u0130YE, Baghaki S, Cevirme MF, Kucuksucu MA, <b>Ok\u00e9 MF<\/b>, Yildiz TF, Aydin Y, Posteriore Intercostale Arterie Gebaseerde Perforator Propeller Flappen bij Meningomyelosel Defecten.<\/span><\/p><p style=\"margin: 0cm; font-size: 12pt; font-family: 'Courier New'; color: #000000; text-align: left;\"><span style=\"font-size: 10pt; font-family: Verdana, sans-serif; color: #000000;\">Turkse Vereniging voor Plastische, Reconstructieve en Esthetische Chirurgie, 36e Nationaal Congres, 2014, Istanbul, T\u00dcRK\u0130YE, Sahin U, Cebi G, Cevirme MF, Kucuksucu MA, Ercan A, <b>Ok\u00e9 MF<\/b>, Khankishiyev R, Baghaki S. Perforatorkleppen in parasacrale en gluteale gebiedsdefecten.<\/span><\/p><p style=\"margin: 0cm; font-size: 12pt; font-family: 'Courier New'; color: #000000; text-align: left;\"><span style=\"font-size: 10.5pt; font-family: Verdana, sans-serif; color: #000000;\">Universiteit van Istanbul, Cerrahpa\u015fa Medische Faculteit, Plastische, Reconstructieve en Esthetische Chirurgie, 12e Plastische Chirurgie Dagen Symposium, 2015, Istanbul, TURKIJE <b>Organisatiecomit\u00e9<\/b><\/span><\/p><p style=\"margin: 0cm; font-size: 12pt; font-family: 'Courier New'; color: #000000; text-align: left;\"><span style=\"font-size: 10.5pt; font-family: Verdana, sans-serif; color: #000000;\">Universiteit van Istanbul, Cerrahpa\u015fa Medische Faculteit, Plastische, Reconstructieve en Esthetische Chirurgie, 13e Plastische Chirurgie Dagen Symposium, 2016, Istanbul, TURKIJE <b>Organisatiecomit\u00e9<\/b><\/span><\/p><p style=\"margin: 0cm; font-size: 12pt; font-family: 'Courier New'; color: #000000; text-align: left;\"><span style=\"color: #000000;\"><span style=\"font-size: 10pt; font-family: Verdana, sans-serif;\">Internationaal congres van de Europese Federatie van Verenigingen voor Microchirurgie. 2016, Antalya, TURKIJE, Demiroz A, <b>Okyay MF (als presentator),<\/b> Yalcin MA, Baghaki S, Arslan H, Turkmen A, Aydin Y. Onze ervaring met anterolaterale dijbeenvrije flappen.<\/span><b><\/b><\/span><\/p><p style=\"margin: 0cm; font-size: 12pt; font-family: 'Courier New'; color: #000000; text-align: left;\"><span style=\"font-size: 10pt; font-family: Verdana, sans-serif; color: #000000;\">Turkse Vereniging voor Plastische, Reconstructieve en Esthetische Chirurgie, 38e Nationaal Congres, 2016, Antalya, T\u00dcRK\u0130YE, K\u00f6m\u00fcrc\u00fc H, \u015eahin U, <b>Ok\u00e9 MF<\/b>, Suleymanov S, Ercan A, Ba\u011fhaki S. Onze ervaringen met chirurgische behandeling van het cubitale tunnelsyndroom.<\/span><\/p><p style=\"margin: 0cm; font-size: 12pt; font-family: 'Courier New'; color: #000000; text-align: left;\"><span style=\"font-size: 10pt; font-family: Verdana, sans-serif; color: #000000;\">Turkse Vereniging voor Esthetische Plastische Chirurgie, 20e Nationaal Congres, 2016, Istanbul, T\u00dcRK\u0130YE. <b>Ok\u00e9 MF<\/b>, Demiroz A, Sahin U, Cetinkale O. \u0130nsidental \u0130n situ lob\u00fcler karsinoma on bilaterale borstverkleining uitgevoerde pati\u00ebnt: casusrapport.<\/span><\/p><p style=\"margin: 0cm; font-size: 12pt; font-family: 'Courier New'; color: #000000; text-align: left;\"><span style=\"font-size: 10pt; font-family: Verdana, sans-serif; color: #000000;\">Turkse Vereniging voor Plastische, Reconstructieve en Esthetische Chirurgie, 38e Nationaal Congres, 2016, Antalya, TURKIJE, <b>Okyay MF (als presentator),<\/b> K\u00fc\u00e7\u00fcksucu MA, Ba\u011fhaki S, Demir\u00f6z A, Khankishiyev R, \u015eahin U, K\u00f6m\u00fcrc\u00fc H, Suleymanov S, Y\u0131ld\u0131z TF, \u00d6ner MB, Da\u011fhan B. Pathologische diagnose? Klinische diagnose? Atypisch geplaatste BCC op recidief van chondro\u00efde syringoom bij oude gediagnosticeerde pati\u00ebnt.<\/span><\/p><p style=\"margin: 0cm; font-size: 12pt; font-family: 'Courier New'; color: #000000; text-align: left;\"><span style=\"font-size: 10.5pt; font-family: Verdana, sans-serif; color: #000000;\">Universiteit van Istanbul, Cerrahpa\u015fa Medische Faculteit, Plastische, Reconstructieve en Esthetische Chirurgie, 14e Plastische Chirurgie Dagen Symposium, 2017, Istanbul, TURKIJE <b>Organisatie<\/b> <b>Commissie<\/b><\/span><\/p><p style=\"margin: 0cm; font-size: 12pt; font-family: 'Courier New'; color: #000000; text-align: left;\"><span style=\"font-size: 10.5pt; font-family: Verdana, sans-serif; color: #000000;\">Universiteit van Istanbul, Cerrahpa\u015fa Medische Faculteit, Plastische, Reconstructieve en Esthetische Chirurgie, 15e Plastische Chirurgie Dagen Symposium, 2018, Istanbul, TURKIJE <b>Organisatie<\/b> <b>Commissie<\/b><\/span><\/p><p style=\"margin: 0cm; font-size: 12pt; font-family: 'Courier New'; color: #000000; text-align: left;\"><span style=\"color: #000000;\"><span style=\"font-size: 10pt; font-family: Verdana, sans-serif;\">Turkse Vereniging voor Plastische, Reconstructieve en Esthetische Chirurgie, 40e Nationaal Congres, 2018, Antalya, <\/span><span style=\"font-size: 10.5pt; font-family: Verdana, sans-serif;\">TURKIJE<\/span><span style=\"font-size: 10pt; font-family: Verdana, sans-serif;\">, <b>Okyay MF (als presentator),<\/b> K\u00f6m\u00fcrc\u00fc H, Ba\u011fhaki S, Demiroz A, Ovgu A, Arslan H. <\/span><span style=\"font-size: 10pt; font-family: Verdana, sans-serif;\">Effecten van insuline, metoprolol en deferoxamine op de overleving van vettransplantaten<\/span><span style=\"font-size: 10pt; font-family: Verdana, sans-serif;\">.<\/span><\/span><\/p><p style=\"margin: 0cm; font-size: 12pt; font-family: 'Courier New'; color: #000000; text-align: left;\"><span style=\"font-size: 10pt; font-family: Verdana, sans-serif; color: #000000;\">Turkse Vereniging voor Plastische, Reconstructieve en Esthetische Chirurgie, 44e Nationaal Congres, 2022, Antalya, TURKIJE, <b>Okyay MF (als presentator),<\/b> 3D-evaluatie van zygomaticomaxillaire complexe fracturen.<\/span><\/p>\t\t\t\t\t\t\t\t<\/div>\n\t\t\t\t<div class=\"elementor-element elementor-element-64b61e9 elementor-widget elementor-widget-heading\" data-id=\"64b61e9\" data-element_type=\"widget\" data-e-type=\"widget\" data-widget_type=\"heading.default\">\n\t\t\t\t\t<h2 class=\"elementor-heading-title elementor-size-xl\">Gevolgde cursussen<\/h2>\t\t\t\t<\/div>\n\t\t\t\t<div class=\"elementor-element elementor-element-48dbcd5 elementor-widget elementor-widget-text-editor\" data-id=\"48dbcd5\" data-element_type=\"widget\" data-e-type=\"widget\" data-widget_type=\"text-editor.default\">\n\t\t\t\t\t\t\t\t\t<p style=\"margin: 0cm 0cm 0cm 18pt; font-size: 12pt; font-family: 'Courier New'; color: #000000; text-indent: -18pt; text-align: left;\"><span style=\"font-family: Verdana, sans-serif; font-size: 10pt; text-indent: -18pt; color: #000000;\">Certificaat voor experimenteel diergebruik, Universiteit van Istanbul, 2015<\/span><\/p><p style=\"margin: 0cm 0cm 0cm 18pt; font-size: 12pt; font-family: 'Courier New'; color: #000000; text-indent: -18pt; text-align: left;\"><span style=\"font-size: 10.5pt; font-family: Verdana, sans-serif; color: #000000;\">ISAPS 8e Euraziatische cursus, 2016, Istanbul, T\u00dcRK\u0130YE<\/span><\/p><p style=\"margin: 0cm; font-size: 12pt; font-family: 'Courier New'; color: #000000; text-align: left;\"><span style=\"font-size: 10.5pt; font-family: Verdana, sans-serif; color: #000000;\">27e basiscursus microchirurgie 2016, Istanbul, T\u00dcRK\u0130YE<\/span><\/p><p style=\"margin: 0cm; font-size: 12pt; font-family: 'Courier New'; color: #000000; text-align: left;\"><span style=\"color: #000000;\"><span style=\"font-size: 10pt; font-family: Verdana, sans-serif;\">Turkse Vereniging voor Plastische, Reconstructieve en Esthetische Chirurgie,<\/span><span style=\"font-size: 10.5pt; font-family: Verdana, sans-serif;\"> 2e cursus gezichtsesthetiek, 2016, Ankara, TURKIJE<\/span><\/span><\/p><p style=\"margin: 0cm 0cm 0cm 18pt; font-size: 12pt; font-family: 'Courier New'; color: #000000; text-indent: -18pt; text-align: left;\"><span style=\"font-size: 10.5pt; font-family: Verdana, sans-serif; color: #000000;\">ISAPS 9e Euraziatische cursus 2017, Istanbul, T\u00dcRK\u0130YE<\/span><\/p><p style=\"margin: 0cm 0cm 0cm 18pt; font-size: 12pt; font-family: 'Courier New'; color: #000000; text-indent: -18pt; text-align: left;\"><span style=\"font-size: 10.5pt; font-family: Verdana, sans-serif; color: #000000;\"><a href=\"https:\/\/www.dr-mfo.com\/nl\/nose-job-rhinoplasty\/\">Neuscorrectie<\/a> Society of Europe Live Surgery Course, 2017, Istanbul, TURKIJE<\/span><\/p><p style=\"margin: 0cm 0cm 0cm 18pt; font-size: 12pt; font-family: 'Courier New'; color: #000000; text-indent: -18pt; text-align: left;\"><span style=\"font-size: 10.5pt; font-family: Verdana, sans-serif; color: #000000;\">ISAPS 10e Euraziatische cursus, 2018, Istanbul, T\u00dcRK\u0130YE<\/span><\/p><p style=\"margin: 0cm 0cm 0cm 18pt; font-size: 12pt; font-family: 'Courier New'; color: #000000; text-indent: -18pt; text-align: left;\"><span style=\"font-size: 10.5pt; font-family: Verdana, sans-serif; color: #000000;\">Cerkes Open Neuscorrectiecursus, 2018, Istanbul, T\u00dcRK\u0130YE<\/span><\/p><p style=\"margin: 0cm; font-size: 12pt; font-family: 'Courier New'; color: #000000; text-align: left;\"><span style=\"font-size: 10pt; font-family: Verdana, sans-serif; color: #000000;\">Turkse Vereniging voor Plastische, Reconstructieve en Esthetische Chirurgie, 10e Residentiecursus Plastische Chirurgie, 2018, Antalya, TURKIJE<\/span><\/p>\t\t\t\t\t\t\t\t<\/div>\n\t\t\t\t\t<\/div>\n\t\t<\/div>\n\t\t\t\t\t<\/div>\n\t\t<\/section>\n\t\t\t\t<\/div>","protected":false},"excerpt":{"rendered":"<p>Dr. MFO Mehmet Fatih Okyay, MDEuropean &amp; Turkish Board CertifiedPlastic Surgery Specialist Mehmet Fatih Okyay, MD, FEBOPRAS ranked 8th in his term in the Turkish Medical Specialization Examination. He completed a Plastic, Reconstructive, and Aesthetic Surgery residency at the world-renowned Istanbul University, Cerrahpa\u015fa Faculty of Medicine. He was awarded as the Fellow of the European [&hellip;]<\/p>\n","protected":false},"author":2,"featured_media":0,"parent":0,"menu_order":0,"comment_status":"closed","ping_status":"closed","template":"","meta":{"_acf_changed":false,"footnotes":""},"class_list":["post-2697","page","type-page","status-publish","hentry"],"acf":[],"_links":{"self":[{"href":"https:\/\/www.dr-mfo.com\/nl\/wp-json\/wp\/v2\/pages\/2697","targetHints":{"allow":["GET"]}}],"collection":[{"href":"https:\/\/www.dr-mfo.com\/nl\/wp-json\/wp\/v2\/pages"}],"about":[{"href":"https:\/\/www.dr-mfo.com\/nl\/wp-json\/wp\/v2\/types\/page"}],"author":[{"embeddable":true,"href":"https:\/\/www.dr-mfo.com\/nl\/wp-json\/wp\/v2\/users\/2"}],"replies":[{"embeddable":true,"href":"https:\/\/www.dr-mfo.com\/nl\/wp-json\/wp\/v2\/comments?post=2697"}],"version-history":[{"count":0,"href":"https:\/\/www.dr-mfo.com\/nl\/wp-json\/wp\/v2\/pages\/2697\/revisions"}],"wp:attachment":[{"href":"https:\/\/www.dr-mfo.com\/nl\/wp-json\/wp\/v2\/media?parent=2697"}],"curies":[{"name":"wp","href":"https:\/\/api.w.org\/{rel}","templated":true}]}}