{"id":2926,"date":"2022-05-02T12:21:01","date_gmt":"2022-05-02T11:21:01","guid":{"rendered":"https:\/\/www.dr-mfo.com\/?page_id=2926"},"modified":"2026-04-25T12:41:02","modified_gmt":"2026-04-25T11:41:02","slug":"kattenogen-operatie","status":"publish","type":"page","link":"https:\/\/www.dr-mfo.com\/nl\/cat-eyes-surgery\/","title":{"rendered":"Kattenogen"},"content":{"rendered":"<div data-elementor-type=\"wp-page\" data-elementor-id=\"2926\" class=\"elementor elementor-2926\">\n\t\t\t\t\t\t<section class=\"elementor-section elementor-top-section elementor-element elementor-element-9d726c2 elementor-section-boxed elementor-section-height-default elementor-section-height-default\" data-id=\"9d726c2\" data-element_type=\"section\" data-e-type=\"section\">\n\t\t\t\t\t\t<div class=\"elementor-container elementor-column-gap-default\">\n\t\t\t\t\t<div class=\"elementor-column elementor-col-100 elementor-top-column elementor-element elementor-element-b831747\" data-id=\"b831747\" data-element_type=\"column\" data-e-type=\"column\">\n\t\t\t<div class=\"elementor-widget-wrap elementor-element-populated\">\n\t\t\t\t\t\t<div class=\"elementor-element elementor-element-a7a13a0 elementor-widget-divider--view-line elementor-widget elementor-widget-divider\" data-id=\"a7a13a0\" data-element_type=\"widget\" data-e-type=\"widget\" data-widget_type=\"divider.default\">\n\t\t\t\t\t\t\t<div class=\"elementor-divider\">\n\t\t\t<span class=\"elementor-divider-separator\">\n\t\t\t\t\t\t<\/span>\n\t\t<\/div>\n\t\t\t\t\t\t<\/div>\n\t\t\t\t<div class=\"elementor-element elementor-element-aa9d076 elementor-widget-divider--view-line elementor-widget elementor-widget-divider\" data-id=\"aa9d076\" data-element_type=\"widget\" data-e-type=\"widget\" data-widget_type=\"divider.default\">\n\t\t\t\t\t\t\t<div class=\"elementor-divider\">\n\t\t\t<span class=\"elementor-divider-separator\">\n\t\t\t\t\t\t<\/span>\n\t\t<\/div>\n\t\t\t\t\t\t<\/div>\n\t\t\t\t<div class=\"elementor-element elementor-element-d0b5e7b elementor-widget-divider--view-line elementor-widget elementor-widget-divider\" data-id=\"d0b5e7b\" data-element_type=\"widget\" data-e-type=\"widget\" data-widget_type=\"divider.default\">\n\t\t\t\t\t\t\t<div class=\"elementor-divider\">\n\t\t\t<span class=\"elementor-divider-separator\">\n\t\t\t\t\t\t<\/span>\n\t\t<\/div>\n\t\t\t\t\t\t<\/div>\n\t\t\t\t<div class=\"elementor-element elementor-element-9bb1c7c elementor-widget-divider--view-line elementor-widget elementor-widget-divider\" data-id=\"9bb1c7c\" data-element_type=\"widget\" data-e-type=\"widget\" data-widget_type=\"divider.default\">\n\t\t\t\t\t\t\t<div class=\"elementor-divider\">\n\t\t\t<span class=\"elementor-divider-separator\">\n\t\t\t\t\t\t<\/span>\n\t\t<\/div>\n\t\t\t\t\t\t<\/div>\n\t\t\t\t<div class=\"elementor-element elementor-element-6d6f0c4 elementor-widget elementor-widget-image\" data-id=\"6d6f0c4\" data-element_type=\"widget\" data-e-type=\"widget\" data-widget_type=\"image.default\">\n\t\t\t\t\t\t\t\t\t\t\t\t\t\t\t<img decoding=\"async\" src=\"https:\/\/www.dr-mfo.com\/wp-content\/uploads\/elementor\/thumbs\/Cat-Eyes-qd1ludgjwyaw10e36hz4kpqww0rsegykuenv8meqzq.jpg\" title=\"Vosseoogchirurgie\" alt=\"Cat Eye-operatie\" loading=\"lazy\" \/>\t\t\t\t\t\t\t\t\t\t\t\t\t\t\t<\/div>\n\t\t\t\t<div class=\"elementor-element elementor-element-e223fc2 elementor-widget-divider--view-line elementor-widget elementor-widget-divider\" data-id=\"e223fc2\" data-element_type=\"widget\" data-e-type=\"widget\" data-widget_type=\"divider.default\">\n\t\t\t\t\t\t\t<div class=\"elementor-divider\">\n\t\t\t<span class=\"elementor-divider-separator\">\n\t\t\t\t\t\t<\/span>\n\t\t<\/div>\n\t\t\t\t\t\t<\/div>\n\t\t\t\t<div class=\"elementor-element elementor-element-6edff3c elementor-widget elementor-widget-heading\" data-id=\"6edff3c\" data-element_type=\"widget\" data-e-type=\"widget\" data-widget_type=\"heading.default\">\n\t\t\t\t\t<h2 class=\"elementor-heading-title elementor-size-xl\">Cat Eyes Chirurgie<\/h2>\t\t\t\t<\/div>\n\t\t\t\t<div class=\"elementor-element elementor-element-ebeedcc elementor-widget elementor-widget-text-editor\" data-id=\"ebeedcc\" data-element_type=\"widget\" data-e-type=\"widget\" data-widget_type=\"text-editor.default\">\n\t\t\t\t\t\t\t\t\t<p><span style=\"color: #000000;\">Een van de belangrijkste factoren die onze gezichtsschoonheid en esthetiek be\u00efnvloeden, is <a href=\"https:\/\/www.dr-mfo.com\/nl\/which-female-face-shape-is-most-attractive\/\">aantrekkelijk<\/a> uiterlijk. De zoektocht naar enigszins schuine en grote ogen, die ontstond met de esthetiek van amandelvormige ogen, begon kat- of vossenogen te worden genoemd met de toevoeging van wenkbrauwlift, tempellift en middengezichtslifting in de loop der tijd.<\/span><\/p><p><span style=\"color: #000000;\">Cat eye chirurgie is steeds populairder bij zowel mannen als vrouwen die er aantrekkelijk uit willen zien. Dankzij fox- of cat eye chirurgie kunnen upper-face en mid-face lift tegelijkertijd worden uitgevoerd, en kunnen verjonging, verfraaiing en aantrekkelijke looks tegelijkertijd worden bereikt.<\/span><\/p><p><span style=\"color: #000000;\">Tegenwoordig is een oogoperatie bij katten of vossen de gouden standaard geworden om van hangende oogleden en een slaperig en vermoeid uiterlijk af te komen en een jong, dynamisch en aantrekkelijk uiterlijk te krijgen.<\/span><\/p>\t\t\t\t\t\t\t\t<\/div>\n\t\t\t\t<div class=\"elementor-element elementor-element-cb758c9 elementor-widget elementor-widget-heading\" data-id=\"cb758c9\" data-element_type=\"widget\" data-e-type=\"widget\" data-widget_type=\"heading.default\">\n\t\t\t\t\t<h2 class=\"elementor-heading-title elementor-size-large\">In welke situaties wordt het toegepast?<\/h2>\t\t\t\t<\/div>\n\t\t\t\t<div class=\"elementor-element elementor-element-7cde0eb elementor-widget elementor-widget-text-editor\" data-id=\"7cde0eb\" data-element_type=\"widget\" data-e-type=\"widget\" data-widget_type=\"text-editor.default\">\n\t\t\t\t\t\t\t\t\t<ul><li><span style=\"color: #000000;\">Hangend ooglid<\/span><\/li><li><span style=\"color: #000000;\">Slaperige blik<\/span><\/li><li><span style=\"color: #000000;\">Vermoeide ogen<\/span><\/li><li><span style=\"color: #000000;\">Lage wenkbrauw<\/span><\/li><li><span style=\"color: #000000;\">Middengezicht en lage wangen<\/span><\/li><li><span style=\"color: #000000;\">Chirurgische planning<\/span><\/li><\/ul><p><span style=\"color: #000000;\">Het proces van cat eye chirurgie begint met de tekening die tijdens het consult met de arts is gemaakt. Voor de preoperatieve chirurgische planning wordt een tekening gemaakt en worden de geplande wenkbrauwhoogte, oogleden en mogelijke vorm van het oog, de hoogte en de verwachte plaatsing aan het einde van de operatie bepaald.<\/span><\/p><p><span style=\"color: #000000;\">Met een gedetailleerde chirurgische planning, een stevige operatie en goede nazorg is het mogelijk om binnen enkele weken grote veranderingen te bereiken.<\/span><\/p><p><span style=\"color: #000000;\">Cat eye of fox eye chirurgie, een van de populairste esthetische chirurgische ingrepen van de laatste jaren, is een toepassing met een hoge tevredenheidsgraad. Het kan een ideale oplossing bieden voor aantrekkelijke en krachtige looks voor mensen met hangende wenkbrauwen, hangende oogleden, slaperige en vermoeide uitstraling en lage wangen, en geeft bevredigende resultaten.<\/span><\/p>\t\t\t\t\t\t\t\t<\/div>\n\t\t\t\t<div class=\"elementor-element elementor-element-a3040c2 elementor-widget elementor-widget-heading\" data-id=\"a3040c2\" data-element_type=\"widget\" data-e-type=\"widget\" data-widget_type=\"heading.default\">\n\t\t\t\t\t<h2 class=\"elementor-heading-title elementor-size-large\">Voor de operatie<\/h2>\t\t\t\t<\/div>\n\t\t\t\t<div class=\"elementor-element elementor-element-9a63628 elementor-widget elementor-widget-text-editor\" data-id=\"9a63628\" data-element_type=\"widget\" data-e-type=\"widget\" data-widget_type=\"text-editor.default\">\n\t\t\t\t\t\t\t\t\t<p><span style=\"color: #000000;\">Er zijn een aantal aandoeningen waarmee rekening moet worden gehouden voordat een oogoperatie bij een kat wordt uitgevoerd door een specialist in plastische chirurgie. <a href=\"https:\/\/www.dr-mfo.com\/nl\/\">chirurg<\/a>. Mensen moeten hun verwachtingen en voorkeuren uiten tijdens het consult bij de dokter. Tijdens het consult worden factoren als wenkbrauwhoogte, plaatsing, vorm, uitbreiding naar het slaapgebied, wenkbrauwasymmetrie, lage wang en oogleden in overweging genomen. Gedetailleerde informatie over het operatieproces, technische informatie en het proces na de procedure wordt aan de pati\u00ebnten doorgegeven. De wenkbrauwen, ogen en wanggebieden, die er symmetrisch en natuurlijk uit moeten zien, moeten in harmonie zijn met de gezichtskenmerken van de persoon. <a href=\"https:\/\/www.dr-mfo.com\/nl\/who-is-drmfo\/\">Dokter MFO<\/a> zal u een spannend pad naar uw dromen tonen over wat er gedaan kan worden door uw verzoeken te evalueren op basis van uw anatomie.<\/span><\/p><p><span style=\"color: #000000;\">Zoals bij alle chirurgische ingrepen moet de consumptie van tabak en tabaksproducten, met name sigaretten, die de genezing van weefsels schaden en het risico op infecties vergroten door het zuurstofgehalte in het lichaam te verlagen, worden gestopt v\u00f3\u00f3r een cat eye-operatie. Deze periode beslaat 2-4 weken v\u00f3\u00f3r de operatie.<\/span><\/p><p><span style=\"color: #000000;\">Anticoagulantia, vitamines en kruidengeneesmiddelen mogen niet worden gebruikt binnen 7-10 dagen voor de operatie. Als u bekende aanvullende ziekten en medicijnen hebt die u regelmatig gebruikt, moet u deze met uw chirurg delen. Als u geen speciaal gezondheidsprobleem hebt, kan worden bepaald of u geschikt bent voor de operatie met de analyse die op de dag van de operatie wordt uitgevoerd. Nadat aan al deze criteria is voldaan, wordt de favoriete operatie van vrouwen die aandacht besteden aan hun fysieke verschijning en zich zowel sociaal als spiritueel goed willen voelen, met succes toegepast.<\/span><\/p>\t\t\t\t\t\t\t\t<\/div>\n\t\t\t\t<div class=\"elementor-element elementor-element-e7b309b elementor-widget elementor-widget-heading\" data-id=\"e7b309b\" data-element_type=\"widget\" data-e-type=\"widget\" data-widget_type=\"heading.default\">\n\t\t\t\t\t<h2 class=\"elementor-heading-title elementor-size-large\">Dingen om te overwegen op de dag van de operatie<\/h2>\t\t\t\t<\/div>\n\t\t\t\t<div class=\"elementor-element elementor-element-dce5b94 elementor-widget elementor-widget-text-editor\" data-id=\"dce5b94\" data-element_type=\"widget\" data-e-type=\"widget\" data-widget_type=\"text-editor.default\">\n\t\t\t\t\t\t\t\t\t<p><span style=\"color: #000000;\">Het is belangrijk om comfortabele kleding mee te nemen voor de postoperatieve periode. Het is ook aan te raden om de dag voor de operatie een warme douche te nemen met een antibacteri\u00eble zeep.<\/span><\/p><p><span style=\"color: #000000;\">Als u voedingssupplementen, kruidengeneesmiddelen, kruidenthee, bekende aanvullende ziekten of medicijnen die u regelmatig gebruikt, gebruikt, moet u deze delen met uw chirurg en zijn team. Als u geen speciaal gezondheidsprobleem hebt, kan worden bepaald of u geschikt bent voor de operatie met de analyse die op de dag van de operatie wordt uitgevoerd.<\/span><\/p>\t\t\t\t\t\t\t\t<\/div>\n\t\t\t\t<div class=\"elementor-element elementor-element-fcd1958 elementor-widget elementor-widget-heading\" data-id=\"fcd1958\" data-element_type=\"widget\" data-e-type=\"widget\" data-widget_type=\"heading.default\">\n\t\t\t\t\t<h2 class=\"elementor-heading-title elementor-size-large\">Na de operatie<\/h2>\t\t\t\t<\/div>\n\t\t\t\t<div class=\"elementor-element elementor-element-21fee00 elementor-widget elementor-widget-text-editor\" data-id=\"21fee00\" data-element_type=\"widget\" data-e-type=\"widget\" data-widget_type=\"text-editor.default\">\n\t\t\t\t\t\t\t\t\t<p><span style=\"color: #000000;\">U kunt binnen enkele dagen na de operatie weer beginnen met uw dagelijkse werkzaamheden. Op dezelfde manier kunt u zelfs op de eerste dag weer naar kantoorwerk, afhankelijk van de pijngrens van de mensen. Op de tweede dag kunt u douchen, inclusief het operatiegebied. Zware activiteiten moeten in de eerste week na de operatie worden vermeden.<\/span><\/p><p><span style=\"color: #000000;\">Tijdens een uitgebreide controle door uw chirurg, meestal op de derde dag na de operatie, krijgt u ook informatie over de uitslag.<\/span><\/p><p><span style=\"color: #000000;\">Aan het einde van de eerste week kunt u sportactiviteiten doen, zoals rustig wandelen. Vanaf de derde week kunt u weer volledig terugkeren naar uw sportleven.<\/span><\/p>\t\t\t\t\t\t\t\t<\/div>\n\t\t\t\t<div class=\"elementor-element elementor-element-05ec7b8 elementor-widget elementor-widget-image\" data-id=\"05ec7b8\" data-element_type=\"widget\" data-e-type=\"widget\" data-widget_type=\"image.default\">\n\t\t\t\t\t\t\t\t\t\t\t\t\t\t\t<img fetchpriority=\"high\" decoding=\"async\" width=\"298\" height=\"300\" src=\"https:\/\/www.dr-mfo.com\/wp-content\/uploads\/2022\/04\/fore-head-first-298x300.jpg\" class=\"attachment-medium size-medium wp-image-2423\" alt=\"Een close-up afbeelding van iemands gezicht met een hand die zachtjes op het voorhoofd is geplaatst. Dit is waarschijnlijk een afbeelding van een medisch onderzoek of een medische behandeling.\" srcset=\"https:\/\/www.dr-mfo.com\/wp-content\/uploads\/2022\/04\/fore-head-first-298x300.jpg.avif 298w, https:\/\/www.dr-mfo.com\/wp-content\/uploads\/2022\/04\/fore-head-first-150x150.jpg.avif 150w, https:\/\/www.dr-mfo.com\/wp-content\/uploads\/2022\/04\/fore-head-first-768x773.jpg.avif 768w, https:\/\/www.dr-mfo.com\/wp-content\/uploads\/2022\/04\/fore-head-first.jpg.avif 974w\" sizes=\"(max-width: 298px) 100vw, 298px\" \/>\t\t\t\t\t\t\t\t\t\t\t\t\t\t\t<\/div>\n\t\t\t\t\t<\/div>\n\t\t<\/div>\n\t\t\t\t\t<\/div>\n\t\t<\/section>\n\t\t\t\t<\/div>","protected":false},"excerpt":{"rendered":"<p>Cat Eyes Surgery One of the most important factors affecting our facial beauty and aesthetic appearance is attractive looks. The search for slightly slanting and large eyes, which emerged with almond eye aesthetics, started to be called cat or fox eye with the addition of eyebrow lift, temple lift, and mid-face lift over time. Cat [&hellip;]<\/p>\n","protected":false},"author":2,"featured_media":0,"parent":0,"menu_order":0,"comment_status":"closed","ping_status":"closed","template":"","meta":{"_acf_changed":false,"footnotes":""},"class_list":["post-2926","page","type-page","status-publish","hentry"],"acf":[],"_links":{"self":[{"href":"https:\/\/www.dr-mfo.com\/nl\/wp-json\/wp\/v2\/pages\/2926","targetHints":{"allow":["GET"]}}],"collection":[{"href":"https:\/\/www.dr-mfo.com\/nl\/wp-json\/wp\/v2\/pages"}],"about":[{"href":"https:\/\/www.dr-mfo.com\/nl\/wp-json\/wp\/v2\/types\/page"}],"author":[{"embeddable":true,"href":"https:\/\/www.dr-mfo.com\/nl\/wp-json\/wp\/v2\/users\/2"}],"replies":[{"embeddable":true,"href":"https:\/\/www.dr-mfo.com\/nl\/wp-json\/wp\/v2\/comments?post=2926"}],"version-history":[{"count":7,"href":"https:\/\/www.dr-mfo.com\/nl\/wp-json\/wp\/v2\/pages\/2926\/revisions"}],"predecessor-version":[{"id":27735,"href":"https:\/\/www.dr-mfo.com\/nl\/wp-json\/wp\/v2\/pages\/2926\/revisions\/27735"}],"wp:attachment":[{"href":"https:\/\/www.dr-mfo.com\/nl\/wp-json\/wp\/v2\/media?parent=2926"}],"curies":[{"name":"wp","href":"https:\/\/api.w.org\/{rel}","templated":true}]}}