{"id":814,"date":"2021-05-28T18:34:11","date_gmt":"2021-05-28T17:34:11","guid":{"rendered":"https:\/\/www.dr-mfo.com\/?page_id=814"},"modified":"2026-02-22T11:31:36","modified_gmt":"2026-02-22T11:31:36","slug":"been-esthetiek","status":"publish","type":"page","link":"https:\/\/www.dr-mfo.com\/nl\/leg-aesthetics\/","title":{"rendered":"Esthetiek van de benen"},"content":{"rendered":"<div data-elementor-type=\"wp-page\" data-elementor-id=\"814\" class=\"elementor elementor-814\">\n\t\t\t\t\t\t<section class=\"elementor-section elementor-top-section elementor-element elementor-element-1a7480c elementor-section-boxed elementor-section-height-default elementor-section-height-default\" data-id=\"1a7480c\" data-element_type=\"section\" data-e-type=\"section\">\n\t\t\t\t\t\t<div class=\"elementor-container elementor-column-gap-default\">\n\t\t\t\t\t<div class=\"elementor-column elementor-col-100 elementor-top-column elementor-element elementor-element-a5f800f\" data-id=\"a5f800f\" data-element_type=\"column\" data-e-type=\"column\">\n\t\t\t<div class=\"elementor-widget-wrap elementor-element-populated\">\n\t\t\t\t\t\t<div class=\"elementor-element elementor-element-a325b54 elementor-widget-divider--view-line elementor-widget elementor-widget-divider\" data-id=\"a325b54\" data-element_type=\"widget\" data-e-type=\"widget\" data-widget_type=\"divider.default\">\n\t\t\t\t\t\t\t<div class=\"elementor-divider\">\n\t\t\t<span class=\"elementor-divider-separator\">\n\t\t\t\t\t\t<\/span>\n\t\t<\/div>\n\t\t\t\t\t\t<\/div>\n\t\t\t\t<div class=\"elementor-element elementor-element-e2f9340 elementor-widget-divider--view-line elementor-widget elementor-widget-divider\" data-id=\"e2f9340\" data-element_type=\"widget\" data-e-type=\"widget\" data-widget_type=\"divider.default\">\n\t\t\t\t\t\t\t<div class=\"elementor-divider\">\n\t\t\t<span class=\"elementor-divider-separator\">\n\t\t\t\t\t\t<\/span>\n\t\t<\/div>\n\t\t\t\t\t\t<\/div>\n\t\t\t\t<div class=\"elementor-element elementor-element-87068d1 elementor-widget-divider--view-line elementor-widget elementor-widget-divider\" data-id=\"87068d1\" data-element_type=\"widget\" data-e-type=\"widget\" data-widget_type=\"divider.default\">\n\t\t\t\t\t\t\t<div class=\"elementor-divider\">\n\t\t\t<span class=\"elementor-divider-separator\">\n\t\t\t\t\t\t<\/span>\n\t\t<\/div>\n\t\t\t\t\t\t<\/div>\n\t\t\t\t<div class=\"elementor-element elementor-element-e57b97f elementor-widget-divider--view-line elementor-widget elementor-widget-divider\" data-id=\"e57b97f\" data-element_type=\"widget\" data-e-type=\"widget\" data-widget_type=\"divider.default\">\n\t\t\t\t\t\t\t<div class=\"elementor-divider\">\n\t\t\t<span class=\"elementor-divider-separator\">\n\t\t\t\t\t\t<\/span>\n\t\t<\/div>\n\t\t\t\t\t\t<\/div>\n\t\t\t\t<div class=\"elementor-element elementor-element-77d5870 elementor-widget elementor-widget-image\" data-id=\"77d5870\" data-element_type=\"widget\" data-e-type=\"widget\" data-widget_type=\"image.default\">\n\t\t\t\t\t\t\t\t\t\t\t\t\t\t\t<img fetchpriority=\"high\" decoding=\"async\" width=\"768\" height=\"432\" src=\"https:\/\/www.dr-mfo.com\/wp-content\/uploads\/2022\/03\/Bacak-Estetig\u0306i-768x432.jpg\" class=\"attachment-medium_large size-medium_large wp-image-1917\" alt=\"Esthetiek van de benen\" srcset=\"https:\/\/www.dr-mfo.com\/wp-content\/uploads\/2022\/03\/Bacak-Estetig\u0306i-768x432.jpg.avif 768w, https:\/\/www.dr-mfo.com\/wp-content\/uploads\/2022\/03\/Bacak-Estetig\u0306i-300x169.jpg.avif 300w, https:\/\/www.dr-mfo.com\/wp-content\/uploads\/2022\/03\/Bacak-Estetig\u0306i-1024x576.jpg.avif 1024w, https:\/\/www.dr-mfo.com\/wp-content\/uploads\/2022\/03\/Bacak-Estetig\u0306i-1536x864.jpg.avif 1536w, https:\/\/www.dr-mfo.com\/wp-content\/uploads\/2022\/03\/Bacak-Estetig\u0306i.jpg.avif 1920w\" sizes=\"(max-width: 768px) 100vw, 768px\" \/>\t\t\t\t\t\t\t\t\t\t\t\t\t\t\t<\/div>\n\t\t\t\t<div class=\"elementor-element elementor-element-08b3033 elementor-widget-divider--view-line elementor-widget elementor-widget-divider\" data-id=\"08b3033\" data-element_type=\"widget\" data-e-type=\"widget\" data-widget_type=\"divider.default\">\n\t\t\t\t\t\t\t<div class=\"elementor-divider\">\n\t\t\t<span class=\"elementor-divider-separator\">\n\t\t\t\t\t\t<\/span>\n\t\t<\/div>\n\t\t\t\t\t\t<\/div>\n\t\t\t\t<div class=\"elementor-element elementor-element-d494b4b elementor-widget elementor-widget-heading\" data-id=\"d494b4b\" data-element_type=\"widget\" data-e-type=\"widget\" data-widget_type=\"heading.default\">\n\t\t\t\t\t<h2 class=\"elementor-heading-title elementor-size-xl\">Esthetiek van de benen<\/h2>\t\t\t\t<\/div>\n\t\t\t\t<div class=\"elementor-element elementor-element-8a72a6e elementor-widget elementor-widget-text-editor\" data-id=\"8a72a6e\" data-element_type=\"widget\" data-e-type=\"widget\" data-widget_type=\"text-editor.default\">\n\t\t\t\t\t\t\t\t\t<p><span style=\"color: #000000;\">Beenesthetiek is de algemene naam van een chirurgische groep die zich richt op het verwijderen van alle misvormingen van de kuit, heup, knieomtrek en dijgebieden, beginnend bij de enkel. Dankzij deze operaties kunnen misvormingen in de benen worden ge\u00eblimineerd.\u00a0<\/span><\/p><p><span style=\"color: #000000;\">Het vet in de enkels, benen, kuiten, heupen, knie\u00ebn en bovenbenen kan worden verwijderd. Overtollige huid veroorzaakt door gewichtsverlies en veroudering kan worden ge\u00eblimineerd. Vrouwelijke of mannelijke ideale lichaamslijnen kunnen worden gecre\u00eberd in overeenstemming met de lichaamsstructuur en verwachtingen van de persoon.<\/span><\/p>\t\t\t\t\t\t\t\t<\/div>\n\t\t\t\t<div class=\"elementor-element elementor-element-05c461f elementor-widget elementor-widget-heading\" data-id=\"05c461f\" data-element_type=\"widget\" data-e-type=\"widget\" data-widget_type=\"heading.default\">\n\t\t\t\t\t<h2 class=\"elementor-heading-title elementor-size-large\">Voor wie geldt dit?<\/h2>\t\t\t\t<\/div>\n\t\t\t\t<div class=\"elementor-element elementor-element-f3bc4f2 elementor-widget elementor-widget-text-editor\" data-id=\"f3bc4f2\" data-element_type=\"widget\" data-e-type=\"widget\" data-widget_type=\"text-editor.default\">\n\t\t\t\t\t\t\t\t\t<ul><li><span style=\"color: #000000;\">Mensen die problemen hebben met lipodystrofie of lipoedeem in de enkels, benen, kuiten, heupen, knie\u00ebn en bovenbenen<\/span><\/li><li><span style=\"color: #000000;\">Mensen die klagen over een gebrek aan volume, dunheid of instorting in een of meer delen van het been en bovenbeen<\/span><\/li><li><span style=\"color: #000000;\">Mensen met X-been-, O-been- en O-beenafwijkingen<\/span><\/li><li><span style=\"color: #000000;\">Pati\u00ebnten met agglomeratie en overtollige huid veroorzaakt door gewichtsverlies of veroudering<\/span><\/li><li><span style=\"color: #000000;\">Voor degenen die op zoek zijn naar ideale vrouwelijke of mannelijke lijnen onder de taille<\/span><\/li><li><span style=\"color: #000000;\">Lipedeem pati\u00ebnten<\/span><\/li><\/ul>\t\t\t\t\t\t\t\t<\/div>\n\t\t\t\t<div class=\"elementor-element elementor-element-6f60704 elementor-widget elementor-widget-heading\" data-id=\"6f60704\" data-element_type=\"widget\" data-e-type=\"widget\" data-widget_type=\"heading.default\">\n\t\t\t\t\t<h2 class=\"elementor-heading-title elementor-size-large\">Voor de operatie<\/h2>\t\t\t\t<\/div>\n\t\t\t\t<div class=\"elementor-element elementor-element-1454cb2 elementor-widget elementor-widget-text-editor\" data-id=\"1454cb2\" data-element_type=\"widget\" data-e-type=\"widget\" data-widget_type=\"text-editor.default\">\n\t\t\t\t\t\t\t\t\t<p><span style=\"color: #000000;\">Om het resultaat langdurig te behouden, moet u ervoor zorgen dat u het ideale gewicht heeft. Zoals bij alle operaties is het noodzakelijk om blootstelling aan en gebruik van alle actieve en passieve tabaksproducten, met name sigaretten, te vermijden, ten minste twee ideale vier weken voor beenesthetische operaties.<\/span><\/p><p><span style=\"color: #000000;\">Het is erg belangrijk dat u het zorgteam, met name uw arts, informeert over regelmatig gebruikte medicijnen en voedingssupplementen, bekende ziektes, eerdere operaties en aanhoudende klachten, omdat dit veel risico&#039;s met betrekking tot de operatie kan voorkomen. Met name anticoagulantia en voedingsmiddelen moeten mogelijk worden stopgezet of herschikt v\u00f3\u00f3r de operatie.<\/span><\/p>\t\t\t\t\t\t\t\t<\/div>\n\t\t\t\t<div class=\"elementor-element elementor-element-dfcda6f elementor-widget elementor-widget-heading\" data-id=\"dfcda6f\" data-element_type=\"widget\" data-e-type=\"widget\" data-widget_type=\"heading.default\">\n\t\t\t\t\t<h2 class=\"elementor-heading-title elementor-size-large\">Over chirurgie<\/h2>\t\t\t\t<\/div>\n\t\t\t\t<div class=\"elementor-element elementor-element-737c314 elementor-widget elementor-widget-text-editor\" data-id=\"737c314\" data-element_type=\"widget\" data-e-type=\"widget\" data-widget_type=\"text-editor.default\">\n\t\t\t\t\t\t\t\t\t<p><span style=\"color: #000000;\">Deze operaties worden meestal uitgevoerd onder algehele anesthesie. Vetinjecties kunnen worden gedaan door vet te gebruiken dat uit andere delen van het lichaam is gehaald in gevallen van dunheid, misvorming en O-been-uiterlijk in het kuitgebied. Voor hetzelfde doel kunnen speciale siliconenprothesen die voor het been zijn voorbereid, ook worden geplaatst met behulp van korte incisies die onder de knie worden gemaakt.<\/span><\/p><p><span style=\"color: #000000;\">kan worden gevormd voor onregelmatige en regionale lipodystrofie rond de dijen en knie\u00ebn. Een dijbeenlift kan worden uitgevoerd voor huidverslapping op de dij. U moet er echter rekening mee houden dat er bij deze operatie permanente littekens in de liesstreek zullen zijn of beginnend bij de lies en doorlopend tot aan de binnenkant van het been. Hoewel deze littekens meestal na de derde maand beginnen te vervagen, worden ze nooit volledig gewist.<\/span><\/p>\t\t\t\t\t\t\t\t<\/div>\n\t\t\t\t<div class=\"elementor-element elementor-element-dc578f8 elementor-widget elementor-widget-heading\" data-id=\"dc578f8\" data-element_type=\"widget\" data-e-type=\"widget\" data-widget_type=\"heading.default\">\n\t\t\t\t\t<h2 class=\"elementor-heading-title elementor-size-large\">Na de operatie<\/h2>\t\t\t\t<\/div>\n\t\t\t\t<div class=\"elementor-element elementor-element-f04f99d elementor-widget elementor-widget-text-editor\" data-id=\"f04f99d\" data-element_type=\"widget\" data-e-type=\"widget\" data-widget_type=\"text-editor.default\">\n\t\t\t\t\t\t\t\t\t<p><span style=\"color: #000000;\">E\u00e9n nacht ziekenhuisopname na de operatie is voldoende en soms kunnen pati\u00ebnten dezelfde dag nog ontslagen worden. Als er liposuctie is toegepast, worden korsetten gebruikt die deze gebieden ondersteunen. Het wordt aanbevolen om deze korsetten gemiddeld 2-4 weken te gebruiken. Zoals bij alle operaties, komen blauwe plekken, zwellingen en oedeem in verschillende mate voor. Deze blauwe plekken en zwellingen beginnen na een week te verdwijnen.<\/span><\/p>\t\t\t\t\t\t\t\t<\/div>\n\t\t\t\t\t<\/div>\n\t\t<\/div>\n\t\t\t\t\t<\/div>\n\t\t<\/section>\n\t\t\t\t<\/div>","protected":false},"excerpt":{"rendered":"<p>Leg Aesthetics Leg aesthetics is the general name of a surgical group that aims to remove all deformities of the calf, hip, knee circumference, and thigh regions starting from the ankle. Thanks to these surgeries, deformities in the legs can be eliminated.\u00a0 The fat in the ankles, legs, calves, hips, knees and upper legs can [&hellip;]<\/p>\n","protected":false},"author":2,"featured_media":0,"parent":0,"menu_order":0,"comment_status":"closed","ping_status":"closed","template":"","meta":{"_acf_changed":false,"footnotes":""},"class_list":["post-814","page","type-page","status-publish","hentry"],"acf":[],"_links":{"self":[{"href":"https:\/\/www.dr-mfo.com\/nl\/wp-json\/wp\/v2\/pages\/814","targetHints":{"allow":["GET"]}}],"collection":[{"href":"https:\/\/www.dr-mfo.com\/nl\/wp-json\/wp\/v2\/pages"}],"about":[{"href":"https:\/\/www.dr-mfo.com\/nl\/wp-json\/wp\/v2\/types\/page"}],"author":[{"embeddable":true,"href":"https:\/\/www.dr-mfo.com\/nl\/wp-json\/wp\/v2\/users\/2"}],"replies":[{"embeddable":true,"href":"https:\/\/www.dr-mfo.com\/nl\/wp-json\/wp\/v2\/comments?post=814"}],"version-history":[{"count":0,"href":"https:\/\/www.dr-mfo.com\/nl\/wp-json\/wp\/v2\/pages\/814\/revisions"}],"wp:attachment":[{"href":"https:\/\/www.dr-mfo.com\/nl\/wp-json\/wp\/v2\/media?parent=814"}],"curies":[{"name":"wp","href":"https:\/\/api.w.org\/{rel}","templated":true}]}}