{"id":11479,"date":"2025-02-18T20:55:59","date_gmt":"2025-02-18T20:55:59","guid":{"rendered":"https:\/\/www.dr-mfo.com\/?page_id=11479"},"modified":"2026-04-25T12:33:44","modified_gmt":"2026-04-25T11:33:44","slug":"genioplasti-ameliyati","status":"publish","type":"page","link":"https:\/\/www.dr-mfo.com\/tr\/genioplasty-surgery\/","title":{"rendered":"Genioplasti Cerrahisi"},"content":{"rendered":"<div data-elementor-type=\"wp-page\" data-elementor-id=\"11479\" class=\"elementor elementor-11479\">\n\t\t\t\t\t\t<section class=\"elementor-section elementor-top-section elementor-element elementor-element-1287b03d elementor-section-boxed elementor-section-height-default elementor-section-height-default\" data-id=\"1287b03d\" data-element_type=\"section\" data-e-type=\"section\">\n\t\t\t\t\t\t<div class=\"elementor-container elementor-column-gap-default\">\n\t\t\t\t\t<div class=\"elementor-column elementor-col-100 elementor-top-column elementor-element elementor-element-36d3520c\" data-id=\"36d3520c\" data-element_type=\"column\" data-e-type=\"column\">\n\t\t\t<div class=\"elementor-widget-wrap elementor-element-populated\">\n\t\t\t\t\t\t<div class=\"elementor-element elementor-element-14cd5977 elementor-widget elementor-widget-text-editor\" data-id=\"14cd5977\" data-element_type=\"widget\" data-e-type=\"widget\" data-widget_type=\"text-editor.default\">\n\t\t\t\t\t\t\t\t\t\n<p>Genioplasti ameliyat\u0131 olarak da bilinen <a href=\"https:\/\/www.dr-mfo.com\/tr\/cene-kucultme-2\/\" data-type=\"page\" data-id=\"6412\">\u00e7ene <\/a>cerrahi, \u00e7eneyi yeniden \u015fekillendirmek veya yeniden konumland\u0131rmak i\u00e7in tasarlanm\u0131\u015f \u00f6zel bir cerrahi i\u015flemdir. \u0130ster estetik iyile\u015ftirme i\u00e7in ister yap\u0131sal anormallikleri d\u00fczeltmek i\u00e7in yap\u0131ls\u0131n, genioplasti y\u00fcz uyumu ve dengesinde \u00f6nemli bir rol oynar. Bu yaz\u0131da, genioplastinin t\u0131bbi ve cerrahi y\u00f6nlerini, faydalar\u0131n\u0131, iyile\u015fme s\u00fcrecini ve sizin i\u00e7in neden do\u011fru se\u00e7im olabilece\u011fini inceleyece\u011fiz.<\/p>\n\n<h2 class=\"wp-block-heading\"><strong>Genioplasti Ameliyat\u0131n\u0131 Anlamak: Temeller<\/strong><\/h2>\n\n<p>Genioplasti, \u00e7enenin boyutunu, \u015feklini veya \u00e7\u0131k\u0131nt\u0131s\u0131n\u0131 de\u011fi\u015ftirmeye odaklanan cerrahi bir m\u00fcdahaledir. Dermal dolgular gibi cerrahi olmayan se\u00e7eneklerin aksine, genioplasti altta yatan kemik yap\u0131s\u0131n\u0131 ele alarak kal\u0131c\u0131 sonu\u00e7lar sa\u011flar. Bu prosed\u00fcr genellikle \u015funlar\u0131 deneyimleyen ki\u015filere \u00f6nerilir:<\/p>\n\n<ul class=\"wp-block-list\">\n<li><strong>Geriye Do\u011fru \u00c7ene:<\/strong> Zay\u0131f veya geli\u015fmemi\u015f bir \u00e7ene, y\u00fcz oranlar\u0131nda dengesizlik yaratabilir.<\/li>\n\n<li><strong>\u00c7\u0131k\u0131k \u00c7ene:<\/strong> A\u015f\u0131r\u0131 belirgin bir \u00e7ene y\u00fcz simetrisini etkileyebilir.<\/li>\n\n<li><strong>Asimetri:<\/strong> Do\u011fu\u015ftan veya travmaya ba\u011fl\u0131 olarak \u00e7enede olu\u015fan \u015fekil bozukluklar\u0131.<\/li>\n\n<li><strong>\u0130\u015flevsel Sorunlar:<\/strong> \u00c7enenin uygunsuz konumland\u0131r\u0131lmas\u0131 nedeniyle nefes alma zorlu\u011fu veya \u00e7ene hizas\u0131zl\u0131\u011f\u0131.<\/li>\n<\/ul>\n<div class=\"wp-block-image\">\n<figure class=\"aligncenter size-full\"><img fetchpriority=\"high\" decoding=\"async\" width=\"1920\" height=\"813\" class=\"wp-image-11481\" src=\"https:\/\/www.dr-mfo.com\/wp-content\/uploads\/2025\/02\/image.png\" alt=\"Genioplasti Cerrahisi\" srcset=\"https:\/\/www.dr-mfo.com\/wp-content\/uploads\/2025\/02\/image.png 1920w, https:\/\/www.dr-mfo.com\/wp-content\/uploads\/2025\/02\/image-300x127.png 300w, https:\/\/www.dr-mfo.com\/wp-content\/uploads\/2025\/02\/image-1024x434.png 1024w, https:\/\/www.dr-mfo.com\/wp-content\/uploads\/2025\/02\/image-768x325.png 768w, https:\/\/www.dr-mfo.com\/wp-content\/uploads\/2025\/02\/image-1536x650.png 1536w, https:\/\/www.dr-mfo.com\/wp-content\/uploads\/2025\/02\/image-18x8.png 18w\" sizes=\"(max-width: 1920px) 100vw, 1920px\" \/><\/figure>\n<\/div>\n<h2 class=\"wp-block-heading\"><strong>Genioplastinin T\u0131bbi Faydalar\u0131<\/strong> Ameliyat<\/h2>\n\n<p>T\u0131bbi a\u00e7\u0131dan bak\u0131ld\u0131\u011f\u0131nda, genioplasti sadece estetikle ilgili de\u011fildir; ya\u015fam kalitesini \u00f6nemli \u00f6l\u00e7\u00fcde iyile\u015ftirebilir. \u0130\u015fte baz\u0131 \u00f6nemli faydalar:<\/p>\n\n<ol class=\"wp-block-list\">\n<li><strong>Geli\u015ftirilmi\u015f \u00c7ene Fonksiyonu:<\/strong> \u00c7ene eklemi (geniz) bozukluklar\u0131 ve \u00e7i\u011fneme zorluklar\u0131 gibi sorunlar, \u00e7ene hizalamas\u0131ndaki bozukluklar\u0131n d\u00fczeltilmesiyle giderilebilmektedir.<\/li>\n\n<li><strong>Geli\u015ftirilmi\u015f Solunum:<\/strong> Yap\u0131sal d\u00fczeltmeler hava yollar\u0131n\u0131 a\u00e7abilir, uyku apnesi semptomlar\u0131n\u0131 azaltabilir ve genel solunum sa\u011fl\u0131\u011f\u0131n\u0131 iyile\u015ftirebilir.<\/li>\n\n<li><strong>Travma \u0130\u00e7in D\u00fczeltici Cerrahi:<\/strong> Y\u00fcz yaralanmas\u0131 olan hastalar, do\u011fal g\u00f6r\u00fcn\u00fcmlerini ve i\u015flevlerini geri kazanmak i\u00e7in genioplastiden faydalanabilirler.<\/li>\n\n<li><strong>Do\u011fu\u015ftan Gelen Durumlar\u0131n D\u00fczeltilmesi:<\/strong> Mikrojeni (k\u00fc\u00e7\u00fck \u00e7ene) veya makrojeni (b\u00fcy\u00fck \u00e7ene) gibi durumlar bu i\u015flemle etkili bir \u015fekilde tedavi edilebilmektedir.<\/li>\n<\/ol>\n\n<h2 class=\"wp-block-heading\"><strong>Genioplastide Cerrahi Teknikler<\/strong> Ameliyat<\/h2>\n\n<p>\u00c7ene esteti\u011fi ameliyat\u0131n\u0131n ba\u015far\u0131s\u0131 b\u00fcy\u00fck \u00f6l\u00e7\u00fcde hastan\u0131n \u00f6zel ihtiya\u00e7lar\u0131na g\u00f6re uyarlanm\u0131\u015f cerrahi yakla\u015f\u0131ma ba\u011fl\u0131d\u0131r. A\u015fa\u011f\u0131da, deneyimli cerrahlar taraf\u0131ndan kullan\u0131lan en yayg\u0131n teknikler yer almaktad\u0131r:<\/p>\n\n<h4 class=\"wp-block-heading\">1. <strong>Kayar Genioplasti<\/strong><\/h4>\n\n<ul class=\"wp-block-list\">\n<li>Bu, en yayg\u0131n olarak uygulanan tekniktir. <a href=\"https:\/\/www.dr-mfo.com\/tr\/\">Cerrah<\/a> \u00e7ene kemi\u011fine eri\u015fmek i\u00e7in a\u011f\u0131z i\u00e7inde bir kesi yap\u0131l\u0131r. Daha sonra kemik kesilir ve istenilen sonuca ba\u011fl\u0131 olarak ileri, geri, yukar\u0131 veya a\u015fa\u011f\u0131 do\u011fru yeniden konumland\u0131r\u0131l\u0131r.<\/li>\n\n<li><strong>Avantajlar\u0131:<\/strong> Minimum yara izi, hassas ayarlamalar ve uzun s\u00fcreli sonu\u00e7lar.<\/li>\n<\/ul>\n\n<h4 class=\"wp-block-heading\">2. <strong>\u00c7ene \u0130mplant\u0131 Yerle\u015ftirilmesi<\/strong><\/h4>\n\n<ul class=\"wp-block-list\">\n<li>Geni\u015f kemik manip\u00fclasyonu olmadan b\u00fcy\u00fctme arayan hastalarda, \u00e7ene projeksiyonunu art\u0131rmak i\u00e7in silikon veya biyouyumlu implantlar yerle\u015ftirilebilir.<\/li>\n\n<li><strong>Avantajlar\u0131:<\/strong> Kayar genioplastiye g\u00f6re daha k\u0131sa ameliyat s\u00fcresi ve daha h\u0131zl\u0131 iyile\u015fme.<\/li>\n<\/ul>\n\n<h4 class=\"wp-block-heading\">3. <strong>Red\u00fcksiyon Genioplasti<\/strong><\/h4>\n\n<ul class=\"wp-block-list\">\n<li>\u00c7enenin a\u015f\u0131r\u0131 b\u00fcy\u00fck veya \u00e7\u0131k\u0131nt\u0131l\u0131 oldu\u011fu durumlarda, daha dengeli bir profil elde etmek i\u00e7in fazla kemik dikkatlice \u00e7\u0131kar\u0131l\u0131r.<\/li>\n\n<li><strong>Avantajlar\u0131:<\/strong> Y\u00fcz uyumunu sa\u011flar ve \u00f6zg\u00fcveni art\u0131r\u0131r.<\/li>\n<\/ul>\n\n<h4 class=\"wp-block-heading\">4. <strong>Kombinasyon Prosed\u00fcrleri<\/strong><\/h4>\n\n<ul class=\"wp-block-list\">\n<li>Genioplasti genellikle di\u011fer y\u00fcz ameliyatlar\u0131yla birlikte yap\u0131l\u0131r, \u00f6rne\u011fin: <a href=\"https:\/\/www.dr-mfo.com\/tr\/nose-job-rhinoplasty\/\">burun esteti\u011fi<\/a> Kapsaml\u0131 bir y\u00fcz gen\u00e7le\u015ftirme sa\u011flamak i\u00e7in (burun esteti\u011fi) veya ortognatik cerrahi (\u00e7ene hizalamas\u0131) yap\u0131labilir.<\/li>\n<\/ul>\n\n<h2 class=\"wp-block-heading\"><strong>Kimler Genioplasti \u0130\u00e7in \u0130yi Bir Adayd\u0131r?<\/strong><\/h2>\n\n<p>Herkes \u00e7ene ameliyat\u0131 i\u00e7in ideal bir aday de\u011fildir. Uygun olmak i\u00e7in, bireylerin a\u015fa\u011f\u0131daki kriterleri kar\u015f\u0131lamas\u0131 gerekir:<\/p>\n\n<ul class=\"wp-block-list\">\n<li>Genel sa\u011fl\u0131k durumunuzun iyi olmas\u0131 ve kontrol edilemeyen herhangi bir t\u0131bbi rahats\u0131zl\u0131\u011f\u0131n\u0131z\u0131n olmamas\u0131.<\/li>\n\n<li>Ameliyat\u0131n sonu\u00e7lar\u0131 hakk\u0131nda ger\u00e7ek\u00e7i beklentilere sahip olun.<\/li>\n\n<li>\u00c7enenizle ilgili fonksiyonel veya estetik kayg\u0131lar ya\u015f\u0131yorsan\u0131z.<\/li>\n\n<li>\u0130\u015flem \u00f6ncesi ve sonras\u0131nda sigara i\u00e7miyor olun veya sigaray\u0131 b\u0131rakmaya istekli olun.<\/li>\n<\/ul>\n\n<p>Adayl\u0131\u011f\u0131 belirlemek ve ki\u015fiselle\u015ftirilmi\u015f tedavi planlar\u0131n\u0131 g\u00f6r\u00fc\u015fmek i\u00e7in kurul onayl\u0131 plastik cerrah veya a\u011f\u0131z, di\u015f ve \u00e7ene cerrah\u0131 ile kapsaml\u0131 bir kons\u00fcltasyon \u015fartt\u0131r.<\/p>\n\n<h2 class=\"wp-block-heading\"><strong>Genioplasti Prosed\u00fcr\u00fc: Neler Beklemelisiniz?<\/strong><\/h2>\n\n<h4 class=\"wp-block-heading\"><strong>Ameliyat \u00d6ncesi Haz\u0131rl\u0131k<\/strong><\/h4>\n\n<p>Genioplasti ameliyat\u0131ndan \u00f6nce hastalar, \u00e7ene anatomisini de\u011ferlendirmek i\u00e7in r\u00f6ntgen, BT taramalar\u0131 ve 3D g\u00f6r\u00fcnt\u00fcleme gibi bir dizi de\u011ferlendirmeden ge\u00e7ecektir. Cerrah\u0131n\u0131z ila\u00e7lar, a\u00e7l\u0131k gereksinimleri ve ameliyat \u00f6ncesi bak\u0131m konusunda ayr\u0131nt\u0131l\u0131 talimatlar verecektir.<\/p>\n\n<h4 class=\"wp-block-heading\"><strong>Ameliyat S\u0131ras\u0131nda<\/strong><\/h4>\n\n<p>Genioplasti genellikle genel anestezi alt\u0131nda yap\u0131l\u0131r ve vakan\u0131n karma\u015f\u0131kl\u0131\u011f\u0131na ba\u011fl\u0131 olarak yakla\u015f\u0131k 1-3 saat s\u00fcrer. Cerrah, \u00e7evre dokulara minimum etki sa\u011flayacak \u015fekilde \u00e7ene kemi\u011fini titizlikle yeniden \u015fekillendirir veya yeniden konumland\u0131r\u0131r.<\/p>\n\n<h4 class=\"wp-block-heading\"><strong>Ameliyat Sonras\u0131 \u0130yile\u015fme<\/strong><\/h4>\n\n<p>Genioplasti sonras\u0131 iyile\u015fme s\u00fcreci de\u011fi\u015fkenlik g\u00f6sterse de genel olarak \u015funlar\u0131 i\u00e7erir:<\/p>\n\n<ul class=\"wp-block-list\">\n<li>\u00c7ene ve alt y\u00fcz b\u00f6lgesinde olu\u015fan \u015fi\u015flik ve morluklar 1-2 hafta i\u00e7erisinde d\u00fczelir.<\/li>\n\n<li>Uygun iyile\u015fmeyi sa\u011flamak i\u00e7in ge\u00e7ici diyet k\u0131s\u0131tlamalar\u0131.<\/li>\n\n<li>\u0130lerlemeyi izlemek ve gerekirse diki\u015fleri almak i\u00e7in takip randevular\u0131.<\/li>\n\n<li>Tam iyile\u015fme ve nihai sonu\u00e7 3-6 ay i\u00e7inde g\u00f6r\u00fclebilir.<\/li>\n<\/ul>\n\n<h2 class=\"wp-block-heading\"><strong>Riskler ve Hususlar<\/strong><\/h2>\n\n<p>Herhangi bir cerrahi prosed\u00fcr gibi, genioplasti de enfeksiyon, kanama, sinir hasar\u0131 veya kozmetik sonu\u00e7lardan memnuniyetsizlik gibi potansiyel riskler ta\u015f\u0131r. Ancak, bu komplikasyonlar ameliyat deneyimli ve kalifiye bir profesyonel taraf\u0131ndan yap\u0131ld\u0131\u011f\u0131nda nadirdir.<\/p>\n\n<h2 class=\"wp-block-heading\"><strong>Neden Cerrahi Olmayan Se\u00e7enekler Yerine Genioplastiyi Tercih Etmelisiniz?<\/strong><\/h2>\n\n<p>Enjekte edilebilir dolgular \u00e7ene b\u00fcy\u00fctme i\u00e7in ge\u00e7ici \u00e7\u00f6z\u00fcmler sunarken, cerrahi genioplastinin kal\u0131c\u0131l\u0131\u011f\u0131 ve hassasiyetinden yoksundur. D\u00f6n\u00fc\u015ft\u00fcr\u00fcc\u00fc ve kal\u0131c\u0131 sonu\u00e7lar arayan ki\u015filer i\u00e7in genioplasti alt\u0131n standart olmaya devam etmektedir.<\/p>\n\n<h2 class=\"wp-block-heading\"><strong>Sonu\u00e7: Genioplasti ile Y\u00fcz Uyumunun Sa\u011flanmas\u0131<\/strong><\/h2>\n\n<p>Genioplasti sadece bir kozmetik prosed\u00fcrden daha fazlas\u0131d\u0131r; y\u00fcz dengesizlikleri veya i\u015flevsel sorunlarla m\u00fccadele edenler i\u00e7in hayat de\u011fi\u015ftiren bir \u00e7\u00f6z\u00fcmd\u00fcr. G\u00fcvenilir bir t\u0131p uzman\u0131yla yak\u0131n bir \u015fekilde \u00e7al\u0131\u015farak, \u00f6zg\u00fcveninizi art\u0131ran ve ya\u015fam kalitenizi art\u0131ran uyumlu bir y\u00fcz profili elde edebilirsiniz.<\/p>\n\n<p>E\u011fer d\u00fc\u015f\u00fcn\u00fcyorsan\u0131z <a href=\"https:\/\/en.wikipedia.org\/wiki\/Chin_augmentation\" data-type=\"link\" data-id=\"https:\/\/en.wikipedia.org\/wiki\/Chin_augmentation\" rel=\"nofollow noopener\" target=\"_blank\">genioplasti<\/a>, Sayg\u0131n bir cerrahla g\u00f6r\u00fc\u015fme randevusu alarak ilk ad\u0131m\u0131 bug\u00fcn at\u0131n. Bu geli\u015fmi\u015f cerrahi tekni\u011fin ger\u00e7ek potansiyelinizi ortaya \u00e7\u0131karman\u0131za nas\u0131l yard\u0131mc\u0131 olabilece\u011fini ke\u015ffedin!<\/p>\n\n<p>\u00a0<\/p>\n\t\t\t\t\t\t\t\t<\/div>\n\t\t\t\t\t<\/div>\n\t\t<\/div>\n\t\t\t\t\t<\/div>\n\t\t<\/section>\n\t\t\t\t<\/div>","protected":false},"excerpt":{"rendered":"<p>Genioplasty surgery, also known as chin surgery, is a specialized surgical procedure designed to reshape or reposition the chin. Whether performed for aesthetic enhancement or to correct structural abnormalities, genioplasty plays a pivotal role in facial harmony and balance. In this article, we will explore the medical and surgical aspects of genioplasty, its benefits, recovery [&hellip;]<\/p>\n","protected":false},"author":2,"featured_media":10879,"parent":0,"menu_order":0,"comment_status":"closed","ping_status":"closed","template":"","meta":{"_acf_changed":false,"footnotes":""},"class_list":["post-11479","page","type-page","status-publish","has-post-thumbnail","hentry"],"acf":[],"_links":{"self":[{"href":"https:\/\/www.dr-mfo.com\/tr\/wp-json\/wp\/v2\/pages\/11479","targetHints":{"allow":["GET"]}}],"collection":[{"href":"https:\/\/www.dr-mfo.com\/tr\/wp-json\/wp\/v2\/pages"}],"about":[{"href":"https:\/\/www.dr-mfo.com\/tr\/wp-json\/wp\/v2\/types\/page"}],"author":[{"embeddable":true,"href":"https:\/\/www.dr-mfo.com\/tr\/wp-json\/wp\/v2\/users\/2"}],"replies":[{"embeddable":true,"href":"https:\/\/www.dr-mfo.com\/tr\/wp-json\/wp\/v2\/comments?post=11479"}],"version-history":[{"count":1,"href":"https:\/\/www.dr-mfo.com\/tr\/wp-json\/wp\/v2\/pages\/11479\/revisions"}],"predecessor-version":[{"id":27726,"href":"https:\/\/www.dr-mfo.com\/tr\/wp-json\/wp\/v2\/pages\/11479\/revisions\/27726"}],"wp:featuredmedia":[{"embeddable":true,"href":"https:\/\/www.dr-mfo.com\/tr\/wp-json\/wp\/v2\/media\/10879"}],"wp:attachment":[{"href":"https:\/\/www.dr-mfo.com\/tr\/wp-json\/wp\/v2\/media?parent=11479"}],"curies":[{"name":"wp","href":"https:\/\/api.w.org\/{rel}","templated":true}]}}