{"id":15807,"date":"2025-12-12T12:11:07","date_gmt":"2025-12-12T12:11:07","guid":{"rendered":"https:\/\/www.dr-mfo.com\/?page_id=15807"},"modified":"2026-02-22T06:33:35","modified_gmt":"2026-02-22T06:33:35","slug":"medyada-dr-mfo","status":"publish","type":"page","link":"https:\/\/www.dr-mfo.com\/tr\/dr-mfo-in-media\/","title":{"rendered":"Dr. MFO G\u00fcndemde: Medyada G\u00f6r\u00fclmemiz."},"content":{"rendered":"<div data-elementor-type=\"wp-page\" data-elementor-id=\"15807\" class=\"elementor elementor-15807\">\n\t\t\t\t\t\t<section class=\"elementor-section elementor-top-section elementor-element elementor-element-658e29a0 elementor-section-boxed elementor-section-height-default elementor-section-height-default\" data-id=\"658e29a0\" data-element_type=\"section\" data-e-type=\"section\">\n\t\t\t\t\t\t<div class=\"elementor-container elementor-column-gap-default\">\n\t\t\t\t\t<div class=\"elementor-column elementor-col-100 elementor-top-column elementor-element elementor-element-6dc1a7d1\" data-id=\"6dc1a7d1\" data-element_type=\"column\" data-e-type=\"column\">\n\t\t\t<div class=\"elementor-widget-wrap elementor-element-populated\">\n\t\t\t\t\t\t<div class=\"elementor-element elementor-element-bb57216 elementor-widget elementor-widget-heading\" data-id=\"bb57216\" data-element_type=\"widget\" data-e-type=\"widget\" data-widget_type=\"heading.default\">\n\t\t\t\t\t<h1 class=\"elementor-heading-title elementor-size-default\">Medyan\u0131n g\u00fcvendi\u011fi bir marka<\/h1>\t\t\t\t<\/div>\n\t\t\t\t<div class=\"elementor-element elementor-element-2273e691 elementor-widget elementor-widget-text-editor\" data-id=\"2273e691\" data-element_type=\"widget\" data-e-type=\"widget\" data-widget_type=\"text-editor.default\">\n\t\t\t\t\t\t\t\t\t<p><\/p>\n<p class=\"is-layout-flow wp-block-quote-is-layout-flow\">G\u00fcvenlik, hassasiyet ve hasta memnuniyeti, temel ta\u015flar\u0131m\u0131zd\u0131r. <a href=\"https:\/\/www.dr-mfo.com\/tr\/who-is-drmfo\/\">Dr.MFO<\/a> Klinik. Bu sayfa, cinsiyet de\u011fi\u015ftirme esteti\u011fi ve plastik cerrahisi alan\u0131nda g\u00fcvenilir bir otorite olarak itibar\u0131m\u0131z\u0131 peki\u015ftiren kapsaml\u0131 medya kapsam\u0131m\u0131z\u0131 vurgulamaktad\u0131r. Uluslararas\u0131 medya kurulu\u015flar\u0131n\u0131n g\u00fcvenli ve ba\u015far\u0131l\u0131 estetik prosed\u00fcrler konusunda uzman g\u00f6r\u00fc\u015fleri i\u00e7in neden Dr. MFO&#039;ya ba\u015fvurdu\u011funu ke\u015ffedin.<\/p>\n<p><\/p>\t\t\t\t\t\t\t\t<\/div>\n\t\t\t\t\t<\/div>\n\t\t<\/div>\n\t\t\t\t\t<\/div>\n\t\t<\/section>\n\t\t\t\t<section class=\"elementor-section elementor-top-section elementor-element elementor-element-3b524c3 elementor-section-boxed elementor-section-height-default elementor-section-height-default\" data-id=\"3b524c3\" data-element_type=\"section\" data-e-type=\"section\">\n\t\t\t\t\t\t<div class=\"elementor-container elementor-column-gap-default\">\n\t\t\t\t\t<div class=\"elementor-column elementor-col-50 elementor-top-column elementor-element elementor-element-b24d275\" data-id=\"b24d275\" data-element_type=\"column\" data-e-type=\"column\">\n\t\t\t<div class=\"elementor-widget-wrap elementor-element-populated\">\n\t\t\t\t\t\t<div class=\"elementor-element elementor-element-3fae3c1 elementor-widget elementor-widget-image\" data-id=\"3fae3c1\" data-element_type=\"widget\" data-e-type=\"widget\" data-widget_type=\"image.default\">\n\t\t\t\t\t\t\t\t\t\t\t\t\t\t\t\t<a href=\"https:\/\/goodmorningus.com\/dr-mfo-a-global-leader-in-gender-affirming-surgery-with-compassionate-care\/\" rel=\"nofollow noopener\" target=\"_blank\">\n\t\t\t\t\t\t\t<img fetchpriority=\"high\" decoding=\"async\" width=\"1024\" height=\"807\" src=\"https:\/\/www.dr-mfo.com\/wp-content\/uploads\/2026\/02\/Ekran-goruntusu-2026-02-12-223949-1024x807.png\" class=\"attachment-large size-large wp-image-23374\" alt=\"Good Morning US&#039;te yay\u0131nlanan &quot;Dr. MFO: \u015eefkatli Bak\u0131mla Cinsiyet De\u011fi\u015ftirme Ameliyatlar\u0131nda K\u00fcresel Bir Lider&quot; ba\u015fl\u0131kl\u0131 \u00e7evrimi\u00e7i haber makalesinden bir ekran g\u00f6r\u00fcnt\u00fcs\u00fc. \u00d6ne \u00e7\u0131kan g\u00f6rselde, koyu mavi ameliyat \u00f6nl\u00fc\u011f\u00fc giymi\u015f, g\u00f6zl\u00fckl\u00fc ve sakall\u0131 bir erkek doktor, bir t\u0131p klini\u011fi ortam\u0131nda \u00f6ne do\u011fru i\u015faret ederken g\u00f6r\u00fcl\u00fcyor.\" srcset=\"https:\/\/www.dr-mfo.com\/wp-content\/uploads\/2026\/02\/Ekran-goruntusu-2026-02-12-223949-1024x807.png 1024w, https:\/\/www.dr-mfo.com\/wp-content\/uploads\/2026\/02\/Ekran-goruntusu-2026-02-12-223949-300x236.png 300w, https:\/\/www.dr-mfo.com\/wp-content\/uploads\/2026\/02\/Ekran-goruntusu-2026-02-12-223949-768x605.png 768w, https:\/\/www.dr-mfo.com\/wp-content\/uploads\/2026\/02\/Ekran-goruntusu-2026-02-12-223949-15x12.png 15w, https:\/\/www.dr-mfo.com\/wp-content\/uploads\/2026\/02\/Ekran-goruntusu-2026-02-12-223949.png 1179w\" sizes=\"(max-width: 1024px) 100vw, 1024px\" \/>\t\t\t\t\t\t\t\t<\/a>\n\t\t\t\t\t\t\t\t\t\t\t\t\t\t\t<\/div>\n\t\t\t\t<div class=\"elementor-element elementor-element-e2a5d31 elementor-widget elementor-widget-image\" data-id=\"e2a5d31\" data-element_type=\"widget\" data-e-type=\"widget\" data-widget_type=\"image.default\">\n\t\t\t\t\t\t\t\t\t\t\t\t\t\t\t<img decoding=\"async\" src=\"https:\/\/www.dr-mfo.com\/wp-content\/plugins\/elementor\/assets\/images\/placeholder.png\" title=\"\" alt=\"\" loading=\"lazy\" \/>\t\t\t\t\t\t\t\t\t\t\t\t\t\t\t<\/div>\n\t\t\t\t\t<\/div>\n\t\t<\/div>\n\t\t\t\t<div class=\"elementor-column elementor-col-50 elementor-top-column elementor-element elementor-element-90a6c4f\" data-id=\"90a6c4f\" data-element_type=\"column\" data-e-type=\"column\">\n\t\t\t<div class=\"elementor-widget-wrap elementor-element-populated\">\n\t\t\t\t\t\t<div class=\"elementor-element elementor-element-5c5aa2a elementor-widget elementor-widget-image\" data-id=\"5c5aa2a\" data-element_type=\"widget\" data-e-type=\"widget\" data-widget_type=\"image.default\">\n\t\t\t\t\t\t\t\t\t\t\t\t\t\t\t\t<a href=\"https:\/\/todayus.com\/dr-mfo-leading-the-way-in-gender-affirming-surgery-with-care-and-expertise\/\" rel=\"nofollow noopener\" target=\"_blank\">\n\t\t\t\t\t\t\t<img decoding=\"async\" width=\"1024\" height=\"939\" src=\"https:\/\/www.dr-mfo.com\/wp-content\/uploads\/2026\/02\/Ekran-goruntusu-2026-02-11-194352-1024x939.png\" class=\"attachment-large size-large wp-image-20605\" alt=\"Cinsiyet de\u011fi\u015ftirme ameliyatlar\u0131 konusunda uzmanla\u015fm\u0131\u015f bir cerrah olan Dr. Mehmet Fatih Okyay, di\u011fer ad\u0131yla Dr. MFO, Antalya&#039;da a\u00e7\u0131k havada duruyor.\" srcset=\"https:\/\/www.dr-mfo.com\/wp-content\/uploads\/2026\/02\/Ekran-goruntusu-2026-02-11-194352-1024x939.png 1024w, https:\/\/www.dr-mfo.com\/wp-content\/uploads\/2026\/02\/Ekran-goruntusu-2026-02-11-194352-300x275.png 300w, https:\/\/www.dr-mfo.com\/wp-content\/uploads\/2026\/02\/Ekran-goruntusu-2026-02-11-194352-768x704.png 768w, https:\/\/www.dr-mfo.com\/wp-content\/uploads\/2026\/02\/Ekran-goruntusu-2026-02-11-194352-13x12.png 13w, https:\/\/www.dr-mfo.com\/wp-content\/uploads\/2026\/02\/Ekran-goruntusu-2026-02-11-194352.png 1227w\" sizes=\"(max-width: 1024px) 100vw, 1024px\" \/>\t\t\t\t\t\t\t\t<\/a>\n\t\t\t\t\t\t\t\t\t\t\t\t\t\t\t<\/div>\n\t\t\t\t<div class=\"elementor-element elementor-element-33b9bbe elementor-widget elementor-widget-image\" data-id=\"33b9bbe\" data-element_type=\"widget\" data-e-type=\"widget\" data-widget_type=\"image.default\">\n\t\t\t\t\t\t\t\t\t\t\t\t\t\t\t\t<a href=\"https:\/\/womensinsider.com\/dr-mfo-revolutionizing-gender-affirming-surgery-with-precision-and-compassion\/\" rel=\"nofollow noopener\" target=\"_blank\">\n\t\t\t\t\t\t\t<img decoding=\"async\" width=\"1024\" height=\"937\" src=\"https:\/\/www.dr-mfo.com\/wp-content\/uploads\/2026\/02\/Ekran-goruntusu-2026-02-11-201907-1024x937.png\" class=\"attachment-large size-large wp-image-20606\" alt=\"Dr. MFO, cerrahi k\u0131yafetleriyle, klinik ortamda odaklanm\u0131\u015f bir ifadeyle cinsiyet de\u011fi\u015ftirme ameliyat\u0131 ger\u00e7ekle\u015ftiriyor.\" srcset=\"https:\/\/www.dr-mfo.com\/wp-content\/uploads\/2026\/02\/Ekran-goruntusu-2026-02-11-201907-1024x937.png 1024w, https:\/\/www.dr-mfo.com\/wp-content\/uploads\/2026\/02\/Ekran-goruntusu-2026-02-11-201907-300x275.png 300w, https:\/\/www.dr-mfo.com\/wp-content\/uploads\/2026\/02\/Ekran-goruntusu-2026-02-11-201907-768x703.png 768w, https:\/\/www.dr-mfo.com\/wp-content\/uploads\/2026\/02\/Ekran-goruntusu-2026-02-11-201907-13x12.png 13w, https:\/\/www.dr-mfo.com\/wp-content\/uploads\/2026\/02\/Ekran-goruntusu-2026-02-11-201907.png 1212w\" sizes=\"(max-width: 1024px) 100vw, 1024px\" \/>\t\t\t\t\t\t\t\t<\/a>\n\t\t\t\t\t\t\t\t\t\t\t\t\t\t\t<\/div>\n\t\t\t\t\t<\/div>\n\t\t<\/div>\n\t\t\t\t\t<\/div>\n\t\t<\/section>\n\t\t\t\t<section class=\"elementor-section elementor-top-section elementor-element elementor-element-9f6db28 elementor-section-boxed elementor-section-height-default elementor-section-height-default\" data-id=\"9f6db28\" data-element_type=\"section\" data-e-type=\"section\">\n\t\t\t\t\t\t<div class=\"elementor-container elementor-column-gap-default\">\n\t\t\t\t\t<div class=\"elementor-column elementor-col-100 elementor-top-column elementor-element elementor-element-9324d42\" data-id=\"9324d42\" data-element_type=\"column\" data-e-type=\"column\">\n\t\t\t<div class=\"elementor-widget-wrap elementor-element-populated\">\n\t\t\t\t\t\t<div class=\"elementor-element elementor-element-a9de040 elementor-widget elementor-widget-image-gallery\" data-id=\"a9de040\" data-element_type=\"widget\" data-e-type=\"widget\" data-widget_type=\"image-gallery.default\">\n\t\t\t\t\t\t\t<div class=\"elementor-image-gallery\">\n\t\t\t<div id='gallery-1' class='gallery galleryid-15807 gallery-columns-2 gallery-size-full'><figure class='gallery-item'>\n\t\t\t<div class='gallery-icon portrait'>\n\t\t\t\t<a data-elementor-open-lightbox=\"yes\" data-elementor-lightbox-slideshow=\"a9de040\" data-elementor-lightbox-title=\"usanews2\" data-e-action-hash=\"#elementor-action%3Aaction%3Dlightbox%26settings%3DeyJpZCI6MTU4MDgsInVybCI6Imh0dHBzOlwvXC93d3cuZHItbWZvLmNvbVwvd3AtY29udGVudFwvdXBsb2Fkc1wvMjAyNVwvMTJcL3VzYW5ld3MyLXNjYWxlZC5wbmciLCJzbGlkZXNob3ciOiJhOWRlMDQwIn0%3D\" href=\"https:\/\/www.dr-mfo.com\/wp-content\/uploads\/2025\/12\/usanews2-scaled.png\"><img loading=\"lazy\" decoding=\"async\" width=\"593\" height=\"2560\" src=\"https:\/\/www.dr-mfo.com\/wp-content\/uploads\/2025\/12\/usanews2-scaled.png\" class=\"attachment-full size-full\" alt=\"G\u00f6r\u00fcnt\u00fcn\u00fcn a\u00e7\u0131klamas\u0131\" srcset=\"https:\/\/www.dr-mfo.com\/wp-content\/uploads\/2025\/12\/usanews2-scaled.png 593w, https:\/\/www.dr-mfo.com\/wp-content\/uploads\/2025\/12\/usanews2-237x1024.png 237w, https:\/\/www.dr-mfo.com\/wp-content\/uploads\/2025\/12\/usanews2-768x3315.png 768w, https:\/\/www.dr-mfo.com\/wp-content\/uploads\/2025\/12\/usanews2-356x1536.png 356w, https:\/\/www.dr-mfo.com\/wp-content\/uploads\/2025\/12\/usanews2-3x12.png 3w\" sizes=\"(max-width: 593px) 100vw, 593px\" \/><\/a>\n\t\t\t<\/div><\/figure><figure class='gallery-item'>\n\t\t\t<div class='gallery-icon portrait'>\n\t\t\t\t<a data-elementor-open-lightbox=\"yes\" data-elementor-lightbox-slideshow=\"a9de040\" data-elementor-lightbox-title=\"todayus\" data-e-action-hash=\"#elementor-action%3Aaction%3Dlightbox%26settings%3DeyJpZCI6MTU4MDksInVybCI6Imh0dHBzOlwvXC93d3cuZHItbWZvLmNvbVwvd3AtY29udGVudFwvdXBsb2Fkc1wvMjAyNVwvMTJcL3RvZGF5dXMtc2NhbGVkLnBuZyIsInNsaWRlc2hvdyI6ImE5ZGUwNDAifQ%3D%3D\" href=\"https:\/\/www.dr-mfo.com\/wp-content\/uploads\/2025\/12\/todayus-scaled.png\"><img loading=\"lazy\" decoding=\"async\" width=\"731\" height=\"2560\" src=\"https:\/\/www.dr-mfo.com\/wp-content\/uploads\/2025\/12\/todayus-scaled.png\" class=\"attachment-full size-full\" alt=\"TodayUs web sitesinden al\u0131nan ve muhtemelen cinsiyet de\u011fi\u015ftirme ameliyat\u0131yla ilgili profesyonel veya t\u0131bbi bir ba\u011flam\u0131, arabalar ve uzmanl\u0131kla birlikte sergileyen Dr. MFO&#039;yu g\u00f6steren bir g\u00f6rsel.\" srcset=\"https:\/\/www.dr-mfo.com\/wp-content\/uploads\/2025\/12\/todayus-scaled.png 731w, https:\/\/www.dr-mfo.com\/wp-content\/uploads\/2025\/12\/todayus-86x300.png 86w, https:\/\/www.dr-mfo.com\/wp-content\/uploads\/2025\/12\/todayus-292x1024.png 292w, https:\/\/www.dr-mfo.com\/wp-content\/uploads\/2025\/12\/todayus-768x2689.png 768w, https:\/\/www.dr-mfo.com\/wp-content\/uploads\/2025\/12\/todayus-439x1536.png 439w, https:\/\/www.dr-mfo.com\/wp-content\/uploads\/2025\/12\/todayus-585x2048.png 585w, https:\/\/www.dr-mfo.com\/wp-content\/uploads\/2025\/12\/todayus-3x12.png 3w\" sizes=\"(max-width: 731px) 100vw, 731px\" \/><\/a>\n\t\t\t<\/div><\/figure><figure class='gallery-item'>\n\t\t\t<div class='gallery-icon portrait'>\n\t\t\t\t<a data-elementor-open-lightbox=\"yes\" data-elementor-lightbox-slideshow=\"a9de040\" data-elementor-lightbox-title=\"goodmorningus\" data-e-action-hash=\"#elementor-action%3Aaction%3Dlightbox%26settings%3DeyJpZCI6MTU4MTAsInVybCI6Imh0dHBzOlwvXC93d3cuZHItbWZvLmNvbVwvd3AtY29udGVudFwvdXBsb2Fkc1wvMjAyNVwvMTJcL2dvb2Rtb3JuaW5ndXMtc2NhbGVkLnBuZyIsInNsaWRlc2hvdyI6ImE5ZGUwNDAifQ%3D%3D\" href=\"https:\/\/www.dr-mfo.com\/wp-content\/uploads\/2025\/12\/goodmorningus-scaled.png\"><img loading=\"lazy\" decoding=\"async\" width=\"808\" height=\"2560\" src=\"https:\/\/www.dr-mfo.com\/wp-content\/uploads\/2025\/12\/goodmorningus-scaled.png\" class=\"attachment-full size-full\" alt=\"Dr. MFO klini\u011finden bir doktor, elinde ak\u0131ll\u0131 telefonuyla, cinsiyet de\u011fi\u015ftirme ameliyat\u0131 hakk\u0131nda bir rehberi kendinden emin ve profesyonel bir tav\u0131rla sergiliyor.\" srcset=\"https:\/\/www.dr-mfo.com\/wp-content\/uploads\/2025\/12\/goodmorningus-scaled.png 808w, https:\/\/www.dr-mfo.com\/wp-content\/uploads\/2025\/12\/goodmorningus-95x300.png 95w, https:\/\/www.dr-mfo.com\/wp-content\/uploads\/2025\/12\/goodmorningus-323x1024.png 323w, https:\/\/www.dr-mfo.com\/wp-content\/uploads\/2025\/12\/goodmorningus-768x2432.png 768w, https:\/\/www.dr-mfo.com\/wp-content\/uploads\/2025\/12\/goodmorningus-485x1536.png 485w, https:\/\/www.dr-mfo.com\/wp-content\/uploads\/2025\/12\/goodmorningus-4x12.png 4w\" sizes=\"(max-width: 808px) 100vw, 808px\" \/><\/a>\n\t\t\t<\/div><\/figure><figure class='gallery-item'>\n\t\t\t<div class='gallery-icon portrait'>\n\t\t\t\t<a data-elementor-open-lightbox=\"yes\" data-elementor-lightbox-slideshow=\"a9de040\" data-elementor-lightbox-title=\"womensinsider\" data-e-action-hash=\"#elementor-action%3Aaction%3Dlightbox%26settings%3DeyJpZCI6MTU4MTEsInVybCI6Imh0dHBzOlwvXC93d3cuZHItbWZvLmNvbVwvd3AtY29udGVudFwvdXBsb2Fkc1wvMjAyNVwvMTJcL3dvbWVuc2luc2lkZXItc2NhbGVkLnBuZyIsInNsaWRlc2hvdyI6ImE5ZGUwNDAifQ%3D%3D\" href=\"https:\/\/www.dr-mfo.com\/wp-content\/uploads\/2025\/12\/womensinsider-scaled.png\"><img loading=\"lazy\" decoding=\"async\" width=\"675\" height=\"2560\" src=\"https:\/\/www.dr-mfo.com\/wp-content\/uploads\/2025\/12\/womensinsider-scaled.png\" class=\"attachment-full size-full\" alt=\"G\u00f6r\u00fcnt\u00fc i\u00e7eri\u011finin a\u00e7\u0131klamas\u0131\" srcset=\"https:\/\/www.dr-mfo.com\/wp-content\/uploads\/2025\/12\/womensinsider-scaled.png 675w, https:\/\/www.dr-mfo.com\/wp-content\/uploads\/2025\/12\/womensinsider-79x300.png 79w, https:\/\/www.dr-mfo.com\/wp-content\/uploads\/2025\/12\/womensinsider-270x1024.png 270w, https:\/\/www.dr-mfo.com\/wp-content\/uploads\/2025\/12\/womensinsider-405x1536.png 405w, https:\/\/www.dr-mfo.com\/wp-content\/uploads\/2025\/12\/womensinsider-540x2048.png 540w, https:\/\/www.dr-mfo.com\/wp-content\/uploads\/2025\/12\/womensinsider-3x12.png 3w\" sizes=\"(max-width: 675px) 100vw, 675px\" \/><\/a>\n\t\t\t<\/div><\/figure><figure class='gallery-item'>\n\t\t\t<div class='gallery-icon portrait'>\n\t\t\t\t<a data-elementor-open-lightbox=\"yes\" data-elementor-lightbox-slideshow=\"a9de040\" data-elementor-lightbox-title=\"medium\" data-e-action-hash=\"#elementor-action%3Aaction%3Dlightbox%26settings%3DeyJpZCI6MTU4MTIsInVybCI6Imh0dHBzOlwvXC93d3cuZHItbWZvLmNvbVwvd3AtY29udGVudFwvdXBsb2Fkc1wvMjAyNVwvMTJcL21lZGl1bS1zY2FsZWQucG5nIiwic2xpZGVzaG93IjoiYTlkZTA0MCJ9\" href=\"https:\/\/www.dr-mfo.com\/wp-content\/uploads\/2025\/12\/medium-scaled.png\"><img loading=\"lazy\" decoding=\"async\" width=\"462\" height=\"2560\" src=\"https:\/\/www.dr-mfo.com\/wp-content\/uploads\/2025\/12\/medium-scaled.png\" class=\"attachment-full size-full\" alt=\"Elinde &#039;Dr. MF\u00d6&#039; ve &#039;Ankara&#039; yaz\u0131l\u0131 bir pankart tutan bir ki\u015fi, &#039;Ankara Transgender Pride Festival 2023&#039;\u00fc tan\u0131t\u0131yor. Ki\u015fi, \u00fczerinde &#039;Dr. MF\u00d6&#039; yazan bir tabelan\u0131n bulundu\u011fu bir binan\u0131n \u00f6n\u00fcnde duruyor.\" srcset=\"https:\/\/www.dr-mfo.com\/wp-content\/uploads\/2025\/12\/medium-scaled.png 462w, https:\/\/www.dr-mfo.com\/wp-content\/uploads\/2025\/12\/medium-54x300.png 54w, https:\/\/www.dr-mfo.com\/wp-content\/uploads\/2025\/12\/medium-185x1024.png 185w, https:\/\/www.dr-mfo.com\/wp-content\/uploads\/2025\/12\/medium-768x4257.png 768w, https:\/\/www.dr-mfo.com\/wp-content\/uploads\/2025\/12\/medium-277x1536.png 277w, https:\/\/www.dr-mfo.com\/wp-content\/uploads\/2025\/12\/medium-2x12.png 2w\" sizes=\"(max-width: 462px) 100vw, 462px\" \/><\/a>\n\t\t\t<\/div><\/figure><figure class='gallery-item'>\n\t\t\t<div class='gallery-icon portrait'>\n\t\t\t\t<a data-elementor-open-lightbox=\"yes\" data-elementor-lightbox-slideshow=\"a9de040\" data-elementor-lightbox-title=\"usanews1\" data-e-action-hash=\"#elementor-action%3Aaction%3Dlightbox%26settings%3DeyJpZCI6MTU4MTMsInVybCI6Imh0dHBzOlwvXC93d3cuZHItbWZvLmNvbVwvd3AtY29udGVudFwvdXBsb2Fkc1wvMjAyNVwvMTJcL3VzYW5ld3MxLXNjYWxlZC5wbmciLCJzbGlkZXNob3ciOiJhOWRlMDQwIn0%3D\" href=\"https:\/\/www.dr-mfo.com\/wp-content\/uploads\/2025\/12\/usanews1-scaled.png\"><img loading=\"lazy\" decoding=\"async\" width=\"651\" height=\"2560\" src=\"https:\/\/www.dr-mfo.com\/wp-content\/uploads\/2025\/12\/usanews1-scaled.png\" class=\"attachment-full size-full\" alt=\"\u00c7evredeki metinden anla\u015f\u0131ld\u0131\u011f\u0131 \u00fczere, bir konferans veya etkinlik s\u0131ras\u0131nda k\u00fcrs\u00fcde konu\u015fan, tak\u0131m elbiseli bir adam muhtemelen trans bireylerin sa\u011fl\u0131k hizmetleri veya haklar\u0131yla ilgili bir konuyu tart\u0131\u015f\u0131yor.\" srcset=\"https:\/\/www.dr-mfo.com\/wp-content\/uploads\/2025\/12\/usanews1-scaled.png 651w, https:\/\/www.dr-mfo.com\/wp-content\/uploads\/2025\/12\/usanews1-76x300.png 76w, https:\/\/www.dr-mfo.com\/wp-content\/uploads\/2025\/12\/usanews1-521x2048.png 521w, https:\/\/www.dr-mfo.com\/wp-content\/uploads\/2025\/12\/usanews1-3x12.png 3w\" sizes=\"(max-width: 651px) 100vw, 651px\" \/><\/a>\n\t\t\t<\/div><\/figure>\n\t\t<\/div>\n\t\t<\/div>\n\t\t\t\t\t\t<\/div>\n\t\t\t\t\t<\/div>\n\t\t<\/div>\n\t\t\t\t\t<\/div>\n\t\t<\/section>\n\t\t\t\t<\/div>","protected":false},"excerpt":{"rendered":"<p>Medya Taraf\u0131ndan G\u00fcvenilen Dr. MFO Klini\u011fi&#039;nin temel ta\u015flar\u0131 g\u00fcvenlik, hassasiyet ve hasta memnuniyetidir. Bu sayfa, cinsiyet de\u011fi\u015ftirme esteti\u011fi ve plastik cerrahisinde g\u00fcvenilir bir otorite olarak itibar\u0131m\u0131z\u0131 peki\u015ftiren kapsaml\u0131 medya kapsam\u0131m\u0131z\u0131 vurgulamaktad\u0131r. Uluslararas\u0131 medya kurulu\u015flar\u0131n\u0131n g\u00fcvenli ve ba\u015far\u0131l\u0131 estetik prosed\u00fcrler konusunda uzman g\u00f6r\u00fc\u015fleri i\u00e7in neden Dr. MFO&#039;ya ba\u015fvurdu\u011funu ke\u015ffedin.<\/p>","protected":false},"author":2,"featured_media":0,"parent":0,"menu_order":0,"comment_status":"closed","ping_status":"closed","template":"","meta":{"_acf_changed":false,"footnotes":""},"class_list":["post-15807","page","type-page","status-publish","hentry"],"acf":[],"_links":{"self":[{"href":"https:\/\/www.dr-mfo.com\/tr\/wp-json\/wp\/v2\/pages\/15807","targetHints":{"allow":["GET"]}}],"collection":[{"href":"https:\/\/www.dr-mfo.com\/tr\/wp-json\/wp\/v2\/pages"}],"about":[{"href":"https:\/\/www.dr-mfo.com\/tr\/wp-json\/wp\/v2\/types\/page"}],"author":[{"embeddable":true,"href":"https:\/\/www.dr-mfo.com\/tr\/wp-json\/wp\/v2\/users\/2"}],"replies":[{"embeddable":true,"href":"https:\/\/www.dr-mfo.com\/tr\/wp-json\/wp\/v2\/comments?post=15807"}],"version-history":[{"count":0,"href":"https:\/\/www.dr-mfo.com\/tr\/wp-json\/wp\/v2\/pages\/15807\/revisions"}],"wp:attachment":[{"href":"https:\/\/www.dr-mfo.com\/tr\/wp-json\/wp\/v2\/media?parent=15807"}],"curies":[{"name":"wp","href":"https:\/\/api.w.org\/{rel}","templated":true}]}}