{"id":2185,"date":"2022-03-24T23:18:19","date_gmt":"2022-03-24T23:18:19","guid":{"rendered":"https:\/\/www.dr-mfo.com\/?page_id=2185"},"modified":"2026-02-22T11:27:36","modified_gmt":"2026-02-22T11:27:36","slug":"jinekomasti","status":"publish","type":"page","link":"https:\/\/www.dr-mfo.com\/tr\/gynecomastia\/","title":{"rendered":"Jinekomasti"},"content":{"rendered":"<div data-elementor-type=\"wp-page\" data-elementor-id=\"2185\" class=\"elementor elementor-2185\">\n\t\t\t\t\t\t<section class=\"elementor-section elementor-top-section elementor-element elementor-element-24a0943 elementor-section-boxed elementor-section-height-default elementor-section-height-default\" data-id=\"24a0943\" data-element_type=\"section\" data-e-type=\"section\">\n\t\t\t\t\t\t<div class=\"elementor-container elementor-column-gap-default\">\n\t\t\t\t\t<div class=\"elementor-column elementor-col-100 elementor-top-column elementor-element elementor-element-1c9067b\" data-id=\"1c9067b\" data-element_type=\"column\" data-e-type=\"column\">\n\t\t\t<div class=\"elementor-widget-wrap elementor-element-populated\">\n\t\t\t\t\t\t<div class=\"elementor-element elementor-element-8424a3e elementor-widget-divider--view-line elementor-widget elementor-widget-divider\" data-id=\"8424a3e\" data-element_type=\"widget\" data-e-type=\"widget\" data-widget_type=\"divider.default\">\n\t\t\t\t\t\t\t<div class=\"elementor-divider\">\n\t\t\t<span class=\"elementor-divider-separator\">\n\t\t\t\t\t\t<\/span>\n\t\t<\/div>\n\t\t\t\t\t\t<\/div>\n\t\t\t\t<div class=\"elementor-element elementor-element-04236dd elementor-widget-divider--view-line elementor-widget elementor-widget-divider\" data-id=\"04236dd\" data-element_type=\"widget\" data-e-type=\"widget\" data-widget_type=\"divider.default\">\n\t\t\t\t\t\t\t<div class=\"elementor-divider\">\n\t\t\t<span class=\"elementor-divider-separator\">\n\t\t\t\t\t\t<\/span>\n\t\t<\/div>\n\t\t\t\t\t\t<\/div>\n\t\t\t\t<div class=\"elementor-element elementor-element-3180696 elementor-widget-divider--view-line elementor-widget elementor-widget-divider\" data-id=\"3180696\" data-element_type=\"widget\" data-e-type=\"widget\" data-widget_type=\"divider.default\">\n\t\t\t\t\t\t\t<div class=\"elementor-divider\">\n\t\t\t<span class=\"elementor-divider-separator\">\n\t\t\t\t\t\t<\/span>\n\t\t<\/div>\n\t\t\t\t\t\t<\/div>\n\t\t\t\t<div class=\"elementor-element elementor-element-38e5a1c elementor-widget-divider--view-line elementor-widget elementor-widget-divider\" data-id=\"38e5a1c\" data-element_type=\"widget\" data-e-type=\"widget\" data-widget_type=\"divider.default\">\n\t\t\t\t\t\t\t<div class=\"elementor-divider\">\n\t\t\t<span class=\"elementor-divider-separator\">\n\t\t\t\t\t\t<\/span>\n\t\t<\/div>\n\t\t\t\t\t\t<\/div>\n\t\t\t\t<div class=\"elementor-element elementor-element-76222e8 elementor-widget elementor-widget-image\" data-id=\"76222e8\" data-element_type=\"widget\" data-e-type=\"widget\" data-widget_type=\"image.default\">\n\t\t\t\t\t\t\t\t\t\t\t\t\t\t\t<img decoding=\"async\" src=\"https:\/\/www.dr-mfo.com\/wp-content\/uploads\/elementor\/thumbs\/jinokomasti-qd1ltfmd2x0kf1r8o3ck2yabi5ekpd88pr6dynsx7q.jpg\" title=\"jinekomasti\" alt=\"Jinekomasti\" loading=\"lazy\" \/>\t\t\t\t\t\t\t\t\t\t\t\t\t\t\t<\/div>\n\t\t\t\t<div class=\"elementor-element elementor-element-73d47c6 elementor-widget-divider--view-line elementor-widget elementor-widget-divider\" data-id=\"73d47c6\" data-element_type=\"widget\" data-e-type=\"widget\" data-widget_type=\"divider.default\">\n\t\t\t\t\t\t\t<div class=\"elementor-divider\">\n\t\t\t<span class=\"elementor-divider-separator\">\n\t\t\t\t\t\t<\/span>\n\t\t<\/div>\n\t\t\t\t\t\t<\/div>\n\t\t\t\t<div class=\"elementor-element elementor-element-97cd352 elementor-widget elementor-widget-heading\" data-id=\"97cd352\" data-element_type=\"widget\" data-e-type=\"widget\" data-widget_type=\"heading.default\">\n\t\t\t\t\t<h2 class=\"elementor-heading-title elementor-size-xl\">Jinekomasti<\/h2>\t\t\t\t<\/div>\n\t\t\t\t<div class=\"elementor-element elementor-element-0c2bb9d elementor-widget elementor-widget-text-editor\" data-id=\"0c2bb9d\" data-element_type=\"widget\" data-e-type=\"widget\" data-widget_type=\"text-editor.default\">\n\t\t\t\t\t\t\t\t\t<p><span style=\"color: #000000;\">Jinekomasti erkeklerde kad\u0131ns\u0131 meme b\u00fcy\u00fcmesidir. Memelerin b\u00fcy\u00fcmesi ya\u011f dokusunun, meme dokusunun veya her ikisinin birden artmas\u0131 sonucu ortaya \u00e7\u0131kar. \u00c7e\u015fitli hormonal dengesizlikler, ila\u00e7lar ve baz\u0131 endokrinolojik hastal\u0131klar jinekomastiye neden olabilir. Ancak \u00e7o\u011fu zaman altta yatan bir neden bulunamaz. Jinekomasti erkeklerde ya\u015fam\u0131n \u00fc\u00e7 d\u00f6neminde ortaya \u00e7\u0131kabilir. Bu d\u00f6nemler s\u0131ras\u0131yla bebeklik, ergenlik ve ya\u015fl\u0131l\u0131kt\u0131r. \u00d6zellikle ergenlik d\u00f6neminde g\u00f6r\u00fclebilen jinekomasti kal\u0131c\u0131 olabiliyor. Kamburluk ve s\u0131rt e\u011frili\u011fi gibi durumlarda jinekomasti daha fazla kendini g\u00f6sterebilir. Jinekomasti d\u00fczeltmesi sayesinde bu durumdan kurtulmak m\u00fcmk\u00fcn<\/span><\/p><p><span style=\"color: #000000;\">Sahillerde saklanmaktan, k\u0131yafetlerinizin arkas\u0131na saklan\u0131yormu\u015f gibi hissetmekten, ti\u015f\u00f6rt giyememekten s\u0131k\u0131ld\u0131ysan\u0131z yaz\u0131n\u0131n devam\u0131 tam size g\u00f6re. Bol k\u0131yafetler giymenize, plajlarda moralinizin bozulmas\u0131na ve bu sorunu s\u00fcrekli ya\u015faman\u0131za gerek yok.<\/span><\/p><p><span style=\"color: #000000;\">Estetik Plastik Cerrahi, t\u00fcm bu sorunlar\u0131n \u00e7\u00f6z\u00fcm\u00fc i\u00e7in g\u00fc\u00e7l\u00fc se\u00e7enekler sunmaktad\u0131r. Jinekomasti d\u00fczeltme, rahats\u0131z edici, b\u00fcy\u00fck ve sark\u0131k kad\u0131ns\u0131 tip g\u00f6\u011f\u00fcsler i\u00e7in ideal bir se\u00e7enektir. Ayr\u0131ca, liposuction ve kendi ya\u011flar\u0131n\u0131zdan yap\u0131lacak ya\u011f dolgular\u0131 ile daha g\u00fc\u00e7l\u00fc erkeksi v\u00fccut hatlar\u0131 ve kasl\u0131 bir g\u00f6r\u00fcn\u00fcm elde etmek ve asimetrileri ortadan kald\u0131rmak m\u00fcmk\u00fcnd\u00fcr. Jinekomasti d\u00fczeltme, y\u00fcksek memnuniyet oran\u0131na sahip bir uygulamad\u0131r. B\u00fcy\u00fck, sark\u0131k ve asimetrik g\u00f6\u011f\u00fcslerde tatmin edici sonu\u00e7lar vermektedir.\u00a0<\/span><span style=\"color: #000000; font-size: 1rem;\">Jinekomasti veya jinekomasti ameliyat\u0131 <a href=\"https:\/\/www.dr-mfo.com\/tr\/hidden-paradise-antalya-and-touristic-feautures\/\">T\u00fcrkiye<\/a> ayna kar\u015f\u0131s\u0131nda \u00f6zg\u00fcveninizi yeniden kazanman\u0131z\u0131 sunuyor! Uzun vadeli sonu\u00e7lardan \u00f6nce ve sonra daha fazla bilgi edinmek i\u00e7in hasta incelemeleri ve jinekomasti ameliyat\u0131n\u0131n maliyetinin ne kadar oldu\u011funu \u00f6\u011frenmek i\u00e7in <a href=\"https:\/\/www.dr-mfo.com\/tr\/who-is-drmfo\/\">Dr.MFO<\/a>, sitenin \u00fcst k\u0131sm\u0131ndaki &#039;Bize Ula\u015f\u0131n&#039; d\u00fc\u011fmesini t\u0131klay\u0131n!<\/span><\/p>\t\t\t\t\t\t\t\t<\/div>\n\t\t\t\t<div class=\"elementor-element elementor-element-181a6cf elementor-widget elementor-widget-heading\" data-id=\"181a6cf\" data-element_type=\"widget\" data-e-type=\"widget\" data-widget_type=\"heading.default\">\n\t\t\t\t\t<h2 class=\"elementor-heading-title elementor-size-large\">Ameliyat<\/h2>\t\t\t\t<\/div>\n\t\t\t\t<div class=\"elementor-element elementor-element-056cace elementor-widget elementor-widget-text-editor\" data-id=\"056cace\" data-element_type=\"widget\" data-e-type=\"widget\" data-widget_type=\"text-editor.default\">\n\t\t\t\t\t\t\t\t\t<p><span style=\"color: #000000;\">Ameliyat genellikle genel anestezi alt\u0131nda yap\u0131l\u0131r. Liposuction tekni\u011fi genellikle meme b\u00fcy\u00fcmesine neden olan ya\u011f dokusu i\u00e7in kullan\u0131l\u0131r. 1-2 noktadan yap\u0131lan 0,5 cm&#039;lik kesilerle girilir ve \u00f6zel kan\u00fcller yard\u0131m\u0131yla ya\u011f dokusu par\u00e7alanarak d\u0131\u015far\u0131 al\u0131n\u0131r. S\u00f6z konusu kesi alanlar\u0131ndan girilerek ya\u011f dokusuna e\u015flik eden meme bezleri de d\u0131\u015far\u0131 al\u0131n\u0131r. Meme u\u00e7lar\u0131nda \u015fekil ve renk de\u011fi\u015fikli\u011fi veya \u015fekil bozukluklar\u0131 olu\u015fmamas\u0131 i\u00e7in meme ba\u015f\u0131 veya \u00e7evresine herhangi bir kesi yap\u0131lmaz. Kesi izleri genellikle 3-6 ay sonra solukla\u015f\u0131r ve neredeyse g\u00f6r\u00fcnmez hale gelir.<\/span><\/p>\t\t\t\t\t\t\t\t<\/div>\n\t\t\t\t<div class=\"elementor-element elementor-element-2650e09 elementor-widget elementor-widget-heading\" data-id=\"2650e09\" data-element_type=\"widget\" data-e-type=\"widget\" data-widget_type=\"heading.default\">\n\t\t\t\t\t<h2 class=\"elementor-heading-title elementor-size-large\">Ameliyattan \u00f6nce<\/h2>\t\t\t\t<\/div>\n\t\t\t\t<div class=\"elementor-element elementor-element-2b21751 elementor-widget elementor-widget-text-editor\" data-id=\"2b21751\" data-element_type=\"widget\" data-e-type=\"widget\" data-widget_type=\"text-editor.default\">\n\t\t\t\t\t\t\t\t\t<p style=\"word-spacing: 6.4px;\"><span style=\"color: #000000;\">T\u00fcm ameliyatlarda oldu\u011fu gibi jinekomasti ameliyat\u0131ndan en az iki hafta \u00f6nce sigara ve t\u00fct\u00fcn \u00fcr\u00fcnleri kullan\u0131m\u0131n\u0131n b\u0131rak\u0131lmas\u0131 gerekmektedir. Ameliyat \u00f6ncesi doktor kons\u00fcltasyonu s\u0131ras\u0131nda hastan\u0131n kulland\u0131\u011f\u0131 ila\u00e7lar, d\u00fczenli olarak t\u00fcketti\u011fi g\u0131da takviyeleri ve bitki \u00e7aylar\u0131, varsa mevcut ve ge\u00e7mi\u015f hastal\u0131klar\u0131 ve alerjileri hakk\u0131nda doktoruna bilgi vermesi gerekmektedir. \u00d6zellikle kan suland\u0131r\u0131c\u0131 ila\u00e7lar\u0131n b\u0131rak\u0131lmas\u0131 veya yeniden d\u00fczenlenmesi gerekebilir.<\/span><\/p>\t\t\t\t\t\t\t\t<\/div>\n\t\t\t\t<div class=\"elementor-element elementor-element-3104334 elementor-widget elementor-widget-heading\" data-id=\"3104334\" data-element_type=\"widget\" data-e-type=\"widget\" data-widget_type=\"heading.default\">\n\t\t\t\t\t<h2 class=\"elementor-heading-title elementor-size-large\">Ameliyat g\u00fcn\u00fc dikkat edilmesi gerekenler<\/h2>\t\t\t\t<\/div>\n\t\t\t\t<div class=\"elementor-element elementor-element-a0ead1c elementor-widget elementor-widget-text-editor\" data-id=\"a0ead1c\" data-element_type=\"widget\" data-e-type=\"widget\" data-widget_type=\"text-editor.default\">\n\t\t\t\t\t\t\t\t\t<p><span style=\"color: #000000;\">Ameliyat sonras\u0131 d\u00f6nem i\u00e7in rahat k\u0131yafetler getirilmesi \u00f6nemlidir. Geni\u015f, uzun ve d\u00fc\u011fmeli k\u0131yafetler ideal olacakt\u0131r. Ayr\u0131ca operasyondan bir g\u00fcn \u00f6nce antibakteriyel sabunla \u0131l\u0131k du\u015f al\u0131nmas\u0131 tavsiye edilir.<\/span><\/p><p><span style=\"color: #000000;\">G\u0131da takviyeleriniz, bitkisel ila\u00e7lar\u0131n\u0131z, bitki \u00e7aylar\u0131n\u0131z, bilinen ek hastal\u0131klar\u0131n\u0131z veya d\u00fczenli olarak kulland\u0131\u011f\u0131n\u0131z ila\u00e7lar\u0131n\u0131z varsa bunlar\u0131 yak\u0131nlar\u0131n\u0131zla payla\u015fmal\u0131s\u0131n\u0131z. <a href=\"https:\/\/www.dr-mfo.com\/tr\/\">Cerrah<\/a> ve ekibi. E\u011fer \u00f6zel bir sa\u011fl\u0131k probleminiz yoksa operasyon g\u00fcn\u00fc yap\u0131lan analiz ile operasyona uygun olup olmad\u0131\u011f\u0131n\u0131za karar verilebilir.<\/span><\/p>\t\t\t\t\t\t\t\t<\/div>\n\t\t\t\t<div class=\"elementor-element elementor-element-775a3b2 elementor-widget elementor-widget-heading\" data-id=\"775a3b2\" data-element_type=\"widget\" data-e-type=\"widget\" data-widget_type=\"heading.default\">\n\t\t\t\t\t<h2 class=\"elementor-heading-title elementor-size-large\">Ameliyattan sonra<\/h2>\t\t\t\t<\/div>\n\t\t\t\t<div class=\"elementor-element elementor-element-dba5874 elementor-widget elementor-widget-text-editor\" data-id=\"dba5874\" data-element_type=\"widget\" data-e-type=\"widget\" data-widget_type=\"text-editor.default\">\n\t\t\t\t\t\t\t\t\t<p><span style=\"color: #000000;\">Hastalar genellikle ameliyat\u0131n yap\u0131ld\u0131\u011f\u0131 g\u00fcn veya ertesi g\u00fcn taburcu edilir. Ameliyattan hemen sonra destekleyici korse giydirilir ve bu korse 3-4 hafta kullan\u0131l\u0131r. 2. g\u00fcnden sonra hasta banyo yapabilir. Genellikle 2. g\u00fcnden itibaren hasta i\u015f ve sosyal hayat\u0131na korse ile d\u00f6nebilir. \u015ei\u015flikler genellikle 2 hafta i\u00e7inde geriler.<\/span><\/p><p><span style=\"color: #000000;\">Genellikle operasyondan sonraki \u00fc\u00e7\u00fcnc\u00fc g\u00fcnde cerrah\u0131n\u0131z taraf\u0131ndan yap\u0131lacak detayl\u0131 kontrol de sizi sonu\u00e7lar hakk\u0131nda bilgilendirecektir.<\/span><\/p><p style=\"word-spacing: 6.4px;\"><span style=\"color: #000000;\">\u0130lk \u00fc\u00e7 hafta tamamlan\u0131ncaya kadar hafif tempolu y\u00fcr\u00fcy\u00fc\u015f gibi spor aktiviteleri yap\u0131labilir. D\u00f6rd\u00fcnc\u00fc hafta itibariyle spor hayat\u0131n\u0131za tamamen d\u00f6nebilirsiniz. A\u011f\u0131r profesyonel spor aktiviteleri (halter, boks vb.) i\u00e7in ilk alt\u0131 haftan\u0131n beklenmesi tavsiye edilir.<\/span><\/p>\t\t\t\t\t\t\t\t<\/div>\n\t\t\t\t\t<\/div>\n\t\t<\/div>\n\t\t\t\t\t<\/div>\n\t\t<\/section>\n\t\t\t\t<section class=\"elementor-section elementor-top-section elementor-element elementor-element-0bb05d3 elementor-section-boxed elementor-section-height-default elementor-section-height-default\" data-id=\"0bb05d3\" data-element_type=\"section\" data-e-type=\"section\">\n\t\t\t\t\t\t<div class=\"elementor-container elementor-column-gap-default\">\n\t\t\t\t\t<div class=\"elementor-column elementor-col-50 elementor-top-column elementor-element elementor-element-59f81ae\" data-id=\"59f81ae\" data-element_type=\"column\" data-e-type=\"column\">\n\t\t\t<div class=\"elementor-widget-wrap elementor-element-populated\">\n\t\t\t\t\t\t<div class=\"elementor-element elementor-element-1a96609 elementor-widget elementor-widget-html\" data-id=\"1a96609\" data-element_type=\"widget\" data-e-type=\"widget\" data-widget_type=\"html.default\">\n\t\t\t\t\t<blockquote class=\"instagram-media\" data-instgrm-captioned data-instgrm-permalink=\"https:\/\/www.instagram.com\/p\/CjqBas6oqye\/?utm_source=ig_embed&amp;utm_campaign=loading\" data-instgrm-version=\"14\" style=\" background:#FFF; border:0; border-radius:3px; box-shadow:0 0 1px 0 rgba(0,0,0,0.5),0 1px 10px 0 rgba(0,0,0,0.15); margin: 1px; max-width:540px; min-width:326px; padding:0; width:99.375%; width:-webkit-calc(100% - 2px); width:calc(100% - 2px);\"><div style=\"padding:16px;\"> <a href=\"https:\/\/www.instagram.com\/p\/CjqBas6oqye\/?utm_source=ig_embed&amp;utm_campaign=loading\" style=\" background:#FFFFFF; line-height:0; padding:0 0; text-align:center; text-decoration:none; width:100%;\" target=\"_blank\" rel=\"nofollow noopener\"> <div style=\" display: flex; flex-direction: row; align-items: center;\"> <div style=\"background-color: #F4F4F4; border-radius: 50%; flex-grow: 0; height: 40px; margin-right: 14px; width: 40px;\"><\/div> <div style=\"display: flex; flex-direction: column; flex-grow: 1; justify-content: center;\"> <div style=\" background-color: #F4F4F4; border-radius: 4px; flex-grow: 0; height: 14px; margin-bottom: 6px; width: 100px;\"><\/div> <div style=\" background-color: #F4F4F4; border-radius: 4px; flex-grow: 0; height: 14px; width: 60px;\"><\/div><\/div><\/div><div style=\"padding: 19% 0;\"><\/div> <div style=\"display:block; height:50px; margin:0 auto 12px; width:50px;\"><svg width=\"50px\" height=\"50px\" viewbox=\"0 0 60 60\" version=\"1.1\" xmlns=\"https:\/\/www.w3.org\/2000\/svg\" xmlns:xlink=\"https:\/\/www.w3.org\/1999\/xlink\"><g stroke=\"none\" stroke-width=\"1\" fill=\"none\" fill-rule=\"evenodd\"><g transform=\"translate(-511.000000, -20.000000)\" fill=\"#000000\"><g><path d=\"M556.869,30.41 C554.814,30.41 553.148,32.076 553.148,34.131 C553.148,36.186 554.814,37.852 556.869,37.852 C558.924,37.852 560.59,36.186 560.59,34.131 C560.59,32.076 558.924,30.41 556.869,30.41 M541,60.657 C535.114,60.657 530.342,55.887 530.342,50 C530.342,44.114 535.114,39.342 541,39.342 C546.887,39.342 551.658,44.114 551.658,50 C551.658,55.887 546.887,60.657 541,60.657 M541,33.886 C532.1,33.886 524.886,41.1 524.886,50 C524.886,58.899 532.1,66.113 541,66.113 C549.9,66.113 557.115,58.899 557.115,50 C557.115,41.1 549.9,33.886 541,33.886 M565.378,62.101 C565.244,65.022 564.756,66.606 564.346,67.663 C563.803,69.06 563.154,70.057 562.106,71.106 C561.058,72.155 560.06,72.803 558.662,73.347 C557.607,73.757 556.021,74.244 553.102,74.378 C549.944,74.521 548.997,74.552 541,74.552 C533.003,74.552 532.056,74.521 528.898,74.378 C525.979,74.244 524.393,73.757 523.338,73.347 C521.94,72.803 520.942,72.155 519.894,71.106 C518.846,70.057 518.197,69.06 517.654,67.663 C517.244,66.606 516.755,65.022 516.623,62.101 C516.479,58.943 516.448,57.996 516.448,50 C516.448,42.003 516.479,41.056 516.623,37.899 C516.755,34.978 517.244,33.391 517.654,32.338 C518.197,30.938 518.846,29.942 519.894,28.894 C520.942,27.846 521.94,27.196 523.338,26.654 C524.393,26.244 525.979,25.756 528.898,25.623 C532.057,25.479 533.004,25.448 541,25.448 C548.997,25.448 549.943,25.479 553.102,25.623 C556.021,25.756 557.607,26.244 558.662,26.654 C560.06,27.196 561.058,27.846 562.106,28.894 C563.154,29.942 563.803,30.938 564.346,32.338 C564.756,33.391 565.244,34.978 565.378,37.899 C565.522,41.056 565.552,42.003 565.552,50 C565.552,57.996 565.522,58.943 565.378,62.101 M570.82,37.631 C570.674,34.438 570.167,32.258 569.425,30.349 C568.659,28.377 567.633,26.702 565.965,25.035 C564.297,23.368 562.623,22.342 560.652,21.575 C558.743,20.834 556.562,20.326 553.369,20.18 C550.169,20.033 549.148,20 541,20 C532.853,20 531.831,20.033 528.631,20.18 C525.438,20.326 523.257,20.834 521.349,21.575 C519.376,22.342 517.703,23.368 516.035,25.035 C514.368,26.702 513.342,28.377 512.574,30.349 C511.834,32.258 511.326,34.438 511.181,37.631 C511.035,40.831 511,41.851 511,50 C511,58.147 511.035,59.17 511.181,62.369 C511.326,65.562 511.834,67.743 512.574,69.651 C513.342,71.625 514.368,73.296 516.035,74.965 C517.703,76.634 519.376,77.658 521.349,78.425 C523.257,79.167 525.438,79.673 528.631,79.82 C531.831,79.965 532.853,80.001 541,80.001 C549.148,80.001 550.169,79.965 553.369,79.82 C556.562,79.673 558.743,79.167 560.652,78.425 C562.623,77.658 564.297,76.634 565.965,74.965 C567.633,73.296 568.659,71.625 569.425,69.651 C570.167,67.743 570.674,65.562 570.82,62.369 C570.966,59.17 571,58.147 571,50 C571,41.851 570.966,40.831 570.82,37.631\"><\/path><\/g><\/g><\/g><\/svg><\/div><div style=\"padding-top: 8px;\"> <div style=\" color:#3897f0; font-family:Arial,sans-serif; font-size:14px; font-style:normal; font-weight:550; line-height:18px;\">Instagram&#039;da bu yay\u0131n\u0131 ver<\/div><\/div><div style=\"padding: 12.5% 0;\"><\/div> <div style=\"display: flex; flex-direction: row; margin-bottom: 14px; align-items: center;\"><div> <div style=\"background-color: #F4F4F4; border-radius: 50%; height: 12.5px; width: 12.5px; transform: translateX(0px) translateY(7px);\"><\/div> <div style=\"background-color: #F4F4F4; height: 12.5px; transform: rotate(-45deg) translateX(3px) translateY(1px); width: 12.5px; flex-grow: 0; margin-right: 14px; margin-left: 2px;\"><\/div> <div style=\"background-color: #F4F4F4; border-radius: 50%; height: 12.5px; width: 12.5px; transform: translateX(9px) translateY(-18px);\"><\/div><\/div><div style=\"margin-left: 8px;\"> <div style=\" background-color: #F4F4F4; border-radius: 50%; flex-grow: 0; height: 20px; width: 20px;\"><\/div> <div style=\" width: 0; height: 0; border-top: 2px solid transparent; border-left: 6px solid #f4f4f4; border-bottom: 2px solid transparent; transform: translateX(16px) translateY(-4px) rotate(30deg)\"><\/div><\/div><div style=\"margin-left: auto;\"> <div style=\" width: 0px; border-top: 8px solid #F4F4F4; border-right: 8px solid transparent; transform: translateY(16px);\"><\/div> <div style=\" background-color: #F4F4F4; flex-grow: 0; height: 12px; width: 16px; transform: translateY(-4px);\"><\/div> <div style=\" width: 0; height: 0; border-top: 8px solid #F4F4F4; border-left: 8px solid transparent; transform: translateY(-4px) translateX(8px);\"><\/div><\/div><\/div> <div style=\"display: flex; flex-direction: column; flex-grow: 1; justify-content: center; margin-bottom: 24px;\"> <div style=\" background-color: #F4F4F4; border-radius: 4px; flex-grow: 0; height: 14px; margin-bottom: 6px; width: 224px;\"><\/div> <div style=\" background-color: #F4F4F4; border-radius: 4px; flex-grow: 0; height: 14px; width: 144px;\"><\/div><\/div><\/a><p style=\" color:#c9c8cd; font-family:Arial,sans-serif; font-size:14px; line-height:17px; margin-bottom:0; margin-top:8px; overflow:hidden; padding:8px 0 7px; text-align:center; text-overflow:ellipsis; white-space:nowrap;\"><a href=\"https:\/\/www.instagram.com\/p\/CjqBas6oqye\/?utm_source=ig_embed&amp;utm_campaign=loading\" style=\" color:#c9c8cd; font-family:Arial,sans-serif; font-size:14px; font-style:normal; font-weight:normal; line-height:17px; text-decoration:none;\" target=\"_blank\" rel=\"nofollow noopener\">Mehmet Fatih Okyay, MD, FEBOPRAS (@dr_mfo) taraf\u0131ndan haz\u0131rlanan bir yay\u0131n<\/a><\/p><\/div><\/blockquote> <script async src=\"\/\/www.instagram.com\/embed.js\"><\/script>\t\t\t\t<\/div>\n\t\t\t\t\t<\/div>\n\t\t<\/div>\n\t\t\t\t<div class=\"elementor-column elementor-col-50 elementor-top-column elementor-element elementor-element-e71c974\" data-id=\"e71c974\" data-element_type=\"column\" data-e-type=\"column\">\n\t\t\t<div class=\"elementor-widget-wrap\">\n\t\t\t\t\t\t\t<\/div>\n\t\t<\/div>\n\t\t\t\t\t<\/div>\n\t\t<\/section>\n\t\t\t\t<\/div>","protected":false},"excerpt":{"rendered":"<p>Gynecomastia Gynecomastia is feminine breast enlargement in men. Enlargement of the breasts occurs as a result of an increase in fat, breast tissue, or both. Various hormonal imbalances, drugs, and some endocrinological diseases can cause gynecomastia. However, an underlying cause is often not found. Gynecomastia can occur in men in three periods of life. These [&hellip;]<\/p>\n","protected":false},"author":2,"featured_media":0,"parent":0,"menu_order":0,"comment_status":"closed","ping_status":"closed","template":"","meta":{"_acf_changed":false,"footnotes":""},"class_list":["post-2185","page","type-page","status-publish","hentry"],"acf":[],"_links":{"self":[{"href":"https:\/\/www.dr-mfo.com\/tr\/wp-json\/wp\/v2\/pages\/2185","targetHints":{"allow":["GET"]}}],"collection":[{"href":"https:\/\/www.dr-mfo.com\/tr\/wp-json\/wp\/v2\/pages"}],"about":[{"href":"https:\/\/www.dr-mfo.com\/tr\/wp-json\/wp\/v2\/types\/page"}],"author":[{"embeddable":true,"href":"https:\/\/www.dr-mfo.com\/tr\/wp-json\/wp\/v2\/users\/2"}],"replies":[{"embeddable":true,"href":"https:\/\/www.dr-mfo.com\/tr\/wp-json\/wp\/v2\/comments?post=2185"}],"version-history":[{"count":0,"href":"https:\/\/www.dr-mfo.com\/tr\/wp-json\/wp\/v2\/pages\/2185\/revisions"}],"wp:attachment":[{"href":"https:\/\/www.dr-mfo.com\/tr\/wp-json\/wp\/v2\/media?parent=2185"}],"curies":[{"name":"wp","href":"https:\/\/api.w.org\/{rel}","templated":true}]}}