{"id":2461,"date":"2022-04-05T01:43:22","date_gmt":"2022-04-05T00:43:22","guid":{"rendered":"https:\/\/www.dr-mfo.com\/?page_id=2461"},"modified":"2026-02-22T11:23:36","modified_gmt":"2026-02-22T11:23:36","slug":"bakim-sonrasi","status":"publish","type":"page","link":"https:\/\/www.dr-mfo.com\/tr\/aftercare\/","title":{"rendered":"Bak\u0131m sonras\u0131"},"content":{"rendered":"<div data-elementor-type=\"wp-page\" data-elementor-id=\"2461\" class=\"elementor elementor-2461\">\n\t\t\t\t\t\t<section class=\"elementor-section elementor-top-section elementor-element elementor-element-833c330 elementor-section-boxed elementor-section-height-default elementor-section-height-default\" data-id=\"833c330\" data-element_type=\"section\" data-e-type=\"section\">\n\t\t\t\t\t\t<div class=\"elementor-container elementor-column-gap-default\">\n\t\t\t\t\t<div class=\"elementor-column elementor-col-100 elementor-top-column elementor-element elementor-element-babe9f8\" data-id=\"babe9f8\" data-element_type=\"column\" data-e-type=\"column\">\n\t\t\t<div class=\"elementor-widget-wrap elementor-element-populated\">\n\t\t\t\t\t\t<div class=\"elementor-element elementor-element-669d42b elementor-widget-divider--view-line elementor-widget elementor-widget-divider\" data-id=\"669d42b\" data-element_type=\"widget\" data-e-type=\"widget\" data-widget_type=\"divider.default\">\n\t\t\t\t\t\t\t<div class=\"elementor-divider\">\n\t\t\t<span class=\"elementor-divider-separator\">\n\t\t\t\t\t\t<\/span>\n\t\t<\/div>\n\t\t\t\t\t\t<\/div>\n\t\t\t\t<div class=\"elementor-element elementor-element-690e1b6 elementor-widget-divider--view-line elementor-widget elementor-widget-divider\" data-id=\"690e1b6\" data-element_type=\"widget\" data-e-type=\"widget\" data-widget_type=\"divider.default\">\n\t\t\t\t\t\t\t<div class=\"elementor-divider\">\n\t\t\t<span class=\"elementor-divider-separator\">\n\t\t\t\t\t\t<\/span>\n\t\t<\/div>\n\t\t\t\t\t\t<\/div>\n\t\t\t\t<div class=\"elementor-element elementor-element-0ab6860 elementor-widget-divider--view-line elementor-widget elementor-widget-divider\" data-id=\"0ab6860\" data-element_type=\"widget\" data-e-type=\"widget\" data-widget_type=\"divider.default\">\n\t\t\t\t\t\t\t<div class=\"elementor-divider\">\n\t\t\t<span class=\"elementor-divider-separator\">\n\t\t\t\t\t\t<\/span>\n\t\t<\/div>\n\t\t\t\t\t\t<\/div>\n\t\t\t\t<div class=\"elementor-element elementor-element-ae50e39 elementor-widget-divider--view-line elementor-widget elementor-widget-divider\" data-id=\"ae50e39\" data-element_type=\"widget\" data-e-type=\"widget\" data-widget_type=\"divider.default\">\n\t\t\t\t\t\t\t<div class=\"elementor-divider\">\n\t\t\t<span class=\"elementor-divider-separator\">\n\t\t\t\t\t\t<\/span>\n\t\t<\/div>\n\t\t\t\t\t\t<\/div>\n\t\t\t\t<div class=\"elementor-element elementor-element-cf330ed elementor-widget elementor-widget-image\" data-id=\"cf330ed\" data-element_type=\"widget\" data-e-type=\"widget\" data-widget_type=\"image.default\">\n\t\t\t\t\t\t\t\t\t\t\t\t\t\t\t<img decoding=\"async\" src=\"https:\/\/www.dr-mfo.com\/wp-content\/uploads\/elementor\/thumbs\/instagram-bg-0.1-qd1ltdqop8xzrttyz2jaxyrebdnu9z0s1hvf03vpk6.jpg\" title=\"instagram-bg-0.1\" alt=\"Bir kad\u0131n uzanm\u0131\u015f halde, eldiven giyen ve \u00f6zel bir el cihaz\u0131 kullanan bir profesyonel taraf\u0131ndan aln\u0131na kozmetik veya dermatolojik bir i\u015flem uygulan\u0131yor.\" loading=\"lazy\" \/>\t\t\t\t\t\t\t\t\t\t\t\t\t\t\t<\/div>\n\t\t\t\t<div class=\"elementor-element elementor-element-bdeeb9b elementor-widget-divider--view-line elementor-widget elementor-widget-divider\" data-id=\"bdeeb9b\" data-element_type=\"widget\" data-e-type=\"widget\" data-widget_type=\"divider.default\">\n\t\t\t\t\t\t\t<div class=\"elementor-divider\">\n\t\t\t<span class=\"elementor-divider-separator\">\n\t\t\t\t\t\t<\/span>\n\t\t<\/div>\n\t\t\t\t\t\t<\/div>\n\t\t\t\t<div class=\"elementor-element elementor-element-abb40fb elementor-widget elementor-widget-heading\" data-id=\"abb40fb\" data-element_type=\"widget\" data-e-type=\"widget\" data-widget_type=\"heading.default\">\n\t\t\t\t\t<h2 class=\"elementor-heading-title elementor-size-xl\">Bak\u0131m sonras\u0131<\/h2>\t\t\t\t<\/div>\n\t\t\t\t<div class=\"elementor-element elementor-element-114dda0 elementor-widget elementor-widget-text-editor\" data-id=\"114dda0\" data-element_type=\"widget\" data-e-type=\"widget\" data-widget_type=\"text-editor.default\">\n\t\t\t\t\t\t\t\t\t<p><span style=\"color: #000000;\">Her hastan\u0131n \u00f6yk\u00fcs\u00fcn\u00fcn benzersiz oldu\u011funun ve \u00fc\u00e7 b\u00f6l\u00fcmden olu\u015ftu\u011funun bilincindeyiz.<\/span><\/p><ol><li><span style=\"color: #000000;\">\u00d6n bak\u0131m d\u00f6nemi, ameliyata haz\u0131rl\u0131k.<\/span><\/li><li><span style=\"color: #000000;\">Bak\u0131m sonras\u0131 d\u00f6nem, ameliyat sonras\u0131 bak\u0131m.<\/span><\/li><li><span style=\"color: #000000;\">Bak\u0131m sonras\u0131 d\u00f6nem, hastalar\u0131n \u00fclkelerine huzur i\u00e7inde geldikleri d\u00f6nem.<\/span><\/li><\/ol>\t\t\t\t\t\t\t\t<\/div>\n\t\t\t\t<div class=\"elementor-element elementor-element-bab0e40 elementor-widget elementor-widget-heading\" data-id=\"bab0e40\" data-element_type=\"widget\" data-e-type=\"widget\" data-widget_type=\"heading.default\">\n\t\t\t\t\t<h2 class=\"elementor-heading-title elementor-size-large\">\u0130lk 24 saat<\/h2>\t\t\t\t<\/div>\n\t\t\t\t<div class=\"elementor-element elementor-element-427af60 elementor-widget elementor-widget-text-editor\" data-id=\"427af60\" data-element_type=\"widget\" data-e-type=\"widget\" data-widget_type=\"text-editor.default\">\n\t\t\t\t\t\t\t\t\t<p><span style=\"color: #000000;\">Hastan\u0131n hastanede yat\u0131\u015f\u0131 s\u0131ras\u0131nda ki\u015fisel hem\u015fire sa\u011flayarak maksimum konforu hedefliyoruz ve hastanenin yerel personeliyle en \u00e7ok ihtiya\u00e7 duyduklar\u0131 anda dil engelini ortadan kald\u0131r\u0131yoruz. Birka\u00e7 saat i\u00e7inde beslenmeye, giyinmeye ve y\u00fcr\u00fcmeye ba\u015flayabilirsiniz.<\/span><\/p><p><span style=\"color: #000000;\">Hastan\u0131n ilk ad\u0131mlar\u0131n\u0131 bizzat biz \u00f6nemsiyoruz. Deneyimli sa\u011fl\u0131k \u00e7al\u0131\u015fanlar\u0131 olarak hastalara deneyimleyecekleri her ad\u0131m\u0131, belirsizlik fakt\u00f6r\u00fcn\u00fc ortadan kald\u0131rarak tek tek anlat\u0131yoruz. \u0130nsanlar bilmedikleri \u015feylerden korkarlar.<\/span><\/p><p><span style=\"color: #000000;\">Kombine ameliyatlar d\u0131\u015f\u0131nda \u00e7o\u011funlukla bir gecelik hastanede yat\u0131\u015f yeterli olabilir. \u00c7o\u011fu durumda hastalar ameliyat g\u00fcn\u00fcn\u00fcn ard\u0131ndan hastaneden taburcu edilir. Taburculuk g\u00fcn\u00fcnde, <a href=\"https:\/\/www.dr-mfo.com\/tr\/who-is-drmfo\/\">Dr.MFO<\/a> Hastan\u0131n taburcu edilecek kadar iyi olup olmad\u0131\u011f\u0131n\u0131 \u00f6\u011frenmek i\u00e7in hastayla konu\u015fur. Hastayla ileti\u015fim halinde kal\u0131yoruz, hastalara re\u00e7ete edilen ila\u00e7lar\u0131 veriyoruz ve \u00e7o\u011funlukla operasyonun 3. g\u00fcn\u00fc olan ilk kons\u00fcltasyon g\u00fcn\u00fcn\u00fc bekliyoruz. Hastalar\u0131n u\u00e7u\u015f tarihlerine g\u00f6re son kons\u00fcltasyonlar\u0131n\u0131 yap\u0131p \u00fclkelerine g\u00f6n\u00fcl rahatl\u0131\u011f\u0131yla g\u00f6nderiyoruz.<\/span><\/p><p><span style=\"color: #000000;\">D\u0131\u015fsalla\u015ft\u0131rma \u00f6ncesinde doktor ve profesyonel ekibi ilk pansuman\u0131 yapar ve ilk sonu\u00e7lar hakk\u0131nda bilgi payla\u015f\u0131r.<\/span><\/p><p><span style=\"color: #000000;\"><span style=\"word-spacing: 6.4px;\">Kara transferi sizi g\u00f6revli bir ekip e\u015fli\u011finde otel odan\u0131za g\u00f6t\u00fcr\u00fcr.<\/span><\/span><\/p><p><span style=\"color: #000000;\"><span style=\"word-spacing: 6.4px;\">D\u00fcnyaca \u00fcnl\u00fc m\u00fcze otelleri ya da heyecan verici butik oteller, yeni benli\u011finizle tan\u0131\u015fman\u0131za ve \u00f6zel dinlenmeyle hayat\u0131n\u0131z\u0131 de\u011fi\u015ftirecek ameliyatlar\u0131n\u0131z\u0131 ke\u015ffetmenize yard\u0131mc\u0131 olmal\u0131.<\/span><\/span><\/p>\t\t\t\t\t\t\t\t<\/div>\n\t\t\t\t<div class=\"elementor-element elementor-element-aabed63 elementor-widget elementor-widget-heading\" data-id=\"aabed63\" data-element_type=\"widget\" data-e-type=\"widget\" data-widget_type=\"heading.default\">\n\t\t\t\t\t<h2 class=\"elementor-heading-title elementor-size-large\">Bak\u0131m sonras\u0131<\/h2>\t\t\t\t<\/div>\n\t\t\t\t<div class=\"elementor-element elementor-element-3348cb3 elementor-widget elementor-widget-text-editor\" data-id=\"3348cb3\" data-element_type=\"widget\" data-e-type=\"widget\" data-widget_type=\"text-editor.default\">\n\t\t\t\t\t\t\t\t\t<p><span style=\"color: #000000;\">Operasyonlar sonras\u0131nda hastalar\u0131n beklendi\u011fi gibi ya\u015fad\u0131\u011f\u0131 ruhsal ve fiziksel yanlar vard\u0131r. \u00c7o\u011fu hasta bu durumu hayat\u0131nda ilk kez ya\u015f\u0131yor ama biz ya\u015fam\u0131yoruz ve ne yapaca\u011f\u0131m\u0131z\u0131 biliyoruz.<\/span><\/p><p><span style=\"color: #000000;\">Hastalar \u00fclkelerine vard\u0131klar\u0131nda iyile\u015fmenin nas\u0131l gitti\u011fini g\u00f6rmek ve onlara yolculuklar\u0131nda yaln\u0131z olmad\u0131klar\u0131n\u0131 hissettirmek i\u00e7in periyodik olarak video konferans g\u00f6r\u00fc\u015fmeleri yap\u0131yoruz. <\/span><span style=\"color: #000000;\">\u0130yile\u015fmenin bu a\u015famas\u0131nda hastalar \u00e7evrelerindeki insanlar\u0131n yorumlar\u0131na kar\u015f\u0131 hassast\u0131r. <\/span><\/p><p><span style=\"color: #000000;\">Liposuction veya meme dikle\u015ftirme\/b\u00fcy\u00fctme gibi baz\u0131 operasyonlarda yan\u0131n\u0131zda korse veya spor s\u00fctyeni bulunacakt\u0131r. L\u00fctfen doktorunuzun g\u00f6r\u00fc\u015f\u00fcn\u00fc almadan bunlar\u0131 kullanmay\u0131 b\u0131rakmay\u0131n. <\/span><\/p><p><span style=\"color: #000000;\">Ameliyat \u00f6ncesi ve sonras\u0131 sigara ve benzeri t\u00fct\u00fcn \u00fcr\u00fcnlerine aktif veya pasif maruz kalmak doku oksijenini azalt\u0131r ve enfeksiyona zemin haz\u0131rlar. Bu nedenle ameliyat \u00f6ncesi ve sonras\u0131nda ortalama bir ay kadar uzak durulmas\u0131 gerekmektedir.<\/span><\/p>\t\t\t\t\t\t\t\t<\/div>\n\t\t\t\t<div class=\"elementor-element elementor-element-4521adb elementor-widget elementor-widget-image\" data-id=\"4521adb\" data-element_type=\"widget\" data-e-type=\"widget\" data-widget_type=\"image.default\">\n\t\t\t\t\t\t\t\t\t\t\t\t\t\t\t<img fetchpriority=\"high\" decoding=\"async\" width=\"825\" height=\"510\" src=\"https:\/\/www.dr-mfo.com\/wp-content\/uploads\/2022\/04\/ldm.jpeg\" class=\"attachment-full size-full wp-image-2543\" alt=\"Ellerini ba\u015f\u0131n\u0131n alt\u0131na koyup karn\u0131n\u0131n \u00fcst\u00fcne yatan, \u00e7\u0131plak s\u0131rt\u0131 g\u00f6r\u00fcnen bir ki\u015fi.\" srcset=\"https:\/\/www.dr-mfo.com\/wp-content\/uploads\/2022\/04\/ldm.jpeg 825w, https:\/\/www.dr-mfo.com\/wp-content\/uploads\/2022\/04\/ldm-300x185.jpeg 300w, https:\/\/www.dr-mfo.com\/wp-content\/uploads\/2022\/04\/ldm-768x475.jpeg 768w\" sizes=\"(max-width: 825px) 100vw, 825px\" \/>\t\t\t\t\t\t\t\t\t\t\t\t\t\t\t<\/div>\n\t\t\t\t\t<\/div>\n\t\t<\/div>\n\t\t\t\t\t<\/div>\n\t\t<\/section>\n\t\t\t\t<\/div>","protected":false},"excerpt":{"rendered":"<p>Aftercare We are well aware that every patient&#8217;s story is unique and there are three chapters. Precare period, preparation for surgery. Postcare period, care after surgery. Aftercare period, when the patients arrived in their countries with minds at peace. First 24 hours By providing personal nurses during the patient&#8217;s hospitalizations we aim for maximum comfort [&hellip;]<\/p>\n","protected":false},"author":2,"featured_media":0,"parent":0,"menu_order":0,"comment_status":"closed","ping_status":"closed","template":"","meta":{"_acf_changed":false,"footnotes":""},"class_list":["post-2461","page","type-page","status-publish","hentry"],"acf":[],"_links":{"self":[{"href":"https:\/\/www.dr-mfo.com\/tr\/wp-json\/wp\/v2\/pages\/2461","targetHints":{"allow":["GET"]}}],"collection":[{"href":"https:\/\/www.dr-mfo.com\/tr\/wp-json\/wp\/v2\/pages"}],"about":[{"href":"https:\/\/www.dr-mfo.com\/tr\/wp-json\/wp\/v2\/types\/page"}],"author":[{"embeddable":true,"href":"https:\/\/www.dr-mfo.com\/tr\/wp-json\/wp\/v2\/users\/2"}],"replies":[{"embeddable":true,"href":"https:\/\/www.dr-mfo.com\/tr\/wp-json\/wp\/v2\/comments?post=2461"}],"version-history":[{"count":0,"href":"https:\/\/www.dr-mfo.com\/tr\/wp-json\/wp\/v2\/pages\/2461\/revisions"}],"wp:attachment":[{"href":"https:\/\/www.dr-mfo.com\/tr\/wp-json\/wp\/v2\/media?parent=2461"}],"curies":[{"name":"wp","href":"https:\/\/api.w.org\/{rel}","templated":true}]}}