{"id":2462,"date":"2022-04-05T01:43:52","date_gmt":"2022-04-05T00:43:52","guid":{"rendered":"https:\/\/www.dr-mfo.com\/?page_id=2462"},"modified":"2026-02-22T11:22:36","modified_gmt":"2026-02-22T11:22:36","slug":"nanofat-enjeksiyonu-yag-asisi","status":"publish","type":"page","link":"https:\/\/www.dr-mfo.com\/tr\/nanofat-injection-fat-grafting\/","title":{"rendered":"Nanoya\u011f Enjeksiyonu"},"content":{"rendered":"<div data-elementor-type=\"wp-page\" data-elementor-id=\"2462\" class=\"elementor elementor-2462\">\n\t\t\t\t\t\t<section class=\"elementor-section elementor-top-section elementor-element elementor-element-ee1e1dd elementor-section-boxed elementor-section-height-default elementor-section-height-default\" data-id=\"ee1e1dd\" data-element_type=\"section\" data-e-type=\"section\">\n\t\t\t\t\t\t<div class=\"elementor-container elementor-column-gap-default\">\n\t\t\t\t\t<div class=\"elementor-column elementor-col-100 elementor-top-column elementor-element elementor-element-910f865\" data-id=\"910f865\" data-element_type=\"column\" data-e-type=\"column\">\n\t\t\t<div class=\"elementor-widget-wrap elementor-element-populated\">\n\t\t\t\t\t\t<div class=\"elementor-element elementor-element-b696c0e elementor-widget-divider--view-line elementor-widget elementor-widget-divider\" data-id=\"b696c0e\" data-element_type=\"widget\" data-e-type=\"widget\" data-widget_type=\"divider.default\">\n\t\t\t\t\t\t\t<div class=\"elementor-divider\">\n\t\t\t<span class=\"elementor-divider-separator\">\n\t\t\t\t\t\t<\/span>\n\t\t<\/div>\n\t\t\t\t\t\t<\/div>\n\t\t\t\t<div class=\"elementor-element elementor-element-c2917bc elementor-widget-divider--view-line elementor-widget elementor-widget-divider\" data-id=\"c2917bc\" data-element_type=\"widget\" data-e-type=\"widget\" data-widget_type=\"divider.default\">\n\t\t\t\t\t\t\t<div class=\"elementor-divider\">\n\t\t\t<span class=\"elementor-divider-separator\">\n\t\t\t\t\t\t<\/span>\n\t\t<\/div>\n\t\t\t\t\t\t<\/div>\n\t\t\t\t<div class=\"elementor-element elementor-element-c8e6d37 elementor-widget-divider--view-line elementor-widget elementor-widget-divider\" data-id=\"c8e6d37\" data-element_type=\"widget\" data-e-type=\"widget\" data-widget_type=\"divider.default\">\n\t\t\t\t\t\t\t<div class=\"elementor-divider\">\n\t\t\t<span class=\"elementor-divider-separator\">\n\t\t\t\t\t\t<\/span>\n\t\t<\/div>\n\t\t\t\t\t\t<\/div>\n\t\t\t\t<div class=\"elementor-element elementor-element-dcc865a elementor-widget-divider--view-line elementor-widget elementor-widget-divider\" data-id=\"dcc865a\" data-element_type=\"widget\" data-e-type=\"widget\" data-widget_type=\"divider.default\">\n\t\t\t\t\t\t\t<div class=\"elementor-divider\">\n\t\t\t<span class=\"elementor-divider-separator\">\n\t\t\t\t\t\t<\/span>\n\t\t<\/div>\n\t\t\t\t\t\t<\/div>\n\t\t\t\t<div class=\"elementor-element elementor-element-9392570 elementor-widget elementor-widget-image\" data-id=\"9392570\" data-element_type=\"widget\" data-e-type=\"widget\" data-widget_type=\"image.default\">\n\t\t\t\t\t\t\t\t\t\t\t\t\t\t\t<img decoding=\"async\" src=\"https:\/\/www.dr-mfo.com\/wp-content\/uploads\/elementor\/thumbs\/model-qd1ltfmd2x0kf1r8o3ck2yabi5ekpd88pr6dynsx7q.png\" title=\"Y\u00fcz germe\" alt=\"Y\u00fcz Modeli\" loading=\"lazy\" \/>\t\t\t\t\t\t\t\t\t\t\t\t\t\t\t<\/div>\n\t\t\t\t<div class=\"elementor-element elementor-element-212436d elementor-widget-divider--view-line elementor-widget elementor-widget-divider\" data-id=\"212436d\" data-element_type=\"widget\" data-e-type=\"widget\" data-widget_type=\"divider.default\">\n\t\t\t\t\t\t\t<div class=\"elementor-divider\">\n\t\t\t<span class=\"elementor-divider-separator\">\n\t\t\t\t\t\t<\/span>\n\t\t<\/div>\n\t\t\t\t\t\t<\/div>\n\t\t\t\t<div class=\"elementor-element elementor-element-8354566 elementor-widget elementor-widget-heading\" data-id=\"8354566\" data-element_type=\"widget\" data-e-type=\"widget\" data-widget_type=\"heading.default\">\n\t\t\t\t\t<h2 class=\"elementor-heading-title elementor-size-xl\">Nanofat Enjeksiyonu (NFI)<\/h2>\t\t\t\t<\/div>\n\t\t\t\t<div class=\"elementor-element elementor-element-631d5f8 elementor-widget elementor-widget-text-editor\" data-id=\"631d5f8\" data-element_type=\"widget\" data-e-type=\"widget\" data-widget_type=\"text-editor.default\">\n\t\t\t\t\t\t\t\t\t<p><span style=\"color: #000000;\">Rejeneratif plastik cerrahi alan\u0131 her ge\u00e7en g\u00fcn geli\u015fmektedir. K\u00f6k kavram\u0131 temel olarak bir dokunun bir k\u0131sm\u0131n\u0131 veya v\u00fccudun tamam\u0131n\u0131 yenileme potansiyeline sahip olan \u00f6nc\u00fcllerin genel ad\u0131d\u0131r. Estetik veya kozmetik cerrahide kullan\u0131m\u0131, uygulanan dokuda yenilenmeye neden olabilecek bu transferlerin tamam\u0131n\u0131 kapsar.<\/span><\/p><p><span style=\"color: #000000;\">Son y\u0131llarda, ya\u011f dokusu i\u00e7eri\u011finde y\u00fcksek yo\u011funlukta \u00f6nc\u00fc h\u00fccrelerin varl\u0131\u011f\u0131n\u0131n ke\u015ffi ve modern liposuction tekniklerinin geli\u015ftirilmesiyle birlikte, ya\u011f enjeksiyonu i\u015flemleri, tek ba\u015f\u0131na veya di\u011fer kozmetik i\u015flemlerle birlikte, estetik cerrahide en yayg\u0131n m\u00fcdahaleler aras\u0131nda yer almaktad\u0131r.<\/span><\/p><p><span style=\"color: #000000;\">H\u00fccreleri gen\u00e7le\u015ftirici ve yenileyici etkilerinden dolay\u0131 cilt gen\u00e7le\u015ftirme, y\u00fcz-boyun gen\u00e7le\u015ftirme, yara\/yan\u0131k\/leke tedavisi, sa\u00e7 b\u00fcy\u00fctme, \u00e7atlak tedavisi ve el esteti\u011fi gibi alanlarda olduk\u00e7a fazla talep g\u00f6rmektedir.<\/span><\/p><p><span style=\"color: #000000;\">En yayg\u0131n uygulama alan\u0131 ise son y\u0131llarda etkinli\u011fi daha iyi anla\u015f\u0131lan ya\u011f dokusu kaynakl\u0131 k\u00f6k (ADSC) h\u00fccrelerdir. Bu h\u00fccreler ki\u015fiden liposuction ile al\u0131narak farkl\u0131 y\u00f6ntemlerle safla\u015ft\u0131r\u0131larak gen\u00e7le\u015fme ve g\u00fczelle\u015fme istenen b\u00f6lgelere uygulan\u0131r.<\/span><\/p><p><span style=\"color: #000000;\">Nanofat, g\u00fcn\u00fcm\u00fczde ADSC&#039;lerin maliyet etkinli\u011fi a\u00e7\u0131s\u0131ndan elde edilmesi ve uygulanmas\u0131nda en g\u00fc\u00e7l\u00fc y\u00f6ntemdir. Bu nedenle estetik plastik cerrahide kullan\u0131m alan\u0131 olduk\u00e7a geni\u015ftir. Ar\u0131nma ve seans say\u0131s\u0131 artt\u0131k\u00e7a etkinli\u011fi artacakt\u0131r. \u0130\u015flem sonras\u0131 ayn\u0131 g\u00fcn taburcu olup sosyal hayata d\u00f6nmek m\u00fcmk\u00fcnd\u00fcr. D\u00fczenli kullan\u0131lan a\u011fr\u0131 kesiciler sayesinde a\u011fr\u0131s\u0131z bir i\u015flemdir. Net etki 3-6 ay aras\u0131nda g\u00f6r\u00fclecektir.<\/span><\/p>\t\t\t\t\t\t\t\t<\/div>\n\t\t\t\t<div class=\"elementor-element elementor-element-397ce5b elementor-widget elementor-widget-heading\" data-id=\"397ce5b\" data-element_type=\"widget\" data-e-type=\"widget\" data-widget_type=\"heading.default\">\n\t\t\t\t\t<h2 class=\"elementor-heading-title elementor-size-large\">Ne zaman ve nerede?<\/h2>\t\t\t\t<\/div>\n\t\t\t\t<div class=\"elementor-element elementor-element-67ee7a7 elementor-widget elementor-widget-text-editor\" data-id=\"67ee7a7\" data-element_type=\"widget\" data-e-type=\"widget\" data-widget_type=\"text-editor.default\">\n\t\t\t\t\t\t\t\t\t<p><span style=\"color: #000000;\">H\u00fccreler, \u00f6zellikle g\u00fcne\u015fe maruz kalan b\u00f6lgelerde y\u0131llar i\u00e7inde geli\u015fen g\u00fcne\u015f hasar\u0131 ve ya\u015flanma etkilerini tersine \u00e7evirmek i\u00e7in kullan\u0131l\u0131r. Bu nedenle pop\u00fcler uygulama alanlar\u0131 el ve ayak arkalar\u0131, y\u00fcz, boyun ve dekolte b\u00f6lgesidir.<\/span><\/p><ul><li><span style=\"color: #000000;\">Cilt gen\u00e7le\u015ftirme<\/span><\/li><li><span style=\"color: #000000;\">Cilt parlakl\u0131\u011f\u0131n\u0131 artt\u0131rma<\/span><\/li><li><span style=\"color: #000000;\">Leke \u00e7\u0131karma<\/span><\/li><li><span style=\"color: #000000;\">Renk e\u015fitleme<\/span><\/li><li><span style=\"color: #000000;\">G\u00f6z alt\u0131 morluklar\u0131<\/span><\/li><li><span style=\"color: #000000;\">Kontur deformasyonlar\u0131n\u0131n d\u00fczeltilmesi<\/span><\/li><li><span style=\"color: #000000;\">Sa\u00e7 kal\u0131nla\u015fmas\u0131 ve folik\u00fcl say\u0131s\u0131n\u0131n artmas\u0131<\/span><\/li><li><span style=\"color: #000000;\">Skar rejenerasyonu ve kald\u0131r\u0131lmas\u0131<\/span><\/li><li><span style=\"color: #000000;\">El esteti\u011fi<\/span><\/li><\/ul>\t\t\t\t\t\t\t\t<\/div>\n\t\t\t\t<div class=\"elementor-element elementor-element-0234e8b elementor-widget elementor-widget-heading\" data-id=\"0234e8b\" data-element_type=\"widget\" data-e-type=\"widget\" data-widget_type=\"heading.default\">\n\t\t\t\t\t<h2 class=\"elementor-heading-title elementor-size-large\">E\u015fzamanl\u0131 Prosed\u00fcrler<\/h2>\t\t\t\t<\/div>\n\t\t\t\t<div class=\"elementor-element elementor-element-47fc129 elementor-widget elementor-widget-text-editor\" data-id=\"47fc129\" data-element_type=\"widget\" data-e-type=\"widget\" data-widget_type=\"text-editor.default\">\n\t\t\t\t\t\t\t\t\t<p><span style=\"color: #000000;\">Nanofat uygulamas\u0131 s\u0131ras\u0131nda elde edilen ya\u011f dokular\u0131 ayn\u0131 zamanda yanak, \u015fakak ve dudaklar ba\u015fta olmak \u00fczere t\u00fcm y\u00fcz b\u00f6lgesi ve popo gibi v\u00fccudun ihtiya\u00e7 duyulan di\u011fer b\u00f6lgelerinin doldurulmas\u0131nda da kullan\u0131labilmektedir.<a href=\"https:\/\/www.dr-mfo.com\/tr\/brazilian-butt-bbl\/\">BBL<\/a>) ve g\u00f6\u011f\u00fcs, hacim kazanmak i\u00e7in. Ayn\u0131 zamanda elde edilecek ya\u011f dokusu g\u0131d\u0131, kol, bacak ve diz i\u00e7i, kar\u0131n, bel ve s\u0131rt gibi liposuction gerektiren b\u00f6lgelerden de al\u0131narak bu b\u00f6lgelerde istenilen v\u00fccut hatlar\u0131 elde edilebilmektedir.<\/span><\/p><p><span style=\"color: #000000;\">Fazla ya\u011flar\u0131n\u0131zdan kurtulurken yanaklar, dudaklar, kal\u00e7alar, g\u00f6\u011f\u00fcsler gibi hacim gerektiren b\u00f6lgelerde kullan\u0131ld\u0131\u011f\u0131n\u0131 d\u00fc\u015f\u00fcn\u00fcn. Bir ta\u015fla tam iki ku\u015f! Ayr\u0131ca ya\u011f dokusunun kemik ili\u011finden bile d\u00f6rt kat daha fazla h\u00fccre i\u00e7ermesi sayesinde cilt gen\u00e7le\u015ftirme alan\u0131nda en s\u0131k tercih edilen uygulamalar\u0131n ba\u015f\u0131nda gelmektedir. Nanofat uygulamas\u0131 cilt kalitesinde ve parlakl\u0131\u011f\u0131nda ciddi bir art\u0131\u015fa neden olur ve ciltteki yara ve lekelerde ciddi iyile\u015fmeler sa\u011flayabilir.<\/span><\/p>\t\t\t\t\t\t\t\t<\/div>\n\t\t\t\t\t<\/div>\n\t\t<\/div>\n\t\t\t\t\t<\/div>\n\t\t<\/section>\n\t\t\t\t<\/div>","protected":false},"excerpt":{"rendered":"<p>Nanofat Injection (NFI) The field of regenerative plastic surgery is improving day by day. The concept of stem is basically the general name of the precursors that have the potential to regenerate a part of a tissue or the whole body. Its use in aesthetic or cosmetic surgery covers all of these transfers that may [&hellip;]<\/p>\n","protected":false},"author":2,"featured_media":0,"parent":0,"menu_order":0,"comment_status":"closed","ping_status":"closed","template":"","meta":{"_acf_changed":false,"footnotes":""},"class_list":["post-2462","page","type-page","status-publish","hentry"],"acf":[],"_links":{"self":[{"href":"https:\/\/www.dr-mfo.com\/tr\/wp-json\/wp\/v2\/pages\/2462","targetHints":{"allow":["GET"]}}],"collection":[{"href":"https:\/\/www.dr-mfo.com\/tr\/wp-json\/wp\/v2\/pages"}],"about":[{"href":"https:\/\/www.dr-mfo.com\/tr\/wp-json\/wp\/v2\/types\/page"}],"author":[{"embeddable":true,"href":"https:\/\/www.dr-mfo.com\/tr\/wp-json\/wp\/v2\/users\/2"}],"replies":[{"embeddable":true,"href":"https:\/\/www.dr-mfo.com\/tr\/wp-json\/wp\/v2\/comments?post=2462"}],"version-history":[{"count":0,"href":"https:\/\/www.dr-mfo.com\/tr\/wp-json\/wp\/v2\/pages\/2462\/revisions"}],"wp:attachment":[{"href":"https:\/\/www.dr-mfo.com\/tr\/wp-json\/wp\/v2\/media?parent=2462"}],"curies":[{"name":"wp","href":"https:\/\/api.w.org\/{rel}","templated":true}]}}