{"id":2631,"date":"2022-04-10T18:07:41","date_gmt":"2022-04-10T17:07:41","guid":{"rendered":"https:\/\/www.dr-mfo.com\/?page_id=2631"},"modified":"2026-02-28T17:51:04","modified_gmt":"2026-02-28T17:51:04","slug":"ne-yapiyoruz","status":"publish","type":"page","link":"https:\/\/www.dr-mfo.com\/tr\/what-we-do\/","title":{"rendered":"Ne yap\u0131yoruz?"},"content":{"rendered":"<div data-elementor-type=\"wp-page\" data-elementor-id=\"2631\" class=\"elementor elementor-2631\">\n\t\t\t\t\t\t<section class=\"elementor-section elementor-top-section elementor-element elementor-element-e4fc6b2 elementor-section-boxed elementor-section-height-default elementor-section-height-default\" data-id=\"e4fc6b2\" data-element_type=\"section\" data-e-type=\"section\">\n\t\t\t\t\t\t<div class=\"elementor-container elementor-column-gap-default\">\n\t\t\t\t\t<div class=\"elementor-column elementor-col-100 elementor-top-column elementor-element elementor-element-3992bf7\" data-id=\"3992bf7\" data-element_type=\"column\" data-e-type=\"column\">\n\t\t\t<div class=\"elementor-widget-wrap elementor-element-populated\">\n\t\t\t\t\t\t<div class=\"elementor-element elementor-element-3cd674c elementor-widget-divider--view-line elementor-widget elementor-widget-divider\" data-id=\"3cd674c\" data-element_type=\"widget\" data-e-type=\"widget\" data-widget_type=\"divider.default\">\n\t\t\t\t\t\t\t<div class=\"elementor-divider\">\n\t\t\t<span class=\"elementor-divider-separator\">\n\t\t\t\t\t\t<\/span>\n\t\t<\/div>\n\t\t\t\t\t\t<\/div>\n\t\t\t\t<div class=\"elementor-element elementor-element-ec2aed6 elementor-widget-divider--view-line elementor-widget elementor-widget-divider\" data-id=\"ec2aed6\" data-element_type=\"widget\" data-e-type=\"widget\" data-widget_type=\"divider.default\">\n\t\t\t\t\t\t\t<div class=\"elementor-divider\">\n\t\t\t<span class=\"elementor-divider-separator\">\n\t\t\t\t\t\t<\/span>\n\t\t<\/div>\n\t\t\t\t\t\t<\/div>\n\t\t\t\t<div class=\"elementor-element elementor-element-6023876 elementor-widget-divider--view-line elementor-widget elementor-widget-divider\" data-id=\"6023876\" data-element_type=\"widget\" data-e-type=\"widget\" data-widget_type=\"divider.default\">\n\t\t\t\t\t\t\t<div class=\"elementor-divider\">\n\t\t\t<span class=\"elementor-divider-separator\">\n\t\t\t\t\t\t<\/span>\n\t\t<\/div>\n\t\t\t\t\t\t<\/div>\n\t\t\t\t<div class=\"elementor-element elementor-element-e3cc304 elementor-widget elementor-widget-heading\" data-id=\"e3cc304\" data-element_type=\"widget\" data-e-type=\"widget\" data-widget_type=\"heading.default\">\n\t\t\t\t\t<h2 class=\"elementor-heading-title elementor-size-xl\">Ne yap\u0131yoruz?<\/h2>\t\t\t\t<\/div>\n\t\t\t\t<div class=\"elementor-element elementor-element-9ef70a1 elementor-widget-divider--view-line elementor-widget elementor-widget-divider\" data-id=\"9ef70a1\" data-element_type=\"widget\" data-e-type=\"widget\" data-widget_type=\"divider.default\">\n\t\t\t\t\t\t\t<div class=\"elementor-divider\">\n\t\t\t<span class=\"elementor-divider-separator\">\n\t\t\t\t\t\t<\/span>\n\t\t<\/div>\n\t\t\t\t\t\t<\/div>\n\t\t\t\t\t<\/div>\n\t\t<\/div>\n\t\t\t\t\t<\/div>\n\t\t<\/section>\n\t\t\t\t<section class=\"elementor-section elementor-top-section elementor-element elementor-element-adbb50a elementor-section-boxed elementor-section-height-default elementor-section-height-default\" data-id=\"adbb50a\" data-element_type=\"section\" data-e-type=\"section\">\n\t\t\t\t\t\t<div class=\"elementor-container elementor-column-gap-default\">\n\t\t\t\t\t<div class=\"elementor-column elementor-col-50 elementor-top-column elementor-element elementor-element-cf03c7c\" data-id=\"cf03c7c\" data-element_type=\"column\" data-e-type=\"column\">\n\t\t\t<div class=\"elementor-widget-wrap elementor-element-populated\">\n\t\t\t\t\t\t<div class=\"elementor-element elementor-element-7fa2634 elementor-widget elementor-widget-heading\" data-id=\"7fa2634\" data-element_type=\"widget\" data-e-type=\"widget\" data-widget_type=\"heading.default\">\n\t\t\t\t\t<h2 class=\"elementor-heading-title elementor-size-large\">Dr. MFO Klini\u011fi<\/h2>\t\t\t\t<\/div>\n\t\t\t\t<div class=\"elementor-element elementor-element-a07c5dd elementor-widget elementor-widget-text-editor\" data-id=\"a07c5dd\" data-element_type=\"widget\" data-e-type=\"widget\" data-widget_type=\"text-editor.default\">\n\t\t\t\t\t\t\t\t\t<p style=\"text-align: center;\"><span style=\"color: #000000;\">Klini\u011fimiz, taraf\u0131ndan kurulmu\u015ftur. <a href=\"https:\/\/www.dr-mfo.com\/tr\/who-is-drmfo\/\">Dr.MFO<\/a> ve Banglade\u015f Cumhuriyeti Sa\u011fl\u0131k Bakanl\u0131\u011f\u0131 taraf\u0131ndan Uluslararas\u0131 Sa\u011fl\u0131k Turizmi Merkezi olarak belirlenmi\u015ftir. <a href=\"https:\/\/www.dr-mfo.com\/tr\/hidden-paradise-antalya-and-touristic-feautures\/\">T\u00fcrkiye<\/a>, D\u00fcnyan\u0131n her yerinden, \u00f6zellikle Orta ve Kuzey Avrupa \u00fclkelerinden gelen konuklar\u0131 a\u011f\u0131rlamaktan mutluluk duyar.\u00a0<\/span><\/p><p style=\"text-align: center;\"><span style=\"color: #000000;\">Dr. MFO&#039;nun 13 y\u0131ll\u0131k deneyimi boyunca, Yeni Zelanda, Kanada ve Singapur gibi \u00e7e\u015fitli yerlerde 70 farkl\u0131 \u00fclkeden hastay\u0131 a\u011f\u0131rlama f\u0131rsat\u0131m\u0131z oldu.<\/span><\/p>\t\t\t\t\t\t\t\t<\/div>\n\t\t\t\t<div class=\"elementor-element elementor-element-4c5fe16 elementor-widget-divider--view-line elementor-widget elementor-widget-divider\" data-id=\"4c5fe16\" data-element_type=\"widget\" data-e-type=\"widget\" data-widget_type=\"divider.default\">\n\t\t\t\t\t\t\t<div class=\"elementor-divider\">\n\t\t\t<span class=\"elementor-divider-separator\">\n\t\t\t\t\t\t<\/span>\n\t\t<\/div>\n\t\t\t\t\t\t<\/div>\n\t\t\t\t<div class=\"elementor-element elementor-element-fe41206 elementor-widget elementor-widget-image\" data-id=\"fe41206\" data-element_type=\"widget\" data-e-type=\"widget\" data-widget_type=\"image.default\">\n\t\t\t\t\t\t\t\t\t\t\t\t\t\t\t<img decoding=\"async\" src=\"https:\/\/www.dr-mfo.com\/wp-content\/uploads\/elementor\/thumbs\/new-clinic-1-rjtq8rj51bmixbd3ha9fsz20w8rh777qt6z2jdp6hy.jpeg\" title=\"yeni-klinik (1)\" alt=\"Profesyonel ve \u015f\u0131k bir \u015fekilde dekore edilmi\u015f ofis alan\u0131nda b\u00fcy\u00fck bir ah\u015fap masa, deri koltuklar, muayene masas\u0131, g\u00f6steri\u015fli bir avize ve duvarlarda ve raflarda \u00e7e\u015fitli dekoratif e\u015fyalar bulunmaktad\u0131r.\" loading=\"lazy\" \/>\t\t\t\t\t\t\t\t\t\t\t\t\t\t\t<\/div>\n\t\t\t\t<div class=\"elementor-element elementor-element-a0ecdd9 elementor-widget-divider--view-line elementor-widget elementor-widget-divider\" data-id=\"a0ecdd9\" data-element_type=\"widget\" data-e-type=\"widget\" data-widget_type=\"divider.default\">\n\t\t\t\t\t\t\t<div class=\"elementor-divider\">\n\t\t\t<span class=\"elementor-divider-separator\">\n\t\t\t\t\t\t<\/span>\n\t\t<\/div>\n\t\t\t\t\t\t<\/div>\n\t\t\t\t\t<\/div>\n\t\t<\/div>\n\t\t\t\t<div class=\"elementor-column elementor-col-50 elementor-top-column elementor-element elementor-element-38f29b4\" data-id=\"38f29b4\" data-element_type=\"column\" data-e-type=\"column\">\n\t\t\t<div class=\"elementor-widget-wrap elementor-element-populated\">\n\t\t\t\t\t\t<div class=\"elementor-element elementor-element-ea3ffdb elementor-widget-divider--view-line elementor-widget elementor-widget-divider\" data-id=\"ea3ffdb\" data-element_type=\"widget\" data-e-type=\"widget\" data-widget_type=\"divider.default\">\n\t\t\t\t\t\t\t<div class=\"elementor-divider\">\n\t\t\t<span class=\"elementor-divider-separator\">\n\t\t\t\t\t\t<\/span>\n\t\t<\/div>\n\t\t\t\t\t\t<\/div>\n\t\t\t\t<div class=\"elementor-element elementor-element-f56dc8b elementor-widget elementor-widget-image\" data-id=\"f56dc8b\" data-element_type=\"widget\" data-e-type=\"widget\" data-widget_type=\"image.default\">\n\t\t\t\t\t\t\t\t\t\t\t\t\t\t\t<img decoding=\"async\" src=\"https:\/\/www.dr-mfo.com\/wp-content\/uploads\/elementor\/thumbs\/new-clinic-6-rjtq96kk2o7432r91grgwv9eeepcmcvg79eu7t2vqe.jpeg\" title=\"yeni klinik (6)\" alt=\"Modern ve rahat bir klinik bekleme odas\u0131; deri Chesterfield kanepeler, rustik ah\u015fap sehpa, k\u0131rm\u0131z\u0131 vurgu duvar\u0131 ve do\u011fal \u0131\u015f\u0131k alan b\u00fcy\u00fck bir pencereye sahip.\" loading=\"lazy\" \/>\t\t\t\t\t\t\t\t\t\t\t\t\t\t\t<\/div>\n\t\t\t\t<div class=\"elementor-element elementor-element-e2a22eb elementor-widget-divider--view-line elementor-widget elementor-widget-divider\" data-id=\"e2a22eb\" data-element_type=\"widget\" data-e-type=\"widget\" data-widget_type=\"divider.default\">\n\t\t\t\t\t\t\t<div class=\"elementor-divider\">\n\t\t\t<span class=\"elementor-divider-separator\">\n\t\t\t\t\t\t<\/span>\n\t\t<\/div>\n\t\t\t\t\t\t<\/div>\n\t\t\t\t<div class=\"elementor-element elementor-element-60df7b6 elementor-widget elementor-widget-text-editor\" data-id=\"60df7b6\" data-element_type=\"widget\" data-e-type=\"widget\" data-widget_type=\"text-editor.default\">\n\t\t\t\t\t\t\t\t\t<p style=\"text-align: center;\"><span style=\"color: #000000;\">Klini\u011fimizde a\u011f\u0131rlama \u015fans\u0131na sahip oldu\u011fumuz de\u011ferli hastalar\u0131m\u0131z sayesinde, MFO Angels toplulu\u011fu d\u00fcnya \u00e7ap\u0131nda b\u00fcy\u00fcmeye devam ediyor. Cerrahlar\u0131n yetenekli elleri ve muhte\u015fem feminizasyon, estetik ve plastik cerrahi d\u00f6n\u00fc\u015f\u00fcmleri sayesinde konuklar\u0131na g\u00fczel g\u00fcl\u00fc\u015fler sunmaya devam ediyor.<\/span><\/p><p style=\"text-align: center;\"><span style=\"color: #000000;\">Estetik ve Plastik Cerrahi alan\u0131nda deneyimli hem\u015fire, fizyoterapist, turist rehberi ve terc\u00fcmanlardan olu\u015fan uzman klinik ekibimiz hastalar\u0131m\u0131za hem sa\u011fl\u0131k hem de turizm alan\u0131nda e\u015flik ediyor. Hastan\u0131n \u015fehirle ve sa\u011fl\u0131kla ya\u015fad\u0131\u011f\u0131 mutlulu\u011fu ve sevinci g\u00f6rmenin heyecan\u0131n\u0131 ya\u015f\u0131yoruz.<\/span><\/p>\t\t\t\t\t\t\t\t<\/div>\n\t\t\t\t\t<\/div>\n\t\t<\/div>\n\t\t\t\t\t<\/div>\n\t\t<\/section>\n\t\t\t\t<section class=\"elementor-section elementor-top-section elementor-element elementor-element-722bcf5 elementor-section-boxed elementor-section-height-default elementor-section-height-default\" data-id=\"722bcf5\" data-element_type=\"section\" data-e-type=\"section\">\n\t\t\t\t\t\t<div class=\"elementor-container elementor-column-gap-default\">\n\t\t\t\t\t<div class=\"elementor-column elementor-col-100 elementor-top-column elementor-element elementor-element-2685c2c\" data-id=\"2685c2c\" data-element_type=\"column\" data-e-type=\"column\">\n\t\t\t<div class=\"elementor-widget-wrap elementor-element-populated\">\n\t\t\t\t\t\t<div class=\"elementor-element elementor-element-9b8e989 elementor-widget elementor-widget-image\" data-id=\"9b8e989\" data-element_type=\"widget\" data-e-type=\"widget\" data-widget_type=\"image.default\">\n\t\t\t\t\t\t\t\t\t\t\t\t\t\t\t<img decoding=\"async\" src=\"https:\/\/www.dr-mfo.com\/wp-content\/uploads\/elementor\/thumbs\/new-clinic-8-rjtq98g8gc9oqaoiqhkq1usbl6g31r2wvipt6d03dy.jpeg\" title=\"FFS\" alt=\"Y\u00fcz Di\u015file\u015ftirme Ameliyat\u0131\" loading=\"lazy\" \/>\t\t\t\t\t\t\t\t\t\t\t\t\t\t\t<\/div>\n\t\t\t\t<div class=\"elementor-element elementor-element-e34e1ae elementor-widget elementor-widget-heading\" data-id=\"e34e1ae\" data-element_type=\"widget\" data-e-type=\"widget\" data-widget_type=\"heading.default\">\n\t\t\t\t\t<h2 class=\"elementor-heading-title elementor-size-large\">Dr. MFO Klini\u011fi<\/h2>\t\t\t\t<\/div>\n\t\t\t\t\t<\/div>\n\t\t<\/div>\n\t\t\t\t\t<\/div>\n\t\t<\/section>\n\t\t\t\t<section class=\"elementor-section elementor-top-section elementor-element elementor-element-c7a42fe elementor-section-boxed elementor-section-height-default elementor-section-height-default\" data-id=\"c7a42fe\" data-element_type=\"section\" data-e-type=\"section\">\n\t\t\t\t\t\t<div class=\"elementor-container elementor-column-gap-default\">\n\t\t\t\t\t<div class=\"elementor-column elementor-col-100 elementor-top-column elementor-element elementor-element-dbd1873\" data-id=\"dbd1873\" data-element_type=\"column\" data-e-type=\"column\">\n\t\t\t<div class=\"elementor-widget-wrap\">\n\t\t\t\t\t\t\t<\/div>\n\t\t<\/div>\n\t\t\t\t\t<\/div>\n\t\t<\/section>\n\t\t\t\t<\/div>","protected":false},"excerpt":{"rendered":"<p>What we do? Dr. MFO Clinic Our clinic, established by Dr. MFO and designated as the International Health Tourism Center by the Ministry of Health of the Republic of T\u00fcrkiye, welcomes guests from all over the world, especially from Central and Northern European countries.\u00a0 During Dr. MFO&#8217;s 13 years of experience, we had the chance [&hellip;]<\/p>\n","protected":false},"author":2,"featured_media":0,"parent":0,"menu_order":0,"comment_status":"closed","ping_status":"closed","template":"","meta":{"_acf_changed":false,"footnotes":""},"class_list":["post-2631","page","type-page","status-publish","hentry"],"acf":[],"_links":{"self":[{"href":"https:\/\/www.dr-mfo.com\/tr\/wp-json\/wp\/v2\/pages\/2631","targetHints":{"allow":["GET"]}}],"collection":[{"href":"https:\/\/www.dr-mfo.com\/tr\/wp-json\/wp\/v2\/pages"}],"about":[{"href":"https:\/\/www.dr-mfo.com\/tr\/wp-json\/wp\/v2\/types\/page"}],"author":[{"embeddable":true,"href":"https:\/\/www.dr-mfo.com\/tr\/wp-json\/wp\/v2\/users\/2"}],"replies":[{"embeddable":true,"href":"https:\/\/www.dr-mfo.com\/tr\/wp-json\/wp\/v2\/comments?post=2631"}],"version-history":[{"count":15,"href":"https:\/\/www.dr-mfo.com\/tr\/wp-json\/wp\/v2\/pages\/2631\/revisions"}],"predecessor-version":[{"id":25870,"href":"https:\/\/www.dr-mfo.com\/tr\/wp-json\/wp\/v2\/pages\/2631\/revisions\/25870"}],"wp:attachment":[{"href":"https:\/\/www.dr-mfo.com\/tr\/wp-json\/wp\/v2\/media?parent=2631"}],"curies":[{"name":"wp","href":"https:\/\/api.w.org\/{rel}","templated":true}]}}