{"id":2697,"date":"2022-04-15T00:11:53","date_gmt":"2022-04-14T23:11:53","guid":{"rendered":"https:\/\/www.dr-mfo.com\/?page_id=2697"},"modified":"2026-02-22T11:18:36","modified_gmt":"2026-02-22T11:18:36","slug":"drmfo","status":"publish","type":"page","link":"https:\/\/www.dr-mfo.com\/tr\/drmfo\/","title":{"rendered":"Dr.MFO"},"content":{"rendered":"<div data-elementor-type=\"wp-page\" data-elementor-id=\"2697\" class=\"elementor elementor-2697\">\n\t\t\t\t\t\t<section class=\"elementor-section elementor-top-section elementor-element elementor-element-a201216 elementor-section-boxed elementor-section-height-default elementor-section-height-default\" data-id=\"a201216\" data-element_type=\"section\" data-e-type=\"section\">\n\t\t\t\t\t\t<div class=\"elementor-container elementor-column-gap-default\">\n\t\t\t\t\t<div class=\"elementor-column elementor-col-100 elementor-top-column elementor-element elementor-element-f4aa950\" data-id=\"f4aa950\" data-element_type=\"column\" data-e-type=\"column\">\n\t\t\t<div class=\"elementor-widget-wrap elementor-element-populated\">\n\t\t\t\t\t\t<div class=\"elementor-element elementor-element-e99d5d7 elementor-widget-divider--view-line elementor-widget elementor-widget-divider\" data-id=\"e99d5d7\" data-element_type=\"widget\" data-e-type=\"widget\" data-widget_type=\"divider.default\">\n\t\t\t\t\t\t\t<div class=\"elementor-divider\">\n\t\t\t<span class=\"elementor-divider-separator\">\n\t\t\t\t\t\t<\/span>\n\t\t<\/div>\n\t\t\t\t\t\t<\/div>\n\t\t\t\t<div class=\"elementor-element elementor-element-8a0c812 elementor-widget-divider--view-line elementor-widget elementor-widget-divider\" data-id=\"8a0c812\" data-element_type=\"widget\" data-e-type=\"widget\" data-widget_type=\"divider.default\">\n\t\t\t\t\t\t\t<div class=\"elementor-divider\">\n\t\t\t<span class=\"elementor-divider-separator\">\n\t\t\t\t\t\t<\/span>\n\t\t<\/div>\n\t\t\t\t\t\t<\/div>\n\t\t\t\t<div class=\"elementor-element elementor-element-20f3968 elementor-widget-divider--view-line elementor-widget elementor-widget-divider\" data-id=\"20f3968\" data-element_type=\"widget\" data-e-type=\"widget\" data-widget_type=\"divider.default\">\n\t\t\t\t\t\t\t<div class=\"elementor-divider\">\n\t\t\t<span class=\"elementor-divider-separator\">\n\t\t\t\t\t\t<\/span>\n\t\t<\/div>\n\t\t\t\t\t\t<\/div>\n\t\t\t\t<div class=\"elementor-element elementor-element-2969bb0 elementor-widget elementor-widget-heading\" data-id=\"2969bb0\" data-element_type=\"widget\" data-e-type=\"widget\" data-widget_type=\"heading.default\">\n\t\t\t\t\t<h2 class=\"elementor-heading-title elementor-size-xl\">Dr.MFO<\/h2>\t\t\t\t<\/div>\n\t\t\t\t<div class=\"elementor-element elementor-element-bc160d6 elementor-widget-divider--view-line elementor-widget elementor-widget-divider\" data-id=\"bc160d6\" data-element_type=\"widget\" data-e-type=\"widget\" data-widget_type=\"divider.default\">\n\t\t\t\t\t\t\t<div class=\"elementor-divider\">\n\t\t\t<span class=\"elementor-divider-separator\">\n\t\t\t\t\t\t<\/span>\n\t\t<\/div>\n\t\t\t\t\t\t<\/div>\n\t\t\t\t\t<\/div>\n\t\t<\/div>\n\t\t\t\t\t<\/div>\n\t\t<\/section>\n\t\t\t\t<section class=\"elementor-section elementor-top-section elementor-element elementor-element-4827cd0 elementor-section-boxed elementor-section-height-default elementor-section-height-default\" data-id=\"4827cd0\" data-element_type=\"section\" data-e-type=\"section\">\n\t\t\t\t\t\t<div class=\"elementor-container elementor-column-gap-default\">\n\t\t\t\t\t<div class=\"elementor-column elementor-col-50 elementor-top-column elementor-element elementor-element-4625e73\" data-id=\"4625e73\" data-element_type=\"column\" data-e-type=\"column\">\n\t\t\t<div class=\"elementor-widget-wrap elementor-element-populated\">\n\t\t\t\t\t\t<div class=\"elementor-element elementor-element-333caa7 elementor-widget elementor-widget-image\" data-id=\"333caa7\" data-element_type=\"widget\" data-e-type=\"widget\" data-widget_type=\"image.default\">\n\t\t\t\t\t\t\t\t\t\t\t\t\t\t\t<img fetchpriority=\"high\" decoding=\"async\" width=\"1372\" height=\"1920\" src=\"https:\/\/www.dr-mfo.com\/wp-content\/uploads\/2021\/11\/MFO1.jpg\" class=\"attachment-full size-full wp-image-1052\" alt=\"Mehmet Fatih Okyay MD FEBOPRAS\" srcset=\"https:\/\/www.dr-mfo.com\/wp-content\/uploads\/2021\/11\/MFO1.jpg.avif 1372w, https:\/\/www.dr-mfo.com\/wp-content\/uploads\/2021\/11\/MFO1-214x300.jpg.avif 214w, https:\/\/www.dr-mfo.com\/wp-content\/uploads\/2021\/11\/MFO1-732x1024.jpg.avif 732w, https:\/\/www.dr-mfo.com\/wp-content\/uploads\/2021\/11\/MFO1-768x1075.jpg.avif 768w, https:\/\/www.dr-mfo.com\/wp-content\/uploads\/2021\/11\/MFO1-1097x1536.jpg.avif 1097w, https:\/\/www.dr-mfo.com\/wp-content\/uploads\/2021\/11\/MFO1-1463x2048.jpg.avif 1463w\" sizes=\"(max-width: 1372px) 100vw, 1372px\" \/>\t\t\t\t\t\t\t\t\t\t\t\t\t\t\t<\/div>\n\t\t\t\t<div class=\"elementor-element elementor-element-3725f28 elementor-widget elementor-widget-heading\" data-id=\"3725f28\" data-element_type=\"widget\" data-e-type=\"widget\" data-widget_type=\"heading.default\">\n\t\t\t\t\t<h2 class=\"elementor-heading-title elementor-size-medium\"><i><span style=\"font-size: 14pt;, serif\">Dr.Mehmet Fatih Okyay<br>Avrupa ve T\u00fcrk Kurulu Sertifikal\u0131<\/span><\/i><br><i><span style=\"font-size: 14pt;, serif\">Plastik Cerrahi Uzman\u0131<\/span><\/i><\/h2>\t\t\t\t<\/div>\n\t\t\t\t\t<\/div>\n\t\t<\/div>\n\t\t\t\t<div class=\"elementor-column elementor-col-50 elementor-top-column elementor-element elementor-element-b0a5d96\" data-id=\"b0a5d96\" data-element_type=\"column\" data-e-type=\"column\">\n\t\t\t<div class=\"elementor-widget-wrap elementor-element-populated\">\n\t\t\t\t\t\t<div class=\"elementor-element elementor-element-5b9a95b elementor-widget elementor-widget-text-editor\" data-id=\"5b9a95b\" data-element_type=\"widget\" data-e-type=\"widget\" data-widget_type=\"text-editor.default\">\n\t\t\t\t\t\t\t\t\t<p><span style=\"color: #000000;\"><a href=\"https:\/\/www.dr-mfo.com\/tr\/who-is-drmfo\/\">Mehmet Fatih Okyay<\/a>Dr. FEBOPRAS, T\u00fcrk T\u0131pta Uzmanl\u0131k S\u0131nav\u0131&#039;nda d\u00f6neminin 8&#039;incisi oldu.<\/span><\/p><p><span style=\"color: #000000;\">D\u00fcnyaca \u00fcnl\u00fc \u0130stanbul \u00dcniversitesi Cerrahpa\u015fa T\u0131p Fak\u00fcltesi&#039;nde Plastik, Rekonstr\u00fcktif ve Estetik Cerrahi ihtisas\u0131n\u0131 tamamlad\u0131.<\/span><\/p><p><span style=\"color: #000000;\">Avrupa T\u0131p Uzmanlar\u0131 Birli\u011fi taraf\u0131ndan kalite e\u015fde\u011ferli\u011fi a\u00e7\u0131s\u0131ndan verilen Avrupa Plastik, Rekonstr\u00fcktif ve Estetik Cerrahlar Kurulu (FEBOPRAS) \u00d6d\u00fcl\u00fcn\u00fc, 2018, Br\u00fcksel&#039;de Fellow of the European Board of Plastic, Rekonstr\u00fcktif ve Estetik Cerrahlar (FEBOPRAS) \u00f6d\u00fcl\u00fcne lay\u0131k g\u00f6r\u00fcld\u00fc.<\/span><\/p><p><span style=\"color: #000000;\">Bu \u00f6d\u00fcl nedeniyle ayn\u0131 y\u0131l T\u00fcrk Plastik, Rekonstr\u00fcktif ve Estetik Cerrahi Derne\u011fi taraf\u0131ndan T\u00fcrk Plastik, Rekonstr\u00fcktif ve Estetik Cerrahi Derne\u011fi \u00dcyesi (T\u00fcrk Kurulu) \u00f6d\u00fcl\u00fcne de lay\u0131k g\u00f6r\u00fcld\u00fc.<\/span><\/p><p><span style=\"color: #000000;\">1 Haziran 2021 tarihinde Dr. MFO Clinic&#039;i ortak olarak kurdu.<\/span><span style=\"color: #000000;\"><br \/><\/span><\/p><p><span style=\"color: #000000;\">Kariyeri boyunca bir\u00e7ok bilimsel toplant\u0131ya kat\u0131lm\u0131\u015f ve d\u00fczenleme kurullar\u0131nda g\u00f6rev alm\u0131\u015ft\u0131r. Baz\u0131lar\u0131nda konu\u015fmac\u0131 olma f\u0131rsat\u0131 buldu.<\/span><\/p><p><span style=\"color: #000000;\">10 y\u0131ll\u0131k plastik cerrahi tecr\u00fcbesi ile yo\u011fun olarak ilgilenmektedir.\u00a0<\/span><span style=\"color: #000000;\">\u00a0<\/span><span style=\"color: #000000;\"><a href=\"https:\/\/www.dr-mfo.com\/tr\/facelift-surgery\/\">y\u00fcz germe<\/a>burun esteti\u011fi, <a href=\"https:\/\/www.dr-mfo.com\/tr\/ffs-facial-feminization-surgery\/\">y\u00fcz feminizasyonu<\/a> y\u00fcz esteti\u011fi ameliyatlar\u0131, <\/span><span style=\"color: #000000;\"><a href=\"https:\/\/www.dr-mfo.com\/tr\/tummy-tuck-abdominoplastia\/\">Tummy tuck<\/a>, V\u00fccut esteti\u011fi ameliyatlar\u0131nda liposuction, v\u00fccut \u015fekillendirme ve meme esteti\u011fi ameliyatlar\u0131.<\/span><\/p><p><span style=\"color: #000000;\">Uluslararas\u0131 Estetik Cerrahi Derne\u011fi (ISAPS), T\u00fcrk Plastik Cerrahi Derne\u011fi (TSPRAS) ve T\u00fcrk Estetik Plastik Cerrahi Derne\u011fi (TSAPS)&#039;nin daimi \u00fcyesidir.<\/span><\/p><p><span style=\"color: #000000;\">Akademik d\u00fczeyde \u0130ngilizce ve ak\u0131c\u0131 d\u00fczeyde \u0130spanyolca bilmektedir. Ayr\u0131ca orta d\u00fczeyde Frans\u0131zca bilmektedir.<\/span><\/p><p><span style=\"color: #000000;\">S\u00f6z yazar\u0131 ve \u015fairdir, klasik gitar, ney ve elektro gitar \u00e7almaktad\u0131r.<\/span><\/p><p><span style=\"color: #000000;\">O evli ve iki \u00e7ocu\u011fu var.<\/span><\/p>\t\t\t\t\t\t\t\t<\/div>\n\t\t\t\t\t<\/div>\n\t\t<\/div>\n\t\t\t\t\t<\/div>\n\t\t<\/section>\n\t\t\t\t<section class=\"elementor-section elementor-top-section elementor-element elementor-element-b122be9 elementor-section-boxed elementor-section-height-default elementor-section-height-default\" data-id=\"b122be9\" data-element_type=\"section\" data-e-type=\"section\">\n\t\t\t\t\t\t<div class=\"elementor-container elementor-column-gap-default\">\n\t\t\t\t\t<div class=\"elementor-column elementor-col-100 elementor-top-column elementor-element elementor-element-b44ef05\" data-id=\"b44ef05\" data-element_type=\"column\" data-e-type=\"column\">\n\t\t\t<div class=\"elementor-widget-wrap elementor-element-populated\">\n\t\t\t\t\t\t<div class=\"elementor-element elementor-element-cc29b59 elementor-widget elementor-widget-heading\" data-id=\"cc29b59\" data-element_type=\"widget\" data-e-type=\"widget\" data-widget_type=\"heading.default\">\n\t\t\t\t\t<h2 class=\"elementor-heading-title elementor-size-xl\">\u00d6d\u00fcller<\/h2>\t\t\t\t<\/div>\n\t\t\t\t<div class=\"elementor-element elementor-element-5791465 elementor-widget elementor-widget-text-editor\" data-id=\"5791465\" data-element_type=\"widget\" data-e-type=\"widget\" data-widget_type=\"text-editor.default\">\n\t\t\t\t\t\t\t\t\t<p style=\"margin: 0cm 0cm 0cm 18pt; font-size: 12pt; font-family: 'Courier New'; color: #000000; text-indent: -18pt;\"><span style=\"font-family: Verdana, sans-serif; font-size: 10.5pt; color: #000000;\">Avrupa Plastik, Rekonstr\u00fcktif ve Estetik Cerrahi Kurulu \u00dcyesi, Nisan 2018, Br\u00fcksel.<\/span><\/p><p style=\"margin: 0cm; font-size: 12pt; font-family: 'Courier New'; color: #000000;\"><span style=\"font-size: 10.5pt; font-family: Verdana, sans-serif; color: #000000;\">T\u00fcrk Plastik, Rekonstr\u00fcktif ve Estetik Cerrahi Kurulu \u00dcyesi, Nisan 2018, <a href=\"https:\/\/www.dr-mfo.com\/tr\/hidden-paradise-antalya-and-touristic-feautures\/\">antalya<\/a>.<\/span><\/p>\t\t\t\t\t\t\t\t<\/div>\n\t\t\t\t<div class=\"elementor-element elementor-element-4a7911a elementor-widget elementor-widget-heading\" data-id=\"4a7911a\" data-element_type=\"widget\" data-e-type=\"widget\" data-widget_type=\"heading.default\">\n\t\t\t\t\t<h2 class=\"elementor-heading-title elementor-size-xl\">Nesne<\/h2>\t\t\t\t<\/div>\n\t\t\t\t<div class=\"elementor-element elementor-element-cd44ada elementor-widget elementor-widget-text-editor\" data-id=\"cd44ada\" data-element_type=\"widget\" data-e-type=\"widget\" data-widget_type=\"text-editor.default\">\n\t\t\t\t\t\t\t\t\t<p><strong>Okyay MF<\/strong>, K\u00f6m\u00fcrc\u00fc H, Ba\u011fhaki S, Demir\u00f6z A, Ayd\u0131n \u00d6, Arslan H. \u0130ns\u00fclin, Metoprolol ve Deferoksaminin Ya\u011f Greftinin Sa\u011fkal\u0131m\u0131na Etkileri. Estetik Plastik Cerrahi. 2019;43(3):845-852. DOI: 10.1007\/s00266-019-01363-z.<\/p><p><strong>Okyay MF<\/strong>, \u00d6ztermeli A. Metoprolol Dozaj\u0131n\u0131n Ya\u011f Greftinin Sa\u011fkal\u0131m\u0131na Etkisinin De\u011ferlendirilmesi. Estetik Plastik Cerrahi. 22 \u015eubat 2023 doi: 10.1007\/s00266-023-03271-9. Epub bask\u0131dan \u00f6nce. PMID: 36811670.<\/p>\t\t\t\t\t\t\t\t<\/div>\n\t\t\t\t<div class=\"elementor-element elementor-element-ea76dad elementor-widget elementor-widget-heading\" data-id=\"ea76dad\" data-element_type=\"widget\" data-e-type=\"widget\" data-widget_type=\"heading.default\">\n\t\t\t\t\t<h2 class=\"elementor-heading-title elementor-size-xl\">Dernek \u00dcyelikleri<\/h2>\t\t\t\t<\/div>\n\t\t\t\t<div class=\"elementor-element elementor-element-0d97185 elementor-widget elementor-widget-text-editor\" data-id=\"0d97185\" data-element_type=\"widget\" data-e-type=\"widget\" data-widget_type=\"text-editor.default\">\n\t\t\t\t\t\t\t\t\t<p style=\"margin: 0cm 0cm 0cm 18pt; font-size: 12pt; font-family: 'Courier New'; color: #000000; text-indent: -18pt; text-align: left;\"><span style=\"font-family: Verdana, sans-serif; font-size: 10pt; text-indent: -18pt; color: #000000;\">T\u00fcrk Plastik, Rekonstr\u00fcktif ve Estetik Cerrahi Derne\u011fi, 2018<\/span><\/p><p style=\"margin: 0cm 0cm 0cm 18pt; font-size: 12pt; font-family: 'Courier New'; color: #000000; text-indent: -18pt; text-align: left;\"><span style=\"font-size: 10pt; font-family: Verdana, sans-serif; color: #000000;\">Uluslararas\u0131 Estetik Plastik Cerrahi Derne\u011fi, 2018<\/span><\/p><p style=\"margin: 0cm 0cm 0cm 18pt; font-size: 12pt; font-family: 'Courier New'; color: #000000; text-indent: -18pt; text-align: left;\"><span style=\"font-size: 10pt; font-family: Verdana, sans-serif; color: #000000;\">T\u00fcrk Estetik Plastik Cerrahi Derne\u011fi, 2019<\/span><\/p>\t\t\t\t\t\t\t\t<\/div>\n\t\t\t\t<div class=\"elementor-element elementor-element-acd8d49 elementor-widget elementor-widget-heading\" data-id=\"acd8d49\" data-element_type=\"widget\" data-e-type=\"widget\" data-widget_type=\"heading.default\">\n\t\t\t\t\t<h2 class=\"elementor-heading-title elementor-size-xl\">Kat\u0131ld\u0131\u011f\u0131 Bilimsel Toplant\u0131lar<\/h2>\t\t\t\t<\/div>\n\t\t\t\t<div class=\"elementor-element elementor-element-84504c4 elementor-widget elementor-widget-text-editor\" data-id=\"84504c4\" data-element_type=\"widget\" data-e-type=\"widget\" data-widget_type=\"text-editor.default\">\n\t\t\t\t\t\t\t\t\t<p style=\"margin: 0cm; font-size: 12pt; font-family: 'Courier New'; color: #000000;\"><span style=\"font-size: 10.5pt; font-family: Verdana, sans-serif;\">\u0130stanbul \u00dcniversitesi, Cerrahpa\u015fa T\u0131p Fak\u00fcltesi, Plastik, Rekonstr\u00fcktif ve Estetik Cerrahi, 10. Plastik Cerrahi G\u00fcnleri Sempozyumu, 2013, \u0130stanbul, T\u00dcRK\u0130YE,\u00a0<span style=\"font-weight: bold;\">Organizasyon Komitesi<\/span><\/span><\/p><p style=\"margin: 0cm; font-size: 12pt; font-family: 'Courier New'; color: #000000; text-align: left;\"><span style=\"font-size: 10.5pt; font-family: Verdana, sans-serif; color: #000000;\">\u0130stanbul \u00dcniversitesi, Cerrahpa\u015fa T\u0131p Fak\u00fcltesi, Plastik, Rekonstr\u00fcktif ve Estetik Cerrahi, 11. Plastik Cerrahi G\u00fcnleri Sempozyumu, 2014, \u0130stanbul, T\u00dcRK\u0130YE, <b>Organizasyon Komitesi<\/b><\/span><\/p><p style=\"margin: 0cm; font-size: 12pt; font-family: 'Courier New'; color: #000000; text-align: left;\"><span style=\"font-size: 10pt; font-family: Verdana, sans-serif; color: #000000;\">T\u00fcrk Plastik, Rekonstr\u00fcktif ve Estetik Cerrahi Derne\u011fi, 36. Ulusal Kongresi, 2014, \u0130stanbul, T\u00dcRK\u0130YE, Baghaki S, \u00c7evirme MF, K\u00fc\u00e7\u00fcksucu MA, <b>Okyay MF<\/b>, Y\u0131ld\u0131z TF, Ayd\u0131n Y, Meningomiyelosel Defektlerinde Posterior \u0130nterkostal Arter Tabanl\u0131 Perforat\u00f6r Pervane Flepleri.<\/span><\/p><p style=\"margin: 0cm; font-size: 12pt; font-family: 'Courier New'; color: #000000; text-align: left;\"><span style=\"font-size: 10pt; font-family: Verdana, sans-serif; color: #000000;\">T\u00fcrk Plastik, Rekonstr\u00fcktif ve Estetik Cerrahi Derne\u011fi, 36. Ulusal Kongresi, 2014, \u0130stanbul, T\u00dcRK\u0130YE, \u015eahin U, \u00c7ebi G, \u00c7evirme MF, K\u00fc\u00e7\u00fcksucu MA, Ercan A, <b>Okyay MF<\/b>, Khankishiyev R, Baghaki S. Parasakral ve Gluteal B\u00f6lge Defektlerinde Perforat\u00f6r Flepler.<\/span><\/p><p style=\"margin: 0cm; font-size: 12pt; font-family: 'Courier New'; color: #000000; text-align: left;\"><span style=\"font-size: 10.5pt; font-family: Verdana, sans-serif; color: #000000;\">\u0130stanbul \u00dcniversitesi, Cerrahpa\u015fa T\u0131p Fak\u00fcltesi, Plastik, Rekonstr\u00fcktif ve Estetik Cerrahi, 12. Plastik Cerrahi G\u00fcnleri Sempozyumu, 2015, \u0130stanbul, T\u00dcRK\u0130YE, <b>Organizasyon Komitesi<\/b><\/span><\/p><p style=\"margin: 0cm; font-size: 12pt; font-family: 'Courier New'; color: #000000; text-align: left;\"><span style=\"font-size: 10.5pt; font-family: Verdana, sans-serif; color: #000000;\">\u0130stanbul \u00dcniversitesi, Cerrahpa\u015fa T\u0131p Fak\u00fcltesi, Plastik, Rekonstr\u00fcktif ve Estetik Cerrahi, 13. Plastik Cerrahi G\u00fcnleri Sempozyumu, 2016, \u0130stanbul, T\u00dcRK\u0130YE, <b>Organizasyon Komitesi<\/b><\/span><\/p><p style=\"margin: 0cm; font-size: 12pt; font-family: 'Courier New'; color: #000000; text-align: left;\"><span style=\"color: #000000;\"><span style=\"font-size: 10pt; font-family: Verdana, sans-serif;\">Avrupa Mikrocerrahi Dernekleri Federasyonu Uluslararas\u0131 Kongresi. 2016, Antalya, T\u00dcRK\u0130YE, Demir\u00f6z A, <b>Okyay MF (sunucu olarak),<\/b> Yal\u00e7\u0131n MA, Baghaki S, Arslan H, T\u00fcrkmen A, Ayd\u0131n Y. Anterolateral uyluk serbest flep deneyimimiz.<\/span><b><\/b><\/span><\/p><p style=\"margin: 0cm; font-size: 12pt; font-family: 'Courier New'; color: #000000; text-align: left;\"><span style=\"font-size: 10pt; font-family: Verdana, sans-serif; color: #000000;\">T\u00fcrk Plastik, Rekonstr\u00fcktif ve Estetik Cerrahi Derne\u011fi, 38. Ulusal Kongresi, 2016, Antalya, T\u00dcRK\u0130YE, K\u00f6m\u00fcrc\u00fc H, \u015eahin U, <b>Okyay MF<\/b>, Suleymanov S, Ercan A, Ba\u011fhaki S. K\u00fcbital T\u00fcnel Sendromu Cerrahi Tedavisinde Deneyimlerimiz.<\/span><\/p><p style=\"margin: 0cm; font-size: 12pt; font-family: 'Courier New'; color: #000000; text-align: left;\"><span style=\"font-size: 10pt; font-family: Verdana, sans-serif; color: #000000;\">T\u00fcrk Estetik Plastik Cerrahi Derne\u011fi, 20. Ulusal Kongresi, 2016, \u0130stanbul, T\u00dcRK\u0130YE. <b>Okyay MF<\/b>, Demiroz A, \u015eahin U, \u00c7etinkale O. Bilateral Meme K\u00fc\u00e7\u00fcltme Uygulanan Hastada \u0130nsidental \u0130n Situ Lob\u00fcler Karsinoma: Olgu Sunumu.<\/span><\/p><p style=\"margin: 0cm; font-size: 12pt; font-family: 'Courier New'; color: #000000; text-align: left;\"><span style=\"font-size: 10pt; font-family: Verdana, sans-serif; color: #000000;\">T\u00fcrk Plastik, Rekonstr\u00fcktif ve Estetik Cerrahi Derne\u011fi, 38. Ulusal Kongresi, 2016, Antalya, T\u00dcRK\u0130YE, <b>Okyay MF (sunucu olarak),<\/b> K\u00fc\u00e7\u00fcksucu MA, Ba\u011fhaki S, Demir\u00f6z A, Khankishiyev R, \u015eahin U, K\u00f6m\u00fcrc\u00fc H, S\u00fcleymanov S, Y\u0131ld\u0131z TF, \u00d6ner MB, Da\u011fhan B. Patolojik Tan\u0131? Klinik tan\u0131? Kondroid Siringoma Eski Tan\u0131l\u0131 Hastan\u0131n N\u00fcks\u00fcnde Atipik Yerle\u015fmi\u015f BCC.<\/span><\/p><p style=\"margin: 0cm; font-size: 12pt; font-family: 'Courier New'; color: #000000; text-align: left;\"><span style=\"font-size: 10.5pt; font-family: Verdana, sans-serif; color: #000000;\">\u0130stanbul \u00dcniversitesi, Cerrahpa\u015fa T\u0131p Fak\u00fcltesi, Plastik, Rekonstr\u00fcktif ve Estetik Cerrahi, 14. Plastik Cerrahi G\u00fcnleri Sempozyumu, 2017, \u0130stanbul, T\u00dcRK\u0130YE, <b>Organizasyon<\/b> <b>Kurul<\/b><\/span><\/p><p style=\"margin: 0cm; font-size: 12pt; font-family: 'Courier New'; color: #000000; text-align: left;\"><span style=\"font-size: 10.5pt; font-family: Verdana, sans-serif; color: #000000;\">\u0130stanbul \u00dcniversitesi, Cerrahpa\u015fa T\u0131p Fak\u00fcltesi, Plastik, Rekonstr\u00fcktif ve Estetik Cerrahi, 15. Plastik Cerrahi G\u00fcnleri Sempozyumu, 2018, \u0130stanbul, T\u00dcRK\u0130YE, <b>Organizasyon<\/b> <b>Kurul<\/b><\/span><\/p><p style=\"margin: 0cm; font-size: 12pt; font-family: 'Courier New'; color: #000000; text-align: left;\"><span style=\"color: #000000;\"><span style=\"font-size: 10pt; font-family: Verdana, sans-serif;\">T\u00fcrk Plastik, Rekonstr\u00fcktif ve Estetik Cerrahi Derne\u011fi, 40. Ulusal Kongresi, 2018, Antalya, <\/span><span style=\"font-size: 10.5pt; font-family: Verdana, sans-serif;\">T\u00dcRK\u0130YE<\/span><span style=\"font-size: 10pt; font-family: Verdana, sans-serif;\">, <b>Okyay MF (sunucu olarak),<\/b> K\u00f6m\u00fcrc\u00fc H, Ba\u011fhaki S, Demir\u00f6z A, Ovgu A, Arslan H. <\/span><span style=\"font-size: 10pt; font-family: Verdana, sans-serif;\">\u0130ns\u00fclin, Metoprolol ve Deferoksaminin Ya\u011f Greftinin Sa\u011fkal\u0131m\u0131na Etkileri<\/span><span style=\"font-size: 10pt; font-family: Verdana, sans-serif;\">.<\/span><\/span><\/p><p style=\"margin: 0cm; font-size: 12pt; font-family: 'Courier New'; color: #000000; text-align: left;\"><span style=\"font-size: 10pt; font-family: Verdana, sans-serif; color: #000000;\">T\u00fcrk Plastik, Rekonstr\u00fcktif ve Estetik Cerrahi Derne\u011fi, 44. Ulusal Kongresi, 2022, Antalya, T\u00dcRK\u0130YE, <b>Okyay MF (sunucu olarak),<\/b> Zigomatikomaksiller Kompleks K\u0131r\u0131klar\u0131n\u0131n 3 Boyutlu De\u011ferlendirilmesi.<\/span><\/p>\t\t\t\t\t\t\t\t<\/div>\n\t\t\t\t<div class=\"elementor-element elementor-element-64b61e9 elementor-widget elementor-widget-heading\" data-id=\"64b61e9\" data-element_type=\"widget\" data-e-type=\"widget\" data-widget_type=\"heading.default\">\n\t\t\t\t\t<h2 class=\"elementor-heading-title elementor-size-xl\">Kat\u0131ld\u0131\u011f\u0131 Kurslar<\/h2>\t\t\t\t<\/div>\n\t\t\t\t<div class=\"elementor-element elementor-element-48dbcd5 elementor-widget elementor-widget-text-editor\" data-id=\"48dbcd5\" data-element_type=\"widget\" data-e-type=\"widget\" data-widget_type=\"text-editor.default\">\n\t\t\t\t\t\t\t\t\t<p style=\"margin: 0cm 0cm 0cm 18pt; font-size: 12pt; font-family: 'Courier New'; color: #000000; text-indent: -18pt; text-align: left;\"><span style=\"font-family: Verdana, sans-serif; font-size: 10pt; text-indent: -18pt; color: #000000;\">Deney Hayvan\u0131 Kullan\u0131m Sertifikas\u0131, \u0130stanbul \u00dcniversitesi, 2015<\/span><\/p><p style=\"margin: 0cm 0cm 0cm 18pt; font-size: 12pt; font-family: 'Courier New'; color: #000000; text-indent: -18pt; text-align: left;\"><span style=\"font-size: 10.5pt; font-family: Verdana, sans-serif; color: #000000;\">ISAPS 8. Avrasya Kursu, 2016, \u0130stanbul, T\u00dcRK\u0130YE<\/span><\/p><p style=\"margin: 0cm; font-size: 12pt; font-family: 'Courier New'; color: #000000; text-align: left;\"><span style=\"font-size: 10.5pt; font-family: Verdana, sans-serif; color: #000000;\">27. Temel Mikrocerrahi Kursu 2016, \u0130stanbul, T\u00dcRK\u0130YE<\/span><\/p><p style=\"margin: 0cm; font-size: 12pt; font-family: 'Courier New'; color: #000000; text-align: left;\"><span style=\"color: #000000;\"><span style=\"font-size: 10pt; font-family: Verdana, sans-serif;\">T\u00fcrk Plastik, Rekonstr\u00fcktif ve Estetik Cerrahi Derne\u011fi,<\/span><span style=\"font-size: 10.5pt; font-family: Verdana, sans-serif;\"> 2. Y\u00fcz Esteti\u011fi Kursu, 2016, Ankara, T\u00dcRK\u0130YE<\/span><\/span><\/p><p style=\"margin: 0cm 0cm 0cm 18pt; font-size: 12pt; font-family: 'Courier New'; color: #000000; text-indent: -18pt; text-align: left;\"><span style=\"font-size: 10.5pt; font-family: Verdana, sans-serif; color: #000000;\">ISAPS 9. Avrasya Kursu 2017, \u0130stanbul, T\u00dcRK\u0130YE<\/span><\/p><p style=\"margin: 0cm 0cm 0cm 18pt; font-size: 12pt; font-family: 'Courier New'; color: #000000; text-indent: -18pt; text-align: left;\"><span style=\"font-size: 10.5pt; font-family: Verdana, sans-serif; color: #000000;\"><a href=\"https:\/\/www.dr-mfo.com\/tr\/nose-job-rhinoplasty\/\">Rinoplasti<\/a> Avrupa Toplulu\u011fu Canl\u0131 Cerrahi Kursu, 2017, \u0130stanbul, T\u00dcRK\u0130YE<\/span><\/p><p style=\"margin: 0cm 0cm 0cm 18pt; font-size: 12pt; font-family: 'Courier New'; color: #000000; text-indent: -18pt; text-align: left;\"><span style=\"font-size: 10.5pt; font-family: Verdana, sans-serif; color: #000000;\">ISAPS 10. Avrasya Kursu, 2018, \u0130stanbul, T\u00dcRK\u0130YE<\/span><\/p><p style=\"margin: 0cm 0cm 0cm 18pt; font-size: 12pt; font-family: 'Courier New'; color: #000000; text-indent: -18pt; text-align: left;\"><span style=\"font-size: 10.5pt; font-family: Verdana, sans-serif; color: #000000;\">\u00c7erke\u015f A\u00e7\u0131k Rinoplasti Kursu, 2018, \u0130stanbul, T\u00dcRK\u0130YE<\/span><\/p><p style=\"margin: 0cm; font-size: 12pt; font-family: 'Courier New'; color: #000000; text-align: left;\"><span style=\"font-size: 10pt; font-family: Verdana, sans-serif; color: #000000;\">T\u00fcrk Plastik, Rekonstr\u00fcktif ve Estetik Cerrahi Derne\u011fi, 10. Plastik Cerrahi Uzmanl\u0131k Kursu, 2018, Antalya, T\u00dcRK\u0130YE<\/span><\/p>\t\t\t\t\t\t\t\t<\/div>\n\t\t\t\t\t<\/div>\n\t\t<\/div>\n\t\t\t\t\t<\/div>\n\t\t<\/section>\n\t\t\t\t<\/div>","protected":false},"excerpt":{"rendered":"<p>Dr. MFO Mehmet Fatih Okyay, MDEuropean &amp; Turkish Board CertifiedPlastic Surgery Specialist Mehmet Fatih Okyay, MD, FEBOPRAS ranked 8th in his term in the Turkish Medical Specialization Examination. He completed a Plastic, Reconstructive, and Aesthetic Surgery residency at the world-renowned Istanbul University, Cerrahpa\u015fa Faculty of Medicine. He was awarded as the Fellow of the European [&hellip;]<\/p>\n","protected":false},"author":2,"featured_media":0,"parent":0,"menu_order":0,"comment_status":"closed","ping_status":"closed","template":"","meta":{"_acf_changed":false,"footnotes":""},"class_list":["post-2697","page","type-page","status-publish","hentry"],"acf":[],"_links":{"self":[{"href":"https:\/\/www.dr-mfo.com\/tr\/wp-json\/wp\/v2\/pages\/2697","targetHints":{"allow":["GET"]}}],"collection":[{"href":"https:\/\/www.dr-mfo.com\/tr\/wp-json\/wp\/v2\/pages"}],"about":[{"href":"https:\/\/www.dr-mfo.com\/tr\/wp-json\/wp\/v2\/types\/page"}],"author":[{"embeddable":true,"href":"https:\/\/www.dr-mfo.com\/tr\/wp-json\/wp\/v2\/users\/2"}],"replies":[{"embeddable":true,"href":"https:\/\/www.dr-mfo.com\/tr\/wp-json\/wp\/v2\/comments?post=2697"}],"version-history":[{"count":0,"href":"https:\/\/www.dr-mfo.com\/tr\/wp-json\/wp\/v2\/pages\/2697\/revisions"}],"wp:attachment":[{"href":"https:\/\/www.dr-mfo.com\/tr\/wp-json\/wp\/v2\/media?parent=2697"}],"curies":[{"name":"wp","href":"https:\/\/api.w.org\/{rel}","templated":true}]}}