{"id":2754,"date":"2022-04-17T13:55:26","date_gmt":"2022-04-17T12:55:26","guid":{"rendered":"https:\/\/www.dr-mfo.com\/?page_id=2754"},"modified":"2026-02-22T11:16:36","modified_gmt":"2026-02-22T11:16:36","slug":"yara-izi-tedavisi","status":"publish","type":"page","link":"https:\/\/www.dr-mfo.com\/tr\/scar-treatment\/","title":{"rendered":"Yara ve Leke Tedavisi"},"content":{"rendered":"<div data-elementor-type=\"wp-page\" data-elementor-id=\"2754\" class=\"elementor elementor-2754\">\n\t\t\t\t\t\t<section class=\"elementor-section elementor-top-section elementor-element elementor-element-273f244 elementor-section-boxed elementor-section-height-default elementor-section-height-default\" data-id=\"273f244\" data-element_type=\"section\" data-e-type=\"section\">\n\t\t\t\t\t\t<div class=\"elementor-container elementor-column-gap-default\">\n\t\t\t\t\t<div class=\"elementor-column elementor-col-100 elementor-top-column elementor-element elementor-element-c45f80c\" data-id=\"c45f80c\" data-element_type=\"column\" data-e-type=\"column\">\n\t\t\t<div class=\"elementor-widget-wrap elementor-element-populated\">\n\t\t\t\t\t\t<div class=\"elementor-element elementor-element-43ba320 elementor-widget-divider--view-line elementor-widget elementor-widget-divider\" data-id=\"43ba320\" data-element_type=\"widget\" data-e-type=\"widget\" data-widget_type=\"divider.default\">\n\t\t\t\t\t\t\t<div class=\"elementor-divider\">\n\t\t\t<span class=\"elementor-divider-separator\">\n\t\t\t\t\t\t<\/span>\n\t\t<\/div>\n\t\t\t\t\t\t<\/div>\n\t\t\t\t<div class=\"elementor-element elementor-element-a4361a4 elementor-widget-divider--view-line elementor-widget elementor-widget-divider\" data-id=\"a4361a4\" data-element_type=\"widget\" data-e-type=\"widget\" data-widget_type=\"divider.default\">\n\t\t\t\t\t\t\t<div class=\"elementor-divider\">\n\t\t\t<span class=\"elementor-divider-separator\">\n\t\t\t\t\t\t<\/span>\n\t\t<\/div>\n\t\t\t\t\t\t<\/div>\n\t\t\t\t<div class=\"elementor-element elementor-element-2cd0739 elementor-widget-divider--view-line elementor-widget elementor-widget-divider\" data-id=\"2cd0739\" data-element_type=\"widget\" data-e-type=\"widget\" data-widget_type=\"divider.default\">\n\t\t\t\t\t\t\t<div class=\"elementor-divider\">\n\t\t\t<span class=\"elementor-divider-separator\">\n\t\t\t\t\t\t<\/span>\n\t\t<\/div>\n\t\t\t\t\t\t<\/div>\n\t\t\t\t<div class=\"elementor-element elementor-element-ead1cac elementor-widget-divider--view-line elementor-widget elementor-widget-divider\" data-id=\"ead1cac\" data-element_type=\"widget\" data-e-type=\"widget\" data-widget_type=\"divider.default\">\n\t\t\t\t\t\t\t<div class=\"elementor-divider\">\n\t\t\t<span class=\"elementor-divider-separator\">\n\t\t\t\t\t\t<\/span>\n\t\t<\/div>\n\t\t\t\t\t\t<\/div>\n\t\t\t\t<div class=\"elementor-element elementor-element-e744b64 elementor-widget elementor-widget-image\" data-id=\"e744b64\" data-element_type=\"widget\" data-e-type=\"widget\" data-widget_type=\"image.default\">\n\t\t\t\t\t\t\t\t\t\t\t\t\t\t\t<img decoding=\"async\" src=\"https:\/\/www.dr-mfo.com\/wp-content\/uploads\/elementor\/thumbs\/iz-tedavisi-qd1ltfmd2x0kf1r8o3ck2yabi5ekpd88pr6dynsx7q.jpg\" title=\"iz tedavisi\" alt=\"leke tedavisi\" loading=\"lazy\" \/>\t\t\t\t\t\t\t\t\t\t\t\t\t\t\t<\/div>\n\t\t\t\t<div class=\"elementor-element elementor-element-41f23a9 elementor-widget-divider--view-line elementor-widget elementor-widget-divider\" data-id=\"41f23a9\" data-element_type=\"widget\" data-e-type=\"widget\" data-widget_type=\"divider.default\">\n\t\t\t\t\t\t\t<div class=\"elementor-divider\">\n\t\t\t<span class=\"elementor-divider-separator\">\n\t\t\t\t\t\t<\/span>\n\t\t<\/div>\n\t\t\t\t\t\t<\/div>\n\t\t\t\t<div class=\"elementor-element elementor-element-8ed3905 elementor-widget elementor-widget-heading\" data-id=\"8ed3905\" data-element_type=\"widget\" data-e-type=\"widget\" data-widget_type=\"heading.default\">\n\t\t\t\t\t<h2 class=\"elementor-heading-title elementor-size-xl\">Yara ve Leke Tedavisi<\/h2>\t\t\t\t<\/div>\n\t\t\t\t<div class=\"elementor-element elementor-element-8b23ae8 elementor-widget elementor-widget-text-editor\" data-id=\"8b23ae8\" data-element_type=\"widget\" data-e-type=\"widget\" data-widget_type=\"text-editor.default\">\n\t\t\t\t\t\t\t\t\t<p><span style=\"color: #000000;\">P\u00fcr\u00fczs\u00fcz, \u0131\u015f\u0131lt\u0131l\u0131, lekesiz, homojen ve dolgun bir cilde sahip olmak, g\u00fcn\u00fcm\u00fczde hayranl\u0131kla uygulanan bir\u00e7ok y\u00f6ntem sayesinde art\u0131k hayal de\u011fil.<\/span><\/p>\n<p><span style=\"color: #000000;\">Yara ve leke tedavileri, v\u00fccudun herhangi bir yerindeki mevcut ameliyat, travma, eski yan\u0131k izleri, d\u00f6vme izleri ve lekelerin giderilmesi i\u00e7in uygulanan nanofat gibi k\u00f6k h\u00fccre i\u00e7erikli uygulamalar\u0131, uygun uygulamalar\u0131n belirlenmesini veya DNA par\u00e7ac\u0131klar\u0131 gibi bir\u00e7ok uygulama t\u00fcr\u00fcn\u00fcn kombinasyonunu i\u00e7erir. mezoterapi, PRP ve radyofrekans.&nbsp;<\/span><\/p>\n<p><span style=\"color: #000000;\">\u00d6zellikle eski yaralanmalara ba\u011fl\u0131 kesi ve yan\u0131k izleri modern tekniklerin geli\u015fmesiyle b\u00fcy\u00fck \u00f6l\u00e7\u00fcde d\u00fczeltilebilmektedir. Genellikle iki seansta ciltte olu\u015fan yara ve lekelerin yakla\u015f\u0131k 70-80%&#039;si giderilebilmektedir. \u00c7o\u011fu zaman ayn\u0131 g\u00fcn sosyal hayata d\u00f6nmek m\u00fcmk\u00fcnd\u00fcr.<\/span><\/p>\n<p><span style=\"color: #000000;\">T\u00fcm y\u00f6ntemler hakk\u0131nda detayl\u0131 bilgi almak ve size en uygun tekni\u011fi belirlemek i\u00e7in doktorunuza dan\u0131\u015f\u0131n.<\/span><\/p>\t\t\t\t\t\t\t\t<\/div>\n\t\t\t\t<div class=\"elementor-element elementor-element-b60de56 elementor-widget elementor-widget-heading\" data-id=\"b60de56\" data-element_type=\"widget\" data-e-type=\"widget\" data-widget_type=\"heading.default\">\n\t\t\t\t\t<h2 class=\"elementor-heading-title elementor-size-large\">Hangi durumlarda uygulan\u0131r?<\/h2>\t\t\t\t<\/div>\n\t\t\t\t<div class=\"elementor-element elementor-element-2076863 elementor-widget elementor-widget-text-editor\" data-id=\"2076863\" data-element_type=\"widget\" data-e-type=\"widget\" data-widget_type=\"text-editor.default\">\n\t\t\t\t\t\t\t\t\t<ul><li><span style=\"color: #000000;\">Yan\u0131k, kesi, sivilce, ameliyat, jilet vb. yara izleri<\/span><\/li><li><span style=\"color: #000000;\">Cilt lekeleri<\/span><\/li><li><span style=\"color: #000000;\">Eski travmalar\u0131n izleri<\/span><\/li><li><span style=\"color: #000000;\">Hafif cilt sarkmas\u0131<\/span><\/li><li><span style=\"color: #000000;\">G\u00f6z alt\u0131 morluklar\u0131<\/span><\/li><li><span style=\"color: #000000;\">Ciltte \u00e7ukurla\u015fma ve kontur deformiteleri<\/span><\/li><li><span style=\"color: #000000;\">G\u00f6z \u00e7evresinde, al\u0131nda ve burunda k\u0131r\u0131\u015f\u0131kl\u0131klar<\/span><\/li><li><span style=\"color: #000000;\">Boyun ve a\u011f\u0131z \u00e7evresinde k\u0131r\u0131\u015f\u0131kl\u0131klar<\/span><\/li><\/ul>\t\t\t\t\t\t\t\t<\/div>\n\t\t\t\t\t<\/div>\n\t\t<\/div>\n\t\t\t\t\t<\/div>\n\t\t<\/section>\n\t\t\t\t<\/div>","protected":false},"excerpt":{"rendered":"<p>Scar and Spot Treatment Having a smooth, glowing, spotless, homogeneous and plump skin is no longer a dream thanks to many methods applied with admiration today. Scar and stain treatments include applications with stem cell content such as nanofat applied to remove existing surgery, trauma, old burn scars, tattoo marks and stains in any part [&hellip;]<\/p>\n","protected":false},"author":2,"featured_media":0,"parent":0,"menu_order":0,"comment_status":"closed","ping_status":"closed","template":"","meta":{"_acf_changed":false,"footnotes":""},"class_list":["post-2754","page","type-page","status-publish","hentry"],"acf":[],"_links":{"self":[{"href":"https:\/\/www.dr-mfo.com\/tr\/wp-json\/wp\/v2\/pages\/2754","targetHints":{"allow":["GET"]}}],"collection":[{"href":"https:\/\/www.dr-mfo.com\/tr\/wp-json\/wp\/v2\/pages"}],"about":[{"href":"https:\/\/www.dr-mfo.com\/tr\/wp-json\/wp\/v2\/types\/page"}],"author":[{"embeddable":true,"href":"https:\/\/www.dr-mfo.com\/tr\/wp-json\/wp\/v2\/users\/2"}],"replies":[{"embeddable":true,"href":"https:\/\/www.dr-mfo.com\/tr\/wp-json\/wp\/v2\/comments?post=2754"}],"version-history":[{"count":0,"href":"https:\/\/www.dr-mfo.com\/tr\/wp-json\/wp\/v2\/pages\/2754\/revisions"}],"wp:attachment":[{"href":"https:\/\/www.dr-mfo.com\/tr\/wp-json\/wp\/v2\/media?parent=2754"}],"curies":[{"name":"wp","href":"https:\/\/api.w.org\/{rel}","templated":true}]}}