{"id":2926,"date":"2022-05-02T12:21:01","date_gmt":"2022-05-02T11:21:01","guid":{"rendered":"https:\/\/www.dr-mfo.com\/?page_id=2926"},"modified":"2026-04-25T12:41:02","modified_gmt":"2026-04-25T11:41:02","slug":"kedi-gozu-ameliyati","status":"publish","type":"page","link":"https:\/\/www.dr-mfo.com\/tr\/cat-eyes-surgery\/","title":{"rendered":"Kedi G\u00f6zleri"},"content":{"rendered":"<div data-elementor-type=\"wp-page\" data-elementor-id=\"2926\" class=\"elementor elementor-2926\">\n\t\t\t\t\t\t<section class=\"elementor-section elementor-top-section elementor-element elementor-element-9d726c2 elementor-section-boxed elementor-section-height-default elementor-section-height-default\" data-id=\"9d726c2\" data-element_type=\"section\" data-e-type=\"section\">\n\t\t\t\t\t\t<div class=\"elementor-container elementor-column-gap-default\">\n\t\t\t\t\t<div class=\"elementor-column elementor-col-100 elementor-top-column elementor-element elementor-element-b831747\" data-id=\"b831747\" data-element_type=\"column\" data-e-type=\"column\">\n\t\t\t<div class=\"elementor-widget-wrap elementor-element-populated\">\n\t\t\t\t\t\t<div class=\"elementor-element elementor-element-a7a13a0 elementor-widget-divider--view-line elementor-widget elementor-widget-divider\" data-id=\"a7a13a0\" data-element_type=\"widget\" data-e-type=\"widget\" data-widget_type=\"divider.default\">\n\t\t\t\t\t\t\t<div class=\"elementor-divider\">\n\t\t\t<span class=\"elementor-divider-separator\">\n\t\t\t\t\t\t<\/span>\n\t\t<\/div>\n\t\t\t\t\t\t<\/div>\n\t\t\t\t<div class=\"elementor-element elementor-element-aa9d076 elementor-widget-divider--view-line elementor-widget elementor-widget-divider\" data-id=\"aa9d076\" data-element_type=\"widget\" data-e-type=\"widget\" data-widget_type=\"divider.default\">\n\t\t\t\t\t\t\t<div class=\"elementor-divider\">\n\t\t\t<span class=\"elementor-divider-separator\">\n\t\t\t\t\t\t<\/span>\n\t\t<\/div>\n\t\t\t\t\t\t<\/div>\n\t\t\t\t<div class=\"elementor-element elementor-element-d0b5e7b elementor-widget-divider--view-line elementor-widget elementor-widget-divider\" data-id=\"d0b5e7b\" data-element_type=\"widget\" data-e-type=\"widget\" data-widget_type=\"divider.default\">\n\t\t\t\t\t\t\t<div class=\"elementor-divider\">\n\t\t\t<span class=\"elementor-divider-separator\">\n\t\t\t\t\t\t<\/span>\n\t\t<\/div>\n\t\t\t\t\t\t<\/div>\n\t\t\t\t<div class=\"elementor-element elementor-element-9bb1c7c elementor-widget-divider--view-line elementor-widget elementor-widget-divider\" data-id=\"9bb1c7c\" data-element_type=\"widget\" data-e-type=\"widget\" data-widget_type=\"divider.default\">\n\t\t\t\t\t\t\t<div class=\"elementor-divider\">\n\t\t\t<span class=\"elementor-divider-separator\">\n\t\t\t\t\t\t<\/span>\n\t\t<\/div>\n\t\t\t\t\t\t<\/div>\n\t\t\t\t<div class=\"elementor-element elementor-element-6d6f0c4 elementor-widget elementor-widget-image\" data-id=\"6d6f0c4\" data-element_type=\"widget\" data-e-type=\"widget\" data-widget_type=\"image.default\">\n\t\t\t\t\t\t\t\t\t\t\t\t\t\t\t<img decoding=\"async\" src=\"https:\/\/www.dr-mfo.com\/wp-content\/uploads\/elementor\/thumbs\/Cat-Eyes-qd1ludgjwyaw10e36hz4kpqww0rsegykuenv8meqzq.jpg\" title=\"Tilki G\u00f6z Cerrahisi\" alt=\"Kedi G\u00f6z Ameliyat\u0131\" loading=\"lazy\" \/>\t\t\t\t\t\t\t\t\t\t\t\t\t\t\t<\/div>\n\t\t\t\t<div class=\"elementor-element elementor-element-e223fc2 elementor-widget-divider--view-line elementor-widget elementor-widget-divider\" data-id=\"e223fc2\" data-element_type=\"widget\" data-e-type=\"widget\" data-widget_type=\"divider.default\">\n\t\t\t\t\t\t\t<div class=\"elementor-divider\">\n\t\t\t<span class=\"elementor-divider-separator\">\n\t\t\t\t\t\t<\/span>\n\t\t<\/div>\n\t\t\t\t\t\t<\/div>\n\t\t\t\t<div class=\"elementor-element elementor-element-6edff3c elementor-widget elementor-widget-heading\" data-id=\"6edff3c\" data-element_type=\"widget\" data-e-type=\"widget\" data-widget_type=\"heading.default\">\n\t\t\t\t\t<h2 class=\"elementor-heading-title elementor-size-xl\">Kedi G\u00f6z\u00fc Ameliyat\u0131<\/h2>\t\t\t\t<\/div>\n\t\t\t\t<div class=\"elementor-element elementor-element-ebeedcc elementor-widget elementor-widget-text-editor\" data-id=\"ebeedcc\" data-element_type=\"widget\" data-e-type=\"widget\" data-widget_type=\"text-editor.default\">\n\t\t\t\t\t\t\t\t\t<p><span style=\"color: #000000;\">Y\u00fcz g\u00fczelli\u011fimizi ve estetik g\u00f6r\u00fcn\u00fcm\u00fcm\u00fcz\u00fc etkileyen en \u00f6nemli fakt\u00f6rlerden biri <a href=\"https:\/\/www.dr-mfo.com\/tr\/which-female-face-shape-is-most-attractive\/\">\u00e7ekici<\/a> bak\u0131\u015flar. Badem g\u00f6z esteti\u011fi ile ortaya \u00e7\u0131kan hafif \u00e7ekik ve iri g\u00f6z aray\u0131\u015f\u0131, zamanla ka\u015f kald\u0131rma, \u015fakak kald\u0131rma ve orta y\u00fcz germenin de eklenmesiyle kedi ya da tilki g\u00f6z\u00fc olarak adland\u0131r\u0131lmaya ba\u015fland\u0131.<\/span><\/p><p><span style=\"color: #000000;\">Kedi g\u00f6z\u00fc ameliyat\u0131, \u00e7ekici bir g\u00f6r\u00fcn\u00fcme sahip olmak isteyen hem erkekler hem de kad\u0131nlar taraf\u0131ndan giderek daha fazla talep g\u00f6rmektedir. Tilki veya kedi g\u00f6z\u00fc ameliyat\u0131 sayesinde \u00fcst y\u00fcz ve orta y\u00fcz germe ayn\u0131 anda yap\u0131labilmekte, ayn\u0131 anda gen\u00e7le\u015ftirme, g\u00fczelle\u015fme ve \u00e7ekici g\u00f6r\u00fcn\u00fcmler elde edilebilmektedir.<\/span><\/p><p><span style=\"color: #000000;\">G\u00fcn\u00fcm\u00fczde d\u00fc\u015f\u00fck g\u00f6z kapaklar\u0131ndan, uykulu ve yorgun g\u00f6r\u00fcn\u00fcmden kurtulmak, gen\u00e7, dinamik ve \u00e7ekici g\u00f6r\u00fcn\u00fcmlere ula\u015fmak i\u00e7in kedi veya tilki g\u00f6z\u00fc ameliyat\u0131 alt\u0131n standart haline geliyor.<\/span><\/p>\t\t\t\t\t\t\t\t<\/div>\n\t\t\t\t<div class=\"elementor-element elementor-element-cb758c9 elementor-widget elementor-widget-heading\" data-id=\"cb758c9\" data-element_type=\"widget\" data-e-type=\"widget\" data-widget_type=\"heading.default\">\n\t\t\t\t\t<h2 class=\"elementor-heading-title elementor-size-large\">Hangi durumlarda uygulan\u0131r?<\/h2>\t\t\t\t<\/div>\n\t\t\t\t<div class=\"elementor-element elementor-element-7cde0eb elementor-widget elementor-widget-text-editor\" data-id=\"7cde0eb\" data-element_type=\"widget\" data-e-type=\"widget\" data-widget_type=\"text-editor.default\">\n\t\t\t\t\t\t\t\t\t<ul><li><span style=\"color: #000000;\">Sark\u0131k g\u00f6z kapa\u011f\u0131<\/span><\/li><li><span style=\"color: #000000;\">Uykulu g\u00f6r\u00fcn\u00fcm<\/span><\/li><li><span style=\"color: #000000;\">Yorgun bakan g\u00f6zler<\/span><\/li><li><span style=\"color: #000000;\">D\u00fc\u015f\u00fck ka\u015f<\/span><\/li><li><span style=\"color: #000000;\">Orta y\u00fcz ve d\u00fc\u015f\u00fck yanaklar<\/span><\/li><li><span style=\"color: #000000;\">Cerrahi planlama<\/span><\/li><\/ul><p><span style=\"color: #000000;\">Kedi g\u00f6z\u00fc ameliyat\u0131 s\u00fcreci doktor kons\u00fcltasyonu s\u0131ras\u0131nda yap\u0131lan \u00e7izim ile ba\u015flar. Ameliyat \u00f6ncesi cerrahi planlama i\u00e7in \u00e7izim yap\u0131larak planlanan ka\u015f seviyesi, g\u00f6z kapaklar\u0131, g\u00f6z\u00fcn olas\u0131 \u015fekli, seviyesi ve ameliyat sonunda beklenen yerle\u015fimi belirlenir.<\/span><\/p><p><span style=\"color: #000000;\">Detayl\u0131 cerrahi planlama, sa\u011flam cerrahi ve iyi postoperatif bak\u0131m ile haftalar i\u00e7inde b\u00fcy\u00fck de\u011fi\u015fime ula\u015fmak m\u00fcmk\u00fcnd\u00fcr.<\/span><\/p><p><span style=\"color: #000000;\">Son y\u0131llar\u0131n en pop\u00fcler estetik cerrahi i\u015flemlerinden biri olan kedi g\u00f6z\u00fc veya tilki g\u00f6z\u00fc ameliyat\u0131 memnuniyet oran\u0131 y\u00fcksek bir uygulamad\u0131r. Ka\u015flar\u0131 d\u00fc\u015f\u00fck, g\u00f6z kapaklar\u0131 d\u00fc\u015f\u00fck, uykulu ve yorgun g\u00f6r\u00fcn\u00fcme sahip, yanaklar\u0131 d\u00fc\u015f\u00fck olan ki\u015filerde \u00e7ekici ve din\u00e7 bir g\u00f6r\u00fcn\u00fcm i\u00e7in ideal bir \u00e7\u00f6z\u00fcm sunabilir ve tatmin edici sonu\u00e7lar verir.<\/span><\/p>\t\t\t\t\t\t\t\t<\/div>\n\t\t\t\t<div class=\"elementor-element elementor-element-a3040c2 elementor-widget elementor-widget-heading\" data-id=\"a3040c2\" data-element_type=\"widget\" data-e-type=\"widget\" data-widget_type=\"heading.default\">\n\t\t\t\t\t<h2 class=\"elementor-heading-title elementor-size-large\">Ameliyattan \u00f6nce<\/h2>\t\t\t\t<\/div>\n\t\t\t\t<div class=\"elementor-element elementor-element-9a63628 elementor-widget elementor-widget-text-editor\" data-id=\"9a63628\" data-element_type=\"widget\" data-e-type=\"widget\" data-widget_type=\"text-editor.default\">\n\t\t\t\t\t\t\t\t\t<p><span style=\"color: #000000;\">Uzman bir plastik cerrah taraf\u0131ndan yap\u0131lmas\u0131 gereken kedi g\u00f6z\u00fc ameliyat\u0131 \u00f6ncesinde dikkat edilmesi gereken baz\u0131 durumlar bulunmaktad\u0131r. <a href=\"https:\/\/www.dr-mfo.com\/tr\/\">Cerrah<\/a>. Ki\u015filerin doktor muayenesi s\u0131ras\u0131nda beklentilerini ve be\u011fenilerini dile getirmeleri gerekmektedir. Kons\u00fcltasyon s\u0131ras\u0131nda ka\u015f y\u00fcksekli\u011fi, yerle\u015fimi, \u015fekli, \u015fakak b\u00f6lgesine uzan\u0131m\u0131, ka\u015f asimetrisi, yanak d\u00fc\u015f\u00fckl\u00fc\u011f\u00fc, g\u00f6z kapaklar\u0131 gibi fakt\u00f6rler dikkate al\u0131n\u0131r. Operasyon s\u00fcreci, teknik bilgiler ve i\u015flem sonras\u0131 s\u00fcre\u00e7 hakk\u0131nda detayl\u0131 bilgiler hastalara aktar\u0131l\u0131r. Simetrik ve do\u011fal g\u00f6r\u00fcnmesi gereken ka\u015f, g\u00f6z ve yanak b\u00f6lgeleri ki\u015finin y\u00fcz hatlar\u0131yla uyumlu olmal\u0131d\u0131r. <a href=\"https:\/\/www.dr-mfo.com\/tr\/who-is-drmfo\/\">Dr.MFO<\/a> isteklerinizi anatominize g\u00f6re de\u011ferlendirerek neler yap\u0131labilece\u011fi konusunda size hayallerinize giden heyecan verici bir yol g\u00f6sterecektir.<\/span><\/p><p><span style=\"color: #000000;\">T\u00fcm cerrahi operasyonlarda oldu\u011fu gibi v\u00fccuttaki oksijen seviyesini azaltarak doku iyile\u015fmesine zarar veren ve enfeksiyon riskini art\u0131ran ba\u015fta sigara olmak \u00fczere t\u00fct\u00fcn ve t\u00fct\u00fcn \u00fcr\u00fcnlerinin t\u00fcketimi kedi g\u00f6z\u00fc ameliyat\u0131 \u00f6ncesinde durdurulmal\u0131d\u0131r. Bu s\u00fcre ameliyattan \u00f6nceki 2-4 haftay\u0131 kapsar.<\/span><\/p><p><span style=\"color: #000000;\">Operasyondan \u00f6nceki 7-10 g\u00fcn i\u00e7erisinde kan suland\u0131r\u0131c\u0131 ila\u00e7lar, vitaminler ve bitkisel ila\u00e7lar kullan\u0131lmamal\u0131d\u0131r. Bilinen ek hastal\u0131klar\u0131n\u0131z ve d\u00fczenli olarak kulland\u0131\u011f\u0131n\u0131z ila\u00e7lar\u0131n\u0131z varsa bunlar\u0131 cerrah\u0131n\u0131zla payla\u015fmal\u0131s\u0131n\u0131z. E\u011fer \u00f6zel bir sa\u011fl\u0131k probleminiz yoksa operasyon g\u00fcn\u00fc yap\u0131lan analiz ile operasyona uygun olup olmad\u0131\u011f\u0131n\u0131za karar verilebilir. T\u00fcm bu kriterlerin kar\u015f\u0131lanmas\u0131n\u0131n ard\u0131ndan fiziksel g\u00f6r\u00fcn\u00fcm\u00fcne dikkat eden, hem sosyal hem de ruhsal olarak iyi hissetmek isteyenlerin favori operasyonu ba\u015far\u0131yla uygulan\u0131yor.<\/span><\/p>\t\t\t\t\t\t\t\t<\/div>\n\t\t\t\t<div class=\"elementor-element elementor-element-e7b309b elementor-widget elementor-widget-heading\" data-id=\"e7b309b\" data-element_type=\"widget\" data-e-type=\"widget\" data-widget_type=\"heading.default\">\n\t\t\t\t\t<h2 class=\"elementor-heading-title elementor-size-large\">Ameliyat g\u00fcn\u00fc dikkat edilmesi gerekenler<\/h2>\t\t\t\t<\/div>\n\t\t\t\t<div class=\"elementor-element elementor-element-dce5b94 elementor-widget elementor-widget-text-editor\" data-id=\"dce5b94\" data-element_type=\"widget\" data-e-type=\"widget\" data-widget_type=\"text-editor.default\">\n\t\t\t\t\t\t\t\t\t<p><span style=\"color: #000000;\">Ameliyat sonras\u0131 d\u00f6nem i\u00e7in rahat k\u0131yafetler getirilmesi \u00f6nemlidir. Ayr\u0131ca operasyondan bir g\u00fcn \u00f6nce antibakteriyel sabunla \u0131l\u0131k du\u015f al\u0131nmas\u0131 tavsiye edilir.<\/span><\/p><p><span style=\"color: #000000;\">G\u0131da takviyeleriniz, bitkisel ila\u00e7lar\u0131n\u0131z, bitki \u00e7aylar\u0131n\u0131z, bilinen ek hastal\u0131klar\u0131n\u0131z veya d\u00fczenli olarak kulland\u0131\u011f\u0131n\u0131z ila\u00e7lar\u0131n\u0131z varsa bunlar\u0131 cerrah\u0131n\u0131z ve ekibiyle payla\u015fmal\u0131s\u0131n\u0131z. E\u011fer \u00f6zel bir sa\u011fl\u0131k probleminiz yoksa operasyon g\u00fcn\u00fc yap\u0131lan analiz ile operasyona uygun olup olmad\u0131\u011f\u0131n\u0131za karar verilebilir.<\/span><\/p>\t\t\t\t\t\t\t\t<\/div>\n\t\t\t\t<div class=\"elementor-element elementor-element-fcd1958 elementor-widget elementor-widget-heading\" data-id=\"fcd1958\" data-element_type=\"widget\" data-e-type=\"widget\" data-widget_type=\"heading.default\">\n\t\t\t\t\t<h2 class=\"elementor-heading-title elementor-size-large\">Ameliyattan sonra<\/h2>\t\t\t\t<\/div>\n\t\t\t\t<div class=\"elementor-element elementor-element-21fee00 elementor-widget elementor-widget-text-editor\" data-id=\"21fee00\" data-element_type=\"widget\" data-e-type=\"widget\" data-widget_type=\"text-editor.default\">\n\t\t\t\t\t\t\t\t\t<p><span style=\"color: #000000;\">Ameliyattan sonraki birka\u00e7 g\u00fcn i\u00e7erisinde g\u00fcnl\u00fck i\u015flerinizi yapmaya ba\u015flayabilirsiniz. Ayn\u0131 \u015fekilde ki\u015filerin a\u011fr\u0131 e\u015fi\u011fine ba\u011fl\u0131 olarak ilk g\u00fcn bile ofis i\u015flerine d\u00f6nebilirsiniz. \u0130kinci g\u00fcn operasyon alan\u0131 dahil olmak \u00fczere du\u015f alabilirsiniz. Operasyondan sonraki ilk hafta a\u011f\u0131r aktivitelerden ka\u00e7\u0131n\u0131lmal\u0131d\u0131r.<\/span><\/p><p><span style=\"color: #000000;\">Genellikle operasyondan sonraki \u00fc\u00e7\u00fcnc\u00fc g\u00fcnde cerrah\u0131n\u0131z taraf\u0131ndan yap\u0131lacak detayl\u0131 kontrol de sizi sonu\u00e7lar hakk\u0131nda bilgilendirecektir.<\/span><\/p><p><span style=\"color: #000000;\">\u0130lk haftan\u0131n sonunda hafif tempolu y\u00fcr\u00fcy\u00fc\u015f gibi spor aktiviteleri yap\u0131labilir. \u00dc\u00e7\u00fcnc\u00fc hafta itibariyle spor hayat\u0131n\u0131za tamamen d\u00f6nebilirsiniz.<\/span><\/p>\t\t\t\t\t\t\t\t<\/div>\n\t\t\t\t<div class=\"elementor-element elementor-element-05ec7b8 elementor-widget elementor-widget-image\" data-id=\"05ec7b8\" data-element_type=\"widget\" data-e-type=\"widget\" data-widget_type=\"image.default\">\n\t\t\t\t\t\t\t\t\t\t\t\t\t\t\t<img fetchpriority=\"high\" decoding=\"async\" width=\"298\" height=\"300\" src=\"https:\/\/www.dr-mfo.com\/wp-content\/uploads\/2022\/04\/fore-head-first-298x300.jpg\" class=\"attachment-medium size-medium wp-image-2423\" alt=\"Bir ki\u015finin aln\u0131na nazik\u00e7e bir el konulmu\u015f halde y\u00fcz\u00fcn\u00fcn yak\u0131n \u00e7ekim g\u00f6r\u00fcnt\u00fcs\u00fc, muhtemelen t\u0131bbi bir muayene veya tedaviyi g\u00f6stermektedir.\" srcset=\"https:\/\/www.dr-mfo.com\/wp-content\/uploads\/2022\/04\/fore-head-first-298x300.jpg.avif 298w, https:\/\/www.dr-mfo.com\/wp-content\/uploads\/2022\/04\/fore-head-first-150x150.jpg.avif 150w, https:\/\/www.dr-mfo.com\/wp-content\/uploads\/2022\/04\/fore-head-first-768x773.jpg.avif 768w, https:\/\/www.dr-mfo.com\/wp-content\/uploads\/2022\/04\/fore-head-first.jpg.avif 974w\" sizes=\"(max-width: 298px) 100vw, 298px\" \/>\t\t\t\t\t\t\t\t\t\t\t\t\t\t\t<\/div>\n\t\t\t\t\t<\/div>\n\t\t<\/div>\n\t\t\t\t\t<\/div>\n\t\t<\/section>\n\t\t\t\t<\/div>","protected":false},"excerpt":{"rendered":"<p>Cat Eyes Surgery One of the most important factors affecting our facial beauty and aesthetic appearance is attractive looks. The search for slightly slanting and large eyes, which emerged with almond eye aesthetics, started to be called cat or fox eye with the addition of eyebrow lift, temple lift, and mid-face lift over time. Cat [&hellip;]<\/p>\n","protected":false},"author":2,"featured_media":0,"parent":0,"menu_order":0,"comment_status":"closed","ping_status":"closed","template":"","meta":{"_acf_changed":false,"footnotes":""},"class_list":["post-2926","page","type-page","status-publish","hentry"],"acf":[],"_links":{"self":[{"href":"https:\/\/www.dr-mfo.com\/tr\/wp-json\/wp\/v2\/pages\/2926","targetHints":{"allow":["GET"]}}],"collection":[{"href":"https:\/\/www.dr-mfo.com\/tr\/wp-json\/wp\/v2\/pages"}],"about":[{"href":"https:\/\/www.dr-mfo.com\/tr\/wp-json\/wp\/v2\/types\/page"}],"author":[{"embeddable":true,"href":"https:\/\/www.dr-mfo.com\/tr\/wp-json\/wp\/v2\/users\/2"}],"replies":[{"embeddable":true,"href":"https:\/\/www.dr-mfo.com\/tr\/wp-json\/wp\/v2\/comments?post=2926"}],"version-history":[{"count":7,"href":"https:\/\/www.dr-mfo.com\/tr\/wp-json\/wp\/v2\/pages\/2926\/revisions"}],"predecessor-version":[{"id":27735,"href":"https:\/\/www.dr-mfo.com\/tr\/wp-json\/wp\/v2\/pages\/2926\/revisions\/27735"}],"wp:attachment":[{"href":"https:\/\/www.dr-mfo.com\/tr\/wp-json\/wp\/v2\/media?parent=2926"}],"curies":[{"name":"wp","href":"https:\/\/api.w.org\/{rel}","templated":true}]}}